{"id":28652,"date":"2019-09-06T13:33:30","date_gmt":"2019-09-06T13:33:30","guid":{"rendered":"https:\/\/bien-etreiris.ch\/wohlbefinden\/basische-produkte-p-jentschura\/morgen-stund\/souffle-aux-pommes\/"},"modified":"2019-09-07T17:16:01","modified_gmt":"2019-09-07T17:16:01","slug":"morgenstund-apfelauflauf","status":"publish","type":"page","link":"https:\/\/bien-etreiris.ch\/de\/produktpraesentation\/natuerliche-heilmittel\/saeure-basen-haushalt\/morgen-stund\/morgenstund-apfelauflauf\/","title":{"rendered":"APFELAUFLAUF"},"content":{"rendered":"\n<h2 class=\"wp-block-heading\"> <br> <br>MorgenStund' Apfelauflauf  <\/h2>\n\n\n<p><a href=\"https:\/\/decoiris.ch\/wp-content\/uploads\/2019\/09\/Souffl\u00e9-AlcaMatin-aux-pommes-innen.jpg\"><img loading=\"lazy\" decoding=\"async\" class=\"alignnone wp-image-28119 size-full\" src=\"https:\/\/decoiris.ch\/wp-content\/uploads\/2019\/09\/Souffl\u00e9-AlcaMatin-aux-pommes-innen.jpg\" alt=\"\" width=\"820\" height=\"687\" srcset=\"https:\/\/bien-etreiris.ch\/wp-content\/uploads\/2019\/09\/Souffl\u00e9-AlcaMatin-aux-pommes-innen.jpg 820w, https:\/\/bien-etreiris.ch\/wp-content\/uploads\/2019\/09\/Souffl\u00e9-AlcaMatin-aux-pommes-innen-300x251.jpg 300w, https:\/\/bien-etreiris.ch\/wp-content\/uploads\/2019\/09\/Souffl\u00e9-AlcaMatin-aux-pommes-innen-768x643.jpg 768w\" sizes=\"auto, (max-width: 820px) 100vw, 820px\" \/><\/a><\/p>\n<h4 class=\"headline\"><strong>Zutaten Zutaten f\u00fcr 2 \u2013 3 Portionen<\/strong><\/h4>\n<table class=\"tablesaw tablesaw-stack table-recipe\" data-tablesaw-mode=\"stack\">\n<tbody>\n<tr>\n<td class=\"value\">100 g<\/td>\n<td class=\"ingredient\" data-sr-id=\"1\">MorgenStund'<\/td>\n<\/tr>\n<tr>\n<td class=\"value\">180 ml<\/td>\n<td class=\"ingredient\" data-sr-id=\"3\">Haferdrink<\/td>\n<\/tr>\n<tr>\n<td class=\"value\">180 ml<\/td>\n<td class=\"ingredient\" data-sr-id=\"4\">Wasser<\/td>\n<\/tr>\n<tr>\n<td class=\"value\">&nbsp;<\/td>\n<td class=\"ingredient\" data-sr-id=\"5\">Zimt oder Vanille<\/td>\n<\/tr>\n<tr>\n<td class=\"value\">2 (250 \u2013 280 g)<\/td>\n<td class=\"ingredient\" data-sr-id=\"6\">gro\u00dfe \u00c4pfel z. B. Elstar, Braeburn oder Jonagold<\/td>\n<\/tr>\n<tr>\n<td class=\"value\">6 (50 g)<\/td>\n<td class=\"ingredient\" data-sr-id=\"7\">Softaprikosen<\/td>\n<\/tr>\n<tr>\n<td class=\"value\">2 \u2013 3 EL<\/td>\n<td class=\"ingredient\" data-sr-id=\"8\">Haseln\u00fcsse, gehobelt<\/td>\n<\/tr>\n<tr>\n<td class=\"value\">&nbsp;<\/td>\n<td class=\"ingredient\" data-sr-id=\"9\">etwas Zitronensaft<\/td>\n<\/tr>\n<tr>\n<td class=\"value\">2<\/td>\n<td class=\"ingredient\" data-sr-id=\"10\">Eier<\/td>\n<\/tr>\n<tr>\n<td class=\"value\">&nbsp;<\/td>\n<td class=\"ingredient\" data-sr-id=\"11\">Fett f\u00fcr die Form<\/td>\n<\/tr>\n<\/tbody>\n<\/table>\n<p>&nbsp;<\/p>\n<div class=\"recipe-preparation\">\n<div class=\"recipe-preparation\">\n<h4 class=\"headline\"><strong>Zubereitung<\/strong><\/h4>\n<p>MorgenStund' mit Haferdrink, Wasser, Zimt oder Vanille unter R\u00fchren aufkochen und bei geringer Hitze 1 \u2013 2 Minuten k\u00f6cheln lassen.<\/p>\n<p>Vom Herd nehmen und abk\u00fchlen lassen. \u00c4pfel waschen, entkernen und klein schneiden. Aprikosen zerkleinern. Alles in eine Sch\u00fcssel geben, mit Haseln\u00fcssen und Zitronensaft vermischen. Die Eier trennen und die Eigelbe mit dem erkalteten MorgenStund' vermischen. Die Eiwei\u00dfe steif schlagen und unterheben.<\/p>\n<p>Eine Auflaufform einfetten und die H\u00e4lfte von MorgenStund' in die Form f\u00fcllen. Nun die H\u00e4lfte des Apfelgemisches, dann wieder MorgenStund' und darauf den Rest der \u00c4pfel verteilen.<\/p>\n<p>Den Backofen auf 180 \u00b0C vorheizen. Den MorgenStund' Apfelauflauf im Backofen auf mittlerer Schiene ca. 30 \u2013 40 Minuten backen, bis er goldbraun ist.<\/p>\n<\/div>\n<\/div>","protected":false},"excerpt":{"rendered":"<p>MorgenStund' Apfelauflauf Zutaten Zutaten f\u00fcr 2 \u2013 3 Portionen 100 g MorgenStund' 180 ml Haferdrink 180 ml Wasser &nbsp; Zimt oder Vanille 2 (250 \u2013 280 g) gro\u00dfe \u00c4pfel z. B. Elstar, Braeburn oder Jonagold 6 (50 g) Softaprikosen 2 \u2013 3 EL Haseln\u00fcsse, gehobelt &nbsp; etwas Zitronensaft 2 Eier &nbsp; Fett f\u00fcr die Form &nbsp; Zubereitung MorgenStund' mit Haferdrink,&nbsp;<a href=\"https:\/\/bien-etreiris.ch\/de\/produktpraesentation\/natuerliche-heilmittel\/saeure-basen-haushalt\/morgen-stund\/morgenstund-apfelauflauf\/\" class=\"read-more\">Weiter lesen<\/a><\/p>\n","protected":false},"author":1,"featured_media":28072,"parent":13696,"menu_order":7336,"comment_status":"closed","ping_status":"closed","template":"page-with-child.php","meta":{"_acf_changed":false,"ngg_post_thumbnail":0,"footnotes":""},"class_list":["post-28652","page","type-page","status-publish","has-post-thumbnail","hentry"],"acf":[],"yoast_head":"<!-- This site is optimized with the Yoast SEO plugin v27.6 - https:\/\/yoast.com\/product\/yoast-seo-wordpress\/ -->\n<title>APFELAUFLAUF - WOHLBEFINDEN<\/title>\n<meta name=\"robots\" content=\"index, follow, max-snippet:-1, max-image-preview:large, max-video-preview:-1\" \/>\n<link rel=\"canonical\" href=\"https:\/\/bien-etreiris.ch\/de\/produktpraesentation\/natuerliche-heilmittel\/saeure-basen-haushalt\/morgen-stund\/morgenstund-apfelauflauf\/\" \/>\n<meta property=\"og:locale\" content=\"de_DE\" \/>\n<meta property=\"og:type\" content=\"article\" \/>\n<meta property=\"og:title\" content=\"APFELAUFLAUF - WOHLBEFINDEN\" \/>\n<meta property=\"og:description\" content=\"MorgenStund&#039; Apfelauflauf Zutaten Zutaten f\u00fcr 2 \u2013 3 Portionen 100 g MorgenStund&#039; 180 ml Haferdrink 180 ml Wasser &nbsp; Zimt oder Vanille 2 (250 \u2013 280 g) gro\u00dfe \u00c4pfel z. B. Elstar, Braeburn oder Jonagold 6 (50 g) Softaprikosen 2 \u2013 3 EL Haseln\u00fcsse, gehobelt &nbsp; etwas Zitronensaft 2 Eier &nbsp; Fett f\u00fcr die Form &nbsp; Zubereitung MorgenStund&#039; mit Haferdrink,&nbsp;Weiter lesen\" \/>\n<meta property=\"og:url\" content=\"https:\/\/bien-etreiris.ch\/de\/produktpraesentation\/natuerliche-heilmittel\/saeure-basen-haushalt\/morgen-stund\/morgenstund-apfelauflauf\/\" \/>\n<meta property=\"og:site_name\" content=\"WOHLBEFINDEN\" \/>\n<meta property=\"article:publisher\" content=\"https:\/\/www.facebook.com\/bienetreiris\/\" \/>\n<meta property=\"article:modified_time\" content=\"2019-09-07T17:16:01+00:00\" \/>\n<meta property=\"og:image\" content=\"https:\/\/bien-etreiris.ch\/wp-content\/uploads\/2019\/09\/Souffl\u00e9-AlcaMatin-aux-pommes.jpg\" \/>\n\t<meta property=\"og:image:width\" content=\"550\" \/>\n\t<meta property=\"og:image:height\" content=\"367\" \/>\n\t<meta property=\"og:image:type\" content=\"image\/jpeg\" \/>\n<meta name=\"twitter:label1\" content=\"Gesch\u00e4tzte Lesezeit\" \/>\n\t<meta name=\"twitter:data1\" content=\"1\u00a0Minute\" \/>\n<script type=\"application\/ld+json\" class=\"yoast-schema-graph\">{\"@context\":\"https:\\\/\\\/schema.org\",\"@graph\":[{\"@type\":\"WebPage\",\"@id\":\"https:\\\/\\\/bien-etreiris.ch\\\/de\\\/produktpraesentation\\\/natuerliche-heilmittel\\\/saeure-basen-haushalt\\\/morgen-stund\\\/morgenstund-apfelauflauf\\\/\",\"url\":\"https:\\\/\\\/bien-etreiris.ch\\\/de\\\/produktpraesentation\\\/natuerliche-heilmittel\\\/saeure-basen-haushalt\\\/morgen-stund\\\/morgenstund-apfelauflauf\\\/\",\"name\":\"APFELAUFLAUF - WOHLBEFINDEN\",\"isPartOf\":{\"@id\":\"https:\\\/\\\/bien-etreiris.ch\\\/de\\\/#website\"},\"primaryImageOfPage\":{\"@id\":\"https:\\\/\\\/bien-etreiris.ch\\\/de\\\/produktpraesentation\\\/natuerliche-heilmittel\\\/saeure-basen-haushalt\\\/morgen-stund\\\/morgenstund-apfelauflauf\\\/#primaryimage\"},\"image\":{\"@id\":\"https:\\\/\\\/bien-etreiris.ch\\\/de\\\/produktpraesentation\\\/natuerliche-heilmittel\\\/saeure-basen-haushalt\\\/morgen-stund\\\/morgenstund-apfelauflauf\\\/#primaryimage\"},\"thumbnailUrl\":\"https:\\\/\\\/bien-etreiris.ch\\\/wp-content\\\/uploads\\\/2019\\\/09\\\/Souffl\u00e9-AlcaMatin-aux-pommes.jpg\",\"datePublished\":\"2019-09-06T13:33:30+00:00\",\"dateModified\":\"2019-09-07T17:16:01+00:00\",\"breadcrumb\":{\"@id\":\"https:\\\/\\\/bien-etreiris.ch\\\/de\\\/produktpraesentation\\\/natuerliche-heilmittel\\\/saeure-basen-haushalt\\\/morgen-stund\\\/morgenstund-apfelauflauf\\\/#breadcrumb\"},\"inLanguage\":\"de\",\"potentialAction\":[{\"@type\":\"ReadAction\",\"target\":[\"https:\\\/\\\/bien-etreiris.ch\\\/de\\\/produktpraesentation\\\/natuerliche-heilmittel\\\/saeure-basen-haushalt\\\/morgen-stund\\\/morgenstund-apfelauflauf\\\/\"]}]},{\"@type\":\"ImageObject\",\"inLanguage\":\"de\",\"@id\":\"https:\\\/\\\/bien-etreiris.ch\\\/de\\\/produktpraesentation\\\/natuerliche-heilmittel\\\/saeure-basen-haushalt\\\/morgen-stund\\\/morgenstund-apfelauflauf\\\/#primaryimage\",\"url\":\"https:\\\/\\\/bien-etreiris.ch\\\/wp-content\\\/uploads\\\/2019\\\/09\\\/Souffl\u00e9-AlcaMatin-aux-pommes.jpg\",\"contentUrl\":\"https:\\\/\\\/bien-etreiris.ch\\\/wp-content\\\/uploads\\\/2019\\\/09\\\/Souffl\u00e9-AlcaMatin-aux-pommes.jpg\",\"width\":550,\"height\":367},{\"@type\":\"BreadcrumbList\",\"@id\":\"https:\\\/\\\/bien-etreiris.ch\\\/de\\\/produktpraesentation\\\/natuerliche-heilmittel\\\/saeure-basen-haushalt\\\/morgen-stund\\\/morgenstund-apfelauflauf\\\/#breadcrumb\",\"itemListElement\":[{\"@type\":\"ListItem\",\"position\":1,\"name\":\"Home\",\"item\":\"https:\\\/\\\/bien-etreiris.ch\\\/de\\\/\"},{\"@type\":\"ListItem\",\"position\":2,\"name\":\"PRODUKTPR\u00c4SENTATION\",\"item\":\"https:\\\/\\\/bien-etreiris.ch\\\/de\\\/produktpraesentation\\\/\"},{\"@type\":\"ListItem\",\"position\":3,\"name\":\"NAT\u00dcRLICHE HEILMITTEL\",\"item\":\"https:\\\/\\\/bien-etreiris.ch\\\/de\\\/produktpraesentation\\\/natuerliche-heilmittel\\\/\"},{\"@type\":\"ListItem\",\"position\":4,\"name\":\"S\u00c4URE-BASEN-HAUSHALT\",\"item\":\"https:\\\/\\\/bien-etreiris.ch\\\/de\\\/produktpraesentation\\\/natuerliche-heilmittel\\\/saeure-basen-haushalt\\\/\"},{\"@type\":\"ListItem\",\"position\":5,\"name\":\"MORGEN STUND\",\"item\":\"https:\\\/\\\/bien-etreiris.ch\\\/de\\\/produktpraesentation\\\/natuerliche-heilmittel\\\/saeure-basen-haushalt\\\/morgen-stund\\\/\"},{\"@type\":\"ListItem\",\"position\":6,\"name\":\"APFELAUFLAUF\"}]},{\"@type\":\"WebSite\",\"@id\":\"https:\\\/\\\/bien-etreiris.ch\\\/de\\\/#website\",\"url\":\"https:\\\/\\\/bien-etreiris.ch\\\/de\\\/\",\"name\":\"Bien-\u00eatre Iris\",\"description\":\"IHRE Gesundheit ist uns wichtig\",\"potentialAction\":[{\"@type\":\"SearchAction\",\"target\":{\"@type\":\"EntryPoint\",\"urlTemplate\":\"https:\\\/\\\/bien-etreiris.ch\\\/de\\\/?s={search_term_string}\"},\"query-input\":{\"@type\":\"PropertyValueSpecification\",\"valueRequired\":true,\"valueName\":\"search_term_string\"}}],\"inLanguage\":\"de\"}]}<\/script>\n<!-- \/ Yoast SEO plugin. -->","yoast_head_json":{"title":"APFELAUFLAUF - WOHLBEFINDEN","robots":{"index":"index","follow":"follow","max-snippet":"max-snippet:-1","max-image-preview":"max-image-preview:large","max-video-preview":"max-video-preview:-1"},"canonical":"https:\/\/bien-etreiris.ch\/de\/produktpraesentation\/natuerliche-heilmittel\/saeure-basen-haushalt\/morgen-stund\/morgenstund-apfelauflauf\/","og_locale":"de_DE","og_type":"article","og_title":"APFELAUFLAUF - WOHLBEFINDEN","og_description":"MorgenStund' Apfelauflauf Zutaten Zutaten f\u00fcr 2 \u2013 3 Portionen 100 g MorgenStund' 180 ml Haferdrink 180 ml Wasser &nbsp; Zimt oder Vanille 2 (250 \u2013 280 g) gro\u00dfe \u00c4pfel z. B. Elstar, Braeburn oder Jonagold 6 (50 g) Softaprikosen 2 \u2013 3 EL Haseln\u00fcsse, gehobelt &nbsp; etwas Zitronensaft 2 Eier &nbsp; Fett f\u00fcr die Form &nbsp; Zubereitung MorgenStund' mit Haferdrink,&nbsp;Weiter lesen","og_url":"https:\/\/bien-etreiris.ch\/de\/produktpraesentation\/natuerliche-heilmittel\/saeure-basen-haushalt\/morgen-stund\/morgenstund-apfelauflauf\/","og_site_name":"WOHLBEFINDEN","article_publisher":"https:\/\/www.facebook.com\/bienetreiris\/","article_modified_time":"2019-09-07T17:16:01+00:00","og_image":[{"width":550,"height":367,"url":"https:\/\/bien-etreiris.ch\/wp-content\/uploads\/2019\/09\/Souffl\u00e9-AlcaMatin-aux-pommes.jpg","type":"image\/jpeg"}],"twitter_misc":{"Gesch\u00e4tzte Lesezeit":"1\u00a0Minute"},"schema":{"@context":"https:\/\/schema.org","@graph":[{"@type":"WebPage","@id":"https:\/\/bien-etreiris.ch\/de\/produktpraesentation\/natuerliche-heilmittel\/saeure-basen-haushalt\/morgen-stund\/morgenstund-apfelauflauf\/","url":"https:\/\/bien-etreiris.ch\/de\/produktpraesentation\/natuerliche-heilmittel\/saeure-basen-haushalt\/morgen-stund\/morgenstund-apfelauflauf\/","name":"APFELAUFLAUF - WOHLBEFINDEN","isPartOf":{"@id":"https:\/\/bien-etreiris.ch\/de\/#website"},"primaryImageOfPage":{"@id":"https:\/\/bien-etreiris.ch\/de\/produktpraesentation\/natuerliche-heilmittel\/saeure-basen-haushalt\/morgen-stund\/morgenstund-apfelauflauf\/#primaryimage"},"image":{"@id":"https:\/\/bien-etreiris.ch\/de\/produktpraesentation\/natuerliche-heilmittel\/saeure-basen-haushalt\/morgen-stund\/morgenstund-apfelauflauf\/#primaryimage"},"thumbnailUrl":"https:\/\/bien-etreiris.ch\/wp-content\/uploads\/2019\/09\/Souffl\u00e9-AlcaMatin-aux-pommes.jpg","datePublished":"2019-09-06T13:33:30+00:00","dateModified":"2019-09-07T17:16:01+00:00","breadcrumb":{"@id":"https:\/\/bien-etreiris.ch\/de\/produktpraesentation\/natuerliche-heilmittel\/saeure-basen-haushalt\/morgen-stund\/morgenstund-apfelauflauf\/#breadcrumb"},"inLanguage":"de","potentialAction":[{"@type":"ReadAction","target":["https:\/\/bien-etreiris.ch\/de\/produktpraesentation\/natuerliche-heilmittel\/saeure-basen-haushalt\/morgen-stund\/morgenstund-apfelauflauf\/"]}]},{"@type":"ImageObject","inLanguage":"de","@id":"https:\/\/bien-etreiris.ch\/de\/produktpraesentation\/natuerliche-heilmittel\/saeure-basen-haushalt\/morgen-stund\/morgenstund-apfelauflauf\/#primaryimage","url":"https:\/\/bien-etreiris.ch\/wp-content\/uploads\/2019\/09\/Souffl\u00e9-AlcaMatin-aux-pommes.jpg","contentUrl":"https:\/\/bien-etreiris.ch\/wp-content\/uploads\/2019\/09\/Souffl\u00e9-AlcaMatin-aux-pommes.jpg","width":550,"height":367},{"@type":"BreadcrumbList","@id":"https:\/\/bien-etreiris.ch\/de\/produktpraesentation\/natuerliche-heilmittel\/saeure-basen-haushalt\/morgen-stund\/morgenstund-apfelauflauf\/#breadcrumb","itemListElement":[{"@type":"ListItem","position":1,"name":"Home","item":"https:\/\/bien-etreiris.ch\/de\/"},{"@type":"ListItem","position":2,"name":"PRODUKTPR\u00c4SENTATION","item":"https:\/\/bien-etreiris.ch\/de\/produktpraesentation\/"},{"@type":"ListItem","position":3,"name":"NAT\u00dcRLICHE HEILMITTEL","item":"https:\/\/bien-etreiris.ch\/de\/produktpraesentation\/natuerliche-heilmittel\/"},{"@type":"ListItem","position":4,"name":"S\u00c4URE-BASEN-HAUSHALT","item":"https:\/\/bien-etreiris.ch\/de\/produktpraesentation\/natuerliche-heilmittel\/saeure-basen-haushalt\/"},{"@type":"ListItem","position":5,"name":"MORGEN STUND","item":"https:\/\/bien-etreiris.ch\/de\/produktpraesentation\/natuerliche-heilmittel\/saeure-basen-haushalt\/morgen-stund\/"},{"@type":"ListItem","position":6,"name":"APFELAUFLAUF"}]},{"@type":"WebSite","@id":"https:\/\/bien-etreiris.ch\/de\/#website","url":"https:\/\/bien-etreiris.ch\/de\/","name":"Bien-\u00eatre Iris","description":"IHRE Gesundheit ist uns wichtig","potentialAction":[{"@type":"SearchAction","target":{"@type":"EntryPoint","urlTemplate":"https:\/\/bien-etreiris.ch\/de\/?s={search_term_string}"},"query-input":{"@type":"PropertyValueSpecification","valueRequired":true,"valueName":"search_term_string"}}],"inLanguage":"de"}]}},"_links":{"self":[{"href":"https:\/\/bien-etreiris.ch\/de\/wp-json\/wp\/v2\/pages\/28652","targetHints":{"allow":["GET"]}}],"collection":[{"href":"https:\/\/bien-etreiris.ch\/de\/wp-json\/wp\/v2\/pages"}],"about":[{"href":"https:\/\/bien-etreiris.ch\/de\/wp-json\/wp\/v2\/types\/page"}],"author":[{"embeddable":true,"href":"https:\/\/bien-etreiris.ch\/de\/wp-json\/wp\/v2\/users\/1"}],"replies":[{"embeddable":true,"href":"https:\/\/bien-etreiris.ch\/de\/wp-json\/wp\/v2\/comments?post=28652"}],"version-history":[{"count":3,"href":"https:\/\/bien-etreiris.ch\/de\/wp-json\/wp\/v2\/pages\/28652\/revisions"}],"predecessor-version":[{"id":28658,"href":"https:\/\/bien-etreiris.ch\/de\/wp-json\/wp\/v2\/pages\/28652\/revisions\/28658"}],"up":[{"embeddable":true,"href":"https:\/\/bien-etreiris.ch\/de\/wp-json\/wp\/v2\/pages\/13696"}],"wp:featuredmedia":[{"embeddable":true,"href":"https:\/\/bien-etreiris.ch\/de\/wp-json\/wp\/v2\/media\/28072"}],"wp:attachment":[{"href":"https:\/\/bien-etreiris.ch\/de\/wp-json\/wp\/v2\/media?parent=28652"}],"curies":[{"name":"wp","href":"https:\/\/api.w.org\/{rel}","templated":true}]}}