{"id":28621,"date":"2019-09-06T13:47:11","date_gmt":"2019-09-06T13:47:11","guid":{"rendered":"https:\/\/bien-etreiris.ch\/wohlbefinden\/basische-produkte-p-jentschura\/morgen-stund\/gratin-de-crepes-alcamatin\/"},"modified":"2019-09-07T16:29:55","modified_gmt":"2019-09-07T16:29:55","slug":"susser-morgenstund-pfannkuchenauflauf","status":"publish","type":"page","link":"https:\/\/bien-etreiris.ch\/de\/produktpraesentation\/natuerliche-heilmittel\/saeure-basen-haushalt\/morgen-stund\/susser-morgenstund-pfannkuchenauflauf\/","title":{"rendered":"PFANNKUCHENAUFLAUF"},"content":{"rendered":"\n<h2 class=\"wp-block-heading\"> <br>S\u00fc\u00dfer MorgenStund\u2018 Pfannkuchenauflauf <\/h2>\n\n\n<p><a href=\"https:\/\/decoiris.ch\/wp-content\/uploads\/2019\/09\/Gratin-de-cr\u00eapes-AlcaMatin-innen.jpg\"><img loading=\"lazy\" decoding=\"async\" class=\"alignnone wp-image-28127 size-full\" src=\"https:\/\/decoiris.ch\/wp-content\/uploads\/2019\/09\/Gratin-de-cr\u00eapes-AlcaMatin-innen.jpg\" alt=\"\" width=\"820\" height=\"687\" srcset=\"https:\/\/bien-etreiris.ch\/wp-content\/uploads\/2019\/09\/Gratin-de-cr\u00eapes-AlcaMatin-innen.jpg 820w, https:\/\/bien-etreiris.ch\/wp-content\/uploads\/2019\/09\/Gratin-de-cr\u00eapes-AlcaMatin-innen-300x251.jpg 300w, https:\/\/bien-etreiris.ch\/wp-content\/uploads\/2019\/09\/Gratin-de-cr\u00eapes-AlcaMatin-innen-768x643.jpg 768w\" sizes=\"auto, (max-width: 820px) 100vw, 820px\" \/><\/a><\/p>\n<h4 class=\"headline\"><strong>Zutaten f\u00fcr 6 \u2013 8 St\u00fcck, \u00d8 der Pfanne etwa 20 cm, Auflaufform: 20 x 30 cm<\/strong><\/h4>\n<table class=\"tablesaw tablesaw-stack table-recipe\" data-tablesaw-mode=\"stack\">\n<tbody>\n<tr class=\"recipe-table-heading\">\n<td colspan=\"2\"><strong>Pfannkuchen<\/strong><\/td>\n<\/tr>\n<tr>\n<td class=\"value\">85 g<\/td>\n<td class=\"ingredient\" data-sr-id=\"1\">MorgenStund'<\/td>\n<\/tr>\n<tr>\n<td class=\"value\">85 g<\/td>\n<td class=\"ingredient\" data-sr-id=\"3\">Buchweizenvollkornmehl<\/td>\n<\/tr>\n<tr>\n<td class=\"value\">250 ml<\/td>\n<td class=\"ingredient\" data-sr-id=\"4\">Haferdrink<\/td>\n<\/tr>\n<tr>\n<td class=\"value\">2<\/td>\n<td class=\"ingredient\" data-sr-id=\"5\">Eier<\/td>\n<\/tr>\n<tr>\n<td class=\"value\">1 TL<\/td>\n<td class=\"ingredient\" data-sr-id=\"6\">Weinsteinbackpulver<\/td>\n<\/tr>\n<tr>\n<td class=\"value\">1 TL<\/td>\n<td class=\"ingredient\" data-sr-id=\"7\">Agavendicksaft<\/td>\n<\/tr>\n<tr>\n<td class=\"value\">1 Prs<\/td>\n<td class=\"ingredient\" data-sr-id=\"8\">Salz<\/td>\n<\/tr>\n<tr>\n<td class=\"value\">&nbsp;<\/td>\n<td class=\"ingredient\" data-sr-id=\"9\">Bio-Brat\u00f6l oder Kokosfett zum Ausbacken<\/td>\n<\/tr>\n<tr class=\"recipe-table-heading\">\n<td colspan=\"2\"><strong>F\u00fcllung<\/strong><\/td>\n<\/tr>\n<tr>\n<td class=\"value\">1,5 EL<\/td>\n<td class=\"ingredient\" data-sr-id=\"10\">Goldleinsamen, geschrotet<\/td>\n<\/tr>\n<tr>\n<td class=\"value\">100 ml<\/td>\n<td class=\"ingredient\" data-sr-id=\"11\">Haferdrink<\/td>\n<\/tr>\n<tr>\n<td class=\"value\">70 g<\/td>\n<td class=\"ingredient\" data-sr-id=\"12\">Rote Gr\u00fctze<\/td>\n<\/tr>\n<tr class=\"recipe-table-heading\">\n<td colspan=\"2\"><strong>Guss<\/strong><\/td>\n<\/tr>\n<tr>\n<td class=\"value\">2<\/td>\n<td class=\"ingredient\" data-sr-id=\"13\">Eier<\/td>\n<\/tr>\n<tr>\n<td class=\"value\">150 ml<\/td>\n<td class=\"ingredient\" data-sr-id=\"14\">Sahne oder Sojasahne<\/td>\n<\/tr>\n<tr>\n<td class=\"value\">&nbsp;<\/td>\n<td class=\"ingredient\" data-sr-id=\"15\">Vanillepulver gemahlen<\/td>\n<\/tr>\n<tr>\n<td class=\"value\">50 g<\/td>\n<td class=\"ingredient\" data-sr-id=\"16\">Haseln\u00fcsse, gehackt<\/td>\n<\/tr>\n<tr>\n<td class=\"value\">50 g<\/td>\n<td class=\"ingredient\" data-sr-id=\"17\">Zartbitterschokolade, gerieben<\/td>\n<\/tr>\n<\/tbody>\n<\/table>\n<p>&nbsp;<\/p>\n<div class=\"recipe-preparation\">\n<div class=\"recipe-preparation\">\n<h4 class=\"headline\"><strong>Zubereitung<\/strong><\/h4>\n<p>Den Backofen auf 200\u00b0 C vorheizen und eine Auflaufform einfetten.<\/p>\n<p>Die Goldleinsamen in den Haferdrink einr\u00fchren und f\u00fcr die ersten 10 Minuten mehrmals umr\u00fchren. Den Teig einige Zeit quellen lassen. Ist der Teig zu dickfl\u00fcssig, kann noch Milch nachgeben werden.<\/p>\n<p>MorgenStund' in einem Standmixer zu Mehl vermahlen und zusammen mit allen anderen Zutaten in eine R\u00fchrsch\u00fcssel geben. Alles mit einem Mixer gut verr\u00fchren. Den Teig f\u00fcr 10 \u2013 20 Minuten stehen lassen. Die Pfannkuchen in einer Pfanne ausbacken und abk\u00fchlen lassen. Den gequollenen Leinsamen mit der Roten Gr\u00fctze verr\u00fchren, auf die Pfannkuchen geben, aufrollen und in eine Auflaufform legen. Die restliche Rote Gr\u00fctze in der Form verteilen. Nach Belieben k\u00f6nnen noch frische Fr\u00fcchte in den Pfannkuchen aufgerollt oder in der Form verteilt werden.<\/p>\n<p>F\u00fcr den Guss die Eier mit der Sahne und der Vanille verr\u00fchren und \u00fcber die Pfannkuchen gie\u00dfen. Mit den gehackten Haseln\u00fcssen und der Schokolade bestreuen und auf der mittleren Schiene etwa 20 Minuten backen.<\/p>\n<\/div>\n<\/div>","protected":false},"excerpt":{"rendered":"<p>S\u00fc\u00dfer MorgenStund\u2018 Pfannkuchenauflauf Zutaten f\u00fcr 6 \u2013 8 St\u00fcck, \u00d8 der Pfanne etwa 20 cm, Auflaufform: 20 x 30 cm Pfannkuchen 85 g MorgenStund' 85 g Buchweizenvollkornmehl 250 ml Haferdrink 2 Eier 1 TL Weinsteinbackpulver 1 TL Agavendicksaft 1 Prs Salz &nbsp; Bio-Brat\u00f6l oder Kokosfett zum Ausbacken F\u00fcllung 1,5 EL Goldleinsamen, geschrotet 100 ml Haferdrink 70 g Rote Gr\u00fctze Guss&nbsp;<a href=\"https:\/\/bien-etreiris.ch\/de\/produktpraesentation\/natuerliche-heilmittel\/saeure-basen-haushalt\/morgen-stund\/susser-morgenstund-pfannkuchenauflauf\/\" class=\"read-more\">Weiter lesen<\/a><\/p>\n","protected":false},"author":1,"featured_media":28063,"parent":13696,"menu_order":7333,"comment_status":"closed","ping_status":"closed","template":"page-with-child.php","meta":{"_acf_changed":false,"ngg_post_thumbnail":0,"footnotes":""},"class_list":["post-28621","page","type-page","status-publish","has-post-thumbnail","hentry"],"acf":[],"yoast_head":"<!-- This site is optimized with the Yoast SEO plugin v27.5 - https:\/\/yoast.com\/product\/yoast-seo-wordpress\/ -->\n<title>PFANNKUCHENAUFLAUF - WOHLBEFINDEN<\/title>\n<meta name=\"robots\" content=\"index, follow, max-snippet:-1, max-image-preview:large, max-video-preview:-1\" \/>\n<link rel=\"canonical\" href=\"https:\/\/bien-etreiris.ch\/de\/produktpraesentation\/natuerliche-heilmittel\/saeure-basen-haushalt\/morgen-stund\/susser-morgenstund-pfannkuchenauflauf\/\" \/>\n<meta property=\"og:locale\" content=\"de_DE\" \/>\n<meta property=\"og:type\" content=\"article\" \/>\n<meta property=\"og:title\" content=\"PFANNKUCHENAUFLAUF - WOHLBEFINDEN\" \/>\n<meta property=\"og:description\" content=\"S\u00fc\u00dfer MorgenStund\u2018 Pfannkuchenauflauf Zutaten f\u00fcr 6 \u2013 8 St\u00fcck, \u00d8 der Pfanne etwa 20 cm, Auflaufform: 20 x 30 cm Pfannkuchen 85 g MorgenStund&#039; 85 g Buchweizenvollkornmehl 250 ml Haferdrink 2 Eier 1 TL Weinsteinbackpulver 1 TL Agavendicksaft 1 Prs Salz &nbsp; Bio-Brat\u00f6l oder Kokosfett zum Ausbacken F\u00fcllung 1,5 EL Goldleinsamen, geschrotet 100 ml Haferdrink 70 g Rote Gr\u00fctze Guss&nbsp;Weiter lesen\" \/>\n<meta property=\"og:url\" content=\"https:\/\/bien-etreiris.ch\/de\/produktpraesentation\/natuerliche-heilmittel\/saeure-basen-haushalt\/morgen-stund\/susser-morgenstund-pfannkuchenauflauf\/\" \/>\n<meta property=\"og:site_name\" content=\"WOHLBEFINDEN\" \/>\n<meta property=\"article:publisher\" content=\"https:\/\/www.facebook.com\/bienetreiris\/\" \/>\n<meta property=\"article:modified_time\" content=\"2019-09-07T16:29:55+00:00\" \/>\n<meta property=\"og:image\" content=\"https:\/\/bien-etreiris.ch\/wp-content\/uploads\/2019\/09\/Gratin-de-cr\u00eapes-AlcaMatin.jpg\" \/>\n\t<meta property=\"og:image:width\" content=\"550\" \/>\n\t<meta property=\"og:image:height\" content=\"367\" \/>\n\t<meta property=\"og:image:type\" content=\"image\/jpeg\" \/>\n<meta name=\"twitter:label1\" content=\"Gesch\u00e4tzte Lesezeit\" \/>\n\t<meta name=\"twitter:data1\" content=\"1\u00a0Minute\" \/>\n<script type=\"application\/ld+json\" class=\"yoast-schema-graph\">{\"@context\":\"https:\\\/\\\/schema.org\",\"@graph\":[{\"@type\":\"WebPage\",\"@id\":\"https:\\\/\\\/bien-etreiris.ch\\\/de\\\/produktpraesentation\\\/natuerliche-heilmittel\\\/saeure-basen-haushalt\\\/morgen-stund\\\/susser-morgenstund-pfannkuchenauflauf\\\/\",\"url\":\"https:\\\/\\\/bien-etreiris.ch\\\/de\\\/produktpraesentation\\\/natuerliche-heilmittel\\\/saeure-basen-haushalt\\\/morgen-stund\\\/susser-morgenstund-pfannkuchenauflauf\\\/\",\"name\":\"PFANNKUCHENAUFLAUF - WOHLBEFINDEN\",\"isPartOf\":{\"@id\":\"https:\\\/\\\/bien-etreiris.ch\\\/de\\\/#website\"},\"primaryImageOfPage\":{\"@id\":\"https:\\\/\\\/bien-etreiris.ch\\\/de\\\/produktpraesentation\\\/natuerliche-heilmittel\\\/saeure-basen-haushalt\\\/morgen-stund\\\/susser-morgenstund-pfannkuchenauflauf\\\/#primaryimage\"},\"image\":{\"@id\":\"https:\\\/\\\/bien-etreiris.ch\\\/de\\\/produktpraesentation\\\/natuerliche-heilmittel\\\/saeure-basen-haushalt\\\/morgen-stund\\\/susser-morgenstund-pfannkuchenauflauf\\\/#primaryimage\"},\"thumbnailUrl\":\"https:\\\/\\\/bien-etreiris.ch\\\/wp-content\\\/uploads\\\/2019\\\/09\\\/Gratin-de-cr\u00eapes-AlcaMatin.jpg\",\"datePublished\":\"2019-09-06T13:47:11+00:00\",\"dateModified\":\"2019-09-07T16:29:55+00:00\",\"breadcrumb\":{\"@id\":\"https:\\\/\\\/bien-etreiris.ch\\\/de\\\/produktpraesentation\\\/natuerliche-heilmittel\\\/saeure-basen-haushalt\\\/morgen-stund\\\/susser-morgenstund-pfannkuchenauflauf\\\/#breadcrumb\"},\"inLanguage\":\"de\",\"potentialAction\":[{\"@type\":\"ReadAction\",\"target\":[\"https:\\\/\\\/bien-etreiris.ch\\\/de\\\/produktpraesentation\\\/natuerliche-heilmittel\\\/saeure-basen-haushalt\\\/morgen-stund\\\/susser-morgenstund-pfannkuchenauflauf\\\/\"]}]},{\"@type\":\"ImageObject\",\"inLanguage\":\"de\",\"@id\":\"https:\\\/\\\/bien-etreiris.ch\\\/de\\\/produktpraesentation\\\/natuerliche-heilmittel\\\/saeure-basen-haushalt\\\/morgen-stund\\\/susser-morgenstund-pfannkuchenauflauf\\\/#primaryimage\",\"url\":\"https:\\\/\\\/bien-etreiris.ch\\\/wp-content\\\/uploads\\\/2019\\\/09\\\/Gratin-de-cr\u00eapes-AlcaMatin.jpg\",\"contentUrl\":\"https:\\\/\\\/bien-etreiris.ch\\\/wp-content\\\/uploads\\\/2019\\\/09\\\/Gratin-de-cr\u00eapes-AlcaMatin.jpg\",\"width\":550,\"height\":367},{\"@type\":\"BreadcrumbList\",\"@id\":\"https:\\\/\\\/bien-etreiris.ch\\\/de\\\/produktpraesentation\\\/natuerliche-heilmittel\\\/saeure-basen-haushalt\\\/morgen-stund\\\/susser-morgenstund-pfannkuchenauflauf\\\/#breadcrumb\",\"itemListElement\":[{\"@type\":\"ListItem\",\"position\":1,\"name\":\"Home\",\"item\":\"https:\\\/\\\/bien-etreiris.ch\\\/de\\\/\"},{\"@type\":\"ListItem\",\"position\":2,\"name\":\"PRODUKTPR\u00c4SENTATION\",\"item\":\"https:\\\/\\\/bien-etreiris.ch\\\/de\\\/produktpraesentation\\\/\"},{\"@type\":\"ListItem\",\"position\":3,\"name\":\"NAT\u00dcRLICHE HEILMITTEL\",\"item\":\"https:\\\/\\\/bien-etreiris.ch\\\/de\\\/produktpraesentation\\\/natuerliche-heilmittel\\\/\"},{\"@type\":\"ListItem\",\"position\":4,\"name\":\"S\u00c4URE-BASEN-HAUSHALT\",\"item\":\"https:\\\/\\\/bien-etreiris.ch\\\/de\\\/produktpraesentation\\\/natuerliche-heilmittel\\\/saeure-basen-haushalt\\\/\"},{\"@type\":\"ListItem\",\"position\":5,\"name\":\"MORGEN STUND\",\"item\":\"https:\\\/\\\/bien-etreiris.ch\\\/de\\\/produktpraesentation\\\/natuerliche-heilmittel\\\/saeure-basen-haushalt\\\/morgen-stund\\\/\"},{\"@type\":\"ListItem\",\"position\":6,\"name\":\"PFANNKUCHENAUFLAUF\"}]},{\"@type\":\"WebSite\",\"@id\":\"https:\\\/\\\/bien-etreiris.ch\\\/de\\\/#website\",\"url\":\"https:\\\/\\\/bien-etreiris.ch\\\/de\\\/\",\"name\":\"Bien-\u00eatre Iris\",\"description\":\"IHRE Gesundheit ist uns wichtig\",\"potentialAction\":[{\"@type\":\"SearchAction\",\"target\":{\"@type\":\"EntryPoint\",\"urlTemplate\":\"https:\\\/\\\/bien-etreiris.ch\\\/de\\\/?s={search_term_string}\"},\"query-input\":{\"@type\":\"PropertyValueSpecification\",\"valueRequired\":true,\"valueName\":\"search_term_string\"}}],\"inLanguage\":\"de\"}]}<\/script>\n<!-- \/ Yoast SEO plugin. -->","yoast_head_json":{"title":"PFANNKUCHENAUFLAUF - WOHLBEFINDEN","robots":{"index":"index","follow":"follow","max-snippet":"max-snippet:-1","max-image-preview":"max-image-preview:large","max-video-preview":"max-video-preview:-1"},"canonical":"https:\/\/bien-etreiris.ch\/de\/produktpraesentation\/natuerliche-heilmittel\/saeure-basen-haushalt\/morgen-stund\/susser-morgenstund-pfannkuchenauflauf\/","og_locale":"de_DE","og_type":"article","og_title":"PFANNKUCHENAUFLAUF - WOHLBEFINDEN","og_description":"S\u00fc\u00dfer MorgenStund\u2018 Pfannkuchenauflauf Zutaten f\u00fcr 6 \u2013 8 St\u00fcck, \u00d8 der Pfanne etwa 20 cm, Auflaufform: 20 x 30 cm Pfannkuchen 85 g MorgenStund' 85 g Buchweizenvollkornmehl 250 ml Haferdrink 2 Eier 1 TL Weinsteinbackpulver 1 TL Agavendicksaft 1 Prs Salz &nbsp; Bio-Brat\u00f6l oder Kokosfett zum Ausbacken F\u00fcllung 1,5 EL Goldleinsamen, geschrotet 100 ml Haferdrink 70 g Rote Gr\u00fctze Guss&nbsp;Weiter lesen","og_url":"https:\/\/bien-etreiris.ch\/de\/produktpraesentation\/natuerliche-heilmittel\/saeure-basen-haushalt\/morgen-stund\/susser-morgenstund-pfannkuchenauflauf\/","og_site_name":"WOHLBEFINDEN","article_publisher":"https:\/\/www.facebook.com\/bienetreiris\/","article_modified_time":"2019-09-07T16:29:55+00:00","og_image":[{"width":550,"height":367,"url":"https:\/\/bien-etreiris.ch\/wp-content\/uploads\/2019\/09\/Gratin-de-cr\u00eapes-AlcaMatin.jpg","type":"image\/jpeg"}],"twitter_misc":{"Gesch\u00e4tzte Lesezeit":"1\u00a0Minute"},"schema":{"@context":"https:\/\/schema.org","@graph":[{"@type":"WebPage","@id":"https:\/\/bien-etreiris.ch\/de\/produktpraesentation\/natuerliche-heilmittel\/saeure-basen-haushalt\/morgen-stund\/susser-morgenstund-pfannkuchenauflauf\/","url":"https:\/\/bien-etreiris.ch\/de\/produktpraesentation\/natuerliche-heilmittel\/saeure-basen-haushalt\/morgen-stund\/susser-morgenstund-pfannkuchenauflauf\/","name":"PFANNKUCHENAUFLAUF - WOHLBEFINDEN","isPartOf":{"@id":"https:\/\/bien-etreiris.ch\/de\/#website"},"primaryImageOfPage":{"@id":"https:\/\/bien-etreiris.ch\/de\/produktpraesentation\/natuerliche-heilmittel\/saeure-basen-haushalt\/morgen-stund\/susser-morgenstund-pfannkuchenauflauf\/#primaryimage"},"image":{"@id":"https:\/\/bien-etreiris.ch\/de\/produktpraesentation\/natuerliche-heilmittel\/saeure-basen-haushalt\/morgen-stund\/susser-morgenstund-pfannkuchenauflauf\/#primaryimage"},"thumbnailUrl":"https:\/\/bien-etreiris.ch\/wp-content\/uploads\/2019\/09\/Gratin-de-cr\u00eapes-AlcaMatin.jpg","datePublished":"2019-09-06T13:47:11+00:00","dateModified":"2019-09-07T16:29:55+00:00","breadcrumb":{"@id":"https:\/\/bien-etreiris.ch\/de\/produktpraesentation\/natuerliche-heilmittel\/saeure-basen-haushalt\/morgen-stund\/susser-morgenstund-pfannkuchenauflauf\/#breadcrumb"},"inLanguage":"de","potentialAction":[{"@type":"ReadAction","target":["https:\/\/bien-etreiris.ch\/de\/produktpraesentation\/natuerliche-heilmittel\/saeure-basen-haushalt\/morgen-stund\/susser-morgenstund-pfannkuchenauflauf\/"]}]},{"@type":"ImageObject","inLanguage":"de","@id":"https:\/\/bien-etreiris.ch\/de\/produktpraesentation\/natuerliche-heilmittel\/saeure-basen-haushalt\/morgen-stund\/susser-morgenstund-pfannkuchenauflauf\/#primaryimage","url":"https:\/\/bien-etreiris.ch\/wp-content\/uploads\/2019\/09\/Gratin-de-cr\u00eapes-AlcaMatin.jpg","contentUrl":"https:\/\/bien-etreiris.ch\/wp-content\/uploads\/2019\/09\/Gratin-de-cr\u00eapes-AlcaMatin.jpg","width":550,"height":367},{"@type":"BreadcrumbList","@id":"https:\/\/bien-etreiris.ch\/de\/produktpraesentation\/natuerliche-heilmittel\/saeure-basen-haushalt\/morgen-stund\/susser-morgenstund-pfannkuchenauflauf\/#breadcrumb","itemListElement":[{"@type":"ListItem","position":1,"name":"Home","item":"https:\/\/bien-etreiris.ch\/de\/"},{"@type":"ListItem","position":2,"name":"PRODUKTPR\u00c4SENTATION","item":"https:\/\/bien-etreiris.ch\/de\/produktpraesentation\/"},{"@type":"ListItem","position":3,"name":"NAT\u00dcRLICHE HEILMITTEL","item":"https:\/\/bien-etreiris.ch\/de\/produktpraesentation\/natuerliche-heilmittel\/"},{"@type":"ListItem","position":4,"name":"S\u00c4URE-BASEN-HAUSHALT","item":"https:\/\/bien-etreiris.ch\/de\/produktpraesentation\/natuerliche-heilmittel\/saeure-basen-haushalt\/"},{"@type":"ListItem","position":5,"name":"MORGEN STUND","item":"https:\/\/bien-etreiris.ch\/de\/produktpraesentation\/natuerliche-heilmittel\/saeure-basen-haushalt\/morgen-stund\/"},{"@type":"ListItem","position":6,"name":"PFANNKUCHENAUFLAUF"}]},{"@type":"WebSite","@id":"https:\/\/bien-etreiris.ch\/de\/#website","url":"https:\/\/bien-etreiris.ch\/de\/","name":"Bien-\u00eatre Iris","description":"IHRE Gesundheit ist uns wichtig","potentialAction":[{"@type":"SearchAction","target":{"@type":"EntryPoint","urlTemplate":"https:\/\/bien-etreiris.ch\/de\/?s={search_term_string}"},"query-input":{"@type":"PropertyValueSpecification","valueRequired":true,"valueName":"search_term_string"}}],"inLanguage":"de"}]}},"_links":{"self":[{"href":"https:\/\/bien-etreiris.ch\/de\/wp-json\/wp\/v2\/pages\/28621","targetHints":{"allow":["GET"]}}],"collection":[{"href":"https:\/\/bien-etreiris.ch\/de\/wp-json\/wp\/v2\/pages"}],"about":[{"href":"https:\/\/bien-etreiris.ch\/de\/wp-json\/wp\/v2\/types\/page"}],"author":[{"embeddable":true,"href":"https:\/\/bien-etreiris.ch\/de\/wp-json\/wp\/v2\/users\/1"}],"replies":[{"embeddable":true,"href":"https:\/\/bien-etreiris.ch\/de\/wp-json\/wp\/v2\/comments?post=28621"}],"version-history":[{"count":2,"href":"https:\/\/bien-etreiris.ch\/de\/wp-json\/wp\/v2\/pages\/28621\/revisions"}],"predecessor-version":[{"id":28626,"href":"https:\/\/bien-etreiris.ch\/de\/wp-json\/wp\/v2\/pages\/28621\/revisions\/28626"}],"up":[{"embeddable":true,"href":"https:\/\/bien-etreiris.ch\/de\/wp-json\/wp\/v2\/pages\/13696"}],"wp:featuredmedia":[{"embeddable":true,"href":"https:\/\/bien-etreiris.ch\/de\/wp-json\/wp\/v2\/media\/28063"}],"wp:attachment":[{"href":"https:\/\/bien-etreiris.ch\/de\/wp-json\/wp\/v2\/media?parent=28621"}],"curies":[{"name":"wp","href":"https:\/\/api.w.org\/{rel}","templated":true}]}}