{"id":28575,"date":"2019-09-06T13:13:07","date_gmt":"2019-09-06T13:13:07","guid":{"rendered":"https:\/\/bien-etreiris.ch\/wohlbefinden\/basische-produkte-p-jentschura\/morgen-stund\/boulettes-dalca-matin\/"},"modified":"2019-09-07T15:23:59","modified_gmt":"2019-09-07T15:23:59","slug":"morgenstund-baellchen","status":"publish","type":"page","link":"https:\/\/bien-etreiris.ch\/de\/produktpraesentation\/natuerliche-heilmittel\/saeure-basen-haushalt\/morgen-stund\/morgenstund-baellchen\/","title":{"rendered":"B\u00c4LLCHEN"},"content":{"rendered":"\n<h2 class=\"wp-block-heading\"> <br> <br>MorgenStund\u2018-B\u00e4llchen <\/h2>\n\n\n\n<p><\/p>\n\n\n<p><a href=\"https:\/\/decoiris.ch\/wp-content\/uploads\/2019\/09\/Boulettes-d\u2018AlcaMatin-1.jpg\"><img loading=\"lazy\" decoding=\"async\" class=\"alignnone wp-image-28097 size-full\" src=\"https:\/\/decoiris.ch\/wp-content\/uploads\/2019\/09\/Boulettes-d\u2018AlcaMatin-1.jpg\" alt=\"\" width=\"820\" height=\"688\" srcset=\"https:\/\/bien-etreiris.ch\/wp-content\/uploads\/2019\/09\/Boulettes-d\u2018AlcaMatin-1.jpg 820w, https:\/\/bien-etreiris.ch\/wp-content\/uploads\/2019\/09\/Boulettes-d\u2018AlcaMatin-1-300x252.jpg 300w, https:\/\/bien-etreiris.ch\/wp-content\/uploads\/2019\/09\/Boulettes-d\u2018AlcaMatin-1-768x644.jpg 768w\" sizes=\"auto, (max-width: 820px) 100vw, 820px\" \/><\/a><\/p>\n<h4 class=\"headline\"><strong>Zutaten f\u00fcr ca. 40 St\u00fcck<\/strong><\/h4>\n<table class=\"tablesaw tablesaw-stack table-recipe\" data-tablesaw-mode=\"stack\">\n<tbody>\n<tr>\n<td class=\"value\">125 g<\/td>\n<td class=\"ingredient\" data-sr-id=\"1\">Butter<\/td>\n<\/tr>\n<tr>\n<td class=\"value\">200 g<\/td>\n<td class=\"ingredient\" data-sr-id=\"3\">MorgenStund' (nicht kochen)<\/td>\n<\/tr>\n<tr>\n<td class=\"value\">130 g<\/td>\n<td class=\"ingredient\" data-sr-id=\"4\">Mandeln oder Haseln\u00fcsse gemahlen<\/td>\n<\/tr>\n<tr>\n<td class=\"value\">80 g<\/td>\n<td class=\"ingredient\" data-sr-id=\"5\">Honig<\/td>\n<\/tr>\n<tr>\n<td class=\"value\">1<\/td>\n<td class=\"ingredient\" data-sr-id=\"6\">Ei<\/td>\n<\/tr>\n<tr>\n<td class=\"value\">1 Prise<\/td>\n<td class=\"ingredient\" data-sr-id=\"7\">Salz<\/td>\n<\/tr>\n<\/tbody>\n<\/table>\n<p>&nbsp;<\/p>\n<div class=\"recipe-preparation\">\n<div class=\"recipe-preparation\">\n<h4 class=\"headline\"><strong>Zubereitung<\/strong><\/h4>\n<p>Den Backofen auf 175\u00b0 C vorheizen, ein Backblech mit Backpapier auslegen und die Butter aus dem K\u00fchlschrank holen.<\/p>\n<ol>\n<li>Die Butter in einen Topf geben und langsam bei niedriger Temperatur zum Schmelzen bringen. MorgenStund\u2018 und Mandeln in eine Sch\u00fcssel geben und mit der geschmolzenen Butter \u00fcbergie\u00dfen, vorsichtig umr\u00fchren und ca. 10 Minuten stehen lassen.<\/li>\n<li>Den Honig und das Ei mit einem Schneebesen in einer gro\u00dfen Sch\u00fcssel verquirlen und das Salz dazu geben. Nun die abgek\u00fchlte MorgenStund\u2018-Mandel-Mischung vorsichtig unterr\u00fchren. Den Teig im K\u00fchlschrank ca. 1 Stunde abk\u00fchlen lassen.<\/li>\n<li>Aus dem Teig kleine B\u00e4llchen formen. Diese auf das mit Backpapier ausgelegte Backblech setzen und im vorgeheizten Ofen ca. 12\u201315 Minuten bei 175\u00b0 C backen.<\/li>\n<\/ol>\n<p>Tipp! Je nach Geschmack kann der Teig auch mit Zimt oder Vanille verfeinert werden.<\/p>\n<\/div>\n<\/div>","protected":false},"excerpt":{"rendered":"<p>MorgenStund\u2018-B\u00e4llchen Zutaten f\u00fcr ca. 40 St\u00fcck 125 g Butter 200 g MorgenStund' (nicht kochen) 130 g Mandeln oder Haseln\u00fcsse gemahlen 80 g Honig 1 Ei 1 Prise Salz &nbsp; Zubereitung Den Backofen auf 175\u00b0 C vorheizen, ein Backblech mit Backpapier auslegen und die Butter aus dem K\u00fchlschrank holen. Die Butter in einen Topf geben und langsam bei niedriger Temperatur zum&nbsp;<a href=\"https:\/\/bien-etreiris.ch\/de\/produktpraesentation\/natuerliche-heilmittel\/saeure-basen-haushalt\/morgen-stund\/morgenstund-baellchen\/\" class=\"read-more\">Weiter lesen<\/a><\/p>\n","protected":false},"author":1,"featured_media":28045,"parent":13696,"menu_order":7345,"comment_status":"closed","ping_status":"closed","template":"page-with-child.php","meta":{"_acf_changed":false,"ngg_post_thumbnail":0,"footnotes":""},"class_list":["post-28575","page","type-page","status-publish","has-post-thumbnail","hentry"],"acf":[],"yoast_head":"<!-- This site is optimized with the Yoast SEO plugin v27.5 - https:\/\/yoast.com\/product\/yoast-seo-wordpress\/ -->\n<title>B\u00c4LLCHEN - WOHLBEFINDEN<\/title>\n<meta name=\"robots\" content=\"index, follow, max-snippet:-1, max-image-preview:large, max-video-preview:-1\" \/>\n<link rel=\"canonical\" href=\"https:\/\/bien-etreiris.ch\/de\/produktpraesentation\/natuerliche-heilmittel\/saeure-basen-haushalt\/morgen-stund\/morgenstund-baellchen\/\" \/>\n<meta property=\"og:locale\" content=\"de_DE\" \/>\n<meta property=\"og:type\" content=\"article\" \/>\n<meta property=\"og:title\" content=\"B\u00c4LLCHEN - WOHLBEFINDEN\" \/>\n<meta property=\"og:description\" content=\"MorgenStund\u2018-B\u00e4llchen Zutaten f\u00fcr ca. 40 St\u00fcck 125 g Butter 200 g MorgenStund&#039; (nicht kochen) 130 g Mandeln oder Haseln\u00fcsse gemahlen 80 g Honig 1 Ei 1 Prise Salz &nbsp; Zubereitung Den Backofen auf 175\u00b0 C vorheizen, ein Backblech mit Backpapier auslegen und die Butter aus dem K\u00fchlschrank holen. Die Butter in einen Topf geben und langsam bei niedriger Temperatur zum&nbsp;Weiter lesen\" \/>\n<meta property=\"og:url\" content=\"https:\/\/bien-etreiris.ch\/de\/produktpraesentation\/natuerliche-heilmittel\/saeure-basen-haushalt\/morgen-stund\/morgenstund-baellchen\/\" \/>\n<meta property=\"og:site_name\" content=\"WOHLBEFINDEN\" \/>\n<meta property=\"article:publisher\" content=\"https:\/\/www.facebook.com\/bienetreiris\/\" \/>\n<meta property=\"article:modified_time\" content=\"2019-09-07T15:23:59+00:00\" \/>\n<meta property=\"og:image\" content=\"https:\/\/bien-etreiris.ch\/wp-content\/uploads\/2019\/09\/Boulettes-d\u2018AlcaMatin.jpg\" \/>\n\t<meta property=\"og:image:width\" content=\"550\" \/>\n\t<meta property=\"og:image:height\" content=\"367\" \/>\n\t<meta property=\"og:image:type\" content=\"image\/jpeg\" \/>\n<meta name=\"twitter:label1\" content=\"Gesch\u00e4tzte Lesezeit\" \/>\n\t<meta name=\"twitter:data1\" content=\"1\u00a0Minute\" \/>\n<script type=\"application\/ld+json\" class=\"yoast-schema-graph\">{\"@context\":\"https:\\\/\\\/schema.org\",\"@graph\":[{\"@type\":\"WebPage\",\"@id\":\"https:\\\/\\\/bien-etreiris.ch\\\/de\\\/produktpraesentation\\\/natuerliche-heilmittel\\\/saeure-basen-haushalt\\\/morgen-stund\\\/morgenstund-baellchen\\\/\",\"url\":\"https:\\\/\\\/bien-etreiris.ch\\\/de\\\/produktpraesentation\\\/natuerliche-heilmittel\\\/saeure-basen-haushalt\\\/morgen-stund\\\/morgenstund-baellchen\\\/\",\"name\":\"B\u00c4LLCHEN - WOHLBEFINDEN\",\"isPartOf\":{\"@id\":\"https:\\\/\\\/bien-etreiris.ch\\\/de\\\/#website\"},\"primaryImageOfPage\":{\"@id\":\"https:\\\/\\\/bien-etreiris.ch\\\/de\\\/produktpraesentation\\\/natuerliche-heilmittel\\\/saeure-basen-haushalt\\\/morgen-stund\\\/morgenstund-baellchen\\\/#primaryimage\"},\"image\":{\"@id\":\"https:\\\/\\\/bien-etreiris.ch\\\/de\\\/produktpraesentation\\\/natuerliche-heilmittel\\\/saeure-basen-haushalt\\\/morgen-stund\\\/morgenstund-baellchen\\\/#primaryimage\"},\"thumbnailUrl\":\"https:\\\/\\\/bien-etreiris.ch\\\/wp-content\\\/uploads\\\/2019\\\/09\\\/Boulettes-d\u2018AlcaMatin.jpg\",\"datePublished\":\"2019-09-06T13:13:07+00:00\",\"dateModified\":\"2019-09-07T15:23:59+00:00\",\"breadcrumb\":{\"@id\":\"https:\\\/\\\/bien-etreiris.ch\\\/de\\\/produktpraesentation\\\/natuerliche-heilmittel\\\/saeure-basen-haushalt\\\/morgen-stund\\\/morgenstund-baellchen\\\/#breadcrumb\"},\"inLanguage\":\"de\",\"potentialAction\":[{\"@type\":\"ReadAction\",\"target\":[\"https:\\\/\\\/bien-etreiris.ch\\\/de\\\/produktpraesentation\\\/natuerliche-heilmittel\\\/saeure-basen-haushalt\\\/morgen-stund\\\/morgenstund-baellchen\\\/\"]}]},{\"@type\":\"ImageObject\",\"inLanguage\":\"de\",\"@id\":\"https:\\\/\\\/bien-etreiris.ch\\\/de\\\/produktpraesentation\\\/natuerliche-heilmittel\\\/saeure-basen-haushalt\\\/morgen-stund\\\/morgenstund-baellchen\\\/#primaryimage\",\"url\":\"https:\\\/\\\/bien-etreiris.ch\\\/wp-content\\\/uploads\\\/2019\\\/09\\\/Boulettes-d\u2018AlcaMatin.jpg\",\"contentUrl\":\"https:\\\/\\\/bien-etreiris.ch\\\/wp-content\\\/uploads\\\/2019\\\/09\\\/Boulettes-d\u2018AlcaMatin.jpg\",\"width\":550,\"height\":367},{\"@type\":\"BreadcrumbList\",\"@id\":\"https:\\\/\\\/bien-etreiris.ch\\\/de\\\/produktpraesentation\\\/natuerliche-heilmittel\\\/saeure-basen-haushalt\\\/morgen-stund\\\/morgenstund-baellchen\\\/#breadcrumb\",\"itemListElement\":[{\"@type\":\"ListItem\",\"position\":1,\"name\":\"Home\",\"item\":\"https:\\\/\\\/bien-etreiris.ch\\\/de\\\/\"},{\"@type\":\"ListItem\",\"position\":2,\"name\":\"PRODUKTPR\u00c4SENTATION\",\"item\":\"https:\\\/\\\/bien-etreiris.ch\\\/de\\\/produktpraesentation\\\/\"},{\"@type\":\"ListItem\",\"position\":3,\"name\":\"NAT\u00dcRLICHE HEILMITTEL\",\"item\":\"https:\\\/\\\/bien-etreiris.ch\\\/de\\\/produktpraesentation\\\/natuerliche-heilmittel\\\/\"},{\"@type\":\"ListItem\",\"position\":4,\"name\":\"S\u00c4URE-BASEN-HAUSHALT\",\"item\":\"https:\\\/\\\/bien-etreiris.ch\\\/de\\\/produktpraesentation\\\/natuerliche-heilmittel\\\/saeure-basen-haushalt\\\/\"},{\"@type\":\"ListItem\",\"position\":5,\"name\":\"MORGEN STUND\",\"item\":\"https:\\\/\\\/bien-etreiris.ch\\\/de\\\/produktpraesentation\\\/natuerliche-heilmittel\\\/saeure-basen-haushalt\\\/morgen-stund\\\/\"},{\"@type\":\"ListItem\",\"position\":6,\"name\":\"B\u00c4LLCHEN\"}]},{\"@type\":\"WebSite\",\"@id\":\"https:\\\/\\\/bien-etreiris.ch\\\/de\\\/#website\",\"url\":\"https:\\\/\\\/bien-etreiris.ch\\\/de\\\/\",\"name\":\"Bien-\u00eatre Iris\",\"description\":\"IHRE Gesundheit ist uns wichtig\",\"potentialAction\":[{\"@type\":\"SearchAction\",\"target\":{\"@type\":\"EntryPoint\",\"urlTemplate\":\"https:\\\/\\\/bien-etreiris.ch\\\/de\\\/?s={search_term_string}\"},\"query-input\":{\"@type\":\"PropertyValueSpecification\",\"valueRequired\":true,\"valueName\":\"search_term_string\"}}],\"inLanguage\":\"de\"}]}<\/script>\n<!-- \/ Yoast SEO plugin. -->","yoast_head_json":{"title":"B\u00c4LLCHEN - WOHLBEFINDEN","robots":{"index":"index","follow":"follow","max-snippet":"max-snippet:-1","max-image-preview":"max-image-preview:large","max-video-preview":"max-video-preview:-1"},"canonical":"https:\/\/bien-etreiris.ch\/de\/produktpraesentation\/natuerliche-heilmittel\/saeure-basen-haushalt\/morgen-stund\/morgenstund-baellchen\/","og_locale":"de_DE","og_type":"article","og_title":"B\u00c4LLCHEN - WOHLBEFINDEN","og_description":"MorgenStund\u2018-B\u00e4llchen Zutaten f\u00fcr ca. 40 St\u00fcck 125 g Butter 200 g MorgenStund' (nicht kochen) 130 g Mandeln oder Haseln\u00fcsse gemahlen 80 g Honig 1 Ei 1 Prise Salz &nbsp; Zubereitung Den Backofen auf 175\u00b0 C vorheizen, ein Backblech mit Backpapier auslegen und die Butter aus dem K\u00fchlschrank holen. Die Butter in einen Topf geben und langsam bei niedriger Temperatur zum&nbsp;Weiter lesen","og_url":"https:\/\/bien-etreiris.ch\/de\/produktpraesentation\/natuerliche-heilmittel\/saeure-basen-haushalt\/morgen-stund\/morgenstund-baellchen\/","og_site_name":"WOHLBEFINDEN","article_publisher":"https:\/\/www.facebook.com\/bienetreiris\/","article_modified_time":"2019-09-07T15:23:59+00:00","og_image":[{"width":550,"height":367,"url":"https:\/\/bien-etreiris.ch\/wp-content\/uploads\/2019\/09\/Boulettes-d\u2018AlcaMatin.jpg","type":"image\/jpeg"}],"twitter_misc":{"Gesch\u00e4tzte Lesezeit":"1\u00a0Minute"},"schema":{"@context":"https:\/\/schema.org","@graph":[{"@type":"WebPage","@id":"https:\/\/bien-etreiris.ch\/de\/produktpraesentation\/natuerliche-heilmittel\/saeure-basen-haushalt\/morgen-stund\/morgenstund-baellchen\/","url":"https:\/\/bien-etreiris.ch\/de\/produktpraesentation\/natuerliche-heilmittel\/saeure-basen-haushalt\/morgen-stund\/morgenstund-baellchen\/","name":"B\u00c4LLCHEN - WOHLBEFINDEN","isPartOf":{"@id":"https:\/\/bien-etreiris.ch\/de\/#website"},"primaryImageOfPage":{"@id":"https:\/\/bien-etreiris.ch\/de\/produktpraesentation\/natuerliche-heilmittel\/saeure-basen-haushalt\/morgen-stund\/morgenstund-baellchen\/#primaryimage"},"image":{"@id":"https:\/\/bien-etreiris.ch\/de\/produktpraesentation\/natuerliche-heilmittel\/saeure-basen-haushalt\/morgen-stund\/morgenstund-baellchen\/#primaryimage"},"thumbnailUrl":"https:\/\/bien-etreiris.ch\/wp-content\/uploads\/2019\/09\/Boulettes-d\u2018AlcaMatin.jpg","datePublished":"2019-09-06T13:13:07+00:00","dateModified":"2019-09-07T15:23:59+00:00","breadcrumb":{"@id":"https:\/\/bien-etreiris.ch\/de\/produktpraesentation\/natuerliche-heilmittel\/saeure-basen-haushalt\/morgen-stund\/morgenstund-baellchen\/#breadcrumb"},"inLanguage":"de","potentialAction":[{"@type":"ReadAction","target":["https:\/\/bien-etreiris.ch\/de\/produktpraesentation\/natuerliche-heilmittel\/saeure-basen-haushalt\/morgen-stund\/morgenstund-baellchen\/"]}]},{"@type":"ImageObject","inLanguage":"de","@id":"https:\/\/bien-etreiris.ch\/de\/produktpraesentation\/natuerliche-heilmittel\/saeure-basen-haushalt\/morgen-stund\/morgenstund-baellchen\/#primaryimage","url":"https:\/\/bien-etreiris.ch\/wp-content\/uploads\/2019\/09\/Boulettes-d\u2018AlcaMatin.jpg","contentUrl":"https:\/\/bien-etreiris.ch\/wp-content\/uploads\/2019\/09\/Boulettes-d\u2018AlcaMatin.jpg","width":550,"height":367},{"@type":"BreadcrumbList","@id":"https:\/\/bien-etreiris.ch\/de\/produktpraesentation\/natuerliche-heilmittel\/saeure-basen-haushalt\/morgen-stund\/morgenstund-baellchen\/#breadcrumb","itemListElement":[{"@type":"ListItem","position":1,"name":"Home","item":"https:\/\/bien-etreiris.ch\/de\/"},{"@type":"ListItem","position":2,"name":"PRODUKTPR\u00c4SENTATION","item":"https:\/\/bien-etreiris.ch\/de\/produktpraesentation\/"},{"@type":"ListItem","position":3,"name":"NAT\u00dcRLICHE HEILMITTEL","item":"https:\/\/bien-etreiris.ch\/de\/produktpraesentation\/natuerliche-heilmittel\/"},{"@type":"ListItem","position":4,"name":"S\u00c4URE-BASEN-HAUSHALT","item":"https:\/\/bien-etreiris.ch\/de\/produktpraesentation\/natuerliche-heilmittel\/saeure-basen-haushalt\/"},{"@type":"ListItem","position":5,"name":"MORGEN STUND","item":"https:\/\/bien-etreiris.ch\/de\/produktpraesentation\/natuerliche-heilmittel\/saeure-basen-haushalt\/morgen-stund\/"},{"@type":"ListItem","position":6,"name":"B\u00c4LLCHEN"}]},{"@type":"WebSite","@id":"https:\/\/bien-etreiris.ch\/de\/#website","url":"https:\/\/bien-etreiris.ch\/de\/","name":"Bien-\u00eatre Iris","description":"IHRE Gesundheit ist uns wichtig","potentialAction":[{"@type":"SearchAction","target":{"@type":"EntryPoint","urlTemplate":"https:\/\/bien-etreiris.ch\/de\/?s={search_term_string}"},"query-input":{"@type":"PropertyValueSpecification","valueRequired":true,"valueName":"search_term_string"}}],"inLanguage":"de"}]}},"_links":{"self":[{"href":"https:\/\/bien-etreiris.ch\/de\/wp-json\/wp\/v2\/pages\/28575","targetHints":{"allow":["GET"]}}],"collection":[{"href":"https:\/\/bien-etreiris.ch\/de\/wp-json\/wp\/v2\/pages"}],"about":[{"href":"https:\/\/bien-etreiris.ch\/de\/wp-json\/wp\/v2\/types\/page"}],"author":[{"embeddable":true,"href":"https:\/\/bien-etreiris.ch\/de\/wp-json\/wp\/v2\/users\/1"}],"replies":[{"embeddable":true,"href":"https:\/\/bien-etreiris.ch\/de\/wp-json\/wp\/v2\/comments?post=28575"}],"version-history":[{"count":3,"href":"https:\/\/bien-etreiris.ch\/de\/wp-json\/wp\/v2\/pages\/28575\/revisions"}],"predecessor-version":[{"id":28583,"href":"https:\/\/bien-etreiris.ch\/de\/wp-json\/wp\/v2\/pages\/28575\/revisions\/28583"}],"up":[{"embeddable":true,"href":"https:\/\/bien-etreiris.ch\/de\/wp-json\/wp\/v2\/pages\/13696"}],"wp:featuredmedia":[{"embeddable":true,"href":"https:\/\/bien-etreiris.ch\/de\/wp-json\/wp\/v2\/media\/28045"}],"wp:attachment":[{"href":"https:\/\/bien-etreiris.ch\/de\/wp-json\/wp\/v2\/media?parent=28575"}],"curies":[{"name":"wp","href":"https:\/\/api.w.org\/{rel}","templated":true}]}}