{"id":28528,"date":"2019-09-06T19:17:23","date_gmt":"2019-09-06T19:17:23","guid":{"rendered":"https:\/\/bien-etreiris.ch\/wohlbefinden\/basische-produkte-p-jentschura\/7-x-7-kraeuter-tee\/sorbet-7x7-et-melon\/"},"modified":"2019-09-07T13:35:31","modified_gmt":"2019-09-07T13:35:31","slug":"7x7-melonen-sorbet","status":"publish","type":"page","link":"https:\/\/bien-etreiris.ch\/de\/produktpraesentation\/natuerliche-heilmittel\/saeure-basen-haushalt\/7-x-7-kraeuter-tee\/7x7-melonen-sorbet\/","title":{"rendered":"MELONEN SORBET"},"content":{"rendered":"\n<h2 class=\"wp-block-heading\"> <br> <br>7x7 Melonen Sorbet  <\/h2>\n\n\n<p><a href=\"https:\/\/decoiris.ch\/wp-content\/uploads\/2019\/09\/Sorbet-7x7-et-melon-titel-1.jpg\"><img loading=\"lazy\" decoding=\"async\" class=\"alignnone wp-image-28277 size-full\" src=\"https:\/\/decoiris.ch\/wp-content\/uploads\/2019\/09\/Sorbet-7x7-et-melon-titel-1.jpg\" alt=\"\" width=\"820\" height=\"665\" srcset=\"https:\/\/bien-etreiris.ch\/wp-content\/uploads\/2019\/09\/Sorbet-7x7-et-melon-titel-1.jpg 820w, https:\/\/bien-etreiris.ch\/wp-content\/uploads\/2019\/09\/Sorbet-7x7-et-melon-titel-1-300x243.jpg 300w, https:\/\/bien-etreiris.ch\/wp-content\/uploads\/2019\/09\/Sorbet-7x7-et-melon-titel-1-768x623.jpg 768w\" sizes=\"auto, (max-width: 820px) 100vw, 820px\" \/><\/a><\/p>\n<h4 class=\"headline\"><strong>Zutaten<\/strong><\/h4>\n<table class=\"tablesaw tablesaw-stack table-recipe\" data-tablesaw-mode=\"stack\">\n<tbody>\n<tr>\n<td class=\"value\">100 ml<\/td>\n<td class=\"ingredient\" data-sr-id=\"1\">7x7 Kr\u00e4uterTee, kalt<\/td>\n<\/tr>\n<tr>\n<td class=\"value\">650 g<\/td>\n<td class=\"ingredient\" data-sr-id=\"3\">Wassermelone<\/td>\n<\/tr>\n<tr>\n<td class=\"value\">4 \u2013 6 EL<\/td>\n<td class=\"ingredient\" data-sr-id=\"4\">Agavendicksaft<\/td>\n<\/tr>\n<tr>\n<td class=\"value\">1\/2<\/td>\n<td class=\"ingredient\" data-sr-id=\"5\">Limette, ausgepresst<\/td>\n<\/tr>\n<tr>\n<td class=\"value\">&nbsp;<\/td>\n<td class=\"ingredient\" data-sr-id=\"6\">Zitronenmelisse zur Dekoration<\/td>\n<\/tr>\n<\/tbody>\n<\/table>\n<p>&nbsp;<\/p>\n<div class=\"recipe-preparation\">\n<div class=\"recipe-preparation\">\n<h4 class=\"headline\"><strong>Zubereitung<\/strong><\/h4>\n<p>Wassermelone sch\u00e4len und das Fruchtfleisch so gut es geht von den Kernen befreien. Alle Zutaten mit einem P\u00fcrierstab fein p\u00fcrieren. Die Masse in eine flache Form f\u00fcllen und in den Gefrierschrank geben. Alle 10 \u2013 15 Minuten das Sorbet mit einem L\u00f6ffel lockern, damit sich sch\u00f6ne Kristalle bilden.<\/p>\n<p>Nach ca. 1,5 Stunden sollte die Masse gefroren genug sein. In kleine Schalen verteilen und mit der Zitronenmelisse garnieren.<\/p>\n<\/div>\n<\/div>","protected":false},"excerpt":{"rendered":"<p>7x7 Melonen Sorbet Zutaten 100 ml 7x7 Kr\u00e4uterTee, kalt 650 g Wassermelone 4 \u2013 6 EL Agavendicksaft 1\/2 Limette, ausgepresst &nbsp; Zitronenmelisse zur Dekoration &nbsp; Zubereitung Wassermelone sch\u00e4len und das Fruchtfleisch so gut es geht von den Kernen befreien. Alle Zutaten mit einem P\u00fcrierstab fein p\u00fcrieren. Die Masse in eine flache Form f\u00fcllen und in den Gefrierschrank geben. Alle 10&nbsp;<a href=\"https:\/\/bien-etreiris.ch\/de\/produktpraesentation\/natuerliche-heilmittel\/saeure-basen-haushalt\/7-x-7-kraeuter-tee\/7x7-melonen-sorbet\/\" class=\"read-more\">Weiter lesen<\/a><\/p>\n","protected":false},"author":1,"featured_media":27915,"parent":13795,"menu_order":7273,"comment_status":"closed","ping_status":"closed","template":"page-with-child.php","meta":{"_acf_changed":false,"ngg_post_thumbnail":0,"footnotes":""},"class_list":["post-28528","page","type-page","status-publish","has-post-thumbnail","hentry"],"acf":[],"yoast_head":"<!-- This site is optimized with the Yoast SEO plugin v27.5 - https:\/\/yoast.com\/product\/yoast-seo-wordpress\/ -->\n<title>MELONEN SORBET - WOHLBEFINDEN<\/title>\n<meta name=\"robots\" content=\"index, follow, max-snippet:-1, max-image-preview:large, max-video-preview:-1\" \/>\n<link rel=\"canonical\" href=\"https:\/\/bien-etreiris.ch\/de\/produktpraesentation\/natuerliche-heilmittel\/saeure-basen-haushalt\/7-x-7-kraeuter-tee\/7x7-melonen-sorbet\/\" \/>\n<meta property=\"og:locale\" content=\"de_DE\" \/>\n<meta property=\"og:type\" content=\"article\" \/>\n<meta property=\"og:title\" content=\"MELONEN SORBET - WOHLBEFINDEN\" \/>\n<meta property=\"og:description\" content=\"7x7 Melonen Sorbet Zutaten 100 ml 7x7 Kr\u00e4uterTee, kalt 650 g Wassermelone 4 \u2013 6 EL Agavendicksaft 1\/2 Limette, ausgepresst &nbsp; Zitronenmelisse zur Dekoration &nbsp; Zubereitung Wassermelone sch\u00e4len und das Fruchtfleisch so gut es geht von den Kernen befreien. Alle Zutaten mit einem P\u00fcrierstab fein p\u00fcrieren. Die Masse in eine flache Form f\u00fcllen und in den Gefrierschrank geben. Alle 10&nbsp;Weiter lesen\" \/>\n<meta property=\"og:url\" content=\"https:\/\/bien-etreiris.ch\/de\/produktpraesentation\/natuerliche-heilmittel\/saeure-basen-haushalt\/7-x-7-kraeuter-tee\/7x7-melonen-sorbet\/\" \/>\n<meta property=\"og:site_name\" content=\"WOHLBEFINDEN\" \/>\n<meta property=\"article:publisher\" content=\"https:\/\/www.facebook.com\/bienetreiris\/\" \/>\n<meta property=\"article:modified_time\" content=\"2019-09-07T13:35:31+00:00\" \/>\n<meta property=\"og:image\" content=\"https:\/\/bien-etreiris.ch\/wp-content\/uploads\/2019\/09\/Sorbet-7x7-et-melon.jpg\" \/>\n\t<meta property=\"og:image:width\" content=\"550\" \/>\n\t<meta property=\"og:image:height\" content=\"446\" \/>\n\t<meta property=\"og:image:type\" content=\"image\/jpeg\" \/>\n<script type=\"application\/ld+json\" class=\"yoast-schema-graph\">{\"@context\":\"https:\\\/\\\/schema.org\",\"@graph\":[{\"@type\":\"WebPage\",\"@id\":\"https:\\\/\\\/bien-etreiris.ch\\\/de\\\/produktpraesentation\\\/natuerliche-heilmittel\\\/saeure-basen-haushalt\\\/7-x-7-kraeuter-tee\\\/7x7-melonen-sorbet\\\/\",\"url\":\"https:\\\/\\\/bien-etreiris.ch\\\/de\\\/produktpraesentation\\\/natuerliche-heilmittel\\\/saeure-basen-haushalt\\\/7-x-7-kraeuter-tee\\\/7x7-melonen-sorbet\\\/\",\"name\":\"MELONEN SORBET - WOHLBEFINDEN\",\"isPartOf\":{\"@id\":\"https:\\\/\\\/bien-etreiris.ch\\\/de\\\/#website\"},\"primaryImageOfPage\":{\"@id\":\"https:\\\/\\\/bien-etreiris.ch\\\/de\\\/produktpraesentation\\\/natuerliche-heilmittel\\\/saeure-basen-haushalt\\\/7-x-7-kraeuter-tee\\\/7x7-melonen-sorbet\\\/#primaryimage\"},\"image\":{\"@id\":\"https:\\\/\\\/bien-etreiris.ch\\\/de\\\/produktpraesentation\\\/natuerliche-heilmittel\\\/saeure-basen-haushalt\\\/7-x-7-kraeuter-tee\\\/7x7-melonen-sorbet\\\/#primaryimage\"},\"thumbnailUrl\":\"https:\\\/\\\/bien-etreiris.ch\\\/wp-content\\\/uploads\\\/2019\\\/09\\\/Sorbet-7x7-et-melon.jpg\",\"datePublished\":\"2019-09-06T19:17:23+00:00\",\"dateModified\":\"2019-09-07T13:35:31+00:00\",\"breadcrumb\":{\"@id\":\"https:\\\/\\\/bien-etreiris.ch\\\/de\\\/produktpraesentation\\\/natuerliche-heilmittel\\\/saeure-basen-haushalt\\\/7-x-7-kraeuter-tee\\\/7x7-melonen-sorbet\\\/#breadcrumb\"},\"inLanguage\":\"de\",\"potentialAction\":[{\"@type\":\"ReadAction\",\"target\":[\"https:\\\/\\\/bien-etreiris.ch\\\/de\\\/produktpraesentation\\\/natuerliche-heilmittel\\\/saeure-basen-haushalt\\\/7-x-7-kraeuter-tee\\\/7x7-melonen-sorbet\\\/\"]}]},{\"@type\":\"ImageObject\",\"inLanguage\":\"de\",\"@id\":\"https:\\\/\\\/bien-etreiris.ch\\\/de\\\/produktpraesentation\\\/natuerliche-heilmittel\\\/saeure-basen-haushalt\\\/7-x-7-kraeuter-tee\\\/7x7-melonen-sorbet\\\/#primaryimage\",\"url\":\"https:\\\/\\\/bien-etreiris.ch\\\/wp-content\\\/uploads\\\/2019\\\/09\\\/Sorbet-7x7-et-melon.jpg\",\"contentUrl\":\"https:\\\/\\\/bien-etreiris.ch\\\/wp-content\\\/uploads\\\/2019\\\/09\\\/Sorbet-7x7-et-melon.jpg\",\"width\":550,\"height\":446},{\"@type\":\"BreadcrumbList\",\"@id\":\"https:\\\/\\\/bien-etreiris.ch\\\/de\\\/produktpraesentation\\\/natuerliche-heilmittel\\\/saeure-basen-haushalt\\\/7-x-7-kraeuter-tee\\\/7x7-melonen-sorbet\\\/#breadcrumb\",\"itemListElement\":[{\"@type\":\"ListItem\",\"position\":1,\"name\":\"Home\",\"item\":\"https:\\\/\\\/bien-etreiris.ch\\\/de\\\/\"},{\"@type\":\"ListItem\",\"position\":2,\"name\":\"PRODUKTPR\u00c4SENTATION\",\"item\":\"https:\\\/\\\/bien-etreiris.ch\\\/de\\\/produktpraesentation\\\/\"},{\"@type\":\"ListItem\",\"position\":3,\"name\":\"NAT\u00dcRLICHE HEILMITTEL\",\"item\":\"https:\\\/\\\/bien-etreiris.ch\\\/de\\\/produktpraesentation\\\/natuerliche-heilmittel\\\/\"},{\"@type\":\"ListItem\",\"position\":4,\"name\":\"S\u00c4URE-BASEN-HAUSHALT\",\"item\":\"https:\\\/\\\/bien-etreiris.ch\\\/de\\\/produktpraesentation\\\/natuerliche-heilmittel\\\/saeure-basen-haushalt\\\/\"},{\"@type\":\"ListItem\",\"position\":5,\"name\":\"7 x 7 KR\u00c4UTER TEE\",\"item\":\"https:\\\/\\\/bien-etreiris.ch\\\/de\\\/produktpraesentation\\\/natuerliche-heilmittel\\\/saeure-basen-haushalt\\\/7-x-7-kraeuter-tee\\\/\"},{\"@type\":\"ListItem\",\"position\":6,\"name\":\"MELONEN SORBET\"}]},{\"@type\":\"WebSite\",\"@id\":\"https:\\\/\\\/bien-etreiris.ch\\\/de\\\/#website\",\"url\":\"https:\\\/\\\/bien-etreiris.ch\\\/de\\\/\",\"name\":\"Bien-\u00eatre Iris\",\"description\":\"IHRE Gesundheit ist uns wichtig\",\"potentialAction\":[{\"@type\":\"SearchAction\",\"target\":{\"@type\":\"EntryPoint\",\"urlTemplate\":\"https:\\\/\\\/bien-etreiris.ch\\\/de\\\/?s={search_term_string}\"},\"query-input\":{\"@type\":\"PropertyValueSpecification\",\"valueRequired\":true,\"valueName\":\"search_term_string\"}}],\"inLanguage\":\"de\"}]}<\/script>\n<!-- \/ Yoast SEO plugin. -->","yoast_head_json":{"title":"MELONEN SORBET - WOHLBEFINDEN","robots":{"index":"index","follow":"follow","max-snippet":"max-snippet:-1","max-image-preview":"max-image-preview:large","max-video-preview":"max-video-preview:-1"},"canonical":"https:\/\/bien-etreiris.ch\/de\/produktpraesentation\/natuerliche-heilmittel\/saeure-basen-haushalt\/7-x-7-kraeuter-tee\/7x7-melonen-sorbet\/","og_locale":"de_DE","og_type":"article","og_title":"MELONEN SORBET - WOHLBEFINDEN","og_description":"7x7 Melonen Sorbet Zutaten 100 ml 7x7 Kr\u00e4uterTee, kalt 650 g Wassermelone 4 \u2013 6 EL Agavendicksaft 1\/2 Limette, ausgepresst &nbsp; Zitronenmelisse zur Dekoration &nbsp; Zubereitung Wassermelone sch\u00e4len und das Fruchtfleisch so gut es geht von den Kernen befreien. Alle Zutaten mit einem P\u00fcrierstab fein p\u00fcrieren. Die Masse in eine flache Form f\u00fcllen und in den Gefrierschrank geben. Alle 10&nbsp;Weiter lesen","og_url":"https:\/\/bien-etreiris.ch\/de\/produktpraesentation\/natuerliche-heilmittel\/saeure-basen-haushalt\/7-x-7-kraeuter-tee\/7x7-melonen-sorbet\/","og_site_name":"WOHLBEFINDEN","article_publisher":"https:\/\/www.facebook.com\/bienetreiris\/","article_modified_time":"2019-09-07T13:35:31+00:00","og_image":[{"width":550,"height":446,"url":"https:\/\/bien-etreiris.ch\/wp-content\/uploads\/2019\/09\/Sorbet-7x7-et-melon.jpg","type":"image\/jpeg"}],"schema":{"@context":"https:\/\/schema.org","@graph":[{"@type":"WebPage","@id":"https:\/\/bien-etreiris.ch\/de\/produktpraesentation\/natuerliche-heilmittel\/saeure-basen-haushalt\/7-x-7-kraeuter-tee\/7x7-melonen-sorbet\/","url":"https:\/\/bien-etreiris.ch\/de\/produktpraesentation\/natuerliche-heilmittel\/saeure-basen-haushalt\/7-x-7-kraeuter-tee\/7x7-melonen-sorbet\/","name":"MELONEN SORBET - WOHLBEFINDEN","isPartOf":{"@id":"https:\/\/bien-etreiris.ch\/de\/#website"},"primaryImageOfPage":{"@id":"https:\/\/bien-etreiris.ch\/de\/produktpraesentation\/natuerliche-heilmittel\/saeure-basen-haushalt\/7-x-7-kraeuter-tee\/7x7-melonen-sorbet\/#primaryimage"},"image":{"@id":"https:\/\/bien-etreiris.ch\/de\/produktpraesentation\/natuerliche-heilmittel\/saeure-basen-haushalt\/7-x-7-kraeuter-tee\/7x7-melonen-sorbet\/#primaryimage"},"thumbnailUrl":"https:\/\/bien-etreiris.ch\/wp-content\/uploads\/2019\/09\/Sorbet-7x7-et-melon.jpg","datePublished":"2019-09-06T19:17:23+00:00","dateModified":"2019-09-07T13:35:31+00:00","breadcrumb":{"@id":"https:\/\/bien-etreiris.ch\/de\/produktpraesentation\/natuerliche-heilmittel\/saeure-basen-haushalt\/7-x-7-kraeuter-tee\/7x7-melonen-sorbet\/#breadcrumb"},"inLanguage":"de","potentialAction":[{"@type":"ReadAction","target":["https:\/\/bien-etreiris.ch\/de\/produktpraesentation\/natuerliche-heilmittel\/saeure-basen-haushalt\/7-x-7-kraeuter-tee\/7x7-melonen-sorbet\/"]}]},{"@type":"ImageObject","inLanguage":"de","@id":"https:\/\/bien-etreiris.ch\/de\/produktpraesentation\/natuerliche-heilmittel\/saeure-basen-haushalt\/7-x-7-kraeuter-tee\/7x7-melonen-sorbet\/#primaryimage","url":"https:\/\/bien-etreiris.ch\/wp-content\/uploads\/2019\/09\/Sorbet-7x7-et-melon.jpg","contentUrl":"https:\/\/bien-etreiris.ch\/wp-content\/uploads\/2019\/09\/Sorbet-7x7-et-melon.jpg","width":550,"height":446},{"@type":"BreadcrumbList","@id":"https:\/\/bien-etreiris.ch\/de\/produktpraesentation\/natuerliche-heilmittel\/saeure-basen-haushalt\/7-x-7-kraeuter-tee\/7x7-melonen-sorbet\/#breadcrumb","itemListElement":[{"@type":"ListItem","position":1,"name":"Home","item":"https:\/\/bien-etreiris.ch\/de\/"},{"@type":"ListItem","position":2,"name":"PRODUKTPR\u00c4SENTATION","item":"https:\/\/bien-etreiris.ch\/de\/produktpraesentation\/"},{"@type":"ListItem","position":3,"name":"NAT\u00dcRLICHE HEILMITTEL","item":"https:\/\/bien-etreiris.ch\/de\/produktpraesentation\/natuerliche-heilmittel\/"},{"@type":"ListItem","position":4,"name":"S\u00c4URE-BASEN-HAUSHALT","item":"https:\/\/bien-etreiris.ch\/de\/produktpraesentation\/natuerliche-heilmittel\/saeure-basen-haushalt\/"},{"@type":"ListItem","position":5,"name":"7 x 7 KR\u00c4UTER TEE","item":"https:\/\/bien-etreiris.ch\/de\/produktpraesentation\/natuerliche-heilmittel\/saeure-basen-haushalt\/7-x-7-kraeuter-tee\/"},{"@type":"ListItem","position":6,"name":"MELONEN SORBET"}]},{"@type":"WebSite","@id":"https:\/\/bien-etreiris.ch\/de\/#website","url":"https:\/\/bien-etreiris.ch\/de\/","name":"Bien-\u00eatre Iris","description":"IHRE Gesundheit ist uns wichtig","potentialAction":[{"@type":"SearchAction","target":{"@type":"EntryPoint","urlTemplate":"https:\/\/bien-etreiris.ch\/de\/?s={search_term_string}"},"query-input":{"@type":"PropertyValueSpecification","valueRequired":true,"valueName":"search_term_string"}}],"inLanguage":"de"}]}},"_links":{"self":[{"href":"https:\/\/bien-etreiris.ch\/de\/wp-json\/wp\/v2\/pages\/28528","targetHints":{"allow":["GET"]}}],"collection":[{"href":"https:\/\/bien-etreiris.ch\/de\/wp-json\/wp\/v2\/pages"}],"about":[{"href":"https:\/\/bien-etreiris.ch\/de\/wp-json\/wp\/v2\/types\/page"}],"author":[{"embeddable":true,"href":"https:\/\/bien-etreiris.ch\/de\/wp-json\/wp\/v2\/users\/1"}],"replies":[{"embeddable":true,"href":"https:\/\/bien-etreiris.ch\/de\/wp-json\/wp\/v2\/comments?post=28528"}],"version-history":[{"count":2,"href":"https:\/\/bien-etreiris.ch\/de\/wp-json\/wp\/v2\/pages\/28528\/revisions"}],"predecessor-version":[{"id":28534,"href":"https:\/\/bien-etreiris.ch\/de\/wp-json\/wp\/v2\/pages\/28528\/revisions\/28534"}],"up":[{"embeddable":true,"href":"https:\/\/bien-etreiris.ch\/de\/wp-json\/wp\/v2\/pages\/13795"}],"wp:featuredmedia":[{"embeddable":true,"href":"https:\/\/bien-etreiris.ch\/de\/wp-json\/wp\/v2\/media\/27915"}],"wp:attachment":[{"href":"https:\/\/bien-etreiris.ch\/de\/wp-json\/wp\/v2\/media?parent=28528"}],"curies":[{"name":"wp","href":"https:\/\/api.w.org\/{rel}","templated":true}]}}