{"id":28521,"date":"2019-09-06T18:31:35","date_gmt":"2019-09-06T18:31:35","guid":{"rendered":"https:\/\/bien-etreiris.ch\/wohlbefinden\/basische-produkte-p-jentschura\/7-x-7-kraeuter-tee\/7x7-virgin-herb-caipi\/"},"modified":"2019-09-07T13:29:09","modified_gmt":"2019-09-07T13:29:09","slug":"7x7-virgin-herb-caipi","status":"publish","type":"page","link":"https:\/\/bien-etreiris.ch\/de\/produktpraesentation\/natuerliche-heilmittel\/saeure-basen-haushalt\/7-x-7-kraeuter-tee\/7x7-virgin-herb-caipi\/","title":{"rendered":"VIRGIN HERB"},"content":{"rendered":"\n<h2 class=\"wp-block-heading\"> <br><strong>7x7 Virgin Herb Caipi<\/strong> <\/h2>\n\n\n<p><a href=\"https:\/\/decoiris.ch\/wp-content\/uploads\/2019\/09\/7x7-Virgin-Herb-Caipi-innen.jpg\"><img loading=\"lazy\" decoding=\"async\" class=\"alignnone wp-image-28234 size-full\" src=\"https:\/\/decoiris.ch\/wp-content\/uploads\/2019\/09\/7x7-Virgin-Herb-Caipi-innen.jpg\" alt=\"\" width=\"820\" height=\"575\" srcset=\"https:\/\/bien-etreiris.ch\/wp-content\/uploads\/2019\/09\/7x7-Virgin-Herb-Caipi-innen.jpg 820w, https:\/\/bien-etreiris.ch\/wp-content\/uploads\/2019\/09\/7x7-Virgin-Herb-Caipi-innen-300x210.jpg 300w, https:\/\/bien-etreiris.ch\/wp-content\/uploads\/2019\/09\/7x7-Virgin-Herb-Caipi-innen-768x539.jpg 768w\" sizes=\"auto, (max-width: 820px) 100vw, 820px\" \/><\/a><\/p>\n<h4 class=\"headline\"><strong>Zutaten f\u00fcr 4 Gl\u00e4ser<\/strong><\/h4>\n<table class=\"tablesaw tablesaw-stack table-recipe\" data-tablesaw-mode=\"stack\">\n<tbody>\n<tr>\n<td class=\"value\">400 ml<\/td>\n<td class=\"ingredient\" data-sr-id=\"1\">7x7 Kr\u00e4uterTee, kalt<\/td>\n<\/tr>\n<tr>\n<td class=\"value\">200 ml<\/td>\n<td class=\"ingredient\" data-sr-id=\"3\">Bitter Lemon<\/td>\n<\/tr>\n<tr>\n<td class=\"value\">4<\/td>\n<td class=\"ingredient\" data-sr-id=\"4\">Limetten<\/td>\n<\/tr>\n<tr>\n<td class=\"value\">4 TL<\/td>\n<td class=\"ingredient\" data-sr-id=\"5\">Rohrohrzucker<\/td>\n<\/tr>\n<tr>\n<td class=\"value\">4 St\u00e4ngel<\/td>\n<td class=\"ingredient\" data-sr-id=\"6\">frische Minze<\/td>\n<\/tr>\n<tr>\n<td class=\"value\">&nbsp;<\/td>\n<td class=\"ingredient\" data-sr-id=\"7\">Eis f\u00fcr 4 Gl\u00e4ser<\/td>\n<\/tr>\n<\/tbody>\n<\/table>\n<p>&nbsp;<\/p>\n<div class=\"recipe-preparation\">\n<h4>&nbsp;<\/h4>\n<div class=\"recipe-preparation\">\n<h4 class=\"headline\"><strong>Zubereitung<\/strong><\/h4>\n<p>Wasser zum Kochen bringen, dann den Tee aufgie\u00dfen, ziehen und anschlie\u00dfend abk\u00fchlen lassen. Pro Glas eine in Viertel geteilte Limette mit je einem Teel\u00f6ffel Rohrohrzucker zerdr\u00fccken.<\/p>\n<p>Mit Eis auff\u00fcllen und je 100 ml Tee und 50 ml Bitter Lemon hinzugeben. Abschlie\u00dfend mit der Minze garnieren.<\/p>\n<\/div>\n<\/div>","protected":false},"excerpt":{"rendered":"<p>7x7 Virgin Herb Caipi Zutaten f\u00fcr 4 Gl\u00e4ser 400 ml 7x7 Kr\u00e4uterTee, kalt 200 ml Bitter Lemon 4 Limetten 4 TL Rohrohrzucker 4 St\u00e4ngel frische Minze &nbsp; Eis f\u00fcr 4 Gl\u00e4ser &nbsp; &nbsp; Zubereitung Wasser zum Kochen bringen, dann den Tee aufgie\u00dfen, ziehen und anschlie\u00dfend abk\u00fchlen lassen. Pro Glas eine in Viertel geteilte Limette mit je einem Teel\u00f6ffel Rohrohrzucker zerdr\u00fccken.&nbsp;<a href=\"https:\/\/bien-etreiris.ch\/de\/produktpraesentation\/natuerliche-heilmittel\/saeure-basen-haushalt\/7-x-7-kraeuter-tee\/7x7-virgin-herb-caipi\/\" class=\"read-more\">Weiter lesen<\/a><\/p>\n","protected":false},"author":1,"featured_media":27894,"parent":13795,"menu_order":7294,"comment_status":"closed","ping_status":"closed","template":"page-with-child.php","meta":{"_acf_changed":false,"ngg_post_thumbnail":0,"footnotes":""},"class_list":["post-28521","page","type-page","status-publish","has-post-thumbnail","hentry"],"acf":[],"yoast_head":"<!-- This site is optimized with the Yoast SEO plugin v27.5 - https:\/\/yoast.com\/product\/yoast-seo-wordpress\/ -->\n<title>VIRGIN HERB - WOHLBEFINDEN<\/title>\n<meta name=\"robots\" content=\"index, follow, max-snippet:-1, max-image-preview:large, max-video-preview:-1\" \/>\n<link rel=\"canonical\" href=\"https:\/\/bien-etreiris.ch\/de\/produktpraesentation\/natuerliche-heilmittel\/saeure-basen-haushalt\/7-x-7-kraeuter-tee\/7x7-virgin-herb-caipi\/\" \/>\n<meta property=\"og:locale\" content=\"de_DE\" \/>\n<meta property=\"og:type\" content=\"article\" \/>\n<meta property=\"og:title\" content=\"VIRGIN HERB - WOHLBEFINDEN\" \/>\n<meta property=\"og:description\" content=\"7x7 Virgin Herb Caipi Zutaten f\u00fcr 4 Gl\u00e4ser 400 ml 7x7 Kr\u00e4uterTee, kalt 200 ml Bitter Lemon 4 Limetten 4 TL Rohrohrzucker 4 St\u00e4ngel frische Minze &nbsp; Eis f\u00fcr 4 Gl\u00e4ser &nbsp; &nbsp; Zubereitung Wasser zum Kochen bringen, dann den Tee aufgie\u00dfen, ziehen und anschlie\u00dfend abk\u00fchlen lassen. Pro Glas eine in Viertel geteilte Limette mit je einem Teel\u00f6ffel Rohrohrzucker zerdr\u00fccken.&nbsp;Weiter lesen\" \/>\n<meta property=\"og:url\" content=\"https:\/\/bien-etreiris.ch\/de\/produktpraesentation\/natuerliche-heilmittel\/saeure-basen-haushalt\/7-x-7-kraeuter-tee\/7x7-virgin-herb-caipi\/\" \/>\n<meta property=\"og:site_name\" content=\"WOHLBEFINDEN\" \/>\n<meta property=\"article:publisher\" content=\"https:\/\/www.facebook.com\/bienetreiris\/\" \/>\n<meta property=\"article:modified_time\" content=\"2019-09-07T13:29:09+00:00\" \/>\n<meta property=\"og:image\" content=\"https:\/\/bien-etreiris.ch\/wp-content\/uploads\/2019\/09\/7x7-Virgin-Herb-Caipi.jpg\" \/>\n\t<meta property=\"og:image:width\" content=\"550\" \/>\n\t<meta property=\"og:image:height\" content=\"386\" \/>\n\t<meta property=\"og:image:type\" content=\"image\/jpeg\" \/>\n<script type=\"application\/ld+json\" class=\"yoast-schema-graph\">{\"@context\":\"https:\\\/\\\/schema.org\",\"@graph\":[{\"@type\":\"WebPage\",\"@id\":\"https:\\\/\\\/bien-etreiris.ch\\\/de\\\/produktpraesentation\\\/natuerliche-heilmittel\\\/saeure-basen-haushalt\\\/7-x-7-kraeuter-tee\\\/7x7-virgin-herb-caipi\\\/\",\"url\":\"https:\\\/\\\/bien-etreiris.ch\\\/de\\\/produktpraesentation\\\/natuerliche-heilmittel\\\/saeure-basen-haushalt\\\/7-x-7-kraeuter-tee\\\/7x7-virgin-herb-caipi\\\/\",\"name\":\"VIRGIN HERB - WOHLBEFINDEN\",\"isPartOf\":{\"@id\":\"https:\\\/\\\/bien-etreiris.ch\\\/de\\\/#website\"},\"primaryImageOfPage\":{\"@id\":\"https:\\\/\\\/bien-etreiris.ch\\\/de\\\/produktpraesentation\\\/natuerliche-heilmittel\\\/saeure-basen-haushalt\\\/7-x-7-kraeuter-tee\\\/7x7-virgin-herb-caipi\\\/#primaryimage\"},\"image\":{\"@id\":\"https:\\\/\\\/bien-etreiris.ch\\\/de\\\/produktpraesentation\\\/natuerliche-heilmittel\\\/saeure-basen-haushalt\\\/7-x-7-kraeuter-tee\\\/7x7-virgin-herb-caipi\\\/#primaryimage\"},\"thumbnailUrl\":\"https:\\\/\\\/bien-etreiris.ch\\\/wp-content\\\/uploads\\\/2019\\\/09\\\/7x7-Virgin-Herb-Caipi.jpg\",\"datePublished\":\"2019-09-06T18:31:35+00:00\",\"dateModified\":\"2019-09-07T13:29:09+00:00\",\"breadcrumb\":{\"@id\":\"https:\\\/\\\/bien-etreiris.ch\\\/de\\\/produktpraesentation\\\/natuerliche-heilmittel\\\/saeure-basen-haushalt\\\/7-x-7-kraeuter-tee\\\/7x7-virgin-herb-caipi\\\/#breadcrumb\"},\"inLanguage\":\"de\",\"potentialAction\":[{\"@type\":\"ReadAction\",\"target\":[\"https:\\\/\\\/bien-etreiris.ch\\\/de\\\/produktpraesentation\\\/natuerliche-heilmittel\\\/saeure-basen-haushalt\\\/7-x-7-kraeuter-tee\\\/7x7-virgin-herb-caipi\\\/\"]}]},{\"@type\":\"ImageObject\",\"inLanguage\":\"de\",\"@id\":\"https:\\\/\\\/bien-etreiris.ch\\\/de\\\/produktpraesentation\\\/natuerliche-heilmittel\\\/saeure-basen-haushalt\\\/7-x-7-kraeuter-tee\\\/7x7-virgin-herb-caipi\\\/#primaryimage\",\"url\":\"https:\\\/\\\/bien-etreiris.ch\\\/wp-content\\\/uploads\\\/2019\\\/09\\\/7x7-Virgin-Herb-Caipi.jpg\",\"contentUrl\":\"https:\\\/\\\/bien-etreiris.ch\\\/wp-content\\\/uploads\\\/2019\\\/09\\\/7x7-Virgin-Herb-Caipi.jpg\",\"width\":550,\"height\":386},{\"@type\":\"BreadcrumbList\",\"@id\":\"https:\\\/\\\/bien-etreiris.ch\\\/de\\\/produktpraesentation\\\/natuerliche-heilmittel\\\/saeure-basen-haushalt\\\/7-x-7-kraeuter-tee\\\/7x7-virgin-herb-caipi\\\/#breadcrumb\",\"itemListElement\":[{\"@type\":\"ListItem\",\"position\":1,\"name\":\"Home\",\"item\":\"https:\\\/\\\/bien-etreiris.ch\\\/de\\\/\"},{\"@type\":\"ListItem\",\"position\":2,\"name\":\"PRODUKTPR\u00c4SENTATION\",\"item\":\"https:\\\/\\\/bien-etreiris.ch\\\/de\\\/produktpraesentation\\\/\"},{\"@type\":\"ListItem\",\"position\":3,\"name\":\"NAT\u00dcRLICHE HEILMITTEL\",\"item\":\"https:\\\/\\\/bien-etreiris.ch\\\/de\\\/produktpraesentation\\\/natuerliche-heilmittel\\\/\"},{\"@type\":\"ListItem\",\"position\":4,\"name\":\"S\u00c4URE-BASEN-HAUSHALT\",\"item\":\"https:\\\/\\\/bien-etreiris.ch\\\/de\\\/produktpraesentation\\\/natuerliche-heilmittel\\\/saeure-basen-haushalt\\\/\"},{\"@type\":\"ListItem\",\"position\":5,\"name\":\"7 x 7 KR\u00c4UTER TEE\",\"item\":\"https:\\\/\\\/bien-etreiris.ch\\\/de\\\/produktpraesentation\\\/natuerliche-heilmittel\\\/saeure-basen-haushalt\\\/7-x-7-kraeuter-tee\\\/\"},{\"@type\":\"ListItem\",\"position\":6,\"name\":\"VIRGIN HERB\"}]},{\"@type\":\"WebSite\",\"@id\":\"https:\\\/\\\/bien-etreiris.ch\\\/de\\\/#website\",\"url\":\"https:\\\/\\\/bien-etreiris.ch\\\/de\\\/\",\"name\":\"Bien-\u00eatre Iris\",\"description\":\"IHRE Gesundheit ist uns wichtig\",\"potentialAction\":[{\"@type\":\"SearchAction\",\"target\":{\"@type\":\"EntryPoint\",\"urlTemplate\":\"https:\\\/\\\/bien-etreiris.ch\\\/de\\\/?s={search_term_string}\"},\"query-input\":{\"@type\":\"PropertyValueSpecification\",\"valueRequired\":true,\"valueName\":\"search_term_string\"}}],\"inLanguage\":\"de\"}]}<\/script>\n<!-- \/ Yoast SEO plugin. -->","yoast_head_json":{"title":"VIRGIN HERB - WOHLBEFINDEN","robots":{"index":"index","follow":"follow","max-snippet":"max-snippet:-1","max-image-preview":"max-image-preview:large","max-video-preview":"max-video-preview:-1"},"canonical":"https:\/\/bien-etreiris.ch\/de\/produktpraesentation\/natuerliche-heilmittel\/saeure-basen-haushalt\/7-x-7-kraeuter-tee\/7x7-virgin-herb-caipi\/","og_locale":"de_DE","og_type":"article","og_title":"VIRGIN HERB - WOHLBEFINDEN","og_description":"7x7 Virgin Herb Caipi Zutaten f\u00fcr 4 Gl\u00e4ser 400 ml 7x7 Kr\u00e4uterTee, kalt 200 ml Bitter Lemon 4 Limetten 4 TL Rohrohrzucker 4 St\u00e4ngel frische Minze &nbsp; Eis f\u00fcr 4 Gl\u00e4ser &nbsp; &nbsp; Zubereitung Wasser zum Kochen bringen, dann den Tee aufgie\u00dfen, ziehen und anschlie\u00dfend abk\u00fchlen lassen. Pro Glas eine in Viertel geteilte Limette mit je einem Teel\u00f6ffel Rohrohrzucker zerdr\u00fccken.&nbsp;Weiter lesen","og_url":"https:\/\/bien-etreiris.ch\/de\/produktpraesentation\/natuerliche-heilmittel\/saeure-basen-haushalt\/7-x-7-kraeuter-tee\/7x7-virgin-herb-caipi\/","og_site_name":"WOHLBEFINDEN","article_publisher":"https:\/\/www.facebook.com\/bienetreiris\/","article_modified_time":"2019-09-07T13:29:09+00:00","og_image":[{"width":550,"height":386,"url":"https:\/\/bien-etreiris.ch\/wp-content\/uploads\/2019\/09\/7x7-Virgin-Herb-Caipi.jpg","type":"image\/jpeg"}],"schema":{"@context":"https:\/\/schema.org","@graph":[{"@type":"WebPage","@id":"https:\/\/bien-etreiris.ch\/de\/produktpraesentation\/natuerliche-heilmittel\/saeure-basen-haushalt\/7-x-7-kraeuter-tee\/7x7-virgin-herb-caipi\/","url":"https:\/\/bien-etreiris.ch\/de\/produktpraesentation\/natuerliche-heilmittel\/saeure-basen-haushalt\/7-x-7-kraeuter-tee\/7x7-virgin-herb-caipi\/","name":"VIRGIN HERB - WOHLBEFINDEN","isPartOf":{"@id":"https:\/\/bien-etreiris.ch\/de\/#website"},"primaryImageOfPage":{"@id":"https:\/\/bien-etreiris.ch\/de\/produktpraesentation\/natuerliche-heilmittel\/saeure-basen-haushalt\/7-x-7-kraeuter-tee\/7x7-virgin-herb-caipi\/#primaryimage"},"image":{"@id":"https:\/\/bien-etreiris.ch\/de\/produktpraesentation\/natuerliche-heilmittel\/saeure-basen-haushalt\/7-x-7-kraeuter-tee\/7x7-virgin-herb-caipi\/#primaryimage"},"thumbnailUrl":"https:\/\/bien-etreiris.ch\/wp-content\/uploads\/2019\/09\/7x7-Virgin-Herb-Caipi.jpg","datePublished":"2019-09-06T18:31:35+00:00","dateModified":"2019-09-07T13:29:09+00:00","breadcrumb":{"@id":"https:\/\/bien-etreiris.ch\/de\/produktpraesentation\/natuerliche-heilmittel\/saeure-basen-haushalt\/7-x-7-kraeuter-tee\/7x7-virgin-herb-caipi\/#breadcrumb"},"inLanguage":"de","potentialAction":[{"@type":"ReadAction","target":["https:\/\/bien-etreiris.ch\/de\/produktpraesentation\/natuerliche-heilmittel\/saeure-basen-haushalt\/7-x-7-kraeuter-tee\/7x7-virgin-herb-caipi\/"]}]},{"@type":"ImageObject","inLanguage":"de","@id":"https:\/\/bien-etreiris.ch\/de\/produktpraesentation\/natuerliche-heilmittel\/saeure-basen-haushalt\/7-x-7-kraeuter-tee\/7x7-virgin-herb-caipi\/#primaryimage","url":"https:\/\/bien-etreiris.ch\/wp-content\/uploads\/2019\/09\/7x7-Virgin-Herb-Caipi.jpg","contentUrl":"https:\/\/bien-etreiris.ch\/wp-content\/uploads\/2019\/09\/7x7-Virgin-Herb-Caipi.jpg","width":550,"height":386},{"@type":"BreadcrumbList","@id":"https:\/\/bien-etreiris.ch\/de\/produktpraesentation\/natuerliche-heilmittel\/saeure-basen-haushalt\/7-x-7-kraeuter-tee\/7x7-virgin-herb-caipi\/#breadcrumb","itemListElement":[{"@type":"ListItem","position":1,"name":"Home","item":"https:\/\/bien-etreiris.ch\/de\/"},{"@type":"ListItem","position":2,"name":"PRODUKTPR\u00c4SENTATION","item":"https:\/\/bien-etreiris.ch\/de\/produktpraesentation\/"},{"@type":"ListItem","position":3,"name":"NAT\u00dcRLICHE HEILMITTEL","item":"https:\/\/bien-etreiris.ch\/de\/produktpraesentation\/natuerliche-heilmittel\/"},{"@type":"ListItem","position":4,"name":"S\u00c4URE-BASEN-HAUSHALT","item":"https:\/\/bien-etreiris.ch\/de\/produktpraesentation\/natuerliche-heilmittel\/saeure-basen-haushalt\/"},{"@type":"ListItem","position":5,"name":"7 x 7 KR\u00c4UTER TEE","item":"https:\/\/bien-etreiris.ch\/de\/produktpraesentation\/natuerliche-heilmittel\/saeure-basen-haushalt\/7-x-7-kraeuter-tee\/"},{"@type":"ListItem","position":6,"name":"VIRGIN HERB"}]},{"@type":"WebSite","@id":"https:\/\/bien-etreiris.ch\/de\/#website","url":"https:\/\/bien-etreiris.ch\/de\/","name":"Bien-\u00eatre Iris","description":"IHRE Gesundheit ist uns wichtig","potentialAction":[{"@type":"SearchAction","target":{"@type":"EntryPoint","urlTemplate":"https:\/\/bien-etreiris.ch\/de\/?s={search_term_string}"},"query-input":{"@type":"PropertyValueSpecification","valueRequired":true,"valueName":"search_term_string"}}],"inLanguage":"de"}]}},"_links":{"self":[{"href":"https:\/\/bien-etreiris.ch\/de\/wp-json\/wp\/v2\/pages\/28521","targetHints":{"allow":["GET"]}}],"collection":[{"href":"https:\/\/bien-etreiris.ch\/de\/wp-json\/wp\/v2\/pages"}],"about":[{"href":"https:\/\/bien-etreiris.ch\/de\/wp-json\/wp\/v2\/types\/page"}],"author":[{"embeddable":true,"href":"https:\/\/bien-etreiris.ch\/de\/wp-json\/wp\/v2\/users\/1"}],"replies":[{"embeddable":true,"href":"https:\/\/bien-etreiris.ch\/de\/wp-json\/wp\/v2\/comments?post=28521"}],"version-history":[{"count":2,"href":"https:\/\/bien-etreiris.ch\/de\/wp-json\/wp\/v2\/pages\/28521\/revisions"}],"predecessor-version":[{"id":28525,"href":"https:\/\/bien-etreiris.ch\/de\/wp-json\/wp\/v2\/pages\/28521\/revisions\/28525"}],"up":[{"embeddable":true,"href":"https:\/\/bien-etreiris.ch\/de\/wp-json\/wp\/v2\/pages\/13795"}],"wp:featuredmedia":[{"embeddable":true,"href":"https:\/\/bien-etreiris.ch\/de\/wp-json\/wp\/v2\/media\/27894"}],"wp:attachment":[{"href":"https:\/\/bien-etreiris.ch\/de\/wp-json\/wp\/v2\/media?parent=28521"}],"curies":[{"name":"wp","href":"https:\/\/api.w.org\/{rel}","templated":true}]}}