{"id":28496,"date":"2019-09-06T19:08:58","date_gmt":"2019-09-06T19:08:58","guid":{"rendered":"https:\/\/bien-etreiris.ch\/wohlbefinden\/basische-produkte-p-jentschura\/7-x-7-kraeuter-tee\/linfusion-glacee-7x7-alcaplantes\/"},"modified":"2019-09-07T13:01:51","modified_gmt":"2019-09-07T13:01:51","slug":"7x7-kraeuter-eistee","status":"publish","type":"page","link":"https:\/\/bien-etreiris.ch\/de\/produktpraesentation\/natuerliche-heilmittel\/saeure-basen-haushalt\/7-x-7-kraeuter-tee\/7x7-kraeuter-eistee\/","title":{"rendered":"KR\u00c4UTER EISTEE"},"content":{"rendered":"\n<h2 class=\"wp-block-heading\"> <br>7x7 Kr\u00e4uter-Eistee <\/h2>\n\n\n<p><a href=\"https:\/\/decoiris.ch\/wp-content\/uploads\/2019\/09\/L\u2019infusion-glac\u00e9e-7x7-AlcaPlantes-innen.jpg\"><img loading=\"lazy\" decoding=\"async\" class=\"alignnone wp-image-28272 size-full\" src=\"https:\/\/decoiris.ch\/wp-content\/uploads\/2019\/09\/L\u2019infusion-glac\u00e9e-7x7-AlcaPlantes-innen.jpg\" alt=\"\" width=\"820\" height=\"687\" srcset=\"https:\/\/bien-etreiris.ch\/wp-content\/uploads\/2019\/09\/L\u2019infusion-glac\u00e9e-7x7-AlcaPlantes-innen.jpg 820w, https:\/\/bien-etreiris.ch\/wp-content\/uploads\/2019\/09\/L\u2019infusion-glac\u00e9e-7x7-AlcaPlantes-innen-300x251.jpg 300w, https:\/\/bien-etreiris.ch\/wp-content\/uploads\/2019\/09\/L\u2019infusion-glac\u00e9e-7x7-AlcaPlantes-innen-768x643.jpg 768w\" sizes=\"auto, (max-width: 820px) 100vw, 820px\" \/><\/a><\/p>\n<h4 class=\"headline\"><strong>Zutaten<\/strong><\/h4>\n<table class=\"tablesaw tablesaw-stack table-recipe\" data-tablesaw-mode=\"stack\">\n<tbody>\n<tr>\n<td class=\"value\">2 \u2013 3 Teebeutel<\/td>\n<td class=\"ingredient\" data-sr-id=\"1\">7x7 Kr\u00e4uterTee<\/td>\n<\/tr>\n<tr>\n<td class=\"value\">1<\/td>\n<td class=\"ingredient\" data-sr-id=\"3\">Bio-Zitrone<\/td>\n<\/tr>\n<tr>\n<td class=\"value\">&nbsp;<\/td>\n<td class=\"ingredient\" data-sr-id=\"4\">Minze nach Geschmack<\/td>\n<\/tr>\n<\/tbody>\n<\/table>\n<p>&nbsp;<\/p>\n<div class=\"recipe-preparation\">\n<h4>&nbsp;<\/h4>\n<div class=\"recipe-preparation\">\n<h4 class=\"headline\"><strong>Zubereitung<\/strong><\/h4>\n<p>1 Bio-Zitrone waschen und in Scheiben schneiden. Die Minze waschen und die Bl\u00e4tter abzupfen. Die Bl\u00e4tter mit den Zitronenscheiben und den Teebeuteln in einen Topf geben. Mit einem Liter kochendem Wasser \u00fcbergie\u00dfen, 2 \u2013 3 Minuten ziehen lassen und die Teebeutel herausnehmen.<\/p>\n<p>Den Tee f\u00fcr 1 \u2013 2 Stunden oder auch \u00fcber Nacht im K\u00fchlschrank abk\u00fchlen lassen. Diesen dann durch ein Sieb gie\u00dfen und ggf. mit Eisw\u00fcrfeln servieren. Evtl. nach Geschmack noch mit Agavendicksaft s\u00fc\u00dfen.<\/p>\n<\/div>\n<\/div>","protected":false},"excerpt":{"rendered":"<p>7x7 Kr\u00e4uter-Eistee Zutaten 2 \u2013 3 Teebeutel 7x7 Kr\u00e4uterTee 1 Bio-Zitrone &nbsp; Minze nach Geschmack &nbsp; &nbsp; Zubereitung 1 Bio-Zitrone waschen und in Scheiben schneiden. Die Minze waschen und die Bl\u00e4tter abzupfen. Die Bl\u00e4tter mit den Zitronenscheiben und den Teebeuteln in einen Topf geben. Mit einem Liter kochendem Wasser \u00fcbergie\u00dfen, 2 \u2013 3 Minuten ziehen lassen und die Teebeutel herausnehmen.&nbsp;<a href=\"https:\/\/bien-etreiris.ch\/de\/produktpraesentation\/natuerliche-heilmittel\/saeure-basen-haushalt\/7-x-7-kraeuter-tee\/7x7-kraeuter-eistee\/\" class=\"read-more\">Weiter lesen<\/a><\/p>\n","protected":false},"author":1,"featured_media":27912,"parent":13795,"menu_order":7276,"comment_status":"closed","ping_status":"closed","template":"page-with-child.php","meta":{"_acf_changed":false,"ngg_post_thumbnail":0,"footnotes":""},"class_list":["post-28496","page","type-page","status-publish","has-post-thumbnail","hentry"],"acf":[],"yoast_head":"<!-- This site is optimized with the Yoast SEO plugin v27.6 - https:\/\/yoast.com\/product\/yoast-seo-wordpress\/ -->\n<title>KR\u00c4UTER EISTEE - WOHLBEFINDEN<\/title>\n<meta name=\"robots\" content=\"index, follow, max-snippet:-1, max-image-preview:large, max-video-preview:-1\" \/>\n<link rel=\"canonical\" href=\"https:\/\/bien-etreiris.ch\/de\/produktpraesentation\/natuerliche-heilmittel\/saeure-basen-haushalt\/7-x-7-kraeuter-tee\/7x7-kraeuter-eistee\/\" \/>\n<meta property=\"og:locale\" content=\"de_DE\" \/>\n<meta property=\"og:type\" content=\"article\" \/>\n<meta property=\"og:title\" content=\"KR\u00c4UTER EISTEE - WOHLBEFINDEN\" \/>\n<meta property=\"og:description\" content=\"7x7 Kr\u00e4uter-Eistee Zutaten 2 \u2013 3 Teebeutel 7x7 Kr\u00e4uterTee 1 Bio-Zitrone &nbsp; Minze nach Geschmack &nbsp; &nbsp; Zubereitung 1 Bio-Zitrone waschen und in Scheiben schneiden. Die Minze waschen und die Bl\u00e4tter abzupfen. Die Bl\u00e4tter mit den Zitronenscheiben und den Teebeuteln in einen Topf geben. Mit einem Liter kochendem Wasser \u00fcbergie\u00dfen, 2 \u2013 3 Minuten ziehen lassen und die Teebeutel herausnehmen.&nbsp;Weiter lesen\" \/>\n<meta property=\"og:url\" content=\"https:\/\/bien-etreiris.ch\/de\/produktpraesentation\/natuerliche-heilmittel\/saeure-basen-haushalt\/7-x-7-kraeuter-tee\/7x7-kraeuter-eistee\/\" \/>\n<meta property=\"og:site_name\" content=\"WOHLBEFINDEN\" \/>\n<meta property=\"article:publisher\" content=\"https:\/\/www.facebook.com\/bienetreiris\/\" \/>\n<meta property=\"article:modified_time\" content=\"2019-09-07T13:01:51+00:00\" \/>\n<meta property=\"og:image\" content=\"https:\/\/bien-etreiris.ch\/wp-content\/uploads\/2019\/09\/L\u2019infusion-glac\u00e9e-7x7-AlcaPlantes.jpg\" \/>\n\t<meta property=\"og:image:width\" content=\"550\" \/>\n\t<meta property=\"og:image:height\" content=\"367\" \/>\n\t<meta property=\"og:image:type\" content=\"image\/jpeg\" \/>\n<script type=\"application\/ld+json\" class=\"yoast-schema-graph\">{\"@context\":\"https:\\\/\\\/schema.org\",\"@graph\":[{\"@type\":\"WebPage\",\"@id\":\"https:\\\/\\\/bien-etreiris.ch\\\/de\\\/produktpraesentation\\\/natuerliche-heilmittel\\\/saeure-basen-haushalt\\\/7-x-7-kraeuter-tee\\\/7x7-kraeuter-eistee\\\/\",\"url\":\"https:\\\/\\\/bien-etreiris.ch\\\/de\\\/produktpraesentation\\\/natuerliche-heilmittel\\\/saeure-basen-haushalt\\\/7-x-7-kraeuter-tee\\\/7x7-kraeuter-eistee\\\/\",\"name\":\"KR\u00c4UTER EISTEE - WOHLBEFINDEN\",\"isPartOf\":{\"@id\":\"https:\\\/\\\/bien-etreiris.ch\\\/de\\\/#website\"},\"primaryImageOfPage\":{\"@id\":\"https:\\\/\\\/bien-etreiris.ch\\\/de\\\/produktpraesentation\\\/natuerliche-heilmittel\\\/saeure-basen-haushalt\\\/7-x-7-kraeuter-tee\\\/7x7-kraeuter-eistee\\\/#primaryimage\"},\"image\":{\"@id\":\"https:\\\/\\\/bien-etreiris.ch\\\/de\\\/produktpraesentation\\\/natuerliche-heilmittel\\\/saeure-basen-haushalt\\\/7-x-7-kraeuter-tee\\\/7x7-kraeuter-eistee\\\/#primaryimage\"},\"thumbnailUrl\":\"https:\\\/\\\/bien-etreiris.ch\\\/wp-content\\\/uploads\\\/2019\\\/09\\\/L\u2019infusion-glac\u00e9e-7x7-AlcaPlantes.jpg\",\"datePublished\":\"2019-09-06T19:08:58+00:00\",\"dateModified\":\"2019-09-07T13:01:51+00:00\",\"breadcrumb\":{\"@id\":\"https:\\\/\\\/bien-etreiris.ch\\\/de\\\/produktpraesentation\\\/natuerliche-heilmittel\\\/saeure-basen-haushalt\\\/7-x-7-kraeuter-tee\\\/7x7-kraeuter-eistee\\\/#breadcrumb\"},\"inLanguage\":\"de\",\"potentialAction\":[{\"@type\":\"ReadAction\",\"target\":[\"https:\\\/\\\/bien-etreiris.ch\\\/de\\\/produktpraesentation\\\/natuerliche-heilmittel\\\/saeure-basen-haushalt\\\/7-x-7-kraeuter-tee\\\/7x7-kraeuter-eistee\\\/\"]}]},{\"@type\":\"ImageObject\",\"inLanguage\":\"de\",\"@id\":\"https:\\\/\\\/bien-etreiris.ch\\\/de\\\/produktpraesentation\\\/natuerliche-heilmittel\\\/saeure-basen-haushalt\\\/7-x-7-kraeuter-tee\\\/7x7-kraeuter-eistee\\\/#primaryimage\",\"url\":\"https:\\\/\\\/bien-etreiris.ch\\\/wp-content\\\/uploads\\\/2019\\\/09\\\/L\u2019infusion-glac\u00e9e-7x7-AlcaPlantes.jpg\",\"contentUrl\":\"https:\\\/\\\/bien-etreiris.ch\\\/wp-content\\\/uploads\\\/2019\\\/09\\\/L\u2019infusion-glac\u00e9e-7x7-AlcaPlantes.jpg\",\"width\":550,\"height\":367},{\"@type\":\"BreadcrumbList\",\"@id\":\"https:\\\/\\\/bien-etreiris.ch\\\/de\\\/produktpraesentation\\\/natuerliche-heilmittel\\\/saeure-basen-haushalt\\\/7-x-7-kraeuter-tee\\\/7x7-kraeuter-eistee\\\/#breadcrumb\",\"itemListElement\":[{\"@type\":\"ListItem\",\"position\":1,\"name\":\"Home\",\"item\":\"https:\\\/\\\/bien-etreiris.ch\\\/de\\\/\"},{\"@type\":\"ListItem\",\"position\":2,\"name\":\"PRODUKTPR\u00c4SENTATION\",\"item\":\"https:\\\/\\\/bien-etreiris.ch\\\/de\\\/produktpraesentation\\\/\"},{\"@type\":\"ListItem\",\"position\":3,\"name\":\"NAT\u00dcRLICHE HEILMITTEL\",\"item\":\"https:\\\/\\\/bien-etreiris.ch\\\/de\\\/produktpraesentation\\\/natuerliche-heilmittel\\\/\"},{\"@type\":\"ListItem\",\"position\":4,\"name\":\"S\u00c4URE-BASEN-HAUSHALT\",\"item\":\"https:\\\/\\\/bien-etreiris.ch\\\/de\\\/produktpraesentation\\\/natuerliche-heilmittel\\\/saeure-basen-haushalt\\\/\"},{\"@type\":\"ListItem\",\"position\":5,\"name\":\"7 x 7 KR\u00c4UTER TEE\",\"item\":\"https:\\\/\\\/bien-etreiris.ch\\\/de\\\/produktpraesentation\\\/natuerliche-heilmittel\\\/saeure-basen-haushalt\\\/7-x-7-kraeuter-tee\\\/\"},{\"@type\":\"ListItem\",\"position\":6,\"name\":\"KR\u00c4UTER EISTEE\"}]},{\"@type\":\"WebSite\",\"@id\":\"https:\\\/\\\/bien-etreiris.ch\\\/de\\\/#website\",\"url\":\"https:\\\/\\\/bien-etreiris.ch\\\/de\\\/\",\"name\":\"Bien-\u00eatre Iris\",\"description\":\"IHRE Gesundheit ist uns wichtig\",\"potentialAction\":[{\"@type\":\"SearchAction\",\"target\":{\"@type\":\"EntryPoint\",\"urlTemplate\":\"https:\\\/\\\/bien-etreiris.ch\\\/de\\\/?s={search_term_string}\"},\"query-input\":{\"@type\":\"PropertyValueSpecification\",\"valueRequired\":true,\"valueName\":\"search_term_string\"}}],\"inLanguage\":\"de\"}]}<\/script>\n<!-- \/ Yoast SEO plugin. -->","yoast_head_json":{"title":"KR\u00c4UTER EISTEE - WOHLBEFINDEN","robots":{"index":"index","follow":"follow","max-snippet":"max-snippet:-1","max-image-preview":"max-image-preview:large","max-video-preview":"max-video-preview:-1"},"canonical":"https:\/\/bien-etreiris.ch\/de\/produktpraesentation\/natuerliche-heilmittel\/saeure-basen-haushalt\/7-x-7-kraeuter-tee\/7x7-kraeuter-eistee\/","og_locale":"de_DE","og_type":"article","og_title":"KR\u00c4UTER EISTEE - WOHLBEFINDEN","og_description":"7x7 Kr\u00e4uter-Eistee Zutaten 2 \u2013 3 Teebeutel 7x7 Kr\u00e4uterTee 1 Bio-Zitrone &nbsp; Minze nach Geschmack &nbsp; &nbsp; Zubereitung 1 Bio-Zitrone waschen und in Scheiben schneiden. Die Minze waschen und die Bl\u00e4tter abzupfen. Die Bl\u00e4tter mit den Zitronenscheiben und den Teebeuteln in einen Topf geben. Mit einem Liter kochendem Wasser \u00fcbergie\u00dfen, 2 \u2013 3 Minuten ziehen lassen und die Teebeutel herausnehmen.&nbsp;Weiter lesen","og_url":"https:\/\/bien-etreiris.ch\/de\/produktpraesentation\/natuerliche-heilmittel\/saeure-basen-haushalt\/7-x-7-kraeuter-tee\/7x7-kraeuter-eistee\/","og_site_name":"WOHLBEFINDEN","article_publisher":"https:\/\/www.facebook.com\/bienetreiris\/","article_modified_time":"2019-09-07T13:01:51+00:00","og_image":[{"width":550,"height":367,"url":"https:\/\/bien-etreiris.ch\/wp-content\/uploads\/2019\/09\/L\u2019infusion-glac\u00e9e-7x7-AlcaPlantes.jpg","type":"image\/jpeg"}],"schema":{"@context":"https:\/\/schema.org","@graph":[{"@type":"WebPage","@id":"https:\/\/bien-etreiris.ch\/de\/produktpraesentation\/natuerliche-heilmittel\/saeure-basen-haushalt\/7-x-7-kraeuter-tee\/7x7-kraeuter-eistee\/","url":"https:\/\/bien-etreiris.ch\/de\/produktpraesentation\/natuerliche-heilmittel\/saeure-basen-haushalt\/7-x-7-kraeuter-tee\/7x7-kraeuter-eistee\/","name":"KR\u00c4UTER EISTEE - WOHLBEFINDEN","isPartOf":{"@id":"https:\/\/bien-etreiris.ch\/de\/#website"},"primaryImageOfPage":{"@id":"https:\/\/bien-etreiris.ch\/de\/produktpraesentation\/natuerliche-heilmittel\/saeure-basen-haushalt\/7-x-7-kraeuter-tee\/7x7-kraeuter-eistee\/#primaryimage"},"image":{"@id":"https:\/\/bien-etreiris.ch\/de\/produktpraesentation\/natuerliche-heilmittel\/saeure-basen-haushalt\/7-x-7-kraeuter-tee\/7x7-kraeuter-eistee\/#primaryimage"},"thumbnailUrl":"https:\/\/bien-etreiris.ch\/wp-content\/uploads\/2019\/09\/L\u2019infusion-glac\u00e9e-7x7-AlcaPlantes.jpg","datePublished":"2019-09-06T19:08:58+00:00","dateModified":"2019-09-07T13:01:51+00:00","breadcrumb":{"@id":"https:\/\/bien-etreiris.ch\/de\/produktpraesentation\/natuerliche-heilmittel\/saeure-basen-haushalt\/7-x-7-kraeuter-tee\/7x7-kraeuter-eistee\/#breadcrumb"},"inLanguage":"de","potentialAction":[{"@type":"ReadAction","target":["https:\/\/bien-etreiris.ch\/de\/produktpraesentation\/natuerliche-heilmittel\/saeure-basen-haushalt\/7-x-7-kraeuter-tee\/7x7-kraeuter-eistee\/"]}]},{"@type":"ImageObject","inLanguage":"de","@id":"https:\/\/bien-etreiris.ch\/de\/produktpraesentation\/natuerliche-heilmittel\/saeure-basen-haushalt\/7-x-7-kraeuter-tee\/7x7-kraeuter-eistee\/#primaryimage","url":"https:\/\/bien-etreiris.ch\/wp-content\/uploads\/2019\/09\/L\u2019infusion-glac\u00e9e-7x7-AlcaPlantes.jpg","contentUrl":"https:\/\/bien-etreiris.ch\/wp-content\/uploads\/2019\/09\/L\u2019infusion-glac\u00e9e-7x7-AlcaPlantes.jpg","width":550,"height":367},{"@type":"BreadcrumbList","@id":"https:\/\/bien-etreiris.ch\/de\/produktpraesentation\/natuerliche-heilmittel\/saeure-basen-haushalt\/7-x-7-kraeuter-tee\/7x7-kraeuter-eistee\/#breadcrumb","itemListElement":[{"@type":"ListItem","position":1,"name":"Home","item":"https:\/\/bien-etreiris.ch\/de\/"},{"@type":"ListItem","position":2,"name":"PRODUKTPR\u00c4SENTATION","item":"https:\/\/bien-etreiris.ch\/de\/produktpraesentation\/"},{"@type":"ListItem","position":3,"name":"NAT\u00dcRLICHE HEILMITTEL","item":"https:\/\/bien-etreiris.ch\/de\/produktpraesentation\/natuerliche-heilmittel\/"},{"@type":"ListItem","position":4,"name":"S\u00c4URE-BASEN-HAUSHALT","item":"https:\/\/bien-etreiris.ch\/de\/produktpraesentation\/natuerliche-heilmittel\/saeure-basen-haushalt\/"},{"@type":"ListItem","position":5,"name":"7 x 7 KR\u00c4UTER TEE","item":"https:\/\/bien-etreiris.ch\/de\/produktpraesentation\/natuerliche-heilmittel\/saeure-basen-haushalt\/7-x-7-kraeuter-tee\/"},{"@type":"ListItem","position":6,"name":"KR\u00c4UTER EISTEE"}]},{"@type":"WebSite","@id":"https:\/\/bien-etreiris.ch\/de\/#website","url":"https:\/\/bien-etreiris.ch\/de\/","name":"Bien-\u00eatre Iris","description":"IHRE Gesundheit ist uns wichtig","potentialAction":[{"@type":"SearchAction","target":{"@type":"EntryPoint","urlTemplate":"https:\/\/bien-etreiris.ch\/de\/?s={search_term_string}"},"query-input":{"@type":"PropertyValueSpecification","valueRequired":true,"valueName":"search_term_string"}}],"inLanguage":"de"}]}},"_links":{"self":[{"href":"https:\/\/bien-etreiris.ch\/de\/wp-json\/wp\/v2\/pages\/28496","targetHints":{"allow":["GET"]}}],"collection":[{"href":"https:\/\/bien-etreiris.ch\/de\/wp-json\/wp\/v2\/pages"}],"about":[{"href":"https:\/\/bien-etreiris.ch\/de\/wp-json\/wp\/v2\/types\/page"}],"author":[{"embeddable":true,"href":"https:\/\/bien-etreiris.ch\/de\/wp-json\/wp\/v2\/users\/1"}],"replies":[{"embeddable":true,"href":"https:\/\/bien-etreiris.ch\/de\/wp-json\/wp\/v2\/comments?post=28496"}],"version-history":[{"count":2,"href":"https:\/\/bien-etreiris.ch\/de\/wp-json\/wp\/v2\/pages\/28496\/revisions"}],"predecessor-version":[{"id":28501,"href":"https:\/\/bien-etreiris.ch\/de\/wp-json\/wp\/v2\/pages\/28496\/revisions\/28501"}],"up":[{"embeddable":true,"href":"https:\/\/bien-etreiris.ch\/de\/wp-json\/wp\/v2\/pages\/13795"}],"wp:featuredmedia":[{"embeddable":true,"href":"https:\/\/bien-etreiris.ch\/de\/wp-json\/wp\/v2\/media\/27912"}],"wp:attachment":[{"href":"https:\/\/bien-etreiris.ch\/de\/wp-json\/wp\/v2\/media?parent=28496"}],"curies":[{"name":"wp","href":"https:\/\/api.w.org\/{rel}","templated":true}]}}