{"id":27270,"date":"2019-08-28T10:19:43","date_gmt":"2019-08-28T10:19:43","guid":{"rendered":"https:\/\/bien-etreiris.ch\/wohlbefinden\/basische-produkte-p-jentschura\/alkawear-funktionswasche\/compresse-cou-front-textiles-alkawear\/"},"modified":"2019-08-28T10:57:15","modified_gmt":"2019-08-28T10:57:15","slug":"basischer-wickel-fur-hals-und-stirn","status":"publish","type":"page","link":"https:\/\/bien-etreiris.ch\/de\/produktpraesentation\/natuerliche-heilmittel\/saeure-basen-haushalt\/alkawear-funktionswaesche\/basischer-wickel-fur-hals-und-stirn\/","title":{"rendered":"HALS &#038; STIRN WICKEL"},"content":{"rendered":"\n<h2 class=\"wp-block-heading\"> <br>Basischer Hals und Stirn Wickel  <\/h2>\n\n\n<h2 class=\"subheadline\" data-sr-id=\"0\">AlkaWear Funktionsw\u00e4sche<\/h2>\n<p><a href=\"https:\/\/decoiris.ch\/wp-content\/uploads\/2019\/08\/Compresse-alcaline-pour-le-cou-et-le-front.jpg\"><img loading=\"lazy\" decoding=\"async\" class=\"size-medium wp-image-27252 alignleft\" src=\"https:\/\/decoiris.ch\/wp-content\/uploads\/2019\/08\/Compresse-alcaline-pour-le-cou-et-le-front-300x218.jpg\" alt=\"\" width=\"300\" height=\"218\" srcset=\"https:\/\/bien-etreiris.ch\/wp-content\/uploads\/2019\/08\/Compresse-alcaline-pour-le-cou-et-le-front-300x218.jpg 300w, https:\/\/bien-etreiris.ch\/wp-content\/uploads\/2019\/08\/Compresse-alcaline-pour-le-cou-et-le-front.jpg 400w\" sizes=\"auto, (max-width: 300px) 100vw, 300px\" \/><\/a><\/p>\n<p>&nbsp;<\/p>\n<div class=\"product-teaser\">\n<div>\n<ul class=\"list-with-checkmark\" style=\"list-style-type: disc;\">\n<li data-sr-id=\"11\">Einheitsgr\u00f6\u00dfe<\/li>\n<li data-sr-id=\"12\">mit praktischen B\u00e4ndern zum Befestigen<\/li>\n<li data-sr-id=\"13\">in hauseigener Produktion gefertigt<\/li>\n<li data-sr-id=\"14\">ressourcenschonend im Umgang mit Wasser und Energie<\/li>\n<li data-sr-id=\"15\">mobil und \u00f6rtlich unabh\u00e4ngig anwendbar \u2013 egal ob zu Hause oder auf Reisen<\/li>\n<\/ul>\n<\/div>\n<\/div>\n<p>1 Schachtel <strong>CHF 39.00<\/strong><\/p>\n<p>&nbsp;<\/p>\n<p>&nbsp;<\/p>\n<p>&nbsp;<\/p>\n<div class=\"product-body\">\n<div class=\"product-body\">\n<p>Sorgen Sie mithilfe Basischer Hals- und StirnWickel f\u00fcr eine effektive Reinigung dieser K\u00f6rperpartien. Warme Wickel helfen au\u00dferdem bei Hals- und Kopfschmerzen.<\/p>\n<p>Warme Wickel an Stirn, Hals und Gelenken f\u00fchren zu einer sp\u00fcrbaren Entlastung dieser Regionen und haben sich bei ersten Erk\u00e4ltungsanzeichen, Kopfschmerzen und Gelenkproblemen bew\u00e4hrt. Unser Hals- und Stirnwickel vereint diese gesundheitlichen Vorteile mit denen der basischen K\u00f6rperpflege und schafft gezielt Linderung.<\/p>\n<\/div>\n<\/div>\n<p>&nbsp;<\/p>\n<p>&nbsp;<\/p>\n<h2 data-sr-id=\"2\">Material<\/h2>\n<p>100 % Baumwollmull<\/p>\n<p>&nbsp;<\/p>\n<p><a href=\"https:\/\/decoiris.ch\/wp-content\/uploads\/2019\/06\/Handmade-germany-1.jpg\"><img loading=\"lazy\" decoding=\"async\" class=\"alignnone size-full wp-image-20402\" src=\"https:\/\/decoiris.ch\/wp-content\/uploads\/2019\/06\/Handmade-germany-1.jpg\" alt=\"\" width=\"115\" height=\"87\"><\/a><a href=\"https:\/\/decoiris.ch\/wp-content\/uploads\/2019\/06\/Oeko-TEX-2.jpg\"><img loading=\"lazy\" decoding=\"async\" class=\"alignnone size-full wp-image-20422\" src=\"https:\/\/decoiris.ch\/wp-content\/uploads\/2019\/06\/Oeko-TEX-2.jpg\" alt=\"\" width=\"168\" height=\"87\"><\/a><\/p>\n<p>&nbsp;<\/p>\n<p>&nbsp;<\/p>\n<p><a href=\"https:\/\/decoiris.ch\/wp-content\/uploads\/2019\/08\/pr\u00e9paration.jpg\"><img loading=\"lazy\" decoding=\"async\" class=\"alignright wp-image-27256 \" src=\"https:\/\/decoiris.ch\/wp-content\/uploads\/2019\/08\/pr\u00e9paration.jpg\" alt=\"\" width=\"357\" height=\"205\" srcset=\"https:\/\/bien-etreiris.ch\/wp-content\/uploads\/2019\/08\/pr\u00e9paration.jpg 550w, https:\/\/bien-etreiris.ch\/wp-content\/uploads\/2019\/08\/pr\u00e9paration-300x172.jpg 300w\" sizes=\"auto, (max-width: 357px) 100vw, 357px\" \/><\/a><\/p>\n<h2 class=\"section-with-image-headline word-wrap \" data-sr-id=\"3\">Vorbereitung<\/h2>\n<div class=\"image\">&nbsp;<\/div>\n<ol>\n<li>Einen Teel\u00f6ffel MeineBase in circa \u00bd Liter warmes Wasser streuen und gut aufl\u00f6sen.<\/li>\n<li>Die schmale H\u00e4lfte des Halswickels so weit in die Lauge eintauchen, dass das feuchte Ende einmal um den Hals gewickelt werden kann.<\/li>\n<li>Anschlie\u00dfend diesen feuchten Teil stramm auswringen, bis kein Tropfen mehr austritt<\/li>\n<\/ol>\n<p>&nbsp;<\/p>\n<p>&nbsp;<\/p>\n<p>&nbsp;<\/p>\n<p>&nbsp;<\/p>\n<p>&nbsp;<\/p>\n<p><a href=\"https:\/\/decoiris.ch\/wp-content\/uploads\/2019\/08\/application-2.jpg\"><img loading=\"lazy\" decoding=\"async\" class=\"size-medium wp-image-27259 alignleft\" src=\"https:\/\/decoiris.ch\/wp-content\/uploads\/2019\/08\/application-2-300x263.jpg\" alt=\"\" width=\"300\" height=\"263\" srcset=\"https:\/\/bien-etreiris.ch\/wp-content\/uploads\/2019\/08\/application-2-300x263.jpg 300w, https:\/\/bien-etreiris.ch\/wp-content\/uploads\/2019\/08\/application-2-768x672.jpg 768w, https:\/\/bien-etreiris.ch\/wp-content\/uploads\/2019\/08\/application-2.jpg 1000w\" sizes=\"auto, (max-width: 300px) 100vw, 300px\" \/><\/a><\/p>\n<div class=\"text\">\n<div>\n<h2 class=\"section-with-image-headline word-wrap \" data-sr-id=\"4\">Anwendung <span class=\"subheadline\">als StirnWickel<\/span><\/h2>\n<div class=\"image\">&nbsp;<\/div>\n<p>Den feuchten Teil des Stirnwickels auf die Stirn legen und den Kopf mit dem breiteren, trockenen Teil umwickeln. Die am Wickelende angebrachten B\u00e4nder in entgegengesetzter Richtung um die Stirn und den Kopf wickeln und mit einer Schleife fixieren.<\/p>\n<\/div>\n<\/div>\n<p>&nbsp;<\/p>\n<p>&nbsp;<\/p>\n<p>&nbsp;<\/p>\n<p><a href=\"https:\/\/decoiris.ch\/wp-content\/uploads\/2019\/08\/application-cou.jpg\"><img loading=\"lazy\" decoding=\"async\" class=\"size-medium wp-image-27262 alignright\" src=\"https:\/\/decoiris.ch\/wp-content\/uploads\/2019\/08\/application-cou-300x262.jpg\" alt=\"\" width=\"300\" height=\"262\" srcset=\"https:\/\/bien-etreiris.ch\/wp-content\/uploads\/2019\/08\/application-cou-300x262.jpg 300w, https:\/\/bien-etreiris.ch\/wp-content\/uploads\/2019\/08\/application-cou.jpg 550w\" sizes=\"auto, (max-width: 300px) 100vw, 300px\" \/><\/a><\/p>\n<div class=\"text\">\n<div>\n<h2 class=\"section-with-image-headline word-wrap \" data-sr-id=\"5\">Anwendung <span class=\"subheadline\">als HalsWickel<\/span><\/h2>\n<div class=\"image\">&nbsp;<\/div>\n<p>Die schmale, feuchte H\u00e4lfte des Wickels um den Hals legen und mit dem breiteren trockenen Teil umwickeln. Die am Wickelende angebrachten B\u00e4nder in entgegengesetzter Richtung um den Hals wickeln und mit einer Schleife fixieren.<\/p>\n<\/div>\n<\/div>\n<p>&nbsp;<\/p>\n<p>&nbsp;<\/p>\n<p>&nbsp;<\/p>\n<p>&nbsp;<\/p>\n<p>&nbsp;<\/p>\n<section class=\"container themenwelt-one-column\">\n<h2 class=\"word-wrap \" data-sr-id=\"6\">Waschanleitung<\/h2>\n<p>Mit Colourwaschmittel bei max. 60\u00b0 C in der Waschmaschine waschen. Nach dem Waschen sollte der Basische Hals- und StirnWickel in Form gezogen und getrocknet werden, ggf. in der Baumwolleinstellung b\u00fcgeln. Er kann auch bei niedrigen Temperaturen im Trockner getrocknet werden.<\/p>\n<p><strong>Hinweis:<\/strong> Getragene AlkaWear Textilien sind vom Umtausch ausgeschlossen.<\/p>\n<\/section>\n<p>&nbsp;<\/p>\n<p>&nbsp;<\/p>\n<p>&nbsp;<\/p>\n\n\n<figure class=\"wp-block-embed-youtube wp-block-embed is-type-video is-provider-youtube wp-embed-aspect-16-9 wp-has-aspect-ratio\"><div class=\"wp-block-embed__wrapper\">\n<iframe loading=\"lazy\" title=\"Trailer &quot;basisch leben&quot;: Neues Buch von P. Jentschura (Clip 2 von 3)\" width=\"604\" height=\"340\" src=\"https:\/\/www.youtube.com\/embed\/GHBuHGJKF2s?feature=oembed\" frameborder=\"0\" allow=\"accelerometer; autoplay; clipboard-write; encrypted-media; gyroscope; picture-in-picture; web-share\" referrerpolicy=\"strict-origin-when-cross-origin\" allowfullscreen><\/iframe>\n<\/div><\/figure>\n","protected":false},"excerpt":{"rendered":"<p>Basischer Hals und Stirn Wickel AlkaWear Funktionsw\u00e4sche &nbsp; Einheitsgr\u00f6\u00dfe mit praktischen B\u00e4ndern zum Befestigen in hauseigener Produktion gefertigt ressourcenschonend im Umgang mit Wasser und Energie mobil und \u00f6rtlich unabh\u00e4ngig anwendbar \u2013 egal ob zu Hause oder auf Reisen 1 Schachtel CHF 39.00 &nbsp; &nbsp; &nbsp; Sorgen Sie mithilfe Basischer Hals- und StirnWickel f\u00fcr eine effektive Reinigung dieser K\u00f6rperpartien. Warme Wickel&nbsp;<a href=\"https:\/\/bien-etreiris.ch\/de\/produktpraesentation\/natuerliche-heilmittel\/saeure-basen-haushalt\/alkawear-funktionswaesche\/basischer-wickel-fur-hals-und-stirn\/\" class=\"read-more\">Weiter lesen<\/a><\/p>\n","protected":false},"author":1,"featured_media":27251,"parent":20368,"menu_order":7383,"comment_status":"closed","ping_status":"closed","template":"page-with-child.php","meta":{"_acf_changed":false,"ngg_post_thumbnail":0,"footnotes":""},"class_list":["post-27270","page","type-page","status-publish","has-post-thumbnail","hentry"],"acf":[],"yoast_head":"<!-- This site is optimized with the Yoast SEO plugin v27.5 - https:\/\/yoast.com\/product\/yoast-seo-wordpress\/ -->\n<title>HALS &amp; STIRN WICKEL - WOHLBEFINDEN<\/title>\n<meta name=\"robots\" content=\"index, follow, max-snippet:-1, max-image-preview:large, max-video-preview:-1\" \/>\n<link rel=\"canonical\" href=\"https:\/\/bien-etreiris.ch\/de\/produktpraesentation\/natuerliche-heilmittel\/saeure-basen-haushalt\/alkawear-funktionswaesche\/basischer-wickel-fur-hals-und-stirn\/\" \/>\n<meta property=\"og:locale\" content=\"de_DE\" \/>\n<meta property=\"og:type\" content=\"article\" \/>\n<meta property=\"og:title\" content=\"HALS &amp; STIRN WICKEL - WOHLBEFINDEN\" \/>\n<meta property=\"og:description\" content=\"Basischer Hals und Stirn Wickel AlkaWear Funktionsw\u00e4sche &nbsp; Einheitsgr\u00f6\u00dfe mit praktischen B\u00e4ndern zum Befestigen in hauseigener Produktion gefertigt ressourcenschonend im Umgang mit Wasser und Energie mobil und \u00f6rtlich unabh\u00e4ngig anwendbar \u2013 egal ob zu Hause oder auf Reisen 1 Schachtel CHF 39.00 &nbsp; &nbsp; &nbsp; Sorgen Sie mithilfe Basischer Hals- und StirnWickel f\u00fcr eine effektive Reinigung dieser K\u00f6rperpartien. Warme Wickel&nbsp;Weiter lesen\" \/>\n<meta property=\"og:url\" content=\"https:\/\/bien-etreiris.ch\/de\/produktpraesentation\/natuerliche-heilmittel\/saeure-basen-haushalt\/alkawear-funktionswaesche\/basischer-wickel-fur-hals-und-stirn\/\" \/>\n<meta property=\"og:site_name\" content=\"WOHLBEFINDEN\" \/>\n<meta property=\"article:publisher\" content=\"https:\/\/www.facebook.com\/bienetreiris\/\" \/>\n<meta property=\"article:modified_time\" content=\"2019-08-28T10:57:15+00:00\" \/>\n<meta property=\"og:image\" content=\"https:\/\/bien-etreiris.ch\/wp-content\/uploads\/2019\/08\/application-1.jpg\" \/>\n\t<meta property=\"og:image:width\" content=\"1000\" \/>\n\t<meta property=\"og:image:height\" content=\"875\" \/>\n\t<meta property=\"og:image:type\" content=\"image\/jpeg\" \/>\n<meta name=\"twitter:label1\" content=\"Gesch\u00e4tzte Lesezeit\" \/>\n\t<meta name=\"twitter:data1\" content=\"2\u00a0Minuten\" \/>\n<script type=\"application\/ld+json\" class=\"yoast-schema-graph\">{\"@context\":\"https:\\\/\\\/schema.org\",\"@graph\":[{\"@type\":\"WebPage\",\"@id\":\"https:\\\/\\\/bien-etreiris.ch\\\/de\\\/produktpraesentation\\\/natuerliche-heilmittel\\\/saeure-basen-haushalt\\\/alkawear-funktionswaesche\\\/basischer-wickel-fur-hals-und-stirn\\\/\",\"url\":\"https:\\\/\\\/bien-etreiris.ch\\\/de\\\/produktpraesentation\\\/natuerliche-heilmittel\\\/saeure-basen-haushalt\\\/alkawear-funktionswaesche\\\/basischer-wickel-fur-hals-und-stirn\\\/\",\"name\":\"HALS & STIRN WICKEL - WOHLBEFINDEN\",\"isPartOf\":{\"@id\":\"https:\\\/\\\/bien-etreiris.ch\\\/de\\\/#website\"},\"primaryImageOfPage\":{\"@id\":\"https:\\\/\\\/bien-etreiris.ch\\\/de\\\/produktpraesentation\\\/natuerliche-heilmittel\\\/saeure-basen-haushalt\\\/alkawear-funktionswaesche\\\/basischer-wickel-fur-hals-und-stirn\\\/#primaryimage\"},\"image\":{\"@id\":\"https:\\\/\\\/bien-etreiris.ch\\\/de\\\/produktpraesentation\\\/natuerliche-heilmittel\\\/saeure-basen-haushalt\\\/alkawear-funktionswaesche\\\/basischer-wickel-fur-hals-und-stirn\\\/#primaryimage\"},\"thumbnailUrl\":\"https:\\\/\\\/bien-etreiris.ch\\\/wp-content\\\/uploads\\\/2019\\\/08\\\/application-1.jpg\",\"datePublished\":\"2019-08-28T10:19:43+00:00\",\"dateModified\":\"2019-08-28T10:57:15+00:00\",\"breadcrumb\":{\"@id\":\"https:\\\/\\\/bien-etreiris.ch\\\/de\\\/produktpraesentation\\\/natuerliche-heilmittel\\\/saeure-basen-haushalt\\\/alkawear-funktionswaesche\\\/basischer-wickel-fur-hals-und-stirn\\\/#breadcrumb\"},\"inLanguage\":\"de\",\"potentialAction\":[{\"@type\":\"ReadAction\",\"target\":[\"https:\\\/\\\/bien-etreiris.ch\\\/de\\\/produktpraesentation\\\/natuerliche-heilmittel\\\/saeure-basen-haushalt\\\/alkawear-funktionswaesche\\\/basischer-wickel-fur-hals-und-stirn\\\/\"]}]},{\"@type\":\"ImageObject\",\"inLanguage\":\"de\",\"@id\":\"https:\\\/\\\/bien-etreiris.ch\\\/de\\\/produktpraesentation\\\/natuerliche-heilmittel\\\/saeure-basen-haushalt\\\/alkawear-funktionswaesche\\\/basischer-wickel-fur-hals-und-stirn\\\/#primaryimage\",\"url\":\"https:\\\/\\\/bien-etreiris.ch\\\/wp-content\\\/uploads\\\/2019\\\/08\\\/application-1.jpg\",\"contentUrl\":\"https:\\\/\\\/bien-etreiris.ch\\\/wp-content\\\/uploads\\\/2019\\\/08\\\/application-1.jpg\",\"width\":1000,\"height\":875},{\"@type\":\"BreadcrumbList\",\"@id\":\"https:\\\/\\\/bien-etreiris.ch\\\/de\\\/produktpraesentation\\\/natuerliche-heilmittel\\\/saeure-basen-haushalt\\\/alkawear-funktionswaesche\\\/basischer-wickel-fur-hals-und-stirn\\\/#breadcrumb\",\"itemListElement\":[{\"@type\":\"ListItem\",\"position\":1,\"name\":\"Home\",\"item\":\"https:\\\/\\\/bien-etreiris.ch\\\/de\\\/\"},{\"@type\":\"ListItem\",\"position\":2,\"name\":\"PRODUKTPR\u00c4SENTATION\",\"item\":\"https:\\\/\\\/bien-etreiris.ch\\\/de\\\/produktpraesentation\\\/\"},{\"@type\":\"ListItem\",\"position\":3,\"name\":\"NAT\u00dcRLICHE HEILMITTEL\",\"item\":\"https:\\\/\\\/bien-etreiris.ch\\\/de\\\/produktpraesentation\\\/natuerliche-heilmittel\\\/\"},{\"@type\":\"ListItem\",\"position\":4,\"name\":\"S\u00c4URE-BASEN-HAUSHALT\",\"item\":\"https:\\\/\\\/bien-etreiris.ch\\\/de\\\/produktpraesentation\\\/natuerliche-heilmittel\\\/saeure-basen-haushalt\\\/\"},{\"@type\":\"ListItem\",\"position\":5,\"name\":\"ALKA WEAR\",\"item\":\"https:\\\/\\\/bien-etreiris.ch\\\/de\\\/produktpraesentation\\\/natuerliche-heilmittel\\\/saeure-basen-haushalt\\\/alkawear-funktionswaesche\\\/\"},{\"@type\":\"ListItem\",\"position\":6,\"name\":\"HALS &#038; STIRN WICKEL\"}]},{\"@type\":\"WebSite\",\"@id\":\"https:\\\/\\\/bien-etreiris.ch\\\/de\\\/#website\",\"url\":\"https:\\\/\\\/bien-etreiris.ch\\\/de\\\/\",\"name\":\"Bien-\u00eatre Iris\",\"description\":\"IHRE Gesundheit ist uns wichtig\",\"potentialAction\":[{\"@type\":\"SearchAction\",\"target\":{\"@type\":\"EntryPoint\",\"urlTemplate\":\"https:\\\/\\\/bien-etreiris.ch\\\/de\\\/?s={search_term_string}\"},\"query-input\":{\"@type\":\"PropertyValueSpecification\",\"valueRequired\":true,\"valueName\":\"search_term_string\"}}],\"inLanguage\":\"de\"}]}<\/script>\n<!-- \/ Yoast SEO plugin. -->","yoast_head_json":{"title":"HALS & STIRN WICKEL - WOHLBEFINDEN","robots":{"index":"index","follow":"follow","max-snippet":"max-snippet:-1","max-image-preview":"max-image-preview:large","max-video-preview":"max-video-preview:-1"},"canonical":"https:\/\/bien-etreiris.ch\/de\/produktpraesentation\/natuerliche-heilmittel\/saeure-basen-haushalt\/alkawear-funktionswaesche\/basischer-wickel-fur-hals-und-stirn\/","og_locale":"de_DE","og_type":"article","og_title":"HALS & STIRN WICKEL - WOHLBEFINDEN","og_description":"Basischer Hals und Stirn Wickel AlkaWear Funktionsw\u00e4sche &nbsp; Einheitsgr\u00f6\u00dfe mit praktischen B\u00e4ndern zum Befestigen in hauseigener Produktion gefertigt ressourcenschonend im Umgang mit Wasser und Energie mobil und \u00f6rtlich unabh\u00e4ngig anwendbar \u2013 egal ob zu Hause oder auf Reisen 1 Schachtel CHF 39.00 &nbsp; &nbsp; &nbsp; Sorgen Sie mithilfe Basischer Hals- und StirnWickel f\u00fcr eine effektive Reinigung dieser K\u00f6rperpartien. Warme Wickel&nbsp;Weiter lesen","og_url":"https:\/\/bien-etreiris.ch\/de\/produktpraesentation\/natuerliche-heilmittel\/saeure-basen-haushalt\/alkawear-funktionswaesche\/basischer-wickel-fur-hals-und-stirn\/","og_site_name":"WOHLBEFINDEN","article_publisher":"https:\/\/www.facebook.com\/bienetreiris\/","article_modified_time":"2019-08-28T10:57:15+00:00","og_image":[{"width":1000,"height":875,"url":"https:\/\/bien-etreiris.ch\/wp-content\/uploads\/2019\/08\/application-1.jpg","type":"image\/jpeg"}],"twitter_misc":{"Gesch\u00e4tzte Lesezeit":"2\u00a0Minuten"},"schema":{"@context":"https:\/\/schema.org","@graph":[{"@type":"WebPage","@id":"https:\/\/bien-etreiris.ch\/de\/produktpraesentation\/natuerliche-heilmittel\/saeure-basen-haushalt\/alkawear-funktionswaesche\/basischer-wickel-fur-hals-und-stirn\/","url":"https:\/\/bien-etreiris.ch\/de\/produktpraesentation\/natuerliche-heilmittel\/saeure-basen-haushalt\/alkawear-funktionswaesche\/basischer-wickel-fur-hals-und-stirn\/","name":"HALS & STIRN WICKEL - WOHLBEFINDEN","isPartOf":{"@id":"https:\/\/bien-etreiris.ch\/de\/#website"},"primaryImageOfPage":{"@id":"https:\/\/bien-etreiris.ch\/de\/produktpraesentation\/natuerliche-heilmittel\/saeure-basen-haushalt\/alkawear-funktionswaesche\/basischer-wickel-fur-hals-und-stirn\/#primaryimage"},"image":{"@id":"https:\/\/bien-etreiris.ch\/de\/produktpraesentation\/natuerliche-heilmittel\/saeure-basen-haushalt\/alkawear-funktionswaesche\/basischer-wickel-fur-hals-und-stirn\/#primaryimage"},"thumbnailUrl":"https:\/\/bien-etreiris.ch\/wp-content\/uploads\/2019\/08\/application-1.jpg","datePublished":"2019-08-28T10:19:43+00:00","dateModified":"2019-08-28T10:57:15+00:00","breadcrumb":{"@id":"https:\/\/bien-etreiris.ch\/de\/produktpraesentation\/natuerliche-heilmittel\/saeure-basen-haushalt\/alkawear-funktionswaesche\/basischer-wickel-fur-hals-und-stirn\/#breadcrumb"},"inLanguage":"de","potentialAction":[{"@type":"ReadAction","target":["https:\/\/bien-etreiris.ch\/de\/produktpraesentation\/natuerliche-heilmittel\/saeure-basen-haushalt\/alkawear-funktionswaesche\/basischer-wickel-fur-hals-und-stirn\/"]}]},{"@type":"ImageObject","inLanguage":"de","@id":"https:\/\/bien-etreiris.ch\/de\/produktpraesentation\/natuerliche-heilmittel\/saeure-basen-haushalt\/alkawear-funktionswaesche\/basischer-wickel-fur-hals-und-stirn\/#primaryimage","url":"https:\/\/bien-etreiris.ch\/wp-content\/uploads\/2019\/08\/application-1.jpg","contentUrl":"https:\/\/bien-etreiris.ch\/wp-content\/uploads\/2019\/08\/application-1.jpg","width":1000,"height":875},{"@type":"BreadcrumbList","@id":"https:\/\/bien-etreiris.ch\/de\/produktpraesentation\/natuerliche-heilmittel\/saeure-basen-haushalt\/alkawear-funktionswaesche\/basischer-wickel-fur-hals-und-stirn\/#breadcrumb","itemListElement":[{"@type":"ListItem","position":1,"name":"Home","item":"https:\/\/bien-etreiris.ch\/de\/"},{"@type":"ListItem","position":2,"name":"PRODUKTPR\u00c4SENTATION","item":"https:\/\/bien-etreiris.ch\/de\/produktpraesentation\/"},{"@type":"ListItem","position":3,"name":"NAT\u00dcRLICHE HEILMITTEL","item":"https:\/\/bien-etreiris.ch\/de\/produktpraesentation\/natuerliche-heilmittel\/"},{"@type":"ListItem","position":4,"name":"S\u00c4URE-BASEN-HAUSHALT","item":"https:\/\/bien-etreiris.ch\/de\/produktpraesentation\/natuerliche-heilmittel\/saeure-basen-haushalt\/"},{"@type":"ListItem","position":5,"name":"ALKA WEAR","item":"https:\/\/bien-etreiris.ch\/de\/produktpraesentation\/natuerliche-heilmittel\/saeure-basen-haushalt\/alkawear-funktionswaesche\/"},{"@type":"ListItem","position":6,"name":"HALS &#038; STIRN WICKEL"}]},{"@type":"WebSite","@id":"https:\/\/bien-etreiris.ch\/de\/#website","url":"https:\/\/bien-etreiris.ch\/de\/","name":"Bien-\u00eatre Iris","description":"IHRE Gesundheit ist uns wichtig","potentialAction":[{"@type":"SearchAction","target":{"@type":"EntryPoint","urlTemplate":"https:\/\/bien-etreiris.ch\/de\/?s={search_term_string}"},"query-input":{"@type":"PropertyValueSpecification","valueRequired":true,"valueName":"search_term_string"}}],"inLanguage":"de"}]}},"_links":{"self":[{"href":"https:\/\/bien-etreiris.ch\/de\/wp-json\/wp\/v2\/pages\/27270","targetHints":{"allow":["GET"]}}],"collection":[{"href":"https:\/\/bien-etreiris.ch\/de\/wp-json\/wp\/v2\/pages"}],"about":[{"href":"https:\/\/bien-etreiris.ch\/de\/wp-json\/wp\/v2\/types\/page"}],"author":[{"embeddable":true,"href":"https:\/\/bien-etreiris.ch\/de\/wp-json\/wp\/v2\/users\/1"}],"replies":[{"embeddable":true,"href":"https:\/\/bien-etreiris.ch\/de\/wp-json\/wp\/v2\/comments?post=27270"}],"version-history":[{"count":4,"href":"https:\/\/bien-etreiris.ch\/de\/wp-json\/wp\/v2\/pages\/27270\/revisions"}],"predecessor-version":[{"id":27277,"href":"https:\/\/bien-etreiris.ch\/de\/wp-json\/wp\/v2\/pages\/27270\/revisions\/27277"}],"up":[{"embeddable":true,"href":"https:\/\/bien-etreiris.ch\/de\/wp-json\/wp\/v2\/pages\/20368"}],"wp:featuredmedia":[{"embeddable":true,"href":"https:\/\/bien-etreiris.ch\/de\/wp-json\/wp\/v2\/media\/27251"}],"wp:attachment":[{"href":"https:\/\/bien-etreiris.ch\/de\/wp-json\/wp\/v2\/media?parent=27270"}],"curies":[{"name":"wp","href":"https:\/\/api.w.org\/{rel}","templated":true}]}}