{"id":27224,"date":"2019-08-28T07:50:35","date_gmt":"2019-08-28T07:50:35","guid":{"rendered":"https:\/\/bien-etreiris.ch\/wohlbefinden\/basische-produkte-p-jentschura\/alkawear-funktionswasche\/compresse-alcaline-pour-la-nuque-et-les-bronches\/"},"modified":"2019-08-28T09:31:05","modified_gmt":"2019-08-28T09:31:05","slug":"wickel-nacken-und-bronchienwickel","status":"publish","type":"page","link":"https:\/\/bien-etreiris.ch\/de\/produktpraesentation\/natuerliche-heilmittel\/saeure-basen-haushalt\/alkawear-funktionswaesche\/wickel-nacken-und-bronchienwickel\/","title":{"rendered":"NACKEN &#038; BRONCHIEN"},"content":{"rendered":"\n<h2 class=\"wp-block-heading\"> <br>Basischer Nacken- und Bronchien Wickel  <\/h2>\n\n\n<h4 class=\"subheadline\" data-sr-id=\"0\">AlkaWear Funktionsw\u00e4sche<\/h4>\n<p><a href=\"https:\/\/decoiris.ch\/wp-content\/uploads\/2019\/06\/Compresse-alcaline-pour-la-nuque-et-les-bronches-1.jpg\"><img loading=\"lazy\" decoding=\"async\" class=\"size-medium wp-image-20389 alignleft\" src=\"https:\/\/decoiris.ch\/wp-content\/uploads\/2019\/06\/Compresse-alcaline-pour-la-nuque-et-les-bronches-1-300x185.jpg\" alt=\"\" width=\"300\" height=\"185\" srcset=\"https:\/\/bien-etreiris.ch\/wp-content\/uploads\/2019\/06\/Compresse-alcaline-pour-la-nuque-et-les-bronches-1-300x185.jpg 300w, https:\/\/bien-etreiris.ch\/wp-content\/uploads\/2019\/06\/Compresse-alcaline-pour-la-nuque-et-les-bronches-1.jpg 376w\" sizes=\"auto, (max-width: 300px) 100vw, 300px\" \/><\/a><\/p>\n<ul class=\"list-with-checkmark\" style=\"list-style-type: disc;\">\n<li data-sr-id=\"12\">bestehend aus einem Moltonstoffwickel und zwei Mullkissen<\/li>\n<li data-sr-id=\"13\">unauff\u00e4llig zu tragen<\/li>\n<li data-sr-id=\"14\">in hauseigener Produktion gefertigt<\/li>\n<li data-sr-id=\"15\">ressourcenschonend im Umgang mit Wasser und Energie<\/li>\n<li data-sr-id=\"16\">mobil und \u00f6rtlich unabh\u00e4ngig anwendbar \u2013 egal ob zu Hause oder auf Reisen<\/li>\n<\/ul>\n<p>Gr\u00f6sse 1&nbsp; 1 pi\u00e8ce CHF 70.00<\/p>\n<p>Gr\u00f6sse 2&nbsp; 1 pi\u00e8ce CHF 72.50<\/p>\n<p>Gr\u00f6sse 3&nbsp; 1 pi\u00e8ce CHF 75.00<\/p>\n<p>&nbsp;<\/p>\n<p>&nbsp;<\/p>\n<p>&nbsp;<\/p>\n<p>&nbsp;<\/p>\n<div class=\"product-body\">\n<div class=\"product-body\">\n<p>Nackenschmerzen, Verspannungen und Kopfschmerzen sind das Volksleiden Nr. 1. Schreibtischarbeit, mangelnde Bewegung, langes Autofahren, Stress im Alltag und Beruf \u2013 all das f\u00fchrt bei vielen Menschen zu einer verspannten Nackenmuskulatur.<\/p>\n<p>Der innovative Basische Nacken- und BronchienWickel l\u00f6st \u2013 in Kombination mit MeineBase \u2013 effektiv muskul\u00e4re Verspannungen im Nacken- und Schulterbereich und f\u00fchrt zu sp\u00fcrbar mehr Beweglichkeit.<\/p>\n<p>Als BronchienWickel verwendet, kann der Gesundheitswickel auch unterst\u00fctzend bei Atemwegsbeschwerden eingesetzt werden.<\/p>\n<\/div>\n<\/div>\n<p>&nbsp;<\/p>\n<p>&nbsp;<\/p>\n<h2 data-sr-id=\"2\">Material<\/h2>\n<ul>\n<li data-sr-id=\"17\">Moltonstoffwickel aus 100 % Baumwollmolton<\/li>\n<li data-sr-id=\"18\">Mullkissen aus 100 % Baumwollmull<\/li>\n<\/ul>\n<p>&nbsp;<\/p>\n<p>&nbsp;<\/p>\n<p><a href=\"https:\/\/decoiris.ch\/wp-content\/uploads\/2019\/06\/Handmade-germany-1.jpg\"><img loading=\"lazy\" decoding=\"async\" class=\"alignnone size-full wp-image-20402\" src=\"https:\/\/decoiris.ch\/wp-content\/uploads\/2019\/06\/Handmade-germany-1.jpg\" alt=\"\" width=\"115\" height=\"87\"><\/a><a href=\"https:\/\/decoiris.ch\/wp-content\/uploads\/2019\/06\/Oeko-TEX-2.jpg\"><img loading=\"lazy\" decoding=\"async\" class=\"alignnone size-full wp-image-20422\" src=\"https:\/\/decoiris.ch\/wp-content\/uploads\/2019\/06\/Oeko-TEX-2.jpg\" alt=\"\" width=\"168\" height=\"87\"><\/a><\/p>\n<p>&nbsp;<\/p>\n<p>&nbsp;<\/p>\n<p>&nbsp;<\/p>\n<p>&nbsp;<\/p>\n<p><a href=\"https:\/\/decoiris.ch\/wp-content\/uploads\/2019\/08\/application.jpg\"><img loading=\"lazy\" decoding=\"async\" class=\"size-medium wp-image-27171 alignleft\" src=\"https:\/\/decoiris.ch\/wp-content\/uploads\/2019\/08\/application-300x300.jpg\" alt=\"\" width=\"300\" height=\"300\" srcset=\"https:\/\/bien-etreiris.ch\/wp-content\/uploads\/2019\/08\/application-300x300.jpg 300w, https:\/\/bien-etreiris.ch\/wp-content\/uploads\/2019\/08\/application-150x150.jpg 150w, https:\/\/bien-etreiris.ch\/wp-content\/uploads\/2019\/08\/application.jpg 550w\" sizes=\"auto, (max-width: 300px) 100vw, 300px\" \/><\/a><\/p>\n<div class=\"text\">\n<div>\n<div class=\"text\">\n<div>\n<h2 class=\"section-with-image-headline word-wrap \" data-sr-id=\"3\">Vorbereitung<\/h2>\n<div class=\"image\">&nbsp;<\/div>\n<ol>\n<li>Einen gestrichenen Teel\u00f6ffel MeineBase in ca. \u00bd Liter sehr warmes Wasser streuen und gut aufl\u00f6sen.<\/li>\n<li>Das Mullkissen muss nicht in G\u00e4nze in die basische Lauge gelegt werden, sondern es braucht nur oberfl\u00e4chlich angefeuchtet zu werden. Eventuell bedient man sich zum Bespr\u00fchen des Mullkissens eines W\u00e4schebespr\u00fchers, in welchen man die warme Lauge gef\u00fcllt hat. Oder man tupft oder sprenkelt die Lauge mit den H\u00e4nden auf die Seite des Mullkissens, die auf die Haut gelegt wird.<\/li>\n<\/ol>\n<\/div>\n<\/div>\n<\/div>\n<\/div>\n<p>&nbsp;<\/p>\n<p>&nbsp;<\/p>\n<p>&nbsp;<\/p>\n<p>&nbsp;<\/p>\n<p><a href=\"https:\/\/decoiris.ch\/wp-content\/uploads\/2019\/08\/ganz-innen.jpg\"><img loading=\"lazy\" decoding=\"async\" class=\"size-medium wp-image-27174 alignright\" src=\"https:\/\/decoiris.ch\/wp-content\/uploads\/2019\/08\/ganz-innen-300x300.jpg\" alt=\"\" width=\"300\" height=\"300\" srcset=\"https:\/\/bien-etreiris.ch\/wp-content\/uploads\/2019\/08\/ganz-innen-300x300.jpg 300w, https:\/\/bien-etreiris.ch\/wp-content\/uploads\/2019\/08\/ganz-innen-150x150.jpg 150w, https:\/\/bien-etreiris.ch\/wp-content\/uploads\/2019\/08\/ganz-innen.jpg 550w\" sizes=\"auto, (max-width: 300px) 100vw, 300px\" \/><\/a><\/p>\n<div class=\"text\">\n<div>\n<h2 class=\"section-with-image-headline word-wrap \" data-sr-id=\"4\">Anwendung<\/h2>\n<div class=\"image\">&nbsp;<\/div>\n<p>Das Mullkissen mit den Druckkn\u00f6pfen an dem Moltonstoffwickel befestigen. Dann den kompletten Wickel um den Nacken oder auf die Bronchien legen und mit den Klettverschl\u00fcssen vor der Brust bzw. auf dem R\u00fccken verschlie\u00dfen. Wer es am Nacken gerne etwas w\u00e4rmer hat, kann auf den Wickel auch noch eine W\u00e4rmequelle(*) legen.<\/p>\n<p>Der Wickel kann am Tag oder w\u00e4hrend der Nacht unter eng anliegender Kleidung getragen werden. So kann er nicht nur im Liegen, sondern auch bei Bewegung verwendet werden. Die Anwendungsdauer ist individuell nach eigenem Empfinden zu praktizieren. Das sollte f\u00fcr wenigstens eine ganze Stunde geschehen. Optimal ist eine Anwendung f\u00fcr einige Stunden, ob tags\u00fcber oder \u00fcber Nacht.<\/p>\n<p><em>(*) Als W\u00e4rmequelle kann je nach Belieben eine W\u00e4rmflasche, ein erw\u00e4rmtes Moor-, Dinkel oder Kirschkernkissen o. a. verwendet werden.<\/em><\/p>\n<p>Tipp: Man kann den trockenen Moltonwickel ohne das Mullkissen auch als W\u00e4rmespender tragen.<\/p>\n<\/div>\n<\/div>\n<p>&nbsp;<\/p>\n<p>&nbsp;<\/p>\n<p><a href=\"https:\/\/decoiris.ch\/wp-content\/uploads\/2019\/08\/Mesure.jpg\"><img loading=\"lazy\" decoding=\"async\" class=\"size-medium wp-image-27177 alignleft\" src=\"https:\/\/decoiris.ch\/wp-content\/uploads\/2019\/08\/Mesure-300x300.jpg\" alt=\"\" width=\"300\" height=\"300\" srcset=\"https:\/\/bien-etreiris.ch\/wp-content\/uploads\/2019\/08\/Mesure-300x300.jpg 300w, https:\/\/bien-etreiris.ch\/wp-content\/uploads\/2019\/08\/Mesure-150x150.jpg 150w, https:\/\/bien-etreiris.ch\/wp-content\/uploads\/2019\/08\/Mesure.jpg 550w\" sizes=\"auto, (max-width: 300px) 100vw, 300px\" \/><\/a><\/p>\n<p><strong>Gr\u00f6\u00dfenbestimmung<\/strong><\/p>\n<div class=\"text\">\n<div>\n<div class=\"image\">&nbsp;<\/div>\n<p>F\u00fcr die Bestimmung der passenden Gr\u00f6\u00dfe nehmen Sie bitte ein Ma\u00dfband und messen Sie Ihren K\u00f6rperumfang oberhalb der Brust.<\/p>\n<ul>\n<li data-sr-id=\"19\">Gr\u00f6\u00dfe 1: f\u00fcr den K\u00f6rperumfang oberhalb der Brust von 70 \u2013 85 cm<\/li>\n<li data-sr-id=\"20\">Gr\u00f6\u00dfe 2: f\u00fcr den K\u00f6rperumfang oberhalb der Brust von 86 \u2013 110 cm<\/li>\n<li data-sr-id=\"21\">Gr\u00f6\u00dfe 3: f\u00fcr den K\u00f6rperumfang oberhalb der Brust von 111 \u2013 125 cm<\/li>\n<\/ul>\n<\/div>\n<\/div>\n<p>&nbsp;<\/p>\n<p>&nbsp;<\/p>\n<p>&nbsp;<\/p>\n<p>&nbsp;<\/p>\n<p>&nbsp;<\/p>\n<section class=\"container themenwelt-one-column\">\n<h2 class=\"word-wrap \" data-sr-id=\"6\">Waschanleitung<\/h2>\n<p>Das Mullkissen und der Moltonstoffwickel sollten, je nach Bedarf, mit Colourwaschmittel bei max. 60 \u00b0C in der Waschmaschine gewaschen werden. Der Klettverschluss des Moltonstoffwickels muss vor dem Waschen geschlossen werden. Nach dem Waschen sollten das Kissen und der Wickel in Form gezogen und getrocknet werden, ggf. in der Baumwolleinstellung b\u00fcgeln.<\/p>\n<p><strong>Hinweis:<\/strong> Getragene AlkaWear Textilien sind vom Umtausch ausgeschlossen.<\/p>\n<\/section>\n<p>&nbsp;<\/p>\n<p>&nbsp;<\/p>\n<p>&nbsp;<\/p>\n<p>&nbsp;<\/p>\n\n\n<figure class=\"wp-block-embed-youtube wp-block-embed is-type-video is-provider-youtube wp-embed-aspect-16-9 wp-has-aspect-ratio\"><div class=\"wp-block-embed__wrapper\">\n<iframe loading=\"lazy\" title=\"P. Jentschura Neuheit: Der basische Nacken- und BronchienWickel\" width=\"604\" height=\"340\" src=\"https:\/\/www.youtube.com\/embed\/ymmLzTVE8nI?feature=oembed\" frameborder=\"0\" allow=\"accelerometer; autoplay; clipboard-write; encrypted-media; gyroscope; picture-in-picture; web-share\" referrerpolicy=\"strict-origin-when-cross-origin\" allowfullscreen><\/iframe>\n<\/div><\/figure>\n","protected":false},"excerpt":{"rendered":"<p>Basischer Nacken- und Bronchien Wickel AlkaWear Funktionsw\u00e4sche bestehend aus einem Moltonstoffwickel und zwei Mullkissen unauff\u00e4llig zu tragen in hauseigener Produktion gefertigt ressourcenschonend im Umgang mit Wasser und Energie mobil und \u00f6rtlich unabh\u00e4ngig anwendbar \u2013 egal ob zu Hause oder auf Reisen Gr\u00f6sse 1&nbsp; 1 pi\u00e8ce CHF 70.00 Gr\u00f6sse 2&nbsp; 1 pi\u00e8ce CHF 72.50 Gr\u00f6sse 3&nbsp; 1 pi\u00e8ce CHF 75.00 &nbsp;&nbsp;<a href=\"https:\/\/bien-etreiris.ch\/de\/produktpraesentation\/natuerliche-heilmittel\/saeure-basen-haushalt\/alkawear-funktionswaesche\/wickel-nacken-und-bronchienwickel\/\" class=\"read-more\">Weiter lesen<\/a><\/p>\n","protected":false},"author":1,"featured_media":27186,"parent":20368,"menu_order":7386,"comment_status":"closed","ping_status":"closed","template":"page-with-child.php","meta":{"_acf_changed":false,"ngg_post_thumbnail":0,"footnotes":""},"class_list":["post-27224","page","type-page","status-publish","has-post-thumbnail","hentry"],"acf":[],"yoast_head":"<!-- This site is optimized with the Yoast SEO plugin v27.5 - https:\/\/yoast.com\/product\/yoast-seo-wordpress\/ -->\n<title>NACKEN &amp; BRONCHIEN - WOHLBEFINDEN<\/title>\n<meta name=\"robots\" content=\"index, follow, max-snippet:-1, max-image-preview:large, max-video-preview:-1\" \/>\n<link rel=\"canonical\" href=\"https:\/\/bien-etreiris.ch\/de\/produktpraesentation\/natuerliche-heilmittel\/saeure-basen-haushalt\/alkawear-funktionswaesche\/wickel-nacken-und-bronchienwickel\/\" \/>\n<meta property=\"og:locale\" content=\"de_DE\" \/>\n<meta property=\"og:type\" content=\"article\" \/>\n<meta property=\"og:title\" content=\"NACKEN &amp; BRONCHIEN - WOHLBEFINDEN\" \/>\n<meta property=\"og:description\" content=\"Basischer Nacken- und Bronchien Wickel AlkaWear Funktionsw\u00e4sche bestehend aus einem Moltonstoffwickel und zwei Mullkissen unauff\u00e4llig zu tragen in hauseigener Produktion gefertigt ressourcenschonend im Umgang mit Wasser und Energie mobil und \u00f6rtlich unabh\u00e4ngig anwendbar \u2013 egal ob zu Hause oder auf Reisen Gr\u00f6sse 1&nbsp; 1 pi\u00e8ce CHF 70.00 Gr\u00f6sse 2&nbsp; 1 pi\u00e8ce CHF 72.50 Gr\u00f6sse 3&nbsp; 1 pi\u00e8ce CHF 75.00 &nbsp;&nbsp;Weiter lesen\" \/>\n<meta property=\"og:url\" content=\"https:\/\/bien-etreiris.ch\/de\/produktpraesentation\/natuerliche-heilmittel\/saeure-basen-haushalt\/alkawear-funktionswaesche\/wickel-nacken-und-bronchienwickel\/\" \/>\n<meta property=\"og:site_name\" content=\"WOHLBEFINDEN\" \/>\n<meta property=\"article:publisher\" content=\"https:\/\/www.facebook.com\/bienetreiris\/\" \/>\n<meta property=\"article:modified_time\" content=\"2019-08-28T09:31:05+00:00\" \/>\n<meta property=\"og:image\" content=\"https:\/\/bien-etreiris.ch\/wp-content\/uploads\/2019\/08\/titel-46.jpg\" \/>\n\t<meta property=\"og:image:width\" content=\"550\" \/>\n\t<meta property=\"og:image:height\" content=\"395\" \/>\n\t<meta property=\"og:image:type\" content=\"image\/jpeg\" \/>\n<meta name=\"twitter:label1\" content=\"Gesch\u00e4tzte Lesezeit\" \/>\n\t<meta name=\"twitter:data1\" content=\"3\u00a0Minuten\" \/>\n<script type=\"application\/ld+json\" class=\"yoast-schema-graph\">{\"@context\":\"https:\\\/\\\/schema.org\",\"@graph\":[{\"@type\":\"WebPage\",\"@id\":\"https:\\\/\\\/bien-etreiris.ch\\\/de\\\/produktpraesentation\\\/natuerliche-heilmittel\\\/saeure-basen-haushalt\\\/alkawear-funktionswaesche\\\/wickel-nacken-und-bronchienwickel\\\/\",\"url\":\"https:\\\/\\\/bien-etreiris.ch\\\/de\\\/produktpraesentation\\\/natuerliche-heilmittel\\\/saeure-basen-haushalt\\\/alkawear-funktionswaesche\\\/wickel-nacken-und-bronchienwickel\\\/\",\"name\":\"NACKEN & BRONCHIEN - WOHLBEFINDEN\",\"isPartOf\":{\"@id\":\"https:\\\/\\\/bien-etreiris.ch\\\/de\\\/#website\"},\"primaryImageOfPage\":{\"@id\":\"https:\\\/\\\/bien-etreiris.ch\\\/de\\\/produktpraesentation\\\/natuerliche-heilmittel\\\/saeure-basen-haushalt\\\/alkawear-funktionswaesche\\\/wickel-nacken-und-bronchienwickel\\\/#primaryimage\"},\"image\":{\"@id\":\"https:\\\/\\\/bien-etreiris.ch\\\/de\\\/produktpraesentation\\\/natuerliche-heilmittel\\\/saeure-basen-haushalt\\\/alkawear-funktionswaesche\\\/wickel-nacken-und-bronchienwickel\\\/#primaryimage\"},\"thumbnailUrl\":\"https:\\\/\\\/bien-etreiris.ch\\\/wp-content\\\/uploads\\\/2019\\\/08\\\/titel-46.jpg\",\"datePublished\":\"2019-08-28T07:50:35+00:00\",\"dateModified\":\"2019-08-28T09:31:05+00:00\",\"breadcrumb\":{\"@id\":\"https:\\\/\\\/bien-etreiris.ch\\\/de\\\/produktpraesentation\\\/natuerliche-heilmittel\\\/saeure-basen-haushalt\\\/alkawear-funktionswaesche\\\/wickel-nacken-und-bronchienwickel\\\/#breadcrumb\"},\"inLanguage\":\"de\",\"potentialAction\":[{\"@type\":\"ReadAction\",\"target\":[\"https:\\\/\\\/bien-etreiris.ch\\\/de\\\/produktpraesentation\\\/natuerliche-heilmittel\\\/saeure-basen-haushalt\\\/alkawear-funktionswaesche\\\/wickel-nacken-und-bronchienwickel\\\/\"]}]},{\"@type\":\"ImageObject\",\"inLanguage\":\"de\",\"@id\":\"https:\\\/\\\/bien-etreiris.ch\\\/de\\\/produktpraesentation\\\/natuerliche-heilmittel\\\/saeure-basen-haushalt\\\/alkawear-funktionswaesche\\\/wickel-nacken-und-bronchienwickel\\\/#primaryimage\",\"url\":\"https:\\\/\\\/bien-etreiris.ch\\\/wp-content\\\/uploads\\\/2019\\\/08\\\/titel-46.jpg\",\"contentUrl\":\"https:\\\/\\\/bien-etreiris.ch\\\/wp-content\\\/uploads\\\/2019\\\/08\\\/titel-46.jpg\",\"width\":550,\"height\":395},{\"@type\":\"BreadcrumbList\",\"@id\":\"https:\\\/\\\/bien-etreiris.ch\\\/de\\\/produktpraesentation\\\/natuerliche-heilmittel\\\/saeure-basen-haushalt\\\/alkawear-funktionswaesche\\\/wickel-nacken-und-bronchienwickel\\\/#breadcrumb\",\"itemListElement\":[{\"@type\":\"ListItem\",\"position\":1,\"name\":\"Home\",\"item\":\"https:\\\/\\\/bien-etreiris.ch\\\/de\\\/\"},{\"@type\":\"ListItem\",\"position\":2,\"name\":\"PRODUKTPR\u00c4SENTATION\",\"item\":\"https:\\\/\\\/bien-etreiris.ch\\\/de\\\/produktpraesentation\\\/\"},{\"@type\":\"ListItem\",\"position\":3,\"name\":\"NAT\u00dcRLICHE HEILMITTEL\",\"item\":\"https:\\\/\\\/bien-etreiris.ch\\\/de\\\/produktpraesentation\\\/natuerliche-heilmittel\\\/\"},{\"@type\":\"ListItem\",\"position\":4,\"name\":\"S\u00c4URE-BASEN-HAUSHALT\",\"item\":\"https:\\\/\\\/bien-etreiris.ch\\\/de\\\/produktpraesentation\\\/natuerliche-heilmittel\\\/saeure-basen-haushalt\\\/\"},{\"@type\":\"ListItem\",\"position\":5,\"name\":\"ALKA WEAR\",\"item\":\"https:\\\/\\\/bien-etreiris.ch\\\/de\\\/produktpraesentation\\\/natuerliche-heilmittel\\\/saeure-basen-haushalt\\\/alkawear-funktionswaesche\\\/\"},{\"@type\":\"ListItem\",\"position\":6,\"name\":\"NACKEN &#038; BRONCHIEN\"}]},{\"@type\":\"WebSite\",\"@id\":\"https:\\\/\\\/bien-etreiris.ch\\\/de\\\/#website\",\"url\":\"https:\\\/\\\/bien-etreiris.ch\\\/de\\\/\",\"name\":\"Bien-\u00eatre Iris\",\"description\":\"IHRE Gesundheit ist uns wichtig\",\"potentialAction\":[{\"@type\":\"SearchAction\",\"target\":{\"@type\":\"EntryPoint\",\"urlTemplate\":\"https:\\\/\\\/bien-etreiris.ch\\\/de\\\/?s={search_term_string}\"},\"query-input\":{\"@type\":\"PropertyValueSpecification\",\"valueRequired\":true,\"valueName\":\"search_term_string\"}}],\"inLanguage\":\"de\"}]}<\/script>\n<!-- \/ Yoast SEO plugin. -->","yoast_head_json":{"title":"NACKEN & BRONCHIEN - WOHLBEFINDEN","robots":{"index":"index","follow":"follow","max-snippet":"max-snippet:-1","max-image-preview":"max-image-preview:large","max-video-preview":"max-video-preview:-1"},"canonical":"https:\/\/bien-etreiris.ch\/de\/produktpraesentation\/natuerliche-heilmittel\/saeure-basen-haushalt\/alkawear-funktionswaesche\/wickel-nacken-und-bronchienwickel\/","og_locale":"de_DE","og_type":"article","og_title":"NACKEN & BRONCHIEN - WOHLBEFINDEN","og_description":"Basischer Nacken- und Bronchien Wickel AlkaWear Funktionsw\u00e4sche bestehend aus einem Moltonstoffwickel und zwei Mullkissen unauff\u00e4llig zu tragen in hauseigener Produktion gefertigt ressourcenschonend im Umgang mit Wasser und Energie mobil und \u00f6rtlich unabh\u00e4ngig anwendbar \u2013 egal ob zu Hause oder auf Reisen Gr\u00f6sse 1&nbsp; 1 pi\u00e8ce CHF 70.00 Gr\u00f6sse 2&nbsp; 1 pi\u00e8ce CHF 72.50 Gr\u00f6sse 3&nbsp; 1 pi\u00e8ce CHF 75.00 &nbsp;&nbsp;Weiter lesen","og_url":"https:\/\/bien-etreiris.ch\/de\/produktpraesentation\/natuerliche-heilmittel\/saeure-basen-haushalt\/alkawear-funktionswaesche\/wickel-nacken-und-bronchienwickel\/","og_site_name":"WOHLBEFINDEN","article_publisher":"https:\/\/www.facebook.com\/bienetreiris\/","article_modified_time":"2019-08-28T09:31:05+00:00","og_image":[{"width":550,"height":395,"url":"https:\/\/bien-etreiris.ch\/wp-content\/uploads\/2019\/08\/titel-46.jpg","type":"image\/jpeg"}],"twitter_misc":{"Gesch\u00e4tzte Lesezeit":"3\u00a0Minuten"},"schema":{"@context":"https:\/\/schema.org","@graph":[{"@type":"WebPage","@id":"https:\/\/bien-etreiris.ch\/de\/produktpraesentation\/natuerliche-heilmittel\/saeure-basen-haushalt\/alkawear-funktionswaesche\/wickel-nacken-und-bronchienwickel\/","url":"https:\/\/bien-etreiris.ch\/de\/produktpraesentation\/natuerliche-heilmittel\/saeure-basen-haushalt\/alkawear-funktionswaesche\/wickel-nacken-und-bronchienwickel\/","name":"NACKEN & BRONCHIEN - WOHLBEFINDEN","isPartOf":{"@id":"https:\/\/bien-etreiris.ch\/de\/#website"},"primaryImageOfPage":{"@id":"https:\/\/bien-etreiris.ch\/de\/produktpraesentation\/natuerliche-heilmittel\/saeure-basen-haushalt\/alkawear-funktionswaesche\/wickel-nacken-und-bronchienwickel\/#primaryimage"},"image":{"@id":"https:\/\/bien-etreiris.ch\/de\/produktpraesentation\/natuerliche-heilmittel\/saeure-basen-haushalt\/alkawear-funktionswaesche\/wickel-nacken-und-bronchienwickel\/#primaryimage"},"thumbnailUrl":"https:\/\/bien-etreiris.ch\/wp-content\/uploads\/2019\/08\/titel-46.jpg","datePublished":"2019-08-28T07:50:35+00:00","dateModified":"2019-08-28T09:31:05+00:00","breadcrumb":{"@id":"https:\/\/bien-etreiris.ch\/de\/produktpraesentation\/natuerliche-heilmittel\/saeure-basen-haushalt\/alkawear-funktionswaesche\/wickel-nacken-und-bronchienwickel\/#breadcrumb"},"inLanguage":"de","potentialAction":[{"@type":"ReadAction","target":["https:\/\/bien-etreiris.ch\/de\/produktpraesentation\/natuerliche-heilmittel\/saeure-basen-haushalt\/alkawear-funktionswaesche\/wickel-nacken-und-bronchienwickel\/"]}]},{"@type":"ImageObject","inLanguage":"de","@id":"https:\/\/bien-etreiris.ch\/de\/produktpraesentation\/natuerliche-heilmittel\/saeure-basen-haushalt\/alkawear-funktionswaesche\/wickel-nacken-und-bronchienwickel\/#primaryimage","url":"https:\/\/bien-etreiris.ch\/wp-content\/uploads\/2019\/08\/titel-46.jpg","contentUrl":"https:\/\/bien-etreiris.ch\/wp-content\/uploads\/2019\/08\/titel-46.jpg","width":550,"height":395},{"@type":"BreadcrumbList","@id":"https:\/\/bien-etreiris.ch\/de\/produktpraesentation\/natuerliche-heilmittel\/saeure-basen-haushalt\/alkawear-funktionswaesche\/wickel-nacken-und-bronchienwickel\/#breadcrumb","itemListElement":[{"@type":"ListItem","position":1,"name":"Home","item":"https:\/\/bien-etreiris.ch\/de\/"},{"@type":"ListItem","position":2,"name":"PRODUKTPR\u00c4SENTATION","item":"https:\/\/bien-etreiris.ch\/de\/produktpraesentation\/"},{"@type":"ListItem","position":3,"name":"NAT\u00dcRLICHE HEILMITTEL","item":"https:\/\/bien-etreiris.ch\/de\/produktpraesentation\/natuerliche-heilmittel\/"},{"@type":"ListItem","position":4,"name":"S\u00c4URE-BASEN-HAUSHALT","item":"https:\/\/bien-etreiris.ch\/de\/produktpraesentation\/natuerliche-heilmittel\/saeure-basen-haushalt\/"},{"@type":"ListItem","position":5,"name":"ALKA WEAR","item":"https:\/\/bien-etreiris.ch\/de\/produktpraesentation\/natuerliche-heilmittel\/saeure-basen-haushalt\/alkawear-funktionswaesche\/"},{"@type":"ListItem","position":6,"name":"NACKEN &#038; BRONCHIEN"}]},{"@type":"WebSite","@id":"https:\/\/bien-etreiris.ch\/de\/#website","url":"https:\/\/bien-etreiris.ch\/de\/","name":"Bien-\u00eatre Iris","description":"IHRE Gesundheit ist uns wichtig","potentialAction":[{"@type":"SearchAction","target":{"@type":"EntryPoint","urlTemplate":"https:\/\/bien-etreiris.ch\/de\/?s={search_term_string}"},"query-input":{"@type":"PropertyValueSpecification","valueRequired":true,"valueName":"search_term_string"}}],"inLanguage":"de"}]}},"_links":{"self":[{"href":"https:\/\/bien-etreiris.ch\/de\/wp-json\/wp\/v2\/pages\/27224","targetHints":{"allow":["GET"]}}],"collection":[{"href":"https:\/\/bien-etreiris.ch\/de\/wp-json\/wp\/v2\/pages"}],"about":[{"href":"https:\/\/bien-etreiris.ch\/de\/wp-json\/wp\/v2\/types\/page"}],"author":[{"embeddable":true,"href":"https:\/\/bien-etreiris.ch\/de\/wp-json\/wp\/v2\/users\/1"}],"replies":[{"embeddable":true,"href":"https:\/\/bien-etreiris.ch\/de\/wp-json\/wp\/v2\/comments?post=27224"}],"version-history":[{"count":5,"href":"https:\/\/bien-etreiris.ch\/de\/wp-json\/wp\/v2\/pages\/27224\/revisions"}],"predecessor-version":[{"id":27234,"href":"https:\/\/bien-etreiris.ch\/de\/wp-json\/wp\/v2\/pages\/27224\/revisions\/27234"}],"up":[{"embeddable":true,"href":"https:\/\/bien-etreiris.ch\/de\/wp-json\/wp\/v2\/pages\/20368"}],"wp:featuredmedia":[{"embeddable":true,"href":"https:\/\/bien-etreiris.ch\/de\/wp-json\/wp\/v2\/media\/27186"}],"wp:attachment":[{"href":"https:\/\/bien-etreiris.ch\/de\/wp-json\/wp\/v2\/media?parent=27224"}],"curies":[{"name":"wp","href":"https:\/\/api.w.org\/{rel}","templated":true}]}}