{"id":27210,"date":"2019-08-28T07:07:14","date_gmt":"2019-08-28T07:07:14","guid":{"rendered":"https:\/\/bien-etreiris.ch\/wohlbefinden\/basische-produkte-p-jentschura\/alkawear-funktionswasche\/jambieres-alcalines\/"},"modified":"2019-08-28T08:44:52","modified_gmt":"2019-08-28T08:44:52","slug":"basische-stulpen-alkawear-funktionswasche","status":"publish","type":"page","link":"https:\/\/bien-etreiris.ch\/de\/produktpraesentation\/natuerliche-heilmittel\/saeure-basen-haushalt\/alkawear-funktionswaesche\/basische-stulpen-alkawear-funktionswasche\/","title":{"rendered":"BASISCHE STULPEN"},"content":{"rendered":"\n<h2 class=\"wp-block-heading\">Basische Stulpen<\/h2>\n\n\n<h2 class=\"subheadline\" data-sr-id=\"0\">AlkaWear Funktionsw\u00e4sche<\/h2>\n<h4><strong>&nbsp;<\/strong><\/h4>\n<p><a href=\"https:\/\/decoiris.ch\/wp-content\/uploads\/2019\/08\/jambiere.jpg\"><img loading=\"lazy\" decoding=\"async\" class=\"wp-image-27189 size-medium alignleft\" src=\"https:\/\/decoiris.ch\/wp-content\/uploads\/2019\/08\/jambiere-213x300.jpg\" alt=\"\" width=\"213\" height=\"300\" srcset=\"https:\/\/bien-etreiris.ch\/wp-content\/uploads\/2019\/08\/jambiere-213x300.jpg 213w, https:\/\/bien-etreiris.ch\/wp-content\/uploads\/2019\/08\/jambiere.jpg 400w\" sizes=\"auto, (max-width: 213px) 100vw, 213px\" \/><\/a><\/p>\n<p>&nbsp;<\/p>\n<ul class=\"list-with-checkmark\" style=\"list-style-type: disc;\">\n<li data-sr-id=\"11\">Einheitsgr\u00f6\u00dfe<\/li>\n<li data-sr-id=\"12\">zwei Paar Stulpen in einer Verpackung<\/li>\n<li data-sr-id=\"13\">ideale Erg\u00e4nzung zu Voll- und Fu\u00dfb\u00e4dern mit MeineBase<\/li>\n<li data-sr-id=\"14\">vielseitig anwendbar<\/li>\n<li data-sr-id=\"15\">bequem und rutschfest<\/li>\n<li data-sr-id=\"16\">verwendbar f\u00fcr Arme und Beine<\/li>\n<\/ul>\n<ul>\n<li>1 pi\u00e8ce <strong>CHF 52.50<\/strong><\/li>\n<\/ul>\n<p>&nbsp;<\/p>\n<p>&nbsp;<\/p>\n<p>&nbsp;<\/p>\n<p>&nbsp;<\/p>\n<p>&nbsp;<\/p>\n<div class=\"product-body\">\n<div class=\"product-body\">\n<p>Ob w\u00e4hrend des Sports, im Beruf oder im Alltag \u2013 die elastischen und eng anliegenden BasischenStulpen von AlkaWear erm\u00f6glichen ein unauff\u00e4lliges Tragen zu jeder Tageszeit und steigern Ihr Wohlbefinden ganz nebenbei. Egal ob zu Hause oder auf Reisen: Mit den Stulpen als \u201emobiles Fu\u00dfbad\u201c bleiben Sie fit und beweglich in jeder Lebenssituation.<\/p>\n<p>Die BasischenStulpen sind eine moderne, ressourcenschonende Alternative zum Vollbad und erf\u00fcllen damit die Anspr\u00fcche an eine \u00f6kologische Nachhaltigkeit. Sie f\u00f6rdern die Regeneration nach sportlicher Aktivit\u00e4t und sorgen f\u00fcr Erfrischung \u2013 eine Wohltat auch an hei\u00dfen Tagen. Unter Sport- oder Alltagskleidung verschwinden sie ganz unauff\u00e4llig und kaum sichtbar durch den neutral gew\u00e4hlten Farbton und die perfekte, glatt anliegende Passform.<\/p>\n<\/div>\n<p>&nbsp;<\/p>\n<p>&nbsp;<\/p>\n<\/div>\n<h2 data-sr-id=\"2\">Material<\/h2>\n<p>97 % Baumwolle, 3 % Elastan<\/p>\n<p>&nbsp;<\/p>\n<p>&nbsp;<\/p>\n<p><a href=\"https:\/\/decoiris.ch\/wp-content\/uploads\/2019\/06\/Handmade-germany-1.jpg\"><img loading=\"lazy\" decoding=\"async\" class=\"alignnone size-full wp-image-20402\" src=\"https:\/\/decoiris.ch\/wp-content\/uploads\/2019\/06\/Handmade-germany-1.jpg\" alt=\"\" width=\"115\" height=\"87\"><\/a><a href=\"https:\/\/decoiris.ch\/wp-content\/uploads\/2019\/06\/Oeko-TEX-2.jpg\"><img loading=\"lazy\" decoding=\"async\" class=\"alignnone size-full wp-image-20422\" src=\"https:\/\/decoiris.ch\/wp-content\/uploads\/2019\/06\/Oeko-TEX-2.jpg\" alt=\"\" width=\"168\" height=\"87\"><\/a><\/p>\n<p>&nbsp;<\/p>\n<p>&nbsp;<\/p>\n<p><a href=\"https:\/\/decoiris.ch\/wp-content\/uploads\/2019\/08\/velo-Innenfoto.jpg\"><img loading=\"lazy\" decoding=\"async\" class=\" wp-image-27152 alignleft\" src=\"https:\/\/decoiris.ch\/wp-content\/uploads\/2019\/08\/velo-Innenfoto-300x246.jpg\" alt=\"\" width=\"309\" height=\"254\" srcset=\"https:\/\/bien-etreiris.ch\/wp-content\/uploads\/2019\/08\/velo-Innenfoto-300x246.jpg 300w, https:\/\/bien-etreiris.ch\/wp-content\/uploads\/2019\/08\/velo-Innenfoto-768x629.jpg 768w, https:\/\/bien-etreiris.ch\/wp-content\/uploads\/2019\/08\/velo-Innenfoto.jpg 915w\" sizes=\"auto, (max-width: 309px) 100vw, 309px\" \/><\/a><\/p>\n<div class=\"text\">\n<div>\n<div class=\"text\">\n<div>\n<h2 class=\"section-with-image-headline word-wrap \" data-sr-id=\"3\">Anwendung <span class=\"subheadline\">der BasischenStulpen<\/span><\/h2>\n<div class=\"image\">&nbsp;<\/div>\n<ol>\n<li>Einen Teel\u00f6ffel MeineBase basisch-mineralisches K\u00f6rperpflegesalz in rund \u00bd Liter k\u00f6rperwarmes Wasser streuen und gut aufl\u00f6sen.<\/li>\n<li>Die BasischenStulpen hineinlegen, bis sie durch und durch nass sind, und dann stramm auswringen.<\/li>\n<li>Die Stulpen unter der Kleidung oder unbedeckt tragen.<\/li>\n<li>Die Stulpen nach jeder Anwendung waschen.<\/li>\n<\/ol>\n<\/div>\n<\/div>\n<\/div>\n<\/div>\n<p>&nbsp;<\/p>\n<p>&nbsp;<\/p>\n<div class=\"text\">\n<div>\n<p>&nbsp;<\/p>\n<\/div>\n<\/div>\n<section class=\"container themenwelt-one-column\">\n<section class=\"container themenwelt-one-column\">\n<h2 class=\"word-wrap \" data-sr-id=\"4\">Waschanleitung<\/h2>\n<p>Nach jeder Anwendung werden die Stulpen mit der Hand oder in der Waschmaschine mit einem Fein- oder Wollwaschmittel bei maximal 30 \u00b0C gewaschen. Nach dem Waschen sollten die BasischenStulpen in Form gezogen werden. Bitte nicht im Trockner trocknen.<\/p>\n<p><strong>Hinweis:<\/strong> Getragene AlkaWear Textilien sind vom Umtausch ausgeschlossen.<\/p>\n<\/section>\n<\/section>\n<div class=\"text\">\n<p>&nbsp;<\/p>\n<\/div>\n<p>&nbsp;<\/p>\n\n\n<h2 class=\"wp-block-heading\"> <br>Federleichte Beine           mit den Basischen Str\u00fcmpfen und Stulpen <\/h2>\n\n\n\n<figure class=\"wp-block-embed-youtube wp-block-embed is-type-video is-provider-youtube wp-embed-aspect-16-9 wp-has-aspect-ratio\"><div class=\"wp-block-embed__wrapper\">\n<iframe loading=\"lazy\" title=\"Federleichte Beine mit den BasischenStr\u00fcmpfen und -Stulpen von P. Jentschura\" width=\"604\" height=\"340\" src=\"https:\/\/www.youtube.com\/embed\/cGIy4nk_37w?feature=oembed\" frameborder=\"0\" allow=\"accelerometer; autoplay; clipboard-write; encrypted-media; gyroscope; picture-in-picture; web-share\" referrerpolicy=\"strict-origin-when-cross-origin\" allowfullscreen><\/iframe>\n<\/div><\/figure>\n\n\n<p><\/p>\n\n","protected":false},"excerpt":{"rendered":"<p>Basische Stulpen AlkaWear Funktionsw\u00e4sche &nbsp; &nbsp; Einheitsgr\u00f6\u00dfe zwei Paar Stulpen in einer Verpackung ideale Erg\u00e4nzung zu Voll- und Fu\u00dfb\u00e4dern mit MeineBase vielseitig anwendbar bequem und rutschfest verwendbar f\u00fcr Arme und Beine 1 pi\u00e8ce CHF 52.50 &nbsp; &nbsp; &nbsp; &nbsp; &nbsp; Ob w\u00e4hrend des Sports, im Beruf oder im Alltag \u2013 die elastischen und eng anliegenden BasischenStulpen von AlkaWear erm\u00f6glichen ein&nbsp;<a href=\"https:\/\/bien-etreiris.ch\/de\/produktpraesentation\/natuerliche-heilmittel\/saeure-basen-haushalt\/alkawear-funktionswaesche\/basische-stulpen-alkawear-funktionswasche\/\" class=\"read-more\">Weiter lesen<\/a><\/p>\n","protected":false},"author":1,"featured_media":27135,"parent":20368,"menu_order":7392,"comment_status":"closed","ping_status":"closed","template":"page-with-child.php","meta":{"_acf_changed":false,"ngg_post_thumbnail":0,"footnotes":""},"class_list":["post-27210","page","type-page","status-publish","has-post-thumbnail","hentry"],"acf":[],"yoast_head":"<!-- This site is optimized with the Yoast SEO plugin v27.5 - https:\/\/yoast.com\/product\/yoast-seo-wordpress\/ -->\n<title>BASISCHE STULPEN - WOHLBEFINDEN<\/title>\n<meta name=\"robots\" content=\"index, follow, max-snippet:-1, max-image-preview:large, max-video-preview:-1\" \/>\n<link rel=\"canonical\" href=\"https:\/\/bien-etreiris.ch\/de\/produktpraesentation\/natuerliche-heilmittel\/saeure-basen-haushalt\/alkawear-funktionswaesche\/basische-stulpen-alkawear-funktionswasche\/\" \/>\n<meta property=\"og:locale\" content=\"de_DE\" \/>\n<meta property=\"og:type\" content=\"article\" \/>\n<meta property=\"og:title\" content=\"BASISCHE STULPEN - WOHLBEFINDEN\" \/>\n<meta property=\"og:description\" content=\"Basische Stulpen AlkaWear Funktionsw\u00e4sche &nbsp; &nbsp; Einheitsgr\u00f6\u00dfe zwei Paar Stulpen in einer Verpackung ideale Erg\u00e4nzung zu Voll- und Fu\u00dfb\u00e4dern mit MeineBase vielseitig anwendbar bequem und rutschfest verwendbar f\u00fcr Arme und Beine 1 pi\u00e8ce CHF 52.50 &nbsp; &nbsp; &nbsp; &nbsp; &nbsp; Ob w\u00e4hrend des Sports, im Beruf oder im Alltag \u2013 die elastischen und eng anliegenden BasischenStulpen von AlkaWear erm\u00f6glichen ein&nbsp;Weiter lesen\" \/>\n<meta property=\"og:url\" content=\"https:\/\/bien-etreiris.ch\/de\/produktpraesentation\/natuerliche-heilmittel\/saeure-basen-haushalt\/alkawear-funktionswaesche\/basische-stulpen-alkawear-funktionswasche\/\" \/>\n<meta property=\"og:site_name\" content=\"WOHLBEFINDEN\" \/>\n<meta property=\"article:publisher\" content=\"https:\/\/www.facebook.com\/bienetreiris\/\" \/>\n<meta property=\"article:modified_time\" content=\"2019-08-28T08:44:52+00:00\" \/>\n<meta property=\"og:image\" content=\"https:\/\/bien-etreiris.ch\/wp-content\/uploads\/2019\/08\/titel-alka-wear.jpg\" \/>\n\t<meta property=\"og:image:width\" content=\"500\" \/>\n\t<meta property=\"og:image:height\" content=\"330\" \/>\n\t<meta property=\"og:image:type\" content=\"image\/jpeg\" \/>\n<meta name=\"twitter:label1\" content=\"Gesch\u00e4tzte Lesezeit\" \/>\n\t<meta name=\"twitter:data1\" content=\"1\u00a0Minute\" \/>\n<script type=\"application\/ld+json\" class=\"yoast-schema-graph\">{\"@context\":\"https:\\\/\\\/schema.org\",\"@graph\":[{\"@type\":\"WebPage\",\"@id\":\"https:\\\/\\\/bien-etreiris.ch\\\/de\\\/produktpraesentation\\\/natuerliche-heilmittel\\\/saeure-basen-haushalt\\\/alkawear-funktionswaesche\\\/basische-stulpen-alkawear-funktionswasche\\\/\",\"url\":\"https:\\\/\\\/bien-etreiris.ch\\\/de\\\/produktpraesentation\\\/natuerliche-heilmittel\\\/saeure-basen-haushalt\\\/alkawear-funktionswaesche\\\/basische-stulpen-alkawear-funktionswasche\\\/\",\"name\":\"BASISCHE STULPEN - WOHLBEFINDEN\",\"isPartOf\":{\"@id\":\"https:\\\/\\\/bien-etreiris.ch\\\/de\\\/#website\"},\"primaryImageOfPage\":{\"@id\":\"https:\\\/\\\/bien-etreiris.ch\\\/de\\\/produktpraesentation\\\/natuerliche-heilmittel\\\/saeure-basen-haushalt\\\/alkawear-funktionswaesche\\\/basische-stulpen-alkawear-funktionswasche\\\/#primaryimage\"},\"image\":{\"@id\":\"https:\\\/\\\/bien-etreiris.ch\\\/de\\\/produktpraesentation\\\/natuerliche-heilmittel\\\/saeure-basen-haushalt\\\/alkawear-funktionswaesche\\\/basische-stulpen-alkawear-funktionswasche\\\/#primaryimage\"},\"thumbnailUrl\":\"https:\\\/\\\/bien-etreiris.ch\\\/wp-content\\\/uploads\\\/2019\\\/08\\\/titel-alka-wear.jpg\",\"datePublished\":\"2019-08-28T07:07:14+00:00\",\"dateModified\":\"2019-08-28T08:44:52+00:00\",\"breadcrumb\":{\"@id\":\"https:\\\/\\\/bien-etreiris.ch\\\/de\\\/produktpraesentation\\\/natuerliche-heilmittel\\\/saeure-basen-haushalt\\\/alkawear-funktionswaesche\\\/basische-stulpen-alkawear-funktionswasche\\\/#breadcrumb\"},\"inLanguage\":\"de\",\"potentialAction\":[{\"@type\":\"ReadAction\",\"target\":[\"https:\\\/\\\/bien-etreiris.ch\\\/de\\\/produktpraesentation\\\/natuerliche-heilmittel\\\/saeure-basen-haushalt\\\/alkawear-funktionswaesche\\\/basische-stulpen-alkawear-funktionswasche\\\/\"]}]},{\"@type\":\"ImageObject\",\"inLanguage\":\"de\",\"@id\":\"https:\\\/\\\/bien-etreiris.ch\\\/de\\\/produktpraesentation\\\/natuerliche-heilmittel\\\/saeure-basen-haushalt\\\/alkawear-funktionswaesche\\\/basische-stulpen-alkawear-funktionswasche\\\/#primaryimage\",\"url\":\"https:\\\/\\\/bien-etreiris.ch\\\/wp-content\\\/uploads\\\/2019\\\/08\\\/titel-alka-wear.jpg\",\"contentUrl\":\"https:\\\/\\\/bien-etreiris.ch\\\/wp-content\\\/uploads\\\/2019\\\/08\\\/titel-alka-wear.jpg\",\"width\":500,\"height\":330},{\"@type\":\"BreadcrumbList\",\"@id\":\"https:\\\/\\\/bien-etreiris.ch\\\/de\\\/produktpraesentation\\\/natuerliche-heilmittel\\\/saeure-basen-haushalt\\\/alkawear-funktionswaesche\\\/basische-stulpen-alkawear-funktionswasche\\\/#breadcrumb\",\"itemListElement\":[{\"@type\":\"ListItem\",\"position\":1,\"name\":\"Home\",\"item\":\"https:\\\/\\\/bien-etreiris.ch\\\/de\\\/\"},{\"@type\":\"ListItem\",\"position\":2,\"name\":\"PRODUKTPR\u00c4SENTATION\",\"item\":\"https:\\\/\\\/bien-etreiris.ch\\\/de\\\/produktpraesentation\\\/\"},{\"@type\":\"ListItem\",\"position\":3,\"name\":\"NAT\u00dcRLICHE HEILMITTEL\",\"item\":\"https:\\\/\\\/bien-etreiris.ch\\\/de\\\/produktpraesentation\\\/natuerliche-heilmittel\\\/\"},{\"@type\":\"ListItem\",\"position\":4,\"name\":\"S\u00c4URE-BASEN-HAUSHALT\",\"item\":\"https:\\\/\\\/bien-etreiris.ch\\\/de\\\/produktpraesentation\\\/natuerliche-heilmittel\\\/saeure-basen-haushalt\\\/\"},{\"@type\":\"ListItem\",\"position\":5,\"name\":\"ALKA WEAR\",\"item\":\"https:\\\/\\\/bien-etreiris.ch\\\/de\\\/produktpraesentation\\\/natuerliche-heilmittel\\\/saeure-basen-haushalt\\\/alkawear-funktionswaesche\\\/\"},{\"@type\":\"ListItem\",\"position\":6,\"name\":\"BASISCHE STULPEN\"}]},{\"@type\":\"WebSite\",\"@id\":\"https:\\\/\\\/bien-etreiris.ch\\\/de\\\/#website\",\"url\":\"https:\\\/\\\/bien-etreiris.ch\\\/de\\\/\",\"name\":\"Bien-\u00eatre Iris\",\"description\":\"IHRE Gesundheit ist uns wichtig\",\"potentialAction\":[{\"@type\":\"SearchAction\",\"target\":{\"@type\":\"EntryPoint\",\"urlTemplate\":\"https:\\\/\\\/bien-etreiris.ch\\\/de\\\/?s={search_term_string}\"},\"query-input\":{\"@type\":\"PropertyValueSpecification\",\"valueRequired\":true,\"valueName\":\"search_term_string\"}}],\"inLanguage\":\"de\"}]}<\/script>\n<!-- \/ Yoast SEO plugin. -->","yoast_head_json":{"title":"BASISCHE STULPEN - WOHLBEFINDEN","robots":{"index":"index","follow":"follow","max-snippet":"max-snippet:-1","max-image-preview":"max-image-preview:large","max-video-preview":"max-video-preview:-1"},"canonical":"https:\/\/bien-etreiris.ch\/de\/produktpraesentation\/natuerliche-heilmittel\/saeure-basen-haushalt\/alkawear-funktionswaesche\/basische-stulpen-alkawear-funktionswasche\/","og_locale":"de_DE","og_type":"article","og_title":"BASISCHE STULPEN - WOHLBEFINDEN","og_description":"Basische Stulpen AlkaWear Funktionsw\u00e4sche &nbsp; &nbsp; Einheitsgr\u00f6\u00dfe zwei Paar Stulpen in einer Verpackung ideale Erg\u00e4nzung zu Voll- und Fu\u00dfb\u00e4dern mit MeineBase vielseitig anwendbar bequem und rutschfest verwendbar f\u00fcr Arme und Beine 1 pi\u00e8ce CHF 52.50 &nbsp; &nbsp; &nbsp; &nbsp; &nbsp; Ob w\u00e4hrend des Sports, im Beruf oder im Alltag \u2013 die elastischen und eng anliegenden BasischenStulpen von AlkaWear erm\u00f6glichen ein&nbsp;Weiter lesen","og_url":"https:\/\/bien-etreiris.ch\/de\/produktpraesentation\/natuerliche-heilmittel\/saeure-basen-haushalt\/alkawear-funktionswaesche\/basische-stulpen-alkawear-funktionswasche\/","og_site_name":"WOHLBEFINDEN","article_publisher":"https:\/\/www.facebook.com\/bienetreiris\/","article_modified_time":"2019-08-28T08:44:52+00:00","og_image":[{"width":500,"height":330,"url":"https:\/\/bien-etreiris.ch\/wp-content\/uploads\/2019\/08\/titel-alka-wear.jpg","type":"image\/jpeg"}],"twitter_misc":{"Gesch\u00e4tzte Lesezeit":"1\u00a0Minute"},"schema":{"@context":"https:\/\/schema.org","@graph":[{"@type":"WebPage","@id":"https:\/\/bien-etreiris.ch\/de\/produktpraesentation\/natuerliche-heilmittel\/saeure-basen-haushalt\/alkawear-funktionswaesche\/basische-stulpen-alkawear-funktionswasche\/","url":"https:\/\/bien-etreiris.ch\/de\/produktpraesentation\/natuerliche-heilmittel\/saeure-basen-haushalt\/alkawear-funktionswaesche\/basische-stulpen-alkawear-funktionswasche\/","name":"BASISCHE STULPEN - WOHLBEFINDEN","isPartOf":{"@id":"https:\/\/bien-etreiris.ch\/de\/#website"},"primaryImageOfPage":{"@id":"https:\/\/bien-etreiris.ch\/de\/produktpraesentation\/natuerliche-heilmittel\/saeure-basen-haushalt\/alkawear-funktionswaesche\/basische-stulpen-alkawear-funktionswasche\/#primaryimage"},"image":{"@id":"https:\/\/bien-etreiris.ch\/de\/produktpraesentation\/natuerliche-heilmittel\/saeure-basen-haushalt\/alkawear-funktionswaesche\/basische-stulpen-alkawear-funktionswasche\/#primaryimage"},"thumbnailUrl":"https:\/\/bien-etreiris.ch\/wp-content\/uploads\/2019\/08\/titel-alka-wear.jpg","datePublished":"2019-08-28T07:07:14+00:00","dateModified":"2019-08-28T08:44:52+00:00","breadcrumb":{"@id":"https:\/\/bien-etreiris.ch\/de\/produktpraesentation\/natuerliche-heilmittel\/saeure-basen-haushalt\/alkawear-funktionswaesche\/basische-stulpen-alkawear-funktionswasche\/#breadcrumb"},"inLanguage":"de","potentialAction":[{"@type":"ReadAction","target":["https:\/\/bien-etreiris.ch\/de\/produktpraesentation\/natuerliche-heilmittel\/saeure-basen-haushalt\/alkawear-funktionswaesche\/basische-stulpen-alkawear-funktionswasche\/"]}]},{"@type":"ImageObject","inLanguage":"de","@id":"https:\/\/bien-etreiris.ch\/de\/produktpraesentation\/natuerliche-heilmittel\/saeure-basen-haushalt\/alkawear-funktionswaesche\/basische-stulpen-alkawear-funktionswasche\/#primaryimage","url":"https:\/\/bien-etreiris.ch\/wp-content\/uploads\/2019\/08\/titel-alka-wear.jpg","contentUrl":"https:\/\/bien-etreiris.ch\/wp-content\/uploads\/2019\/08\/titel-alka-wear.jpg","width":500,"height":330},{"@type":"BreadcrumbList","@id":"https:\/\/bien-etreiris.ch\/de\/produktpraesentation\/natuerliche-heilmittel\/saeure-basen-haushalt\/alkawear-funktionswaesche\/basische-stulpen-alkawear-funktionswasche\/#breadcrumb","itemListElement":[{"@type":"ListItem","position":1,"name":"Home","item":"https:\/\/bien-etreiris.ch\/de\/"},{"@type":"ListItem","position":2,"name":"PRODUKTPR\u00c4SENTATION","item":"https:\/\/bien-etreiris.ch\/de\/produktpraesentation\/"},{"@type":"ListItem","position":3,"name":"NAT\u00dcRLICHE HEILMITTEL","item":"https:\/\/bien-etreiris.ch\/de\/produktpraesentation\/natuerliche-heilmittel\/"},{"@type":"ListItem","position":4,"name":"S\u00c4URE-BASEN-HAUSHALT","item":"https:\/\/bien-etreiris.ch\/de\/produktpraesentation\/natuerliche-heilmittel\/saeure-basen-haushalt\/"},{"@type":"ListItem","position":5,"name":"ALKA WEAR","item":"https:\/\/bien-etreiris.ch\/de\/produktpraesentation\/natuerliche-heilmittel\/saeure-basen-haushalt\/alkawear-funktionswaesche\/"},{"@type":"ListItem","position":6,"name":"BASISCHE STULPEN"}]},{"@type":"WebSite","@id":"https:\/\/bien-etreiris.ch\/de\/#website","url":"https:\/\/bien-etreiris.ch\/de\/","name":"Bien-\u00eatre Iris","description":"IHRE Gesundheit ist uns wichtig","potentialAction":[{"@type":"SearchAction","target":{"@type":"EntryPoint","urlTemplate":"https:\/\/bien-etreiris.ch\/de\/?s={search_term_string}"},"query-input":{"@type":"PropertyValueSpecification","valueRequired":true,"valueName":"search_term_string"}}],"inLanguage":"de"}]}},"_links":{"self":[{"href":"https:\/\/bien-etreiris.ch\/de\/wp-json\/wp\/v2\/pages\/27210","targetHints":{"allow":["GET"]}}],"collection":[{"href":"https:\/\/bien-etreiris.ch\/de\/wp-json\/wp\/v2\/pages"}],"about":[{"href":"https:\/\/bien-etreiris.ch\/de\/wp-json\/wp\/v2\/types\/page"}],"author":[{"embeddable":true,"href":"https:\/\/bien-etreiris.ch\/de\/wp-json\/wp\/v2\/users\/1"}],"replies":[{"embeddable":true,"href":"https:\/\/bien-etreiris.ch\/de\/wp-json\/wp\/v2\/comments?post=27210"}],"version-history":[{"count":5,"href":"https:\/\/bien-etreiris.ch\/de\/wp-json\/wp\/v2\/pages\/27210\/revisions"}],"predecessor-version":[{"id":27220,"href":"https:\/\/bien-etreiris.ch\/de\/wp-json\/wp\/v2\/pages\/27210\/revisions\/27220"}],"up":[{"embeddable":true,"href":"https:\/\/bien-etreiris.ch\/de\/wp-json\/wp\/v2\/pages\/20368"}],"wp:featuredmedia":[{"embeddable":true,"href":"https:\/\/bien-etreiris.ch\/de\/wp-json\/wp\/v2\/media\/27135"}],"wp:attachment":[{"href":"https:\/\/bien-etreiris.ch\/de\/wp-json\/wp\/v2\/media?parent=27210"}],"curies":[{"name":"wp","href":"https:\/\/api.w.org\/{rel}","templated":true}]}}