{"id":27196,"date":"2019-08-28T07:44:46","date_gmt":"2019-08-28T07:44:46","guid":{"rendered":"https:\/\/bien-etreiris.ch\/wohlbefinden\/basische-produkte-p-jentschura\/alka-wear\/bas-alcalin\/"},"modified":"2024-08-05T23:17:33","modified_gmt":"2024-08-05T21:17:33","slug":"basische-struempfe-alkawear-funktionswaesche","status":"publish","type":"page","link":"https:\/\/bien-etreiris.ch\/de\/produktpraesentation\/natuerliche-heilmittel\/saeure-basen-haushalt\/alkawear-funktionswaesche\/basische-struempfe-alkawear-funktionswaesche\/","title":{"rendered":"BASISCHE STR\u00dcMPFE"},"content":{"rendered":"\n<h2 class=\"wp-block-heading\"> <br>AlkaWear Funktionsw\u00e4sche <\/h2>\n\n\n<h4 class=\"hyphenate\">Basische Str\u00fcmpfe<\/h4>\n<ul style=\"list-style-type: circle;\">\n<li><a href=\"https:\/\/decoiris.ch\/wp-content\/uploads\/2019\/08\/BasAlcalins-1.jpg\"><img loading=\"lazy\" decoding=\"async\" class=\"size-medium wp-image-27147 alignleft\" src=\"https:\/\/decoiris.ch\/wp-content\/uploads\/2019\/08\/BasAlcalins-1-222x300.jpg\" alt=\"\" width=\"222\" height=\"300\" srcset=\"https:\/\/bien-etreiris.ch\/wp-content\/uploads\/2019\/08\/BasAlcalins-1-222x300.jpg 222w, https:\/\/bien-etreiris.ch\/wp-content\/uploads\/2019\/08\/BasAlcalins-1.jpg 400w\" sizes=\"auto, (max-width: 222px) 100vw, 222px\" \/><\/a><\/li>\n<\/ul>\n<p>&nbsp;<\/p>\n<p>&nbsp;<\/p>\n<ul style=\"list-style-type: disc;\">\n<li>Einheitsgr\u00f6\u00dfe<\/li>\n<li>ein Innen- und ein Au\u00dfenpaar<\/li>\n<li>die ideale Erg\u00e4nzung zu Voll- und Fu\u00dfb\u00e4dern mit MeineBase<\/li>\n<li>locker gestrickt<\/li>\n<li>besonders bew\u00e4hrt nach k\u00f6rperlich anstrengender Arbeit<\/li>\n<\/ul>\n<p>&nbsp;<\/p>\n<p>&nbsp;<\/p>\n<p>&nbsp;<\/p>\n<p>&nbsp;<\/p>\n<p>&nbsp;<\/p>\n<p>&nbsp;<\/p>\n<div class=\"product-body\">\n<p>Die BasischenStr\u00fcmpfe sind eine moderne, ressourcenschonende Alternative zum Vollbad und erf\u00fcllen damit die Anspr\u00fcche an eine \u00f6kologische Nachhaltigkeit.<\/p>\n<p>BasischeStr\u00fcmpfe aus der hochwertigen P.&nbsp;Jentschura AlkaWear Serie sind das \u201etextile Fussbad zum Anziehen\u201c \u2013 ob zu Hause oder auf Reisen. Sie sind bequem, praktisch, zeitsparend und passen in jeden Koffer. Als Sch\u00f6nheitsmaske f\u00fcr gepflegte und attraktive Beine eignen sie sich in allen Ruhephasen am Tag oder auch w\u00e4hrend der Nacht. G\u00f6nnen Sie Ihren Beinen und F\u00fc\u00dfen etwas Gutes.<\/p>\n<p>Nach Belieben k\u00f6nnen die BasischenStr\u00fcmpfe auch an Armen und H\u00e4nden getragen werden.<\/p>\n<\/div>\n<p>&nbsp;<\/p>\n<h2 data-sr-id=\"2\">Material<\/h2>\n<ul>\n<li data-sr-id=\"17\">Innenpaar aus 100 % Baumwolle in Leinenwei\u00df<\/li>\n<li data-sr-id=\"18\">Au\u00dfenpaar aus 100 % Schurwolle in Wollwei\u00df<\/li>\n<\/ul>\n<p>&nbsp;<\/p>\n<p><a href=\"https:\/\/decoiris.ch\/wp-content\/uploads\/2019\/06\/Handmade-germany-1.jpg\"><img loading=\"lazy\" decoding=\"async\" class=\"alignnone size-full wp-image-20402\" src=\"https:\/\/decoiris.ch\/wp-content\/uploads\/2019\/06\/Handmade-germany-1.jpg\" alt=\"\" width=\"115\" height=\"87\"><\/a><a href=\"https:\/\/decoiris.ch\/wp-content\/uploads\/2019\/06\/Oeko-TEX-2.jpg\"><img loading=\"lazy\" decoding=\"async\" class=\"alignnone size-full wp-image-20422\" src=\"https:\/\/decoiris.ch\/wp-content\/uploads\/2019\/06\/Oeko-TEX-2.jpg\" alt=\"\" width=\"168\" height=\"87\"><\/a><\/p>\n<p>&nbsp;<\/p>\n<p>&nbsp;<\/p>\n<p>&nbsp;<\/p>\n<div class=\"text\">\n<div>\n<p>&nbsp;<\/p>\n<\/div>\n<\/div>\n<p><a href=\"https:\/\/decoiris.ch\/wp-content\/uploads\/2019\/08\/titel-45.jpg\"><img loading=\"lazy\" decoding=\"async\" class=\"wp-image-27164 alignleft\" src=\"https:\/\/decoiris.ch\/wp-content\/uploads\/2019\/08\/titel-45-300x181.jpg\" alt=\"\" width=\"467\" height=\"282\" srcset=\"https:\/\/bien-etreiris.ch\/wp-content\/uploads\/2019\/08\/titel-45-300x181.jpg 300w, https:\/\/bien-etreiris.ch\/wp-content\/uploads\/2019\/08\/titel-45.jpg 450w\" sizes=\"auto, (max-width: 467px) 100vw, 467px\" \/><\/a><\/p>\n<div class=\"text\">\n<div>\n<h2 class=\"section-with-image-headline word-wrap \" data-sr-id=\"3\">Anwendung <span class=\"subheadline\">der BasischenStr\u00fcmpfe<\/span><\/h2>\n<div class=\"image\">&nbsp;<\/div>\n<ol>\n<li>Einen Teel\u00f6ffel MeineBase basisch-mineralisches K\u00f6rperpflegesalz in circa \u00bd Liter k\u00f6rperwarmes Wasser streuen und gut aufl\u00f6sen.<\/li>\n<li>Die d\u00fcnnen Innenstr\u00fcmpfe der basischen Str\u00fcmpfe hineinlegen, bis sie durch und durch nass sind.<\/li>\n<li>Die Innenstr\u00fcmpfe stramm auswringen, bis sie nicht mehr tropfen.<\/li>\n<li>Die feuchten Innenstr\u00fcmpfe anziehen, die trockenen Au\u00dfenstr\u00fcmpfe dar\u00fcber ziehen. Bei kalten F\u00fc\u00dfen empfiehlt sich zus\u00e4tzlich eine W\u00e4rmflasche.<\/li>\n<li>Die Innenstr\u00fcmpfe sollten nach jeder Anwendung gewaschen werden.<\/li>\n<\/ol>\n<\/div>\n<\/div>\n<p>&nbsp;<\/p>\n<p>&nbsp;<\/p>\n<p>&nbsp;<\/p>\n<p>&nbsp;<\/p>\n<section class=\"container themenwelt-one-column\">\n<h2 class=\"word-wrap \" data-sr-id=\"4\">Waschanleitung<\/h2>\n<p>Entweder per Handw\u00e4sche oder bei 30 \u00b0C in der Waschmaschine waschen. Die Au\u00dfenstr\u00fcmpfe bitte nicht schleudern.<\/p>\n<p><strong>Hinweis:<\/strong> Getragene AlkaWear Textilien sind vom Umtausch ausgeschlossen.<\/p>\n<\/section>\n<p>&nbsp;<\/p>\n\n\n<h2 class=\"wp-block-heading\"> <br>Federleichte Beine           mit den Basischen Str\u00fcmpfen und Stulpen <\/h2>\n\n\n\n<figure class=\"wp-block-embed is-type-video is-provider-youtube wp-block-embed-youtube wp-embed-aspect-16-9 wp-has-aspect-ratio\"><div class=\"wp-block-embed__wrapper\">\n<iframe loading=\"lazy\" title=\"Federleichte Beine mit den BasischenStr\u00fcmpfen und -Stulpen von P. Jentschura\" width=\"604\" height=\"340\" src=\"https:\/\/www.youtube.com\/embed\/cGIy4nk_37w?feature=oembed\" frameborder=\"0\" allow=\"accelerometer; autoplay; clipboard-write; encrypted-media; gyroscope; picture-in-picture; web-share\" referrerpolicy=\"strict-origin-when-cross-origin\" allowfullscreen><\/iframe>\n<\/div><\/figure>\n","protected":false},"excerpt":{"rendered":"<p>AlkaWear Funktionsw\u00e4sche Basische Str\u00fcmpfe &nbsp; &nbsp; Einheitsgr\u00f6\u00dfe ein Innen- und ein Au\u00dfenpaar die ideale Erg\u00e4nzung zu Voll- und Fu\u00dfb\u00e4dern mit MeineBase locker gestrickt besonders bew\u00e4hrt nach k\u00f6rperlich anstrengender Arbeit &nbsp; &nbsp; &nbsp; &nbsp; &nbsp; &nbsp; Die BasischenStr\u00fcmpfe sind eine moderne, ressourcenschonende Alternative zum Vollbad und erf\u00fcllen damit die Anspr\u00fcche an eine \u00f6kologische Nachhaltigkeit. BasischeStr\u00fcmpfe aus der hochwertigen P.&nbsp;Jentschura AlkaWear Serie&nbsp;<a href=\"https:\/\/bien-etreiris.ch\/de\/produktpraesentation\/natuerliche-heilmittel\/saeure-basen-haushalt\/alkawear-funktionswaesche\/basische-struempfe-alkawear-funktionswaesche\/\" class=\"read-more\">Weiter lesen<\/a><\/p>\n","protected":false},"author":1,"featured_media":27164,"parent":20368,"menu_order":7390,"comment_status":"closed","ping_status":"closed","template":"page-with-child.php","meta":{"_acf_changed":false,"ngg_post_thumbnail":0,"footnotes":""},"class_list":["post-27196","page","type-page","status-publish","has-post-thumbnail","hentry"],"acf":[],"yoast_head":"<!-- This site is optimized with the Yoast SEO plugin v27.5 - https:\/\/yoast.com\/product\/yoast-seo-wordpress\/ -->\n<title>BASISCHE STR\u00dcMPFE - WOHLBEFINDEN<\/title>\n<meta name=\"robots\" content=\"index, follow, max-snippet:-1, max-image-preview:large, max-video-preview:-1\" \/>\n<link rel=\"canonical\" href=\"https:\/\/bien-etreiris.ch\/de\/produktpraesentation\/natuerliche-heilmittel\/saeure-basen-haushalt\/alkawear-funktionswaesche\/basische-struempfe-alkawear-funktionswaesche\/\" \/>\n<meta property=\"og:locale\" content=\"de_DE\" \/>\n<meta property=\"og:type\" content=\"article\" \/>\n<meta property=\"og:title\" content=\"BASISCHE STR\u00dcMPFE - WOHLBEFINDEN\" \/>\n<meta property=\"og:description\" content=\"AlkaWear Funktionsw\u00e4sche Basische Str\u00fcmpfe &nbsp; &nbsp; Einheitsgr\u00f6\u00dfe ein Innen- und ein Au\u00dfenpaar die ideale Erg\u00e4nzung zu Voll- und Fu\u00dfb\u00e4dern mit MeineBase locker gestrickt besonders bew\u00e4hrt nach k\u00f6rperlich anstrengender Arbeit &nbsp; &nbsp; &nbsp; &nbsp; &nbsp; &nbsp; Die BasischenStr\u00fcmpfe sind eine moderne, ressourcenschonende Alternative zum Vollbad und erf\u00fcllen damit die Anspr\u00fcche an eine \u00f6kologische Nachhaltigkeit. BasischeStr\u00fcmpfe aus der hochwertigen P.&nbsp;Jentschura AlkaWear Serie&nbsp;Weiter lesen\" \/>\n<meta property=\"og:url\" content=\"https:\/\/bien-etreiris.ch\/de\/produktpraesentation\/natuerliche-heilmittel\/saeure-basen-haushalt\/alkawear-funktionswaesche\/basische-struempfe-alkawear-funktionswaesche\/\" \/>\n<meta property=\"og:site_name\" content=\"WOHLBEFINDEN\" \/>\n<meta property=\"article:publisher\" content=\"https:\/\/www.facebook.com\/bienetreiris\/\" \/>\n<meta property=\"article:modified_time\" content=\"2024-08-05T21:17:33+00:00\" \/>\n<meta property=\"og:image\" content=\"https:\/\/bien-etreiris.ch\/wp-content\/uploads\/2019\/08\/titel-45.jpg\" \/>\n\t<meta property=\"og:image:width\" content=\"450\" \/>\n\t<meta property=\"og:image:height\" content=\"272\" \/>\n\t<meta property=\"og:image:type\" content=\"image\/jpeg\" \/>\n<meta name=\"twitter:label1\" content=\"Gesch\u00e4tzte Lesezeit\" \/>\n\t<meta name=\"twitter:data1\" content=\"3\u00a0Minuten\" \/>\n<script type=\"application\/ld+json\" class=\"yoast-schema-graph\">{\"@context\":\"https:\\\/\\\/schema.org\",\"@graph\":[{\"@type\":\"WebPage\",\"@id\":\"https:\\\/\\\/bien-etreiris.ch\\\/de\\\/produktpraesentation\\\/natuerliche-heilmittel\\\/saeure-basen-haushalt\\\/alkawear-funktionswaesche\\\/basische-struempfe-alkawear-funktionswaesche\\\/\",\"url\":\"https:\\\/\\\/bien-etreiris.ch\\\/de\\\/produktpraesentation\\\/natuerliche-heilmittel\\\/saeure-basen-haushalt\\\/alkawear-funktionswaesche\\\/basische-struempfe-alkawear-funktionswaesche\\\/\",\"name\":\"BASISCHE STR\u00dcMPFE - WOHLBEFINDEN\",\"isPartOf\":{\"@id\":\"https:\\\/\\\/bien-etreiris.ch\\\/de\\\/#website\"},\"primaryImageOfPage\":{\"@id\":\"https:\\\/\\\/bien-etreiris.ch\\\/de\\\/produktpraesentation\\\/natuerliche-heilmittel\\\/saeure-basen-haushalt\\\/alkawear-funktionswaesche\\\/basische-struempfe-alkawear-funktionswaesche\\\/#primaryimage\"},\"image\":{\"@id\":\"https:\\\/\\\/bien-etreiris.ch\\\/de\\\/produktpraesentation\\\/natuerliche-heilmittel\\\/saeure-basen-haushalt\\\/alkawear-funktionswaesche\\\/basische-struempfe-alkawear-funktionswaesche\\\/#primaryimage\"},\"thumbnailUrl\":\"https:\\\/\\\/bien-etreiris.ch\\\/wp-content\\\/uploads\\\/2019\\\/08\\\/titel-45.jpg\",\"datePublished\":\"2019-08-28T07:44:46+00:00\",\"dateModified\":\"2024-08-05T21:17:33+00:00\",\"breadcrumb\":{\"@id\":\"https:\\\/\\\/bien-etreiris.ch\\\/de\\\/produktpraesentation\\\/natuerliche-heilmittel\\\/saeure-basen-haushalt\\\/alkawear-funktionswaesche\\\/basische-struempfe-alkawear-funktionswaesche\\\/#breadcrumb\"},\"inLanguage\":\"de\",\"potentialAction\":[{\"@type\":\"ReadAction\",\"target\":[\"https:\\\/\\\/bien-etreiris.ch\\\/de\\\/produktpraesentation\\\/natuerliche-heilmittel\\\/saeure-basen-haushalt\\\/alkawear-funktionswaesche\\\/basische-struempfe-alkawear-funktionswaesche\\\/\"]}]},{\"@type\":\"ImageObject\",\"inLanguage\":\"de\",\"@id\":\"https:\\\/\\\/bien-etreiris.ch\\\/de\\\/produktpraesentation\\\/natuerliche-heilmittel\\\/saeure-basen-haushalt\\\/alkawear-funktionswaesche\\\/basische-struempfe-alkawear-funktionswaesche\\\/#primaryimage\",\"url\":\"https:\\\/\\\/bien-etreiris.ch\\\/wp-content\\\/uploads\\\/2019\\\/08\\\/titel-45.jpg\",\"contentUrl\":\"https:\\\/\\\/bien-etreiris.ch\\\/wp-content\\\/uploads\\\/2019\\\/08\\\/titel-45.jpg\",\"width\":450,\"height\":272},{\"@type\":\"BreadcrumbList\",\"@id\":\"https:\\\/\\\/bien-etreiris.ch\\\/de\\\/produktpraesentation\\\/natuerliche-heilmittel\\\/saeure-basen-haushalt\\\/alkawear-funktionswaesche\\\/basische-struempfe-alkawear-funktionswaesche\\\/#breadcrumb\",\"itemListElement\":[{\"@type\":\"ListItem\",\"position\":1,\"name\":\"Home\",\"item\":\"https:\\\/\\\/bien-etreiris.ch\\\/de\\\/\"},{\"@type\":\"ListItem\",\"position\":2,\"name\":\"PRODUKTPR\u00c4SENTATION\",\"item\":\"https:\\\/\\\/bien-etreiris.ch\\\/de\\\/produktpraesentation\\\/\"},{\"@type\":\"ListItem\",\"position\":3,\"name\":\"NAT\u00dcRLICHE HEILMITTEL\",\"item\":\"https:\\\/\\\/bien-etreiris.ch\\\/de\\\/produktpraesentation\\\/natuerliche-heilmittel\\\/\"},{\"@type\":\"ListItem\",\"position\":4,\"name\":\"S\u00c4URE-BASEN-HAUSHALT\",\"item\":\"https:\\\/\\\/bien-etreiris.ch\\\/de\\\/produktpraesentation\\\/natuerliche-heilmittel\\\/saeure-basen-haushalt\\\/\"},{\"@type\":\"ListItem\",\"position\":5,\"name\":\"ALKA WEAR\",\"item\":\"https:\\\/\\\/bien-etreiris.ch\\\/de\\\/produktpraesentation\\\/natuerliche-heilmittel\\\/saeure-basen-haushalt\\\/alkawear-funktionswaesche\\\/\"},{\"@type\":\"ListItem\",\"position\":6,\"name\":\"BASISCHE STR\u00dcMPFE\"}]},{\"@type\":\"WebSite\",\"@id\":\"https:\\\/\\\/bien-etreiris.ch\\\/de\\\/#website\",\"url\":\"https:\\\/\\\/bien-etreiris.ch\\\/de\\\/\",\"name\":\"Bien-\u00eatre Iris\",\"description\":\"IHRE Gesundheit ist uns wichtig\",\"potentialAction\":[{\"@type\":\"SearchAction\",\"target\":{\"@type\":\"EntryPoint\",\"urlTemplate\":\"https:\\\/\\\/bien-etreiris.ch\\\/de\\\/?s={search_term_string}\"},\"query-input\":{\"@type\":\"PropertyValueSpecification\",\"valueRequired\":true,\"valueName\":\"search_term_string\"}}],\"inLanguage\":\"de\"}]}<\/script>\n<!-- \/ Yoast SEO plugin. -->","yoast_head_json":{"title":"BASISCHE STR\u00dcMPFE - WOHLBEFINDEN","robots":{"index":"index","follow":"follow","max-snippet":"max-snippet:-1","max-image-preview":"max-image-preview:large","max-video-preview":"max-video-preview:-1"},"canonical":"https:\/\/bien-etreiris.ch\/de\/produktpraesentation\/natuerliche-heilmittel\/saeure-basen-haushalt\/alkawear-funktionswaesche\/basische-struempfe-alkawear-funktionswaesche\/","og_locale":"de_DE","og_type":"article","og_title":"BASISCHE STR\u00dcMPFE - WOHLBEFINDEN","og_description":"AlkaWear Funktionsw\u00e4sche Basische Str\u00fcmpfe &nbsp; &nbsp; Einheitsgr\u00f6\u00dfe ein Innen- und ein Au\u00dfenpaar die ideale Erg\u00e4nzung zu Voll- und Fu\u00dfb\u00e4dern mit MeineBase locker gestrickt besonders bew\u00e4hrt nach k\u00f6rperlich anstrengender Arbeit &nbsp; &nbsp; &nbsp; &nbsp; &nbsp; &nbsp; Die BasischenStr\u00fcmpfe sind eine moderne, ressourcenschonende Alternative zum Vollbad und erf\u00fcllen damit die Anspr\u00fcche an eine \u00f6kologische Nachhaltigkeit. BasischeStr\u00fcmpfe aus der hochwertigen P.&nbsp;Jentschura AlkaWear Serie&nbsp;Weiter lesen","og_url":"https:\/\/bien-etreiris.ch\/de\/produktpraesentation\/natuerliche-heilmittel\/saeure-basen-haushalt\/alkawear-funktionswaesche\/basische-struempfe-alkawear-funktionswaesche\/","og_site_name":"WOHLBEFINDEN","article_publisher":"https:\/\/www.facebook.com\/bienetreiris\/","article_modified_time":"2024-08-05T21:17:33+00:00","og_image":[{"width":450,"height":272,"url":"https:\/\/bien-etreiris.ch\/wp-content\/uploads\/2019\/08\/titel-45.jpg","type":"image\/jpeg"}],"twitter_misc":{"Gesch\u00e4tzte Lesezeit":"3\u00a0Minuten"},"schema":{"@context":"https:\/\/schema.org","@graph":[{"@type":"WebPage","@id":"https:\/\/bien-etreiris.ch\/de\/produktpraesentation\/natuerliche-heilmittel\/saeure-basen-haushalt\/alkawear-funktionswaesche\/basische-struempfe-alkawear-funktionswaesche\/","url":"https:\/\/bien-etreiris.ch\/de\/produktpraesentation\/natuerliche-heilmittel\/saeure-basen-haushalt\/alkawear-funktionswaesche\/basische-struempfe-alkawear-funktionswaesche\/","name":"BASISCHE STR\u00dcMPFE - WOHLBEFINDEN","isPartOf":{"@id":"https:\/\/bien-etreiris.ch\/de\/#website"},"primaryImageOfPage":{"@id":"https:\/\/bien-etreiris.ch\/de\/produktpraesentation\/natuerliche-heilmittel\/saeure-basen-haushalt\/alkawear-funktionswaesche\/basische-struempfe-alkawear-funktionswaesche\/#primaryimage"},"image":{"@id":"https:\/\/bien-etreiris.ch\/de\/produktpraesentation\/natuerliche-heilmittel\/saeure-basen-haushalt\/alkawear-funktionswaesche\/basische-struempfe-alkawear-funktionswaesche\/#primaryimage"},"thumbnailUrl":"https:\/\/bien-etreiris.ch\/wp-content\/uploads\/2019\/08\/titel-45.jpg","datePublished":"2019-08-28T07:44:46+00:00","dateModified":"2024-08-05T21:17:33+00:00","breadcrumb":{"@id":"https:\/\/bien-etreiris.ch\/de\/produktpraesentation\/natuerliche-heilmittel\/saeure-basen-haushalt\/alkawear-funktionswaesche\/basische-struempfe-alkawear-funktionswaesche\/#breadcrumb"},"inLanguage":"de","potentialAction":[{"@type":"ReadAction","target":["https:\/\/bien-etreiris.ch\/de\/produktpraesentation\/natuerliche-heilmittel\/saeure-basen-haushalt\/alkawear-funktionswaesche\/basische-struempfe-alkawear-funktionswaesche\/"]}]},{"@type":"ImageObject","inLanguage":"de","@id":"https:\/\/bien-etreiris.ch\/de\/produktpraesentation\/natuerliche-heilmittel\/saeure-basen-haushalt\/alkawear-funktionswaesche\/basische-struempfe-alkawear-funktionswaesche\/#primaryimage","url":"https:\/\/bien-etreiris.ch\/wp-content\/uploads\/2019\/08\/titel-45.jpg","contentUrl":"https:\/\/bien-etreiris.ch\/wp-content\/uploads\/2019\/08\/titel-45.jpg","width":450,"height":272},{"@type":"BreadcrumbList","@id":"https:\/\/bien-etreiris.ch\/de\/produktpraesentation\/natuerliche-heilmittel\/saeure-basen-haushalt\/alkawear-funktionswaesche\/basische-struempfe-alkawear-funktionswaesche\/#breadcrumb","itemListElement":[{"@type":"ListItem","position":1,"name":"Home","item":"https:\/\/bien-etreiris.ch\/de\/"},{"@type":"ListItem","position":2,"name":"PRODUKTPR\u00c4SENTATION","item":"https:\/\/bien-etreiris.ch\/de\/produktpraesentation\/"},{"@type":"ListItem","position":3,"name":"NAT\u00dcRLICHE HEILMITTEL","item":"https:\/\/bien-etreiris.ch\/de\/produktpraesentation\/natuerliche-heilmittel\/"},{"@type":"ListItem","position":4,"name":"S\u00c4URE-BASEN-HAUSHALT","item":"https:\/\/bien-etreiris.ch\/de\/produktpraesentation\/natuerliche-heilmittel\/saeure-basen-haushalt\/"},{"@type":"ListItem","position":5,"name":"ALKA WEAR","item":"https:\/\/bien-etreiris.ch\/de\/produktpraesentation\/natuerliche-heilmittel\/saeure-basen-haushalt\/alkawear-funktionswaesche\/"},{"@type":"ListItem","position":6,"name":"BASISCHE STR\u00dcMPFE"}]},{"@type":"WebSite","@id":"https:\/\/bien-etreiris.ch\/de\/#website","url":"https:\/\/bien-etreiris.ch\/de\/","name":"Bien-\u00eatre Iris","description":"IHRE Gesundheit ist uns wichtig","potentialAction":[{"@type":"SearchAction","target":{"@type":"EntryPoint","urlTemplate":"https:\/\/bien-etreiris.ch\/de\/?s={search_term_string}"},"query-input":{"@type":"PropertyValueSpecification","valueRequired":true,"valueName":"search_term_string"}}],"inLanguage":"de"}]}},"_links":{"self":[{"href":"https:\/\/bien-etreiris.ch\/de\/wp-json\/wp\/v2\/pages\/27196","targetHints":{"allow":["GET"]}}],"collection":[{"href":"https:\/\/bien-etreiris.ch\/de\/wp-json\/wp\/v2\/pages"}],"about":[{"href":"https:\/\/bien-etreiris.ch\/de\/wp-json\/wp\/v2\/types\/page"}],"author":[{"embeddable":true,"href":"https:\/\/bien-etreiris.ch\/de\/wp-json\/wp\/v2\/users\/1"}],"replies":[{"embeddable":true,"href":"https:\/\/bien-etreiris.ch\/de\/wp-json\/wp\/v2\/comments?post=27196"}],"version-history":[{"count":8,"href":"https:\/\/bien-etreiris.ch\/de\/wp-json\/wp\/v2\/pages\/27196\/revisions"}],"predecessor-version":[{"id":86776,"href":"https:\/\/bien-etreiris.ch\/de\/wp-json\/wp\/v2\/pages\/27196\/revisions\/86776"}],"up":[{"embeddable":true,"href":"https:\/\/bien-etreiris.ch\/de\/wp-json\/wp\/v2\/pages\/20368"}],"wp:featuredmedia":[{"embeddable":true,"href":"https:\/\/bien-etreiris.ch\/de\/wp-json\/wp\/v2\/media\/27164"}],"wp:attachment":[{"href":"https:\/\/bien-etreiris.ch\/de\/wp-json\/wp\/v2\/media?parent=27196"}],"curies":[{"name":"wp","href":"https:\/\/api.w.org\/{rel}","templated":true}]}}