{"id":27028,"date":"2019-08-26T11:46:25","date_gmt":"2019-08-26T11:46:25","guid":{"rendered":"https:\/\/bien-etreiris.ch\/wohlbefinden\/gesundes-leben\/aloe-ferrox-vera\/premiers-secours\/"},"modified":"2019-08-27T18:41:06","modified_gmt":"2019-08-27T18:41:06","slug":"erste-hilfe-set","status":"publish","type":"page","link":"https:\/\/bien-etreiris.ch\/de\/produktpraesentation\/natuerliche-heilmittel\/premiers-secours\/erste-hilfe-set\/","title":{"rendered":"ERSTE HILFE SET"},"content":{"rendered":"\n<h2 class=\"wp-block-heading\">Erste Hilfe mit ALOE VERA<\/h2>\n\n\n\n<p><\/p>\n\n\n<p>&nbsp;<\/p>\n<p>&nbsp;<\/p>\n<h4>Concentrate - Feuchtigkeitsspendendes Gelkonzentrat<\/h4>\n<p><img loading=\"lazy\" decoding=\"async\" class=\"size-full wp-image-26802 alignleft\" src=\"https:\/\/decoiris.ch\/wp-content\/uploads\/2019\/08\/Concentrated-Gel.png\" alt=\"\" width=\"130\" height=\"285\"><\/p>\n<p>&nbsp;<\/p>\n<ul>\n<li>Erfrischendes Pflege-Gel f\u00fcr gereizte, feuchtigkeitsarme Haut<\/li>\n<li>90% Aloe Vera-Gel<\/li>\n<li>Spendet sofort maximale Feuchtigkeit und k\u00fchlt<\/li>\n<li>Verbessert die Hautelastizit\u00e4t<\/li>\n<li>Die Haut f\u00fchlt sich sofort intensiv gepflegt an<\/li>\n<\/ul>\n<p>1 tube <strong>CHF 19.50<\/strong><\/p>\n<p>&nbsp;<\/p>\n<p>&nbsp;<\/p>\n<p>&nbsp;<\/p>\n<p>&nbsp;<\/p>\n<h4><strong><span style=\"color: #6ef36f;\"><a style=\"color: #6ef36f;\" href=\"https:\/\/decoiris.ch\/wp-content\/uploads\/2019\/08\/BESCHREIBUNG-Concentrate-Feuchtigkeitsspendendes-Gelkonzentrat-.pdf\">BESCHREIBUNG&nbsp;<\/a> &nbsp; &nbsp;&nbsp; &nbsp; <a style=\"color: #6ef36f;\" href=\"https:\/\/decoiris.ch\/wp-content\/uploads\/2019\/08\/INHALTSSTOFFE-Concentrate-Feuchtigkeitsspendendes-Gelkonzentrat-.pdf\">INHALTSSTOFFE&nbsp;<\/a> &nbsp; &nbsp;&nbsp; <a style=\"color: #6ef36f;\" href=\"https:\/\/decoiris.ch\/wp-content\/uploads\/2019\/08\/ANWENDUNG-Concentrate-Feuchtigkeitsspendendes-Gelkonzentrat-.pdf\">ANWENDUNG <\/a><\/span><span style=\"color: #6fe36f;\"><strong><span style=\"color: #6ef36f;\">&nbsp;&nbsp;&nbsp;&nbsp;&nbsp; &nbsp; <\/span><\/strong><a href=\"https:\/\/decoiris.ch\/wp-content\/uploads\/2019\/08\/FAQ-Concentrate-Feuchtigkeitsspendendes-Gelkonzentrat-DE.pdf\"><strong><span style=\"color: #6ef36f;\">FAQ<\/span> <\/strong><\/a> <\/span> <\/strong><\/h4>\n<div class=\"hr\"><\/div><!-- .hr (end) -->\n<h4>Emergency Spray - Schnelles Notfallspray<\/h4>\n<h4><strong>&nbsp;<\/strong><\/h4>\n<p><a href=\"https:\/\/decoiris.ch\/wp-content\/uploads\/2019\/08\/Emergency-spray.png\"><img loading=\"lazy\" decoding=\"async\" class=\"size-medium wp-image-26805 alignleft\" src=\"https:\/\/decoiris.ch\/wp-content\/uploads\/2019\/08\/Emergency-spray-96x300.png\" alt=\"\" width=\"96\" height=\"300\"><\/a><\/p>\n<p>&nbsp;<\/p>\n<ul>\n<li>Mit 83 % Aloe Vera<\/li>\n<li>Mit zw\u00f6lf ausgesuchten, bew\u00e4hrten Kr\u00e4uteressenzen<\/li>\n<li>Spendet Feuchtigkeit<\/li>\n<li>Legt sich wie ein Schutzfilm auf beanspruchte Haut<\/li>\n<li>Beruhigt und k\u00fchlt<\/li>\n<\/ul>\n<p>&nbsp;<\/p>\n<p>&nbsp;<\/p>\n<p>1 tube <strong>CHF 24.50<\/strong><\/p>\n<p>&nbsp;<\/p>\n<p>&nbsp;<\/p>\n<h4><span style=\"color: #6fe36f;\"><strong><a style=\"color: #6fe36f;\" href=\"https:\/\/decoiris.ch\/wp-content\/uploads\/2019\/08\/BESCHREIBUNG-Emergency-Spray-Schnelles-Notfallspray-.pdf\">BESCHREIBUNG&nbsp;<\/a><\/strong><strong> &nbsp;&nbsp; &nbsp;&nbsp; <a style=\"color: #6fe36f;\" href=\"https:\/\/decoiris.ch\/wp-content\/uploads\/2019\/08\/INHALTSSTOFFE-Emergency-Spray-Schnelles-Notfallspray-.pdf\">INHALTSSTOFFE&nbsp;<\/a> &nbsp; &nbsp; &nbsp; <a style=\"color: #6fe36f;\" href=\"https:\/\/decoiris.ch\/wp-content\/uploads\/2019\/08\/ANWENDUNG-Emergency-Spray-Schnelles-Notfallspray-.pdf\">ANWENDUNG&nbsp;<\/a> &nbsp; <\/strong><strong><span style=\"color: #6fe36f;\">&nbsp;&nbsp;&nbsp;&nbsp;&nbsp; <a style=\"color: #6fe36f;\" href=\"https:\/\/decoiris.ch\/wp-content\/uploads\/2019\/08\/FAQ-Emergency-Spray-1.pdf\">FAQ <\/a><\/span><br><\/strong><\/span><\/h4>\n<div class=\"hr\"><\/div><!-- .hr (end) -->\n<h4>Aloe Vera Sch\u00fctzende Propolis Creme<\/h4>\n<h4><strong>&nbsp;<\/strong><\/h4>\n<p><img loading=\"lazy\" decoding=\"async\" class=\"size-full wp-image-26808 alignleft\" src=\"https:\/\/decoiris.ch\/wp-content\/uploads\/2019\/08\/Propolis-Cream.png\" alt=\"\" width=\"125\" height=\"289\"><\/p>\n<p>&nbsp;<\/p>\n<p>Perfekter Allrounder f\u00fcr die anspruchsvolle Pflege im Winter. Propolis aus der Bienenwabe und 79% Aloe Vera sind wahre Feuchtigkeitsbooster und geben beanspruchter Haut samtweiche Geschmeidigkeit zur\u00fcck. Sollte jederzeit griffbereit sein.<\/p>\n<p>1 Tube <strong>CHF 24.00<\/strong><\/p>\n<p>&nbsp;<\/p>\n<p>&nbsp;<\/p>\n<p>&nbsp;<\/p>\n<p>&nbsp;<\/p>\n<h4><span style=\"color: #6fe36f;\"><strong><a style=\"color: #6fe36f;\" href=\"https:\/\/decoiris.ch\/wp-content\/uploads\/2019\/08\/BESCHREIBUNG-Aloe-Vera-Sch\u00fctzende-Propolis-Creme-.pdf\">BESCHREIBUNG&nbsp;<\/a> &nbsp; &nbsp; &nbsp;&nbsp; <a style=\"color: #6fe36f;\" href=\"https:\/\/decoiris.ch\/wp-content\/uploads\/2019\/08\/INHALTSSTOFFE-Aloe-Vera-Sch\u00fctzende-Propolis-Creme-.pdf\">INHALTSSTOFFE&nbsp;<\/a> &nbsp; &nbsp;&nbsp; &nbsp; <a style=\"color: #6fe36f;\" href=\"https:\/\/decoiris.ch\/wp-content\/uploads\/2019\/08\/ANWENDUNG-Aloe-Vera-Sch\u00fctzende-Propolis-Creme-.pdf\">ANWENDUNG&nbsp;<\/a><\/strong><strong>&nbsp; &nbsp;&nbsp;&nbsp;&nbsp;&nbsp;<\/strong><a style=\"color: #6fe36f;\" href=\"https:\/\/decoiris.ch\/wp-content\/uploads\/2019\/08\/FAQ-Aloe-Vera-Sch\u00fctzende-Propolis-Creme-.pdf\">FAQ <\/a><\/span><\/h4>\n<div class=\"hr\"><\/div><!-- .hr (end) -->\n<p>&nbsp;<\/p>\n<p><img loading=\"lazy\" decoding=\"async\" class=\"size-medium wp-image-26787 alignleft\" src=\"https:\/\/decoiris.ch\/wp-content\/uploads\/2019\/08\/Speicial-Care-box-300x243.png\" alt=\"\" width=\"300\" height=\"243\" srcset=\"https:\/\/bien-etreiris.ch\/wp-content\/uploads\/2019\/08\/Speicial-Care-box-300x243.png 300w, https:\/\/bien-etreiris.ch\/wp-content\/uploads\/2019\/08\/Speicial-Care-box.png 462w\" sizes=\"auto, (max-width: 300px) 100vw, 300px\" \/>SOS-Pflegepaket<\/p>\n<p>1 pi\u00e8ce <strong>CHF 48.00<\/strong><\/p>\n\n\n<p> <\/p>\n\n\n\n<ul class=\"wp-block-list\"><li>das SOS-Pflegepaket f\u00fcr ein gesundes Hautgef\u00fchl<\/li><li>Aloe Vera Schnelles Notfallspray beruhigt und k\u00fchlt<\/li><li>Aloe Vera Feuchtigkeitsspendendes Gelkonzentrat f\u00f6rdert die Regeneration<\/li><li>Aloe Vera Sch\u00fctzende Propolis Creme sorgt f\u00fcr Feuchtigkeit und Geschmeidigkeit <br> das SOS-Pflegepaket f\u00fcr ein gesundes Hautgef\u00fchl<br> Aloe Vera Schnelles Notfallspray beruhigt und k\u00fchlt<br> Aloe Vera Feuchtigkeitsspendendes Gelkonzentrat f\u00f6rdert die Regeneration<br> Aloe Vera Sch\u00fctzende Propolis Creme sorgt f\u00fcr Feuchtigkeit und Geschmeidigkeit das SOS-Pflegepaket f\u00fcr ein gesundes Hautgef\u00fchl<\/li><li>Aloe Vera Schnelles Notfallspray beruhigt und k\u00fchlt<\/li><li>Aloe Vera Feuchtigkeitsspendendes Gelkonzentrat f\u00f6rdert die Regeneration<\/li><li>Aloe Vera Sch\u00fctzende Propolis Creme sorgt f\u00fcr Feuchtigkeit und Geschmeidigkeit<\/li><\/ul>\n\n\n\n<p> <\/p>\n","protected":false},"excerpt":{"rendered":"<p>Erste Hilfe mit ALOE VERA &nbsp; &nbsp; Concentrate - Feuchtigkeitsspendendes Gelkonzentrat &nbsp; Erfrischendes Pflege-Gel f\u00fcr gereizte, feuchtigkeitsarme Haut 90% Aloe Vera-Gel Spendet sofort maximale Feuchtigkeit und k\u00fchlt Verbessert die Hautelastizit\u00e4t Die Haut f\u00fchlt sich sofort intensiv gepflegt an 1 tube CHF 19.50 &nbsp; &nbsp; &nbsp; &nbsp; BESCHREIBUNG&nbsp; &nbsp; &nbsp;&nbsp; &nbsp; INHALTSSTOFFE&nbsp; &nbsp; &nbsp;&nbsp; ANWENDUNG &nbsp;&nbsp;&nbsp;&nbsp;&nbsp; &nbsp; FAQ Emergency Spray -&nbsp;<a href=\"https:\/\/bien-etreiris.ch\/de\/produktpraesentation\/natuerliche-heilmittel\/premiers-secours\/erste-hilfe-set\/\" class=\"read-more\">Weiter lesen<\/a><\/p>\n","protected":false},"author":1,"featured_media":26789,"parent":44143,"menu_order":7398,"comment_status":"closed","ping_status":"closed","template":"page-with-child.php","meta":{"_acf_changed":false,"ngg_post_thumbnail":0,"footnotes":""},"class_list":["post-27028","page","type-page","status-publish","has-post-thumbnail","hentry"],"acf":[],"yoast_head":"<!-- This site is optimized with the Yoast SEO plugin v27.5 - https:\/\/yoast.com\/product\/yoast-seo-wordpress\/ -->\n<title>ERSTE HILFE SET - WOHLBEFINDEN<\/title>\n<meta name=\"robots\" content=\"index, follow, max-snippet:-1, max-image-preview:large, max-video-preview:-1\" \/>\n<link rel=\"canonical\" href=\"https:\/\/bien-etreiris.ch\/de\/produktpraesentation\/natuerliche-heilmittel\/premiers-secours\/erste-hilfe-set\/\" \/>\n<meta property=\"og:locale\" content=\"de_DE\" \/>\n<meta property=\"og:type\" content=\"article\" \/>\n<meta property=\"og:title\" content=\"ERSTE HILFE SET - WOHLBEFINDEN\" \/>\n<meta property=\"og:description\" content=\"Erste Hilfe mit ALOE VERA &nbsp; &nbsp; Concentrate - Feuchtigkeitsspendendes Gelkonzentrat &nbsp; Erfrischendes Pflege-Gel f\u00fcr gereizte, feuchtigkeitsarme Haut 90% Aloe Vera-Gel Spendet sofort maximale Feuchtigkeit und k\u00fchlt Verbessert die Hautelastizit\u00e4t Die Haut f\u00fchlt sich sofort intensiv gepflegt an 1 tube CHF 19.50 &nbsp; &nbsp; &nbsp; &nbsp; BESCHREIBUNG&nbsp; &nbsp; &nbsp;&nbsp; &nbsp; INHALTSSTOFFE&nbsp; &nbsp; &nbsp;&nbsp; ANWENDUNG &nbsp;&nbsp;&nbsp;&nbsp;&nbsp; &nbsp; FAQ Emergency Spray -&nbsp;Weiter lesen\" \/>\n<meta property=\"og:url\" content=\"https:\/\/bien-etreiris.ch\/de\/produktpraesentation\/natuerliche-heilmittel\/premiers-secours\/erste-hilfe-set\/\" \/>\n<meta property=\"og:site_name\" content=\"WOHLBEFINDEN\" \/>\n<meta property=\"article:publisher\" content=\"https:\/\/www.facebook.com\/bienetreiris\/\" \/>\n<meta property=\"article:modified_time\" content=\"2019-08-27T18:41:06+00:00\" \/>\n<meta property=\"og:image\" content=\"https:\/\/bien-etreiris.ch\/wp-content\/uploads\/2019\/08\/Speicial-Care-box.png\" \/>\n\t<meta property=\"og:image:width\" content=\"462\" \/>\n\t<meta property=\"og:image:height\" content=\"374\" \/>\n\t<meta property=\"og:image:type\" content=\"image\/png\" \/>\n<meta name=\"twitter:label1\" content=\"Gesch\u00e4tzte Lesezeit\" \/>\n\t<meta name=\"twitter:data1\" content=\"2\u00a0Minuten\" \/>\n<script type=\"application\/ld+json\" class=\"yoast-schema-graph\">{\"@context\":\"https:\\\/\\\/schema.org\",\"@graph\":[{\"@type\":\"WebPage\",\"@id\":\"https:\\\/\\\/bien-etreiris.ch\\\/de\\\/produktpraesentation\\\/natuerliche-heilmittel\\\/premiers-secours\\\/erste-hilfe-set\\\/\",\"url\":\"https:\\\/\\\/bien-etreiris.ch\\\/de\\\/produktpraesentation\\\/natuerliche-heilmittel\\\/premiers-secours\\\/erste-hilfe-set\\\/\",\"name\":\"ERSTE HILFE SET - WOHLBEFINDEN\",\"isPartOf\":{\"@id\":\"https:\\\/\\\/bien-etreiris.ch\\\/de\\\/#website\"},\"primaryImageOfPage\":{\"@id\":\"https:\\\/\\\/bien-etreiris.ch\\\/de\\\/produktpraesentation\\\/natuerliche-heilmittel\\\/premiers-secours\\\/erste-hilfe-set\\\/#primaryimage\"},\"image\":{\"@id\":\"https:\\\/\\\/bien-etreiris.ch\\\/de\\\/produktpraesentation\\\/natuerliche-heilmittel\\\/premiers-secours\\\/erste-hilfe-set\\\/#primaryimage\"},\"thumbnailUrl\":\"https:\\\/\\\/bien-etreiris.ch\\\/wp-content\\\/uploads\\\/2019\\\/08\\\/Speicial-Care-box.png\",\"datePublished\":\"2019-08-26T11:46:25+00:00\",\"dateModified\":\"2019-08-27T18:41:06+00:00\",\"breadcrumb\":{\"@id\":\"https:\\\/\\\/bien-etreiris.ch\\\/de\\\/produktpraesentation\\\/natuerliche-heilmittel\\\/premiers-secours\\\/erste-hilfe-set\\\/#breadcrumb\"},\"inLanguage\":\"de\",\"potentialAction\":[{\"@type\":\"ReadAction\",\"target\":[\"https:\\\/\\\/bien-etreiris.ch\\\/de\\\/produktpraesentation\\\/natuerliche-heilmittel\\\/premiers-secours\\\/erste-hilfe-set\\\/\"]}]},{\"@type\":\"ImageObject\",\"inLanguage\":\"de\",\"@id\":\"https:\\\/\\\/bien-etreiris.ch\\\/de\\\/produktpraesentation\\\/natuerliche-heilmittel\\\/premiers-secours\\\/erste-hilfe-set\\\/#primaryimage\",\"url\":\"https:\\\/\\\/bien-etreiris.ch\\\/wp-content\\\/uploads\\\/2019\\\/08\\\/Speicial-Care-box.png\",\"contentUrl\":\"https:\\\/\\\/bien-etreiris.ch\\\/wp-content\\\/uploads\\\/2019\\\/08\\\/Speicial-Care-box.png\",\"width\":462,\"height\":374},{\"@type\":\"BreadcrumbList\",\"@id\":\"https:\\\/\\\/bien-etreiris.ch\\\/de\\\/produktpraesentation\\\/natuerliche-heilmittel\\\/premiers-secours\\\/erste-hilfe-set\\\/#breadcrumb\",\"itemListElement\":[{\"@type\":\"ListItem\",\"position\":1,\"name\":\"Home\",\"item\":\"https:\\\/\\\/bien-etreiris.ch\\\/de\\\/\"},{\"@type\":\"ListItem\",\"position\":2,\"name\":\"PRODUKTPR\u00c4SENTATION\",\"item\":\"https:\\\/\\\/bien-etreiris.ch\\\/de\\\/produktpraesentation\\\/\"},{\"@type\":\"ListItem\",\"position\":3,\"name\":\"NAT\u00dcRLICHE HEILMITTEL\",\"item\":\"https:\\\/\\\/bien-etreiris.ch\\\/de\\\/produktpraesentation\\\/natuerliche-heilmittel\\\/\"},{\"@type\":\"ListItem\",\"position\":4,\"name\":\"ERSTE HILFE\",\"item\":\"https:\\\/\\\/bien-etreiris.ch\\\/de\\\/produktpraesentation\\\/natuerliche-heilmittel\\\/premiers-secours\\\/\"},{\"@type\":\"ListItem\",\"position\":5,\"name\":\"ERSTE HILFE SET\"}]},{\"@type\":\"WebSite\",\"@id\":\"https:\\\/\\\/bien-etreiris.ch\\\/de\\\/#website\",\"url\":\"https:\\\/\\\/bien-etreiris.ch\\\/de\\\/\",\"name\":\"Bien-\u00eatre Iris\",\"description\":\"IHRE Gesundheit ist uns wichtig\",\"potentialAction\":[{\"@type\":\"SearchAction\",\"target\":{\"@type\":\"EntryPoint\",\"urlTemplate\":\"https:\\\/\\\/bien-etreiris.ch\\\/de\\\/?s={search_term_string}\"},\"query-input\":{\"@type\":\"PropertyValueSpecification\",\"valueRequired\":true,\"valueName\":\"search_term_string\"}}],\"inLanguage\":\"de\"}]}<\/script>\n<!-- \/ Yoast SEO plugin. -->","yoast_head_json":{"title":"ERSTE HILFE SET - WOHLBEFINDEN","robots":{"index":"index","follow":"follow","max-snippet":"max-snippet:-1","max-image-preview":"max-image-preview:large","max-video-preview":"max-video-preview:-1"},"canonical":"https:\/\/bien-etreiris.ch\/de\/produktpraesentation\/natuerliche-heilmittel\/premiers-secours\/erste-hilfe-set\/","og_locale":"de_DE","og_type":"article","og_title":"ERSTE HILFE SET - WOHLBEFINDEN","og_description":"Erste Hilfe mit ALOE VERA &nbsp; &nbsp; Concentrate - Feuchtigkeitsspendendes Gelkonzentrat &nbsp; Erfrischendes Pflege-Gel f\u00fcr gereizte, feuchtigkeitsarme Haut 90% Aloe Vera-Gel Spendet sofort maximale Feuchtigkeit und k\u00fchlt Verbessert die Hautelastizit\u00e4t Die Haut f\u00fchlt sich sofort intensiv gepflegt an 1 tube CHF 19.50 &nbsp; &nbsp; &nbsp; &nbsp; BESCHREIBUNG&nbsp; &nbsp; &nbsp;&nbsp; &nbsp; INHALTSSTOFFE&nbsp; &nbsp; &nbsp;&nbsp; ANWENDUNG &nbsp;&nbsp;&nbsp;&nbsp;&nbsp; &nbsp; FAQ Emergency Spray -&nbsp;Weiter lesen","og_url":"https:\/\/bien-etreiris.ch\/de\/produktpraesentation\/natuerliche-heilmittel\/premiers-secours\/erste-hilfe-set\/","og_site_name":"WOHLBEFINDEN","article_publisher":"https:\/\/www.facebook.com\/bienetreiris\/","article_modified_time":"2019-08-27T18:41:06+00:00","og_image":[{"width":462,"height":374,"url":"https:\/\/bien-etreiris.ch\/wp-content\/uploads\/2019\/08\/Speicial-Care-box.png","type":"image\/png"}],"twitter_misc":{"Gesch\u00e4tzte Lesezeit":"2\u00a0Minuten"},"schema":{"@context":"https:\/\/schema.org","@graph":[{"@type":"WebPage","@id":"https:\/\/bien-etreiris.ch\/de\/produktpraesentation\/natuerliche-heilmittel\/premiers-secours\/erste-hilfe-set\/","url":"https:\/\/bien-etreiris.ch\/de\/produktpraesentation\/natuerliche-heilmittel\/premiers-secours\/erste-hilfe-set\/","name":"ERSTE HILFE SET - WOHLBEFINDEN","isPartOf":{"@id":"https:\/\/bien-etreiris.ch\/de\/#website"},"primaryImageOfPage":{"@id":"https:\/\/bien-etreiris.ch\/de\/produktpraesentation\/natuerliche-heilmittel\/premiers-secours\/erste-hilfe-set\/#primaryimage"},"image":{"@id":"https:\/\/bien-etreiris.ch\/de\/produktpraesentation\/natuerliche-heilmittel\/premiers-secours\/erste-hilfe-set\/#primaryimage"},"thumbnailUrl":"https:\/\/bien-etreiris.ch\/wp-content\/uploads\/2019\/08\/Speicial-Care-box.png","datePublished":"2019-08-26T11:46:25+00:00","dateModified":"2019-08-27T18:41:06+00:00","breadcrumb":{"@id":"https:\/\/bien-etreiris.ch\/de\/produktpraesentation\/natuerliche-heilmittel\/premiers-secours\/erste-hilfe-set\/#breadcrumb"},"inLanguage":"de","potentialAction":[{"@type":"ReadAction","target":["https:\/\/bien-etreiris.ch\/de\/produktpraesentation\/natuerliche-heilmittel\/premiers-secours\/erste-hilfe-set\/"]}]},{"@type":"ImageObject","inLanguage":"de","@id":"https:\/\/bien-etreiris.ch\/de\/produktpraesentation\/natuerliche-heilmittel\/premiers-secours\/erste-hilfe-set\/#primaryimage","url":"https:\/\/bien-etreiris.ch\/wp-content\/uploads\/2019\/08\/Speicial-Care-box.png","contentUrl":"https:\/\/bien-etreiris.ch\/wp-content\/uploads\/2019\/08\/Speicial-Care-box.png","width":462,"height":374},{"@type":"BreadcrumbList","@id":"https:\/\/bien-etreiris.ch\/de\/produktpraesentation\/natuerliche-heilmittel\/premiers-secours\/erste-hilfe-set\/#breadcrumb","itemListElement":[{"@type":"ListItem","position":1,"name":"Home","item":"https:\/\/bien-etreiris.ch\/de\/"},{"@type":"ListItem","position":2,"name":"PRODUKTPR\u00c4SENTATION","item":"https:\/\/bien-etreiris.ch\/de\/produktpraesentation\/"},{"@type":"ListItem","position":3,"name":"NAT\u00dcRLICHE HEILMITTEL","item":"https:\/\/bien-etreiris.ch\/de\/produktpraesentation\/natuerliche-heilmittel\/"},{"@type":"ListItem","position":4,"name":"ERSTE HILFE","item":"https:\/\/bien-etreiris.ch\/de\/produktpraesentation\/natuerliche-heilmittel\/premiers-secours\/"},{"@type":"ListItem","position":5,"name":"ERSTE HILFE SET"}]},{"@type":"WebSite","@id":"https:\/\/bien-etreiris.ch\/de\/#website","url":"https:\/\/bien-etreiris.ch\/de\/","name":"Bien-\u00eatre Iris","description":"IHRE Gesundheit ist uns wichtig","potentialAction":[{"@type":"SearchAction","target":{"@type":"EntryPoint","urlTemplate":"https:\/\/bien-etreiris.ch\/de\/?s={search_term_string}"},"query-input":{"@type":"PropertyValueSpecification","valueRequired":true,"valueName":"search_term_string"}}],"inLanguage":"de"}]}},"_links":{"self":[{"href":"https:\/\/bien-etreiris.ch\/de\/wp-json\/wp\/v2\/pages\/27028","targetHints":{"allow":["GET"]}}],"collection":[{"href":"https:\/\/bien-etreiris.ch\/de\/wp-json\/wp\/v2\/pages"}],"about":[{"href":"https:\/\/bien-etreiris.ch\/de\/wp-json\/wp\/v2\/types\/page"}],"author":[{"embeddable":true,"href":"https:\/\/bien-etreiris.ch\/de\/wp-json\/wp\/v2\/users\/1"}],"replies":[{"embeddable":true,"href":"https:\/\/bien-etreiris.ch\/de\/wp-json\/wp\/v2\/comments?post=27028"}],"version-history":[{"count":10,"href":"https:\/\/bien-etreiris.ch\/de\/wp-json\/wp\/v2\/pages\/27028\/revisions"}],"predecessor-version":[{"id":27099,"href":"https:\/\/bien-etreiris.ch\/de\/wp-json\/wp\/v2\/pages\/27028\/revisions\/27099"}],"up":[{"embeddable":true,"href":"https:\/\/bien-etreiris.ch\/de\/wp-json\/wp\/v2\/pages\/44143"}],"wp:featuredmedia":[{"embeddable":true,"href":"https:\/\/bien-etreiris.ch\/de\/wp-json\/wp\/v2\/media\/26789"}],"wp:attachment":[{"href":"https:\/\/bien-etreiris.ch\/de\/wp-json\/wp\/v2\/media?parent=27028"}],"curies":[{"name":"wp","href":"https:\/\/api.w.org\/{rel}","templated":true}]}}