{"id":24679,"date":"2019-08-03T16:33:25","date_gmt":"2019-08-03T16:33:25","guid":{"rendered":"https:\/\/bien-etreiris.ch\/sesame-bio\/"},"modified":"2019-08-10T07:42:51","modified_gmt":"2019-08-10T07:42:51","slug":"sesamoel-bio","status":"publish","type":"page","link":"https:\/\/bien-etreiris.ch\/de\/sesamoel-bio\/","title":{"rendered":"SESAM\u00d6L BIO"},"content":{"rendered":"\n<h2 class=\"wp-block-heading\">SESAM\u00d6L BIO<\/h2>\n\n\n<p><a href=\"https:\/\/decoiris.ch\/wp-content\/uploads\/2019\/08\/huile-sesam-Seitenansicht.jpg\"><img loading=\"lazy\" decoding=\"async\" class=\"wp-image-24156 size-full alignleft\" src=\"https:\/\/decoiris.ch\/wp-content\/uploads\/2019\/08\/huile-sesam-Seitenansicht.jpg\" alt=\"\" width=\"450\" height=\"960\" srcset=\"https:\/\/bien-etreiris.ch\/wp-content\/uploads\/2019\/08\/huile-sesam-Seitenansicht.jpg 450w, https:\/\/bien-etreiris.ch\/wp-content\/uploads\/2019\/08\/huile-sesam-Seitenansicht-141x300.jpg 141w\" sizes=\"auto, (max-width: 450px) 100vw, 450px\" \/><\/a><strong>Botanischer Name:<\/strong><\/p>\n<p>Sesamum indicum (oder sesamum oriental)<\/p>\n<p><strong>Botanische Familie:<\/strong> Pedalaceae&nbsp;<\/p>\n<p><strong>Herkunft<\/strong> (Land, in dem Pflanzen\u00f6l angebaut wird): China, Birma, Indien, Nigeria, \u00c4thiopien, Sudan<\/p>\n<p><strong>Teile der extrahierten Pflanze:<\/strong> Samen (aus der Kapsel)<\/p>\n<p><strong>Oxidationspotential:<\/strong> Unempfindlich<\/p>\n<p><strong>Preis<\/strong><\/p>\n<p>100 ml CHF 6.00 in loser Aussch\u00fcttung<\/p>\n<p><a href=\"https:\/\/decoiris.ch\/wp-content\/uploads\/2019\/08\/sesam-noir-1.jpg\"><img loading=\"lazy\" decoding=\"async\" class=\"alignnone wp-image-24171 size-medium\" src=\"https:\/\/decoiris.ch\/wp-content\/uploads\/2019\/08\/sesam-noir-1-300x200.jpg\" alt=\"\" width=\"300\" height=\"200\" srcset=\"https:\/\/bien-etreiris.ch\/wp-content\/uploads\/2019\/08\/sesam-noir-1-300x200.jpg 300w, https:\/\/bien-etreiris.ch\/wp-content\/uploads\/2019\/08\/sesam-noir-1.jpg 400w\" sizes=\"auto, (max-width: 300px) 100vw, 300px\" \/><\/a><\/p>\n<p><span class=\"tlid-translation translation\" lang=\"de\"><span title=\"\">Sesam\u00f6l ist ein ausgezeichnetes dermatologisches \u00d6l!<\/span><br><span title=\"\">Es kombiniert die hektischen Eigenschaften von Omega-6 mit den antioxidativen Eigenschaften von Vitamin E und Phenolen.<\/span> <span class=\"\" title=\"\">Diese wohltuende Wirkung auf die Haut wird durch das Vorhandensein von Selen verst\u00e4rkt, das einen Hautregenerator darstellt.<\/span><\/span><\/p>\n<ul style=\"list-style-type: disc;\">\n<li>Akne<\/li>\n<li>Leichte verbrennungen !<\/li>\n<li>gef\u00e4rbte Haare, spr\u00f6de, geschw\u00e4cht, trocken<\/li>\n<li>Fettiges Haar<\/li>\n<li>Haare, die klimatischen Bedingungen ausgesetzt sind (Wind, Sonne, Meersalz)<\/li>\n<li>Leichte Narbe<\/li>\n<li>Trockene oder gereizte Kopfhaut<\/li>\n<li>Schorf<\/li>\n<li>Reinigung<\/li>\n<li>Trockene (H\u00e4nde, K\u00f6rper, Haare, N\u00e4gel)<\/li>\n<li>Ekzem<\/li>\n<li>Sonnenbrand<\/li>\n<li>Junge<\/li>\n<li>Hautreizung<\/li>\n<li>Massage<\/li>\n<li>Spr\u00f6de N\u00e4gel, Nagelhaut<\/li>\n<li>Reife Haut<\/li>\n<li>Trockene oder fettige Haut<\/li>\n<li>Falten (zur Vorbeugung)<\/li>\n<li>Psoriasis<\/li>\n<li>Talg im \u00dcberma\u00df<\/li>\n<li>Mundpflege<\/li>\n<li>Dehnungsstreifen<\/li>\n<li>Hautalterung (zur Vorbeugung)<\/li>\n<\/ul>\n<p><strong>Praktische Tipps<\/strong><\/p>\n<p>Sesam\u00f6l ist die K\u00f6nigin der Pflanzen\u00f6le in der <strong>ayurvedischen Medizin<\/strong>. \"Es dient als Grundlage f\u00fcr die Massage.\"<\/p>\n<p>Einige empfehlen eine besondere Verwendung:<\/p>\n<ul>\n<li>Es ist eine Art \"Mundwasser\" mit dem Sesam\u00f6l. Nehmen Sie einfach einen Essl\u00f6ffel Sesam\u00f6l (idealerweise reines und biologisches) in den Mund und f\u00fchren Sie die gleiche Bewegung aus, wie beim Sp\u00fclen des Mundes, aber f\u00fcr eine Weile deutlich l\u00e4nger. Nach ungef\u00e4hr zwanzig Minuten weisen Sie eine wei\u00dfe Emulsion zur\u00fcck. Ohne echte wissenschaftliche Grundlage w\u00fcrde diese Praxis eine gr\u00fcndliche Reinigung des Mundes mit sowohl antibakteriellen als auch entz\u00fcndungshemmenden Eigenschaften erm\u00f6glichen, die insbesondere bei Gingivitis wirken k\u00f6nnen. Einzelheiten finden Sie weiter unten unter \"Praktische Formeln\".<\/li>\n<\/ul>\n<p><span class=\"tlid-translation translation\" lang=\"de\"><strong><span title=\"\">Mundwasser<\/span><\/strong><br><span title=\"\">Mundbad am Morgen zu realisieren:<\/span><br><span class=\"\" title=\"\">Nehmen Sie einen Essl\u00f6ffel Sesam\u00f6l in den Mund, der 1\/4 Stunde (bis zu 20 Minuten) in der Mundh\u00f6hle zirkuliert.<\/span> <span class=\"\" title=\"\">Dann rekrutieren Sie das \u00d6l und sp\u00fclen den Mund mit Wasser aus.Dieser Vorgang begrenzt Toxine wie Bakterien und beseitigt Zahnflecken.<\/span> <span class=\"\" title=\"\">Es hilft dabei, die Beweglichkeit der Unterkiefer aufrechtzuerhalten, und erh\u00e4lt daher die Beweglichkeit der Knochen aufrecht, aus denen der Sch\u00e4delkasten besteht.<\/span> <span class=\"\" title=\"\">Es tonisiert und massiert die Wangen, das Zahnfleisch, die Zunge und die Kiefermuskulatur.<\/span><\/span><\/p>\n<p><strong>Massage zur Linderung von Gelenkschmerzen<\/strong><\/p>\n<p>Tragen Sie auf die schmerzenden Stellen die folgende Mischung auf:<\/p>\n<ul>\n<li>1 Teel\u00f6ffel Sesam\u00f6l<\/li>\n<li>1 Teel\u00f6ffel Johanniskraut\u00f6l<\/li>\n<li>1 Teel\u00f6ffel Arnika\u00f6l<\/li>\n<li>4 Tropfen \u00e4therisches \u00d6l Wintergreen&nbsp; oder<br>4 Tropfen Teebaum\u00f6l oder<br>4 Tropfen Zitronen-Eukalyptus \u00d6l<\/li>\n<\/ul>\n<p><span class=\"tlid-translation translation\" lang=\"de\"><span class=\"\" title=\"\">Umgeben Sie dann die Verbindung mit einem warmen Tuch.<\/span><\/span><\/p>\n<p><strong>Vorsichtsma\u00dfnahmen f\u00fcr die Verwendung:<\/strong><br>Aufgrund des Vorhandenseins von \u00e4therischen \u00d6len ist diese Mischung f\u00fcr Erwachsene reserviert und f\u00fcr schwangere und stillende Frauen sowie f\u00fcr gegen Aspirin allergische Personen und \/ oder Antikoagulanzien kontraindiziert. Es wird empfohlen, einen Vorversuch in der Ellenbogenfalte durchzuf\u00fchren, um sicherzustellen, dass keine Hautreaktionen auftreten.<\/p>\n<p><span class=\"tlid-translation translation\" lang=\"de\"><strong><span class=\"\" title=\"\">Anti-Schuppen-Kopfhautmassage<\/span><\/strong><\/span><\/p>\n<p><span class=\"tlid-translation translation\" lang=\"de\"><span class=\"\" title=\"\">Tragen Sie auf die Kopfhaut die folgende Mischung auf:<\/span><\/span><\/p>\n<ul>\n<li><span class=\"tlid-translation translation\" lang=\"de\"><span title=\"\">1 Essl\u00f6ffel Sesam\u00f6l<\/span><\/span><\/li>\n<li><span class=\"tlid-translation translation\" lang=\"de\"><span class=\"\" title=\"\">2 Tropfen \u00e4therisches Teebaum\u00f6l<\/span><\/span><\/li>\n<li><span class=\"tlid-translation translation\" lang=\"de\"><span class=\"\" title=\"\">2 Tropfen \u00e4therisches Lavandin\u00f6l<\/span><\/span><\/li>\n<\/ul>\n<p><span class=\"tlid-translation translation\" lang=\"de\"><span class=\"\" title=\"\">1 Stunde ruhen lassen (darauf achten, dass keine Tropfen in die Augen fallen) und dann ein einzigartiges Shampoo auftragen.<\/span><\/span><\/p>\n<p><strong>Vorsichtsma\u00dfnahmen f\u00fcr die Verwendung:<\/strong><\/p>\n<p>Aufgrund des Vorhandenseins von \u00e4therischen \u00d6len ist diese Mischung f\u00fcr Erwachsene reserviert und f\u00fcr schwangere und stillende Frauen sowie f\u00fcr Personen, die zu Epilepsie neigen oder gegen Kampfer allergisch sind, kontraindiziert. Es wird empfohlen, einen Vortest in der Ellenbogenfalte durchzuf\u00fchren, um sicherzustellen, dass keine Hautreaktionen auftreten.<\/p>\n<p><strong>Ern\u00e4hrungsaspekt von Sesam\u00f6l<\/strong><br>Die unten genannten Vorteile gelten f\u00fcr ein gutes Sesam\u00f6l, das zum kaltgepresst und biologischen Ursprungs ist und dessen Samen nicht ger\u00f6stet wurden. Die Vorz\u00fcge, die Sesam\u00f6l f\u00fcr Nerven- und Gehirnzellen, h\u00e4ngen mit dem Vorhandensein von Sesamoid und Lecithin zusammen. Diese Lignane senken auch den LDL-Cholesterinspiegel.<\/p>\n<p><span class=\"tlid-translation translation\" lang=\"de\"><strong><span title=\"\">Hauptvorteile<\/span><\/strong><\/span><\/p>\n<ul>\n<li><span class=\"tlid-translation translation\" lang=\"de\"><span title=\"\">Anti-<\/span><span title=\"\">Infektieuse<\/span><\/span><\/li>\n<li><span class=\"tlid-translation translation\" lang=\"de\"><span class=\"\" title=\"\">Leberst\u00e4rkend<\/span><\/span><\/li>\n<li><span class=\"tlid-translation translation\" lang=\"de\"><span class=\"\" title=\"\">Blut und Niere (nach chinesischer Medizin)<\/span><\/span><\/li>\n<li><span class=\"tlid-translation translation\" lang=\"de\"><span class=\"\" title=\"\">Herz-Kreislauf-Schutz, anti-atheromatisch, hypocholesterin\u00e4misch<\/span><\/span><\/li>\n<li><span class=\"tlid-translation translation\" lang=\"de\"><span class=\"\" title=\"\">Besch\u00fctzer des Zentralnervensystems (3 <\/span><span class=\"\" title=\"\">analgetisch und entz\u00fcndungshemmend<\/span><\/span><\/li>\n<li><span class=\"tlid-translation translation\" lang=\"de\"><span class=\"\" title=\"\">Antioxidans<\/span><\/span><\/li>\n<\/ul>\n<p><span class=\"tlid-translation translation\" lang=\"de\"><strong><span title=\"\">Andere Vorteile<\/span><\/strong><\/span><\/p>\n<ul>\n<li><span class=\"tlid-translation translation\" lang=\"de\"><span title=\"\">Regulator des Appetits<\/span><\/span><\/li>\n<\/ul>\n<p><strong><span class=\"tlid-translation translation\" lang=\"de\"><span class=\"\" title=\"\">N\u00e4hrwertangaben von Sesam-Pflanzen\u00f6l<\/span><\/span><\/strong><\/p>\n<ul>\n<li><strong><span class=\"tlid-translation translation\" lang=\"de\"><span class=\"\" title=\"\"><span class=\"alt-edited\" title=\"\">Appetit (Kontrolle)<\/span><\/span><\/span><\/strong><\/li>\n<li><strong><span class=\"tlid-translation translation\" lang=\"de\"><span class=\"\" title=\"\">Arteriosklerose (zur Vorbeugung, in Verbindung mit einer angepassten Ern\u00e4hrung und einer medizinischen Nachsorge)<\/span><\/span><\/strong><\/li>\n<li><strong><span class=\"tlid-translation translation\" lang=\"de\"><span class=\"\" title=\"\">Atherosklerose (zur Vorbeugung, in Kombination mit einer angepassten Ern\u00e4hrung und einer medizinischen Nachsorge)<\/span><\/span><\/strong><\/li>\n<li><strong><span class=\"tlid-translation translation\" lang=\"de\"><span class=\"\" title=\"\">Cholesterin LDLConstipation<\/span><\/span><\/strong><\/li>\n<li><strong><span class=\"tlid-translation translation\" lang=\"de\"><span class=\"\" title=\"\"><span title=\"\">Juckreiz<\/span><\/span><\/span><\/strong><\/li>\n<li><strong><span class=\"tlid-translation translation\" lang=\"de\"><span class=\"\" title=\"\"><span title=\"\">Diabetes (in Kombination mit einer angepassten Ern\u00e4hrung und medizinischen Nachsorge)<\/span><\/span><\/span><\/strong><\/li>\n<li><strong><span class=\"tlid-translation translation\" lang=\"de\"><span class=\"\" title=\"\"><span title=\"\">Verdauung<\/span><\/span><\/span><\/strong><\/li>\n<li><strong><span class=\"tlid-translation translation\" lang=\"de\"><span class=\"\" title=\"\"><span title=\"\">Artikulationsschmerz, rheumatischer Schmerz<\/span><\/span><\/span><\/strong><\/li>\n<li><strong><span class=\"tlid-translation translation\" lang=\"de\"><span class=\"\" title=\"\">K\u00f6rperliche und nervliche M\u00fcdigkeit<\/span><\/span><\/strong><\/li>\n<li><strong><span class=\"tlid-translation translation\" lang=\"de\"><span class=\"\" title=\"\"><span title=\"\">Leber (Leber- und Gallenst\u00f6rungen)<\/span><\/span><\/span><\/strong><\/li>\n<li><strong><span class=\"tlid-translation translation\" lang=\"de\"><span class=\"\" title=\"\"><span title=\"\">Ged\u00e4chtnis, geistige Aktivit\u00e4t (zur Unterst\u00fctzung und Pr\u00e4vention)<\/span><\/span><\/span><\/strong><\/li>\n<li><strong><span class=\"tlid-translation translation\" lang=\"de\"><span class=\"\" title=\"\"><span title=\"\">Schuppen (Haare)<\/span><\/span><\/span><\/strong><\/li>\n<li><strong><span class=\"tlid-translation translation\" lang=\"de\"><span class=\"\" title=\"\"><span title=\"\">Rheuma<\/span><\/span><\/span><\/strong><\/li>\n<li><strong><span class=\"tlid-translation translation\" lang=\"de\"><span class=\"\" title=\"\"><span title=\"\">Bluthochdruck (zur Vorbeugung, in Kombination mit einer angepassten Ern\u00e4hrung und einer medizinischen Nachsorge)<\/span><\/span><\/span><\/strong><\/li>\n<li><strong><span class=\"tlid-translation translation\" lang=\"de\"><span class=\"\" title=\"\"><span title=\"\">Husten<\/span><\/span><\/span><\/strong><\/li>\n<li><strong><span class=\"tlid-translation translation\" lang=\"de\"><span class=\"\" title=\"\">Herz-Kreislaufst\u00f6rungen (in der Pr\u00e4vention)<\/span><\/span><\/strong><\/li>\n<li><strong><span class=\"tlid-translation translation\" lang=\"de\"><span class=\"\" title=\"\">Verdauungsst\u00f6rungen: \u00dcbers\u00e4uerung, Dyspepsie<\/span><\/span><\/strong><\/li>\n<li><strong><span class=\"tlid-translation translation\" lang=\"de\"><span class=\"\" title=\"\">Ged\u00e4chtnisprobleme (in der Pr\u00e4vention, in Kombination mit einem gesunden Lebensstil)<\/span><\/span><\/strong><\/li>\n<li><strong><span class=\"tlid-translation translation\" lang=\"de\"><span class=\"\" title=\"\">Erkrankungen des Nervensystems (in der Pr\u00e4vention, in Kombination mit einem gesunden Lebensstil)<\/span><\/span><\/strong><\/li>\n<li><strong><span class=\"tlid-translation translation\" lang=\"de\"><span class=\"\" title=\"\">Allergische entz\u00fcndliche Erkrankungen der Atemwege<\/span><\/span><\/strong><\/li>\n<\/ul>\n<p><span class=\"tlid-translation translation\" lang=\"de\"><strong><span title=\"\">Gesundheitstipp<\/span><\/strong><br><span title=\"\">Es ist auch m\u00f6glich, die ganzen Samen, die auf einem Geb\u00e4ck, einem Salat, einem Kuchen oder einer Zubereitung in So\u00dfe verteilt sind, zu verzehren.<\/span> <span class=\"\" title=\"\">Warum nicht Sesamsamen mit Leinsamen mischen, um sie mit einem rohen Salat zu kombinieren?<\/span><\/span><\/p>\n<p><span class=\"tlid-translation translation\" lang=\"de\"><span class=\"\" title=\"\"> Au\u00dferdem liegt der Sesamsamen in Form von P\u00fcree (Tahini) oder in Form von Gomasio vor, einer Mischung aus Samen<\/span> <span class=\"\" title=\"\">ger\u00f6stet und zerkleinert, mit Meersalz vermischt.<\/span><\/span><\/p>\n<p><span class=\"tlid-translation translation\" lang=\"de\"><strong><span title=\"\">Vorsichtsma\u00dfnahmen f\u00fcr die Verwendung von Sesam\u00f6l<\/span><\/strong><br><span class=\"\" title=\"\">Obwohl Sesam-Pflanzen\u00f6l f\u00fcr jedes Alter geeignet ist - vom Baby bis zu \u00e4lteren Menschen - kann es in sehr seltenen F\u00e4llen eine sensibilisierende Wirkung haben (Juckreiz und Hautentz\u00fcndung).<\/span> <span class=\"\" title=\"\">Diese Reaktion h\u00e4ngt wahrscheinlich mit dem Vorhandensein von Lignanen (Sesamoid und Lecithin) zusammen.<\/span><\/span><\/p>\n<p><strong><span class=\"tlid-translation translation\" lang=\"de\"><span class=\"\" title=\"\">Aus diesen Gr\u00fcnden ist es am besten, den Verzehr und die Verwendung von Sesam\u00f6l bei Kindern und w\u00e4hrend der Schwangerschaft zu vermeiden. <\/span><\/span><\/strong><\/p>\n<p><strong><span class=\"tlid-translation translation\" lang=\"de\"><span class=\"\" title=\"\">Es wird empfohlen, die Abwesenheit einer Sesamallergie sicherzustellen.<\/span><\/span><\/strong><\/p>\n<p><span class=\"tlid-translation translation\" lang=\"de\"><span title=\"\">Hochstabiles Sesam\u00f6l ist leicht und lichtgesch\u00fctzt zu lagern.<\/span> <span class=\"\" title=\"\">Es erstarrt jedoch unter 15 \u00b0 C und h\u00e4lt hohen Temperaturen stand (obwohl es empfohlen wird, es zum W\u00fcrzen zu verwenden).<\/span> <span class=\"\" title=\"\">Es ist zu beachten, dass der kritische Punkt beim Kochen von Frisch\u00f6l niedriger ist als bei raffiniertem \u00d6l (letzteres ist jedoch im Rahmen einer gesunden Ern\u00e4hrung nicht zu bevorzugen).<\/span><\/span><\/p>","protected":false},"excerpt":{"rendered":"<p>SESAM\u00d6L BIO Botanischer Name: Sesamum indicum (oder sesamum oriental) Botanische Familie: Pedalaceae&nbsp; Herkunft (Land, in dem Pflanzen\u00f6l angebaut wird): China, Birma, Indien, Nigeria, \u00c4thiopien, Sudan Teile der extrahierten Pflanze: Samen (aus der Kapsel) Oxidationspotential: Unempfindlich Preis 100 ml CHF 6.00 in loser Aussch\u00fcttung Sesam\u00f6l ist ein ausgezeichnetes dermatologisches \u00d6l!Es kombiniert die hektischen Eigenschaften von Omega-6 mit den antioxidativen Eigenschaften von&nbsp;<a href=\"https:\/\/bien-etreiris.ch\/de\/sesamoel-bio\/\" class=\"read-more\">Weiter lesen<\/a><\/p>\n","protected":false},"author":1,"featured_media":24161,"parent":0,"menu_order":7429,"comment_status":"closed","ping_status":"closed","template":"page-with-child.php","meta":{"_acf_changed":false,"ngg_post_thumbnail":0,"footnotes":""},"class_list":["post-24679","page","type-page","status-publish","has-post-thumbnail","hentry"],"acf":[],"yoast_head":"<!-- This site is optimized with the Yoast SEO plugin v27.5 - https:\/\/yoast.com\/product\/yoast-seo-wordpress\/ -->\n<title>SESAM\u00d6L BIO - WOHLBEFINDEN<\/title>\n<meta name=\"robots\" content=\"index, follow, max-snippet:-1, max-image-preview:large, max-video-preview:-1\" \/>\n<link rel=\"canonical\" href=\"https:\/\/bien-etreiris.ch\/de\/sesamoel-bio\/\" \/>\n<meta property=\"og:locale\" content=\"de_DE\" \/>\n<meta property=\"og:type\" content=\"article\" \/>\n<meta property=\"og:title\" content=\"SESAM\u00d6L BIO - WOHLBEFINDEN\" \/>\n<meta property=\"og:description\" content=\"SESAM\u00d6L BIO Botanischer Name: Sesamum indicum (oder sesamum oriental) Botanische Familie: Pedalaceae&nbsp; Herkunft (Land, in dem Pflanzen\u00f6l angebaut wird): China, Birma, Indien, Nigeria, \u00c4thiopien, Sudan Teile der extrahierten Pflanze: Samen (aus der Kapsel) Oxidationspotential: Unempfindlich Preis 100 ml CHF 6.00 in loser Aussch\u00fcttung Sesam\u00f6l ist ein ausgezeichnetes dermatologisches \u00d6l!Es kombiniert die hektischen Eigenschaften von Omega-6 mit den antioxidativen Eigenschaften von&nbsp;Weiter lesen\" \/>\n<meta property=\"og:url\" content=\"https:\/\/bien-etreiris.ch\/de\/sesamoel-bio\/\" \/>\n<meta property=\"og:site_name\" content=\"WOHLBEFINDEN\" \/>\n<meta property=\"article:publisher\" content=\"https:\/\/www.facebook.com\/bienetreiris\/\" \/>\n<meta property=\"article:modified_time\" content=\"2019-08-10T07:42:51+00:00\" \/>\n<meta property=\"og:image\" content=\"https:\/\/bien-etreiris.ch\/wp-content\/uploads\/2019\/08\/sesam.jpg\" \/>\n\t<meta property=\"og:image:width\" content=\"550\" \/>\n\t<meta property=\"og:image:height\" content=\"388\" \/>\n\t<meta property=\"og:image:type\" content=\"image\/jpeg\" \/>\n<meta name=\"twitter:label1\" content=\"Gesch\u00e4tzte Lesezeit\" \/>\n\t<meta name=\"twitter:data1\" content=\"5\u00a0Minuten\" \/>\n<script type=\"application\/ld+json\" class=\"yoast-schema-graph\">{\"@context\":\"https:\\\/\\\/schema.org\",\"@graph\":[{\"@type\":\"WebPage\",\"@id\":\"https:\\\/\\\/bien-etreiris.ch\\\/de\\\/sesamoel-bio\\\/\",\"url\":\"https:\\\/\\\/bien-etreiris.ch\\\/de\\\/sesamoel-bio\\\/\",\"name\":\"SESAM\u00d6L BIO - WOHLBEFINDEN\",\"isPartOf\":{\"@id\":\"https:\\\/\\\/bien-etreiris.ch\\\/de\\\/#website\"},\"primaryImageOfPage\":{\"@id\":\"https:\\\/\\\/bien-etreiris.ch\\\/de\\\/sesamoel-bio\\\/#primaryimage\"},\"image\":{\"@id\":\"https:\\\/\\\/bien-etreiris.ch\\\/de\\\/sesamoel-bio\\\/#primaryimage\"},\"thumbnailUrl\":\"https:\\\/\\\/bien-etreiris.ch\\\/wp-content\\\/uploads\\\/2019\\\/08\\\/sesam.jpg\",\"datePublished\":\"2019-08-03T16:33:25+00:00\",\"dateModified\":\"2019-08-10T07:42:51+00:00\",\"breadcrumb\":{\"@id\":\"https:\\\/\\\/bien-etreiris.ch\\\/de\\\/sesamoel-bio\\\/#breadcrumb\"},\"inLanguage\":\"de\",\"potentialAction\":[{\"@type\":\"ReadAction\",\"target\":[\"https:\\\/\\\/bien-etreiris.ch\\\/de\\\/sesamoel-bio\\\/\"]}]},{\"@type\":\"ImageObject\",\"inLanguage\":\"de\",\"@id\":\"https:\\\/\\\/bien-etreiris.ch\\\/de\\\/sesamoel-bio\\\/#primaryimage\",\"url\":\"https:\\\/\\\/bien-etreiris.ch\\\/wp-content\\\/uploads\\\/2019\\\/08\\\/sesam.jpg\",\"contentUrl\":\"https:\\\/\\\/bien-etreiris.ch\\\/wp-content\\\/uploads\\\/2019\\\/08\\\/sesam.jpg\",\"width\":550,\"height\":388},{\"@type\":\"BreadcrumbList\",\"@id\":\"https:\\\/\\\/bien-etreiris.ch\\\/de\\\/sesamoel-bio\\\/#breadcrumb\",\"itemListElement\":[{\"@type\":\"ListItem\",\"position\":1,\"name\":\"Home\",\"item\":\"https:\\\/\\\/bien-etreiris.ch\\\/de\\\/\"},{\"@type\":\"ListItem\",\"position\":2,\"name\":\"SESAM\u00d6L BIO\"}]},{\"@type\":\"WebSite\",\"@id\":\"https:\\\/\\\/bien-etreiris.ch\\\/de\\\/#website\",\"url\":\"https:\\\/\\\/bien-etreiris.ch\\\/de\\\/\",\"name\":\"Bien-\u00eatre Iris\",\"description\":\"IHRE Gesundheit ist uns wichtig\",\"potentialAction\":[{\"@type\":\"SearchAction\",\"target\":{\"@type\":\"EntryPoint\",\"urlTemplate\":\"https:\\\/\\\/bien-etreiris.ch\\\/de\\\/?s={search_term_string}\"},\"query-input\":{\"@type\":\"PropertyValueSpecification\",\"valueRequired\":true,\"valueName\":\"search_term_string\"}}],\"inLanguage\":\"de\"}]}<\/script>\n<!-- \/ Yoast SEO plugin. -->","yoast_head_json":{"title":"SESAM\u00d6L BIO - WOHLBEFINDEN","robots":{"index":"index","follow":"follow","max-snippet":"max-snippet:-1","max-image-preview":"max-image-preview:large","max-video-preview":"max-video-preview:-1"},"canonical":"https:\/\/bien-etreiris.ch\/de\/sesamoel-bio\/","og_locale":"de_DE","og_type":"article","og_title":"SESAM\u00d6L BIO - WOHLBEFINDEN","og_description":"SESAM\u00d6L BIO Botanischer Name: Sesamum indicum (oder sesamum oriental) Botanische Familie: Pedalaceae&nbsp; Herkunft (Land, in dem Pflanzen\u00f6l angebaut wird): China, Birma, Indien, Nigeria, \u00c4thiopien, Sudan Teile der extrahierten Pflanze: Samen (aus der Kapsel) Oxidationspotential: Unempfindlich Preis 100 ml CHF 6.00 in loser Aussch\u00fcttung Sesam\u00f6l ist ein ausgezeichnetes dermatologisches \u00d6l!Es kombiniert die hektischen Eigenschaften von Omega-6 mit den antioxidativen Eigenschaften von&nbsp;Weiter lesen","og_url":"https:\/\/bien-etreiris.ch\/de\/sesamoel-bio\/","og_site_name":"WOHLBEFINDEN","article_publisher":"https:\/\/www.facebook.com\/bienetreiris\/","article_modified_time":"2019-08-10T07:42:51+00:00","og_image":[{"width":550,"height":388,"url":"https:\/\/bien-etreiris.ch\/wp-content\/uploads\/2019\/08\/sesam.jpg","type":"image\/jpeg"}],"twitter_misc":{"Gesch\u00e4tzte Lesezeit":"5\u00a0Minuten"},"schema":{"@context":"https:\/\/schema.org","@graph":[{"@type":"WebPage","@id":"https:\/\/bien-etreiris.ch\/de\/sesamoel-bio\/","url":"https:\/\/bien-etreiris.ch\/de\/sesamoel-bio\/","name":"SESAM\u00d6L BIO - WOHLBEFINDEN","isPartOf":{"@id":"https:\/\/bien-etreiris.ch\/de\/#website"},"primaryImageOfPage":{"@id":"https:\/\/bien-etreiris.ch\/de\/sesamoel-bio\/#primaryimage"},"image":{"@id":"https:\/\/bien-etreiris.ch\/de\/sesamoel-bio\/#primaryimage"},"thumbnailUrl":"https:\/\/bien-etreiris.ch\/wp-content\/uploads\/2019\/08\/sesam.jpg","datePublished":"2019-08-03T16:33:25+00:00","dateModified":"2019-08-10T07:42:51+00:00","breadcrumb":{"@id":"https:\/\/bien-etreiris.ch\/de\/sesamoel-bio\/#breadcrumb"},"inLanguage":"de","potentialAction":[{"@type":"ReadAction","target":["https:\/\/bien-etreiris.ch\/de\/sesamoel-bio\/"]}]},{"@type":"ImageObject","inLanguage":"de","@id":"https:\/\/bien-etreiris.ch\/de\/sesamoel-bio\/#primaryimage","url":"https:\/\/bien-etreiris.ch\/wp-content\/uploads\/2019\/08\/sesam.jpg","contentUrl":"https:\/\/bien-etreiris.ch\/wp-content\/uploads\/2019\/08\/sesam.jpg","width":550,"height":388},{"@type":"BreadcrumbList","@id":"https:\/\/bien-etreiris.ch\/de\/sesamoel-bio\/#breadcrumb","itemListElement":[{"@type":"ListItem","position":1,"name":"Home","item":"https:\/\/bien-etreiris.ch\/de\/"},{"@type":"ListItem","position":2,"name":"SESAM\u00d6L BIO"}]},{"@type":"WebSite","@id":"https:\/\/bien-etreiris.ch\/de\/#website","url":"https:\/\/bien-etreiris.ch\/de\/","name":"Bien-\u00eatre Iris","description":"IHRE Gesundheit ist uns wichtig","potentialAction":[{"@type":"SearchAction","target":{"@type":"EntryPoint","urlTemplate":"https:\/\/bien-etreiris.ch\/de\/?s={search_term_string}"},"query-input":{"@type":"PropertyValueSpecification","valueRequired":true,"valueName":"search_term_string"}}],"inLanguage":"de"}]}},"_links":{"self":[{"href":"https:\/\/bien-etreiris.ch\/de\/wp-json\/wp\/v2\/pages\/24679","targetHints":{"allow":["GET"]}}],"collection":[{"href":"https:\/\/bien-etreiris.ch\/de\/wp-json\/wp\/v2\/pages"}],"about":[{"href":"https:\/\/bien-etreiris.ch\/de\/wp-json\/wp\/v2\/types\/page"}],"author":[{"embeddable":true,"href":"https:\/\/bien-etreiris.ch\/de\/wp-json\/wp\/v2\/users\/1"}],"replies":[{"embeddable":true,"href":"https:\/\/bien-etreiris.ch\/de\/wp-json\/wp\/v2\/comments?post=24679"}],"version-history":[{"count":12,"href":"https:\/\/bien-etreiris.ch\/de\/wp-json\/wp\/v2\/pages\/24679\/revisions"}],"predecessor-version":[{"id":24694,"href":"https:\/\/bien-etreiris.ch\/de\/wp-json\/wp\/v2\/pages\/24679\/revisions\/24694"}],"wp:featuredmedia":[{"embeddable":true,"href":"https:\/\/bien-etreiris.ch\/de\/wp-json\/wp\/v2\/media\/24161"}],"wp:attachment":[{"href":"https:\/\/bien-etreiris.ch\/de\/wp-json\/wp\/v2\/media?parent=24679"}],"curies":[{"name":"wp","href":"https:\/\/api.w.org\/{rel}","templated":true}]}}