{"id":24645,"date":"2019-08-03T07:31:15","date_gmt":"2019-08-03T07:31:15","guid":{"rendered":"https:\/\/bien-etreiris.ch\/rose-sauvage-bio\/"},"modified":"2019-08-09T20:27:21","modified_gmt":"2019-08-09T20:27:21","slug":"wildrosenoel-bio","status":"publish","type":"page","link":"https:\/\/bien-etreiris.ch\/de\/wildrosenoel-bio\/","title":{"rendered":"WILDROSEN\u00d6L BIO"},"content":{"rendered":"\n<h2 class=\"wp-block-heading\">WILDROSEN\u00d6L BIO<\/h2>\n\n\n<p><a href=\"https:\/\/decoiris.ch\/wp-content\/uploads\/2019\/08\/Wildrosen\u00f6l-Seitentitel.jpg\"><img loading=\"lazy\" decoding=\"async\" class=\"wp-image-24053 size-full alignleft\" src=\"https:\/\/decoiris.ch\/wp-content\/uploads\/2019\/08\/Wildrosen\u00f6l-Seitentitel.jpg\" alt=\"\" width=\"450\" height=\"804\" srcset=\"https:\/\/bien-etreiris.ch\/wp-content\/uploads\/2019\/08\/Wildrosen\u00f6l-Seitentitel.jpg 450w, https:\/\/bien-etreiris.ch\/wp-content\/uploads\/2019\/08\/Wildrosen\u00f6l-Seitentitel-168x300.jpg 168w\" sizes=\"auto, (max-width: 450px) 100vw, 450px\" \/><\/a><strong>Botanischer Name<\/strong><\/p>\n<p>Rosa canina<\/p>\n<p><strong>&nbsp;<\/strong><\/p>\n<p><strong>Regenerierend und gl\u00e4ttend <\/strong><\/p>\n<p>Bio-Wildrosen\u00f6l oder Hagenbuttenkern\u00f6l unterst\u00fctzt die Haut<\/p>\n<p>Feuchtigkeit zu speichern. Es ist ein ausgezeichnetes Regeneration \u00d6l, das auch gegen Pigmentflecken und Narben positive Wirkung zeigt. Das Wild Rosen\u00f6l ist somit seit langem auch ein beliebtes Anti-Aging Gesichts \u00d6l.<\/p>\n<p><strong>Besondere lnhaltstoffe <\/strong><\/p>\n<p>Wildrosen\u00f6l besitzt einen ausgesprochen hohen Gehalt an Alpha\u00adLinolens\u00e4ure und Vitamin A. Es unterst\u00fctzt dadurch die Hautregeneration, reguliert die Talgdr\u00fcsenfunktion und empfiehlt sich auch bei trockener, schuppiger Haut.<\/p>\n<p><strong>Anwendung \u00e4usserlich <\/strong><\/p>\n<p>Pur auf der Haut aufgetragen, ist es eine Wohltat f\u00fcr sensible Haut. Wir empfehlen eine Mischung z.B. mit 20% Wildrosen\u00f6l in 80% Mandel\u00f6l.<\/p>\n<p><strong>Herkunftsland<\/strong><\/p>\n<p>Chile<\/p>\n<p><strong>Gewinnung<\/strong><\/p>\n<p>100% kaltgepresste Bio Hagebuttensamen (Rosa Moschata Seed<\/p>\n<p><strong>Preis<\/strong><\/p>\n<p>&nbsp;&nbsp;&nbsp; &nbsp;30 ml CHF&nbsp; &nbsp;24.50<\/p>\n<p>&nbsp;&nbsp; 250 ml CHF 102.00<\/p>\n<p>&nbsp;&nbsp; 500 ml CHF 184.00<\/p>","protected":false},"excerpt":{"rendered":"<p>WILDROSEN\u00d6L BIO Botanischer Name Rosa canina &nbsp; Regenerierend und gl\u00e4ttend Bio-Wildrosen\u00f6l oder Hagenbuttenkern\u00f6l unterst\u00fctzt die Haut Feuchtigkeit zu speichern. Es ist ein ausgezeichnetes Regeneration \u00d6l, das auch gegen Pigmentflecken und Narben positive Wirkung zeigt. Das Wild Rosen\u00f6l ist somit seit langem auch ein beliebtes Anti-Aging Gesichts \u00d6l. Besondere lnhaltstoffe Wildrosen\u00f6l besitzt einen ausgesprochen hohen Gehalt an Alpha\u00adLinolens\u00e4ure und Vitamin A.&nbsp;<a href=\"https:\/\/bien-etreiris.ch\/de\/wildrosenoel-bio\/\" class=\"read-more\">Weiter lesen<\/a><\/p>\n","protected":false},"author":1,"featured_media":24058,"parent":0,"menu_order":7436,"comment_status":"closed","ping_status":"closed","template":"page-with-child.php","meta":{"_acf_changed":false,"ngg_post_thumbnail":0,"footnotes":""},"class_list":["post-24645","page","type-page","status-publish","has-post-thumbnail","hentry"],"acf":[],"yoast_head":"<!-- This site is optimized with the Yoast SEO plugin v27.5 - https:\/\/yoast.com\/product\/yoast-seo-wordpress\/ -->\n<title>WILDROSEN\u00d6L BIO - WOHLBEFINDEN<\/title>\n<meta name=\"robots\" content=\"index, follow, max-snippet:-1, max-image-preview:large, max-video-preview:-1\" \/>\n<link rel=\"canonical\" href=\"https:\/\/bien-etreiris.ch\/de\/wildrosenoel-bio\/\" \/>\n<meta property=\"og:locale\" content=\"de_DE\" \/>\n<meta property=\"og:type\" content=\"article\" \/>\n<meta property=\"og:title\" content=\"WILDROSEN\u00d6L BIO - WOHLBEFINDEN\" \/>\n<meta property=\"og:description\" content=\"WILDROSEN\u00d6L BIO Botanischer Name Rosa canina &nbsp; Regenerierend und gl\u00e4ttend Bio-Wildrosen\u00f6l oder Hagenbuttenkern\u00f6l unterst\u00fctzt die Haut Feuchtigkeit zu speichern. Es ist ein ausgezeichnetes Regeneration \u00d6l, das auch gegen Pigmentflecken und Narben positive Wirkung zeigt. Das Wild Rosen\u00f6l ist somit seit langem auch ein beliebtes Anti-Aging Gesichts \u00d6l. Besondere lnhaltstoffe Wildrosen\u00f6l besitzt einen ausgesprochen hohen Gehalt an Alpha\u00adLinolens\u00e4ure und Vitamin A.&nbsp;Weiter lesen\" \/>\n<meta property=\"og:url\" content=\"https:\/\/bien-etreiris.ch\/de\/wildrosenoel-bio\/\" \/>\n<meta property=\"og:site_name\" content=\"WOHLBEFINDEN\" \/>\n<meta property=\"article:publisher\" content=\"https:\/\/www.facebook.com\/bienetreiris\/\" \/>\n<meta property=\"article:modified_time\" content=\"2019-08-09T20:27:21+00:00\" \/>\n<meta property=\"og:image\" content=\"https:\/\/bien-etreiris.ch\/wp-content\/uploads\/2019\/08\/Wildrosen\u00f6l.jpg\" \/>\n\t<meta property=\"og:image:width\" content=\"550\" \/>\n\t<meta property=\"og:image:height\" content=\"367\" \/>\n\t<meta property=\"og:image:type\" content=\"image\/jpeg\" \/>\n<meta name=\"twitter:label1\" content=\"Gesch\u00e4tzte Lesezeit\" \/>\n\t<meta name=\"twitter:data1\" content=\"1\u00a0Minute\" \/>\n<script type=\"application\/ld+json\" class=\"yoast-schema-graph\">{\"@context\":\"https:\\\/\\\/schema.org\",\"@graph\":[{\"@type\":\"WebPage\",\"@id\":\"https:\\\/\\\/bien-etreiris.ch\\\/de\\\/wildrosenoel-bio\\\/\",\"url\":\"https:\\\/\\\/bien-etreiris.ch\\\/de\\\/wildrosenoel-bio\\\/\",\"name\":\"WILDROSEN\u00d6L BIO - WOHLBEFINDEN\",\"isPartOf\":{\"@id\":\"https:\\\/\\\/bien-etreiris.ch\\\/de\\\/#website\"},\"primaryImageOfPage\":{\"@id\":\"https:\\\/\\\/bien-etreiris.ch\\\/de\\\/wildrosenoel-bio\\\/#primaryimage\"},\"image\":{\"@id\":\"https:\\\/\\\/bien-etreiris.ch\\\/de\\\/wildrosenoel-bio\\\/#primaryimage\"},\"thumbnailUrl\":\"https:\\\/\\\/bien-etreiris.ch\\\/wp-content\\\/uploads\\\/2019\\\/08\\\/Wildrosen\u00f6l.jpg\",\"datePublished\":\"2019-08-03T07:31:15+00:00\",\"dateModified\":\"2019-08-09T20:27:21+00:00\",\"breadcrumb\":{\"@id\":\"https:\\\/\\\/bien-etreiris.ch\\\/de\\\/wildrosenoel-bio\\\/#breadcrumb\"},\"inLanguage\":\"de\",\"potentialAction\":[{\"@type\":\"ReadAction\",\"target\":[\"https:\\\/\\\/bien-etreiris.ch\\\/de\\\/wildrosenoel-bio\\\/\"]}]},{\"@type\":\"ImageObject\",\"inLanguage\":\"de\",\"@id\":\"https:\\\/\\\/bien-etreiris.ch\\\/de\\\/wildrosenoel-bio\\\/#primaryimage\",\"url\":\"https:\\\/\\\/bien-etreiris.ch\\\/wp-content\\\/uploads\\\/2019\\\/08\\\/Wildrosen\u00f6l.jpg\",\"contentUrl\":\"https:\\\/\\\/bien-etreiris.ch\\\/wp-content\\\/uploads\\\/2019\\\/08\\\/Wildrosen\u00f6l.jpg\",\"width\":550,\"height\":367},{\"@type\":\"BreadcrumbList\",\"@id\":\"https:\\\/\\\/bien-etreiris.ch\\\/de\\\/wildrosenoel-bio\\\/#breadcrumb\",\"itemListElement\":[{\"@type\":\"ListItem\",\"position\":1,\"name\":\"Home\",\"item\":\"https:\\\/\\\/bien-etreiris.ch\\\/de\\\/\"},{\"@type\":\"ListItem\",\"position\":2,\"name\":\"WILDROSEN\u00d6L BIO\"}]},{\"@type\":\"WebSite\",\"@id\":\"https:\\\/\\\/bien-etreiris.ch\\\/de\\\/#website\",\"url\":\"https:\\\/\\\/bien-etreiris.ch\\\/de\\\/\",\"name\":\"Bien-\u00eatre Iris\",\"description\":\"IHRE Gesundheit ist uns wichtig\",\"potentialAction\":[{\"@type\":\"SearchAction\",\"target\":{\"@type\":\"EntryPoint\",\"urlTemplate\":\"https:\\\/\\\/bien-etreiris.ch\\\/de\\\/?s={search_term_string}\"},\"query-input\":{\"@type\":\"PropertyValueSpecification\",\"valueRequired\":true,\"valueName\":\"search_term_string\"}}],\"inLanguage\":\"de\"}]}<\/script>\n<!-- \/ Yoast SEO plugin. -->","yoast_head_json":{"title":"WILDROSEN\u00d6L BIO - WOHLBEFINDEN","robots":{"index":"index","follow":"follow","max-snippet":"max-snippet:-1","max-image-preview":"max-image-preview:large","max-video-preview":"max-video-preview:-1"},"canonical":"https:\/\/bien-etreiris.ch\/de\/wildrosenoel-bio\/","og_locale":"de_DE","og_type":"article","og_title":"WILDROSEN\u00d6L BIO - WOHLBEFINDEN","og_description":"WILDROSEN\u00d6L BIO Botanischer Name Rosa canina &nbsp; Regenerierend und gl\u00e4ttend Bio-Wildrosen\u00f6l oder Hagenbuttenkern\u00f6l unterst\u00fctzt die Haut Feuchtigkeit zu speichern. Es ist ein ausgezeichnetes Regeneration \u00d6l, das auch gegen Pigmentflecken und Narben positive Wirkung zeigt. Das Wild Rosen\u00f6l ist somit seit langem auch ein beliebtes Anti-Aging Gesichts \u00d6l. Besondere lnhaltstoffe Wildrosen\u00f6l besitzt einen ausgesprochen hohen Gehalt an Alpha\u00adLinolens\u00e4ure und Vitamin A.&nbsp;Weiter lesen","og_url":"https:\/\/bien-etreiris.ch\/de\/wildrosenoel-bio\/","og_site_name":"WOHLBEFINDEN","article_publisher":"https:\/\/www.facebook.com\/bienetreiris\/","article_modified_time":"2019-08-09T20:27:21+00:00","og_image":[{"width":550,"height":367,"url":"https:\/\/bien-etreiris.ch\/wp-content\/uploads\/2019\/08\/Wildrosen\u00f6l.jpg","type":"image\/jpeg"}],"twitter_misc":{"Gesch\u00e4tzte Lesezeit":"1\u00a0Minute"},"schema":{"@context":"https:\/\/schema.org","@graph":[{"@type":"WebPage","@id":"https:\/\/bien-etreiris.ch\/de\/wildrosenoel-bio\/","url":"https:\/\/bien-etreiris.ch\/de\/wildrosenoel-bio\/","name":"WILDROSEN\u00d6L BIO - WOHLBEFINDEN","isPartOf":{"@id":"https:\/\/bien-etreiris.ch\/de\/#website"},"primaryImageOfPage":{"@id":"https:\/\/bien-etreiris.ch\/de\/wildrosenoel-bio\/#primaryimage"},"image":{"@id":"https:\/\/bien-etreiris.ch\/de\/wildrosenoel-bio\/#primaryimage"},"thumbnailUrl":"https:\/\/bien-etreiris.ch\/wp-content\/uploads\/2019\/08\/Wildrosen\u00f6l.jpg","datePublished":"2019-08-03T07:31:15+00:00","dateModified":"2019-08-09T20:27:21+00:00","breadcrumb":{"@id":"https:\/\/bien-etreiris.ch\/de\/wildrosenoel-bio\/#breadcrumb"},"inLanguage":"de","potentialAction":[{"@type":"ReadAction","target":["https:\/\/bien-etreiris.ch\/de\/wildrosenoel-bio\/"]}]},{"@type":"ImageObject","inLanguage":"de","@id":"https:\/\/bien-etreiris.ch\/de\/wildrosenoel-bio\/#primaryimage","url":"https:\/\/bien-etreiris.ch\/wp-content\/uploads\/2019\/08\/Wildrosen\u00f6l.jpg","contentUrl":"https:\/\/bien-etreiris.ch\/wp-content\/uploads\/2019\/08\/Wildrosen\u00f6l.jpg","width":550,"height":367},{"@type":"BreadcrumbList","@id":"https:\/\/bien-etreiris.ch\/de\/wildrosenoel-bio\/#breadcrumb","itemListElement":[{"@type":"ListItem","position":1,"name":"Home","item":"https:\/\/bien-etreiris.ch\/de\/"},{"@type":"ListItem","position":2,"name":"WILDROSEN\u00d6L BIO"}]},{"@type":"WebSite","@id":"https:\/\/bien-etreiris.ch\/de\/#website","url":"https:\/\/bien-etreiris.ch\/de\/","name":"Bien-\u00eatre Iris","description":"IHRE Gesundheit ist uns wichtig","potentialAction":[{"@type":"SearchAction","target":{"@type":"EntryPoint","urlTemplate":"https:\/\/bien-etreiris.ch\/de\/?s={search_term_string}"},"query-input":{"@type":"PropertyValueSpecification","valueRequired":true,"valueName":"search_term_string"}}],"inLanguage":"de"}]}},"_links":{"self":[{"href":"https:\/\/bien-etreiris.ch\/de\/wp-json\/wp\/v2\/pages\/24645","targetHints":{"allow":["GET"]}}],"collection":[{"href":"https:\/\/bien-etreiris.ch\/de\/wp-json\/wp\/v2\/pages"}],"about":[{"href":"https:\/\/bien-etreiris.ch\/de\/wp-json\/wp\/v2\/types\/page"}],"author":[{"embeddable":true,"href":"https:\/\/bien-etreiris.ch\/de\/wp-json\/wp\/v2\/users\/1"}],"replies":[{"embeddable":true,"href":"https:\/\/bien-etreiris.ch\/de\/wp-json\/wp\/v2\/comments?post=24645"}],"version-history":[{"count":3,"href":"https:\/\/bien-etreiris.ch\/de\/wp-json\/wp\/v2\/pages\/24645\/revisions"}],"predecessor-version":[{"id":24651,"href":"https:\/\/bien-etreiris.ch\/de\/wp-json\/wp\/v2\/pages\/24645\/revisions\/24651"}],"wp:featuredmedia":[{"embeddable":true,"href":"https:\/\/bien-etreiris.ch\/de\/wp-json\/wp\/v2\/media\/24058"}],"wp:attachment":[{"href":"https:\/\/bien-etreiris.ch\/de\/wp-json\/wp\/v2\/media?parent=24645"}],"curies":[{"name":"wp","href":"https:\/\/api.w.org\/{rel}","templated":true}]}}