{"id":24636,"date":"2019-08-03T06:18:28","date_gmt":"2019-08-03T06:18:28","guid":{"rendered":"https:\/\/bien-etreiris.ch\/noix-de-macadamian-bio\/"},"modified":"2019-08-09T20:06:30","modified_gmt":"2019-08-09T20:06:30","slug":"macadamianussoel-bio","status":"publish","type":"page","link":"https:\/\/bien-etreiris.ch\/de\/macadamianussoel-bio\/","title":{"rendered":"MACADAMIANUSS\u00d6L BIO"},"content":{"rendered":"\n<h2 class=\"wp-block-heading\"> Macadamianuss\u00f6l BIO<\/h2>\n\n\n<p><a href=\"https:\/\/decoiris.ch\/wp-content\/uploads\/2019\/08\/Macadamian-Seitenbild.jpg\"><img loading=\"lazy\" decoding=\"async\" class=\"wp-image-24021 size-full alignleft\" src=\"https:\/\/decoiris.ch\/wp-content\/uploads\/2019\/08\/Macadamian-Seitenbild.jpg\" alt=\"\" width=\"450\" height=\"950\" srcset=\"https:\/\/bien-etreiris.ch\/wp-content\/uploads\/2019\/08\/Macadamian-Seitenbild.jpg 450w, https:\/\/bien-etreiris.ch\/wp-content\/uploads\/2019\/08\/Macadamian-Seitenbild-142x300.jpg 142w\" sizes=\"auto, (max-width: 450px) 100vw, 450px\" \/><\/a><strong>Botanischer Name <\/strong><\/p>\n<p>Macadamia tetraphylla\/integrifolia<\/p>\n<p><strong>Regenerierend &amp; straffend <\/strong><\/p>\n<p>Macadamianuss\u00f6l wirkt regenerierend und pflegend f\u00fcr die Haut. Nennenswert ist der selten hohe Anteil an Palmitoleins\u00e4ure. Diese hat grosse \u00c4hnlichkeit mit unseren hauteigenen Fetts\u00e4uren, das Geheimnis des vorz\u00fcglichen Weichmachereffektes auf unserer Haut. Das \u00d6l \u00fcberzeugt auch angewendet f\u00fcr die Haarpflege, es eignet sich gut f\u00fcr spr\u00f6des Haar und repariert Spliss.<\/p>\n<p><strong>Besondere Inhaltsstoffe <\/strong><\/p>\n<p>Macadamianuss\u00f6l ist reich an einfach unges\u00e4ttigten Fetts\u00e4uren. Nennenswert ist der hohe Anteil an Palmitins\u00e4ure, sie gew\u00e4hrleis\u00adtet ein gutes Einzieh- und Gleitverm\u00f6gen, sowie eine besonders gute, hautpflegende Wirkung.<\/p>\n<p><strong>Anwendung \u00e4usserlich <\/strong><\/p>\n<p>Eignet sich sehr gut f\u00fcr Massagen, l\u00e4sst sich gut verteilen und dringt leicht ein. Pflegt jede Haut und jedes Haar.<\/p>\n<p><strong>Herkunftsland<\/strong><\/p>\n<p>&nbsp;Kenia<\/p>\n<p><strong>Gewinnung<\/strong><\/p>\n<p>100% kaltgepresste Bio Macadamian\u00fcsse (Steinf\u00fcchte)<\/p>\n<p><strong>Prix<\/strong><br>&nbsp;&nbsp;&nbsp; 75 ml CHF &nbsp;&nbsp;14.90<\/p>\n<p>1000 ml CHF 119.00<\/p>\n<p>Interessant<\/p>\n<p>Macadamian\u00fcsse gelten als sehr wohl\u00adschmeckende N\u00fcsse. Durch schwierigen Anbau, komplizierte Verarbeitung und grosser Nachfrage auf der ganzen Welt, z\u00e4hlt die Macadamianuss zu den teuersten N\u00fcssen der Welt. Darum tr\u00e4gt sie den Namen \u00abK\u00f6nigin der N\u00fcsse\u00bb.<\/p>\n<p>&nbsp;<\/p>\n<p><a href=\"https:\/\/decoiris.ch\/wp-content\/uploads\/2019\/08\/Macadamia-tetraphylla.jpg\"><img loading=\"lazy\" decoding=\"async\" class=\"alignnone  wp-image-24024\" src=\"https:\/\/decoiris.ch\/wp-content\/uploads\/2019\/08\/Macadamia-tetraphylla.jpg\" alt=\"\" width=\"261\" height=\"392\"><\/a><\/p>","protected":false},"excerpt":{"rendered":"<p>Macadamianuss\u00f6l BIO Botanischer Name Macadamia tetraphylla\/integrifolia Regenerierend &amp; straffend Macadamianuss\u00f6l wirkt regenerierend und pflegend f\u00fcr die Haut. Nennenswert ist der selten hohe Anteil an Palmitoleins\u00e4ure. Diese hat grosse \u00c4hnlichkeit mit unseren hauteigenen Fetts\u00e4uren, das Geheimnis des vorz\u00fcglichen Weichmachereffektes auf unserer Haut. Das \u00d6l \u00fcberzeugt auch angewendet f\u00fcr die Haarpflege, es eignet sich gut f\u00fcr spr\u00f6des Haar und repariert Spliss. Besondere&nbsp;<a href=\"https:\/\/bien-etreiris.ch\/de\/macadamianussoel-bio\/\" class=\"read-more\">Weiter lesen<\/a><\/p>\n","protected":false},"author":1,"featured_media":24020,"parent":0,"menu_order":7442,"comment_status":"closed","ping_status":"closed","template":"page-with-child.php","meta":{"_acf_changed":false,"ngg_post_thumbnail":0,"footnotes":""},"class_list":["post-24636","page","type-page","status-publish","has-post-thumbnail","hentry"],"acf":[],"yoast_head":"<!-- This site is optimized with the Yoast SEO plugin v27.5 - https:\/\/yoast.com\/product\/yoast-seo-wordpress\/ -->\n<title>MACADAMIANUSS\u00d6L BIO - WOHLBEFINDEN<\/title>\n<meta name=\"robots\" content=\"index, follow, max-snippet:-1, max-image-preview:large, max-video-preview:-1\" \/>\n<link rel=\"canonical\" href=\"https:\/\/bien-etreiris.ch\/de\/macadamianussoel-bio\/\" \/>\n<meta property=\"og:locale\" content=\"de_DE\" \/>\n<meta property=\"og:type\" content=\"article\" \/>\n<meta property=\"og:title\" content=\"MACADAMIANUSS\u00d6L BIO - WOHLBEFINDEN\" \/>\n<meta property=\"og:description\" content=\"Macadamianuss\u00f6l BIO Botanischer Name Macadamia tetraphylla\/integrifolia Regenerierend &amp; straffend Macadamianuss\u00f6l wirkt regenerierend und pflegend f\u00fcr die Haut. Nennenswert ist der selten hohe Anteil an Palmitoleins\u00e4ure. Diese hat grosse \u00c4hnlichkeit mit unseren hauteigenen Fetts\u00e4uren, das Geheimnis des vorz\u00fcglichen Weichmachereffektes auf unserer Haut. Das \u00d6l \u00fcberzeugt auch angewendet f\u00fcr die Haarpflege, es eignet sich gut f\u00fcr spr\u00f6des Haar und repariert Spliss. Besondere&nbsp;Weiter lesen\" \/>\n<meta property=\"og:url\" content=\"https:\/\/bien-etreiris.ch\/de\/macadamianussoel-bio\/\" \/>\n<meta property=\"og:site_name\" content=\"WOHLBEFINDEN\" \/>\n<meta property=\"article:publisher\" content=\"https:\/\/www.facebook.com\/bienetreiris\/\" \/>\n<meta property=\"article:modified_time\" content=\"2019-08-09T20:06:30+00:00\" \/>\n<meta property=\"og:image\" content=\"https:\/\/bien-etreiris.ch\/wp-content\/uploads\/2019\/08\/Macadamian.jpg\" \/>\n\t<meta property=\"og:image:width\" content=\"550\" \/>\n\t<meta property=\"og:image:height\" content=\"367\" \/>\n\t<meta property=\"og:image:type\" content=\"image\/jpeg\" \/>\n<meta name=\"twitter:label1\" content=\"Gesch\u00e4tzte Lesezeit\" \/>\n\t<meta name=\"twitter:data1\" content=\"1\u00a0Minute\" \/>\n<script type=\"application\/ld+json\" class=\"yoast-schema-graph\">{\"@context\":\"https:\\\/\\\/schema.org\",\"@graph\":[{\"@type\":\"WebPage\",\"@id\":\"https:\\\/\\\/bien-etreiris.ch\\\/de\\\/macadamianussoel-bio\\\/\",\"url\":\"https:\\\/\\\/bien-etreiris.ch\\\/de\\\/macadamianussoel-bio\\\/\",\"name\":\"MACADAMIANUSS\u00d6L BIO - WOHLBEFINDEN\",\"isPartOf\":{\"@id\":\"https:\\\/\\\/bien-etreiris.ch\\\/de\\\/#website\"},\"primaryImageOfPage\":{\"@id\":\"https:\\\/\\\/bien-etreiris.ch\\\/de\\\/macadamianussoel-bio\\\/#primaryimage\"},\"image\":{\"@id\":\"https:\\\/\\\/bien-etreiris.ch\\\/de\\\/macadamianussoel-bio\\\/#primaryimage\"},\"thumbnailUrl\":\"https:\\\/\\\/bien-etreiris.ch\\\/wp-content\\\/uploads\\\/2019\\\/08\\\/Macadamian.jpg\",\"datePublished\":\"2019-08-03T06:18:28+00:00\",\"dateModified\":\"2019-08-09T20:06:30+00:00\",\"breadcrumb\":{\"@id\":\"https:\\\/\\\/bien-etreiris.ch\\\/de\\\/macadamianussoel-bio\\\/#breadcrumb\"},\"inLanguage\":\"de\",\"potentialAction\":[{\"@type\":\"ReadAction\",\"target\":[\"https:\\\/\\\/bien-etreiris.ch\\\/de\\\/macadamianussoel-bio\\\/\"]}]},{\"@type\":\"ImageObject\",\"inLanguage\":\"de\",\"@id\":\"https:\\\/\\\/bien-etreiris.ch\\\/de\\\/macadamianussoel-bio\\\/#primaryimage\",\"url\":\"https:\\\/\\\/bien-etreiris.ch\\\/wp-content\\\/uploads\\\/2019\\\/08\\\/Macadamian.jpg\",\"contentUrl\":\"https:\\\/\\\/bien-etreiris.ch\\\/wp-content\\\/uploads\\\/2019\\\/08\\\/Macadamian.jpg\",\"width\":550,\"height\":367},{\"@type\":\"BreadcrumbList\",\"@id\":\"https:\\\/\\\/bien-etreiris.ch\\\/de\\\/macadamianussoel-bio\\\/#breadcrumb\",\"itemListElement\":[{\"@type\":\"ListItem\",\"position\":1,\"name\":\"Home\",\"item\":\"https:\\\/\\\/bien-etreiris.ch\\\/de\\\/\"},{\"@type\":\"ListItem\",\"position\":2,\"name\":\"MACADAMIANUSS\u00d6L BIO\"}]},{\"@type\":\"WebSite\",\"@id\":\"https:\\\/\\\/bien-etreiris.ch\\\/de\\\/#website\",\"url\":\"https:\\\/\\\/bien-etreiris.ch\\\/de\\\/\",\"name\":\"Bien-\u00eatre Iris\",\"description\":\"IHRE Gesundheit ist uns wichtig\",\"potentialAction\":[{\"@type\":\"SearchAction\",\"target\":{\"@type\":\"EntryPoint\",\"urlTemplate\":\"https:\\\/\\\/bien-etreiris.ch\\\/de\\\/?s={search_term_string}\"},\"query-input\":{\"@type\":\"PropertyValueSpecification\",\"valueRequired\":true,\"valueName\":\"search_term_string\"}}],\"inLanguage\":\"de\"}]}<\/script>\n<!-- \/ Yoast SEO plugin. -->","yoast_head_json":{"title":"MACADAMIANUSS\u00d6L BIO - WOHLBEFINDEN","robots":{"index":"index","follow":"follow","max-snippet":"max-snippet:-1","max-image-preview":"max-image-preview:large","max-video-preview":"max-video-preview:-1"},"canonical":"https:\/\/bien-etreiris.ch\/de\/macadamianussoel-bio\/","og_locale":"de_DE","og_type":"article","og_title":"MACADAMIANUSS\u00d6L BIO - WOHLBEFINDEN","og_description":"Macadamianuss\u00f6l BIO Botanischer Name Macadamia tetraphylla\/integrifolia Regenerierend &amp; straffend Macadamianuss\u00f6l wirkt regenerierend und pflegend f\u00fcr die Haut. Nennenswert ist der selten hohe Anteil an Palmitoleins\u00e4ure. Diese hat grosse \u00c4hnlichkeit mit unseren hauteigenen Fetts\u00e4uren, das Geheimnis des vorz\u00fcglichen Weichmachereffektes auf unserer Haut. Das \u00d6l \u00fcberzeugt auch angewendet f\u00fcr die Haarpflege, es eignet sich gut f\u00fcr spr\u00f6des Haar und repariert Spliss. Besondere&nbsp;Weiter lesen","og_url":"https:\/\/bien-etreiris.ch\/de\/macadamianussoel-bio\/","og_site_name":"WOHLBEFINDEN","article_publisher":"https:\/\/www.facebook.com\/bienetreiris\/","article_modified_time":"2019-08-09T20:06:30+00:00","og_image":[{"width":550,"height":367,"url":"https:\/\/bien-etreiris.ch\/wp-content\/uploads\/2019\/08\/Macadamian.jpg","type":"image\/jpeg"}],"twitter_misc":{"Gesch\u00e4tzte Lesezeit":"1\u00a0Minute"},"schema":{"@context":"https:\/\/schema.org","@graph":[{"@type":"WebPage","@id":"https:\/\/bien-etreiris.ch\/de\/macadamianussoel-bio\/","url":"https:\/\/bien-etreiris.ch\/de\/macadamianussoel-bio\/","name":"MACADAMIANUSS\u00d6L BIO - WOHLBEFINDEN","isPartOf":{"@id":"https:\/\/bien-etreiris.ch\/de\/#website"},"primaryImageOfPage":{"@id":"https:\/\/bien-etreiris.ch\/de\/macadamianussoel-bio\/#primaryimage"},"image":{"@id":"https:\/\/bien-etreiris.ch\/de\/macadamianussoel-bio\/#primaryimage"},"thumbnailUrl":"https:\/\/bien-etreiris.ch\/wp-content\/uploads\/2019\/08\/Macadamian.jpg","datePublished":"2019-08-03T06:18:28+00:00","dateModified":"2019-08-09T20:06:30+00:00","breadcrumb":{"@id":"https:\/\/bien-etreiris.ch\/de\/macadamianussoel-bio\/#breadcrumb"},"inLanguage":"de","potentialAction":[{"@type":"ReadAction","target":["https:\/\/bien-etreiris.ch\/de\/macadamianussoel-bio\/"]}]},{"@type":"ImageObject","inLanguage":"de","@id":"https:\/\/bien-etreiris.ch\/de\/macadamianussoel-bio\/#primaryimage","url":"https:\/\/bien-etreiris.ch\/wp-content\/uploads\/2019\/08\/Macadamian.jpg","contentUrl":"https:\/\/bien-etreiris.ch\/wp-content\/uploads\/2019\/08\/Macadamian.jpg","width":550,"height":367},{"@type":"BreadcrumbList","@id":"https:\/\/bien-etreiris.ch\/de\/macadamianussoel-bio\/#breadcrumb","itemListElement":[{"@type":"ListItem","position":1,"name":"Home","item":"https:\/\/bien-etreiris.ch\/de\/"},{"@type":"ListItem","position":2,"name":"MACADAMIANUSS\u00d6L BIO"}]},{"@type":"WebSite","@id":"https:\/\/bien-etreiris.ch\/de\/#website","url":"https:\/\/bien-etreiris.ch\/de\/","name":"Bien-\u00eatre Iris","description":"IHRE Gesundheit ist uns wichtig","potentialAction":[{"@type":"SearchAction","target":{"@type":"EntryPoint","urlTemplate":"https:\/\/bien-etreiris.ch\/de\/?s={search_term_string}"},"query-input":{"@type":"PropertyValueSpecification","valueRequired":true,"valueName":"search_term_string"}}],"inLanguage":"de"}]}},"_links":{"self":[{"href":"https:\/\/bien-etreiris.ch\/de\/wp-json\/wp\/v2\/pages\/24636","targetHints":{"allow":["GET"]}}],"collection":[{"href":"https:\/\/bien-etreiris.ch\/de\/wp-json\/wp\/v2\/pages"}],"about":[{"href":"https:\/\/bien-etreiris.ch\/de\/wp-json\/wp\/v2\/types\/page"}],"author":[{"embeddable":true,"href":"https:\/\/bien-etreiris.ch\/de\/wp-json\/wp\/v2\/users\/1"}],"replies":[{"embeddable":true,"href":"https:\/\/bien-etreiris.ch\/de\/wp-json\/wp\/v2\/comments?post=24636"}],"version-history":[{"count":2,"href":"https:\/\/bien-etreiris.ch\/de\/wp-json\/wp\/v2\/pages\/24636\/revisions"}],"predecessor-version":[{"id":24640,"href":"https:\/\/bien-etreiris.ch\/de\/wp-json\/wp\/v2\/pages\/24636\/revisions\/24640"}],"wp:featuredmedia":[{"embeddable":true,"href":"https:\/\/bien-etreiris.ch\/de\/wp-json\/wp\/v2\/media\/24020"}],"wp:attachment":[{"href":"https:\/\/bien-etreiris.ch\/de\/wp-json\/wp\/v2\/media?parent=24636"}],"curies":[{"name":"wp","href":"https:\/\/api.w.org\/{rel}","templated":true}]}}