{"id":24624,"date":"2019-08-03T06:57:28","date_gmt":"2019-08-03T06:57:28","guid":{"rendered":"https:\/\/bien-etreiris.ch\/noix-de-coco-bio\/"},"modified":"2019-08-09T19:23:45","modified_gmt":"2019-08-09T19:23:45","slug":"kokonussoel-bio","status":"publish","type":"page","link":"https:\/\/bien-etreiris.ch\/de\/kokonussoel-bio\/","title":{"rendered":"KOKONUSS\u00d6L BIO"},"content":{"rendered":"\n<h2 class=\"wp-block-heading\">KOKONUSS\u00d6L BIO<\/h2>\n\n\n<p><a href=\"https:\/\/decoiris.ch\/wp-content\/uploads\/2019\/08\/Noix-de-coco-Seitenbild.jpg\"><img loading=\"lazy\" decoding=\"async\" class=\"wp-image-24032 size-full alignleft\" src=\"https:\/\/decoiris.ch\/wp-content\/uploads\/2019\/08\/Noix-de-coco-Seitenbild.jpg\" alt=\"\" width=\"450\" height=\"950\" srcset=\"https:\/\/bien-etreiris.ch\/wp-content\/uploads\/2019\/08\/Noix-de-coco-Seitenbild.jpg 450w, https:\/\/bien-etreiris.ch\/wp-content\/uploads\/2019\/08\/Noix-de-coco-Seitenbild-142x300.jpg 142w\" sizes=\"auto, (max-width: 450px) 100vw, 450px\" \/><\/a><strong>Botanischer Name <\/strong><\/p>\n<p>Cocos nucifera<\/p>\n<p><strong>Reinigend und stabilisierend <\/strong><\/p>\n<p>Kokos\u00f6l f\u00fcr die Haut, ein echter Gesundbrunnen, sch\u00fctzt nach\u00adhaltig vor Feuchtigkeitsverlust, zieht schnell ein und hinterl\u00e4sst keinen Fettglanz. Es reinigt, k\u00fchlt und beruhigt wohltuend auch stark irritierte Haut. Stabilisiert besonders anspruchsvolle Haut. Sonnengesch\u00e4digte, unreine Haut oder Schwangerschaftsstreifen werden durch Kokos\u00f6l positiv beeinflusst.<\/p>\n<p>Als Sch\u00f6nheit \u00d6l wirkt es Faltenbildung und Cellulite entgegen.<\/p>\n<p><strong>Besondere Inhaltsstoffe <\/strong><\/p>\n<p>Das Geheimnis von Kokos\u00f6l ist die Laurins\u00e4ure, eine mittelkettige Fetts\u00e4ure, die eine antimikrobielle Wirkung hat und den Haut Stoffwechsel positiv beeinflusst. Die Fetts\u00e4uren des Kokos\u00f6ls erreichen sehr schnell die tiefe Hornschicht der Haut, hinterlassen keinen Fettglanz und sorgen f\u00fcr ein besonders gutes Hautgef\u00fchl.<\/p>\n<p><strong>Anwendung \u00e4usserlich <\/strong><\/p>\n<p>F\u00fcr jede Haut und jedes Haar. Ayurveda nutzt traditionell Kokos\u00f6l auch f\u00fcr die Kopfhaut und Haarpflege.<\/p>\n<p><strong>Wichtig<\/strong><\/p>\n<p>Da das Kokos\u00f6l schon bei Zimmertemperatur fest wird, vor dem Gebrauch im warmen Wasserbad fl\u00fcssig werden lassen.<\/p>\n<p><strong>Herkunftsland <\/strong><\/p>\n<p>Philippinen<\/p>\n<p><strong>Gewinnung<\/strong><\/p>\n<p>100% kaltgepresstes Bio Kokosnuss-Fruchtfleisch<\/p>\n<p><strong>Preis<\/strong><\/p>\n<p>&nbsp;&nbsp;100 ml CHF 15.00<\/p>\n<p>1000 ml CHF 80.00<\/p>","protected":false},"excerpt":{"rendered":"<p>KOKONUSS\u00d6L BIO Botanischer Name Cocos nucifera Reinigend und stabilisierend Kokos\u00f6l f\u00fcr die Haut, ein echter Gesundbrunnen, sch\u00fctzt nach\u00adhaltig vor Feuchtigkeitsverlust, zieht schnell ein und hinterl\u00e4sst keinen Fettglanz. Es reinigt, k\u00fchlt und beruhigt wohltuend auch stark irritierte Haut. Stabilisiert besonders anspruchsvolle Haut. Sonnengesch\u00e4digte, unreine Haut oder Schwangerschaftsstreifen werden durch Kokos\u00f6l positiv beeinflusst. Als Sch\u00f6nheit \u00d6l wirkt es Faltenbildung und Cellulite entgegen.&nbsp;<a href=\"https:\/\/bien-etreiris.ch\/de\/kokonussoel-bio\/\" class=\"read-more\">Weiter lesen<\/a><\/p>\n","protected":false},"author":1,"featured_media":24037,"parent":0,"menu_order":7440,"comment_status":"closed","ping_status":"closed","template":"page-with-child.php","meta":{"_acf_changed":false,"ngg_post_thumbnail":0,"footnotes":""},"class_list":["post-24624","page","type-page","status-publish","has-post-thumbnail","hentry"],"acf":[],"yoast_head":"<!-- This site is optimized with the Yoast SEO plugin v27.5 - https:\/\/yoast.com\/product\/yoast-seo-wordpress\/ -->\n<title>KOKONUSS\u00d6L BIO - WOHLBEFINDEN<\/title>\n<meta name=\"robots\" content=\"index, follow, max-snippet:-1, max-image-preview:large, max-video-preview:-1\" \/>\n<link rel=\"canonical\" href=\"https:\/\/bien-etreiris.ch\/de\/kokonussoel-bio\/\" \/>\n<meta property=\"og:locale\" content=\"de_DE\" \/>\n<meta property=\"og:type\" content=\"article\" \/>\n<meta property=\"og:title\" content=\"KOKONUSS\u00d6L BIO - WOHLBEFINDEN\" \/>\n<meta property=\"og:description\" content=\"KOKONUSS\u00d6L BIO Botanischer Name Cocos nucifera Reinigend und stabilisierend Kokos\u00f6l f\u00fcr die Haut, ein echter Gesundbrunnen, sch\u00fctzt nach\u00adhaltig vor Feuchtigkeitsverlust, zieht schnell ein und hinterl\u00e4sst keinen Fettglanz. Es reinigt, k\u00fchlt und beruhigt wohltuend auch stark irritierte Haut. Stabilisiert besonders anspruchsvolle Haut. Sonnengesch\u00e4digte, unreine Haut oder Schwangerschaftsstreifen werden durch Kokos\u00f6l positiv beeinflusst. Als Sch\u00f6nheit \u00d6l wirkt es Faltenbildung und Cellulite entgegen.&nbsp;Weiter lesen\" \/>\n<meta property=\"og:url\" content=\"https:\/\/bien-etreiris.ch\/de\/kokonussoel-bio\/\" \/>\n<meta property=\"og:site_name\" content=\"WOHLBEFINDEN\" \/>\n<meta property=\"article:publisher\" content=\"https:\/\/www.facebook.com\/bienetreiris\/\" \/>\n<meta property=\"article:modified_time\" content=\"2019-08-09T19:23:45+00:00\" \/>\n<meta property=\"og:image\" content=\"https:\/\/bien-etreiris.ch\/wp-content\/uploads\/2019\/08\/noix-de-coco.jpg\" \/>\n\t<meta property=\"og:image:width\" content=\"550\" \/>\n\t<meta property=\"og:image:height\" content=\"359\" \/>\n\t<meta property=\"og:image:type\" content=\"image\/jpeg\" \/>\n<meta name=\"twitter:label1\" content=\"Gesch\u00e4tzte Lesezeit\" \/>\n\t<meta name=\"twitter:data1\" content=\"1\u00a0Minute\" \/>\n<script type=\"application\/ld+json\" class=\"yoast-schema-graph\">{\"@context\":\"https:\\\/\\\/schema.org\",\"@graph\":[{\"@type\":\"WebPage\",\"@id\":\"https:\\\/\\\/bien-etreiris.ch\\\/de\\\/kokonussoel-bio\\\/\",\"url\":\"https:\\\/\\\/bien-etreiris.ch\\\/de\\\/kokonussoel-bio\\\/\",\"name\":\"KOKONUSS\u00d6L BIO - WOHLBEFINDEN\",\"isPartOf\":{\"@id\":\"https:\\\/\\\/bien-etreiris.ch\\\/de\\\/#website\"},\"primaryImageOfPage\":{\"@id\":\"https:\\\/\\\/bien-etreiris.ch\\\/de\\\/kokonussoel-bio\\\/#primaryimage\"},\"image\":{\"@id\":\"https:\\\/\\\/bien-etreiris.ch\\\/de\\\/kokonussoel-bio\\\/#primaryimage\"},\"thumbnailUrl\":\"https:\\\/\\\/bien-etreiris.ch\\\/wp-content\\\/uploads\\\/2019\\\/08\\\/noix-de-coco.jpg\",\"datePublished\":\"2019-08-03T06:57:28+00:00\",\"dateModified\":\"2019-08-09T19:23:45+00:00\",\"breadcrumb\":{\"@id\":\"https:\\\/\\\/bien-etreiris.ch\\\/de\\\/kokonussoel-bio\\\/#breadcrumb\"},\"inLanguage\":\"de\",\"potentialAction\":[{\"@type\":\"ReadAction\",\"target\":[\"https:\\\/\\\/bien-etreiris.ch\\\/de\\\/kokonussoel-bio\\\/\"]}]},{\"@type\":\"ImageObject\",\"inLanguage\":\"de\",\"@id\":\"https:\\\/\\\/bien-etreiris.ch\\\/de\\\/kokonussoel-bio\\\/#primaryimage\",\"url\":\"https:\\\/\\\/bien-etreiris.ch\\\/wp-content\\\/uploads\\\/2019\\\/08\\\/noix-de-coco.jpg\",\"contentUrl\":\"https:\\\/\\\/bien-etreiris.ch\\\/wp-content\\\/uploads\\\/2019\\\/08\\\/noix-de-coco.jpg\",\"width\":550,\"height\":359},{\"@type\":\"BreadcrumbList\",\"@id\":\"https:\\\/\\\/bien-etreiris.ch\\\/de\\\/kokonussoel-bio\\\/#breadcrumb\",\"itemListElement\":[{\"@type\":\"ListItem\",\"position\":1,\"name\":\"Home\",\"item\":\"https:\\\/\\\/bien-etreiris.ch\\\/de\\\/\"},{\"@type\":\"ListItem\",\"position\":2,\"name\":\"KOKONUSS\u00d6L BIO\"}]},{\"@type\":\"WebSite\",\"@id\":\"https:\\\/\\\/bien-etreiris.ch\\\/de\\\/#website\",\"url\":\"https:\\\/\\\/bien-etreiris.ch\\\/de\\\/\",\"name\":\"Bien-\u00eatre Iris\",\"description\":\"IHRE Gesundheit ist uns wichtig\",\"potentialAction\":[{\"@type\":\"SearchAction\",\"target\":{\"@type\":\"EntryPoint\",\"urlTemplate\":\"https:\\\/\\\/bien-etreiris.ch\\\/de\\\/?s={search_term_string}\"},\"query-input\":{\"@type\":\"PropertyValueSpecification\",\"valueRequired\":true,\"valueName\":\"search_term_string\"}}],\"inLanguage\":\"de\"}]}<\/script>\n<!-- \/ Yoast SEO plugin. -->","yoast_head_json":{"title":"KOKONUSS\u00d6L BIO - WOHLBEFINDEN","robots":{"index":"index","follow":"follow","max-snippet":"max-snippet:-1","max-image-preview":"max-image-preview:large","max-video-preview":"max-video-preview:-1"},"canonical":"https:\/\/bien-etreiris.ch\/de\/kokonussoel-bio\/","og_locale":"de_DE","og_type":"article","og_title":"KOKONUSS\u00d6L BIO - WOHLBEFINDEN","og_description":"KOKONUSS\u00d6L BIO Botanischer Name Cocos nucifera Reinigend und stabilisierend Kokos\u00f6l f\u00fcr die Haut, ein echter Gesundbrunnen, sch\u00fctzt nach\u00adhaltig vor Feuchtigkeitsverlust, zieht schnell ein und hinterl\u00e4sst keinen Fettglanz. Es reinigt, k\u00fchlt und beruhigt wohltuend auch stark irritierte Haut. Stabilisiert besonders anspruchsvolle Haut. Sonnengesch\u00e4digte, unreine Haut oder Schwangerschaftsstreifen werden durch Kokos\u00f6l positiv beeinflusst. Als Sch\u00f6nheit \u00d6l wirkt es Faltenbildung und Cellulite entgegen.&nbsp;Weiter lesen","og_url":"https:\/\/bien-etreiris.ch\/de\/kokonussoel-bio\/","og_site_name":"WOHLBEFINDEN","article_publisher":"https:\/\/www.facebook.com\/bienetreiris\/","article_modified_time":"2019-08-09T19:23:45+00:00","og_image":[{"width":550,"height":359,"url":"https:\/\/bien-etreiris.ch\/wp-content\/uploads\/2019\/08\/noix-de-coco.jpg","type":"image\/jpeg"}],"twitter_misc":{"Gesch\u00e4tzte Lesezeit":"1\u00a0Minute"},"schema":{"@context":"https:\/\/schema.org","@graph":[{"@type":"WebPage","@id":"https:\/\/bien-etreiris.ch\/de\/kokonussoel-bio\/","url":"https:\/\/bien-etreiris.ch\/de\/kokonussoel-bio\/","name":"KOKONUSS\u00d6L BIO - WOHLBEFINDEN","isPartOf":{"@id":"https:\/\/bien-etreiris.ch\/de\/#website"},"primaryImageOfPage":{"@id":"https:\/\/bien-etreiris.ch\/de\/kokonussoel-bio\/#primaryimage"},"image":{"@id":"https:\/\/bien-etreiris.ch\/de\/kokonussoel-bio\/#primaryimage"},"thumbnailUrl":"https:\/\/bien-etreiris.ch\/wp-content\/uploads\/2019\/08\/noix-de-coco.jpg","datePublished":"2019-08-03T06:57:28+00:00","dateModified":"2019-08-09T19:23:45+00:00","breadcrumb":{"@id":"https:\/\/bien-etreiris.ch\/de\/kokonussoel-bio\/#breadcrumb"},"inLanguage":"de","potentialAction":[{"@type":"ReadAction","target":["https:\/\/bien-etreiris.ch\/de\/kokonussoel-bio\/"]}]},{"@type":"ImageObject","inLanguage":"de","@id":"https:\/\/bien-etreiris.ch\/de\/kokonussoel-bio\/#primaryimage","url":"https:\/\/bien-etreiris.ch\/wp-content\/uploads\/2019\/08\/noix-de-coco.jpg","contentUrl":"https:\/\/bien-etreiris.ch\/wp-content\/uploads\/2019\/08\/noix-de-coco.jpg","width":550,"height":359},{"@type":"BreadcrumbList","@id":"https:\/\/bien-etreiris.ch\/de\/kokonussoel-bio\/#breadcrumb","itemListElement":[{"@type":"ListItem","position":1,"name":"Home","item":"https:\/\/bien-etreiris.ch\/de\/"},{"@type":"ListItem","position":2,"name":"KOKONUSS\u00d6L BIO"}]},{"@type":"WebSite","@id":"https:\/\/bien-etreiris.ch\/de\/#website","url":"https:\/\/bien-etreiris.ch\/de\/","name":"Bien-\u00eatre Iris","description":"IHRE Gesundheit ist uns wichtig","potentialAction":[{"@type":"SearchAction","target":{"@type":"EntryPoint","urlTemplate":"https:\/\/bien-etreiris.ch\/de\/?s={search_term_string}"},"query-input":{"@type":"PropertyValueSpecification","valueRequired":true,"valueName":"search_term_string"}}],"inLanguage":"de"}]}},"_links":{"self":[{"href":"https:\/\/bien-etreiris.ch\/de\/wp-json\/wp\/v2\/pages\/24624","targetHints":{"allow":["GET"]}}],"collection":[{"href":"https:\/\/bien-etreiris.ch\/de\/wp-json\/wp\/v2\/pages"}],"about":[{"href":"https:\/\/bien-etreiris.ch\/de\/wp-json\/wp\/v2\/types\/page"}],"author":[{"embeddable":true,"href":"https:\/\/bien-etreiris.ch\/de\/wp-json\/wp\/v2\/users\/1"}],"replies":[{"embeddable":true,"href":"https:\/\/bien-etreiris.ch\/de\/wp-json\/wp\/v2\/comments?post=24624"}],"version-history":[{"count":4,"href":"https:\/\/bien-etreiris.ch\/de\/wp-json\/wp\/v2\/pages\/24624\/revisions"}],"predecessor-version":[{"id":24632,"href":"https:\/\/bien-etreiris.ch\/de\/wp-json\/wp\/v2\/pages\/24624\/revisions\/24632"}],"wp:featuredmedia":[{"embeddable":true,"href":"https:\/\/bien-etreiris.ch\/de\/wp-json\/wp\/v2\/media\/24037"}],"wp:attachment":[{"href":"https:\/\/bien-etreiris.ch\/de\/wp-json\/wp\/v2\/media?parent=24624"}],"curies":[{"name":"wp","href":"https:\/\/api.w.org\/{rel}","templated":true}]}}