{"id":24614,"date":"2019-08-02T19:10:10","date_gmt":"2019-08-02T19:10:10","guid":{"rendered":"https:\/\/bien-etreiris.ch\/millepertuis-bio\/"},"modified":"2019-08-10T07:59:44","modified_gmt":"2019-08-10T07:59:44","slug":"johanniskrautoel-mazerat-bio","status":"publish","type":"page","link":"https:\/\/bien-etreiris.ch\/de\/johanniskrautoel-mazerat-bio\/","title":{"rendered":"JOHANNISKRAUT\/MAZERAT BIO"},"content":{"rendered":"\n<h2 class=\"wp-block-heading\">JOHANNISKRAUTBL\u00dcTEN\u00d6L \/ MAZERAT  BIO<\/h2>\n\n\n<p><a href=\"https:\/\/decoiris.ch\/wp-content\/uploads\/2019\/08\/Millepertuis.jpg\"><img loading=\"lazy\" decoding=\"async\" class=\"wp-image-23987 size-full alignleft\" src=\"https:\/\/decoiris.ch\/wp-content\/uploads\/2019\/08\/Millepertuis.jpg\" alt=\"\" width=\"450\" height=\"950\" srcset=\"https:\/\/bien-etreiris.ch\/wp-content\/uploads\/2019\/08\/Millepertuis.jpg 450w, https:\/\/bien-etreiris.ch\/wp-content\/uploads\/2019\/08\/Millepertuis-142x300.jpg 142w\" sizes=\"auto, (max-width: 450px) 100vw, 450px\" \/><\/a><\/p>\n<p><strong>Botanischer Name<\/strong><\/p>\n<p>Hypericum perforatum<\/p>\n<p><strong>&nbsp;<\/strong><\/p>\n<p><strong>Entkrampfend &amp; st\u00e4rkend <\/strong><\/p>\n<p>Johanniskraut \u00d6l ist ein \u00e4usserst kostbares \u00d6l. Es ist ein Mazerat (Auszug) von den Bl\u00fcten der Heilpflanze in Oliven\u00f6l. Das w\u00e4rmen\u00adde \u00d6l wirkt entkrampfend auf die Muskulatur und dringt durch reichliches Einmassieren tief ein, verleiht so besonders wirksam, nervenst\u00e4rkende und aufhellende Kr\u00e4fte. Zudem pflegt und beruhigt das \u00d6l hervorragend Problemhaut. Es wird gerne in der Alterspflege eingesetzt.<\/p>\n<p><strong>Besondere Inhaltsstoffe <\/strong><\/p>\n<p>Die Hauptinhaltsstoffe des Johanniskrautes, Hypericin und Hyper\u00adforin sind verantwortlich f\u00fcr die therapeutisch breite Wirksamkeit.<\/p>\n<p><strong>Anwendung \u00e4usserlich <\/strong><\/p>\n<p>Eignet sich f\u00fcr jede Haut und darf reichlich aufgetragen und ein\u00admassiert werden. Kann auch sanft auf die Wirbels\u00e4ule aufgetragen werden (Breuss Methode), damit die n\u00e4hrende Eigenschaft f\u00fcr die Bandscheibe Wirkung hat.<\/p>\n<p><strong>Wichtig! <\/strong>Johanniskraut wirkt leicht photosensibilisierend, es sollte einige Stunden nach der Anwendung, kein Sonnenbad genommen werden.<\/p>\n<p><strong>Herkunftsland<\/strong><\/p>\n<p>Frankreich<\/p>\n<p><strong>Gewinnung <\/strong><\/p>\n<p>Mazeration von: Olea Europea (Olive)<\/p>\n<p>Fruit Oil, Hypericum Perforatum Flower Extract<\/p>\n<p><strong>Preis<\/strong><\/p>\n<p>&nbsp;&nbsp;&nbsp; 75 ml CHF&nbsp; &nbsp;9.70<\/p>\n<p>1000 ml CHF 95.00<\/p>\n<p><strong>Interessant <\/strong><\/p>\n<p>Frisch gepfl\u00fcckte Johanniskrautbl\u00fcten wer\u00adden in Olivenol eingelegt, in einer Glasflasche w\u00e4hrend drei bis vier Wochen im Sonnenlicht gelagert. W\u00e4hrend dieser Zeit zieht das \u00d6l die Wirkstoffe aus den Bl\u00fcten und f\u00e4rbt sich rubinrot. Besonders an tr\u00fcben, kalten Tagen vermittelt das \u00d6l das Gef\u00fchl, als w\u00fcrde w\u00e4rmende Sonne auf die Haut gezaubert.<\/p>\n<p>&nbsp;<\/p>","protected":false},"excerpt":{"rendered":"<p>JOHANNISKRAUTBL\u00dcTEN\u00d6L \/ MAZERAT BIO Botanischer Name Hypericum perforatum &nbsp; Entkrampfend &amp; st\u00e4rkend Johanniskraut \u00d6l ist ein \u00e4usserst kostbares \u00d6l. Es ist ein Mazerat (Auszug) von den Bl\u00fcten der Heilpflanze in Oliven\u00f6l. Das w\u00e4rmen\u00adde \u00d6l wirkt entkrampfend auf die Muskulatur und dringt durch reichliches Einmassieren tief ein, verleiht so besonders wirksam, nervenst\u00e4rkende und aufhellende Kr\u00e4fte. Zudem pflegt und beruhigt das \u00d6l&nbsp;<a href=\"https:\/\/bien-etreiris.ch\/de\/johanniskrautoel-mazerat-bio\/\" class=\"read-more\">Weiter lesen<\/a><\/p>\n","protected":false},"author":1,"featured_media":23986,"parent":0,"menu_order":7446,"comment_status":"closed","ping_status":"closed","template":"page-with-child.php","meta":{"_acf_changed":false,"ngg_post_thumbnail":0,"footnotes":""},"class_list":["post-24614","page","type-page","status-publish","has-post-thumbnail","hentry"],"acf":[],"yoast_head":"<!-- This site is optimized with the Yoast SEO plugin v27.5 - https:\/\/yoast.com\/product\/yoast-seo-wordpress\/ -->\n<title>JOHANNISKRAUT\/MAZERAT BIO - WOHLBEFINDEN<\/title>\n<meta name=\"robots\" content=\"index, follow, max-snippet:-1, max-image-preview:large, max-video-preview:-1\" \/>\n<link rel=\"canonical\" href=\"https:\/\/bien-etreiris.ch\/de\/johanniskrautoel-mazerat-bio\/\" \/>\n<meta property=\"og:locale\" content=\"de_DE\" \/>\n<meta property=\"og:type\" content=\"article\" \/>\n<meta property=\"og:title\" content=\"JOHANNISKRAUT\/MAZERAT BIO - WOHLBEFINDEN\" \/>\n<meta property=\"og:description\" content=\"JOHANNISKRAUTBL\u00dcTEN\u00d6L \/ MAZERAT BIO Botanischer Name Hypericum perforatum &nbsp; Entkrampfend &amp; st\u00e4rkend Johanniskraut \u00d6l ist ein \u00e4usserst kostbares \u00d6l. Es ist ein Mazerat (Auszug) von den Bl\u00fcten der Heilpflanze in Oliven\u00f6l. Das w\u00e4rmen\u00adde \u00d6l wirkt entkrampfend auf die Muskulatur und dringt durch reichliches Einmassieren tief ein, verleiht so besonders wirksam, nervenst\u00e4rkende und aufhellende Kr\u00e4fte. Zudem pflegt und beruhigt das \u00d6l&nbsp;Weiter lesen\" \/>\n<meta property=\"og:url\" content=\"https:\/\/bien-etreiris.ch\/de\/johanniskrautoel-mazerat-bio\/\" \/>\n<meta property=\"og:site_name\" content=\"WOHLBEFINDEN\" \/>\n<meta property=\"article:publisher\" content=\"https:\/\/www.facebook.com\/bienetreiris\/\" \/>\n<meta property=\"article:modified_time\" content=\"2019-08-10T07:59:44+00:00\" \/>\n<meta property=\"og:image\" content=\"https:\/\/bien-etreiris.ch\/wp-content\/uploads\/2019\/08\/mille-pertuis.jpg\" \/>\n\t<meta property=\"og:image:width\" content=\"500\" \/>\n\t<meta property=\"og:image:height\" content=\"333\" \/>\n\t<meta property=\"og:image:type\" content=\"image\/jpeg\" \/>\n<meta name=\"twitter:label1\" content=\"Gesch\u00e4tzte Lesezeit\" \/>\n\t<meta name=\"twitter:data1\" content=\"1\u00a0Minute\" \/>\n<script type=\"application\/ld+json\" class=\"yoast-schema-graph\">{\"@context\":\"https:\\\/\\\/schema.org\",\"@graph\":[{\"@type\":\"WebPage\",\"@id\":\"https:\\\/\\\/bien-etreiris.ch\\\/de\\\/johanniskrautoel-mazerat-bio\\\/\",\"url\":\"https:\\\/\\\/bien-etreiris.ch\\\/de\\\/johanniskrautoel-mazerat-bio\\\/\",\"name\":\"JOHANNISKRAUT\\\/MAZERAT BIO - WOHLBEFINDEN\",\"isPartOf\":{\"@id\":\"https:\\\/\\\/bien-etreiris.ch\\\/de\\\/#website\"},\"primaryImageOfPage\":{\"@id\":\"https:\\\/\\\/bien-etreiris.ch\\\/de\\\/johanniskrautoel-mazerat-bio\\\/#primaryimage\"},\"image\":{\"@id\":\"https:\\\/\\\/bien-etreiris.ch\\\/de\\\/johanniskrautoel-mazerat-bio\\\/#primaryimage\"},\"thumbnailUrl\":\"https:\\\/\\\/bien-etreiris.ch\\\/wp-content\\\/uploads\\\/2019\\\/08\\\/mille-pertuis.jpg\",\"datePublished\":\"2019-08-02T19:10:10+00:00\",\"dateModified\":\"2019-08-10T07:59:44+00:00\",\"breadcrumb\":{\"@id\":\"https:\\\/\\\/bien-etreiris.ch\\\/de\\\/johanniskrautoel-mazerat-bio\\\/#breadcrumb\"},\"inLanguage\":\"de\",\"potentialAction\":[{\"@type\":\"ReadAction\",\"target\":[\"https:\\\/\\\/bien-etreiris.ch\\\/de\\\/johanniskrautoel-mazerat-bio\\\/\"]}]},{\"@type\":\"ImageObject\",\"inLanguage\":\"de\",\"@id\":\"https:\\\/\\\/bien-etreiris.ch\\\/de\\\/johanniskrautoel-mazerat-bio\\\/#primaryimage\",\"url\":\"https:\\\/\\\/bien-etreiris.ch\\\/wp-content\\\/uploads\\\/2019\\\/08\\\/mille-pertuis.jpg\",\"contentUrl\":\"https:\\\/\\\/bien-etreiris.ch\\\/wp-content\\\/uploads\\\/2019\\\/08\\\/mille-pertuis.jpg\",\"width\":500,\"height\":333},{\"@type\":\"BreadcrumbList\",\"@id\":\"https:\\\/\\\/bien-etreiris.ch\\\/de\\\/johanniskrautoel-mazerat-bio\\\/#breadcrumb\",\"itemListElement\":[{\"@type\":\"ListItem\",\"position\":1,\"name\":\"Home\",\"item\":\"https:\\\/\\\/bien-etreiris.ch\\\/de\\\/\"},{\"@type\":\"ListItem\",\"position\":2,\"name\":\"JOHANNISKRAUT\\\/MAZERAT BIO\"}]},{\"@type\":\"WebSite\",\"@id\":\"https:\\\/\\\/bien-etreiris.ch\\\/de\\\/#website\",\"url\":\"https:\\\/\\\/bien-etreiris.ch\\\/de\\\/\",\"name\":\"Bien-\u00eatre Iris\",\"description\":\"IHRE Gesundheit ist uns wichtig\",\"potentialAction\":[{\"@type\":\"SearchAction\",\"target\":{\"@type\":\"EntryPoint\",\"urlTemplate\":\"https:\\\/\\\/bien-etreiris.ch\\\/de\\\/?s={search_term_string}\"},\"query-input\":{\"@type\":\"PropertyValueSpecification\",\"valueRequired\":true,\"valueName\":\"search_term_string\"}}],\"inLanguage\":\"de\"}]}<\/script>\n<!-- \/ Yoast SEO plugin. -->","yoast_head_json":{"title":"JOHANNISKRAUT\/MAZERAT BIO - WOHLBEFINDEN","robots":{"index":"index","follow":"follow","max-snippet":"max-snippet:-1","max-image-preview":"max-image-preview:large","max-video-preview":"max-video-preview:-1"},"canonical":"https:\/\/bien-etreiris.ch\/de\/johanniskrautoel-mazerat-bio\/","og_locale":"de_DE","og_type":"article","og_title":"JOHANNISKRAUT\/MAZERAT BIO - WOHLBEFINDEN","og_description":"JOHANNISKRAUTBL\u00dcTEN\u00d6L \/ MAZERAT BIO Botanischer Name Hypericum perforatum &nbsp; Entkrampfend &amp; st\u00e4rkend Johanniskraut \u00d6l ist ein \u00e4usserst kostbares \u00d6l. Es ist ein Mazerat (Auszug) von den Bl\u00fcten der Heilpflanze in Oliven\u00f6l. Das w\u00e4rmen\u00adde \u00d6l wirkt entkrampfend auf die Muskulatur und dringt durch reichliches Einmassieren tief ein, verleiht so besonders wirksam, nervenst\u00e4rkende und aufhellende Kr\u00e4fte. Zudem pflegt und beruhigt das \u00d6l&nbsp;Weiter lesen","og_url":"https:\/\/bien-etreiris.ch\/de\/johanniskrautoel-mazerat-bio\/","og_site_name":"WOHLBEFINDEN","article_publisher":"https:\/\/www.facebook.com\/bienetreiris\/","article_modified_time":"2019-08-10T07:59:44+00:00","og_image":[{"width":500,"height":333,"url":"https:\/\/bien-etreiris.ch\/wp-content\/uploads\/2019\/08\/mille-pertuis.jpg","type":"image\/jpeg"}],"twitter_misc":{"Gesch\u00e4tzte Lesezeit":"1\u00a0Minute"},"schema":{"@context":"https:\/\/schema.org","@graph":[{"@type":"WebPage","@id":"https:\/\/bien-etreiris.ch\/de\/johanniskrautoel-mazerat-bio\/","url":"https:\/\/bien-etreiris.ch\/de\/johanniskrautoel-mazerat-bio\/","name":"JOHANNISKRAUT\/MAZERAT BIO - WOHLBEFINDEN","isPartOf":{"@id":"https:\/\/bien-etreiris.ch\/de\/#website"},"primaryImageOfPage":{"@id":"https:\/\/bien-etreiris.ch\/de\/johanniskrautoel-mazerat-bio\/#primaryimage"},"image":{"@id":"https:\/\/bien-etreiris.ch\/de\/johanniskrautoel-mazerat-bio\/#primaryimage"},"thumbnailUrl":"https:\/\/bien-etreiris.ch\/wp-content\/uploads\/2019\/08\/mille-pertuis.jpg","datePublished":"2019-08-02T19:10:10+00:00","dateModified":"2019-08-10T07:59:44+00:00","breadcrumb":{"@id":"https:\/\/bien-etreiris.ch\/de\/johanniskrautoel-mazerat-bio\/#breadcrumb"},"inLanguage":"de","potentialAction":[{"@type":"ReadAction","target":["https:\/\/bien-etreiris.ch\/de\/johanniskrautoel-mazerat-bio\/"]}]},{"@type":"ImageObject","inLanguage":"de","@id":"https:\/\/bien-etreiris.ch\/de\/johanniskrautoel-mazerat-bio\/#primaryimage","url":"https:\/\/bien-etreiris.ch\/wp-content\/uploads\/2019\/08\/mille-pertuis.jpg","contentUrl":"https:\/\/bien-etreiris.ch\/wp-content\/uploads\/2019\/08\/mille-pertuis.jpg","width":500,"height":333},{"@type":"BreadcrumbList","@id":"https:\/\/bien-etreiris.ch\/de\/johanniskrautoel-mazerat-bio\/#breadcrumb","itemListElement":[{"@type":"ListItem","position":1,"name":"Home","item":"https:\/\/bien-etreiris.ch\/de\/"},{"@type":"ListItem","position":2,"name":"JOHANNISKRAUT\/MAZERAT BIO"}]},{"@type":"WebSite","@id":"https:\/\/bien-etreiris.ch\/de\/#website","url":"https:\/\/bien-etreiris.ch\/de\/","name":"Bien-\u00eatre Iris","description":"IHRE Gesundheit ist uns wichtig","potentialAction":[{"@type":"SearchAction","target":{"@type":"EntryPoint","urlTemplate":"https:\/\/bien-etreiris.ch\/de\/?s={search_term_string}"},"query-input":{"@type":"PropertyValueSpecification","valueRequired":true,"valueName":"search_term_string"}}],"inLanguage":"de"}]}},"_links":{"self":[{"href":"https:\/\/bien-etreiris.ch\/de\/wp-json\/wp\/v2\/pages\/24614","targetHints":{"allow":["GET"]}}],"collection":[{"href":"https:\/\/bien-etreiris.ch\/de\/wp-json\/wp\/v2\/pages"}],"about":[{"href":"https:\/\/bien-etreiris.ch\/de\/wp-json\/wp\/v2\/types\/page"}],"author":[{"embeddable":true,"href":"https:\/\/bien-etreiris.ch\/de\/wp-json\/wp\/v2\/users\/1"}],"replies":[{"embeddable":true,"href":"https:\/\/bien-etreiris.ch\/de\/wp-json\/wp\/v2\/comments?post=24614"}],"version-history":[{"count":4,"href":"https:\/\/bien-etreiris.ch\/de\/wp-json\/wp\/v2\/pages\/24614\/revisions"}],"predecessor-version":[{"id":24702,"href":"https:\/\/bien-etreiris.ch\/de\/wp-json\/wp\/v2\/pages\/24614\/revisions\/24702"}],"wp:featuredmedia":[{"embeddable":true,"href":"https:\/\/bien-etreiris.ch\/de\/wp-json\/wp\/v2\/media\/23986"}],"wp:attachment":[{"href":"https:\/\/bien-etreiris.ch\/de\/wp-json\/wp\/v2\/media?parent=24614"}],"curies":[{"name":"wp","href":"https:\/\/api.w.org\/{rel}","templated":true}]}}