{"id":24605,"date":"2019-08-02T19:33:34","date_gmt":"2019-08-02T19:33:34","guid":{"rendered":"https:\/\/bien-etreiris.ch\/jojoba-bio\/"},"modified":"2019-08-10T08:01:40","modified_gmt":"2019-08-10T08:01:40","slug":"jojobaoel-bio","status":"publish","type":"page","link":"https:\/\/bien-etreiris.ch\/de\/jojobaoel-bio\/","title":{"rendered":"JOJOBA\u00d6L BIO"},"content":{"rendered":"\n<p><br><\/p>\n\n\n\n<h2 class=\"wp-block-heading\">JOJOBA\u00d6L BIO<\/h2>\n\n\n<p><strong> <a href=\"https:\/\/decoiris.ch\/wp-content\/uploads\/2019\/08\/Jojoba-Seitenbild.jpg\"><img loading=\"lazy\" decoding=\"async\" class=\"alignleft wp-image-23997 size-full\" src=\"https:\/\/decoiris.ch\/wp-content\/uploads\/2019\/08\/Jojoba-Seitenbild.jpg\" alt=\"\" width=\"450\" height=\"950\" srcset=\"https:\/\/bien-etreiris.ch\/wp-content\/uploads\/2019\/08\/Jojoba-Seitenbild.jpg 450w, https:\/\/bien-etreiris.ch\/wp-content\/uploads\/2019\/08\/Jojoba-Seitenbild-142x300.jpg 142w\" sizes=\"auto, (max-width: 450px) 100vw, 450px\" \/><\/a><\/strong><strong>Botanischer Name <\/strong><\/p>\n<p>Simmondsia chinesis<\/p>\n<p><strong>straffend &amp; samtweich <\/strong><\/p>\n<p>Das hochwertige, kostbare Jojoba\u00f6l. von den Indianern auch \u00abFl\u00fcssiges Gold\u00bb genannt, wird als fl\u00fcssiger Wachs aus dem Samen des Jojobastrauchs gewonnen. Das \u00d6l zeigt ausgezeichnete Tiefen\u00adwirkung. Die Haut wird samtweich und elastisch ohne zu \u00fcberfetten. Das \u00d6l wirkt regulierend und stabilisierend auf den Fettfeuchtig\u00adkeitsmantel, beruhigt so gereizte, beanspruchte Haut und macht sie widerstandsf\u00e4higer. Durch den hohen Gehalt an Vitamin E st\u00e4rkt und strafft das \u00d6l das Bindewebe und beugt Faltenbildung vor. W\u00e4hrend der Schwangerschaft hilft es, die Elastizit\u00e4t der Haut zu erhalten und Schwangerschaftsstreifen vorzubeugen<strong>. <\/strong><\/p>\n<p><strong>Besonderes Inhaltsstoffe <\/strong><\/p>\n<p>Jojoba ist chemisch gesehen ein fl\u00fcssiges Wachs. Jojoba\u00f6l unter\u00adscheidet sich im Wesentlichen von \u00d6len dadurch, dass seine gebundenen Fetts\u00e4uren nicht mit Glycerin, sondern mit einem sog. Fettalkohol (Ester) verbunden sind. Diese sind dem menschlichen Hauttalg \u00e4hnlich und bewirken, dass sich Jojoba hervorragend mit diesem mischt und einen zarten Lipidfilm bildet, der die Feuchtigkeit der Haut bindet, sie jedoch in keiner Weise abdichtet.<\/p>\n<p><strong>Anwendung \u00e4usserlich <\/strong><\/p>\n<p>Dank hoher Gleitf\u00e4higkeit sehr gut geeignet f\u00fcr Massage. Eignet sich f\u00fcr jede Haut und jedes Haar. Als Schwangerschaftsbegleitung und Narbenpflege regelm\u00e4ssig sanft einmassieren.<\/p>\n<p><strong>Wichtig<\/strong><\/p>\n<p>Das Jojoba\u00f6l. ein fl\u00fcssiges Wachs, darf nur \u00e4usserlich angewendet werden.<\/p>\n<p>Herkunftsland: Mittel- und S\u00fcdamerika<\/p>\n<p>Gewinnung: 100% kaltgepresste Bio Samen (Simmondsia Chii;iensis (Jojoba) Seed Oil)<\/p>\n<p><strong>Preis<\/strong><\/p>\n<p><strong>&nbsp; &nbsp;&nbsp;<\/strong>75 ml CHF &nbsp;&nbsp; 14.00<\/p>\n<p>1000 ml CHF 120.00<\/p>","protected":false},"excerpt":{"rendered":"<p>JOJOBA\u00d6L BIO Botanischer Name Simmondsia chinesis straffend &amp; samtweich Das hochwertige, kostbare Jojoba\u00f6l. von den Indianern auch \u00abFl\u00fcssiges Gold\u00bb genannt, wird als fl\u00fcssiger Wachs aus dem Samen des Jojobastrauchs gewonnen. Das \u00d6l zeigt ausgezeichnete Tiefen\u00adwirkung. Die Haut wird samtweich und elastisch ohne zu \u00fcberfetten. Das \u00d6l wirkt regulierend und stabilisierend auf den Fettfeuchtig\u00adkeitsmantel, beruhigt so gereizte, beanspruchte Haut und macht&nbsp;<a href=\"https:\/\/bien-etreiris.ch\/de\/jojobaoel-bio\/\" class=\"read-more\">Weiter lesen<\/a><\/p>\n","protected":false},"author":1,"featured_media":23996,"parent":0,"menu_order":7444,"comment_status":"closed","ping_status":"closed","template":"page-with-child.php","meta":{"_acf_changed":false,"ngg_post_thumbnail":0,"footnotes":""},"class_list":["post-24605","page","type-page","status-publish","has-post-thumbnail","hentry"],"acf":[],"yoast_head":"<!-- This site is optimized with the Yoast SEO plugin v27.5 - https:\/\/yoast.com\/product\/yoast-seo-wordpress\/ -->\n<title>JOJOBA\u00d6L BIO - WOHLBEFINDEN<\/title>\n<meta name=\"robots\" content=\"index, follow, max-snippet:-1, max-image-preview:large, max-video-preview:-1\" \/>\n<link rel=\"canonical\" href=\"https:\/\/bien-etreiris.ch\/de\/jojobaoel-bio\/\" \/>\n<meta property=\"og:locale\" content=\"de_DE\" \/>\n<meta property=\"og:type\" content=\"article\" \/>\n<meta property=\"og:title\" content=\"JOJOBA\u00d6L BIO - WOHLBEFINDEN\" \/>\n<meta property=\"og:description\" content=\"JOJOBA\u00d6L BIO Botanischer Name Simmondsia chinesis straffend &amp; samtweich Das hochwertige, kostbare Jojoba\u00f6l. von den Indianern auch \u00abFl\u00fcssiges Gold\u00bb genannt, wird als fl\u00fcssiger Wachs aus dem Samen des Jojobastrauchs gewonnen. Das \u00d6l zeigt ausgezeichnete Tiefen\u00adwirkung. Die Haut wird samtweich und elastisch ohne zu \u00fcberfetten. Das \u00d6l wirkt regulierend und stabilisierend auf den Fettfeuchtig\u00adkeitsmantel, beruhigt so gereizte, beanspruchte Haut und macht&nbsp;Weiter lesen\" \/>\n<meta property=\"og:url\" content=\"https:\/\/bien-etreiris.ch\/de\/jojobaoel-bio\/\" \/>\n<meta property=\"og:site_name\" content=\"WOHLBEFINDEN\" \/>\n<meta property=\"article:publisher\" content=\"https:\/\/www.facebook.com\/bienetreiris\/\" \/>\n<meta property=\"article:modified_time\" content=\"2019-08-10T08:01:40+00:00\" \/>\n<meta property=\"og:image\" content=\"https:\/\/bien-etreiris.ch\/wp-content\/uploads\/2019\/08\/jojoba.jpg\" \/>\n\t<meta property=\"og:image:width\" content=\"500\" \/>\n\t<meta property=\"og:image:height\" content=\"389\" \/>\n\t<meta property=\"og:image:type\" content=\"image\/jpeg\" \/>\n<meta name=\"twitter:label1\" content=\"Gesch\u00e4tzte Lesezeit\" \/>\n\t<meta name=\"twitter:data1\" content=\"1\u00a0Minute\" \/>\n<script type=\"application\/ld+json\" class=\"yoast-schema-graph\">{\"@context\":\"https:\\\/\\\/schema.org\",\"@graph\":[{\"@type\":\"WebPage\",\"@id\":\"https:\\\/\\\/bien-etreiris.ch\\\/de\\\/jojobaoel-bio\\\/\",\"url\":\"https:\\\/\\\/bien-etreiris.ch\\\/de\\\/jojobaoel-bio\\\/\",\"name\":\"JOJOBA\u00d6L BIO - WOHLBEFINDEN\",\"isPartOf\":{\"@id\":\"https:\\\/\\\/bien-etreiris.ch\\\/de\\\/#website\"},\"primaryImageOfPage\":{\"@id\":\"https:\\\/\\\/bien-etreiris.ch\\\/de\\\/jojobaoel-bio\\\/#primaryimage\"},\"image\":{\"@id\":\"https:\\\/\\\/bien-etreiris.ch\\\/de\\\/jojobaoel-bio\\\/#primaryimage\"},\"thumbnailUrl\":\"https:\\\/\\\/bien-etreiris.ch\\\/wp-content\\\/uploads\\\/2019\\\/08\\\/jojoba.jpg\",\"datePublished\":\"2019-08-02T19:33:34+00:00\",\"dateModified\":\"2019-08-10T08:01:40+00:00\",\"breadcrumb\":{\"@id\":\"https:\\\/\\\/bien-etreiris.ch\\\/de\\\/jojobaoel-bio\\\/#breadcrumb\"},\"inLanguage\":\"de\",\"potentialAction\":[{\"@type\":\"ReadAction\",\"target\":[\"https:\\\/\\\/bien-etreiris.ch\\\/de\\\/jojobaoel-bio\\\/\"]}]},{\"@type\":\"ImageObject\",\"inLanguage\":\"de\",\"@id\":\"https:\\\/\\\/bien-etreiris.ch\\\/de\\\/jojobaoel-bio\\\/#primaryimage\",\"url\":\"https:\\\/\\\/bien-etreiris.ch\\\/wp-content\\\/uploads\\\/2019\\\/08\\\/jojoba.jpg\",\"contentUrl\":\"https:\\\/\\\/bien-etreiris.ch\\\/wp-content\\\/uploads\\\/2019\\\/08\\\/jojoba.jpg\",\"width\":500,\"height\":389},{\"@type\":\"BreadcrumbList\",\"@id\":\"https:\\\/\\\/bien-etreiris.ch\\\/de\\\/jojobaoel-bio\\\/#breadcrumb\",\"itemListElement\":[{\"@type\":\"ListItem\",\"position\":1,\"name\":\"Home\",\"item\":\"https:\\\/\\\/bien-etreiris.ch\\\/de\\\/\"},{\"@type\":\"ListItem\",\"position\":2,\"name\":\"JOJOBA\u00d6L BIO\"}]},{\"@type\":\"WebSite\",\"@id\":\"https:\\\/\\\/bien-etreiris.ch\\\/de\\\/#website\",\"url\":\"https:\\\/\\\/bien-etreiris.ch\\\/de\\\/\",\"name\":\"Bien-\u00eatre Iris\",\"description\":\"IHRE Gesundheit ist uns wichtig\",\"potentialAction\":[{\"@type\":\"SearchAction\",\"target\":{\"@type\":\"EntryPoint\",\"urlTemplate\":\"https:\\\/\\\/bien-etreiris.ch\\\/de\\\/?s={search_term_string}\"},\"query-input\":{\"@type\":\"PropertyValueSpecification\",\"valueRequired\":true,\"valueName\":\"search_term_string\"}}],\"inLanguage\":\"de\"}]}<\/script>\n<!-- \/ Yoast SEO plugin. -->","yoast_head_json":{"title":"JOJOBA\u00d6L BIO - WOHLBEFINDEN","robots":{"index":"index","follow":"follow","max-snippet":"max-snippet:-1","max-image-preview":"max-image-preview:large","max-video-preview":"max-video-preview:-1"},"canonical":"https:\/\/bien-etreiris.ch\/de\/jojobaoel-bio\/","og_locale":"de_DE","og_type":"article","og_title":"JOJOBA\u00d6L BIO - WOHLBEFINDEN","og_description":"JOJOBA\u00d6L BIO Botanischer Name Simmondsia chinesis straffend &amp; samtweich Das hochwertige, kostbare Jojoba\u00f6l. von den Indianern auch \u00abFl\u00fcssiges Gold\u00bb genannt, wird als fl\u00fcssiger Wachs aus dem Samen des Jojobastrauchs gewonnen. Das \u00d6l zeigt ausgezeichnete Tiefen\u00adwirkung. Die Haut wird samtweich und elastisch ohne zu \u00fcberfetten. Das \u00d6l wirkt regulierend und stabilisierend auf den Fettfeuchtig\u00adkeitsmantel, beruhigt so gereizte, beanspruchte Haut und macht&nbsp;Weiter lesen","og_url":"https:\/\/bien-etreiris.ch\/de\/jojobaoel-bio\/","og_site_name":"WOHLBEFINDEN","article_publisher":"https:\/\/www.facebook.com\/bienetreiris\/","article_modified_time":"2019-08-10T08:01:40+00:00","og_image":[{"width":500,"height":389,"url":"https:\/\/bien-etreiris.ch\/wp-content\/uploads\/2019\/08\/jojoba.jpg","type":"image\/jpeg"}],"twitter_misc":{"Gesch\u00e4tzte Lesezeit":"1\u00a0Minute"},"schema":{"@context":"https:\/\/schema.org","@graph":[{"@type":"WebPage","@id":"https:\/\/bien-etreiris.ch\/de\/jojobaoel-bio\/","url":"https:\/\/bien-etreiris.ch\/de\/jojobaoel-bio\/","name":"JOJOBA\u00d6L BIO - WOHLBEFINDEN","isPartOf":{"@id":"https:\/\/bien-etreiris.ch\/de\/#website"},"primaryImageOfPage":{"@id":"https:\/\/bien-etreiris.ch\/de\/jojobaoel-bio\/#primaryimage"},"image":{"@id":"https:\/\/bien-etreiris.ch\/de\/jojobaoel-bio\/#primaryimage"},"thumbnailUrl":"https:\/\/bien-etreiris.ch\/wp-content\/uploads\/2019\/08\/jojoba.jpg","datePublished":"2019-08-02T19:33:34+00:00","dateModified":"2019-08-10T08:01:40+00:00","breadcrumb":{"@id":"https:\/\/bien-etreiris.ch\/de\/jojobaoel-bio\/#breadcrumb"},"inLanguage":"de","potentialAction":[{"@type":"ReadAction","target":["https:\/\/bien-etreiris.ch\/de\/jojobaoel-bio\/"]}]},{"@type":"ImageObject","inLanguage":"de","@id":"https:\/\/bien-etreiris.ch\/de\/jojobaoel-bio\/#primaryimage","url":"https:\/\/bien-etreiris.ch\/wp-content\/uploads\/2019\/08\/jojoba.jpg","contentUrl":"https:\/\/bien-etreiris.ch\/wp-content\/uploads\/2019\/08\/jojoba.jpg","width":500,"height":389},{"@type":"BreadcrumbList","@id":"https:\/\/bien-etreiris.ch\/de\/jojobaoel-bio\/#breadcrumb","itemListElement":[{"@type":"ListItem","position":1,"name":"Home","item":"https:\/\/bien-etreiris.ch\/de\/"},{"@type":"ListItem","position":2,"name":"JOJOBA\u00d6L BIO"}]},{"@type":"WebSite","@id":"https:\/\/bien-etreiris.ch\/de\/#website","url":"https:\/\/bien-etreiris.ch\/de\/","name":"Bien-\u00eatre Iris","description":"IHRE Gesundheit ist uns wichtig","potentialAction":[{"@type":"SearchAction","target":{"@type":"EntryPoint","urlTemplate":"https:\/\/bien-etreiris.ch\/de\/?s={search_term_string}"},"query-input":{"@type":"PropertyValueSpecification","valueRequired":true,"valueName":"search_term_string"}}],"inLanguage":"de"}]}},"_links":{"self":[{"href":"https:\/\/bien-etreiris.ch\/de\/wp-json\/wp\/v2\/pages\/24605","targetHints":{"allow":["GET"]}}],"collection":[{"href":"https:\/\/bien-etreiris.ch\/de\/wp-json\/wp\/v2\/pages"}],"about":[{"href":"https:\/\/bien-etreiris.ch\/de\/wp-json\/wp\/v2\/types\/page"}],"author":[{"embeddable":true,"href":"https:\/\/bien-etreiris.ch\/de\/wp-json\/wp\/v2\/users\/1"}],"replies":[{"embeddable":true,"href":"https:\/\/bien-etreiris.ch\/de\/wp-json\/wp\/v2\/comments?post=24605"}],"version-history":[{"count":3,"href":"https:\/\/bien-etreiris.ch\/de\/wp-json\/wp\/v2\/pages\/24605\/revisions"}],"predecessor-version":[{"id":24610,"href":"https:\/\/bien-etreiris.ch\/de\/wp-json\/wp\/v2\/pages\/24605\/revisions\/24610"}],"wp:featuredmedia":[{"embeddable":true,"href":"https:\/\/bien-etreiris.ch\/de\/wp-json\/wp\/v2\/media\/23996"}],"wp:attachment":[{"href":"https:\/\/bien-etreiris.ch\/de\/wp-json\/wp\/v2\/media?parent=24605"}],"curies":[{"name":"wp","href":"https:\/\/api.w.org\/{rel}","templated":true}]}}