{"id":24267,"date":"2019-08-03T07:17:21","date_gmt":"2019-08-03T07:17:21","guid":{"rendered":"https:\/\/bien-etreiris.ch\/cumin-noir-bio\/"},"modified":"2019-08-05T20:15:18","modified_gmt":"2019-08-05T20:15:18","slug":"schwarzkuemmeloel-bio","status":"publish","type":"page","link":"https:\/\/bien-etreiris.ch\/de\/schwarzkuemmeloel-bio\/","title":{"rendered":"SCHWARZK\u00dcMMEL\u00d6L BIO"},"content":{"rendered":"\n<h2 class=\"wp-block-heading\">SCHWARZK\u00dcMMEL\u00d6L BIO<\/h2>\n\n\n<p><a href=\"https:\/\/decoiris.ch\/wp-content\/uploads\/2019\/08\/grain-noir-Seitenbild.jpg\"><img loading=\"lazy\" decoding=\"async\" class=\"wp-image-24045 size-full alignleft\" src=\"https:\/\/decoiris.ch\/wp-content\/uploads\/2019\/08\/grain-noir-Seitenbild.jpg\" alt=\"\" width=\"450\" height=\"950\" srcset=\"https:\/\/bien-etreiris.ch\/wp-content\/uploads\/2019\/08\/grain-noir-Seitenbild.jpg 450w, https:\/\/bien-etreiris.ch\/wp-content\/uploads\/2019\/08\/grain-noir-Seitenbild-142x300.jpg 142w\" sizes=\"auto, (max-width: 450px) 100vw, 450px\" \/><\/a><\/p>\n<p><strong>Botanischer Name<\/strong><\/p>\n<p>Nigella sativa<\/p>\n<p><strong>beruhigend &amp; aufbauend <\/strong><\/p>\n<p>Das krautig-w\u00fcrzig duftende Schwarzk\u00fcmmel\u00f6l hat einen hohen Anteil an \u00e4therischen \u00d6len. Die mehrfach unges\u00e4ttigten Fetts\u00e4uren unterst\u00fctzen die Hautbarriere und erhalten so langfristig die Feuch\u00adt1gke1tsbalance. Die wertvolle Linols\u00e4ure ist verantwortlich f\u00fcr eine gesunde Struktur der Haut. Das wundersame Schwarzk\u00fcmmel\u00f6l hat eine positive Wirkung bei gereizter, zu Allergie neigender Haut.<\/p>\n<p><strong>Anwendung \u00e4usserlich <\/strong><\/p>\n<p>Schwarzk\u00fcmmel\u00f6l kann Gesichtsmasken und Haarkuren beigemengt werden. Mehrmals t\u00e4glich auf die gereizte Haut auftragen.<\/p>\n<p><strong>Herkunftsland<\/strong><\/p>\n<p>\u00c4gypten<\/p>\n<p><strong>Gewinnung<\/strong><\/p>\n<p>100% kaltgepresste Bio Samen (Nigella Sativa Seed Oil)<\/p>\n<p><strong>Preis<\/strong><\/p>\n<p>&nbsp;&nbsp; &nbsp; 75 ml&nbsp; CHF &nbsp; 17.00<\/p>\n<p>1000 ml&nbsp; CHF 140.00<\/p>\n<p>&nbsp;<\/p>\n<p>&nbsp;<\/p>\n<p>&nbsp;<\/p>\n<p>&nbsp;<\/p>\n<p>&nbsp;<\/p>\n<p>&nbsp;<\/p>\n<p>&nbsp;<\/p>\n<p>&nbsp;<\/p>\n<p>&nbsp;<\/p>\n<p>&nbsp;<\/p>\n<p>&nbsp;<\/p>\n\n\n<figure class=\"wp-block-embed-youtube wp-block-embed is-type-video is-provider-youtube wp-embed-aspect-16-9 wp-has-aspect-ratio\"><div class=\"wp-block-embed__wrapper\">\n<iframe loading=\"lazy\" title=\"Nigelle cultiv\u00e9e : probl\u00e8mes de glyc\u00e9mie, cholest\u00e9rol, asthme allergique\" width=\"604\" height=\"340\" src=\"https:\/\/www.youtube.com\/embed\/RF0CDiIqGfw?feature=oembed\" frameborder=\"0\" allow=\"accelerometer; autoplay; clipboard-write; encrypted-media; gyroscope; picture-in-picture; web-share\" referrerpolicy=\"strict-origin-when-cross-origin\" allowfullscreen><\/iframe>\n<\/div><\/figure>\n","protected":false},"excerpt":{"rendered":"<p>SCHWARZK\u00dcMMEL\u00d6L BIO Botanischer Name Nigella sativa beruhigend &amp; aufbauend Das krautig-w\u00fcrzig duftende Schwarzk\u00fcmmel\u00f6l hat einen hohen Anteil an \u00e4therischen \u00d6len. Die mehrfach unges\u00e4ttigten Fetts\u00e4uren unterst\u00fctzen die Hautbarriere und erhalten so langfristig die Feuch\u00adt1gke1tsbalance. Die wertvolle Linols\u00e4ure ist verantwortlich f\u00fcr eine gesunde Struktur der Haut. Das wundersame Schwarzk\u00fcmmel\u00f6l hat eine positive Wirkung bei gereizter, zu Allergie neigender Haut. Anwendung \u00e4usserlich Schwarzk\u00fcmmel\u00f6l&nbsp;<a href=\"https:\/\/bien-etreiris.ch\/de\/schwarzkuemmeloel-bio\/\" class=\"read-more\">Weiter lesen<\/a><\/p>\n","protected":false},"author":1,"featured_media":24044,"parent":0,"menu_order":7438,"comment_status":"closed","ping_status":"closed","template":"page-with-child.php","meta":{"_acf_changed":false,"ngg_post_thumbnail":0,"footnotes":""},"class_list":["post-24267","page","type-page","status-publish","has-post-thumbnail","hentry"],"acf":[],"yoast_head":"<!-- This site is optimized with the Yoast SEO plugin v27.5 - https:\/\/yoast.com\/product\/yoast-seo-wordpress\/ -->\n<title>SCHWARZK\u00dcMMEL\u00d6L BIO - WOHLBEFINDEN<\/title>\n<meta name=\"robots\" content=\"index, follow, max-snippet:-1, max-image-preview:large, max-video-preview:-1\" \/>\n<link rel=\"canonical\" href=\"https:\/\/bien-etreiris.ch\/de\/schwarzkuemmeloel-bio\/\" \/>\n<meta property=\"og:locale\" content=\"de_DE\" \/>\n<meta property=\"og:type\" content=\"article\" \/>\n<meta property=\"og:title\" content=\"SCHWARZK\u00dcMMEL\u00d6L BIO - WOHLBEFINDEN\" \/>\n<meta property=\"og:description\" content=\"SCHWARZK\u00dcMMEL\u00d6L BIO Botanischer Name Nigella sativa beruhigend &amp; aufbauend Das krautig-w\u00fcrzig duftende Schwarzk\u00fcmmel\u00f6l hat einen hohen Anteil an \u00e4therischen \u00d6len. Die mehrfach unges\u00e4ttigten Fetts\u00e4uren unterst\u00fctzen die Hautbarriere und erhalten so langfristig die Feuch\u00adt1gke1tsbalance. Die wertvolle Linols\u00e4ure ist verantwortlich f\u00fcr eine gesunde Struktur der Haut. Das wundersame Schwarzk\u00fcmmel\u00f6l hat eine positive Wirkung bei gereizter, zu Allergie neigender Haut. Anwendung \u00e4usserlich Schwarzk\u00fcmmel\u00f6l&nbsp;Weiter lesen\" \/>\n<meta property=\"og:url\" content=\"https:\/\/bien-etreiris.ch\/de\/schwarzkuemmeloel-bio\/\" \/>\n<meta property=\"og:site_name\" content=\"WOHLBEFINDEN\" \/>\n<meta property=\"article:publisher\" content=\"https:\/\/www.facebook.com\/bienetreiris\/\" \/>\n<meta property=\"article:modified_time\" content=\"2019-08-05T20:15:18+00:00\" \/>\n<meta property=\"og:image\" content=\"https:\/\/bien-etreiris.ch\/wp-content\/uploads\/2019\/08\/grain-noir.jpg\" \/>\n\t<meta property=\"og:image:width\" content=\"500\" \/>\n\t<meta property=\"og:image:height\" content=\"362\" \/>\n\t<meta property=\"og:image:type\" content=\"image\/jpeg\" \/>\n<meta name=\"twitter:label1\" content=\"Gesch\u00e4tzte Lesezeit\" \/>\n\t<meta name=\"twitter:data1\" content=\"1\u00a0Minute\" \/>\n<script type=\"application\/ld+json\" class=\"yoast-schema-graph\">{\"@context\":\"https:\\\/\\\/schema.org\",\"@graph\":[{\"@type\":\"WebPage\",\"@id\":\"https:\\\/\\\/bien-etreiris.ch\\\/de\\\/schwarzkuemmeloel-bio\\\/\",\"url\":\"https:\\\/\\\/bien-etreiris.ch\\\/de\\\/schwarzkuemmeloel-bio\\\/\",\"name\":\"SCHWARZK\u00dcMMEL\u00d6L BIO - WOHLBEFINDEN\",\"isPartOf\":{\"@id\":\"https:\\\/\\\/bien-etreiris.ch\\\/de\\\/#website\"},\"primaryImageOfPage\":{\"@id\":\"https:\\\/\\\/bien-etreiris.ch\\\/de\\\/schwarzkuemmeloel-bio\\\/#primaryimage\"},\"image\":{\"@id\":\"https:\\\/\\\/bien-etreiris.ch\\\/de\\\/schwarzkuemmeloel-bio\\\/#primaryimage\"},\"thumbnailUrl\":\"https:\\\/\\\/bien-etreiris.ch\\\/wp-content\\\/uploads\\\/2019\\\/08\\\/grain-noir.jpg\",\"datePublished\":\"2019-08-03T07:17:21+00:00\",\"dateModified\":\"2019-08-05T20:15:18+00:00\",\"breadcrumb\":{\"@id\":\"https:\\\/\\\/bien-etreiris.ch\\\/de\\\/schwarzkuemmeloel-bio\\\/#breadcrumb\"},\"inLanguage\":\"de\",\"potentialAction\":[{\"@type\":\"ReadAction\",\"target\":[\"https:\\\/\\\/bien-etreiris.ch\\\/de\\\/schwarzkuemmeloel-bio\\\/\"]}]},{\"@type\":\"ImageObject\",\"inLanguage\":\"de\",\"@id\":\"https:\\\/\\\/bien-etreiris.ch\\\/de\\\/schwarzkuemmeloel-bio\\\/#primaryimage\",\"url\":\"https:\\\/\\\/bien-etreiris.ch\\\/wp-content\\\/uploads\\\/2019\\\/08\\\/grain-noir.jpg\",\"contentUrl\":\"https:\\\/\\\/bien-etreiris.ch\\\/wp-content\\\/uploads\\\/2019\\\/08\\\/grain-noir.jpg\",\"width\":500,\"height\":362},{\"@type\":\"BreadcrumbList\",\"@id\":\"https:\\\/\\\/bien-etreiris.ch\\\/de\\\/schwarzkuemmeloel-bio\\\/#breadcrumb\",\"itemListElement\":[{\"@type\":\"ListItem\",\"position\":1,\"name\":\"Home\",\"item\":\"https:\\\/\\\/bien-etreiris.ch\\\/de\\\/\"},{\"@type\":\"ListItem\",\"position\":2,\"name\":\"SCHWARZK\u00dcMMEL\u00d6L BIO\"}]},{\"@type\":\"WebSite\",\"@id\":\"https:\\\/\\\/bien-etreiris.ch\\\/de\\\/#website\",\"url\":\"https:\\\/\\\/bien-etreiris.ch\\\/de\\\/\",\"name\":\"Bien-\u00eatre Iris\",\"description\":\"IHRE Gesundheit ist uns wichtig\",\"potentialAction\":[{\"@type\":\"SearchAction\",\"target\":{\"@type\":\"EntryPoint\",\"urlTemplate\":\"https:\\\/\\\/bien-etreiris.ch\\\/de\\\/?s={search_term_string}\"},\"query-input\":{\"@type\":\"PropertyValueSpecification\",\"valueRequired\":true,\"valueName\":\"search_term_string\"}}],\"inLanguage\":\"de\"}]}<\/script>\n<!-- \/ Yoast SEO plugin. -->","yoast_head_json":{"title":"SCHWARZK\u00dcMMEL\u00d6L BIO - WOHLBEFINDEN","robots":{"index":"index","follow":"follow","max-snippet":"max-snippet:-1","max-image-preview":"max-image-preview:large","max-video-preview":"max-video-preview:-1"},"canonical":"https:\/\/bien-etreiris.ch\/de\/schwarzkuemmeloel-bio\/","og_locale":"de_DE","og_type":"article","og_title":"SCHWARZK\u00dcMMEL\u00d6L BIO - WOHLBEFINDEN","og_description":"SCHWARZK\u00dcMMEL\u00d6L BIO Botanischer Name Nigella sativa beruhigend &amp; aufbauend Das krautig-w\u00fcrzig duftende Schwarzk\u00fcmmel\u00f6l hat einen hohen Anteil an \u00e4therischen \u00d6len. Die mehrfach unges\u00e4ttigten Fetts\u00e4uren unterst\u00fctzen die Hautbarriere und erhalten so langfristig die Feuch\u00adt1gke1tsbalance. Die wertvolle Linols\u00e4ure ist verantwortlich f\u00fcr eine gesunde Struktur der Haut. Das wundersame Schwarzk\u00fcmmel\u00f6l hat eine positive Wirkung bei gereizter, zu Allergie neigender Haut. Anwendung \u00e4usserlich Schwarzk\u00fcmmel\u00f6l&nbsp;Weiter lesen","og_url":"https:\/\/bien-etreiris.ch\/de\/schwarzkuemmeloel-bio\/","og_site_name":"WOHLBEFINDEN","article_publisher":"https:\/\/www.facebook.com\/bienetreiris\/","article_modified_time":"2019-08-05T20:15:18+00:00","og_image":[{"width":500,"height":362,"url":"https:\/\/bien-etreiris.ch\/wp-content\/uploads\/2019\/08\/grain-noir.jpg","type":"image\/jpeg"}],"twitter_misc":{"Gesch\u00e4tzte Lesezeit":"1\u00a0Minute"},"schema":{"@context":"https:\/\/schema.org","@graph":[{"@type":"WebPage","@id":"https:\/\/bien-etreiris.ch\/de\/schwarzkuemmeloel-bio\/","url":"https:\/\/bien-etreiris.ch\/de\/schwarzkuemmeloel-bio\/","name":"SCHWARZK\u00dcMMEL\u00d6L BIO - WOHLBEFINDEN","isPartOf":{"@id":"https:\/\/bien-etreiris.ch\/de\/#website"},"primaryImageOfPage":{"@id":"https:\/\/bien-etreiris.ch\/de\/schwarzkuemmeloel-bio\/#primaryimage"},"image":{"@id":"https:\/\/bien-etreiris.ch\/de\/schwarzkuemmeloel-bio\/#primaryimage"},"thumbnailUrl":"https:\/\/bien-etreiris.ch\/wp-content\/uploads\/2019\/08\/grain-noir.jpg","datePublished":"2019-08-03T07:17:21+00:00","dateModified":"2019-08-05T20:15:18+00:00","breadcrumb":{"@id":"https:\/\/bien-etreiris.ch\/de\/schwarzkuemmeloel-bio\/#breadcrumb"},"inLanguage":"de","potentialAction":[{"@type":"ReadAction","target":["https:\/\/bien-etreiris.ch\/de\/schwarzkuemmeloel-bio\/"]}]},{"@type":"ImageObject","inLanguage":"de","@id":"https:\/\/bien-etreiris.ch\/de\/schwarzkuemmeloel-bio\/#primaryimage","url":"https:\/\/bien-etreiris.ch\/wp-content\/uploads\/2019\/08\/grain-noir.jpg","contentUrl":"https:\/\/bien-etreiris.ch\/wp-content\/uploads\/2019\/08\/grain-noir.jpg","width":500,"height":362},{"@type":"BreadcrumbList","@id":"https:\/\/bien-etreiris.ch\/de\/schwarzkuemmeloel-bio\/#breadcrumb","itemListElement":[{"@type":"ListItem","position":1,"name":"Home","item":"https:\/\/bien-etreiris.ch\/de\/"},{"@type":"ListItem","position":2,"name":"SCHWARZK\u00dcMMEL\u00d6L BIO"}]},{"@type":"WebSite","@id":"https:\/\/bien-etreiris.ch\/de\/#website","url":"https:\/\/bien-etreiris.ch\/de\/","name":"Bien-\u00eatre Iris","description":"IHRE Gesundheit ist uns wichtig","potentialAction":[{"@type":"SearchAction","target":{"@type":"EntryPoint","urlTemplate":"https:\/\/bien-etreiris.ch\/de\/?s={search_term_string}"},"query-input":{"@type":"PropertyValueSpecification","valueRequired":true,"valueName":"search_term_string"}}],"inLanguage":"de"}]}},"_links":{"self":[{"href":"https:\/\/bien-etreiris.ch\/de\/wp-json\/wp\/v2\/pages\/24267","targetHints":{"allow":["GET"]}}],"collection":[{"href":"https:\/\/bien-etreiris.ch\/de\/wp-json\/wp\/v2\/pages"}],"about":[{"href":"https:\/\/bien-etreiris.ch\/de\/wp-json\/wp\/v2\/types\/page"}],"author":[{"embeddable":true,"href":"https:\/\/bien-etreiris.ch\/de\/wp-json\/wp\/v2\/users\/1"}],"replies":[{"embeddable":true,"href":"https:\/\/bien-etreiris.ch\/de\/wp-json\/wp\/v2\/comments?post=24267"}],"version-history":[{"count":4,"href":"https:\/\/bien-etreiris.ch\/de\/wp-json\/wp\/v2\/pages\/24267\/revisions"}],"predecessor-version":[{"id":24273,"href":"https:\/\/bien-etreiris.ch\/de\/wp-json\/wp\/v2\/pages\/24267\/revisions\/24273"}],"wp:featuredmedia":[{"embeddable":true,"href":"https:\/\/bien-etreiris.ch\/de\/wp-json\/wp\/v2\/media\/24044"}],"wp:attachment":[{"href":"https:\/\/bien-etreiris.ch\/de\/wp-json\/wp\/v2\/media?parent=24267"}],"curies":[{"name":"wp","href":"https:\/\/api.w.org\/{rel}","templated":true}]}}