{"id":24247,"date":"2019-08-03T07:43:39","date_gmt":"2019-08-03T07:43:39","guid":{"rendered":"https:\/\/bien-etreiris.ch\/noyau-dapricot-bio\/"},"modified":"2019-08-05T20:40:44","modified_gmt":"2019-08-05T20:40:44","slug":"aprikosenkernoel-bio","status":"publish","type":"page","link":"https:\/\/bien-etreiris.ch\/de\/aprikosenkernoel-bio\/","title":{"rendered":"APRIKOSENKERN\u00d6L BIO"},"content":{"rendered":"\n<h2 class=\"wp-block-heading\">APRIKOSENKERN\u00d6L BIO<\/h2>\n\n\n<p><a href=\"https:\/\/decoiris.ch\/wp-content\/uploads\/2019\/08\/huile-de-noix-dabricot-Seitenbild.jpg\"><img loading=\"lazy\" decoding=\"async\" class=\"wp-image-24063 size-full alignleft\" src=\"https:\/\/decoiris.ch\/wp-content\/uploads\/2019\/08\/huile-de-noix-dabricot-Seitenbild.jpg\" alt=\"\" width=\"450\" height=\"955\" srcset=\"https:\/\/bien-etreiris.ch\/wp-content\/uploads\/2019\/08\/huile-de-noix-dabricot-Seitenbild.jpg 450w, https:\/\/bien-etreiris.ch\/wp-content\/uploads\/2019\/08\/huile-de-noix-dabricot-Seitenbild-141x300.jpg 141w\" sizes=\"auto, (max-width: 450px) 100vw, 450px\" \/><\/a><\/p>\n<p><strong>Botanischer Name<\/strong><\/p>\n<p>Prunus armeniaca<\/p>\n<p><strong>N\u00e4hrend und regenerierend <\/strong><\/p>\n<p>Aprikosenkern\u00f6l enth\u00e4lt nebst einem hohen Anteil an unges\u00e4ttig\u00adten, essentiellen Fetts\u00e4uren wertvolles Vitamin E mit antioxidativer Wirkung. Es n\u00e4hrt, regeneriert, festigt die Haut und strafft das Gewebe. Es ist sehr gut vertr\u00e4glich, duftet angenehm leicht nach Marzipan und h\u00e4lt den Feuchtigkeitshaushalt in Balance. Empfind\u00adliche Baby- und Kinderhaut wird sanft gepflegt. Die Regeneration von rissiger und trockener Haut wird angeregt. Aprikosenkern\u00f6l revitalisiert und bringt fahle Haut zum Leuchten - die ideale Sch\u00f6n\u00adheitspflege f\u00fcr Gesicht und K\u00f6rper.<\/p>\n<p><strong>Besondere Inhaltsstoffe <\/strong><\/p>\n<p>Essenzielle, unges\u00e4ttigte Fette wie Linols\u00e4ure, Olein s\u00e4ure und Tocopherole zeichnen das \u00d6l aus. Vitamin E wirkt als wirksamer Radikalf\u00e4nger.<\/p>\n<p><strong>Anwendung \u00e4usserlich <\/strong><\/p>\n<p>Verw\u00f6hnt und pflegt jedes Gesicht, jede Haut und jedes Haar. Tipp: Um die Augenpartie d\u00fcnn auftragen, wirkt gegen Augenf\u00e4ltchen.<\/p>\n<p><strong>Herkunftsland <\/strong><\/p>\n<p>Spanien<\/p>\n<p><strong>Gewinnung<\/strong><\/p>\n<p>100% kaltgepresste Bio Aprikosenkerne (Prunus Armeniaca Kernel Oil)<\/p>\n<p><strong>Preis <\/strong><br>&nbsp;&nbsp;&nbsp; 75 ml CHF &nbsp;&nbsp;15.50<\/p>\n<p>&nbsp;&nbsp;500 ml CHF &nbsp;&nbsp;68.00<\/p>\n<p>1000 ml CHF 120.00<\/p>","protected":false},"excerpt":{"rendered":"<p>APRIKOSENKERN\u00d6L BIO Botanischer Name Prunus armeniaca N\u00e4hrend und regenerierend Aprikosenkern\u00f6l enth\u00e4lt nebst einem hohen Anteil an unges\u00e4ttig\u00adten, essentiellen Fetts\u00e4uren wertvolles Vitamin E mit antioxidativer Wirkung. Es n\u00e4hrt, regeneriert, festigt die Haut und strafft das Gewebe. Es ist sehr gut vertr\u00e4glich, duftet angenehm leicht nach Marzipan und h\u00e4lt den Feuchtigkeitshaushalt in Balance. Empfind\u00adliche Baby- und Kinderhaut wird sanft gepflegt. Die Regeneration&nbsp;<a href=\"https:\/\/bien-etreiris.ch\/de\/aprikosenkernoel-bio\/\" class=\"read-more\">Weiter lesen<\/a><\/p>\n","protected":false},"author":1,"featured_media":24068,"parent":0,"menu_order":7434,"comment_status":"closed","ping_status":"closed","template":"page-with-child.php","meta":{"_acf_changed":false,"ngg_post_thumbnail":0,"footnotes":""},"class_list":["post-24247","page","type-page","status-publish","has-post-thumbnail","hentry"],"acf":[],"yoast_head":"<!-- This site is optimized with the Yoast SEO plugin v27.5 - https:\/\/yoast.com\/product\/yoast-seo-wordpress\/ -->\n<title>APRIKOSENKERN\u00d6L BIO - WOHLBEFINDEN<\/title>\n<meta name=\"robots\" content=\"index, follow, max-snippet:-1, max-image-preview:large, max-video-preview:-1\" \/>\n<link rel=\"canonical\" href=\"https:\/\/bien-etreiris.ch\/de\/aprikosenkernoel-bio\/\" \/>\n<meta property=\"og:locale\" content=\"de_DE\" \/>\n<meta property=\"og:type\" content=\"article\" \/>\n<meta property=\"og:title\" content=\"APRIKOSENKERN\u00d6L BIO - WOHLBEFINDEN\" \/>\n<meta property=\"og:description\" content=\"APRIKOSENKERN\u00d6L BIO Botanischer Name Prunus armeniaca N\u00e4hrend und regenerierend Aprikosenkern\u00f6l enth\u00e4lt nebst einem hohen Anteil an unges\u00e4ttig\u00adten, essentiellen Fetts\u00e4uren wertvolles Vitamin E mit antioxidativer Wirkung. Es n\u00e4hrt, regeneriert, festigt die Haut und strafft das Gewebe. Es ist sehr gut vertr\u00e4glich, duftet angenehm leicht nach Marzipan und h\u00e4lt den Feuchtigkeitshaushalt in Balance. Empfind\u00adliche Baby- und Kinderhaut wird sanft gepflegt. Die Regeneration&nbsp;Weiter lesen\" \/>\n<meta property=\"og:url\" content=\"https:\/\/bien-etreiris.ch\/de\/aprikosenkernoel-bio\/\" \/>\n<meta property=\"og:site_name\" content=\"WOHLBEFINDEN\" \/>\n<meta property=\"article:publisher\" content=\"https:\/\/www.facebook.com\/bienetreiris\/\" \/>\n<meta property=\"article:modified_time\" content=\"2019-08-05T20:40:44+00:00\" \/>\n<meta property=\"og:image\" content=\"https:\/\/bien-etreiris.ch\/wp-content\/uploads\/2019\/08\/aprikosenkerne.jpg\" \/>\n\t<meta property=\"og:image:width\" content=\"360\" \/>\n\t<meta property=\"og:image:height\" content=\"240\" \/>\n\t<meta property=\"og:image:type\" content=\"image\/jpeg\" \/>\n<meta name=\"twitter:label1\" content=\"Gesch\u00e4tzte Lesezeit\" \/>\n\t<meta name=\"twitter:data1\" content=\"1\u00a0Minute\" \/>\n<script type=\"application\/ld+json\" class=\"yoast-schema-graph\">{\"@context\":\"https:\\\/\\\/schema.org\",\"@graph\":[{\"@type\":\"WebPage\",\"@id\":\"https:\\\/\\\/bien-etreiris.ch\\\/de\\\/aprikosenkernoel-bio\\\/\",\"url\":\"https:\\\/\\\/bien-etreiris.ch\\\/de\\\/aprikosenkernoel-bio\\\/\",\"name\":\"APRIKOSENKERN\u00d6L BIO - WOHLBEFINDEN\",\"isPartOf\":{\"@id\":\"https:\\\/\\\/bien-etreiris.ch\\\/de\\\/#website\"},\"primaryImageOfPage\":{\"@id\":\"https:\\\/\\\/bien-etreiris.ch\\\/de\\\/aprikosenkernoel-bio\\\/#primaryimage\"},\"image\":{\"@id\":\"https:\\\/\\\/bien-etreiris.ch\\\/de\\\/aprikosenkernoel-bio\\\/#primaryimage\"},\"thumbnailUrl\":\"https:\\\/\\\/bien-etreiris.ch\\\/wp-content\\\/uploads\\\/2019\\\/08\\\/aprikosenkerne.jpg\",\"datePublished\":\"2019-08-03T07:43:39+00:00\",\"dateModified\":\"2019-08-05T20:40:44+00:00\",\"breadcrumb\":{\"@id\":\"https:\\\/\\\/bien-etreiris.ch\\\/de\\\/aprikosenkernoel-bio\\\/#breadcrumb\"},\"inLanguage\":\"de\",\"potentialAction\":[{\"@type\":\"ReadAction\",\"target\":[\"https:\\\/\\\/bien-etreiris.ch\\\/de\\\/aprikosenkernoel-bio\\\/\"]}]},{\"@type\":\"ImageObject\",\"inLanguage\":\"de\",\"@id\":\"https:\\\/\\\/bien-etreiris.ch\\\/de\\\/aprikosenkernoel-bio\\\/#primaryimage\",\"url\":\"https:\\\/\\\/bien-etreiris.ch\\\/wp-content\\\/uploads\\\/2019\\\/08\\\/aprikosenkerne.jpg\",\"contentUrl\":\"https:\\\/\\\/bien-etreiris.ch\\\/wp-content\\\/uploads\\\/2019\\\/08\\\/aprikosenkerne.jpg\",\"width\":360,\"height\":240},{\"@type\":\"BreadcrumbList\",\"@id\":\"https:\\\/\\\/bien-etreiris.ch\\\/de\\\/aprikosenkernoel-bio\\\/#breadcrumb\",\"itemListElement\":[{\"@type\":\"ListItem\",\"position\":1,\"name\":\"Home\",\"item\":\"https:\\\/\\\/bien-etreiris.ch\\\/de\\\/\"},{\"@type\":\"ListItem\",\"position\":2,\"name\":\"APRIKOSENKERN\u00d6L BIO\"}]},{\"@type\":\"WebSite\",\"@id\":\"https:\\\/\\\/bien-etreiris.ch\\\/de\\\/#website\",\"url\":\"https:\\\/\\\/bien-etreiris.ch\\\/de\\\/\",\"name\":\"Bien-\u00eatre Iris\",\"description\":\"IHRE Gesundheit ist uns wichtig\",\"potentialAction\":[{\"@type\":\"SearchAction\",\"target\":{\"@type\":\"EntryPoint\",\"urlTemplate\":\"https:\\\/\\\/bien-etreiris.ch\\\/de\\\/?s={search_term_string}\"},\"query-input\":{\"@type\":\"PropertyValueSpecification\",\"valueRequired\":true,\"valueName\":\"search_term_string\"}}],\"inLanguage\":\"de\"}]}<\/script>\n<!-- \/ Yoast SEO plugin. -->","yoast_head_json":{"title":"APRIKOSENKERN\u00d6L BIO - WOHLBEFINDEN","robots":{"index":"index","follow":"follow","max-snippet":"max-snippet:-1","max-image-preview":"max-image-preview:large","max-video-preview":"max-video-preview:-1"},"canonical":"https:\/\/bien-etreiris.ch\/de\/aprikosenkernoel-bio\/","og_locale":"de_DE","og_type":"article","og_title":"APRIKOSENKERN\u00d6L BIO - WOHLBEFINDEN","og_description":"APRIKOSENKERN\u00d6L BIO Botanischer Name Prunus armeniaca N\u00e4hrend und regenerierend Aprikosenkern\u00f6l enth\u00e4lt nebst einem hohen Anteil an unges\u00e4ttig\u00adten, essentiellen Fetts\u00e4uren wertvolles Vitamin E mit antioxidativer Wirkung. Es n\u00e4hrt, regeneriert, festigt die Haut und strafft das Gewebe. Es ist sehr gut vertr\u00e4glich, duftet angenehm leicht nach Marzipan und h\u00e4lt den Feuchtigkeitshaushalt in Balance. Empfind\u00adliche Baby- und Kinderhaut wird sanft gepflegt. Die Regeneration&nbsp;Weiter lesen","og_url":"https:\/\/bien-etreiris.ch\/de\/aprikosenkernoel-bio\/","og_site_name":"WOHLBEFINDEN","article_publisher":"https:\/\/www.facebook.com\/bienetreiris\/","article_modified_time":"2019-08-05T20:40:44+00:00","og_image":[{"width":360,"height":240,"url":"https:\/\/bien-etreiris.ch\/wp-content\/uploads\/2019\/08\/aprikosenkerne.jpg","type":"image\/jpeg"}],"twitter_misc":{"Gesch\u00e4tzte Lesezeit":"1\u00a0Minute"},"schema":{"@context":"https:\/\/schema.org","@graph":[{"@type":"WebPage","@id":"https:\/\/bien-etreiris.ch\/de\/aprikosenkernoel-bio\/","url":"https:\/\/bien-etreiris.ch\/de\/aprikosenkernoel-bio\/","name":"APRIKOSENKERN\u00d6L BIO - WOHLBEFINDEN","isPartOf":{"@id":"https:\/\/bien-etreiris.ch\/de\/#website"},"primaryImageOfPage":{"@id":"https:\/\/bien-etreiris.ch\/de\/aprikosenkernoel-bio\/#primaryimage"},"image":{"@id":"https:\/\/bien-etreiris.ch\/de\/aprikosenkernoel-bio\/#primaryimage"},"thumbnailUrl":"https:\/\/bien-etreiris.ch\/wp-content\/uploads\/2019\/08\/aprikosenkerne.jpg","datePublished":"2019-08-03T07:43:39+00:00","dateModified":"2019-08-05T20:40:44+00:00","breadcrumb":{"@id":"https:\/\/bien-etreiris.ch\/de\/aprikosenkernoel-bio\/#breadcrumb"},"inLanguage":"de","potentialAction":[{"@type":"ReadAction","target":["https:\/\/bien-etreiris.ch\/de\/aprikosenkernoel-bio\/"]}]},{"@type":"ImageObject","inLanguage":"de","@id":"https:\/\/bien-etreiris.ch\/de\/aprikosenkernoel-bio\/#primaryimage","url":"https:\/\/bien-etreiris.ch\/wp-content\/uploads\/2019\/08\/aprikosenkerne.jpg","contentUrl":"https:\/\/bien-etreiris.ch\/wp-content\/uploads\/2019\/08\/aprikosenkerne.jpg","width":360,"height":240},{"@type":"BreadcrumbList","@id":"https:\/\/bien-etreiris.ch\/de\/aprikosenkernoel-bio\/#breadcrumb","itemListElement":[{"@type":"ListItem","position":1,"name":"Home","item":"https:\/\/bien-etreiris.ch\/de\/"},{"@type":"ListItem","position":2,"name":"APRIKOSENKERN\u00d6L BIO"}]},{"@type":"WebSite","@id":"https:\/\/bien-etreiris.ch\/de\/#website","url":"https:\/\/bien-etreiris.ch\/de\/","name":"Bien-\u00eatre Iris","description":"IHRE Gesundheit ist uns wichtig","potentialAction":[{"@type":"SearchAction","target":{"@type":"EntryPoint","urlTemplate":"https:\/\/bien-etreiris.ch\/de\/?s={search_term_string}"},"query-input":{"@type":"PropertyValueSpecification","valueRequired":true,"valueName":"search_term_string"}}],"inLanguage":"de"}]}},"_links":{"self":[{"href":"https:\/\/bien-etreiris.ch\/de\/wp-json\/wp\/v2\/pages\/24247","targetHints":{"allow":["GET"]}}],"collection":[{"href":"https:\/\/bien-etreiris.ch\/de\/wp-json\/wp\/v2\/pages"}],"about":[{"href":"https:\/\/bien-etreiris.ch\/de\/wp-json\/wp\/v2\/types\/page"}],"author":[{"embeddable":true,"href":"https:\/\/bien-etreiris.ch\/de\/wp-json\/wp\/v2\/users\/1"}],"replies":[{"embeddable":true,"href":"https:\/\/bien-etreiris.ch\/de\/wp-json\/wp\/v2\/comments?post=24247"}],"version-history":[{"count":2,"href":"https:\/\/bien-etreiris.ch\/de\/wp-json\/wp\/v2\/pages\/24247\/revisions"}],"predecessor-version":[{"id":24252,"href":"https:\/\/bien-etreiris.ch\/de\/wp-json\/wp\/v2\/pages\/24247\/revisions\/24252"}],"wp:featuredmedia":[{"embeddable":true,"href":"https:\/\/bien-etreiris.ch\/de\/wp-json\/wp\/v2\/media\/24068"}],"wp:attachment":[{"href":"https:\/\/bien-etreiris.ch\/de\/wp-json\/wp\/v2\/media?parent=24247"}],"curies":[{"name":"wp","href":"https:\/\/api.w.org\/{rel}","templated":true}]}}