{"id":23040,"date":"2019-07-23T05:10:01","date_gmt":"2019-07-23T05:10:01","guid":{"rendered":"https:\/\/bien-etreiris.ch\/?page_id=23040"},"modified":"2019-08-05T19:01:21","modified_gmt":"2019-08-05T19:01:21","slug":"hanfoel-bio","status":"publish","type":"page","link":"https:\/\/bien-etreiris.ch\/de\/hanfoel-bio\/","title":{"rendered":"HANF\u00d6L BIO"},"content":{"rendered":"\n<h2 class=\"wp-block-heading\">HANF\u00d6L BIO<\/h2>\n\n\n<p><a href=\"https:\/\/decoiris.ch\/wp-content\/uploads\/2019\/07\/lhuile-de-chanvre-seitenbild-2.jpg\"><img loading=\"lazy\" decoding=\"async\" class=\"wp-image-23036 size-full alignleft\" src=\"https:\/\/decoiris.ch\/wp-content\/uploads\/2019\/07\/lhuile-de-chanvre-seitenbild-2.jpg\" alt=\"\" width=\"450\" height=\"950\" srcset=\"https:\/\/bien-etreiris.ch\/wp-content\/uploads\/2019\/07\/lhuile-de-chanvre-seitenbild-2.jpg 450w, https:\/\/bien-etreiris.ch\/wp-content\/uploads\/2019\/07\/lhuile-de-chanvre-seitenbild-2-142x300.jpg 142w\" sizes=\"auto, (max-width: 450px) 100vw, 450px\" \/><\/a><\/p>\n<p><strong>Botanischer Name<\/strong><\/p>\n<p>Canabis sativa<\/p>\n<p><strong>beruhigend &amp; erneuernd<\/strong><\/p>\n<p>Hanfsamen\u00f6l besitzt die perfekte Komposition aus essentiellen Aminos\u00e4uren und wertvollen mehrfach unges\u00e4ttigten Fetts\u00e4uren (Linols\u00e4ure und Gammalinols\u00e4ure). Diese unterst\u00fctzen die Haut bei der Zellerneuerung, verz\u00f6gern den Hautalterungsprozess und lindern die Symptome gereizter Haut. Somit ist Hanf\u00f6l ein Segen f\u00fcr trockene, spr\u00f6de oder empfindliche Haut.<\/p>\n<p><strong>Besondere Inhaltsstoffe<\/strong><\/p>\n<p>Kaltgepresstes Hanf\u00f6l enth\u00e4lt wichtige bioaktive Substanzen, so genannte Fettbegleitstoffe: Pflanzenfarbstoffe, Aromastoffe, Vitamin B und E, Phytosterole, Spurenelemente und Carotionoide.<\/p>\n<p><strong>Anwendung \u00e4usserlich<\/strong><\/p>\n<p>Pflegt jede Haut und eignet sich vor allem f\u00fcr pflegebed\u00fcrftige, irritierte Haut.<\/p>\n<p><strong>Herkunftsland: <\/strong>Deutschland<\/p>\n<p><strong>Gewinnung: <\/strong>100% kaltgepresste Bio Hanfsamen (Cannabis Sativa (Hemp) Seed Oil)<\/p>\n<p><strong>Preis<\/strong><\/p>\n<p>&nbsp;&nbsp;&nbsp; 75 ml&nbsp;&nbsp; CHF 13.00<\/p>\n<p>1000 ml&nbsp;&nbsp; CHF 75.00<\/p>\n<p><strong>Interessant<\/strong><\/p>\n<p>Viele \u00d6lpflanzen ben\u00f6tigen Pestiziden und Herbiziden, um vor Unkraut gesch\u00fctzt zu werden. Das ist beim Hanfanbau nicht n\u00f6tig, denn diese Pflanze braucht diese Art von Schutz selbst beim konventionellen Anbau nicht. Die Hanfpflanze schafft es als eine der wenigen Nutzpflanzen, sich selbstst\u00e4ndig vor Unkraut-befall zu sch\u00fctzen. Sie ist extrem widerstandsf\u00e4hig.<\/p>\n<p>&nbsp;<\/p>","protected":false},"excerpt":{"rendered":"<p>HANF\u00d6L BIO Botanischer Name Canabis sativa beruhigend &amp; erneuernd Hanfsamen\u00f6l besitzt die perfekte Komposition aus essentiellen Aminos\u00e4uren und wertvollen mehrfach unges\u00e4ttigten Fetts\u00e4uren (Linols\u00e4ure und Gammalinols\u00e4ure). Diese unterst\u00fctzen die Haut bei der Zellerneuerung, verz\u00f6gern den Hautalterungsprozess und lindern die Symptome gereizter Haut. Somit ist Hanf\u00f6l ein Segen f\u00fcr trockene, spr\u00f6de oder empfindliche Haut. Besondere Inhaltsstoffe Kaltgepresstes Hanf\u00f6l enth\u00e4lt wichtige bioaktive Substanzen,&nbsp;<a href=\"https:\/\/bien-etreiris.ch\/de\/hanfoel-bio\/\" class=\"read-more\">Weiter lesen<\/a><\/p>\n","protected":false},"author":1,"featured_media":23035,"parent":0,"menu_order":7474,"comment_status":"closed","ping_status":"closed","template":"page-with-child.php","meta":{"_acf_changed":false,"ngg_post_thumbnail":0,"footnotes":""},"class_list":["post-23040","page","type-page","status-publish","has-post-thumbnail","hentry"],"acf":[],"yoast_head":"<!-- This site is optimized with the Yoast SEO plugin v27.5 - https:\/\/yoast.com\/product\/yoast-seo-wordpress\/ -->\n<title>HANF\u00d6L BIO - WOHLBEFINDEN<\/title>\n<meta name=\"robots\" content=\"index, follow, max-snippet:-1, max-image-preview:large, max-video-preview:-1\" \/>\n<link rel=\"canonical\" href=\"https:\/\/bien-etreiris.ch\/de\/hanfoel-bio\/\" \/>\n<meta property=\"og:locale\" content=\"de_DE\" \/>\n<meta property=\"og:type\" content=\"article\" \/>\n<meta property=\"og:title\" content=\"HANF\u00d6L BIO - WOHLBEFINDEN\" \/>\n<meta property=\"og:description\" content=\"HANF\u00d6L BIO Botanischer Name Canabis sativa beruhigend &amp; erneuernd Hanfsamen\u00f6l besitzt die perfekte Komposition aus essentiellen Aminos\u00e4uren und wertvollen mehrfach unges\u00e4ttigten Fetts\u00e4uren (Linols\u00e4ure und Gammalinols\u00e4ure). Diese unterst\u00fctzen die Haut bei der Zellerneuerung, verz\u00f6gern den Hautalterungsprozess und lindern die Symptome gereizter Haut. Somit ist Hanf\u00f6l ein Segen f\u00fcr trockene, spr\u00f6de oder empfindliche Haut. Besondere Inhaltsstoffe Kaltgepresstes Hanf\u00f6l enth\u00e4lt wichtige bioaktive Substanzen,&nbsp;Weiter lesen\" \/>\n<meta property=\"og:url\" content=\"https:\/\/bien-etreiris.ch\/de\/hanfoel-bio\/\" \/>\n<meta property=\"og:site_name\" content=\"WOHLBEFINDEN\" \/>\n<meta property=\"article:publisher\" content=\"https:\/\/www.facebook.com\/bienetreiris\/\" \/>\n<meta property=\"article:modified_time\" content=\"2019-08-05T19:01:21+00:00\" \/>\n<meta property=\"og:image\" content=\"https:\/\/bien-etreiris.ch\/wp-content\/uploads\/2019\/07\/titel-chanvre.jpg\" \/>\n\t<meta property=\"og:image:width\" content=\"550\" \/>\n\t<meta property=\"og:image:height\" content=\"367\" \/>\n\t<meta property=\"og:image:type\" content=\"image\/jpeg\" \/>\n<meta name=\"twitter:label1\" content=\"Gesch\u00e4tzte Lesezeit\" \/>\n\t<meta name=\"twitter:data1\" content=\"1\u00a0Minute\" \/>\n<script type=\"application\/ld+json\" class=\"yoast-schema-graph\">{\"@context\":\"https:\\\/\\\/schema.org\",\"@graph\":[{\"@type\":\"WebPage\",\"@id\":\"https:\\\/\\\/bien-etreiris.ch\\\/de\\\/hanfoel-bio\\\/\",\"url\":\"https:\\\/\\\/bien-etreiris.ch\\\/de\\\/hanfoel-bio\\\/\",\"name\":\"HANF\u00d6L BIO - WOHLBEFINDEN\",\"isPartOf\":{\"@id\":\"https:\\\/\\\/bien-etreiris.ch\\\/de\\\/#website\"},\"primaryImageOfPage\":{\"@id\":\"https:\\\/\\\/bien-etreiris.ch\\\/de\\\/hanfoel-bio\\\/#primaryimage\"},\"image\":{\"@id\":\"https:\\\/\\\/bien-etreiris.ch\\\/de\\\/hanfoel-bio\\\/#primaryimage\"},\"thumbnailUrl\":\"https:\\\/\\\/bien-etreiris.ch\\\/wp-content\\\/uploads\\\/2019\\\/07\\\/titel-chanvre.jpg\",\"datePublished\":\"2019-07-23T05:10:01+00:00\",\"dateModified\":\"2019-08-05T19:01:21+00:00\",\"breadcrumb\":{\"@id\":\"https:\\\/\\\/bien-etreiris.ch\\\/de\\\/hanfoel-bio\\\/#breadcrumb\"},\"inLanguage\":\"de\",\"potentialAction\":[{\"@type\":\"ReadAction\",\"target\":[\"https:\\\/\\\/bien-etreiris.ch\\\/de\\\/hanfoel-bio\\\/\"]}]},{\"@type\":\"ImageObject\",\"inLanguage\":\"de\",\"@id\":\"https:\\\/\\\/bien-etreiris.ch\\\/de\\\/hanfoel-bio\\\/#primaryimage\",\"url\":\"https:\\\/\\\/bien-etreiris.ch\\\/wp-content\\\/uploads\\\/2019\\\/07\\\/titel-chanvre.jpg\",\"contentUrl\":\"https:\\\/\\\/bien-etreiris.ch\\\/wp-content\\\/uploads\\\/2019\\\/07\\\/titel-chanvre.jpg\",\"width\":550,\"height\":367},{\"@type\":\"BreadcrumbList\",\"@id\":\"https:\\\/\\\/bien-etreiris.ch\\\/de\\\/hanfoel-bio\\\/#breadcrumb\",\"itemListElement\":[{\"@type\":\"ListItem\",\"position\":1,\"name\":\"Home\",\"item\":\"https:\\\/\\\/bien-etreiris.ch\\\/de\\\/\"},{\"@type\":\"ListItem\",\"position\":2,\"name\":\"HANF\u00d6L BIO\"}]},{\"@type\":\"WebSite\",\"@id\":\"https:\\\/\\\/bien-etreiris.ch\\\/de\\\/#website\",\"url\":\"https:\\\/\\\/bien-etreiris.ch\\\/de\\\/\",\"name\":\"Bien-\u00eatre Iris\",\"description\":\"IHRE Gesundheit ist uns wichtig\",\"potentialAction\":[{\"@type\":\"SearchAction\",\"target\":{\"@type\":\"EntryPoint\",\"urlTemplate\":\"https:\\\/\\\/bien-etreiris.ch\\\/de\\\/?s={search_term_string}\"},\"query-input\":{\"@type\":\"PropertyValueSpecification\",\"valueRequired\":true,\"valueName\":\"search_term_string\"}}],\"inLanguage\":\"de\"}]}<\/script>\n<!-- \/ Yoast SEO plugin. -->","yoast_head_json":{"title":"HANF\u00d6L BIO - WOHLBEFINDEN","robots":{"index":"index","follow":"follow","max-snippet":"max-snippet:-1","max-image-preview":"max-image-preview:large","max-video-preview":"max-video-preview:-1"},"canonical":"https:\/\/bien-etreiris.ch\/de\/hanfoel-bio\/","og_locale":"de_DE","og_type":"article","og_title":"HANF\u00d6L BIO - WOHLBEFINDEN","og_description":"HANF\u00d6L BIO Botanischer Name Canabis sativa beruhigend &amp; erneuernd Hanfsamen\u00f6l besitzt die perfekte Komposition aus essentiellen Aminos\u00e4uren und wertvollen mehrfach unges\u00e4ttigten Fetts\u00e4uren (Linols\u00e4ure und Gammalinols\u00e4ure). Diese unterst\u00fctzen die Haut bei der Zellerneuerung, verz\u00f6gern den Hautalterungsprozess und lindern die Symptome gereizter Haut. Somit ist Hanf\u00f6l ein Segen f\u00fcr trockene, spr\u00f6de oder empfindliche Haut. Besondere Inhaltsstoffe Kaltgepresstes Hanf\u00f6l enth\u00e4lt wichtige bioaktive Substanzen,&nbsp;Weiter lesen","og_url":"https:\/\/bien-etreiris.ch\/de\/hanfoel-bio\/","og_site_name":"WOHLBEFINDEN","article_publisher":"https:\/\/www.facebook.com\/bienetreiris\/","article_modified_time":"2019-08-05T19:01:21+00:00","og_image":[{"width":550,"height":367,"url":"https:\/\/bien-etreiris.ch\/wp-content\/uploads\/2019\/07\/titel-chanvre.jpg","type":"image\/jpeg"}],"twitter_misc":{"Gesch\u00e4tzte Lesezeit":"1\u00a0Minute"},"schema":{"@context":"https:\/\/schema.org","@graph":[{"@type":"WebPage","@id":"https:\/\/bien-etreiris.ch\/de\/hanfoel-bio\/","url":"https:\/\/bien-etreiris.ch\/de\/hanfoel-bio\/","name":"HANF\u00d6L BIO - WOHLBEFINDEN","isPartOf":{"@id":"https:\/\/bien-etreiris.ch\/de\/#website"},"primaryImageOfPage":{"@id":"https:\/\/bien-etreiris.ch\/de\/hanfoel-bio\/#primaryimage"},"image":{"@id":"https:\/\/bien-etreiris.ch\/de\/hanfoel-bio\/#primaryimage"},"thumbnailUrl":"https:\/\/bien-etreiris.ch\/wp-content\/uploads\/2019\/07\/titel-chanvre.jpg","datePublished":"2019-07-23T05:10:01+00:00","dateModified":"2019-08-05T19:01:21+00:00","breadcrumb":{"@id":"https:\/\/bien-etreiris.ch\/de\/hanfoel-bio\/#breadcrumb"},"inLanguage":"de","potentialAction":[{"@type":"ReadAction","target":["https:\/\/bien-etreiris.ch\/de\/hanfoel-bio\/"]}]},{"@type":"ImageObject","inLanguage":"de","@id":"https:\/\/bien-etreiris.ch\/de\/hanfoel-bio\/#primaryimage","url":"https:\/\/bien-etreiris.ch\/wp-content\/uploads\/2019\/07\/titel-chanvre.jpg","contentUrl":"https:\/\/bien-etreiris.ch\/wp-content\/uploads\/2019\/07\/titel-chanvre.jpg","width":550,"height":367},{"@type":"BreadcrumbList","@id":"https:\/\/bien-etreiris.ch\/de\/hanfoel-bio\/#breadcrumb","itemListElement":[{"@type":"ListItem","position":1,"name":"Home","item":"https:\/\/bien-etreiris.ch\/de\/"},{"@type":"ListItem","position":2,"name":"HANF\u00d6L BIO"}]},{"@type":"WebSite","@id":"https:\/\/bien-etreiris.ch\/de\/#website","url":"https:\/\/bien-etreiris.ch\/de\/","name":"Bien-\u00eatre Iris","description":"IHRE Gesundheit ist uns wichtig","potentialAction":[{"@type":"SearchAction","target":{"@type":"EntryPoint","urlTemplate":"https:\/\/bien-etreiris.ch\/de\/?s={search_term_string}"},"query-input":{"@type":"PropertyValueSpecification","valueRequired":true,"valueName":"search_term_string"}}],"inLanguage":"de"}]}},"_links":{"self":[{"href":"https:\/\/bien-etreiris.ch\/de\/wp-json\/wp\/v2\/pages\/23040","targetHints":{"allow":["GET"]}}],"collection":[{"href":"https:\/\/bien-etreiris.ch\/de\/wp-json\/wp\/v2\/pages"}],"about":[{"href":"https:\/\/bien-etreiris.ch\/de\/wp-json\/wp\/v2\/types\/page"}],"author":[{"embeddable":true,"href":"https:\/\/bien-etreiris.ch\/de\/wp-json\/wp\/v2\/users\/1"}],"replies":[{"embeddable":true,"href":"https:\/\/bien-etreiris.ch\/de\/wp-json\/wp\/v2\/comments?post=23040"}],"version-history":[{"count":5,"href":"https:\/\/bien-etreiris.ch\/de\/wp-json\/wp\/v2\/pages\/23040\/revisions"}],"predecessor-version":[{"id":24258,"href":"https:\/\/bien-etreiris.ch\/de\/wp-json\/wp\/v2\/pages\/23040\/revisions\/24258"}],"wp:featuredmedia":[{"embeddable":true,"href":"https:\/\/bien-etreiris.ch\/de\/wp-json\/wp\/v2\/media\/23035"}],"wp:attachment":[{"href":"https:\/\/bien-etreiris.ch\/de\/wp-json\/wp\/v2\/media?parent=23040"}],"curies":[{"name":"wp","href":"https:\/\/api.w.org\/{rel}","templated":true}]}}