{"id":23027,"date":"2019-07-23T04:40:21","date_gmt":"2019-07-23T04:40:21","guid":{"rendered":"https:\/\/bien-etreiris.ch\/?page_id=23027"},"modified":"2019-08-05T19:54:35","modified_gmt":"2019-08-05T19:54:35","slug":"ringelblumenoel-bio","status":"publish","type":"page","link":"https:\/\/bien-etreiris.ch\/de\/ringelblumenoel-bio\/","title":{"rendered":"RINGELBLUMEN\u00d6L BIO"},"content":{"rendered":"\n<h2 class=\"wp-block-heading\">RINGELBLUMEN\u00d6L BIO<\/h2>\n\n\n<p><a href=\"https:\/\/decoiris.ch\/wp-content\/uploads\/2019\/07\/l^hulie-de-calendula-Seitenbild.jpg\"><img loading=\"lazy\" decoding=\"async\" class=\"wp-image-23022 size-full alignleft\" src=\"https:\/\/decoiris.ch\/wp-content\/uploads\/2019\/07\/l^hulie-de-calendula-Seitenbild.jpg\" alt=\"\" width=\"450\" height=\"950\" srcset=\"https:\/\/bien-etreiris.ch\/wp-content\/uploads\/2019\/07\/l^hulie-de-calendula-Seitenbild.jpg 450w, https:\/\/bien-etreiris.ch\/wp-content\/uploads\/2019\/07\/l^hulie-de-calendula-Seitenbild-142x300.jpg 142w\" sizes=\"auto, (max-width: 450px) 100vw, 450px\" \/><\/a><\/p>\n<p><strong>Botanischer Name<\/strong><\/p>\n<p>Calendula officinals<\/p>\n<p>&nbsp;<\/p>\n<p><strong>Ausgleichend und beruhigend <\/strong><\/p>\n<p>Ringelblumen- oder Calendula\u00f6l bringt fahle Haut zum Leuchten. Der Alles-K\u00f6nner regeneriert, aktiviert den Hautstoffwechsel, pflegt und sch\u00fctzt empfindliche, trockene Haut. Das \u00d6l unterst\u00fctzt jugendliche Problemzonen und ver\u00e4ndert in der S\u00e4uglings- und Alterspflege irritierte Hautverh\u00e4ltnisse positiv. Strapazierte, sonnengesch\u00e4digte oder sogar rissige Haut erh\u00e4lt durch Ringelblumen\u00f6l Linderung.<\/p>\n<p><strong>Besondere Inhaltsstoffe <\/strong><\/p>\n<p>Die Ringelblumenbl\u00fcte enth\u00e4lt Carotinoide, \u00e4therisches \u00d6l, Bitterstoffe und weitere wertvolle Wirkstoffe. Die Bl\u00fcten eingelegt und ausgezogen in wertvollem Bio-Oliven\u00f6l verleiht dem \u00d6l die goldgelbe Farbe.<\/p>\n<p><strong>Anwendung \u00e4usserlich <\/strong><\/p>\n<p>Als Pflege- oder Massage\u00f6l den Bed\u00fcrfnissen der Haut entsprechend auftragen und wirken lassen.<\/p>\n<p><strong>Herkunftsland<\/strong><\/p>\n<p>Frankreich<\/p>\n<p><strong>Gewinnung<\/strong><\/p>\n<p><strong>Mazeration von: Olea Europea (Olive) Fruit Oil, Calendula Officinalis Flower Extract <\/strong><\/p>\n<p><strong>Preis<\/strong><br>&nbsp;&nbsp;&nbsp; 75 ml CHF &nbsp;&nbsp; 17.00<\/p>\n<p>1000 ml CHF 120.00<\/p>\n<p>&nbsp;<\/p>\n<p><strong>Interessant<\/strong><\/p>\n<p>Mazeration: Handgepfl\u00fcckte Ringelblumen werden frisch in Bio-Oliven\u00f6l eingelegt und in der Glasflasche w\u00e4hrend drei Wochen am Sonnenlicht gelagert. Das \u00d6l zieht die Wirkstoffe aus den Bl\u00fcten und f\u00e4rbt sich goldgelb. Die Ringelblume ist als Heilpflanze seit langem bekannt, das erkl\u00e4rt auch die Beliebtheit der Ringelblumensalbe.<\/p>\n<p><strong>&nbsp;<\/strong><\/p>\n<p>&nbsp;<\/p>","protected":false},"excerpt":{"rendered":"<p>RINGELBLUMEN\u00d6L BIO Botanischer Name Calendula officinals &nbsp; Ausgleichend und beruhigend Ringelblumen- oder Calendula\u00f6l bringt fahle Haut zum Leuchten. Der Alles-K\u00f6nner regeneriert, aktiviert den Hautstoffwechsel, pflegt und sch\u00fctzt empfindliche, trockene Haut. Das \u00d6l unterst\u00fctzt jugendliche Problemzonen und ver\u00e4ndert in der S\u00e4uglings- und Alterspflege irritierte Hautverh\u00e4ltnisse positiv. Strapazierte, sonnengesch\u00e4digte oder sogar rissige Haut erh\u00e4lt durch Ringelblumen\u00f6l Linderung. Besondere Inhaltsstoffe Die Ringelblumenbl\u00fcte enth\u00e4lt&nbsp;<a href=\"https:\/\/bien-etreiris.ch\/de\/ringelblumenoel-bio\/\" class=\"read-more\">Weiter lesen<\/a><\/p>\n","protected":false},"author":1,"featured_media":23021,"parent":0,"menu_order":7476,"comment_status":"closed","ping_status":"closed","template":"page-with-child.php","meta":{"_acf_changed":false,"ngg_post_thumbnail":0,"footnotes":""},"class_list":["post-23027","page","type-page","status-publish","has-post-thumbnail","hentry"],"acf":[],"yoast_head":"<!-- This site is optimized with the Yoast SEO plugin v27.5 - https:\/\/yoast.com\/product\/yoast-seo-wordpress\/ -->\n<title>RINGELBLUMEN\u00d6L BIO - WOHLBEFINDEN<\/title>\n<meta name=\"robots\" content=\"index, follow, max-snippet:-1, max-image-preview:large, max-video-preview:-1\" \/>\n<link rel=\"canonical\" href=\"https:\/\/bien-etreiris.ch\/de\/ringelblumenoel-bio\/\" \/>\n<meta property=\"og:locale\" content=\"de_DE\" \/>\n<meta property=\"og:type\" content=\"article\" \/>\n<meta property=\"og:title\" content=\"RINGELBLUMEN\u00d6L BIO - WOHLBEFINDEN\" \/>\n<meta property=\"og:description\" content=\"RINGELBLUMEN\u00d6L BIO Botanischer Name Calendula officinals &nbsp; Ausgleichend und beruhigend Ringelblumen- oder Calendula\u00f6l bringt fahle Haut zum Leuchten. Der Alles-K\u00f6nner regeneriert, aktiviert den Hautstoffwechsel, pflegt und sch\u00fctzt empfindliche, trockene Haut. Das \u00d6l unterst\u00fctzt jugendliche Problemzonen und ver\u00e4ndert in der S\u00e4uglings- und Alterspflege irritierte Hautverh\u00e4ltnisse positiv. Strapazierte, sonnengesch\u00e4digte oder sogar rissige Haut erh\u00e4lt durch Ringelblumen\u00f6l Linderung. Besondere Inhaltsstoffe Die Ringelblumenbl\u00fcte enth\u00e4lt&nbsp;Weiter lesen\" \/>\n<meta property=\"og:url\" content=\"https:\/\/bien-etreiris.ch\/de\/ringelblumenoel-bio\/\" \/>\n<meta property=\"og:site_name\" content=\"WOHLBEFINDEN\" \/>\n<meta property=\"article:publisher\" content=\"https:\/\/www.facebook.com\/bienetreiris\/\" \/>\n<meta property=\"article:modified_time\" content=\"2019-08-05T19:54:35+00:00\" \/>\n<meta property=\"og:image\" content=\"https:\/\/bien-etreiris.ch\/wp-content\/uploads\/2019\/07\/titel-calendula.jpg\" \/>\n\t<meta property=\"og:image:width\" content=\"360\" \/>\n\t<meta property=\"og:image:height\" content=\"240\" \/>\n\t<meta property=\"og:image:type\" content=\"image\/jpeg\" \/>\n<meta name=\"twitter:label1\" content=\"Gesch\u00e4tzte Lesezeit\" \/>\n\t<meta name=\"twitter:data1\" content=\"1\u00a0Minute\" \/>\n<script type=\"application\/ld+json\" class=\"yoast-schema-graph\">{\"@context\":\"https:\\\/\\\/schema.org\",\"@graph\":[{\"@type\":\"WebPage\",\"@id\":\"https:\\\/\\\/bien-etreiris.ch\\\/de\\\/ringelblumenoel-bio\\\/\",\"url\":\"https:\\\/\\\/bien-etreiris.ch\\\/de\\\/ringelblumenoel-bio\\\/\",\"name\":\"RINGELBLUMEN\u00d6L BIO - WOHLBEFINDEN\",\"isPartOf\":{\"@id\":\"https:\\\/\\\/bien-etreiris.ch\\\/de\\\/#website\"},\"primaryImageOfPage\":{\"@id\":\"https:\\\/\\\/bien-etreiris.ch\\\/de\\\/ringelblumenoel-bio\\\/#primaryimage\"},\"image\":{\"@id\":\"https:\\\/\\\/bien-etreiris.ch\\\/de\\\/ringelblumenoel-bio\\\/#primaryimage\"},\"thumbnailUrl\":\"https:\\\/\\\/bien-etreiris.ch\\\/wp-content\\\/uploads\\\/2019\\\/07\\\/titel-calendula.jpg\",\"datePublished\":\"2019-07-23T04:40:21+00:00\",\"dateModified\":\"2019-08-05T19:54:35+00:00\",\"breadcrumb\":{\"@id\":\"https:\\\/\\\/bien-etreiris.ch\\\/de\\\/ringelblumenoel-bio\\\/#breadcrumb\"},\"inLanguage\":\"de\",\"potentialAction\":[{\"@type\":\"ReadAction\",\"target\":[\"https:\\\/\\\/bien-etreiris.ch\\\/de\\\/ringelblumenoel-bio\\\/\"]}]},{\"@type\":\"ImageObject\",\"inLanguage\":\"de\",\"@id\":\"https:\\\/\\\/bien-etreiris.ch\\\/de\\\/ringelblumenoel-bio\\\/#primaryimage\",\"url\":\"https:\\\/\\\/bien-etreiris.ch\\\/wp-content\\\/uploads\\\/2019\\\/07\\\/titel-calendula.jpg\",\"contentUrl\":\"https:\\\/\\\/bien-etreiris.ch\\\/wp-content\\\/uploads\\\/2019\\\/07\\\/titel-calendula.jpg\",\"width\":360,\"height\":240},{\"@type\":\"BreadcrumbList\",\"@id\":\"https:\\\/\\\/bien-etreiris.ch\\\/de\\\/ringelblumenoel-bio\\\/#breadcrumb\",\"itemListElement\":[{\"@type\":\"ListItem\",\"position\":1,\"name\":\"Home\",\"item\":\"https:\\\/\\\/bien-etreiris.ch\\\/de\\\/\"},{\"@type\":\"ListItem\",\"position\":2,\"name\":\"RINGELBLUMEN\u00d6L BIO\"}]},{\"@type\":\"WebSite\",\"@id\":\"https:\\\/\\\/bien-etreiris.ch\\\/de\\\/#website\",\"url\":\"https:\\\/\\\/bien-etreiris.ch\\\/de\\\/\",\"name\":\"Bien-\u00eatre Iris\",\"description\":\"IHRE Gesundheit ist uns wichtig\",\"potentialAction\":[{\"@type\":\"SearchAction\",\"target\":{\"@type\":\"EntryPoint\",\"urlTemplate\":\"https:\\\/\\\/bien-etreiris.ch\\\/de\\\/?s={search_term_string}\"},\"query-input\":{\"@type\":\"PropertyValueSpecification\",\"valueRequired\":true,\"valueName\":\"search_term_string\"}}],\"inLanguage\":\"de\"}]}<\/script>\n<!-- \/ Yoast SEO plugin. -->","yoast_head_json":{"title":"RINGELBLUMEN\u00d6L BIO - WOHLBEFINDEN","robots":{"index":"index","follow":"follow","max-snippet":"max-snippet:-1","max-image-preview":"max-image-preview:large","max-video-preview":"max-video-preview:-1"},"canonical":"https:\/\/bien-etreiris.ch\/de\/ringelblumenoel-bio\/","og_locale":"de_DE","og_type":"article","og_title":"RINGELBLUMEN\u00d6L BIO - WOHLBEFINDEN","og_description":"RINGELBLUMEN\u00d6L BIO Botanischer Name Calendula officinals &nbsp; Ausgleichend und beruhigend Ringelblumen- oder Calendula\u00f6l bringt fahle Haut zum Leuchten. Der Alles-K\u00f6nner regeneriert, aktiviert den Hautstoffwechsel, pflegt und sch\u00fctzt empfindliche, trockene Haut. Das \u00d6l unterst\u00fctzt jugendliche Problemzonen und ver\u00e4ndert in der S\u00e4uglings- und Alterspflege irritierte Hautverh\u00e4ltnisse positiv. Strapazierte, sonnengesch\u00e4digte oder sogar rissige Haut erh\u00e4lt durch Ringelblumen\u00f6l Linderung. Besondere Inhaltsstoffe Die Ringelblumenbl\u00fcte enth\u00e4lt&nbsp;Weiter lesen","og_url":"https:\/\/bien-etreiris.ch\/de\/ringelblumenoel-bio\/","og_site_name":"WOHLBEFINDEN","article_publisher":"https:\/\/www.facebook.com\/bienetreiris\/","article_modified_time":"2019-08-05T19:54:35+00:00","og_image":[{"width":360,"height":240,"url":"https:\/\/bien-etreiris.ch\/wp-content\/uploads\/2019\/07\/titel-calendula.jpg","type":"image\/jpeg"}],"twitter_misc":{"Gesch\u00e4tzte Lesezeit":"1\u00a0Minute"},"schema":{"@context":"https:\/\/schema.org","@graph":[{"@type":"WebPage","@id":"https:\/\/bien-etreiris.ch\/de\/ringelblumenoel-bio\/","url":"https:\/\/bien-etreiris.ch\/de\/ringelblumenoel-bio\/","name":"RINGELBLUMEN\u00d6L BIO - WOHLBEFINDEN","isPartOf":{"@id":"https:\/\/bien-etreiris.ch\/de\/#website"},"primaryImageOfPage":{"@id":"https:\/\/bien-etreiris.ch\/de\/ringelblumenoel-bio\/#primaryimage"},"image":{"@id":"https:\/\/bien-etreiris.ch\/de\/ringelblumenoel-bio\/#primaryimage"},"thumbnailUrl":"https:\/\/bien-etreiris.ch\/wp-content\/uploads\/2019\/07\/titel-calendula.jpg","datePublished":"2019-07-23T04:40:21+00:00","dateModified":"2019-08-05T19:54:35+00:00","breadcrumb":{"@id":"https:\/\/bien-etreiris.ch\/de\/ringelblumenoel-bio\/#breadcrumb"},"inLanguage":"de","potentialAction":[{"@type":"ReadAction","target":["https:\/\/bien-etreiris.ch\/de\/ringelblumenoel-bio\/"]}]},{"@type":"ImageObject","inLanguage":"de","@id":"https:\/\/bien-etreiris.ch\/de\/ringelblumenoel-bio\/#primaryimage","url":"https:\/\/bien-etreiris.ch\/wp-content\/uploads\/2019\/07\/titel-calendula.jpg","contentUrl":"https:\/\/bien-etreiris.ch\/wp-content\/uploads\/2019\/07\/titel-calendula.jpg","width":360,"height":240},{"@type":"BreadcrumbList","@id":"https:\/\/bien-etreiris.ch\/de\/ringelblumenoel-bio\/#breadcrumb","itemListElement":[{"@type":"ListItem","position":1,"name":"Home","item":"https:\/\/bien-etreiris.ch\/de\/"},{"@type":"ListItem","position":2,"name":"RINGELBLUMEN\u00d6L BIO"}]},{"@type":"WebSite","@id":"https:\/\/bien-etreiris.ch\/de\/#website","url":"https:\/\/bien-etreiris.ch\/de\/","name":"Bien-\u00eatre Iris","description":"IHRE Gesundheit ist uns wichtig","potentialAction":[{"@type":"SearchAction","target":{"@type":"EntryPoint","urlTemplate":"https:\/\/bien-etreiris.ch\/de\/?s={search_term_string}"},"query-input":{"@type":"PropertyValueSpecification","valueRequired":true,"valueName":"search_term_string"}}],"inLanguage":"de"}]}},"_links":{"self":[{"href":"https:\/\/bien-etreiris.ch\/de\/wp-json\/wp\/v2\/pages\/23027","targetHints":{"allow":["GET"]}}],"collection":[{"href":"https:\/\/bien-etreiris.ch\/de\/wp-json\/wp\/v2\/pages"}],"about":[{"href":"https:\/\/bien-etreiris.ch\/de\/wp-json\/wp\/v2\/types\/page"}],"author":[{"embeddable":true,"href":"https:\/\/bien-etreiris.ch\/de\/wp-json\/wp\/v2\/users\/1"}],"replies":[{"embeddable":true,"href":"https:\/\/bien-etreiris.ch\/de\/wp-json\/wp\/v2\/comments?post=23027"}],"version-history":[{"count":5,"href":"https:\/\/bien-etreiris.ch\/de\/wp-json\/wp\/v2\/pages\/23027\/revisions"}],"predecessor-version":[{"id":24265,"href":"https:\/\/bien-etreiris.ch\/de\/wp-json\/wp\/v2\/pages\/23027\/revisions\/24265"}],"wp:featuredmedia":[{"embeddable":true,"href":"https:\/\/bien-etreiris.ch\/de\/wp-json\/wp\/v2\/media\/23021"}],"wp:attachment":[{"href":"https:\/\/bien-etreiris.ch\/de\/wp-json\/wp\/v2\/media?parent=23027"}],"curies":[{"name":"wp","href":"https:\/\/api.w.org\/{rel}","templated":true}]}}