{"id":23010,"date":"2019-07-22T05:38:56","date_gmt":"2019-07-22T05:38:56","guid":{"rendered":"https:\/\/bien-etreiris.ch\/amande-douce\/"},"modified":"2019-08-05T19:06:55","modified_gmt":"2019-08-05T19:06:55","slug":"mandeloel-bio","status":"publish","type":"page","link":"https:\/\/bien-etreiris.ch\/de\/mandeloel-bio\/","title":{"rendered":"MANDEL\u00d6L BIO"},"content":{"rendered":"\n<h2 class=\"wp-block-heading\">MANDEL\u00d6L BIO<\/h2>\n\n\n<p><a href=\"https:\/\/decoiris.ch\/wp-content\/uploads\/2019\/07\/huil-damande-douce-seitenbild.jpg\"><img loading=\"lazy\" decoding=\"async\" class=\"wp-image-23006 size-full alignleft\" src=\"https:\/\/decoiris.ch\/wp-content\/uploads\/2019\/07\/huil-damande-douce-seitenbild.jpg\" alt=\"\" width=\"450\" height=\"950\" srcset=\"https:\/\/bien-etreiris.ch\/wp-content\/uploads\/2019\/07\/huil-damande-douce-seitenbild.jpg 450w, https:\/\/bien-etreiris.ch\/wp-content\/uploads\/2019\/07\/huil-damande-douce-seitenbild-142x300.jpg 142w\" sizes=\"auto, (max-width: 450px) 100vw, 450px\" \/><\/a><\/p>\n<p><strong>Botanischer Name<\/strong><\/p>\n<p>Prunus amygdalus dulcis<\/p>\n<p>&nbsp;<\/p>\n<p><strong>Pflegend &amp; sch\u00fctzend <\/strong><\/p>\n<p>Das reine Mandel\u00f6l, gewonnen aus der S\u00fcssmandel ist ein Klassiker in der K\u00f6rperpflege. Es bietet eine hohe Vertr\u00e4glichkeit und ist geruchsneutral. Das besonders hautsch\u00fctzende und pflegende Mandel \u00d6l eignet sich f\u00fcr die empfindliche Baby Haut und f\u00fcr die Gesichts und K\u00f6rperpflege der ganzen Familie. In der Massage- und Aroma Therapie wird es gerne als 01 f\u00fcr empfindliche Haut und als Basis \u00d6l eingesetzt.<\/p>\n<p><strong>Besondere Inhaltsstoffe <\/strong><\/p>\n<p>Das Mandel\u00f6l enth\u00e4lt Vitamin A, sowie Vitamine der B-Gruppe und haupts\u00e4chlich Alpha-Tocopherol (Vitamin E), ein wirksames Antioxi\u00addans das freie Radikale abwehrt. Die Linols\u00e4ure spendet wirksam Feuchtigkeit, sch\u00fctzt vor Austrocknung und verleiht ein strahlendes Hautbild.<\/p>\n<p><strong>Anwendung \u00e4usserlich <\/strong><\/p>\n<p>Als Pflege \u00d6l den Bed\u00fcrfnissen der Haut und Haar entsprechend auftragen und einwirken lassen. Besonderheit: Es dringt, neusten Studien zufolge, sehr tief in das Stratum corneum (Hornschicht) ein.<\/p>\n<p><strong>Wichtig<\/strong><\/p>\n<p>Ist eine Nuss-Allergie bekannt, raten wir vor Gebrauch einen Vertr\u00e4glichkeitstest an einer kleinen Hautstelle durchzuf\u00fchren<strong>. <\/strong><\/p>\n<p><strong>Herkunftsland<\/strong><\/p>\n<p>Spanien<\/p>\n<p><strong>Gewinnung<\/strong><\/p>\n<p>100% kaltgepresste Bio Mandelkerne (Prunus Amygdalus Dulcis (Sweet Almond) Oil)<\/p>\n<p><strong>Preis<\/strong><br>&nbsp;&nbsp;&nbsp;&nbsp; 75 ml&nbsp; CHF&nbsp; 14.00<\/p>\n<p>1000 ml &nbsp;CHF &nbsp;99.00<\/p>\n<p><strong>Interessant <\/strong><\/p>\n<p>Zur Herstellung von reinem Mandel\u00f6l eignet sich nur die S\u00fcssmandel. Die Bittermandel enth\u00e4lt giftige Blaus\u00e4ure<\/p>\n\n\n<h2 class=\"wp-block-heading\"><\/h2>\n","protected":false},"excerpt":{"rendered":"<p>MANDEL\u00d6L BIO Botanischer Name Prunus amygdalus dulcis &nbsp; Pflegend &amp; sch\u00fctzend Das reine Mandel\u00f6l, gewonnen aus der S\u00fcssmandel ist ein Klassiker in der K\u00f6rperpflege. Es bietet eine hohe Vertr\u00e4glichkeit und ist geruchsneutral. Das besonders hautsch\u00fctzende und pflegende Mandel \u00d6l eignet sich f\u00fcr die empfindliche Baby Haut und f\u00fcr die Gesichts und K\u00f6rperpflege der ganzen Familie. In der Massage- und Aroma&nbsp;<a href=\"https:\/\/bien-etreiris.ch\/de\/mandeloel-bio\/\" class=\"read-more\">Weiter lesen<\/a><\/p>\n","protected":false},"author":1,"featured_media":22988,"parent":0,"menu_order":7481,"comment_status":"closed","ping_status":"closed","template":"page-with-child.php","meta":{"_acf_changed":false,"ngg_post_thumbnail":0,"footnotes":""},"class_list":["post-23010","page","type-page","status-publish","has-post-thumbnail","hentry"],"acf":[],"yoast_head":"<!-- This site is optimized with the Yoast SEO plugin v27.5 - https:\/\/yoast.com\/product\/yoast-seo-wordpress\/ -->\n<title>MANDEL\u00d6L BIO - WOHLBEFINDEN<\/title>\n<meta name=\"robots\" content=\"index, follow, max-snippet:-1, max-image-preview:large, max-video-preview:-1\" \/>\n<link rel=\"canonical\" href=\"https:\/\/bien-etreiris.ch\/de\/mandeloel-bio\/\" \/>\n<meta property=\"og:locale\" content=\"de_DE\" \/>\n<meta property=\"og:type\" content=\"article\" \/>\n<meta property=\"og:title\" content=\"MANDEL\u00d6L BIO - WOHLBEFINDEN\" \/>\n<meta property=\"og:description\" content=\"MANDEL\u00d6L BIO Botanischer Name Prunus amygdalus dulcis &nbsp; Pflegend &amp; sch\u00fctzend Das reine Mandel\u00f6l, gewonnen aus der S\u00fcssmandel ist ein Klassiker in der K\u00f6rperpflege. Es bietet eine hohe Vertr\u00e4glichkeit und ist geruchsneutral. Das besonders hautsch\u00fctzende und pflegende Mandel \u00d6l eignet sich f\u00fcr die empfindliche Baby Haut und f\u00fcr die Gesichts und K\u00f6rperpflege der ganzen Familie. In der Massage- und Aroma&nbsp;Weiter lesen\" \/>\n<meta property=\"og:url\" content=\"https:\/\/bien-etreiris.ch\/de\/mandeloel-bio\/\" \/>\n<meta property=\"og:site_name\" content=\"WOHLBEFINDEN\" \/>\n<meta property=\"article:publisher\" content=\"https:\/\/www.facebook.com\/bienetreiris\/\" \/>\n<meta property=\"article:modified_time\" content=\"2019-08-05T19:06:55+00:00\" \/>\n<meta property=\"og:image\" content=\"https:\/\/bien-etreiris.ch\/wp-content\/uploads\/2019\/07\/amande-douce.jpg\" \/>\n\t<meta property=\"og:image:width\" content=\"500\" \/>\n\t<meta property=\"og:image:height\" content=\"375\" \/>\n\t<meta property=\"og:image:type\" content=\"image\/jpeg\" \/>\n<meta name=\"twitter:label1\" content=\"Gesch\u00e4tzte Lesezeit\" \/>\n\t<meta name=\"twitter:data1\" content=\"1\u00a0Minute\" \/>\n<script type=\"application\/ld+json\" class=\"yoast-schema-graph\">{\"@context\":\"https:\\\/\\\/schema.org\",\"@graph\":[{\"@type\":\"WebPage\",\"@id\":\"https:\\\/\\\/bien-etreiris.ch\\\/de\\\/mandeloel-bio\\\/\",\"url\":\"https:\\\/\\\/bien-etreiris.ch\\\/de\\\/mandeloel-bio\\\/\",\"name\":\"MANDEL\u00d6L BIO - WOHLBEFINDEN\",\"isPartOf\":{\"@id\":\"https:\\\/\\\/bien-etreiris.ch\\\/de\\\/#website\"},\"primaryImageOfPage\":{\"@id\":\"https:\\\/\\\/bien-etreiris.ch\\\/de\\\/mandeloel-bio\\\/#primaryimage\"},\"image\":{\"@id\":\"https:\\\/\\\/bien-etreiris.ch\\\/de\\\/mandeloel-bio\\\/#primaryimage\"},\"thumbnailUrl\":\"https:\\\/\\\/bien-etreiris.ch\\\/wp-content\\\/uploads\\\/2019\\\/07\\\/amande-douce.jpg\",\"datePublished\":\"2019-07-22T05:38:56+00:00\",\"dateModified\":\"2019-08-05T19:06:55+00:00\",\"breadcrumb\":{\"@id\":\"https:\\\/\\\/bien-etreiris.ch\\\/de\\\/mandeloel-bio\\\/#breadcrumb\"},\"inLanguage\":\"de\",\"potentialAction\":[{\"@type\":\"ReadAction\",\"target\":[\"https:\\\/\\\/bien-etreiris.ch\\\/de\\\/mandeloel-bio\\\/\"]}]},{\"@type\":\"ImageObject\",\"inLanguage\":\"de\",\"@id\":\"https:\\\/\\\/bien-etreiris.ch\\\/de\\\/mandeloel-bio\\\/#primaryimage\",\"url\":\"https:\\\/\\\/bien-etreiris.ch\\\/wp-content\\\/uploads\\\/2019\\\/07\\\/amande-douce.jpg\",\"contentUrl\":\"https:\\\/\\\/bien-etreiris.ch\\\/wp-content\\\/uploads\\\/2019\\\/07\\\/amande-douce.jpg\",\"width\":500,\"height\":375},{\"@type\":\"BreadcrumbList\",\"@id\":\"https:\\\/\\\/bien-etreiris.ch\\\/de\\\/mandeloel-bio\\\/#breadcrumb\",\"itemListElement\":[{\"@type\":\"ListItem\",\"position\":1,\"name\":\"Home\",\"item\":\"https:\\\/\\\/bien-etreiris.ch\\\/de\\\/\"},{\"@type\":\"ListItem\",\"position\":2,\"name\":\"MANDEL\u00d6L BIO\"}]},{\"@type\":\"WebSite\",\"@id\":\"https:\\\/\\\/bien-etreiris.ch\\\/de\\\/#website\",\"url\":\"https:\\\/\\\/bien-etreiris.ch\\\/de\\\/\",\"name\":\"Bien-\u00eatre Iris\",\"description\":\"IHRE Gesundheit ist uns wichtig\",\"potentialAction\":[{\"@type\":\"SearchAction\",\"target\":{\"@type\":\"EntryPoint\",\"urlTemplate\":\"https:\\\/\\\/bien-etreiris.ch\\\/de\\\/?s={search_term_string}\"},\"query-input\":{\"@type\":\"PropertyValueSpecification\",\"valueRequired\":true,\"valueName\":\"search_term_string\"}}],\"inLanguage\":\"de\"}]}<\/script>\n<!-- \/ Yoast SEO plugin. -->","yoast_head_json":{"title":"MANDEL\u00d6L BIO - WOHLBEFINDEN","robots":{"index":"index","follow":"follow","max-snippet":"max-snippet:-1","max-image-preview":"max-image-preview:large","max-video-preview":"max-video-preview:-1"},"canonical":"https:\/\/bien-etreiris.ch\/de\/mandeloel-bio\/","og_locale":"de_DE","og_type":"article","og_title":"MANDEL\u00d6L BIO - WOHLBEFINDEN","og_description":"MANDEL\u00d6L BIO Botanischer Name Prunus amygdalus dulcis &nbsp; Pflegend &amp; sch\u00fctzend Das reine Mandel\u00f6l, gewonnen aus der S\u00fcssmandel ist ein Klassiker in der K\u00f6rperpflege. Es bietet eine hohe Vertr\u00e4glichkeit und ist geruchsneutral. Das besonders hautsch\u00fctzende und pflegende Mandel \u00d6l eignet sich f\u00fcr die empfindliche Baby Haut und f\u00fcr die Gesichts und K\u00f6rperpflege der ganzen Familie. In der Massage- und Aroma&nbsp;Weiter lesen","og_url":"https:\/\/bien-etreiris.ch\/de\/mandeloel-bio\/","og_site_name":"WOHLBEFINDEN","article_publisher":"https:\/\/www.facebook.com\/bienetreiris\/","article_modified_time":"2019-08-05T19:06:55+00:00","og_image":[{"width":500,"height":375,"url":"https:\/\/bien-etreiris.ch\/wp-content\/uploads\/2019\/07\/amande-douce.jpg","type":"image\/jpeg"}],"twitter_misc":{"Gesch\u00e4tzte Lesezeit":"1\u00a0Minute"},"schema":{"@context":"https:\/\/schema.org","@graph":[{"@type":"WebPage","@id":"https:\/\/bien-etreiris.ch\/de\/mandeloel-bio\/","url":"https:\/\/bien-etreiris.ch\/de\/mandeloel-bio\/","name":"MANDEL\u00d6L BIO - WOHLBEFINDEN","isPartOf":{"@id":"https:\/\/bien-etreiris.ch\/de\/#website"},"primaryImageOfPage":{"@id":"https:\/\/bien-etreiris.ch\/de\/mandeloel-bio\/#primaryimage"},"image":{"@id":"https:\/\/bien-etreiris.ch\/de\/mandeloel-bio\/#primaryimage"},"thumbnailUrl":"https:\/\/bien-etreiris.ch\/wp-content\/uploads\/2019\/07\/amande-douce.jpg","datePublished":"2019-07-22T05:38:56+00:00","dateModified":"2019-08-05T19:06:55+00:00","breadcrumb":{"@id":"https:\/\/bien-etreiris.ch\/de\/mandeloel-bio\/#breadcrumb"},"inLanguage":"de","potentialAction":[{"@type":"ReadAction","target":["https:\/\/bien-etreiris.ch\/de\/mandeloel-bio\/"]}]},{"@type":"ImageObject","inLanguage":"de","@id":"https:\/\/bien-etreiris.ch\/de\/mandeloel-bio\/#primaryimage","url":"https:\/\/bien-etreiris.ch\/wp-content\/uploads\/2019\/07\/amande-douce.jpg","contentUrl":"https:\/\/bien-etreiris.ch\/wp-content\/uploads\/2019\/07\/amande-douce.jpg","width":500,"height":375},{"@type":"BreadcrumbList","@id":"https:\/\/bien-etreiris.ch\/de\/mandeloel-bio\/#breadcrumb","itemListElement":[{"@type":"ListItem","position":1,"name":"Home","item":"https:\/\/bien-etreiris.ch\/de\/"},{"@type":"ListItem","position":2,"name":"MANDEL\u00d6L BIO"}]},{"@type":"WebSite","@id":"https:\/\/bien-etreiris.ch\/de\/#website","url":"https:\/\/bien-etreiris.ch\/de\/","name":"Bien-\u00eatre Iris","description":"IHRE Gesundheit ist uns wichtig","potentialAction":[{"@type":"SearchAction","target":{"@type":"EntryPoint","urlTemplate":"https:\/\/bien-etreiris.ch\/de\/?s={search_term_string}"},"query-input":{"@type":"PropertyValueSpecification","valueRequired":true,"valueName":"search_term_string"}}],"inLanguage":"de"}]}},"_links":{"self":[{"href":"https:\/\/bien-etreiris.ch\/de\/wp-json\/wp\/v2\/pages\/23010","targetHints":{"allow":["GET"]}}],"collection":[{"href":"https:\/\/bien-etreiris.ch\/de\/wp-json\/wp\/v2\/pages"}],"about":[{"href":"https:\/\/bien-etreiris.ch\/de\/wp-json\/wp\/v2\/types\/page"}],"author":[{"embeddable":true,"href":"https:\/\/bien-etreiris.ch\/de\/wp-json\/wp\/v2\/users\/1"}],"replies":[{"embeddable":true,"href":"https:\/\/bien-etreiris.ch\/de\/wp-json\/wp\/v2\/comments?post=23010"}],"version-history":[{"count":9,"href":"https:\/\/bien-etreiris.ch\/de\/wp-json\/wp\/v2\/pages\/23010\/revisions"}],"predecessor-version":[{"id":24262,"href":"https:\/\/bien-etreiris.ch\/de\/wp-json\/wp\/v2\/pages\/23010\/revisions\/24262"}],"wp:featuredmedia":[{"embeddable":true,"href":"https:\/\/bien-etreiris.ch\/de\/wp-json\/wp\/v2\/media\/22988"}],"wp:attachment":[{"href":"https:\/\/bien-etreiris.ch\/de\/wp-json\/wp\/v2\/media?parent=23010"}],"curies":[{"name":"wp","href":"https:\/\/api.w.org\/{rel}","templated":true}]}}