{"id":23003,"date":"2019-07-23T04:05:59","date_gmt":"2019-07-23T04:05:59","guid":{"rendered":"https:\/\/bien-etreiris.ch\/argan\/"},"modified":"2019-08-05T20:49:03","modified_gmt":"2019-08-05T20:49:03","slug":"arganoel-bio","status":"publish","type":"page","link":"https:\/\/bien-etreiris.ch\/de\/arganoel-bio\/","title":{"rendered":"ARGAN\u00d6L BIO"},"content":{"rendered":"\n<h2 class=\"wp-block-heading\">ARGAN\u00d6L BIO<\/h2>\n\n\n<p><img loading=\"lazy\" decoding=\"async\" class=\"wp-image-22998 size-full alignleft\" src=\"https:\/\/decoiris.ch\/wp-content\/uploads\/2019\/07\/argan-seitentitel-sehr-gut.jpg\" alt=\"\" width=\"450\" height=\"907\" srcset=\"https:\/\/bien-etreiris.ch\/wp-content\/uploads\/2019\/07\/argan-seitentitel-sehr-gut.jpg 450w, https:\/\/bien-etreiris.ch\/wp-content\/uploads\/2019\/07\/argan-seitentitel-sehr-gut-149x300.jpg 149w\" sizes=\"auto, (max-width: 450px) 100vw, 450px\" \/><\/p>\n<p><strong>Botanischer Name<\/strong><\/p>\n<p>Argania spinosa<\/p>\n<p><strong>sch\u00fctzend &amp; vitalisierend<\/strong><\/p>\n<p>Das kostbare Bio Argan\u00f6l wird gewonnen aus dem Fruchtkern des Arganbaumes in Marokko, einem der \u00e4ltesten B\u00e4ume der Welt. Argan\u00f6l wird zu Recht auch Schutz\u00f6l genannt und geh\u00f6rt zu den wertvollsten Pflanzen\u00f6len.<\/p>\n<p>Das Argan\u00f6l ist ein nat\u00fcrlicher Jungbrunnen f\u00fcr die Haut. Es wirkt vorzeitiger Hautalterung entgegen und sorgt f\u00fcr Vitalit\u00e4t und Spannkraft von Haut und Haar. Das \u00d6l wirkt Faltenbildung entgegen und spendet Feuchtigkeit. Es pflegt die beanspruchte Haut und h\u00e4lt sie geschmeidig. Es regeneriert ein irritiertes Hautbild und wirkt juckreizlinde rnd.<\/p>\n<p><strong>Besondere Inhaltsstoffe<\/strong><\/p>\n<p>Argan\u00f6l ist eine hervorragende Quelle f\u00fcr Vitamin E. Das wertvolle Antioxidans wehrt auf zellul\u00e4rer Ebene freie Radikale ab. Phyto\u00ad sterole bewirken Regeneration und Stabilisierung einer aus dem Gleichgewicht geratenen Hautbarrierefunktion. Der wertvolle Anteil von Linols\u00e4ure sch\u00fctzt vor Austrocknung, spendet Elastizit\u00e4t und Vitalit\u00e4t.<\/p>\n<p><strong>Anwendung \u00e4usserlich<\/strong><\/p>\n<p>Pflegt jede Haut und jedes Haar, eignet sich zudem gut f\u00fcr die Bartpflege.<\/p>\n<p><strong>Herkunftsland: <\/strong>Marokko<\/p>\n<p><strong>Gewinnung: <\/strong>100% kaltgepresste Bio Argansamen (Argania Spinosa Seed Oil)<\/p>\n<p><strong>&nbsp;Preis<\/strong><\/p>\n<p>&nbsp;&nbsp;&nbsp; 75 ml&nbsp; CHF&nbsp; &nbsp;20.00<\/p>\n<p>1000 ml CHF 145.00<\/p>\n<p><strong>Interessant<\/strong><\/p>\n<p>F\u00fcr einen Liter reines Argan\u00f6l ben\u00f6tigt man 30 kg Fr\u00fcchte, das ist die Ernte von 4-5 B\u00e4umen. Fair und nachhaltig von Frauenkooperationen hergestellt.<\/p>","protected":false},"excerpt":{"rendered":"<p>ARGAN\u00d6L BIO Botanischer Name Argania spinosa sch\u00fctzend &amp; vitalisierend Das kostbare Bio Argan\u00f6l wird gewonnen aus dem Fruchtkern des Arganbaumes in Marokko, einem der \u00e4ltesten B\u00e4ume der Welt. Argan\u00f6l wird zu Recht auch Schutz\u00f6l genannt und geh\u00f6rt zu den wertvollsten Pflanzen\u00f6len. Das Argan\u00f6l ist ein nat\u00fcrlicher Jungbrunnen f\u00fcr die Haut. Es wirkt vorzeitiger Hautalterung entgegen und sorgt f\u00fcr Vitalit\u00e4t und&nbsp;<a href=\"https:\/\/bien-etreiris.ch\/de\/arganoel-bio\/\" class=\"read-more\">Weiter lesen<\/a><\/p>\n","protected":false},"author":1,"featured_media":22997,"parent":0,"menu_order":7478,"comment_status":"closed","ping_status":"closed","template":"page-with-child.php","meta":{"_acf_changed":false,"ngg_post_thumbnail":0,"footnotes":""},"class_list":["post-23003","page","type-page","status-publish","has-post-thumbnail","hentry"],"acf":[],"yoast_head":"<!-- This site is optimized with the Yoast SEO plugin v27.5 - https:\/\/yoast.com\/product\/yoast-seo-wordpress\/ -->\n<title>ARGAN\u00d6L BIO - WOHLBEFINDEN<\/title>\n<meta name=\"robots\" content=\"index, follow, max-snippet:-1, max-image-preview:large, max-video-preview:-1\" \/>\n<link rel=\"canonical\" href=\"https:\/\/bien-etreiris.ch\/de\/arganoel-bio\/\" \/>\n<meta property=\"og:locale\" content=\"de_DE\" \/>\n<meta property=\"og:type\" content=\"article\" \/>\n<meta property=\"og:title\" content=\"ARGAN\u00d6L BIO - WOHLBEFINDEN\" \/>\n<meta property=\"og:description\" content=\"ARGAN\u00d6L BIO Botanischer Name Argania spinosa sch\u00fctzend &amp; vitalisierend Das kostbare Bio Argan\u00f6l wird gewonnen aus dem Fruchtkern des Arganbaumes in Marokko, einem der \u00e4ltesten B\u00e4ume der Welt. Argan\u00f6l wird zu Recht auch Schutz\u00f6l genannt und geh\u00f6rt zu den wertvollsten Pflanzen\u00f6len. Das Argan\u00f6l ist ein nat\u00fcrlicher Jungbrunnen f\u00fcr die Haut. Es wirkt vorzeitiger Hautalterung entgegen und sorgt f\u00fcr Vitalit\u00e4t und&nbsp;Weiter lesen\" \/>\n<meta property=\"og:url\" content=\"https:\/\/bien-etreiris.ch\/de\/arganoel-bio\/\" \/>\n<meta property=\"og:site_name\" content=\"WOHLBEFINDEN\" \/>\n<meta property=\"article:publisher\" content=\"https:\/\/www.facebook.com\/bienetreiris\/\" \/>\n<meta property=\"article:modified_time\" content=\"2019-08-05T20:49:03+00:00\" \/>\n<meta property=\"og:image\" content=\"https:\/\/bien-etreiris.ch\/wp-content\/uploads\/2019\/07\/titel-argan.jpg\" \/>\n\t<meta property=\"og:image:width\" content=\"500\" \/>\n\t<meta property=\"og:image:height\" content=\"364\" \/>\n\t<meta property=\"og:image:type\" content=\"image\/jpeg\" \/>\n<meta name=\"twitter:label1\" content=\"Gesch\u00e4tzte Lesezeit\" \/>\n\t<meta name=\"twitter:data1\" content=\"1\u00a0Minute\" \/>\n<script type=\"application\/ld+json\" class=\"yoast-schema-graph\">{\"@context\":\"https:\\\/\\\/schema.org\",\"@graph\":[{\"@type\":\"WebPage\",\"@id\":\"https:\\\/\\\/bien-etreiris.ch\\\/de\\\/arganoel-bio\\\/\",\"url\":\"https:\\\/\\\/bien-etreiris.ch\\\/de\\\/arganoel-bio\\\/\",\"name\":\"ARGAN\u00d6L BIO - WOHLBEFINDEN\",\"isPartOf\":{\"@id\":\"https:\\\/\\\/bien-etreiris.ch\\\/de\\\/#website\"},\"primaryImageOfPage\":{\"@id\":\"https:\\\/\\\/bien-etreiris.ch\\\/de\\\/arganoel-bio\\\/#primaryimage\"},\"image\":{\"@id\":\"https:\\\/\\\/bien-etreiris.ch\\\/de\\\/arganoel-bio\\\/#primaryimage\"},\"thumbnailUrl\":\"https:\\\/\\\/bien-etreiris.ch\\\/wp-content\\\/uploads\\\/2019\\\/07\\\/titel-argan.jpg\",\"datePublished\":\"2019-07-23T04:05:59+00:00\",\"dateModified\":\"2019-08-05T20:49:03+00:00\",\"breadcrumb\":{\"@id\":\"https:\\\/\\\/bien-etreiris.ch\\\/de\\\/arganoel-bio\\\/#breadcrumb\"},\"inLanguage\":\"de\",\"potentialAction\":[{\"@type\":\"ReadAction\",\"target\":[\"https:\\\/\\\/bien-etreiris.ch\\\/de\\\/arganoel-bio\\\/\"]}]},{\"@type\":\"ImageObject\",\"inLanguage\":\"de\",\"@id\":\"https:\\\/\\\/bien-etreiris.ch\\\/de\\\/arganoel-bio\\\/#primaryimage\",\"url\":\"https:\\\/\\\/bien-etreiris.ch\\\/wp-content\\\/uploads\\\/2019\\\/07\\\/titel-argan.jpg\",\"contentUrl\":\"https:\\\/\\\/bien-etreiris.ch\\\/wp-content\\\/uploads\\\/2019\\\/07\\\/titel-argan.jpg\",\"width\":500,\"height\":364},{\"@type\":\"BreadcrumbList\",\"@id\":\"https:\\\/\\\/bien-etreiris.ch\\\/de\\\/arganoel-bio\\\/#breadcrumb\",\"itemListElement\":[{\"@type\":\"ListItem\",\"position\":1,\"name\":\"Home\",\"item\":\"https:\\\/\\\/bien-etreiris.ch\\\/de\\\/\"},{\"@type\":\"ListItem\",\"position\":2,\"name\":\"ARGAN\u00d6L BIO\"}]},{\"@type\":\"WebSite\",\"@id\":\"https:\\\/\\\/bien-etreiris.ch\\\/de\\\/#website\",\"url\":\"https:\\\/\\\/bien-etreiris.ch\\\/de\\\/\",\"name\":\"Bien-\u00eatre Iris\",\"description\":\"IHRE Gesundheit ist uns wichtig\",\"potentialAction\":[{\"@type\":\"SearchAction\",\"target\":{\"@type\":\"EntryPoint\",\"urlTemplate\":\"https:\\\/\\\/bien-etreiris.ch\\\/de\\\/?s={search_term_string}\"},\"query-input\":{\"@type\":\"PropertyValueSpecification\",\"valueRequired\":true,\"valueName\":\"search_term_string\"}}],\"inLanguage\":\"de\"}]}<\/script>\n<!-- \/ Yoast SEO plugin. -->","yoast_head_json":{"title":"ARGAN\u00d6L BIO - WOHLBEFINDEN","robots":{"index":"index","follow":"follow","max-snippet":"max-snippet:-1","max-image-preview":"max-image-preview:large","max-video-preview":"max-video-preview:-1"},"canonical":"https:\/\/bien-etreiris.ch\/de\/arganoel-bio\/","og_locale":"de_DE","og_type":"article","og_title":"ARGAN\u00d6L BIO - WOHLBEFINDEN","og_description":"ARGAN\u00d6L BIO Botanischer Name Argania spinosa sch\u00fctzend &amp; vitalisierend Das kostbare Bio Argan\u00f6l wird gewonnen aus dem Fruchtkern des Arganbaumes in Marokko, einem der \u00e4ltesten B\u00e4ume der Welt. Argan\u00f6l wird zu Recht auch Schutz\u00f6l genannt und geh\u00f6rt zu den wertvollsten Pflanzen\u00f6len. Das Argan\u00f6l ist ein nat\u00fcrlicher Jungbrunnen f\u00fcr die Haut. Es wirkt vorzeitiger Hautalterung entgegen und sorgt f\u00fcr Vitalit\u00e4t und&nbsp;Weiter lesen","og_url":"https:\/\/bien-etreiris.ch\/de\/arganoel-bio\/","og_site_name":"WOHLBEFINDEN","article_publisher":"https:\/\/www.facebook.com\/bienetreiris\/","article_modified_time":"2019-08-05T20:49:03+00:00","og_image":[{"width":500,"height":364,"url":"https:\/\/bien-etreiris.ch\/wp-content\/uploads\/2019\/07\/titel-argan.jpg","type":"image\/jpeg"}],"twitter_misc":{"Gesch\u00e4tzte Lesezeit":"1\u00a0Minute"},"schema":{"@context":"https:\/\/schema.org","@graph":[{"@type":"WebPage","@id":"https:\/\/bien-etreiris.ch\/de\/arganoel-bio\/","url":"https:\/\/bien-etreiris.ch\/de\/arganoel-bio\/","name":"ARGAN\u00d6L BIO - WOHLBEFINDEN","isPartOf":{"@id":"https:\/\/bien-etreiris.ch\/de\/#website"},"primaryImageOfPage":{"@id":"https:\/\/bien-etreiris.ch\/de\/arganoel-bio\/#primaryimage"},"image":{"@id":"https:\/\/bien-etreiris.ch\/de\/arganoel-bio\/#primaryimage"},"thumbnailUrl":"https:\/\/bien-etreiris.ch\/wp-content\/uploads\/2019\/07\/titel-argan.jpg","datePublished":"2019-07-23T04:05:59+00:00","dateModified":"2019-08-05T20:49:03+00:00","breadcrumb":{"@id":"https:\/\/bien-etreiris.ch\/de\/arganoel-bio\/#breadcrumb"},"inLanguage":"de","potentialAction":[{"@type":"ReadAction","target":["https:\/\/bien-etreiris.ch\/de\/arganoel-bio\/"]}]},{"@type":"ImageObject","inLanguage":"de","@id":"https:\/\/bien-etreiris.ch\/de\/arganoel-bio\/#primaryimage","url":"https:\/\/bien-etreiris.ch\/wp-content\/uploads\/2019\/07\/titel-argan.jpg","contentUrl":"https:\/\/bien-etreiris.ch\/wp-content\/uploads\/2019\/07\/titel-argan.jpg","width":500,"height":364},{"@type":"BreadcrumbList","@id":"https:\/\/bien-etreiris.ch\/de\/arganoel-bio\/#breadcrumb","itemListElement":[{"@type":"ListItem","position":1,"name":"Home","item":"https:\/\/bien-etreiris.ch\/de\/"},{"@type":"ListItem","position":2,"name":"ARGAN\u00d6L BIO"}]},{"@type":"WebSite","@id":"https:\/\/bien-etreiris.ch\/de\/#website","url":"https:\/\/bien-etreiris.ch\/de\/","name":"Bien-\u00eatre Iris","description":"IHRE Gesundheit ist uns wichtig","potentialAction":[{"@type":"SearchAction","target":{"@type":"EntryPoint","urlTemplate":"https:\/\/bien-etreiris.ch\/de\/?s={search_term_string}"},"query-input":{"@type":"PropertyValueSpecification","valueRequired":true,"valueName":"search_term_string"}}],"inLanguage":"de"}]}},"_links":{"self":[{"href":"https:\/\/bien-etreiris.ch\/de\/wp-json\/wp\/v2\/pages\/23003","targetHints":{"allow":["GET"]}}],"collection":[{"href":"https:\/\/bien-etreiris.ch\/de\/wp-json\/wp\/v2\/pages"}],"about":[{"href":"https:\/\/bien-etreiris.ch\/de\/wp-json\/wp\/v2\/types\/page"}],"author":[{"embeddable":true,"href":"https:\/\/bien-etreiris.ch\/de\/wp-json\/wp\/v2\/users\/1"}],"replies":[{"embeddable":true,"href":"https:\/\/bien-etreiris.ch\/de\/wp-json\/wp\/v2\/comments?post=23003"}],"version-history":[{"count":5,"href":"https:\/\/bien-etreiris.ch\/de\/wp-json\/wp\/v2\/pages\/23003\/revisions"}],"predecessor-version":[{"id":24255,"href":"https:\/\/bien-etreiris.ch\/de\/wp-json\/wp\/v2\/pages\/23003\/revisions\/24255"}],"wp:featuredmedia":[{"embeddable":true,"href":"https:\/\/bien-etreiris.ch\/de\/wp-json\/wp\/v2\/media\/22997"}],"wp:attachment":[{"href":"https:\/\/bien-etreiris.ch\/de\/wp-json\/wp\/v2\/media?parent=23003"}],"curies":[{"name":"wp","href":"https:\/\/api.w.org\/{rel}","templated":true}]}}