{"id":21843,"date":"2019-07-07T13:31:43","date_gmt":"2019-07-07T13:31:43","guid":{"rendered":"https:\/\/bien-etreiris.ch\/wohlbefinden\/pflanzenwasser\/applications\/"},"modified":"2021-07-04T23:20:14","modified_gmt":"2021-07-04T21:20:14","slug":"anwendungen","status":"publish","type":"page","link":"https:\/\/bien-etreiris.ch\/de\/produktpraesentation\/aromatherapie\/pflanzenwaesser\/anwendungen\/","title":{"rendered":"ANWENDUNGEN"},"content":{"rendered":"<p>Alle M\u00f6glichkeiten, die Ihnen unsere Hydrolate bieten \" 100% rein nat\u00fcrlichen BIO \"<\/p>\n\n\n<h2 class=\"wp-block-heading\">Kompressen <\/h2>\n\n\n<p><a href=\"https:\/\/decoiris.ch\/wp-content\/uploads\/2019\/07\/Kompressen-4.png\"><img loading=\"lazy\" decoding=\"async\" class=\"size-full wp-image-22410 alignleft\" src=\"https:\/\/decoiris.ch\/wp-content\/uploads\/2019\/07\/Kompressen-4.png\" alt=\"\" width=\"300\" height=\"300\" srcset=\"https:\/\/bien-etreiris.ch\/wp-content\/uploads\/2019\/07\/Kompressen-4.png 300w, https:\/\/bien-etreiris.ch\/wp-content\/uploads\/2019\/07\/Kompressen-4-150x150.png 150w\" sizes=\"auto, (max-width: 300px) 100vw, 300px\" \/><\/a><\/p>\n<p>&nbsp;<\/p>\n<p>Reichlich auf Kompresse oder<br>auf Wattepads spr\u00fchen und<br>auflegen<\/p>\n<p>&nbsp;<\/p>\n<p>&nbsp;<\/p>\n<p>&nbsp;<\/p>\n<p>&nbsp;<\/p>\n<p>&nbsp;<\/p>\n\n\n<hr class=\"wp-block-separator\"\/>\n\n\n\n<h2 class=\"wp-block-heading\">Haushaltspflege<\/h2>\n\n\n<p><a href=\"https:\/\/decoiris.ch\/wp-content\/uploads\/2019\/07\/Haushaltspflege-5.png\"><img loading=\"lazy\" decoding=\"async\" class=\"size-full wp-image-22335 alignleft\" src=\"https:\/\/decoiris.ch\/wp-content\/uploads\/2019\/07\/Haushaltspflege-5.png\" alt=\"\" width=\"300\" height=\"300\" srcset=\"https:\/\/bien-etreiris.ch\/wp-content\/uploads\/2019\/07\/Haushaltspflege-5.png 300w, https:\/\/bien-etreiris.ch\/wp-content\/uploads\/2019\/07\/Haushaltspflege-5-150x150.png 150w\" sizes=\"auto, (max-width: 300px) 100vw, 300px\" \/><\/a><\/p>\n<p>&nbsp;<\/p>\n<p>Bespr\u00fchen Sie Ihre W\u00e4sche oder<br>diverse Textilien mit einem<br>ausgew\u00e4hlten Hydrolat. Als B\u00fcgelspray<br>verwenden oder direkt<br>in Dampfb\u00fcgelbeh\u00e4lter f\u00fcllen.<br>Dies schenkt Ihrer W\u00e4sche einen<br>angenehm nat\u00fcrlichen Duft.<\/p>\n<p>&nbsp;<\/p>\n<p>&nbsp;<\/p>\n<p>&nbsp;<\/p>\n<p>&nbsp;<\/p>\n\n\n<hr class=\"wp-block-separator\"\/>\n\n\n\n<h2 class=\"wp-block-heading\">Haarpflege<\/h2>\n\n\n<p><a href=\"https:\/\/decoiris.ch\/wp-content\/uploads\/2019\/07\/Haarpflege-2.png\"><img loading=\"lazy\" decoding=\"async\" class=\"size-full wp-image-22332 alignleft\" src=\"https:\/\/decoiris.ch\/wp-content\/uploads\/2019\/07\/Haarpflege-2.png\" alt=\"\" width=\"300\" height=\"300\" srcset=\"https:\/\/bien-etreiris.ch\/wp-content\/uploads\/2019\/07\/Haarpflege-2.png 300w, https:\/\/bien-etreiris.ch\/wp-content\/uploads\/2019\/07\/Haarpflege-2-150x150.png 150w\" sizes=\"auto, (max-width: 300px) 100vw, 300px\" \/><\/a><\/p>\n<p>&nbsp;<\/p>\n<p>Als Haar- und Kopfhautpflege<br>direkt auf Haar und Kopfhaut<br>spr\u00fchen und einwirken lassen.<\/p>\n<p>&nbsp;<\/p>\n<p>&nbsp;<\/p>\n<p>&nbsp;<\/p>\n<p>&nbsp;<\/p>\n<p>&nbsp;<\/p>\n<p>&nbsp;<\/p>\n\n\n<hr class=\"wp-block-separator\"\/>\n\n\n\n<h2 class=\"wp-block-heading\">Dezenter Raumduft   <\/h2>\n\n\n<p><a href=\"https:\/\/decoiris.ch\/wp-content\/uploads\/2019\/07\/Raumduft-2.png\"><img loading=\"lazy\" decoding=\"async\" class=\"size-full wp-image-22384 alignleft\" src=\"https:\/\/decoiris.ch\/wp-content\/uploads\/2019\/07\/Raumduft-2.png\" alt=\"\" width=\"300\" height=\"300\" srcset=\"https:\/\/bien-etreiris.ch\/wp-content\/uploads\/2019\/07\/Raumduft-2.png 300w, https:\/\/bien-etreiris.ch\/wp-content\/uploads\/2019\/07\/Raumduft-2-150x150.png 150w\" sizes=\"auto, (max-width: 300px) 100vw, 300px\" \/><\/a><\/p>\n<p>&nbsp;<\/p>\n<p>Als begleitender Duft im Raum<br>oder als K\u00f6rperumfeldspray<br>verspr\u00fchen.<\/p>\n<p>&nbsp;<\/p>\n<p>&nbsp;<\/p>\n<p>&nbsp;<\/p>\n<p>&nbsp;<\/p>\n<p>&nbsp;<\/p>\n<p>&nbsp;<\/p>\n\n\n<hr class=\"wp-block-separator\"\/>\n\n\n\n<h2 class=\"wp-block-heading\">Tierpflege<\/h2>\n\n\n<p><a href=\"https:\/\/decoiris.ch\/wp-content\/uploads\/2019\/07\/Tierpflege-2.png\"><img loading=\"lazy\" decoding=\"async\" class=\"size-full wp-image-22387 alignleft\" src=\"https:\/\/decoiris.ch\/wp-content\/uploads\/2019\/07\/Tierpflege-2.png\" alt=\"\" width=\"300\" height=\"300\" srcset=\"https:\/\/bien-etreiris.ch\/wp-content\/uploads\/2019\/07\/Tierpflege-2.png 300w, https:\/\/bien-etreiris.ch\/wp-content\/uploads\/2019\/07\/Tierpflege-2-150x150.png 150w\" sizes=\"auto, (max-width: 300px) 100vw, 300px\" \/><\/a><\/p>\n<p>Als beruhigendes, desinfizierendes<br>oder Parasiten bek\u00e4mpfendes<br>Pflegemittel oder als K\u00f6rperumfeldspray<br>direkt auf- oder verspr\u00fchen.<\/p>\n<p>&nbsp;<\/p>\n<p>&nbsp;<\/p>\n<p>&nbsp;<\/p>\n<p>&nbsp;<\/p>\n<p>&nbsp;<\/p>\n<p>&nbsp;<\/p>\n\n\n<hr class=\"wp-block-separator\"\/>\n\n\n\n<h2 class=\"wp-block-heading\">Gesichts und Hautpflege<\/h2>\n\n\n<p><a href=\"https:\/\/decoiris.ch\/wp-content\/uploads\/2019\/07\/Gesicht-und-Hautpflege-2.png\"><img loading=\"lazy\" decoding=\"async\" class=\"size-full wp-image-22381 alignleft\" src=\"https:\/\/decoiris.ch\/wp-content\/uploads\/2019\/07\/Gesicht-und-Hautpflege-2.png\" alt=\"\" width=\"300\" height=\"300\" srcset=\"https:\/\/bien-etreiris.ch\/wp-content\/uploads\/2019\/07\/Gesicht-und-Hautpflege-2.png 300w, https:\/\/bien-etreiris.ch\/wp-content\/uploads\/2019\/07\/Gesicht-und-Hautpflege-2-150x150.png 150w\" sizes=\"auto, (max-width: 300px) 100vw, 300px\" \/><\/a><\/p>\n<p>&nbsp;<\/p>\n<p>Als Gesichts-, K\u00f6rperpflegespray oder Aftershave<br>direkt aufspr\u00fchen. F\u00fcr die Gesichts- und Augenpflege aufspr\u00fchen (Augen geschlossen halten).<\/p>\n<p>&nbsp;<\/p>\n<p>&nbsp;<\/p>\n<p>&nbsp;<\/p>\n<p>&nbsp;<\/p>\n<p>&nbsp;<\/p>\n<p>&nbsp;<\/p>\n\n\n<hr class=\"wp-block-separator\"\/>\n\n\n\n<h2 class=\"wp-block-heading\">Aromak\u00fcche  <br><\/h2>\n\n\n<p><a href=\"https:\/\/decoiris.ch\/wp-content\/uploads\/2019\/07\/Aromak\u00fcche-2.png\"><img loading=\"lazy\" decoding=\"async\" class=\"size-full wp-image-22397 alignleft\" src=\"https:\/\/decoiris.ch\/wp-content\/uploads\/2019\/07\/Aromak\u00fcche-2.png\" alt=\"\" width=\"300\" height=\"300\" srcset=\"https:\/\/bien-etreiris.ch\/wp-content\/uploads\/2019\/07\/Aromak\u00fcche-2.png 300w, https:\/\/bien-etreiris.ch\/wp-content\/uploads\/2019\/07\/Aromak\u00fcche-2-150x150.png 150w\" sizes=\"auto, (max-width: 300px) 100vw, 300px\" \/><\/a><\/p>\n<p>&nbsp;<\/p>\n<p>Zum Verfeinern oder<br>Aromatisieren von Speisen und Getr\u00e4nken.<\/p>\n<p>&nbsp;<\/p>\n<p>&nbsp;<\/p>\n<p>&nbsp;<\/p>\n<p>&nbsp;<\/p>\n<p>&nbsp;<\/p>\n<p>&nbsp;<\/p>\n\n\n<hr class=\"wp-block-separator\"\/>\n\n\n\n<h2 class=\"wp-block-heading\">Babypflege<\/h2>\n\n\n<p><a href=\"https:\/\/decoiris.ch\/wp-content\/uploads\/2019\/07\/Babypflege-3.png\"><img loading=\"lazy\" decoding=\"async\" class=\"size-full wp-image-22392 alignleft\" src=\"https:\/\/decoiris.ch\/wp-content\/uploads\/2019\/07\/Babypflege-3.png\" alt=\"\" width=\"300\" height=\"300\" srcset=\"https:\/\/bien-etreiris.ch\/wp-content\/uploads\/2019\/07\/Babypflege-3.png 300w, https:\/\/bien-etreiris.ch\/wp-content\/uploads\/2019\/07\/Babypflege-3-150x150.png 150w\" sizes=\"auto, (max-width: 300px) 100vw, 300px\" \/><\/a><\/p>\n<p>&nbsp;<\/p>\n<p>Als milde Babypflege direkt<br>auf irritierte Haut spr\u00fchen.<\/p>\n<p>&nbsp;<\/p>\n<p>&nbsp;<\/p>\n<p>&nbsp;<\/p>\n<p>&nbsp;<\/p>\n<p>&nbsp;<\/p>\n<p>&nbsp;<\/p>\n\n\n<hr class=\"wp-block-separator\"\/>\n\n\n\n<h2 class=\"wp-block-heading\">Gesundheits und Krankenpflege<\/h2>\n\n\n<p><a href=\"https:\/\/decoiris.ch\/wp-content\/uploads\/2019\/07\/gesundheits-und-Krankenpflege-2-2.png\"><img loading=\"lazy\" decoding=\"async\" class=\"size-full wp-image-22403 alignleft\" src=\"https:\/\/decoiris.ch\/wp-content\/uploads\/2019\/07\/gesundheits-und-Krankenpflege-2-2.png\" alt=\"\" width=\"300\" height=\"300\" srcset=\"https:\/\/bien-etreiris.ch\/wp-content\/uploads\/2019\/07\/gesundheits-und-Krankenpflege-2-2.png 300w, https:\/\/bien-etreiris.ch\/wp-content\/uploads\/2019\/07\/gesundheits-und-Krankenpflege-2-2-150x150.png 150w\" sizes=\"auto, (max-width: 300px) 100vw, 300px\" \/><\/a><\/p>\n<p>&nbsp;<\/p>\n<p>&nbsp;<\/p>\n<p>Im Sinne der Aromapflege, eingesetzt als begleitende Massnahme, um Entspannung, Wohlbefinden und Heilung zu unterst\u00fctzen.<br>Auf Gesicht, Haut oder Schleimhaut spr\u00fchen oder als K\u00f6rperumfeldspray anwenden.<\/p>\n\n\n<p><br><\/p>\n","protected":false},"excerpt":{"rendered":"<p>Alle M\u00f6glichkeiten, die Ihnen unsere Hydrolate bieten \" 100% rein nat\u00fcrlichen BIO \" Kompressen &nbsp; Reichlich auf Kompresse oderauf Wattepads spr\u00fchen undauflegen &nbsp; &nbsp; &nbsp; &nbsp; &nbsp; Haushaltspflege &nbsp; Bespr\u00fchen Sie Ihre W\u00e4sche oderdiverse Textilien mit einemausgew\u00e4hlten Hydrolat. Als B\u00fcgelsprayverwenden oder direktin Dampfb\u00fcgelbeh\u00e4lter f\u00fcllen.Dies schenkt Ihrer W\u00e4sche einenangenehm nat\u00fcrlichen Duft. &nbsp; &nbsp; &nbsp; &nbsp; Haarpflege &nbsp; Als Haar- und Kopfhautpflegedirekt&nbsp;<a href=\"https:\/\/bien-etreiris.ch\/de\/produktpraesentation\/aromatherapie\/pflanzenwaesser\/anwendungen\/\" class=\"read-more\">Weiter lesen<\/a><\/p>\n","protected":false},"author":1,"featured_media":51720,"parent":40767,"menu_order":7499,"comment_status":"closed","ping_status":"closed","template":"page-with-child.php","meta":{"_acf_changed":false,"ngg_post_thumbnail":0,"footnotes":""},"class_list":["post-21843","page","type-page","status-publish","has-post-thumbnail","hentry"],"acf":[],"yoast_head":"<!-- This site is optimized with the Yoast SEO plugin v27.4 - https:\/\/yoast.com\/product\/yoast-seo-wordpress\/ -->\n<title>ANWENDUNGEN - WOHLBEFINDEN<\/title>\n<meta name=\"robots\" content=\"index, follow, max-snippet:-1, max-image-preview:large, max-video-preview:-1\" \/>\n<link rel=\"canonical\" href=\"https:\/\/bien-etreiris.ch\/de\/produktpraesentation\/aromatherapie\/pflanzenwaesser\/anwendungen\/\" \/>\n<meta property=\"og:locale\" content=\"de_DE\" \/>\n<meta property=\"og:type\" content=\"article\" \/>\n<meta property=\"og:title\" content=\"ANWENDUNGEN - WOHLBEFINDEN\" \/>\n<meta property=\"og:description\" content=\"Alle M\u00f6glichkeiten, die Ihnen unsere Hydrolate bieten &quot; 100% rein nat\u00fcrlichen BIO &quot; Kompressen &nbsp; Reichlich auf Kompresse oderauf Wattepads spr\u00fchen undauflegen &nbsp; &nbsp; &nbsp; &nbsp; &nbsp; Haushaltspflege &nbsp; Bespr\u00fchen Sie Ihre W\u00e4sche oderdiverse Textilien mit einemausgew\u00e4hlten Hydrolat. Als B\u00fcgelsprayverwenden oder direktin Dampfb\u00fcgelbeh\u00e4lter f\u00fcllen.Dies schenkt Ihrer W\u00e4sche einenangenehm nat\u00fcrlichen Duft. &nbsp; &nbsp; &nbsp; &nbsp; Haarpflege &nbsp; Als Haar- und Kopfhautpflegedirekt&nbsp;Weiter lesen\" \/>\n<meta property=\"og:url\" content=\"https:\/\/bien-etreiris.ch\/de\/produktpraesentation\/aromatherapie\/pflanzenwaesser\/anwendungen\/\" \/>\n<meta property=\"og:site_name\" content=\"WOHLBEFINDEN\" \/>\n<meta property=\"article:publisher\" content=\"https:\/\/www.facebook.com\/bienetreiris\/\" \/>\n<meta property=\"article:modified_time\" content=\"2021-07-04T21:20:14+00:00\" \/>\n<meta property=\"og:image\" content=\"https:\/\/bien-etreiris.ch\/wp-content\/uploads\/2021\/07\/Acceuil-a-propos-et-application.png\" \/>\n\t<meta property=\"og:image:width\" content=\"484\" \/>\n\t<meta property=\"og:image:height\" content=\"300\" \/>\n\t<meta property=\"og:image:type\" content=\"image\/png\" \/>\n<meta name=\"twitter:label1\" content=\"Gesch\u00e4tzte Lesezeit\" \/>\n\t<meta name=\"twitter:data1\" content=\"3\u00a0Minuten\" \/>\n<script type=\"application\/ld+json\" class=\"yoast-schema-graph\">{\"@context\":\"https:\\\/\\\/schema.org\",\"@graph\":[{\"@type\":\"WebPage\",\"@id\":\"https:\\\/\\\/bien-etreiris.ch\\\/de\\\/produktpraesentation\\\/aromatherapie\\\/pflanzenwaesser\\\/anwendungen\\\/\",\"url\":\"https:\\\/\\\/bien-etreiris.ch\\\/de\\\/produktpraesentation\\\/aromatherapie\\\/pflanzenwaesser\\\/anwendungen\\\/\",\"name\":\"ANWENDUNGEN - WOHLBEFINDEN\",\"isPartOf\":{\"@id\":\"https:\\\/\\\/bien-etreiris.ch\\\/de\\\/#website\"},\"primaryImageOfPage\":{\"@id\":\"https:\\\/\\\/bien-etreiris.ch\\\/de\\\/produktpraesentation\\\/aromatherapie\\\/pflanzenwaesser\\\/anwendungen\\\/#primaryimage\"},\"image\":{\"@id\":\"https:\\\/\\\/bien-etreiris.ch\\\/de\\\/produktpraesentation\\\/aromatherapie\\\/pflanzenwaesser\\\/anwendungen\\\/#primaryimage\"},\"thumbnailUrl\":\"https:\\\/\\\/bien-etreiris.ch\\\/wp-content\\\/uploads\\\/2021\\\/07\\\/Acceuil-a-propos-et-application.png\",\"datePublished\":\"2019-07-07T13:31:43+00:00\",\"dateModified\":\"2021-07-04T21:20:14+00:00\",\"breadcrumb\":{\"@id\":\"https:\\\/\\\/bien-etreiris.ch\\\/de\\\/produktpraesentation\\\/aromatherapie\\\/pflanzenwaesser\\\/anwendungen\\\/#breadcrumb\"},\"inLanguage\":\"de\",\"potentialAction\":[{\"@type\":\"ReadAction\",\"target\":[\"https:\\\/\\\/bien-etreiris.ch\\\/de\\\/produktpraesentation\\\/aromatherapie\\\/pflanzenwaesser\\\/anwendungen\\\/\"]}]},{\"@type\":\"ImageObject\",\"inLanguage\":\"de\",\"@id\":\"https:\\\/\\\/bien-etreiris.ch\\\/de\\\/produktpraesentation\\\/aromatherapie\\\/pflanzenwaesser\\\/anwendungen\\\/#primaryimage\",\"url\":\"https:\\\/\\\/bien-etreiris.ch\\\/wp-content\\\/uploads\\\/2021\\\/07\\\/Acceuil-a-propos-et-application.png\",\"contentUrl\":\"https:\\\/\\\/bien-etreiris.ch\\\/wp-content\\\/uploads\\\/2021\\\/07\\\/Acceuil-a-propos-et-application.png\",\"width\":484,\"height\":300},{\"@type\":\"BreadcrumbList\",\"@id\":\"https:\\\/\\\/bien-etreiris.ch\\\/de\\\/produktpraesentation\\\/aromatherapie\\\/pflanzenwaesser\\\/anwendungen\\\/#breadcrumb\",\"itemListElement\":[{\"@type\":\"ListItem\",\"position\":1,\"name\":\"Home\",\"item\":\"https:\\\/\\\/bien-etreiris.ch\\\/de\\\/\"},{\"@type\":\"ListItem\",\"position\":2,\"name\":\"PRODUKTPR\u00c4SENTATION\",\"item\":\"https:\\\/\\\/bien-etreiris.ch\\\/de\\\/produktpraesentation\\\/\"},{\"@type\":\"ListItem\",\"position\":3,\"name\":\"AROMATHERAPIE\",\"item\":\"https:\\\/\\\/bien-etreiris.ch\\\/de\\\/produktpraesentation\\\/aromatherapie\\\/\"},{\"@type\":\"ListItem\",\"position\":4,\"name\":\"PFLANZENW\u00c4SSER\",\"item\":\"https:\\\/\\\/bien-etreiris.ch\\\/de\\\/produktpraesentation\\\/aromatherapie\\\/pflanzenwaesser\\\/\"},{\"@type\":\"ListItem\",\"position\":5,\"name\":\"ANWENDUNGEN\"}]},{\"@type\":\"WebSite\",\"@id\":\"https:\\\/\\\/bien-etreiris.ch\\\/de\\\/#website\",\"url\":\"https:\\\/\\\/bien-etreiris.ch\\\/de\\\/\",\"name\":\"Bien-\u00eatre Iris\",\"description\":\"IHRE Gesundheit ist uns wichtig\",\"potentialAction\":[{\"@type\":\"SearchAction\",\"target\":{\"@type\":\"EntryPoint\",\"urlTemplate\":\"https:\\\/\\\/bien-etreiris.ch\\\/de\\\/?s={search_term_string}\"},\"query-input\":{\"@type\":\"PropertyValueSpecification\",\"valueRequired\":true,\"valueName\":\"search_term_string\"}}],\"inLanguage\":\"de\"}]}<\/script>\n<!-- \/ Yoast SEO plugin. -->","yoast_head_json":{"title":"ANWENDUNGEN - WOHLBEFINDEN","robots":{"index":"index","follow":"follow","max-snippet":"max-snippet:-1","max-image-preview":"max-image-preview:large","max-video-preview":"max-video-preview:-1"},"canonical":"https:\/\/bien-etreiris.ch\/de\/produktpraesentation\/aromatherapie\/pflanzenwaesser\/anwendungen\/","og_locale":"de_DE","og_type":"article","og_title":"ANWENDUNGEN - WOHLBEFINDEN","og_description":"Alle M\u00f6glichkeiten, die Ihnen unsere Hydrolate bieten \" 100% rein nat\u00fcrlichen BIO \" Kompressen &nbsp; Reichlich auf Kompresse oderauf Wattepads spr\u00fchen undauflegen &nbsp; &nbsp; &nbsp; &nbsp; &nbsp; Haushaltspflege &nbsp; Bespr\u00fchen Sie Ihre W\u00e4sche oderdiverse Textilien mit einemausgew\u00e4hlten Hydrolat. Als B\u00fcgelsprayverwenden oder direktin Dampfb\u00fcgelbeh\u00e4lter f\u00fcllen.Dies schenkt Ihrer W\u00e4sche einenangenehm nat\u00fcrlichen Duft. &nbsp; &nbsp; &nbsp; &nbsp; Haarpflege &nbsp; Als Haar- und Kopfhautpflegedirekt&nbsp;Weiter lesen","og_url":"https:\/\/bien-etreiris.ch\/de\/produktpraesentation\/aromatherapie\/pflanzenwaesser\/anwendungen\/","og_site_name":"WOHLBEFINDEN","article_publisher":"https:\/\/www.facebook.com\/bienetreiris\/","article_modified_time":"2021-07-04T21:20:14+00:00","og_image":[{"width":484,"height":300,"url":"https:\/\/bien-etreiris.ch\/wp-content\/uploads\/2021\/07\/Acceuil-a-propos-et-application.png","type":"image\/png"}],"twitter_misc":{"Gesch\u00e4tzte Lesezeit":"3\u00a0Minuten"},"schema":{"@context":"https:\/\/schema.org","@graph":[{"@type":"WebPage","@id":"https:\/\/bien-etreiris.ch\/de\/produktpraesentation\/aromatherapie\/pflanzenwaesser\/anwendungen\/","url":"https:\/\/bien-etreiris.ch\/de\/produktpraesentation\/aromatherapie\/pflanzenwaesser\/anwendungen\/","name":"ANWENDUNGEN - WOHLBEFINDEN","isPartOf":{"@id":"https:\/\/bien-etreiris.ch\/de\/#website"},"primaryImageOfPage":{"@id":"https:\/\/bien-etreiris.ch\/de\/produktpraesentation\/aromatherapie\/pflanzenwaesser\/anwendungen\/#primaryimage"},"image":{"@id":"https:\/\/bien-etreiris.ch\/de\/produktpraesentation\/aromatherapie\/pflanzenwaesser\/anwendungen\/#primaryimage"},"thumbnailUrl":"https:\/\/bien-etreiris.ch\/wp-content\/uploads\/2021\/07\/Acceuil-a-propos-et-application.png","datePublished":"2019-07-07T13:31:43+00:00","dateModified":"2021-07-04T21:20:14+00:00","breadcrumb":{"@id":"https:\/\/bien-etreiris.ch\/de\/produktpraesentation\/aromatherapie\/pflanzenwaesser\/anwendungen\/#breadcrumb"},"inLanguage":"de","potentialAction":[{"@type":"ReadAction","target":["https:\/\/bien-etreiris.ch\/de\/produktpraesentation\/aromatherapie\/pflanzenwaesser\/anwendungen\/"]}]},{"@type":"ImageObject","inLanguage":"de","@id":"https:\/\/bien-etreiris.ch\/de\/produktpraesentation\/aromatherapie\/pflanzenwaesser\/anwendungen\/#primaryimage","url":"https:\/\/bien-etreiris.ch\/wp-content\/uploads\/2021\/07\/Acceuil-a-propos-et-application.png","contentUrl":"https:\/\/bien-etreiris.ch\/wp-content\/uploads\/2021\/07\/Acceuil-a-propos-et-application.png","width":484,"height":300},{"@type":"BreadcrumbList","@id":"https:\/\/bien-etreiris.ch\/de\/produktpraesentation\/aromatherapie\/pflanzenwaesser\/anwendungen\/#breadcrumb","itemListElement":[{"@type":"ListItem","position":1,"name":"Home","item":"https:\/\/bien-etreiris.ch\/de\/"},{"@type":"ListItem","position":2,"name":"PRODUKTPR\u00c4SENTATION","item":"https:\/\/bien-etreiris.ch\/de\/produktpraesentation\/"},{"@type":"ListItem","position":3,"name":"AROMATHERAPIE","item":"https:\/\/bien-etreiris.ch\/de\/produktpraesentation\/aromatherapie\/"},{"@type":"ListItem","position":4,"name":"PFLANZENW\u00c4SSER","item":"https:\/\/bien-etreiris.ch\/de\/produktpraesentation\/aromatherapie\/pflanzenwaesser\/"},{"@type":"ListItem","position":5,"name":"ANWENDUNGEN"}]},{"@type":"WebSite","@id":"https:\/\/bien-etreiris.ch\/de\/#website","url":"https:\/\/bien-etreiris.ch\/de\/","name":"Bien-\u00eatre Iris","description":"IHRE Gesundheit ist uns wichtig","potentialAction":[{"@type":"SearchAction","target":{"@type":"EntryPoint","urlTemplate":"https:\/\/bien-etreiris.ch\/de\/?s={search_term_string}"},"query-input":{"@type":"PropertyValueSpecification","valueRequired":true,"valueName":"search_term_string"}}],"inLanguage":"de"}]}},"_links":{"self":[{"href":"https:\/\/bien-etreiris.ch\/de\/wp-json\/wp\/v2\/pages\/21843","targetHints":{"allow":["GET"]}}],"collection":[{"href":"https:\/\/bien-etreiris.ch\/de\/wp-json\/wp\/v2\/pages"}],"about":[{"href":"https:\/\/bien-etreiris.ch\/de\/wp-json\/wp\/v2\/types\/page"}],"author":[{"embeddable":true,"href":"https:\/\/bien-etreiris.ch\/de\/wp-json\/wp\/v2\/users\/1"}],"replies":[{"embeddable":true,"href":"https:\/\/bien-etreiris.ch\/de\/wp-json\/wp\/v2\/comments?post=21843"}],"version-history":[{"count":18,"href":"https:\/\/bien-etreiris.ch\/de\/wp-json\/wp\/v2\/pages\/21843\/revisions"}],"predecessor-version":[{"id":22418,"href":"https:\/\/bien-etreiris.ch\/de\/wp-json\/wp\/v2\/pages\/21843\/revisions\/22418"}],"up":[{"embeddable":true,"href":"https:\/\/bien-etreiris.ch\/de\/wp-json\/wp\/v2\/pages\/40767"}],"wp:featuredmedia":[{"embeddable":true,"href":"https:\/\/bien-etreiris.ch\/de\/wp-json\/wp\/v2\/media\/51720"}],"wp:attachment":[{"href":"https:\/\/bien-etreiris.ch\/de\/wp-json\/wp\/v2\/media?parent=21843"}],"curies":[{"name":"wp","href":"https:\/\/api.w.org\/{rel}","templated":true}]}}