{"id":2144,"date":"2017-08-18T12:43:48","date_gmt":"2017-08-18T12:43:48","guid":{"rendered":"https:\/\/bien-etreiris.ch\/demo\/?page_id=2144\/"},"modified":"2024-02-12T13:09:17","modified_gmt":"2024-02-12T11:09:17","slug":"impressionen-aus-unseren-ateliers","status":"publish","type":"page","link":"https:\/\/bien-etreiris.ch\/de\/","title":{"rendered":"START"},"content":{"rendered":"<ul class=\"posts-grid row-fluid unstyled  ul-item-0\"><li class=\"span4 list-item-1\"><h2><a href=\"https:\/\/bien-etreiris.ch\/de\/ratgeber-klarheit-beratung\/\" title=\"RATGEBER &#038; KLARHEIT\">RATGEBER &#038; KLARHEIT<\/a><\/h2><p class=\"post_metabox\"><\/p><figure class=\"featured-thumbnail thumbnail\"><a href=\"https:\/\/bien-etreiris.ch\/wp-content\/uploads\/2017\/08\/acceuil-nos-conseil.jpg\" title=\"RATGEBER &#038; KLARHEIT\" rel=\"prettyPhoto-1583026093[gallery0]\"><img decoding=\"async\" src=\"https:\/\/bien-etreiris.ch\/wp-content\/uploads\/2017\/08\/acceuil-nos-conseil-370x226.jpg\" alt=\"RATGEBER &#038; KLARHEIT\" \/><span class=\"zoom-icon\"><\/span><\/a><\/figure><div class=\"clear\"><\/div><p class=\"excerpt\"><\/p><a href=\"https:\/\/bien-etreiris.ch\/de\/ratgeber-klarheit-beratung\/\" class=\"btn btn-primary\" title=\"RATGEBER &#038; KLARHEIT\">Read more<\/a><\/li><li class=\"span4 list-item-2\"><h2><a href=\"https:\/\/bien-etreiris.ch\/de\/fundgrube-deals\/\" title=\"FUNDGRUBE &#038; DEALS\">FUNDGRUBE &#038; DEALS<\/a><\/h2><p class=\"post_metabox\"><\/p><figure class=\"featured-thumbnail thumbnail\"><a href=\"https:\/\/bien-etreiris.ch\/wp-content\/uploads\/2021\/05\/acceuil-trouvailles.jpg\" title=\"FUNDGRUBE &#038; DEALS\" rel=\"prettyPhoto-1583026093\"><img decoding=\"async\"  src=\"https:\/\/bien-etreiris.ch\/wp-content\/uploads\/2021\/05\/acceuil-trouvailles-370x226.jpg\" alt=\"FUNDGRUBE &#038; DEALS\" \/><span class=\"zoom-icon\"><\/span><\/a><\/figure><div class=\"clear\"><\/div><p class=\"excerpt\"><\/p><a href=\"https:\/\/bien-etreiris.ch\/de\/fundgrube-deals\/\" class=\"btn btn-primary\" title=\"FUNDGRUBE &#038; DEALS\">Read more<\/a><\/li><li class=\"span4 list-item-3\"><h2><a href=\"https:\/\/bien-etreiris.ch\/de\/unsere-marken\/\" title=\"UNSERE MARKEN\">UNSERE MARKEN<\/a><\/h2><p class=\"post_metabox\"><\/p><figure class=\"featured-thumbnail thumbnail\"><a href=\"https:\/\/bien-etreiris.ch\/wp-content\/uploads\/2017\/08\/BOnaturis.png\" title=\"UNSERE MARKEN\" rel=\"prettyPhoto-1583026093[gallery2]\"><img decoding=\"async\" src=\"https:\/\/bien-etreiris.ch\/wp-content\/uploads\/2017\/08\/acceuil-Parmi-nos-marques-370x226.png\" alt=\"UNSERE MARKEN\" \/><span class=\"zoom-icon\"><\/span><\/a><\/figure><figure class=\"featured-thumbnail thumbnail\" style=\"display:none;\"><a href=\"https:\/\/bien-etreiris.ch\/wp-content\/uploads\/2017\/08\/acceuil-Parmi-nos-marques.png\" title=\"UNSERE MARKEN\" rel=\"prettyPhoto-1583026093[gallery2]\"><span class=\"zoom-icon\"><\/span><\/a><\/figure><figure class=\"featured-thumbnail thumbnail\" style=\"display:none;\"><a href=\"https:\/\/bien-etreiris.ch\/wp-content\/uploads\/2013\/03\/logo.jpg\" title=\"UNSERE MARKEN\" rel=\"prettyPhoto-1583026093[gallery2]\"><span class=\"zoom-icon\"><\/span><\/a><\/figure><figure class=\"featured-thumbnail thumbnail\" style=\"display:none;\"><a href=\"https:\/\/bien-etreiris.ch\/wp-content\/uploads\/2017\/08\/logo.jpg\" title=\"UNSERE MARKEN\" rel=\"prettyPhoto-1583026093[gallery2]\"><span class=\"zoom-icon\"><\/span><\/a><\/figure><figure class=\"featured-thumbnail thumbnail\" style=\"display:none;\"><a href=\"https:\/\/bien-etreiris.ch\/wp-content\/uploads\/2017\/08\/Reduzieren-Sie-Ihr-Grippe-Risiko.png\" title=\"UNSERE MARKEN\" rel=\"prettyPhoto-1583026093[gallery2]\"><span class=\"zoom-icon\"><\/span><\/a><\/figure><figure class=\"featured-thumbnail thumbnail\" style=\"display:none;\"><a href=\"https:\/\/bien-etreiris.ch\/wp-content\/uploads\/2017\/08\/Diminuez-le-risque-dattraper-la-grippe-..jpg\" title=\"UNSERE MARKEN\" rel=\"prettyPhoto-1583026093[gallery2]\"><span class=\"zoom-icon\"><\/span><\/a><\/figure><figure class=\"featured-thumbnail thumbnail\" style=\"display:none;\"><a href=\"https:\/\/bien-etreiris.ch\/wp-content\/uploads\/2017\/08\/logo-A.Vogel_.jpg\" title=\"UNSERE MARKEN\" rel=\"prettyPhoto-1583026093[gallery2]\"><span class=\"zoom-icon\"><\/span><\/a><\/figure><figure class=\"featured-thumbnail thumbnail\" style=\"display:none;\"><a href=\"https:\/\/bien-etreiris.ch\/wp-content\/uploads\/2017\/08\/Cellavita.png\" title=\"UNSERE MARKEN\" rel=\"prettyPhoto-1583026093[gallery2]\"><span class=\"zoom-icon\"><\/span><\/a><\/figure><figure class=\"featured-thumbnail thumbnail\" style=\"display:none;\"><a href=\"https:\/\/bien-etreiris.ch\/wp-content\/uploads\/2017\/08\/Logo-P.Jentschura.jpg\" title=\"UNSERE MARKEN\" rel=\"prettyPhoto-1583026093[gallery2]\"><span class=\"zoom-icon\"><\/span><\/a><\/figure><div class=\"clear\"><\/div><p class=\"excerpt\"><\/p><a href=\"https:\/\/bien-etreiris.ch\/de\/unsere-marken\/\" class=\"btn btn-primary\" title=\"UNSERE MARKEN\">Read more<\/a><\/li><\/ul><!-- .posts-grid (end) -->\n<h2>&nbsp;<\/h2>\n<h2>Preislisten 2024 unserer Produkte auf einen Blick pdf<\/h2>\n<h4>Wir haben noch nicht alles \u00fcbersetzen<\/h4>\n<ol>\n<li>\n<h4><span style=\"color: #ffff99;\">Nahrungserg\u00e4nzungsmittel<\/span> ( im Aufbau)<\/h4>\n<\/li>\n<li>\n<h4><a href=\"https:\/\/bien-etreiris.ch\/wp-content\/uploads\/2024\/02\/Preisliste-2024-Aetherische-Oele-2024.pdf\" target=\"_blank\" rel=\"noopener\"><span style=\"color: #ccffcc;\">\u00c4therische \u00d6le pdf<\/span><\/a><\/h4>\n<p><a href=\"https:\/\/bien-etreiris.ch\/wp-content\/uploads\/2024\/02\/LATEINISCH-Preisliste-2024-Aetherische-Oele-2024.pdf\" target=\"_blank\" rel=\"noopener\"><span style=\"color: #ccffff;\">\"<\/span><em>F\u00fcr \u00c4rzte und Therapeuten\"<\/em><\/a><\/p>\n<\/li>\n<li>\n<h4><span style=\"color: #ff9900;\">Pflanzliche \u00d6le pdf<\/span><\/h4>\n<\/li>\n<li>\n<h4><span style=\"color: #00ccff;\">Hydrolat pdf<\/span><\/h4>\n<\/li>\n<li>\n<h4><a href=\"https:\/\/bien-etreiris.ch\/wp-content\/uploads\/2024\/02\/Preisliste-2024-fuer-Gewuerze-Kraeuter-Samen-Tees.pdf\" target=\"_blank\" rel=\"noopener\"><span style=\"color: #99cc00;\">GEW\u00dcRZE, KR<strong>\u00c4<\/strong><\/span><span style=\"color: #99cc00;\">UTER, SAMEN und TEES, in pdf.auf Pflanzenbasis, Rinden, Bl\u00fcten und Wurzeln sind in verschiedenen Verpackungsarten erh\u00e4ltlich. (ganz, geschnitten, Pulver, fl\u00fcssig, Kapseln...)<\/span><\/a><\/h4>\n<\/li>\n<\/ol>\n<p><a href=\"https:\/\/bien-etreiris.ch\/wp-content\/uploads\/2024\/02\/Lateinisch-Preisliste-2024-fuer-Gewuerze-Kraeuter-Samen-und-Tee.pdf\" target=\"_blank\" rel=\"noopener\"><span style=\"color: #99cc00;\">\"<\/span><em>F\u00fcr \u00c4rzte und Therapeuten\"<\/em><\/a><\/p>\n<h2>&nbsp;<\/h2>\n<p>&nbsp;<\/p>\n<p>&nbsp;<\/p>\n<h2><div class='mygallery'>\t\t\t<a rel=\"gallery\" data-fancybox=\"group\" href=\"\"><\/a>\n\t\t<\/div>\t\t<script type=\"text\/javascript\">\n\t\t\tjQuery(document).ready(function($){\n\t\t\t\t$(\".mygallery\").owlCarousel({\n\t\t\t\t    navigation : true,\n\t\t\t\t    pagination : false,\n\t\t\t\t    navigationText : [\"\",\"\"],\n    \t\t\t    rewindNav : true,\n    \t\t\t    items:4,\n\t\t\t\t});\n\t\t\t\t$('a[rel=gallery]').fancybox({\n\t\t\t\t\tloop : true,\n\t\t\t\t\t'transitionIn'\t\t: 'none',\n\t\t\t\t\t'transitionOut'\t\t: 'none',\n\t\t\t\t\t'titlePosition' \t: 'over',\n\t\t\t\t});\n\t\t\t});\n\t\t<\/script>\n\t\t<\/h2>\n\n\nngg_shortcode_0_placeholder\n","protected":false},"excerpt":{"rendered":"<p>&nbsp; Preislisten 2024 unserer Produkte auf einen Blick pdf Wir haben noch nicht alles \u00fcbersetzen Nahrungserg\u00e4nzungsmittel ( im Aufbau) \u00c4therische \u00d6le pdf \"F\u00fcr \u00c4rzte und Therapeuten\" Pflanzliche \u00d6le pdf Hydrolat pdf GEW\u00dcRZE, KR\u00c4UTER, SAMEN und TEES, in pdf.auf Pflanzenbasis, Rinden, Bl\u00fcten und Wurzeln sind in verschiedenen Verpackungsarten erh\u00e4ltlich. (ganz, geschnitten, Pulver, fl\u00fcssig, Kapseln...) \"F\u00fcr \u00c4rzte und Therapeuten\" &nbsp; &nbsp; &nbsp;<\/p>\n","protected":false},"author":1,"featured_media":0,"parent":0,"menu_order":7922,"comment_status":"open","ping_status":"closed","template":"page-home.php","meta":{"_acf_changed":false,"ngg_post_thumbnail":0,"footnotes":""},"class_list":["post-2144","page","type-page","status-publish","hentry","cat-41-id"],"acf":[],"yoast_head":"<!-- This site is optimized with the Yoast SEO plugin v27.4 - https:\/\/yoast.com\/product\/yoast-seo-wordpress\/ -->\n<title>START - WOHLBEFINDEN<\/title>\n<meta name=\"robots\" content=\"index, follow, max-snippet:-1, max-image-preview:large, max-video-preview:-1\" \/>\n<link rel=\"canonical\" href=\"https:\/\/bien-etreiris.ch\/de\/\" \/>\n<meta property=\"og:locale\" content=\"de_DE\" \/>\n<meta property=\"og:type\" content=\"article\" \/>\n<meta property=\"og:title\" content=\"START - WOHLBEFINDEN\" \/>\n<meta property=\"og:description\" content=\"&nbsp; Preislisten 2024 unserer Produkte auf einen Blick pdf Wir haben noch nicht alles \u00fcbersetzen Nahrungserg\u00e4nzungsmittel ( im Aufbau) \u00c4therische \u00d6le pdf &quot;F\u00fcr \u00c4rzte und Therapeuten&quot; Pflanzliche \u00d6le pdf Hydrolat pdf GEW\u00dcRZE, KR\u00c4UTER, SAMEN und TEES, in pdf.auf Pflanzenbasis, Rinden, Bl\u00fcten und Wurzeln sind in verschiedenen Verpackungsarten erh\u00e4ltlich. (ganz, geschnitten, Pulver, fl\u00fcssig, Kapseln...) &quot;F\u00fcr \u00c4rzte und Therapeuten&quot; &nbsp; &nbsp; &nbsp;\" \/>\n<meta property=\"og:url\" content=\"https:\/\/bien-etreiris.ch\/de\/\" \/>\n<meta property=\"og:site_name\" content=\"WOHLBEFINDEN\" \/>\n<meta property=\"article:publisher\" content=\"https:\/\/www.facebook.com\/bienetreiris\/\" \/>\n<meta property=\"article:modified_time\" content=\"2024-02-12T11:09:17+00:00\" \/>\n<meta name=\"twitter:label1\" content=\"Gesch\u00e4tzte Lesezeit\" \/>\n\t<meta name=\"twitter:data1\" content=\"1\u00a0Minute\" \/>\n<script type=\"application\/ld+json\" class=\"yoast-schema-graph\">{\"@context\":\"https:\\\/\\\/schema.org\",\"@graph\":[{\"@type\":\"WebPage\",\"@id\":\"https:\\\/\\\/bien-etreiris.ch\\\/de\\\/\",\"url\":\"https:\\\/\\\/bien-etreiris.ch\\\/de\\\/\",\"name\":\"START - WOHLBEFINDEN\",\"isPartOf\":{\"@id\":\"https:\\\/\\\/bien-etreiris.ch\\\/de\\\/#website\"},\"datePublished\":\"2017-08-18T12:43:48+00:00\",\"dateModified\":\"2024-02-12T11:09:17+00:00\",\"breadcrumb\":{\"@id\":\"https:\\\/\\\/bien-etreiris.ch\\\/de\\\/#breadcrumb\"},\"inLanguage\":\"de\",\"potentialAction\":[{\"@type\":\"ReadAction\",\"target\":[\"https:\\\/\\\/bien-etreiris.ch\\\/de\\\/\"]}]},{\"@type\":\"BreadcrumbList\",\"@id\":\"https:\\\/\\\/bien-etreiris.ch\\\/de\\\/#breadcrumb\",\"itemListElement\":[{\"@type\":\"ListItem\",\"position\":1,\"name\":\"Home\",\"item\":\"https:\\\/\\\/bien-etreiris.ch\\\/de\\\/\"},{\"@type\":\"ListItem\",\"position\":2,\"name\":\"START\"}]},{\"@type\":\"WebSite\",\"@id\":\"https:\\\/\\\/bien-etreiris.ch\\\/de\\\/#website\",\"url\":\"https:\\\/\\\/bien-etreiris.ch\\\/de\\\/\",\"name\":\"Bien-\u00eatre Iris\",\"description\":\"IHRE Gesundheit ist uns wichtig\",\"potentialAction\":[{\"@type\":\"SearchAction\",\"target\":{\"@type\":\"EntryPoint\",\"urlTemplate\":\"https:\\\/\\\/bien-etreiris.ch\\\/de\\\/?s={search_term_string}\"},\"query-input\":{\"@type\":\"PropertyValueSpecification\",\"valueRequired\":true,\"valueName\":\"search_term_string\"}}],\"inLanguage\":\"de\"}]}<\/script>\n<!-- \/ Yoast SEO plugin. -->","yoast_head_json":{"title":"START - WOHLBEFINDEN","robots":{"index":"index","follow":"follow","max-snippet":"max-snippet:-1","max-image-preview":"max-image-preview:large","max-video-preview":"max-video-preview:-1"},"canonical":"https:\/\/bien-etreiris.ch\/de\/","og_locale":"de_DE","og_type":"article","og_title":"START - WOHLBEFINDEN","og_description":"&nbsp; Preislisten 2024 unserer Produkte auf einen Blick pdf Wir haben noch nicht alles \u00fcbersetzen Nahrungserg\u00e4nzungsmittel ( im Aufbau) \u00c4therische \u00d6le pdf \"F\u00fcr \u00c4rzte und Therapeuten\" Pflanzliche \u00d6le pdf Hydrolat pdf GEW\u00dcRZE, KR\u00c4UTER, SAMEN und TEES, in pdf.auf Pflanzenbasis, Rinden, Bl\u00fcten und Wurzeln sind in verschiedenen Verpackungsarten erh\u00e4ltlich. (ganz, geschnitten, Pulver, fl\u00fcssig, Kapseln...) \"F\u00fcr \u00c4rzte und Therapeuten\" &nbsp; &nbsp; &nbsp;","og_url":"https:\/\/bien-etreiris.ch\/de\/","og_site_name":"WOHLBEFINDEN","article_publisher":"https:\/\/www.facebook.com\/bienetreiris\/","article_modified_time":"2024-02-12T11:09:17+00:00","twitter_misc":{"Gesch\u00e4tzte Lesezeit":"1\u00a0Minute"},"schema":{"@context":"https:\/\/schema.org","@graph":[{"@type":"WebPage","@id":"https:\/\/bien-etreiris.ch\/de\/","url":"https:\/\/bien-etreiris.ch\/de\/","name":"START - WOHLBEFINDEN","isPartOf":{"@id":"https:\/\/bien-etreiris.ch\/de\/#website"},"datePublished":"2017-08-18T12:43:48+00:00","dateModified":"2024-02-12T11:09:17+00:00","breadcrumb":{"@id":"https:\/\/bien-etreiris.ch\/de\/#breadcrumb"},"inLanguage":"de","potentialAction":[{"@type":"ReadAction","target":["https:\/\/bien-etreiris.ch\/de\/"]}]},{"@type":"BreadcrumbList","@id":"https:\/\/bien-etreiris.ch\/de\/#breadcrumb","itemListElement":[{"@type":"ListItem","position":1,"name":"Home","item":"https:\/\/bien-etreiris.ch\/de\/"},{"@type":"ListItem","position":2,"name":"START"}]},{"@type":"WebSite","@id":"https:\/\/bien-etreiris.ch\/de\/#website","url":"https:\/\/bien-etreiris.ch\/de\/","name":"Bien-\u00eatre Iris","description":"IHRE Gesundheit ist uns wichtig","potentialAction":[{"@type":"SearchAction","target":{"@type":"EntryPoint","urlTemplate":"https:\/\/bien-etreiris.ch\/de\/?s={search_term_string}"},"query-input":{"@type":"PropertyValueSpecification","valueRequired":true,"valueName":"search_term_string"}}],"inLanguage":"de"}]}},"_links":{"self":[{"href":"https:\/\/bien-etreiris.ch\/de\/wp-json\/wp\/v2\/pages\/2144","targetHints":{"allow":["GET"]}}],"collection":[{"href":"https:\/\/bien-etreiris.ch\/de\/wp-json\/wp\/v2\/pages"}],"about":[{"href":"https:\/\/bien-etreiris.ch\/de\/wp-json\/wp\/v2\/types\/page"}],"author":[{"embeddable":true,"href":"https:\/\/bien-etreiris.ch\/de\/wp-json\/wp\/v2\/users\/1"}],"replies":[{"embeddable":true,"href":"https:\/\/bien-etreiris.ch\/de\/wp-json\/wp\/v2\/comments?post=2144"}],"version-history":[{"count":36,"href":"https:\/\/bien-etreiris.ch\/de\/wp-json\/wp\/v2\/pages\/2144\/revisions"}],"predecessor-version":[{"id":83366,"href":"https:\/\/bien-etreiris.ch\/de\/wp-json\/wp\/v2\/pages\/2144\/revisions\/83366"}],"wp:attachment":[{"href":"https:\/\/bien-etreiris.ch\/de\/wp-json\/wp\/v2\/media?parent=2144"}],"curies":[{"name":"wp","href":"https:\/\/api.w.org\/{rel}","templated":true}]}}