{"id":20530,"date":"2019-06-23T21:41:12","date_gmt":"2019-06-23T21:41:12","guid":{"rendered":"https:\/\/bien-etreiris.ch\/wohlbefinden\/raumbeduftung\/bracelet\/"},"modified":"2026-02-28T12:22:17","modified_gmt":"2026-02-28T10:22:17","slug":"schmuck-koerperdiffusor","status":"publish","type":"page","link":"https:\/\/bien-etreiris.ch\/de\/produktpraesentation\/aromatherapie\/raumbeduftung\/schmuck-koerperdiffusor\/","title":{"rendered":"SCHMUCK DIFFUSOR"},"content":{"rendered":"\n<h2>SCHMUCK K\u00d6RPERDIFFUSOR&nbsp;<\/h2>\n<p><em>in Form eines Anh\u00e4ngers<\/em><\/p>\n<p>&nbsp;<\/p>\n\n\n<h4>Runder K\u00f6rperdiffusor mit Nachf\u00fcllpackung<\/h4>\n<p>&nbsp;<\/p>\n\n\n<p><img loading=\"lazy\" decoding=\"async\" class=\"wp-image-97676 alignleft\" src=\"https:\/\/bien-etreiris.ch\/wp-content\/uploads\/2026\/02\/Corporelle-1.png\" alt=\"\" width=\"614\" height=\"376\" srcset=\"https:\/\/bien-etreiris.ch\/wp-content\/uploads\/2026\/02\/Corporelle-1.png 681w, https:\/\/bien-etreiris.ch\/wp-content\/uploads\/2026\/02\/Corporelle-1-300x184.png 300w, https:\/\/bien-etreiris.ch\/wp-content\/uploads\/2026\/02\/Corporelle-1-370x226.png 370w\" sizes=\"auto, (max-width: 614px) 100vw, 614px\" \/><\/p>\n\n\n\n<p>&nbsp;<\/p>\n<p>&nbsp;<\/p>\n<p>&nbsp;<\/p>\n<p>&nbsp;<\/p>\n<p>&nbsp;<\/p>\n<p>1 St\u00fcck CHF 47.00<\/p>\n<h4>&nbsp;<\/h4>\n<h4>&nbsp;<\/h4>\n<p>&nbsp;<\/p>\n<h2>Runder K\u00f6rperdiffusor mit Nachf\u00fcllpackung<\/h2>\n<p>&nbsp;<\/p>\n<p><strong>BESCHREIBUNG<\/strong><\/p>\n<p>Jedes St\u00fcck ist ein Unikat: Die Farbe oder Maserung des Holzes und die Form k\u00f6nnen von der Abbildung abweichen.<\/p>\n<p>Dieser Holzschnitzer, den wir an einem Stand getroffen haben, verwendet lokale Holzarten (Nussbaum, Ahorn, Esche, Linde, Kastanie, Ulme, Hainbuche, Stechpalme usw.), um einen K\u00f6rperdiffusor herzustellen.<\/p>\n<p>Ein kleines, einzigartiges Schmuckst\u00fcck, das man um den Hals tragen kann, nachdem man \u00e4therische \u00d6le (zwischen 1 und 20 Tropfen) hineingegeben hat. Das \u00d6l wird von innen nach au\u00dfen gefiltert, um eine sanfte, gleichm\u00e4\u00dfige Diffusion zu gew\u00e4hrleisten.<\/p>\n<p>Beginnen Sie die Diffusion mit 2 Tropfen und erh\u00f6hen Sie die Menge je nach Bedarf und verwendetem \u00d6l.<\/p>\n<p>Im Lieferumfang enthalten: K\u00f6rperdiffusor aus Holz, verstellbares Band und Nachf\u00fcllpackungen aus Lindenholz<\/p>\n<p>Je nach verwendeter Holzart kann die Diffusion schnell bis langsam erfolgen. Siehe unten.<\/p>\n<ul>\n<li>Langsame Diffusion (Rote Esche, Hainbuche, Aprikosenbaum, Apfelbaum)<\/li>\n<li>Mittlere Diffusion (Birke, Wei\u00dfdorn, Birnbaum, Ulme)<\/li>\n<li>Schnelle Diffusion (Walnussbaum, Eibe, Kirschbaum, Wei\u00dfesche).<\/li>\n<\/ul>\n<p>&nbsp;<\/p>\n<p>&nbsp;<\/p>\n<p>&nbsp;<\/p>\n<hr>\n<h2>K\u00f6rperdiffusor aus Holz, klein, rund<\/h2>\n<p>&nbsp;<\/p>\n<p><img loading=\"lazy\" decoding=\"async\" class=\"size-full wp-image-97697 alignleft\" src=\"https:\/\/bien-etreiris.ch\/wp-content\/uploads\/2026\/02\/Diffuseur-corporel-en-bois-circulaire-petit-1.png\" alt=\"\" width=\"455\" height=\"298\" srcset=\"https:\/\/bien-etreiris.ch\/wp-content\/uploads\/2026\/02\/Diffuseur-corporel-en-bois-circulaire-petit-1.png 455w, https:\/\/bien-etreiris.ch\/wp-content\/uploads\/2026\/02\/Diffuseur-corporel-en-bois-circulaire-petit-1-300x196.png 300w\" sizes=\"auto, (max-width: 455px) 100vw, 455px\" \/><\/p>\n<p>&nbsp;<\/p>\n<p>&nbsp;<\/p>\n<p>&nbsp;<\/p>\n<p>&nbsp;<\/p>\n<p>1 St\u00fcck <strong>CHF 39.90<\/strong><\/p>\n<p>&nbsp;<\/p>\n<p>&nbsp;<\/p>\n<p>&nbsp;<\/p>\n<p><strong>BESCHREIBUNG<\/strong><\/p>\n<p>Jedes St\u00fcck ist ein Unikat: Die Farbe oder Maserung des Holzes und die Form k\u00f6nnen von der Abbildung abweichen.<\/p>\n<p>Dieser Holzschnitzer, den wir an einem Stand getroffen haben, verwendet lokale Holzarten (Nussbaum, Ahorn, Esche, Linde, Kastanie, Ulme, Hainbuche, Stechpalme usw.), um einen K\u00f6rperdiffusor herzustellen.<\/p>\n<p>Ein kleines, einzigartiges Schmuckst\u00fcck, das man um den Hals tragen kann, nachdem man \u00e4therische \u00d6le (zwischen 1 und 20 Tropfen) hineingegeben hat. Das \u00d6l wird von innen nach aussen gefiltert, um eine sanfte, gleichm\u00e4ssige Diffusion zu gew\u00e4hrleisten.<\/p>\n<p>Beginnen Sie die Diffusion mit 2 Tropfen und erh\u00f6hen Sie die Menge je nach Bedarf und verwendetem \u00d6l.<\/p>\n<p>Im Lieferumfang enthalten: der K\u00f6rperdiffusor aus Holz, ein verstellbares Band.<\/p>\n<p>Je nach verwendetem \u00d6l kann die Diffusion schnell oder langsam erfolgen. Siehe unten.<\/p>\n<ul>\n<li>Langsame Diffusion (Rote Esche, Hainbuche, Aprikosenbaum, Apfelbaum)<\/li>\n<li>Mittlere Diffusion (Birke, Weissdorn, Birnbaum, Ulme)<\/li>\n<li>Schnelle Diffusion (Walnussbaum, Eibe, Kirschbaum, Weissesche).<\/li>\n<\/ul>\n<p>&nbsp;<\/p>\n<p>&nbsp;<\/p>\n<p>&nbsp;<\/p>\n<hr>\n<p>&nbsp;<\/p>\n\n\n\n<h2>K\u00f6rperdiffusor aus Holz mit Pendel<\/h2>\n\n\n\n<p><img loading=\"lazy\" decoding=\"async\" class=\"size-full wp-image-97709 alignleft\" src=\"https:\/\/bien-etreiris.ch\/wp-content\/uploads\/2026\/02\/Diffuseur-corporel-en-bois-pendulaire.png\" alt=\"\" width=\"458\" height=\"339\" srcset=\"https:\/\/bien-etreiris.ch\/wp-content\/uploads\/2026\/02\/Diffuseur-corporel-en-bois-pendulaire.png 458w, https:\/\/bien-etreiris.ch\/wp-content\/uploads\/2026\/02\/Diffuseur-corporel-en-bois-pendulaire-300x222.png 300w\" sizes=\"auto, (max-width: 458px) 100vw, 458px\" \/><\/p>\n<p>&nbsp;<\/p>\n<p>&nbsp;<\/p>\n<p>&nbsp;<\/p>\n<p>&nbsp;<\/p>\n<p>&nbsp;<\/p>\n<p>1 St\u00fcck <strong>CHF 35.00<\/strong><\/p>\n<p>&nbsp;<\/p>\n<p>&nbsp;<\/p>\n<p>&nbsp;<\/p>\n<p><strong>BESCHREIBUNG<\/strong><\/p>\n<p>Jedes St\u00fcck ist ein Unikat: Die Farbe oder Maserung des Holzes und die Form k\u00f6nnen von der Abbildung abweichen.<\/p>\n<p>Dieser Holzschnitzer, den wir an einem Stand getroffen haben, verwendet lokale Holzarten (Nussbaum, Ahorn, Esche, Linde, Kastanie, Ulme, Hainbuche, Stechpalme usw.), um einen K\u00f6rperdiffusor herzustellen.<\/p>\n<p>Ein kleines, einzigartiges Schmuckst\u00fcck, das man um den Hals tragen kann, nachdem man \u00e4therische \u00d6le (zwischen 1 und 20 Tropfen) hineingegeben hat. Das \u00d6l wird von innen nach aussen gefiltert, um eine sanfte, gleichm\u00e4ssige Diffusion zu gew\u00e4hrleisten.<\/p>\n<p>Beginnen Sie die Diffusion mit 2 Tropfen und erh\u00f6hen Sie die Menge je nach Bedarf und verwendetem \u00d6l.<\/p>\n<p>Im Lieferumfang enthalten: K\u00f6rperdiffusor aus Holz, verstellbares Band.<\/p>\n<p>Je nach verwendetem \u00d6l kann die Diffusion schnell oder langsam erfolgen. Siehe unten.<\/p>\n<ul>\n<li>Langsame Diffusion (Rote Esche, Hainbuche, Aprikosenbaum, Apfelbaum)<\/li>\n<li>Mittlere Diffusion (Birke, Weissdorn, Birnbaum, Ulme)<\/li>\n<li>Schnelle Diffusion (Walnussbaum, Eibe, Kirschbaum, Weissesche).<\/li>\n<\/ul>\n<p>&nbsp;<\/p>\n<p>&nbsp;<\/p>\n","protected":false},"excerpt":{"rendered":"<p>SCHMUCK K\u00d6RPERDIFFUSOR&nbsp; in Form eines Anh\u00e4ngers &nbsp; Runder K\u00f6rperdiffusor mit Nachf\u00fcllpackung &nbsp; &nbsp; &nbsp; &nbsp; &nbsp; &nbsp; 1 St\u00fcck CHF 47.00 &nbsp; &nbsp; &nbsp; Runder K\u00f6rperdiffusor mit Nachf\u00fcllpackung &nbsp; BESCHREIBUNG Jedes St\u00fcck ist ein Unikat: Die Farbe oder Maserung des Holzes und die Form k\u00f6nnen von der Abbildung abweichen. Dieser Holzschnitzer, den wir an einem Stand getroffen haben, verwendet lokale&nbsp;<a href=\"https:\/\/bien-etreiris.ch\/de\/produktpraesentation\/aromatherapie\/raumbeduftung\/schmuck-koerperdiffusor\/\" class=\"read-more\">Weiter lesen<\/a><\/p>\n","protected":false},"author":1,"featured_media":97674,"parent":19409,"menu_order":7514,"comment_status":"closed","ping_status":"closed","template":"page-with-child.php","meta":{"_acf_changed":false,"ngg_post_thumbnail":0,"footnotes":""},"class_list":["post-20530","page","type-page","status-publish","has-post-thumbnail","hentry"],"acf":[],"yoast_head":"<!-- This site is optimized with the Yoast SEO plugin v27.4 - https:\/\/yoast.com\/product\/yoast-seo-wordpress\/ -->\n<title>SCHMUCK DIFFUSOR - WOHLBEFINDEN<\/title>\n<meta name=\"robots\" content=\"index, follow, max-snippet:-1, max-image-preview:large, max-video-preview:-1\" \/>\n<link rel=\"canonical\" href=\"https:\/\/bien-etreiris.ch\/de\/produktpraesentation\/aromatherapie\/raumbeduftung\/schmuck-koerperdiffusor\/\" \/>\n<meta property=\"og:locale\" content=\"de_DE\" \/>\n<meta property=\"og:type\" content=\"article\" \/>\n<meta property=\"og:title\" content=\"SCHMUCK DIFFUSOR - WOHLBEFINDEN\" \/>\n<meta property=\"og:description\" content=\"SCHMUCK K\u00d6RPERDIFFUSOR&nbsp; in Form eines Anh\u00e4ngers &nbsp; Runder K\u00f6rperdiffusor mit Nachf\u00fcllpackung &nbsp; &nbsp; &nbsp; &nbsp; &nbsp; &nbsp; 1 St\u00fcck CHF 47.00 &nbsp; &nbsp; &nbsp; Runder K\u00f6rperdiffusor mit Nachf\u00fcllpackung &nbsp; BESCHREIBUNG Jedes St\u00fcck ist ein Unikat: Die Farbe oder Maserung des Holzes und die Form k\u00f6nnen von der Abbildung abweichen. Dieser Holzschnitzer, den wir an einem Stand getroffen haben, verwendet lokale&nbsp;Weiter lesen\" \/>\n<meta property=\"og:url\" content=\"https:\/\/bien-etreiris.ch\/de\/produktpraesentation\/aromatherapie\/raumbeduftung\/schmuck-koerperdiffusor\/\" \/>\n<meta property=\"og:site_name\" content=\"WOHLBEFINDEN\" \/>\n<meta property=\"article:publisher\" content=\"https:\/\/www.facebook.com\/bienetreiris\/\" \/>\n<meta property=\"article:modified_time\" content=\"2026-02-28T10:22:17+00:00\" \/>\n<meta property=\"og:image\" content=\"https:\/\/bien-etreiris.ch\/wp-content\/uploads\/2026\/02\/Corporelle.png\" \/>\n\t<meta property=\"og:image:width\" content=\"681\" \/>\n\t<meta property=\"og:image:height\" content=\"417\" \/>\n\t<meta property=\"og:image:type\" content=\"image\/png\" \/>\n<meta name=\"twitter:label1\" content=\"Gesch\u00e4tzte Lesezeit\" \/>\n\t<meta name=\"twitter:data1\" content=\"4\u00a0Minuten\" \/>\n<script type=\"application\/ld+json\" class=\"yoast-schema-graph\">{\"@context\":\"https:\\\/\\\/schema.org\",\"@graph\":[{\"@type\":\"WebPage\",\"@id\":\"https:\\\/\\\/bien-etreiris.ch\\\/de\\\/produktpraesentation\\\/aromatherapie\\\/raumbeduftung\\\/schmuck-koerperdiffusor\\\/\",\"url\":\"https:\\\/\\\/bien-etreiris.ch\\\/de\\\/produktpraesentation\\\/aromatherapie\\\/raumbeduftung\\\/schmuck-koerperdiffusor\\\/\",\"name\":\"SCHMUCK DIFFUSOR - WOHLBEFINDEN\",\"isPartOf\":{\"@id\":\"https:\\\/\\\/bien-etreiris.ch\\\/de\\\/#website\"},\"primaryImageOfPage\":{\"@id\":\"https:\\\/\\\/bien-etreiris.ch\\\/de\\\/produktpraesentation\\\/aromatherapie\\\/raumbeduftung\\\/schmuck-koerperdiffusor\\\/#primaryimage\"},\"image\":{\"@id\":\"https:\\\/\\\/bien-etreiris.ch\\\/de\\\/produktpraesentation\\\/aromatherapie\\\/raumbeduftung\\\/schmuck-koerperdiffusor\\\/#primaryimage\"},\"thumbnailUrl\":\"https:\\\/\\\/bien-etreiris.ch\\\/wp-content\\\/uploads\\\/2026\\\/02\\\/Corporelle.png\",\"datePublished\":\"2019-06-23T21:41:12+00:00\",\"dateModified\":\"2026-02-28T10:22:17+00:00\",\"breadcrumb\":{\"@id\":\"https:\\\/\\\/bien-etreiris.ch\\\/de\\\/produktpraesentation\\\/aromatherapie\\\/raumbeduftung\\\/schmuck-koerperdiffusor\\\/#breadcrumb\"},\"inLanguage\":\"de\",\"potentialAction\":[{\"@type\":\"ReadAction\",\"target\":[\"https:\\\/\\\/bien-etreiris.ch\\\/de\\\/produktpraesentation\\\/aromatherapie\\\/raumbeduftung\\\/schmuck-koerperdiffusor\\\/\"]}]},{\"@type\":\"ImageObject\",\"inLanguage\":\"de\",\"@id\":\"https:\\\/\\\/bien-etreiris.ch\\\/de\\\/produktpraesentation\\\/aromatherapie\\\/raumbeduftung\\\/schmuck-koerperdiffusor\\\/#primaryimage\",\"url\":\"https:\\\/\\\/bien-etreiris.ch\\\/wp-content\\\/uploads\\\/2026\\\/02\\\/Corporelle.png\",\"contentUrl\":\"https:\\\/\\\/bien-etreiris.ch\\\/wp-content\\\/uploads\\\/2026\\\/02\\\/Corporelle.png\",\"width\":681,\"height\":417},{\"@type\":\"BreadcrumbList\",\"@id\":\"https:\\\/\\\/bien-etreiris.ch\\\/de\\\/produktpraesentation\\\/aromatherapie\\\/raumbeduftung\\\/schmuck-koerperdiffusor\\\/#breadcrumb\",\"itemListElement\":[{\"@type\":\"ListItem\",\"position\":1,\"name\":\"Home\",\"item\":\"https:\\\/\\\/bien-etreiris.ch\\\/de\\\/\"},{\"@type\":\"ListItem\",\"position\":2,\"name\":\"PRODUKTPR\u00c4SENTATION\",\"item\":\"https:\\\/\\\/bien-etreiris.ch\\\/de\\\/produktpraesentation\\\/\"},{\"@type\":\"ListItem\",\"position\":3,\"name\":\"AROMATHERAPIE\",\"item\":\"https:\\\/\\\/bien-etreiris.ch\\\/de\\\/produktpraesentation\\\/aromatherapie\\\/\"},{\"@type\":\"ListItem\",\"position\":4,\"name\":\"RAUMBEDUFTUNG\",\"item\":\"https:\\\/\\\/bien-etreiris.ch\\\/de\\\/produktpraesentation\\\/aromatherapie\\\/raumbeduftung\\\/\"},{\"@type\":\"ListItem\",\"position\":5,\"name\":\"SCHMUCK DIFFUSOR\"}]},{\"@type\":\"WebSite\",\"@id\":\"https:\\\/\\\/bien-etreiris.ch\\\/de\\\/#website\",\"url\":\"https:\\\/\\\/bien-etreiris.ch\\\/de\\\/\",\"name\":\"Bien-\u00eatre Iris\",\"description\":\"IHRE Gesundheit ist uns wichtig\",\"potentialAction\":[{\"@type\":\"SearchAction\",\"target\":{\"@type\":\"EntryPoint\",\"urlTemplate\":\"https:\\\/\\\/bien-etreiris.ch\\\/de\\\/?s={search_term_string}\"},\"query-input\":{\"@type\":\"PropertyValueSpecification\",\"valueRequired\":true,\"valueName\":\"search_term_string\"}}],\"inLanguage\":\"de\"}]}<\/script>\n<!-- \/ Yoast SEO plugin. -->","yoast_head_json":{"title":"SCHMUCK DIFFUSOR - WOHLBEFINDEN","robots":{"index":"index","follow":"follow","max-snippet":"max-snippet:-1","max-image-preview":"max-image-preview:large","max-video-preview":"max-video-preview:-1"},"canonical":"https:\/\/bien-etreiris.ch\/de\/produktpraesentation\/aromatherapie\/raumbeduftung\/schmuck-koerperdiffusor\/","og_locale":"de_DE","og_type":"article","og_title":"SCHMUCK DIFFUSOR - WOHLBEFINDEN","og_description":"SCHMUCK K\u00d6RPERDIFFUSOR&nbsp; in Form eines Anh\u00e4ngers &nbsp; Runder K\u00f6rperdiffusor mit Nachf\u00fcllpackung &nbsp; &nbsp; &nbsp; &nbsp; &nbsp; &nbsp; 1 St\u00fcck CHF 47.00 &nbsp; &nbsp; &nbsp; Runder K\u00f6rperdiffusor mit Nachf\u00fcllpackung &nbsp; BESCHREIBUNG Jedes St\u00fcck ist ein Unikat: Die Farbe oder Maserung des Holzes und die Form k\u00f6nnen von der Abbildung abweichen. Dieser Holzschnitzer, den wir an einem Stand getroffen haben, verwendet lokale&nbsp;Weiter lesen","og_url":"https:\/\/bien-etreiris.ch\/de\/produktpraesentation\/aromatherapie\/raumbeduftung\/schmuck-koerperdiffusor\/","og_site_name":"WOHLBEFINDEN","article_publisher":"https:\/\/www.facebook.com\/bienetreiris\/","article_modified_time":"2026-02-28T10:22:17+00:00","og_image":[{"width":681,"height":417,"url":"https:\/\/bien-etreiris.ch\/wp-content\/uploads\/2026\/02\/Corporelle.png","type":"image\/png"}],"twitter_misc":{"Gesch\u00e4tzte Lesezeit":"4\u00a0Minuten"},"schema":{"@context":"https:\/\/schema.org","@graph":[{"@type":"WebPage","@id":"https:\/\/bien-etreiris.ch\/de\/produktpraesentation\/aromatherapie\/raumbeduftung\/schmuck-koerperdiffusor\/","url":"https:\/\/bien-etreiris.ch\/de\/produktpraesentation\/aromatherapie\/raumbeduftung\/schmuck-koerperdiffusor\/","name":"SCHMUCK DIFFUSOR - WOHLBEFINDEN","isPartOf":{"@id":"https:\/\/bien-etreiris.ch\/de\/#website"},"primaryImageOfPage":{"@id":"https:\/\/bien-etreiris.ch\/de\/produktpraesentation\/aromatherapie\/raumbeduftung\/schmuck-koerperdiffusor\/#primaryimage"},"image":{"@id":"https:\/\/bien-etreiris.ch\/de\/produktpraesentation\/aromatherapie\/raumbeduftung\/schmuck-koerperdiffusor\/#primaryimage"},"thumbnailUrl":"https:\/\/bien-etreiris.ch\/wp-content\/uploads\/2026\/02\/Corporelle.png","datePublished":"2019-06-23T21:41:12+00:00","dateModified":"2026-02-28T10:22:17+00:00","breadcrumb":{"@id":"https:\/\/bien-etreiris.ch\/de\/produktpraesentation\/aromatherapie\/raumbeduftung\/schmuck-koerperdiffusor\/#breadcrumb"},"inLanguage":"de","potentialAction":[{"@type":"ReadAction","target":["https:\/\/bien-etreiris.ch\/de\/produktpraesentation\/aromatherapie\/raumbeduftung\/schmuck-koerperdiffusor\/"]}]},{"@type":"ImageObject","inLanguage":"de","@id":"https:\/\/bien-etreiris.ch\/de\/produktpraesentation\/aromatherapie\/raumbeduftung\/schmuck-koerperdiffusor\/#primaryimage","url":"https:\/\/bien-etreiris.ch\/wp-content\/uploads\/2026\/02\/Corporelle.png","contentUrl":"https:\/\/bien-etreiris.ch\/wp-content\/uploads\/2026\/02\/Corporelle.png","width":681,"height":417},{"@type":"BreadcrumbList","@id":"https:\/\/bien-etreiris.ch\/de\/produktpraesentation\/aromatherapie\/raumbeduftung\/schmuck-koerperdiffusor\/#breadcrumb","itemListElement":[{"@type":"ListItem","position":1,"name":"Home","item":"https:\/\/bien-etreiris.ch\/de\/"},{"@type":"ListItem","position":2,"name":"PRODUKTPR\u00c4SENTATION","item":"https:\/\/bien-etreiris.ch\/de\/produktpraesentation\/"},{"@type":"ListItem","position":3,"name":"AROMATHERAPIE","item":"https:\/\/bien-etreiris.ch\/de\/produktpraesentation\/aromatherapie\/"},{"@type":"ListItem","position":4,"name":"RAUMBEDUFTUNG","item":"https:\/\/bien-etreiris.ch\/de\/produktpraesentation\/aromatherapie\/raumbeduftung\/"},{"@type":"ListItem","position":5,"name":"SCHMUCK DIFFUSOR"}]},{"@type":"WebSite","@id":"https:\/\/bien-etreiris.ch\/de\/#website","url":"https:\/\/bien-etreiris.ch\/de\/","name":"Bien-\u00eatre Iris","description":"IHRE Gesundheit ist uns wichtig","potentialAction":[{"@type":"SearchAction","target":{"@type":"EntryPoint","urlTemplate":"https:\/\/bien-etreiris.ch\/de\/?s={search_term_string}"},"query-input":{"@type":"PropertyValueSpecification","valueRequired":true,"valueName":"search_term_string"}}],"inLanguage":"de"}]}},"_links":{"self":[{"href":"https:\/\/bien-etreiris.ch\/de\/wp-json\/wp\/v2\/pages\/20530","targetHints":{"allow":["GET"]}}],"collection":[{"href":"https:\/\/bien-etreiris.ch\/de\/wp-json\/wp\/v2\/pages"}],"about":[{"href":"https:\/\/bien-etreiris.ch\/de\/wp-json\/wp\/v2\/types\/page"}],"author":[{"embeddable":true,"href":"https:\/\/bien-etreiris.ch\/de\/wp-json\/wp\/v2\/users\/1"}],"replies":[{"embeddable":true,"href":"https:\/\/bien-etreiris.ch\/de\/wp-json\/wp\/v2\/comments?post=20530"}],"version-history":[{"count":6,"href":"https:\/\/bien-etreiris.ch\/de\/wp-json\/wp\/v2\/pages\/20530\/revisions"}],"predecessor-version":[{"id":97720,"href":"https:\/\/bien-etreiris.ch\/de\/wp-json\/wp\/v2\/pages\/20530\/revisions\/97720"}],"up":[{"embeddable":true,"href":"https:\/\/bien-etreiris.ch\/de\/wp-json\/wp\/v2\/pages\/19409"}],"wp:featuredmedia":[{"embeddable":true,"href":"https:\/\/bien-etreiris.ch\/de\/wp-json\/wp\/v2\/media\/97674"}],"wp:attachment":[{"href":"https:\/\/bien-etreiris.ch\/de\/wp-json\/wp\/v2\/media?parent=20530"}],"curies":[{"name":"wp","href":"https:\/\/api.w.org\/{rel}","templated":true}]}}