{"id":20498,"date":"2019-06-23T08:03:26","date_gmt":"2019-06-23T08:03:26","guid":{"rendered":"https:\/\/bien-etreiris.ch\/wohlbefinden\/rohstoffe\/sels\/sel\/"},"modified":"2023-12-08T12:40:42","modified_gmt":"2023-12-08T10:40:42","slug":"epsom-salz","status":"publish","type":"page","link":"https:\/\/bien-etreiris.ch\/de\/produktpraesentation\/entspannen\/badezusaetze\/epsom-salz\/","title":{"rendered":"EPSOM SALZ"},"content":{"rendered":"\n<h2>Epsom Salz<\/h2>\n\n\n<p><strong>Bittersalz (Magnesiumsulfat, lebensmittelecht)<\/strong><\/p>\n<p><a href=\"https:\/\/decoiris.ch\/wp-content\/uploads\/2019\/06\/Sel-epson-3.jpg\"><img loading=\"lazy\" decoding=\"async\" class=\" wp-image-20562 alignleft\" src=\"https:\/\/decoiris.ch\/wp-content\/uploads\/2019\/06\/Sel-epson-3-250x300.jpg\" alt=\"\" width=\"310\" height=\"371\"><\/a><\/p>\n<p>&nbsp;<\/p>\n<p>&nbsp;<\/p>\n<p>&nbsp;<\/p>\n<p>&nbsp;<\/p>\n<p>&nbsp;<\/p>\n<p>&nbsp;<\/p>\n<p><strong>Im lose Verkauf 50 gr. CHF 0.40<\/strong><\/p>\n<p><strong>Orginal Verpackung 1 kg CHF 9.20<\/strong><\/p>\n<p><strong>Epsom-Salz, Magnesiumsulfat oder Bittersalz.<\/strong><br>Beruhigend und entgiftend, hilft dieses Salz, m\u00fcde und schmerzhafte Muskeln zu entspannen.<br>Hervorragend geeignet f\u00fcr den Einsatz nach Sport und Bewegung.<\/p>\n<p>&nbsp;<\/p>\n<p>&nbsp;<\/p>\n<p>&nbsp;<\/p>\n\n\n<p> <br>Bittersalz: aus nat\u00fcrlichen Vorkommen Nordeuropas, Produkt, das f\u00fcr seine vielf\u00e4ltigen Verwendungszwecke anerkannt ist: Kosmetika, Landwirtschaft, Pflegebehandlungen.<br><br>Das ber\u00fchmte Salz von Epsom ist seit mehreren Jahrhunderten daf\u00fcr bekannt, Entspannungsmuskulatur, Entspannung und Vitalit\u00e4t der Haut zu bringen. Es ist auch f\u00fcr seine vielen anderen Anwendungen bekannt: Es wird als Peeling f\u00fcr die Familienhygiene gesch\u00e4tzt, in der Landwirtschaft bringt es Schwefel und Magnesium in die Pflanzen und wird im Falle von Heilmitteln verwendet.<br><br>Bittersalz (Magnesiumsulfat-Heptahydrat) wird aus nat\u00fcrlichen Vorkommen in Nordeuropa gewonnen und einfach durch einen mechanischen Prozess gereinigt. <\/p>\n\n\n\n<p><br>M\u00f6chten Sie die Zeit, die Sie zwangsl\u00e4ufig zu Hause verbringen, nutzen, um sich um Ihr Wohlbefinden und Ihre Sch\u00f6nheit zu k\u00fcmmern? Ein warmes Bad mit Bittersalz ist genau das, was Sie brauchen.<br>Was ist Bittersalz?<br>Epsom-Salz ist ein Mineral aus der Gruppe der Epsomiten : Chemisch gesehen handelt es sich um ein Magnesiumsulfat-Heptahydrat, das in der Natur vorkommt und k\u00fcnstlich vermehrbar ist.<br>Aufgrund seines bitteren Geschmacks wird es auch als \"Epsom-Salz\" bezeichnet. Es stammt aus der englischen Stadt Epsom, nach der es in der Regel auch benannt ist. Obwohl seine urspr\u00fcngliche Farbe zwischen gr\u00fcnlichen und rosafarbenen T\u00f6nen variieren kann, ist das im Handel erh\u00e4ltliche Bittersalz, das eigentlich halbtransparent ist, wei\u00df.<\/p>\n<h4>Seine Vorteile<\/h4>\n<p>Bittersalz ist wasserl\u00f6slich, was es einfach zu verwenden macht.<br>Seine Verwendung als Nahrungserg\u00e4nzungsmittel ist sehr breit gef\u00e4chert: von der Pflege von Pflanzen und Gem\u00fcse aufgrund seiner photosyntheseverst\u00e4rkenden Eigenschaften bis hin zur Verwendung in der K\u00f6rperpflege als Nahrungserg\u00e4nzungsmittel oder Kosmetika.<br>Als Nahrungserg\u00e4nzungsmittel wirkt Bittersalz gegen Kr\u00e4mpfe, chronische M\u00fcdigkeit, Nervosit\u00e4t und Stress; es lindert auch Migr\u00e4ne und wirkt gegen St\u00f6rungen des Darmtrakts und beschleunigt die Verdauung.<br>Achtung: Wenn Sie Bittersalz konsumieren m\u00f6chten, wenden Sie sich an einen Arzt Ihres Vertrauens, um Informationen \u00fcber die Dosierung und Anwendung zu erhalten.<\/p>\n<h4><br>Ein warmes Bad mit Bittersalz<\/h4>\n<p>Bittersalz erh\u00f6ht die Dichte des Wassers, sodass Ihre Beine buchst\u00e4blich auf dem Wasser schweben, was sich sehr positiv auf das Lymphsystem und die Durchblutung auswirkt. Ein warmes, entspannendes Bad mit Bittersalz kann Muskel- und Gelenkschmerzen lindern, w\u00e4hrend Ihre Beine eine neue Leichtigkeit erfahren und Ihr Kopf sich wunderbar entspannt.<br>Durch seine osmotische Wirkung f\u00f6rdert Bittersalz die Drainage \u00fcbersch\u00fcssiger Fl\u00fcssigkeit : Kn\u00f6chel, Knie und Oberschenkel werden schlanker, der K\u00f6rper wird entschlackt und die Haut wird weich und ebenm\u00e4ssig.<br>Aber das ist noch nicht alles: Dieses einfache Wellness-Ritual eignet sich besonders gut zur Muskelentspannung nach k\u00f6rperlicher Aktivit\u00e4t.<br>Ausserdem f\u00f6rdert Bittersalz die Produktion von Serotonin, dem Gl\u00fcckshormon, das wir heute mehr denn je brauchen!<\/p>\n<h4>Verwendung<\/h4>\n<p>Als Badezusatz (4-6 Handvoll Bittersalz ins Badewasser geben), zur Lockerung der F\u00fcsse (2 Handvoll Bittersalz in eine Sch\u00fcssel mit lauwarmem Wasser geben).<\/p>\n<h4>Praktische Tipps f\u00fcr die Anwendung<\/h4>\n<p>Hier sind ein paar einfache Schritte, mit denen Sie Ihr Badezimmer in einen Ort der Gesundheit und des Wohlbefindens verwandeln k\u00f6nnen:<\/p>\n<ul style=\"list-style-type: disc;\">\n<li>lassen Sie sich ein Bad einlaufen<\/li>\n<li>geben Sie zwei Tassen Bittersalz in das Wasser<\/li>\n<li>geben Sie einige Tropfen Ihres Lieblingsparf\u00fcms hinzu<\/li>\n<li>dimmen Sie das Licht und z\u00fcnden Sie, wenn Sie m\u00f6chten, einige Kerzen an<\/li>\n<li>w\u00e4hlen Sie eine Hintergrundmusik, die Ihnen gef\u00e4llt<\/li>\n<li>stellen Sie Ihr Mobiltelefon auf lautlos<\/li>\n<li>legen Sie sich mindestens 20 Minuten lang in die Badewanne<\/li>\n<\/ul>\n<p>&nbsp;<\/p>\n<h4>Was ist, wenn Sie keine Badewanne haben?<\/h4>\n<p><br>Auch das ist kein Problem! Sie k\u00f6nnen die Vorteile von Bittersalz bei verschiedenen Gelegenheiten nutzen:<\/p>\n<ul style=\"list-style-type: disc;\">\n<li>F\u00fcr Ihr Haar; mischen Sie einen Essl\u00f6ffel Bittersalz mit Ihrem Haarbalsam und lassen Sie es 20 Minuten lang einwirken, um Ihr Haar volumin\u00f6ser und gl\u00e4nzender zu machen.<\/li>\n<li>F\u00fcr die Gesichtsreinigung; mischen Sie einen halben Teel\u00f6ffel Bittersalz in Ihre Reinigungsmilch, massieren Sie Ihr ganzes Gesicht damit, sparen Sie die Augen aus, und sp\u00fclen Sie es gr\u00fcndlich mit warmem Wasser ab. Ihr Gesicht wird glatt, weich und strahlend aussehen.<\/li>\n<li>F\u00fcr Ihre F\u00fc\u00dfe: Geben Sie eine halbe Tasse Bittersalz in eine Sch\u00fcssel mit warmem Wasser und nehmen Sie ein sch\u00f6nes Fu\u00dfbad. Das Salz f\u00f6rdert den Abfluss der in den Kn\u00f6cheln angesammelten Fl\u00fcssigkeit, weicht die Schwielen auf und macht Ihre F\u00fc\u00dfe weich und glatt.<\/li>\n<li>F\u00fcr die Haut Ihres K\u00f6rpers; mischen Sie einen Essl\u00f6ffel Bittersalz in Ihr Duschbad und massieren Sie Ihren ganzen K\u00f6rper damit. Das Salz wirkt wie ein leichtes Peeling und Ihre Haut wird glatt, weich und mit Sauerstoff versorgt.<\/li>\n<\/ul>\n<h4><br>Eigenschaften<\/h4>\n<p>100% Magnesiumsulfat-Heptahydrat.<br>Magnesiumsulfat: 49,1%.<br>Wasser: 50,9%.<br>Natrium: 40 mg\/kg (R\u00fcckst\u00e4nde)<br>Kalium: 230 mg\/kg (R\u00fcckst\u00e4nde)<br>Calcium: 60 mg\/kg (R\u00fcckst\u00e4nde)<br>Chlor: 80 mg\/kg (R\u00fcckst\u00e4nde)<\/p>\n<p>INCI:Magnesium Sulfat<\/p>\n<p>Herkunft: Nordeuropa. Unterirdische G\u00e4nge.<\/p>\n","protected":false},"excerpt":{"rendered":"<p>Epsom Salz Bittersalz (Magnesiumsulfat, lebensmittelecht) &nbsp; &nbsp; &nbsp; &nbsp; &nbsp; &nbsp; Im lose Verkauf 50 gr. CHF 0.40 Orginal Verpackung 1 kg CHF 9.20 Epsom-Salz, Magnesiumsulfat oder Bittersalz.Beruhigend und entgiftend, hilft dieses Salz, m\u00fcde und schmerzhafte Muskeln zu entspannen.Hervorragend geeignet f\u00fcr den Einsatz nach Sport und Bewegung. &nbsp; &nbsp; &nbsp; Bittersalz: aus nat\u00fcrlichen Vorkommen Nordeuropas, Produkt, das f\u00fcr seine vielf\u00e4ltigen&nbsp;<a href=\"https:\/\/bien-etreiris.ch\/de\/produktpraesentation\/entspannen\/badezusaetze\/epsom-salz\/\" class=\"read-more\">Weiter lesen<\/a><\/p>\n","protected":false},"author":1,"featured_media":20071,"parent":13348,"menu_order":7543,"comment_status":"closed","ping_status":"closed","template":"page-with-child.php","meta":{"_acf_changed":false,"ngg_post_thumbnail":0,"footnotes":""},"class_list":["post-20498","page","type-page","status-publish","has-post-thumbnail","hentry"],"acf":[],"yoast_head":"<!-- This site is optimized with the Yoast SEO plugin v27.5 - https:\/\/yoast.com\/product\/yoast-seo-wordpress\/ -->\n<title>EPSOM SALZ - WOHLBEFINDEN<\/title>\n<meta name=\"robots\" content=\"index, follow, max-snippet:-1, max-image-preview:large, max-video-preview:-1\" \/>\n<link rel=\"canonical\" href=\"https:\/\/bien-etreiris.ch\/de\/produktpraesentation\/entspannen\/badezusaetze\/epsom-salz\/\" \/>\n<meta property=\"og:locale\" content=\"de_DE\" \/>\n<meta property=\"og:type\" content=\"article\" \/>\n<meta property=\"og:title\" content=\"EPSOM SALZ - WOHLBEFINDEN\" \/>\n<meta property=\"og:description\" content=\"Epsom Salz Bittersalz (Magnesiumsulfat, lebensmittelecht) &nbsp; &nbsp; &nbsp; &nbsp; &nbsp; &nbsp; Im lose Verkauf 50 gr. CHF 0.40 Orginal Verpackung 1 kg CHF 9.20 Epsom-Salz, Magnesiumsulfat oder Bittersalz.Beruhigend und entgiftend, hilft dieses Salz, m\u00fcde und schmerzhafte Muskeln zu entspannen.Hervorragend geeignet f\u00fcr den Einsatz nach Sport und Bewegung. &nbsp; &nbsp; &nbsp; Bittersalz: aus nat\u00fcrlichen Vorkommen Nordeuropas, Produkt, das f\u00fcr seine vielf\u00e4ltigen&nbsp;Weiter lesen\" \/>\n<meta property=\"og:url\" content=\"https:\/\/bien-etreiris.ch\/de\/produktpraesentation\/entspannen\/badezusaetze\/epsom-salz\/\" \/>\n<meta property=\"og:site_name\" content=\"WOHLBEFINDEN\" \/>\n<meta property=\"article:publisher\" content=\"https:\/\/www.facebook.com\/bienetreiris\/\" \/>\n<meta property=\"article:modified_time\" content=\"2023-12-08T10:40:42+00:00\" \/>\n<meta property=\"og:image\" content=\"https:\/\/bien-etreiris.ch\/wp-content\/uploads\/2019\/06\/titel.png\" \/>\n\t<meta property=\"og:image:width\" content=\"408\" \/>\n\t<meta property=\"og:image:height\" content=\"240\" \/>\n\t<meta property=\"og:image:type\" content=\"image\/png\" \/>\n<meta name=\"twitter:label1\" content=\"Gesch\u00e4tzte Lesezeit\" \/>\n\t<meta name=\"twitter:data1\" content=\"5\u00a0Minuten\" \/>\n<script type=\"application\/ld+json\" class=\"yoast-schema-graph\">{\"@context\":\"https:\\\/\\\/schema.org\",\"@graph\":[{\"@type\":\"WebPage\",\"@id\":\"https:\\\/\\\/bien-etreiris.ch\\\/de\\\/produktpraesentation\\\/entspannen\\\/badezusaetze\\\/epsom-salz\\\/\",\"url\":\"https:\\\/\\\/bien-etreiris.ch\\\/de\\\/produktpraesentation\\\/entspannen\\\/badezusaetze\\\/epsom-salz\\\/\",\"name\":\"EPSOM SALZ - WOHLBEFINDEN\",\"isPartOf\":{\"@id\":\"https:\\\/\\\/bien-etreiris.ch\\\/de\\\/#website\"},\"primaryImageOfPage\":{\"@id\":\"https:\\\/\\\/bien-etreiris.ch\\\/de\\\/produktpraesentation\\\/entspannen\\\/badezusaetze\\\/epsom-salz\\\/#primaryimage\"},\"image\":{\"@id\":\"https:\\\/\\\/bien-etreiris.ch\\\/de\\\/produktpraesentation\\\/entspannen\\\/badezusaetze\\\/epsom-salz\\\/#primaryimage\"},\"thumbnailUrl\":\"https:\\\/\\\/bien-etreiris.ch\\\/wp-content\\\/uploads\\\/2019\\\/06\\\/titel.png\",\"datePublished\":\"2019-06-23T08:03:26+00:00\",\"dateModified\":\"2023-12-08T10:40:42+00:00\",\"breadcrumb\":{\"@id\":\"https:\\\/\\\/bien-etreiris.ch\\\/de\\\/produktpraesentation\\\/entspannen\\\/badezusaetze\\\/epsom-salz\\\/#breadcrumb\"},\"inLanguage\":\"de\",\"potentialAction\":[{\"@type\":\"ReadAction\",\"target\":[\"https:\\\/\\\/bien-etreiris.ch\\\/de\\\/produktpraesentation\\\/entspannen\\\/badezusaetze\\\/epsom-salz\\\/\"]}]},{\"@type\":\"ImageObject\",\"inLanguage\":\"de\",\"@id\":\"https:\\\/\\\/bien-etreiris.ch\\\/de\\\/produktpraesentation\\\/entspannen\\\/badezusaetze\\\/epsom-salz\\\/#primaryimage\",\"url\":\"https:\\\/\\\/bien-etreiris.ch\\\/wp-content\\\/uploads\\\/2019\\\/06\\\/titel.png\",\"contentUrl\":\"https:\\\/\\\/bien-etreiris.ch\\\/wp-content\\\/uploads\\\/2019\\\/06\\\/titel.png\",\"width\":408,\"height\":240},{\"@type\":\"BreadcrumbList\",\"@id\":\"https:\\\/\\\/bien-etreiris.ch\\\/de\\\/produktpraesentation\\\/entspannen\\\/badezusaetze\\\/epsom-salz\\\/#breadcrumb\",\"itemListElement\":[{\"@type\":\"ListItem\",\"position\":1,\"name\":\"Home\",\"item\":\"https:\\\/\\\/bien-etreiris.ch\\\/de\\\/\"},{\"@type\":\"ListItem\",\"position\":2,\"name\":\"PRODUKTPR\u00c4SENTATION\",\"item\":\"https:\\\/\\\/bien-etreiris.ch\\\/de\\\/produktpraesentation\\\/\"},{\"@type\":\"ListItem\",\"position\":3,\"name\":\"ENTSPANNEND\",\"item\":\"https:\\\/\\\/bien-etreiris.ch\\\/de\\\/produktpraesentation\\\/entspannen\\\/\"},{\"@type\":\"ListItem\",\"position\":4,\"name\":\"BADEZUS\u00c4TZE\",\"item\":\"https:\\\/\\\/bien-etreiris.ch\\\/de\\\/produktpraesentation\\\/entspannen\\\/badezusaetze\\\/\"},{\"@type\":\"ListItem\",\"position\":5,\"name\":\"EPSOM SALZ\"}]},{\"@type\":\"WebSite\",\"@id\":\"https:\\\/\\\/bien-etreiris.ch\\\/de\\\/#website\",\"url\":\"https:\\\/\\\/bien-etreiris.ch\\\/de\\\/\",\"name\":\"Bien-\u00eatre Iris\",\"description\":\"IHRE Gesundheit ist uns wichtig\",\"potentialAction\":[{\"@type\":\"SearchAction\",\"target\":{\"@type\":\"EntryPoint\",\"urlTemplate\":\"https:\\\/\\\/bien-etreiris.ch\\\/de\\\/?s={search_term_string}\"},\"query-input\":{\"@type\":\"PropertyValueSpecification\",\"valueRequired\":true,\"valueName\":\"search_term_string\"}}],\"inLanguage\":\"de\"}]}<\/script>\n<!-- \/ Yoast SEO plugin. -->","yoast_head_json":{"title":"EPSOM SALZ - WOHLBEFINDEN","robots":{"index":"index","follow":"follow","max-snippet":"max-snippet:-1","max-image-preview":"max-image-preview:large","max-video-preview":"max-video-preview:-1"},"canonical":"https:\/\/bien-etreiris.ch\/de\/produktpraesentation\/entspannen\/badezusaetze\/epsom-salz\/","og_locale":"de_DE","og_type":"article","og_title":"EPSOM SALZ - WOHLBEFINDEN","og_description":"Epsom Salz Bittersalz (Magnesiumsulfat, lebensmittelecht) &nbsp; &nbsp; &nbsp; &nbsp; &nbsp; &nbsp; Im lose Verkauf 50 gr. CHF 0.40 Orginal Verpackung 1 kg CHF 9.20 Epsom-Salz, Magnesiumsulfat oder Bittersalz.Beruhigend und entgiftend, hilft dieses Salz, m\u00fcde und schmerzhafte Muskeln zu entspannen.Hervorragend geeignet f\u00fcr den Einsatz nach Sport und Bewegung. &nbsp; &nbsp; &nbsp; Bittersalz: aus nat\u00fcrlichen Vorkommen Nordeuropas, Produkt, das f\u00fcr seine vielf\u00e4ltigen&nbsp;Weiter lesen","og_url":"https:\/\/bien-etreiris.ch\/de\/produktpraesentation\/entspannen\/badezusaetze\/epsom-salz\/","og_site_name":"WOHLBEFINDEN","article_publisher":"https:\/\/www.facebook.com\/bienetreiris\/","article_modified_time":"2023-12-08T10:40:42+00:00","og_image":[{"width":408,"height":240,"url":"https:\/\/bien-etreiris.ch\/wp-content\/uploads\/2019\/06\/titel.png","type":"image\/png"}],"twitter_misc":{"Gesch\u00e4tzte Lesezeit":"5\u00a0Minuten"},"schema":{"@context":"https:\/\/schema.org","@graph":[{"@type":"WebPage","@id":"https:\/\/bien-etreiris.ch\/de\/produktpraesentation\/entspannen\/badezusaetze\/epsom-salz\/","url":"https:\/\/bien-etreiris.ch\/de\/produktpraesentation\/entspannen\/badezusaetze\/epsom-salz\/","name":"EPSOM SALZ - WOHLBEFINDEN","isPartOf":{"@id":"https:\/\/bien-etreiris.ch\/de\/#website"},"primaryImageOfPage":{"@id":"https:\/\/bien-etreiris.ch\/de\/produktpraesentation\/entspannen\/badezusaetze\/epsom-salz\/#primaryimage"},"image":{"@id":"https:\/\/bien-etreiris.ch\/de\/produktpraesentation\/entspannen\/badezusaetze\/epsom-salz\/#primaryimage"},"thumbnailUrl":"https:\/\/bien-etreiris.ch\/wp-content\/uploads\/2019\/06\/titel.png","datePublished":"2019-06-23T08:03:26+00:00","dateModified":"2023-12-08T10:40:42+00:00","breadcrumb":{"@id":"https:\/\/bien-etreiris.ch\/de\/produktpraesentation\/entspannen\/badezusaetze\/epsom-salz\/#breadcrumb"},"inLanguage":"de","potentialAction":[{"@type":"ReadAction","target":["https:\/\/bien-etreiris.ch\/de\/produktpraesentation\/entspannen\/badezusaetze\/epsom-salz\/"]}]},{"@type":"ImageObject","inLanguage":"de","@id":"https:\/\/bien-etreiris.ch\/de\/produktpraesentation\/entspannen\/badezusaetze\/epsom-salz\/#primaryimage","url":"https:\/\/bien-etreiris.ch\/wp-content\/uploads\/2019\/06\/titel.png","contentUrl":"https:\/\/bien-etreiris.ch\/wp-content\/uploads\/2019\/06\/titel.png","width":408,"height":240},{"@type":"BreadcrumbList","@id":"https:\/\/bien-etreiris.ch\/de\/produktpraesentation\/entspannen\/badezusaetze\/epsom-salz\/#breadcrumb","itemListElement":[{"@type":"ListItem","position":1,"name":"Home","item":"https:\/\/bien-etreiris.ch\/de\/"},{"@type":"ListItem","position":2,"name":"PRODUKTPR\u00c4SENTATION","item":"https:\/\/bien-etreiris.ch\/de\/produktpraesentation\/"},{"@type":"ListItem","position":3,"name":"ENTSPANNEND","item":"https:\/\/bien-etreiris.ch\/de\/produktpraesentation\/entspannen\/"},{"@type":"ListItem","position":4,"name":"BADEZUS\u00c4TZE","item":"https:\/\/bien-etreiris.ch\/de\/produktpraesentation\/entspannen\/badezusaetze\/"},{"@type":"ListItem","position":5,"name":"EPSOM SALZ"}]},{"@type":"WebSite","@id":"https:\/\/bien-etreiris.ch\/de\/#website","url":"https:\/\/bien-etreiris.ch\/de\/","name":"Bien-\u00eatre Iris","description":"IHRE Gesundheit ist uns wichtig","potentialAction":[{"@type":"SearchAction","target":{"@type":"EntryPoint","urlTemplate":"https:\/\/bien-etreiris.ch\/de\/?s={search_term_string}"},"query-input":{"@type":"PropertyValueSpecification","valueRequired":true,"valueName":"search_term_string"}}],"inLanguage":"de"}]}},"_links":{"self":[{"href":"https:\/\/bien-etreiris.ch\/de\/wp-json\/wp\/v2\/pages\/20498","targetHints":{"allow":["GET"]}}],"collection":[{"href":"https:\/\/bien-etreiris.ch\/de\/wp-json\/wp\/v2\/pages"}],"about":[{"href":"https:\/\/bien-etreiris.ch\/de\/wp-json\/wp\/v2\/types\/page"}],"author":[{"embeddable":true,"href":"https:\/\/bien-etreiris.ch\/de\/wp-json\/wp\/v2\/users\/1"}],"replies":[{"embeddable":true,"href":"https:\/\/bien-etreiris.ch\/de\/wp-json\/wp\/v2\/comments?post=20498"}],"version-history":[{"count":19,"href":"https:\/\/bien-etreiris.ch\/de\/wp-json\/wp\/v2\/pages\/20498\/revisions"}],"predecessor-version":[{"id":81795,"href":"https:\/\/bien-etreiris.ch\/de\/wp-json\/wp\/v2\/pages\/20498\/revisions\/81795"}],"up":[{"embeddable":true,"href":"https:\/\/bien-etreiris.ch\/de\/wp-json\/wp\/v2\/pages\/13348"}],"wp:featuredmedia":[{"embeddable":true,"href":"https:\/\/bien-etreiris.ch\/de\/wp-json\/wp\/v2\/media\/20071"}],"wp:attachment":[{"href":"https:\/\/bien-etreiris.ch\/de\/wp-json\/wp\/v2\/media?parent=20498"}],"curies":[{"name":"wp","href":"https:\/\/api.w.org\/{rel}","templated":true}]}}