{"id":20325,"date":"2019-06-23T14:35:00","date_gmt":"2019-06-23T14:35:00","guid":{"rendered":"https:\/\/bien-etreiris.ch\/wohlbefinden\/rohstoffe\/emulgatoren\/cire-dabeille\/"},"modified":"2021-05-30T19:47:35","modified_gmt":"2021-05-30T17:47:35","slug":"bienenwachs","status":"publish","type":"page","link":"https:\/\/bien-etreiris.ch\/de\/produktpraesentation\/aromatherapie\/selbst-herstellen\/rohstoffe\/butter-und-wachse\/bienenwachs\/","title":{"rendered":"BIENENWACHS"},"content":{"rendered":"\n<h2 class=\"wp-block-heading\"> <br>Gelbes Bienenwachs<\/h2>\n\n\n\n<div class=\"wp-block-media-text alignwide is-stacked-on-mobile\"><figure class=\"wp-block-media-text__media\"><img loading=\"lazy\" decoding=\"async\" width=\"363\" height=\"240\" src=\"https:\/\/decoiris.ch\/wp-content\/uploads\/2019\/06\/Cire-dabeille.png\" alt=\"\" class=\"wp-image-20318 size-full\" srcset=\"https:\/\/bien-etreiris.ch\/wp-content\/uploads\/2019\/06\/Cire-dabeille.png 363w, https:\/\/bien-etreiris.ch\/wp-content\/uploads\/2019\/06\/Cire-dabeille-300x198.png 300w\" sizes=\"auto, (max-width: 363px) 100vw, 363px\" \/><\/figure><div class=\"wp-block-media-text__content\">\n<p class=\"has-large-font-size\"><\/p>\n\n\n\n<p><strong>100 gr. en vrac CHF 6.00<\/strong><\/p>\n<\/div><\/div>\n\n\n<p><!--StartFragment--><\/p>\n\n\n<p>Gelbes kosmetisches Bienenwachs ohne Paraffin.<\/p>\n\n\n\n<p>Pour toutes vos pr\u00e9parations: Baume, cr\u00e8me, stick, etc...<\/p>\n\n\n\n<p>Sous forme de petites pastilles pratique pour le dosage.<\/p>\n\n\n\n<p>Point de fusion&nbsp;: 62-65\u00b0C<\/p>\n\n\n\n<p>A dissoudre dans une phase huileuse \u00e0 chaud<\/p>\n\n\n\n<p>Caract\u00e9ristiques :<\/p>\n\n\n\n<ul class=\"wp-block-list\"><li>Epaississant dans les baumes et cr\u00e8mes<\/li><li>Durcisseur dans les sticks<\/li><li>Stabilisant dans les \u00e9mulsions<\/li><\/ul>\n\n\n\n<p>Dosage&nbsp;:<\/p>\n\n\n\n<ul class=\"wp-block-list\"><li>Baumes et sticks : 1 \u00e0 10%<\/li><li>Dans les cr\u00e8mes : 1 \u00e0 5%<\/li><\/ul>\n\n\n\n<p>Mode op\u00e9ratoire&nbsp;:&nbsp;<\/p>\n\n\n\n<ul class=\"wp-block-list\"><li>Faire fondre la cire au bain-marie avec la phase huileuse<\/li><\/ul>\n\n\n\n<p>Conserver \u00e0 temp\u00e9rature ambiante \u00e0 l\u2019abri de l\u2019humidit\u00e9 et de la lumi\u00e8re.<\/p>\n\n\n\n<p>Bien refermer le sachet&nbsp;apr\u00e8s usage.<\/p>\n\n\n\n<p><\/p>\n\n\n\n<h2 class=\"wp-block-heading\"> <br>Cire d'abeille Blanche cosm\u00e9tique <\/h2>\n\n\n\n<div class=\"wp-block-media-text alignwide is-stacked-on-mobile\"><figure class=\"wp-block-media-text__media\"><img loading=\"lazy\" decoding=\"async\" width=\"360\" height=\"240\" src=\"https:\/\/decoiris.ch\/wp-content\/uploads\/2019\/06\/Cire-dabeille.blanche.jpg\" alt=\"\" class=\"wp-image-20320 size-full\" srcset=\"https:\/\/bien-etreiris.ch\/wp-content\/uploads\/2019\/06\/Cire-dabeille.blanche.jpg 360w, https:\/\/bien-etreiris.ch\/wp-content\/uploads\/2019\/06\/Cire-dabeille.blanche-300x200.jpg 300w\" sizes=\"auto, (max-width: 360px) 100vw, 360px\" \/><\/figure><div class=\"wp-block-media-text__content\">\n<p class=\"has-large-font-size\"><\/p>\n\n\n\n<p><strong>100 gr. en vrac CHF 6.00<\/strong><\/p>\n<\/div><\/div>\n\n\n<p><!--EndFragment--><\/p>\n<p><\/p>\n\n\n<\/p>\n<p>Matifiant et absorbant de l'humidit\u00e9<\/p>\n<p>\n\n\n\n<\/p>\n<p>Am\u00e9liore l'adh\u00e9rence des poudres sur la peau<\/p>\n<p>\n\n\n\n<\/p>\n<p>Toucher soyeux sur la peau<\/p>\n<p>\n\n\n\n<\/p>\n<p>Att\u00e9nue le toucher gras des baumes<\/p>\n<p>\n\n\n\n<\/p>\n<p>Cire d'abeille Blanche&nbsp;cosm\u00e9tique sans&nbsp;paraffine.<\/p>\n<p>\n\n\n\n<\/p>\n<p>Pour toutes vos pr\u00e9parations : Baume, cr\u00e8me, stick, etc...<\/p>\n<p>\n\n\n\n<\/p>\n<p>Sous forme de petites pastilles pratique pour le dosage.<\/p>\n<p>\n\n\n\n<\/p>\n<p>Point de fusion&nbsp;: 62-65\u00b0C<\/p>\n<p>\n\n\n\n<\/p>\n<p>A dissoudre dans une phase huileuse \u00e0 chaud<\/p>\n<p>\n\n\n\n<\/p>\n<p>Caract\u00e9ristiques :<\/p>\n<p>\n\n\n\n<\/p>\n<ul class=\"wp-block-list\">\n<li>Epaississant dans les baumes et cr\u00e8mes<\/li>\n<li>Durcisseur dans les sticks<\/li>\n<li>Stabilisant dans les \u00e9mulsions<\/li>\n<\/ul>\n<p>\n\n\n\n<\/p>\n<p>Dosage&nbsp;:<\/p>\n<p>\n\n\n\n<\/p>\n<ul class=\"wp-block-list\">\n<li>Baumes et sticks : 1 \u00e0 10%<\/li>\n<li>Dans les cr\u00e8mes : 1 \u00e0 5%<\/li>\n<\/ul>\n<p>\n\n\n\n<\/p>\n<p>Mode op\u00e9ratoire&nbsp;:&nbsp;<\/p>\n<p>\n\n\n\n<\/p>\n<ul class=\"wp-block-list\">\n<li>Faire fondre la cire au bain-marie avec la phase huileuse<\/li>\n<\/ul>\n<p>\n\n\n\n<\/p>\n<p>Conserver \u00e0 temp\u00e9rature ambiante \u00e0 l\u2019abri de l\u2019humidit\u00e9 et de la lumi\u00e8re.<\/p>\n<p>\n\n\n\n<\/p>\n<p>Bien refermer le sachet&nbsp;apr\u00e8s usage<\/p>\n<p>\n\n\n<p><\/p>\n\n\n<h2 class=\"wp-block-heading\"><\/h2>\n\n\n\n<\/p>\n<p>Matifiant et absorbant de l'humidit\u00e9<\/p>\n<p>\n\n\n\n<\/p>\n<p>Am\u00e9liore l'adh\u00e9rence des poudres sur la peau<\/p>\n<p>\n\n\n\n<\/p>\n<p>Toucher soyeux sur la peau<\/p>\n<p>\n\n\n\n<\/p>\n<p>Att\u00e9nue le toucher gras des baumes<\/p>\n<p>\n\n\n\n<\/p>\n<p>Cire d'abeille Blanche&nbsp;cosm\u00e9tique sans&nbsp;paraffine.<\/p>\n<p>\n\n\n\n<\/p>\n<p>Pour toutes vos pr\u00e9parations : Baume, cr\u00e8me, stick, etc...<\/p>\n<p>\n\n\n\n<\/p>\n<p>Sous forme de petites pastilles pratique pour le dosage.<\/p>\n<p>\n\n\n\n<\/p>\n<p>Point de fusion&nbsp;: 62-65\u00b0C<\/p>\n<p>\n\n\n\n<\/p>\n<p>A dissoudre dans une phase huileuse \u00e0 chaud<\/p>\n<p>\n\n\n\n<\/p>\n<p>Caract\u00e9ristiques :<\/p>\n<p>\n\n\n\n<\/p>\n<ul class=\"wp-block-list\">\n<li>Epaississant dans les baumes et cr\u00e8mes<\/li>\n<li>Durcisseur dans les sticks<\/li>\n<li>Stabilisant dans les \u00e9mulsions<\/li>\n<\/ul>\n<p>\n\n\n\n<\/p>\n<p>Dosage&nbsp;:<\/p>\n<p>\n\n\n\n<\/p>\n<ul class=\"wp-block-list\">\n<li>Baumes et sticks : 1 \u00e0 10%<\/li>\n<li>Dans les cr\u00e8mes : 1 \u00e0 5%<\/li>\n<\/ul>\n<p>\n\n\n\n<\/p>\n<p>Mode op\u00e9ratoire&nbsp;:&nbsp;<\/p>\n<p>\n\n\n\n<\/p>\n<ul class=\"wp-block-list\">\n<li>Faire fondre la cire au bain-marie avec la phase huileuse<\/li>\n<\/ul>\n<p>\n\n\n\n<\/p>\n<p>Conserver \u00e0 temp\u00e9rature ambiante \u00e0 l\u2019abri de l\u2019humidit\u00e9 et de la lumi\u00e8re.<\/p>\n<p>\n\n\n\n<\/p>\n<p>Bien refermer le sachet&nbsp;apr\u00e8s usage<\/p>\n<p>\n\n\n<p><\/p>\n<p>&nbsp;<\/p>","protected":false},"excerpt":{"rendered":"<p>Gelbes Bienenwachs 100 gr. en vrac CHF 6.00 Gelbes kosmetisches Bienenwachs ohne Paraffin. Pour toutes vos pr\u00e9parations: Baume, cr\u00e8me, stick, etc... Sous forme de petites pastilles pratique pour le dosage. Point de fusion&nbsp;: 62-65\u00b0C A dissoudre dans une phase huileuse \u00e0 chaud Caract\u00e9ristiques : Epaississant dans les baumes et cr\u00e8mes Durcisseur dans les sticks Stabilisant dans les \u00e9mulsions Dosage&nbsp;: Baumes&nbsp;<a href=\"https:\/\/bien-etreiris.ch\/de\/produktpraesentation\/aromatherapie\/selbst-herstellen\/rohstoffe\/butter-und-wachse\/bienenwachs\/\" class=\"read-more\">Weiter lesen<\/a><\/p>\n","protected":false},"author":1,"featured_media":20317,"parent":18002,"menu_order":7527,"comment_status":"closed","ping_status":"closed","template":"page-with-child.php","meta":{"_acf_changed":false,"ngg_post_thumbnail":0,"footnotes":""},"class_list":["post-20325","page","type-page","status-publish","has-post-thumbnail","hentry"],"acf":[],"yoast_head":"<!-- This site is optimized with the Yoast SEO plugin v27.6 - https:\/\/yoast.com\/product\/yoast-seo-wordpress\/ -->\n<title>BIENENWACHS - WOHLBEFINDEN<\/title>\n<meta name=\"robots\" content=\"index, follow, max-snippet:-1, max-image-preview:large, max-video-preview:-1\" \/>\n<link rel=\"canonical\" href=\"https:\/\/bien-etreiris.ch\/de\/produktpraesentation\/aromatherapie\/selbst-herstellen\/rohstoffe\/emulgatoren\/bienenwachs\/\" \/>\n<meta property=\"og:locale\" content=\"de_DE\" \/>\n<meta property=\"og:type\" content=\"article\" \/>\n<meta property=\"og:title\" content=\"BIENENWACHS - WOHLBEFINDEN\" \/>\n<meta property=\"og:description\" content=\"Gelbes Bienenwachs 100 gr. en vrac CHF 6.00 Gelbes kosmetisches Bienenwachs ohne Paraffin. Pour toutes vos pr\u00e9parations: Baume, cr\u00e8me, stick, etc... Sous forme de petites pastilles pratique pour le dosage. Point de fusion&nbsp;: 62-65\u00b0C A dissoudre dans une phase huileuse \u00e0 chaud Caract\u00e9ristiques : Epaississant dans les baumes et cr\u00e8mes Durcisseur dans les sticks Stabilisant dans les \u00e9mulsions Dosage&nbsp;: Baumes&nbsp;Weiter lesen\" \/>\n<meta property=\"og:url\" content=\"https:\/\/bien-etreiris.ch\/de\/produktpraesentation\/aromatherapie\/selbst-herstellen\/rohstoffe\/emulgatoren\/bienenwachs\/\" \/>\n<meta property=\"og:site_name\" content=\"WOHLBEFINDEN\" \/>\n<meta property=\"article:publisher\" content=\"https:\/\/www.facebook.com\/bienetreiris\/\" \/>\n<meta property=\"article:modified_time\" content=\"2021-05-30T17:47:35+00:00\" \/>\n<meta property=\"og:image\" content=\"https:\/\/bien-etreiris.ch\/wp-content\/uploads\/2019\/06\/titel-4.jpg\" \/>\n\t<meta property=\"og:image:width\" content=\"450\" \/>\n\t<meta property=\"og:image:height\" content=\"300\" \/>\n\t<meta property=\"og:image:type\" content=\"image\/jpeg\" \/>\n<meta name=\"twitter:label1\" content=\"Gesch\u00e4tzte Lesezeit\" \/>\n\t<meta name=\"twitter:data1\" content=\"2\u00a0Minuten\" \/>\n<script type=\"application\/ld+json\" class=\"yoast-schema-graph\">{\"@context\":\"https:\\\/\\\/schema.org\",\"@graph\":[{\"@type\":\"WebPage\",\"@id\":\"https:\\\/\\\/bien-etreiris.ch\\\/de\\\/produktpraesentation\\\/aromatherapie\\\/selbst-herstellen\\\/rohstoffe\\\/emulgatoren\\\/bienenwachs\\\/\",\"url\":\"https:\\\/\\\/bien-etreiris.ch\\\/de\\\/produktpraesentation\\\/aromatherapie\\\/selbst-herstellen\\\/rohstoffe\\\/emulgatoren\\\/bienenwachs\\\/\",\"name\":\"BIENENWACHS - WOHLBEFINDEN\",\"isPartOf\":{\"@id\":\"https:\\\/\\\/bien-etreiris.ch\\\/de\\\/#website\"},\"primaryImageOfPage\":{\"@id\":\"https:\\\/\\\/bien-etreiris.ch\\\/de\\\/produktpraesentation\\\/aromatherapie\\\/selbst-herstellen\\\/rohstoffe\\\/emulgatoren\\\/bienenwachs\\\/#primaryimage\"},\"image\":{\"@id\":\"https:\\\/\\\/bien-etreiris.ch\\\/de\\\/produktpraesentation\\\/aromatherapie\\\/selbst-herstellen\\\/rohstoffe\\\/emulgatoren\\\/bienenwachs\\\/#primaryimage\"},\"thumbnailUrl\":\"https:\\\/\\\/bien-etreiris.ch\\\/wp-content\\\/uploads\\\/2019\\\/06\\\/titel-4.jpg\",\"datePublished\":\"2019-06-23T14:35:00+00:00\",\"dateModified\":\"2021-05-30T17:47:35+00:00\",\"breadcrumb\":{\"@id\":\"https:\\\/\\\/bien-etreiris.ch\\\/de\\\/produktpraesentation\\\/aromatherapie\\\/selbst-herstellen\\\/rohstoffe\\\/emulgatoren\\\/bienenwachs\\\/#breadcrumb\"},\"inLanguage\":\"de\",\"potentialAction\":[{\"@type\":\"ReadAction\",\"target\":[\"https:\\\/\\\/bien-etreiris.ch\\\/de\\\/produktpraesentation\\\/aromatherapie\\\/selbst-herstellen\\\/rohstoffe\\\/emulgatoren\\\/bienenwachs\\\/\"]}]},{\"@type\":\"ImageObject\",\"inLanguage\":\"de\",\"@id\":\"https:\\\/\\\/bien-etreiris.ch\\\/de\\\/produktpraesentation\\\/aromatherapie\\\/selbst-herstellen\\\/rohstoffe\\\/emulgatoren\\\/bienenwachs\\\/#primaryimage\",\"url\":\"https:\\\/\\\/bien-etreiris.ch\\\/wp-content\\\/uploads\\\/2019\\\/06\\\/titel-4.jpg\",\"contentUrl\":\"https:\\\/\\\/bien-etreiris.ch\\\/wp-content\\\/uploads\\\/2019\\\/06\\\/titel-4.jpg\",\"width\":450,\"height\":300},{\"@type\":\"BreadcrumbList\",\"@id\":\"https:\\\/\\\/bien-etreiris.ch\\\/de\\\/produktpraesentation\\\/aromatherapie\\\/selbst-herstellen\\\/rohstoffe\\\/emulgatoren\\\/bienenwachs\\\/#breadcrumb\",\"itemListElement\":[{\"@type\":\"ListItem\",\"position\":1,\"name\":\"Home\",\"item\":\"https:\\\/\\\/bien-etreiris.ch\\\/de\\\/\"},{\"@type\":\"ListItem\",\"position\":2,\"name\":\"PRODUKTPR\u00c4SENTATION\",\"item\":\"https:\\\/\\\/bien-etreiris.ch\\\/de\\\/produktpraesentation\\\/\"},{\"@type\":\"ListItem\",\"position\":3,\"name\":\"AROMATHERAPIE\",\"item\":\"https:\\\/\\\/bien-etreiris.ch\\\/de\\\/produktpraesentation\\\/aromatherapie\\\/\"},{\"@type\":\"ListItem\",\"position\":4,\"name\":\"SELBST HERSTELLEN&#8230;\",\"item\":\"https:\\\/\\\/bien-etreiris.ch\\\/de\\\/produktpraesentation\\\/aromatherapie\\\/selbst-herstellen\\\/\"},{\"@type\":\"ListItem\",\"position\":5,\"name\":\"ROHSTOFFE\",\"item\":\"https:\\\/\\\/bien-etreiris.ch\\\/de\\\/produktpraesentation\\\/aromatherapie\\\/selbst-herstellen\\\/rohstoffe\\\/\"},{\"@type\":\"ListItem\",\"position\":6,\"name\":\"EMULGATOREN\",\"item\":\"https:\\\/\\\/bien-etreiris.ch\\\/de\\\/produktpraesentation\\\/aromatherapie\\\/selbst-herstellen\\\/rohstoffe\\\/emulgatoren\\\/\"},{\"@type\":\"ListItem\",\"position\":7,\"name\":\"BIENENWACHS\"}]},{\"@type\":\"WebSite\",\"@id\":\"https:\\\/\\\/bien-etreiris.ch\\\/de\\\/#website\",\"url\":\"https:\\\/\\\/bien-etreiris.ch\\\/de\\\/\",\"name\":\"Bien-\u00eatre Iris\",\"description\":\"IHRE Gesundheit ist uns wichtig\",\"potentialAction\":[{\"@type\":\"SearchAction\",\"target\":{\"@type\":\"EntryPoint\",\"urlTemplate\":\"https:\\\/\\\/bien-etreiris.ch\\\/de\\\/?s={search_term_string}\"},\"query-input\":{\"@type\":\"PropertyValueSpecification\",\"valueRequired\":true,\"valueName\":\"search_term_string\"}}],\"inLanguage\":\"de\"}]}<\/script>\n<!-- \/ Yoast SEO plugin. -->","yoast_head_json":{"title":"BIENENWACHS - WOHLBEFINDEN","robots":{"index":"index","follow":"follow","max-snippet":"max-snippet:-1","max-image-preview":"max-image-preview:large","max-video-preview":"max-video-preview:-1"},"canonical":"https:\/\/bien-etreiris.ch\/de\/produktpraesentation\/aromatherapie\/selbst-herstellen\/rohstoffe\/emulgatoren\/bienenwachs\/","og_locale":"de_DE","og_type":"article","og_title":"BIENENWACHS - WOHLBEFINDEN","og_description":"Gelbes Bienenwachs 100 gr. en vrac CHF 6.00 Gelbes kosmetisches Bienenwachs ohne Paraffin. Pour toutes vos pr\u00e9parations: Baume, cr\u00e8me, stick, etc... Sous forme de petites pastilles pratique pour le dosage. Point de fusion&nbsp;: 62-65\u00b0C A dissoudre dans une phase huileuse \u00e0 chaud Caract\u00e9ristiques : Epaississant dans les baumes et cr\u00e8mes Durcisseur dans les sticks Stabilisant dans les \u00e9mulsions Dosage&nbsp;: Baumes&nbsp;Weiter lesen","og_url":"https:\/\/bien-etreiris.ch\/de\/produktpraesentation\/aromatherapie\/selbst-herstellen\/rohstoffe\/emulgatoren\/bienenwachs\/","og_site_name":"WOHLBEFINDEN","article_publisher":"https:\/\/www.facebook.com\/bienetreiris\/","article_modified_time":"2021-05-30T17:47:35+00:00","og_image":[{"width":450,"height":300,"url":"https:\/\/bien-etreiris.ch\/wp-content\/uploads\/2019\/06\/titel-4.jpg","type":"image\/jpeg"}],"twitter_misc":{"Gesch\u00e4tzte Lesezeit":"2\u00a0Minuten"},"schema":{"@context":"https:\/\/schema.org","@graph":[{"@type":"WebPage","@id":"https:\/\/bien-etreiris.ch\/de\/produktpraesentation\/aromatherapie\/selbst-herstellen\/rohstoffe\/emulgatoren\/bienenwachs\/","url":"https:\/\/bien-etreiris.ch\/de\/produktpraesentation\/aromatherapie\/selbst-herstellen\/rohstoffe\/emulgatoren\/bienenwachs\/","name":"BIENENWACHS - WOHLBEFINDEN","isPartOf":{"@id":"https:\/\/bien-etreiris.ch\/de\/#website"},"primaryImageOfPage":{"@id":"https:\/\/bien-etreiris.ch\/de\/produktpraesentation\/aromatherapie\/selbst-herstellen\/rohstoffe\/emulgatoren\/bienenwachs\/#primaryimage"},"image":{"@id":"https:\/\/bien-etreiris.ch\/de\/produktpraesentation\/aromatherapie\/selbst-herstellen\/rohstoffe\/emulgatoren\/bienenwachs\/#primaryimage"},"thumbnailUrl":"https:\/\/bien-etreiris.ch\/wp-content\/uploads\/2019\/06\/titel-4.jpg","datePublished":"2019-06-23T14:35:00+00:00","dateModified":"2021-05-30T17:47:35+00:00","breadcrumb":{"@id":"https:\/\/bien-etreiris.ch\/de\/produktpraesentation\/aromatherapie\/selbst-herstellen\/rohstoffe\/emulgatoren\/bienenwachs\/#breadcrumb"},"inLanguage":"de","potentialAction":[{"@type":"ReadAction","target":["https:\/\/bien-etreiris.ch\/de\/produktpraesentation\/aromatherapie\/selbst-herstellen\/rohstoffe\/emulgatoren\/bienenwachs\/"]}]},{"@type":"ImageObject","inLanguage":"de","@id":"https:\/\/bien-etreiris.ch\/de\/produktpraesentation\/aromatherapie\/selbst-herstellen\/rohstoffe\/emulgatoren\/bienenwachs\/#primaryimage","url":"https:\/\/bien-etreiris.ch\/wp-content\/uploads\/2019\/06\/titel-4.jpg","contentUrl":"https:\/\/bien-etreiris.ch\/wp-content\/uploads\/2019\/06\/titel-4.jpg","width":450,"height":300},{"@type":"BreadcrumbList","@id":"https:\/\/bien-etreiris.ch\/de\/produktpraesentation\/aromatherapie\/selbst-herstellen\/rohstoffe\/emulgatoren\/bienenwachs\/#breadcrumb","itemListElement":[{"@type":"ListItem","position":1,"name":"Home","item":"https:\/\/bien-etreiris.ch\/de\/"},{"@type":"ListItem","position":2,"name":"PRODUKTPR\u00c4SENTATION","item":"https:\/\/bien-etreiris.ch\/de\/produktpraesentation\/"},{"@type":"ListItem","position":3,"name":"AROMATHERAPIE","item":"https:\/\/bien-etreiris.ch\/de\/produktpraesentation\/aromatherapie\/"},{"@type":"ListItem","position":4,"name":"SELBST HERSTELLEN&#8230;","item":"https:\/\/bien-etreiris.ch\/de\/produktpraesentation\/aromatherapie\/selbst-herstellen\/"},{"@type":"ListItem","position":5,"name":"ROHSTOFFE","item":"https:\/\/bien-etreiris.ch\/de\/produktpraesentation\/aromatherapie\/selbst-herstellen\/rohstoffe\/"},{"@type":"ListItem","position":6,"name":"EMULGATOREN","item":"https:\/\/bien-etreiris.ch\/de\/produktpraesentation\/aromatherapie\/selbst-herstellen\/rohstoffe\/emulgatoren\/"},{"@type":"ListItem","position":7,"name":"BIENENWACHS"}]},{"@type":"WebSite","@id":"https:\/\/bien-etreiris.ch\/de\/#website","url":"https:\/\/bien-etreiris.ch\/de\/","name":"Bien-\u00eatre Iris","description":"IHRE Gesundheit ist uns wichtig","potentialAction":[{"@type":"SearchAction","target":{"@type":"EntryPoint","urlTemplate":"https:\/\/bien-etreiris.ch\/de\/?s={search_term_string}"},"query-input":{"@type":"PropertyValueSpecification","valueRequired":true,"valueName":"search_term_string"}}],"inLanguage":"de"}]}},"_links":{"self":[{"href":"https:\/\/bien-etreiris.ch\/de\/wp-json\/wp\/v2\/pages\/20325","targetHints":{"allow":["GET"]}}],"collection":[{"href":"https:\/\/bien-etreiris.ch\/de\/wp-json\/wp\/v2\/pages"}],"about":[{"href":"https:\/\/bien-etreiris.ch\/de\/wp-json\/wp\/v2\/types\/page"}],"author":[{"embeddable":true,"href":"https:\/\/bien-etreiris.ch\/de\/wp-json\/wp\/v2\/users\/1"}],"replies":[{"embeddable":true,"href":"https:\/\/bien-etreiris.ch\/de\/wp-json\/wp\/v2\/comments?post=20325"}],"version-history":[{"count":2,"href":"https:\/\/bien-etreiris.ch\/de\/wp-json\/wp\/v2\/pages\/20325\/revisions"}],"predecessor-version":[{"id":48432,"href":"https:\/\/bien-etreiris.ch\/de\/wp-json\/wp\/v2\/pages\/20325\/revisions\/48432"}],"up":[{"embeddable":true,"href":"https:\/\/bien-etreiris.ch\/de\/wp-json\/wp\/v2\/pages\/18002"}],"wp:featuredmedia":[{"embeddable":true,"href":"https:\/\/bien-etreiris.ch\/de\/wp-json\/wp\/v2\/media\/20317"}],"wp:attachment":[{"href":"https:\/\/bien-etreiris.ch\/de\/wp-json\/wp\/v2\/media?parent=20325"}],"curies":[{"name":"wp","href":"https:\/\/api.w.org\/{rel}","templated":true}]}}