{"id":20093,"date":"2019-06-23T08:22:35","date_gmt":"2019-06-23T08:22:35","guid":{"rendered":"https:\/\/bien-etreiris.ch\/?page_id=20093"},"modified":"2022-12-26T21:33:15","modified_gmt":"2022-12-26T19:33:15","slug":"nigari-salz","status":"publish","type":"page","link":"https:\/\/bien-etreiris.ch\/de\/produktpraesentation\/aromatherapie\/selbst-herstellen\/rohstoffe\/salze\/nigari-salz\/","title":{"rendered":"NIGARI SALZ"},"content":{"rendered":"<p><img loading=\"lazy\" decoding=\"async\" class=\"wp-image-20595 alignleft\" src=\"https:\/\/decoiris.ch\/wp-content\/uploads\/2019\/06\/sel-Nigari-2-1-218x300.jpg\" alt=\"\" width=\"158\" height=\"218\" srcset=\"https:\/\/bien-etreiris.ch\/wp-content\/uploads\/2019\/06\/sel-Nigari-2-1-218x300.jpg 218w, https:\/\/bien-etreiris.ch\/wp-content\/uploads\/2019\/06\/sel-Nigari-2-1.jpg 350w\" sizes=\"auto, (max-width: 158px) 100vw, 158px\" \/><\/p>\n<p>&nbsp;<\/p>\n<p>&nbsp;<\/p>\n<p>&nbsp;<\/p>\n<p><strong>Wiederverschlie\u00dfbarer Beutel <br><\/strong><\/p>\n<p><strong>1 kg CHF 9.90<\/strong><\/p>\n\n\n<figure class=\"wp-block-pullquote\"><blockquote><p><\/p><\/blockquote><\/figure>\n\n\n<p>Das Nigari Salz ist ein unraffiniertes Kristall aus Magnesiumchlorid und stammt aus einem \"fossilen\" europ\u00e4ischen Meer. Es wird f\u00fcr die Herstellung von Tofu benutzt, als Alternative zu Salz oder um Magnesiumwasser herzustellen.<\/p>\n<p>&nbsp;<\/p>\n<h4>\u00d6kologisches Interesse<\/h4>\n<p>Dies ist das einzige Nigari Salz, was in Europa hergestellt wird und ist daher eine \"lokale\" Alternative zu den Nigari Salzen aus China oder Japan. Es wird in Frankreich verarbeitet und verpackt.<\/p>\n\n\n<p> <br>Nigari-Salz ist ein nicht raffinierter Magnesiumchlorid-Kristall aus einem \"fossilen\" Meer, das vor 250 Millionen Jahren einen Teil des europ\u00e4ischen Kontinents bedeckte. Diese k\u00fcrzlich entdeckte Lagerst\u00e4tte erm\u00f6glicht es, erstmals Magnesiumchlorid-Edelsteine aus Westeuropa vorzuschlagen. <\/p>\n\n\n\n<p><strong>Zusammensetzung:<\/strong><\/p>\n\n\n\n<p><\/p>\n\n\n\n<ul style=\"list-style-type: disc;\">\n<li>Magnesiumchlorid-Hexahydrat: mindestens 99%<\/li>\n<li>Ammonium: h\u00f6chstens 1,0 mg \/ kg (R\u00fcckst\u00e4nde)<\/li>\n<li>Arsen: h\u00f6chstens 0,1 mg \/ kg (R\u00fcckst\u00e4nde)<\/li>\n<li>Kupfer: h\u00f6chstens 1,0 mg \/ kg (R\u00fcckst\u00e4nde)<\/li>\n<li>Blei: 0 5 mg \/ kg Maximum (R\u00fcckst\u00e4nde)<\/li>\n<li>Zink: 0,5 mg \/ kg<\/li>\n<li>Maximum (R\u00fcckst\u00e4nde) und Quecksilber: 0,05 mg \/ kg<\/li>\n<\/ul>\n<p>&nbsp;<\/p>\n<h4><em><span style=\"color: #ff0000;\">Achtung, konsumieren Sie Nigari nicht, wenn an einem Nierenversagen (Nierensteine), An\u00e4mie, H\u00e4mophilie oder eine salzfreie Di\u00e4t leiden. Fragen Sie Ihren Arzt, wenn Sie vor dem Verzehr von Nigari einen hohen Blutdruck haben.<\/span><\/em><\/h4>\n<p>&nbsp;<\/p>\n<p>&nbsp;<\/p>\n","protected":false},"excerpt":{"rendered":"<p>&nbsp; &nbsp; &nbsp; Wiederverschlie\u00dfbarer Beutel 1 kg CHF 9.90 Das Nigari Salz ist ein unraffiniertes Kristall aus Magnesiumchlorid und stammt aus einem \"fossilen\" europ\u00e4ischen Meer. Es wird f\u00fcr die Herstellung von Tofu benutzt, als Alternative zu Salz oder um Magnesiumwasser herzustellen. &nbsp; \u00d6kologisches Interesse Dies ist das einzige Nigari Salz, was in Europa hergestellt wird und ist daher eine \"lokale\"&nbsp;<a href=\"https:\/\/bien-etreiris.ch\/de\/produktpraesentation\/aromatherapie\/selbst-herstellen\/rohstoffe\/salze\/nigari-salz\/\" class=\"read-more\">Weiter lesen<\/a><\/p>\n","protected":false},"author":1,"featured_media":20089,"parent":20073,"menu_order":7537,"comment_status":"closed","ping_status":"closed","template":"","meta":{"_acf_changed":false,"ngg_post_thumbnail":0,"footnotes":""},"class_list":["post-20093","page","type-page","status-publish","has-post-thumbnail","hentry"],"acf":[],"yoast_head":"<!-- This site is optimized with the Yoast SEO plugin v27.6 - https:\/\/yoast.com\/product\/yoast-seo-wordpress\/ -->\n<title>NIGARI SALZ - WOHLBEFINDEN<\/title>\n<meta name=\"robots\" content=\"index, follow, max-snippet:-1, max-image-preview:large, max-video-preview:-1\" \/>\n<link rel=\"canonical\" href=\"https:\/\/bien-etreiris.ch\/de\/produktpraesentation\/aromatherapie\/selbst-herstellen\/rohstoffe\/salze\/nigari-salz\/\" \/>\n<meta property=\"og:locale\" content=\"de_DE\" \/>\n<meta property=\"og:type\" content=\"article\" \/>\n<meta property=\"og:title\" content=\"NIGARI SALZ - WOHLBEFINDEN\" \/>\n<meta property=\"og:description\" content=\"&nbsp; &nbsp; &nbsp; Wiederverschlie\u00dfbarer Beutel 1 kg CHF 9.90 Das Nigari Salz ist ein unraffiniertes Kristall aus Magnesiumchlorid und stammt aus einem &quot;fossilen&quot; europ\u00e4ischen Meer. Es wird f\u00fcr die Herstellung von Tofu benutzt, als Alternative zu Salz oder um Magnesiumwasser herzustellen. &nbsp; \u00d6kologisches Interesse Dies ist das einzige Nigari Salz, was in Europa hergestellt wird und ist daher eine &quot;lokale&quot;&nbsp;Weiter lesen\" \/>\n<meta property=\"og:url\" content=\"https:\/\/bien-etreiris.ch\/de\/produktpraesentation\/aromatherapie\/selbst-herstellen\/rohstoffe\/salze\/nigari-salz\/\" \/>\n<meta property=\"og:site_name\" content=\"WOHLBEFINDEN\" \/>\n<meta property=\"article:publisher\" content=\"https:\/\/www.facebook.com\/bienetreiris\/\" \/>\n<meta property=\"article:modified_time\" content=\"2022-12-26T19:33:15+00:00\" \/>\n<meta property=\"og:image\" content=\"https:\/\/bien-etreiris.ch\/wp-content\/uploads\/2019\/06\/sel-de-Nigari.png\" \/>\n\t<meta property=\"og:image:width\" content=\"600\" \/>\n\t<meta property=\"og:image:height\" content=\"324\" \/>\n\t<meta property=\"og:image:type\" content=\"image\/png\" \/>\n<meta name=\"twitter:label1\" content=\"Gesch\u00e4tzte Lesezeit\" \/>\n\t<meta name=\"twitter:data1\" content=\"2\u00a0Minuten\" \/>\n<script type=\"application\/ld+json\" class=\"yoast-schema-graph\">{\"@context\":\"https:\\\/\\\/schema.org\",\"@graph\":[{\"@type\":\"WebPage\",\"@id\":\"https:\\\/\\\/bien-etreiris.ch\\\/de\\\/produktpraesentation\\\/aromatherapie\\\/selbst-herstellen\\\/rohstoffe\\\/salze\\\/nigari-salz\\\/\",\"url\":\"https:\\\/\\\/bien-etreiris.ch\\\/de\\\/produktpraesentation\\\/aromatherapie\\\/selbst-herstellen\\\/rohstoffe\\\/salze\\\/nigari-salz\\\/\",\"name\":\"NIGARI SALZ - WOHLBEFINDEN\",\"isPartOf\":{\"@id\":\"https:\\\/\\\/bien-etreiris.ch\\\/de\\\/#website\"},\"primaryImageOfPage\":{\"@id\":\"https:\\\/\\\/bien-etreiris.ch\\\/de\\\/produktpraesentation\\\/aromatherapie\\\/selbst-herstellen\\\/rohstoffe\\\/salze\\\/nigari-salz\\\/#primaryimage\"},\"image\":{\"@id\":\"https:\\\/\\\/bien-etreiris.ch\\\/de\\\/produktpraesentation\\\/aromatherapie\\\/selbst-herstellen\\\/rohstoffe\\\/salze\\\/nigari-salz\\\/#primaryimage\"},\"thumbnailUrl\":\"https:\\\/\\\/bien-etreiris.ch\\\/wp-content\\\/uploads\\\/2019\\\/06\\\/sel-de-Nigari.png\",\"datePublished\":\"2019-06-23T08:22:35+00:00\",\"dateModified\":\"2022-12-26T19:33:15+00:00\",\"breadcrumb\":{\"@id\":\"https:\\\/\\\/bien-etreiris.ch\\\/de\\\/produktpraesentation\\\/aromatherapie\\\/selbst-herstellen\\\/rohstoffe\\\/salze\\\/nigari-salz\\\/#breadcrumb\"},\"inLanguage\":\"de\",\"potentialAction\":[{\"@type\":\"ReadAction\",\"target\":[\"https:\\\/\\\/bien-etreiris.ch\\\/de\\\/produktpraesentation\\\/aromatherapie\\\/selbst-herstellen\\\/rohstoffe\\\/salze\\\/nigari-salz\\\/\"]}]},{\"@type\":\"ImageObject\",\"inLanguage\":\"de\",\"@id\":\"https:\\\/\\\/bien-etreiris.ch\\\/de\\\/produktpraesentation\\\/aromatherapie\\\/selbst-herstellen\\\/rohstoffe\\\/salze\\\/nigari-salz\\\/#primaryimage\",\"url\":\"https:\\\/\\\/bien-etreiris.ch\\\/wp-content\\\/uploads\\\/2019\\\/06\\\/sel-de-Nigari.png\",\"contentUrl\":\"https:\\\/\\\/bien-etreiris.ch\\\/wp-content\\\/uploads\\\/2019\\\/06\\\/sel-de-Nigari.png\",\"width\":600,\"height\":324},{\"@type\":\"BreadcrumbList\",\"@id\":\"https:\\\/\\\/bien-etreiris.ch\\\/de\\\/produktpraesentation\\\/aromatherapie\\\/selbst-herstellen\\\/rohstoffe\\\/salze\\\/nigari-salz\\\/#breadcrumb\",\"itemListElement\":[{\"@type\":\"ListItem\",\"position\":1,\"name\":\"Home\",\"item\":\"https:\\\/\\\/bien-etreiris.ch\\\/de\\\/\"},{\"@type\":\"ListItem\",\"position\":2,\"name\":\"PRODUKTPR\u00c4SENTATION\",\"item\":\"https:\\\/\\\/bien-etreiris.ch\\\/de\\\/produktpraesentation\\\/\"},{\"@type\":\"ListItem\",\"position\":3,\"name\":\"AROMATHERAPIE\",\"item\":\"https:\\\/\\\/bien-etreiris.ch\\\/de\\\/produktpraesentation\\\/aromatherapie\\\/\"},{\"@type\":\"ListItem\",\"position\":4,\"name\":\"SELBST HERSTELLEN&#8230;\",\"item\":\"https:\\\/\\\/bien-etreiris.ch\\\/de\\\/produktpraesentation\\\/aromatherapie\\\/selbst-herstellen\\\/\"},{\"@type\":\"ListItem\",\"position\":5,\"name\":\"ROHSTOFFE\",\"item\":\"https:\\\/\\\/bien-etreiris.ch\\\/de\\\/produktpraesentation\\\/aromatherapie\\\/selbst-herstellen\\\/rohstoffe\\\/\"},{\"@type\":\"ListItem\",\"position\":6,\"name\":\"SALZE\",\"item\":\"https:\\\/\\\/bien-etreiris.ch\\\/de\\\/produktpraesentation\\\/aromatherapie\\\/selbst-herstellen\\\/rohstoffe\\\/salze\\\/\"},{\"@type\":\"ListItem\",\"position\":7,\"name\":\"NIGARI SALZ\"}]},{\"@type\":\"WebSite\",\"@id\":\"https:\\\/\\\/bien-etreiris.ch\\\/de\\\/#website\",\"url\":\"https:\\\/\\\/bien-etreiris.ch\\\/de\\\/\",\"name\":\"Bien-\u00eatre Iris\",\"description\":\"IHRE Gesundheit ist uns wichtig\",\"potentialAction\":[{\"@type\":\"SearchAction\",\"target\":{\"@type\":\"EntryPoint\",\"urlTemplate\":\"https:\\\/\\\/bien-etreiris.ch\\\/de\\\/?s={search_term_string}\"},\"query-input\":{\"@type\":\"PropertyValueSpecification\",\"valueRequired\":true,\"valueName\":\"search_term_string\"}}],\"inLanguage\":\"de\"}]}<\/script>\n<!-- \/ Yoast SEO plugin. -->","yoast_head_json":{"title":"NIGARI SALZ - WOHLBEFINDEN","robots":{"index":"index","follow":"follow","max-snippet":"max-snippet:-1","max-image-preview":"max-image-preview:large","max-video-preview":"max-video-preview:-1"},"canonical":"https:\/\/bien-etreiris.ch\/de\/produktpraesentation\/aromatherapie\/selbst-herstellen\/rohstoffe\/salze\/nigari-salz\/","og_locale":"de_DE","og_type":"article","og_title":"NIGARI SALZ - WOHLBEFINDEN","og_description":"&nbsp; &nbsp; &nbsp; Wiederverschlie\u00dfbarer Beutel 1 kg CHF 9.90 Das Nigari Salz ist ein unraffiniertes Kristall aus Magnesiumchlorid und stammt aus einem \"fossilen\" europ\u00e4ischen Meer. Es wird f\u00fcr die Herstellung von Tofu benutzt, als Alternative zu Salz oder um Magnesiumwasser herzustellen. &nbsp; \u00d6kologisches Interesse Dies ist das einzige Nigari Salz, was in Europa hergestellt wird und ist daher eine \"lokale\"&nbsp;Weiter lesen","og_url":"https:\/\/bien-etreiris.ch\/de\/produktpraesentation\/aromatherapie\/selbst-herstellen\/rohstoffe\/salze\/nigari-salz\/","og_site_name":"WOHLBEFINDEN","article_publisher":"https:\/\/www.facebook.com\/bienetreiris\/","article_modified_time":"2022-12-26T19:33:15+00:00","og_image":[{"width":600,"height":324,"url":"https:\/\/bien-etreiris.ch\/wp-content\/uploads\/2019\/06\/sel-de-Nigari.png","type":"image\/png"}],"twitter_misc":{"Gesch\u00e4tzte Lesezeit":"2\u00a0Minuten"},"schema":{"@context":"https:\/\/schema.org","@graph":[{"@type":"WebPage","@id":"https:\/\/bien-etreiris.ch\/de\/produktpraesentation\/aromatherapie\/selbst-herstellen\/rohstoffe\/salze\/nigari-salz\/","url":"https:\/\/bien-etreiris.ch\/de\/produktpraesentation\/aromatherapie\/selbst-herstellen\/rohstoffe\/salze\/nigari-salz\/","name":"NIGARI SALZ - WOHLBEFINDEN","isPartOf":{"@id":"https:\/\/bien-etreiris.ch\/de\/#website"},"primaryImageOfPage":{"@id":"https:\/\/bien-etreiris.ch\/de\/produktpraesentation\/aromatherapie\/selbst-herstellen\/rohstoffe\/salze\/nigari-salz\/#primaryimage"},"image":{"@id":"https:\/\/bien-etreiris.ch\/de\/produktpraesentation\/aromatherapie\/selbst-herstellen\/rohstoffe\/salze\/nigari-salz\/#primaryimage"},"thumbnailUrl":"https:\/\/bien-etreiris.ch\/wp-content\/uploads\/2019\/06\/sel-de-Nigari.png","datePublished":"2019-06-23T08:22:35+00:00","dateModified":"2022-12-26T19:33:15+00:00","breadcrumb":{"@id":"https:\/\/bien-etreiris.ch\/de\/produktpraesentation\/aromatherapie\/selbst-herstellen\/rohstoffe\/salze\/nigari-salz\/#breadcrumb"},"inLanguage":"de","potentialAction":[{"@type":"ReadAction","target":["https:\/\/bien-etreiris.ch\/de\/produktpraesentation\/aromatherapie\/selbst-herstellen\/rohstoffe\/salze\/nigari-salz\/"]}]},{"@type":"ImageObject","inLanguage":"de","@id":"https:\/\/bien-etreiris.ch\/de\/produktpraesentation\/aromatherapie\/selbst-herstellen\/rohstoffe\/salze\/nigari-salz\/#primaryimage","url":"https:\/\/bien-etreiris.ch\/wp-content\/uploads\/2019\/06\/sel-de-Nigari.png","contentUrl":"https:\/\/bien-etreiris.ch\/wp-content\/uploads\/2019\/06\/sel-de-Nigari.png","width":600,"height":324},{"@type":"BreadcrumbList","@id":"https:\/\/bien-etreiris.ch\/de\/produktpraesentation\/aromatherapie\/selbst-herstellen\/rohstoffe\/salze\/nigari-salz\/#breadcrumb","itemListElement":[{"@type":"ListItem","position":1,"name":"Home","item":"https:\/\/bien-etreiris.ch\/de\/"},{"@type":"ListItem","position":2,"name":"PRODUKTPR\u00c4SENTATION","item":"https:\/\/bien-etreiris.ch\/de\/produktpraesentation\/"},{"@type":"ListItem","position":3,"name":"AROMATHERAPIE","item":"https:\/\/bien-etreiris.ch\/de\/produktpraesentation\/aromatherapie\/"},{"@type":"ListItem","position":4,"name":"SELBST HERSTELLEN&#8230;","item":"https:\/\/bien-etreiris.ch\/de\/produktpraesentation\/aromatherapie\/selbst-herstellen\/"},{"@type":"ListItem","position":5,"name":"ROHSTOFFE","item":"https:\/\/bien-etreiris.ch\/de\/produktpraesentation\/aromatherapie\/selbst-herstellen\/rohstoffe\/"},{"@type":"ListItem","position":6,"name":"SALZE","item":"https:\/\/bien-etreiris.ch\/de\/produktpraesentation\/aromatherapie\/selbst-herstellen\/rohstoffe\/salze\/"},{"@type":"ListItem","position":7,"name":"NIGARI SALZ"}]},{"@type":"WebSite","@id":"https:\/\/bien-etreiris.ch\/de\/#website","url":"https:\/\/bien-etreiris.ch\/de\/","name":"Bien-\u00eatre Iris","description":"IHRE Gesundheit ist uns wichtig","potentialAction":[{"@type":"SearchAction","target":{"@type":"EntryPoint","urlTemplate":"https:\/\/bien-etreiris.ch\/de\/?s={search_term_string}"},"query-input":{"@type":"PropertyValueSpecification","valueRequired":true,"valueName":"search_term_string"}}],"inLanguage":"de"}]}},"_links":{"self":[{"href":"https:\/\/bien-etreiris.ch\/de\/wp-json\/wp\/v2\/pages\/20093","targetHints":{"allow":["GET"]}}],"collection":[{"href":"https:\/\/bien-etreiris.ch\/de\/wp-json\/wp\/v2\/pages"}],"about":[{"href":"https:\/\/bien-etreiris.ch\/de\/wp-json\/wp\/v2\/types\/page"}],"author":[{"embeddable":true,"href":"https:\/\/bien-etreiris.ch\/de\/wp-json\/wp\/v2\/users\/1"}],"replies":[{"embeddable":true,"href":"https:\/\/bien-etreiris.ch\/de\/wp-json\/wp\/v2\/comments?post=20093"}],"version-history":[{"count":17,"href":"https:\/\/bien-etreiris.ch\/de\/wp-json\/wp\/v2\/pages\/20093\/revisions"}],"predecessor-version":[{"id":62962,"href":"https:\/\/bien-etreiris.ch\/de\/wp-json\/wp\/v2\/pages\/20093\/revisions\/62962"}],"up":[{"embeddable":true,"href":"https:\/\/bien-etreiris.ch\/de\/wp-json\/wp\/v2\/pages\/20073"}],"wp:featuredmedia":[{"embeddable":true,"href":"https:\/\/bien-etreiris.ch\/de\/wp-json\/wp\/v2\/media\/20089"}],"wp:attachment":[{"href":"https:\/\/bien-etreiris.ch\/de\/wp-json\/wp\/v2\/media?parent=20093"}],"curies":[{"name":"wp","href":"https:\/\/api.w.org\/{rel}","templated":true}]}}