{"id":20001,"date":"2019-06-22T09:28:15","date_gmt":"2019-06-22T09:28:15","guid":{"rendered":"https:\/\/bien-etreiris.ch\/beurre-de-cupuacu\/"},"modified":"2023-12-26T16:14:28","modified_gmt":"2023-12-26T14:14:28","slug":"capuacubutter","status":"publish","type":"page","link":"https:\/\/bien-etreiris.ch\/de\/produktpraesentation\/aromatherapie\/selbst-herstellen\/rohstoffe\/butter-und-wachse\/capuacubutter\/","title":{"rendered":"CUPUA\u00c7UBUTTER"},"content":{"rendered":"\n<div class=\"wp-block-media-text alignwide is-stacked-on-mobile\"><figure class=\"wp-block-media-text__media\"><img loading=\"lazy\" decoding=\"async\" width=\"600\" height=\"552\" src=\"https:\/\/decoiris.ch\/wp-content\/uploads\/2019\/06\/Beurre-de-Cupua\u00e7u-2.png\" alt=\"\" class=\"wp-image-19995 size-full\" srcset=\"https:\/\/bien-etreiris.ch\/wp-content\/uploads\/2019\/06\/Beurre-de-Cupua\u00e7u-2.png 600w, https:\/\/bien-etreiris.ch\/wp-content\/uploads\/2019\/06\/Beurre-de-Cupua\u00e7u-2-300x276.png 300w\" sizes=\"auto, (max-width: 600px) 100vw, 600px\" \/><\/figure><div class=\"wp-block-media-text__content\">\n<p class=\"has-large-font-size\"><\/p>\n\n\n\n<p><strong>im offen Verkauf von 10 g CHF 1.25<\/strong><\/p>\n<\/div><\/div>\n\n\n<p><!--StartFragment--><\/p>\n\n\n<p>Kosmetische Cupua\u00e7u Butter bio<\/p>\n\n\n\n<p>Diese Butter ist bei Zimmertemperatur hart, ihre Textur ist konsistent und cremig.<\/p>\n\n\n\n<p>INDIKATIONEN :<br>Theobroma grandiflorum seed butter.<\/p>\n\n\n\n<p>Emollient (Diese Butter hat eine hohe Wasseraufnahmef\u00e4higkeit), Feuchtigkeitsspender f\u00fcr trockene Haut und Haare. Diese Butter enth\u00e4lt unverseifbare Phytosterole, die der Hautsch\u00e4digung vorbeugen, indem sie die Geschmeidigkeit und Elastizit\u00e4t der Haut f\u00f6rdern. Dank ihrer aufpolsternden und beruhigenden Eigenschaften verleiht sie Ihren Zubereitungen eine cremige und zartschmelzende Textur.<\/p>\n\n\n\n<p>Gute pflanzliche Alternative zu Lanolin.<\/p>\n\n\n\n<p><\/p>\n\n\n\n<p><\/p>\n\n\n\n<p><\/p>\n\n\n\n<p><!--EndFragment--><\/p>\n<h4>Capuac\u0327ubutter<\/h4>\n<p class=\"subtitle\">Capuac\u0327ubutter ist das Fett aus den Samen des ostamazonischen Capuac\u0327ubaumes aus der Familie der Malvengew\u00e4chse. Im Spanischen heisst er auch cacao blanco, weisser Kakao, und tats\u00e4chlich wird aus seiner Butter eine weisse, schokolade\u00e4hnliche Speise hergestellt.<\/p>\n<div class=\"cms-content\">\n<p>Capuac\u0327ubutter hat besonders stark wasserbindende Eigenschaften und ist ein ausgezeichneter Emulgator. Sie ist besonders geschmeidig und wirkt auf der Haut sehr leicht. Sie unterst\u00fctzt die nat\u00fcrliche Hautbarriere, ist hautberuhigend und wirkt R\u00f6tungen entgegen. Auch in der Haarpflege hat Capuac\u0327ubutter ausgezeichnete feuchtigkeitsbindende Eigenschaften und verbessert die Reissfestigkeit der Haare und ihre Elastizit\u00e4t.<\/p>\n<p>&nbsp;<\/p>\n<p><strong>Kosmetische Eigenschaften:<\/strong><\/p>\n<ul>\n<li>r\u00fcckfettend und feuchtigkeitsbindend<\/li>\n<li>viskosit\u00e4tserh\u00f6hend<\/li>\n<li>hautberuhigend, ideal gegen R\u00f6tungen<\/li>\n<li>barrieref\u00f6rdernd<\/li>\n<li>ideal auch zur Haarpflege<\/li>\n<\/ul>\n<\/div>\n<p>&nbsp;<\/p>\n","protected":false},"excerpt":{"rendered":"<p>im offen Verkauf von 10 g CHF 1.25 Kosmetische Cupua\u00e7u Butter bio Diese Butter ist bei Zimmertemperatur hart, ihre Textur ist konsistent und cremig. INDIKATIONEN :Theobroma grandiflorum seed butter. Emollient (Diese Butter hat eine hohe Wasseraufnahmef\u00e4higkeit), Feuchtigkeitsspender f\u00fcr trockene Haut und Haare. Diese Butter enth\u00e4lt unverseifbare Phytosterole, die der Hautsch\u00e4digung vorbeugen, indem sie die Geschmeidigkeit und Elastizit\u00e4t der Haut f\u00f6rdern.&nbsp;<a href=\"https:\/\/bien-etreiris.ch\/de\/produktpraesentation\/aromatherapie\/selbst-herstellen\/rohstoffe\/butter-und-wachse\/capuacubutter\/\" class=\"read-more\">Weiter lesen<\/a><\/p>\n","protected":false},"author":1,"featured_media":19996,"parent":18002,"menu_order":7549,"comment_status":"closed","ping_status":"closed","template":"","meta":{"_acf_changed":false,"ngg_post_thumbnail":0,"footnotes":""},"class_list":["post-20001","page","type-page","status-publish","has-post-thumbnail","hentry"],"acf":[],"yoast_head":"<!-- This site is optimized with the Yoast SEO plugin v27.6 - https:\/\/yoast.com\/product\/yoast-seo-wordpress\/ -->\n<title>CUPUA\u00c7UBUTTER - WOHLBEFINDEN<\/title>\n<meta name=\"robots\" content=\"index, follow, max-snippet:-1, max-image-preview:large, max-video-preview:-1\" \/>\n<link rel=\"canonical\" href=\"https:\/\/bien-etreiris.ch\/de\/produktpraesentation\/aromatherapie\/selbst-herstellen\/rohstoffe\/butter-und-wachse\/capuacubutter\/\" \/>\n<meta property=\"og:locale\" content=\"de_DE\" \/>\n<meta property=\"og:type\" content=\"article\" \/>\n<meta property=\"og:title\" content=\"CUPUA\u00c7UBUTTER - WOHLBEFINDEN\" \/>\n<meta property=\"og:description\" content=\"im offen Verkauf von 10 g CHF 1.25 Kosmetische Cupua\u00e7u Butter bio Diese Butter ist bei Zimmertemperatur hart, ihre Textur ist konsistent und cremig. INDIKATIONEN :Theobroma grandiflorum seed butter. Emollient (Diese Butter hat eine hohe Wasseraufnahmef\u00e4higkeit), Feuchtigkeitsspender f\u00fcr trockene Haut und Haare. Diese Butter enth\u00e4lt unverseifbare Phytosterole, die der Hautsch\u00e4digung vorbeugen, indem sie die Geschmeidigkeit und Elastizit\u00e4t der Haut f\u00f6rdern.&nbsp;Weiter lesen\" \/>\n<meta property=\"og:url\" content=\"https:\/\/bien-etreiris.ch\/de\/produktpraesentation\/aromatherapie\/selbst-herstellen\/rohstoffe\/butter-und-wachse\/capuacubutter\/\" \/>\n<meta property=\"og:site_name\" content=\"WOHLBEFINDEN\" \/>\n<meta property=\"article:publisher\" content=\"https:\/\/www.facebook.com\/bienetreiris\/\" \/>\n<meta property=\"article:modified_time\" content=\"2023-12-26T14:14:28+00:00\" \/>\n<meta property=\"og:image\" content=\"https:\/\/bien-etreiris.ch\/wp-content\/uploads\/2019\/06\/Beurre-de-Cupua\u00e7u-2.png\" \/>\n\t<meta property=\"og:image:width\" content=\"600\" \/>\n\t<meta property=\"og:image:height\" content=\"552\" \/>\n\t<meta property=\"og:image:type\" content=\"image\/png\" \/>\n<meta name=\"twitter:label1\" content=\"Gesch\u00e4tzte Lesezeit\" \/>\n\t<meta name=\"twitter:data1\" content=\"2\u00a0Minuten\" \/>\n<script type=\"application\/ld+json\" class=\"yoast-schema-graph\">{\"@context\":\"https:\\\/\\\/schema.org\",\"@graph\":[{\"@type\":\"WebPage\",\"@id\":\"https:\\\/\\\/bien-etreiris.ch\\\/de\\\/produktpraesentation\\\/aromatherapie\\\/selbst-herstellen\\\/rohstoffe\\\/butter-und-wachse\\\/capuacubutter\\\/\",\"url\":\"https:\\\/\\\/bien-etreiris.ch\\\/de\\\/produktpraesentation\\\/aromatherapie\\\/selbst-herstellen\\\/rohstoffe\\\/butter-und-wachse\\\/capuacubutter\\\/\",\"name\":\"CUPUA\u00c7UBUTTER - WOHLBEFINDEN\",\"isPartOf\":{\"@id\":\"https:\\\/\\\/bien-etreiris.ch\\\/de\\\/#website\"},\"primaryImageOfPage\":{\"@id\":\"https:\\\/\\\/bien-etreiris.ch\\\/de\\\/produktpraesentation\\\/aromatherapie\\\/selbst-herstellen\\\/rohstoffe\\\/butter-und-wachse\\\/capuacubutter\\\/#primaryimage\"},\"image\":{\"@id\":\"https:\\\/\\\/bien-etreiris.ch\\\/de\\\/produktpraesentation\\\/aromatherapie\\\/selbst-herstellen\\\/rohstoffe\\\/butter-und-wachse\\\/capuacubutter\\\/#primaryimage\"},\"thumbnailUrl\":\"https:\\\/\\\/bien-etreiris.ch\\\/wp-content\\\/uploads\\\/2019\\\/06\\\/Beurre-de-Cupua\u00e7u-2.png\",\"datePublished\":\"2019-06-22T09:28:15+00:00\",\"dateModified\":\"2023-12-26T14:14:28+00:00\",\"breadcrumb\":{\"@id\":\"https:\\\/\\\/bien-etreiris.ch\\\/de\\\/produktpraesentation\\\/aromatherapie\\\/selbst-herstellen\\\/rohstoffe\\\/butter-und-wachse\\\/capuacubutter\\\/#breadcrumb\"},\"inLanguage\":\"de\",\"potentialAction\":[{\"@type\":\"ReadAction\",\"target\":[\"https:\\\/\\\/bien-etreiris.ch\\\/de\\\/produktpraesentation\\\/aromatherapie\\\/selbst-herstellen\\\/rohstoffe\\\/butter-und-wachse\\\/capuacubutter\\\/\"]}]},{\"@type\":\"ImageObject\",\"inLanguage\":\"de\",\"@id\":\"https:\\\/\\\/bien-etreiris.ch\\\/de\\\/produktpraesentation\\\/aromatherapie\\\/selbst-herstellen\\\/rohstoffe\\\/butter-und-wachse\\\/capuacubutter\\\/#primaryimage\",\"url\":\"https:\\\/\\\/bien-etreiris.ch\\\/wp-content\\\/uploads\\\/2019\\\/06\\\/Beurre-de-Cupua\u00e7u-2.png\",\"contentUrl\":\"https:\\\/\\\/bien-etreiris.ch\\\/wp-content\\\/uploads\\\/2019\\\/06\\\/Beurre-de-Cupua\u00e7u-2.png\",\"width\":600,\"height\":552},{\"@type\":\"BreadcrumbList\",\"@id\":\"https:\\\/\\\/bien-etreiris.ch\\\/de\\\/produktpraesentation\\\/aromatherapie\\\/selbst-herstellen\\\/rohstoffe\\\/butter-und-wachse\\\/capuacubutter\\\/#breadcrumb\",\"itemListElement\":[{\"@type\":\"ListItem\",\"position\":1,\"name\":\"Home\",\"item\":\"https:\\\/\\\/bien-etreiris.ch\\\/de\\\/\"},{\"@type\":\"ListItem\",\"position\":2,\"name\":\"PRODUKTPR\u00c4SENTATION\",\"item\":\"https:\\\/\\\/bien-etreiris.ch\\\/de\\\/produktpraesentation\\\/\"},{\"@type\":\"ListItem\",\"position\":3,\"name\":\"AROMATHERAPIE\",\"item\":\"https:\\\/\\\/bien-etreiris.ch\\\/de\\\/produktpraesentation\\\/aromatherapie\\\/\"},{\"@type\":\"ListItem\",\"position\":4,\"name\":\"SELBST HERSTELLEN&#8230;\",\"item\":\"https:\\\/\\\/bien-etreiris.ch\\\/de\\\/produktpraesentation\\\/aromatherapie\\\/selbst-herstellen\\\/\"},{\"@type\":\"ListItem\",\"position\":5,\"name\":\"ROHSTOFFE\",\"item\":\"https:\\\/\\\/bien-etreiris.ch\\\/de\\\/produktpraesentation\\\/aromatherapie\\\/selbst-herstellen\\\/rohstoffe\\\/\"},{\"@type\":\"ListItem\",\"position\":6,\"name\":\"BUTTER UND WACHSE\",\"item\":\"https:\\\/\\\/bien-etreiris.ch\\\/de\\\/produktpraesentation\\\/aromatherapie\\\/selbst-herstellen\\\/rohstoffe\\\/butter-und-wachse\\\/\"},{\"@type\":\"ListItem\",\"position\":7,\"name\":\"CUPUA\u00c7UBUTTER\"}]},{\"@type\":\"WebSite\",\"@id\":\"https:\\\/\\\/bien-etreiris.ch\\\/de\\\/#website\",\"url\":\"https:\\\/\\\/bien-etreiris.ch\\\/de\\\/\",\"name\":\"Bien-\u00eatre Iris\",\"description\":\"IHRE Gesundheit ist uns wichtig\",\"potentialAction\":[{\"@type\":\"SearchAction\",\"target\":{\"@type\":\"EntryPoint\",\"urlTemplate\":\"https:\\\/\\\/bien-etreiris.ch\\\/de\\\/?s={search_term_string}\"},\"query-input\":{\"@type\":\"PropertyValueSpecification\",\"valueRequired\":true,\"valueName\":\"search_term_string\"}}],\"inLanguage\":\"de\"}]}<\/script>\n<!-- \/ Yoast SEO plugin. -->","yoast_head_json":{"title":"CUPUA\u00c7UBUTTER - WOHLBEFINDEN","robots":{"index":"index","follow":"follow","max-snippet":"max-snippet:-1","max-image-preview":"max-image-preview:large","max-video-preview":"max-video-preview:-1"},"canonical":"https:\/\/bien-etreiris.ch\/de\/produktpraesentation\/aromatherapie\/selbst-herstellen\/rohstoffe\/butter-und-wachse\/capuacubutter\/","og_locale":"de_DE","og_type":"article","og_title":"CUPUA\u00c7UBUTTER - WOHLBEFINDEN","og_description":"im offen Verkauf von 10 g CHF 1.25 Kosmetische Cupua\u00e7u Butter bio Diese Butter ist bei Zimmertemperatur hart, ihre Textur ist konsistent und cremig. INDIKATIONEN :Theobroma grandiflorum seed butter. Emollient (Diese Butter hat eine hohe Wasseraufnahmef\u00e4higkeit), Feuchtigkeitsspender f\u00fcr trockene Haut und Haare. Diese Butter enth\u00e4lt unverseifbare Phytosterole, die der Hautsch\u00e4digung vorbeugen, indem sie die Geschmeidigkeit und Elastizit\u00e4t der Haut f\u00f6rdern.&nbsp;Weiter lesen","og_url":"https:\/\/bien-etreiris.ch\/de\/produktpraesentation\/aromatherapie\/selbst-herstellen\/rohstoffe\/butter-und-wachse\/capuacubutter\/","og_site_name":"WOHLBEFINDEN","article_publisher":"https:\/\/www.facebook.com\/bienetreiris\/","article_modified_time":"2023-12-26T14:14:28+00:00","og_image":[{"width":600,"height":552,"url":"https:\/\/bien-etreiris.ch\/wp-content\/uploads\/2019\/06\/Beurre-de-Cupua\u00e7u-2.png","type":"image\/png"}],"twitter_misc":{"Gesch\u00e4tzte Lesezeit":"2\u00a0Minuten"},"schema":{"@context":"https:\/\/schema.org","@graph":[{"@type":"WebPage","@id":"https:\/\/bien-etreiris.ch\/de\/produktpraesentation\/aromatherapie\/selbst-herstellen\/rohstoffe\/butter-und-wachse\/capuacubutter\/","url":"https:\/\/bien-etreiris.ch\/de\/produktpraesentation\/aromatherapie\/selbst-herstellen\/rohstoffe\/butter-und-wachse\/capuacubutter\/","name":"CUPUA\u00c7UBUTTER - WOHLBEFINDEN","isPartOf":{"@id":"https:\/\/bien-etreiris.ch\/de\/#website"},"primaryImageOfPage":{"@id":"https:\/\/bien-etreiris.ch\/de\/produktpraesentation\/aromatherapie\/selbst-herstellen\/rohstoffe\/butter-und-wachse\/capuacubutter\/#primaryimage"},"image":{"@id":"https:\/\/bien-etreiris.ch\/de\/produktpraesentation\/aromatherapie\/selbst-herstellen\/rohstoffe\/butter-und-wachse\/capuacubutter\/#primaryimage"},"thumbnailUrl":"https:\/\/bien-etreiris.ch\/wp-content\/uploads\/2019\/06\/Beurre-de-Cupua\u00e7u-2.png","datePublished":"2019-06-22T09:28:15+00:00","dateModified":"2023-12-26T14:14:28+00:00","breadcrumb":{"@id":"https:\/\/bien-etreiris.ch\/de\/produktpraesentation\/aromatherapie\/selbst-herstellen\/rohstoffe\/butter-und-wachse\/capuacubutter\/#breadcrumb"},"inLanguage":"de","potentialAction":[{"@type":"ReadAction","target":["https:\/\/bien-etreiris.ch\/de\/produktpraesentation\/aromatherapie\/selbst-herstellen\/rohstoffe\/butter-und-wachse\/capuacubutter\/"]}]},{"@type":"ImageObject","inLanguage":"de","@id":"https:\/\/bien-etreiris.ch\/de\/produktpraesentation\/aromatherapie\/selbst-herstellen\/rohstoffe\/butter-und-wachse\/capuacubutter\/#primaryimage","url":"https:\/\/bien-etreiris.ch\/wp-content\/uploads\/2019\/06\/Beurre-de-Cupua\u00e7u-2.png","contentUrl":"https:\/\/bien-etreiris.ch\/wp-content\/uploads\/2019\/06\/Beurre-de-Cupua\u00e7u-2.png","width":600,"height":552},{"@type":"BreadcrumbList","@id":"https:\/\/bien-etreiris.ch\/de\/produktpraesentation\/aromatherapie\/selbst-herstellen\/rohstoffe\/butter-und-wachse\/capuacubutter\/#breadcrumb","itemListElement":[{"@type":"ListItem","position":1,"name":"Home","item":"https:\/\/bien-etreiris.ch\/de\/"},{"@type":"ListItem","position":2,"name":"PRODUKTPR\u00c4SENTATION","item":"https:\/\/bien-etreiris.ch\/de\/produktpraesentation\/"},{"@type":"ListItem","position":3,"name":"AROMATHERAPIE","item":"https:\/\/bien-etreiris.ch\/de\/produktpraesentation\/aromatherapie\/"},{"@type":"ListItem","position":4,"name":"SELBST HERSTELLEN&#8230;","item":"https:\/\/bien-etreiris.ch\/de\/produktpraesentation\/aromatherapie\/selbst-herstellen\/"},{"@type":"ListItem","position":5,"name":"ROHSTOFFE","item":"https:\/\/bien-etreiris.ch\/de\/produktpraesentation\/aromatherapie\/selbst-herstellen\/rohstoffe\/"},{"@type":"ListItem","position":6,"name":"BUTTER UND WACHSE","item":"https:\/\/bien-etreiris.ch\/de\/produktpraesentation\/aromatherapie\/selbst-herstellen\/rohstoffe\/butter-und-wachse\/"},{"@type":"ListItem","position":7,"name":"CUPUA\u00c7UBUTTER"}]},{"@type":"WebSite","@id":"https:\/\/bien-etreiris.ch\/de\/#website","url":"https:\/\/bien-etreiris.ch\/de\/","name":"Bien-\u00eatre Iris","description":"IHRE Gesundheit ist uns wichtig","potentialAction":[{"@type":"SearchAction","target":{"@type":"EntryPoint","urlTemplate":"https:\/\/bien-etreiris.ch\/de\/?s={search_term_string}"},"query-input":{"@type":"PropertyValueSpecification","valueRequired":true,"valueName":"search_term_string"}}],"inLanguage":"de"}]}},"_links":{"self":[{"href":"https:\/\/bien-etreiris.ch\/de\/wp-json\/wp\/v2\/pages\/20001","targetHints":{"allow":["GET"]}}],"collection":[{"href":"https:\/\/bien-etreiris.ch\/de\/wp-json\/wp\/v2\/pages"}],"about":[{"href":"https:\/\/bien-etreiris.ch\/de\/wp-json\/wp\/v2\/types\/page"}],"author":[{"embeddable":true,"href":"https:\/\/bien-etreiris.ch\/de\/wp-json\/wp\/v2\/users\/1"}],"replies":[{"embeddable":true,"href":"https:\/\/bien-etreiris.ch\/de\/wp-json\/wp\/v2\/comments?post=20001"}],"version-history":[{"count":10,"href":"https:\/\/bien-etreiris.ch\/de\/wp-json\/wp\/v2\/pages\/20001\/revisions"}],"predecessor-version":[{"id":82640,"href":"https:\/\/bien-etreiris.ch\/de\/wp-json\/wp\/v2\/pages\/20001\/revisions\/82640"}],"up":[{"embeddable":true,"href":"https:\/\/bien-etreiris.ch\/de\/wp-json\/wp\/v2\/pages\/18002"}],"wp:featuredmedia":[{"embeddable":true,"href":"https:\/\/bien-etreiris.ch\/de\/wp-json\/wp\/v2\/media\/19996"}],"wp:attachment":[{"href":"https:\/\/bien-etreiris.ch\/de\/wp-json\/wp\/v2\/media?parent=20001"}],"curies":[{"name":"wp","href":"https:\/\/api.w.org\/{rel}","templated":true}]}}