{"id":19563,"date":"2019-06-14T11:32:07","date_gmt":"2019-06-14T11:32:07","guid":{"rendered":"https:\/\/bien-etreiris.ch\/?page_id=19563"},"modified":"2019-06-15T09:53:02","modified_gmt":"2019-06-15T09:53:02","slug":"grune-heilerde","status":"publish","type":"page","link":"https:\/\/bien-etreiris.ch\/de\/produktpraesentation\/aromatherapie\/selbst-herstellen\/rohstoffe\/tonerde\/grune-heilerde\/","title":{"rendered":"GR\u00dcNE HEILERDE"},"content":{"rendered":"\n<div class=\"wp-block-media-text alignwide\"><figure class=\"wp-block-media-text__media\"><img loading=\"lazy\" decoding=\"async\" width=\"450\" height=\"337\" src=\"https:\/\/decoiris.ch\/wp-content\/uploads\/2019\/06\/vert.png\" alt=\"\" class=\"wp-image-19559\" srcset=\"https:\/\/bien-etreiris.ch\/wp-content\/uploads\/2019\/06\/vert.png 450w, https:\/\/bien-etreiris.ch\/wp-content\/uploads\/2019\/06\/vert-300x225.png 300w, https:\/\/bien-etreiris.ch\/wp-content\/uploads\/2019\/06\/vert-200x150.png 200w\" sizes=\"auto, (max-width: 450px) 100vw, 450px\" \/><\/figure><div class=\"wp-block-media-text__content\">\n<p class=\"has-large-font-size\"><\/p>\n\n\n\n<p>In loser Sch\u00fcttung<\/p>\n\n\n\n<p>100 gr. 1.50<br><\/p>\n<\/div><\/div>\n\n\n\n<p>L'argile moulue fine est une poudre d'argile brute assez grossi\u00e8re. \nEn cataplasme ou en empl\u00e2tre, l'argile verte moulue fine se pr\u00e9pare \nrapidement pour vous offrir un v\u00e9ritable confort et soulager \nefficacement votre corps.<br><br>L'argile verte ne doit pas \u00eatre appliqu\u00e9e sur des blessures ouvertes.<\/p>\n\n\n\n<p><strong>Ingr\u00e9dient:<\/strong><\/p>\n\n\n\n<p>Compos\u00e9 naturel d'illite. Argile verte l00 %, riche en min\u00e9raux et oligo-\u00e9l\u00e9ments.<br><br>Argile garantie naturelle; s\u00e9ch\u00e9e au soleil; sans conservateur.<\/p>\n\n\n\n<p><strong>Pr\u00e9paration de la p\u00e2te:<\/strong><\/p>\n\n\n\n<p>Verser\n la quantit\u00e9 n\u00e9cessaire d\u2019argile verte moulue fine dans un r\u00e9cipient en \nverre ou en terre. Recouvrir d\u2019eau de source (1 cm) et m\u00e9langer avec une\n cuill\u00e8re en bois. Laisser \u00e0 l\u2019argile le temps d\u2019absorber l\u2019eau (1 \u00e0 2 \nheures). M\u00e9langer \u00e0 nouveau pour obtenir une p\u00e2te bien lisse.<\/p>\n\n\n\n<p><strong>Pr\u00e9paration d\u2019un cataplasme :<\/strong><\/p>\n\n\n\n<p>D\u00e9poser  2 cm de p\u00e2te d\u2019argile verte sur un linge fin. Replier les 4 coins.  Appliquer directement sur l\u2019endroit d\u00e9sir\u00e9. Fixer avec une bande.<br><br><strong>Pr\u00e9paration d'un empl\u00e2tre :<\/strong><br><br>Appliquer directement 1 \u00e0 2 cm de p\u00e2te d'argile verte sur la zone sensible et laisser agir 1 \u00e0 2 heures.<br><br>Dans les deux cas, \u00f4ter le maximum d'argile, la jeter. Rincer \u00e0 l'eau ti\u00e8de. Ne pas laisser s\u00e9cher l'argile.<\/p>\n","protected":false},"excerpt":{"rendered":"<p>In loser Sch\u00fcttung 100 gr. 1.50 L'argile moulue fine est une poudre d'argile brute assez grossi\u00e8re. En cataplasme ou en empl\u00e2tre, l'argile verte moulue fine se pr\u00e9pare rapidement pour vous offrir un v\u00e9ritable confort et soulager efficacement votre corps. L'argile verte ne doit pas \u00eatre appliqu\u00e9e sur des blessures ouvertes. Ingr\u00e9dient: Compos\u00e9 naturel d'illite. Argile verte l00 %, riche en&nbsp;<a href=\"https:\/\/bien-etreiris.ch\/de\/produktpraesentation\/aromatherapie\/selbst-herstellen\/rohstoffe\/tonerde\/grune-heilerde\/\" class=\"read-more\">Weiter lesen<\/a><\/p>\n","protected":false},"author":1,"featured_media":19560,"parent":19496,"menu_order":7557,"comment_status":"closed","ping_status":"closed","template":"","meta":{"_acf_changed":false,"ngg_post_thumbnail":0,"footnotes":""},"class_list":["post-19563","page","type-page","status-publish","has-post-thumbnail","hentry"],"acf":[],"yoast_head":"<!-- This site is optimized with the Yoast SEO plugin v27.6 - https:\/\/yoast.com\/product\/yoast-seo-wordpress\/ -->\n<title>GR\u00dcNE HEILERDE - WOHLBEFINDEN<\/title>\n<meta name=\"robots\" content=\"index, follow, max-snippet:-1, max-image-preview:large, max-video-preview:-1\" \/>\n<link rel=\"canonical\" href=\"https:\/\/bien-etreiris.ch\/de\/produktpraesentation\/aromatherapie\/selbst-herstellen\/rohstoffe\/tonerde\/grune-heilerde\/\" \/>\n<meta property=\"og:locale\" content=\"de_DE\" \/>\n<meta property=\"og:type\" content=\"article\" \/>\n<meta property=\"og:title\" content=\"GR\u00dcNE HEILERDE - WOHLBEFINDEN\" \/>\n<meta property=\"og:description\" content=\"In loser Sch\u00fcttung 100 gr. 1.50 L&#039;argile moulue fine est une poudre d&#039;argile brute assez grossi\u00e8re. En cataplasme ou en empl\u00e2tre, l&#039;argile verte moulue fine se pr\u00e9pare rapidement pour vous offrir un v\u00e9ritable confort et soulager efficacement votre corps. L&#039;argile verte ne doit pas \u00eatre appliqu\u00e9e sur des blessures ouvertes. Ingr\u00e9dient: Compos\u00e9 naturel d&#039;illite. Argile verte l00 %, riche en&nbsp;Weiter lesen\" \/>\n<meta property=\"og:url\" content=\"https:\/\/bien-etreiris.ch\/de\/produktpraesentation\/aromatherapie\/selbst-herstellen\/rohstoffe\/tonerde\/grune-heilerde\/\" \/>\n<meta property=\"og:site_name\" content=\"WOHLBEFINDEN\" \/>\n<meta property=\"article:publisher\" content=\"https:\/\/www.facebook.com\/bienetreiris\/\" \/>\n<meta property=\"article:modified_time\" content=\"2019-06-15T09:53:02+00:00\" \/>\n<meta property=\"og:image\" content=\"https:\/\/bien-etreiris.ch\/wp-content\/uploads\/2019\/06\/vert.png\" \/>\n\t<meta property=\"og:image:width\" content=\"450\" \/>\n\t<meta property=\"og:image:height\" content=\"337\" \/>\n\t<meta property=\"og:image:type\" content=\"image\/png\" \/>\n<meta name=\"twitter:label1\" content=\"Gesch\u00e4tzte Lesezeit\" \/>\n\t<meta name=\"twitter:data1\" content=\"1\u00a0Minute\" \/>\n<script type=\"application\/ld+json\" class=\"yoast-schema-graph\">{\"@context\":\"https:\\\/\\\/schema.org\",\"@graph\":[{\"@type\":\"WebPage\",\"@id\":\"https:\\\/\\\/bien-etreiris.ch\\\/de\\\/produktpraesentation\\\/aromatherapie\\\/selbst-herstellen\\\/rohstoffe\\\/tonerde\\\/grune-heilerde\\\/\",\"url\":\"https:\\\/\\\/bien-etreiris.ch\\\/de\\\/produktpraesentation\\\/aromatherapie\\\/selbst-herstellen\\\/rohstoffe\\\/tonerde\\\/grune-heilerde\\\/\",\"name\":\"GR\u00dcNE HEILERDE - WOHLBEFINDEN\",\"isPartOf\":{\"@id\":\"https:\\\/\\\/bien-etreiris.ch\\\/de\\\/#website\"},\"primaryImageOfPage\":{\"@id\":\"https:\\\/\\\/bien-etreiris.ch\\\/de\\\/produktpraesentation\\\/aromatherapie\\\/selbst-herstellen\\\/rohstoffe\\\/tonerde\\\/grune-heilerde\\\/#primaryimage\"},\"image\":{\"@id\":\"https:\\\/\\\/bien-etreiris.ch\\\/de\\\/produktpraesentation\\\/aromatherapie\\\/selbst-herstellen\\\/rohstoffe\\\/tonerde\\\/grune-heilerde\\\/#primaryimage\"},\"thumbnailUrl\":\"https:\\\/\\\/bien-etreiris.ch\\\/wp-content\\\/uploads\\\/2019\\\/06\\\/vert.png\",\"datePublished\":\"2019-06-14T11:32:07+00:00\",\"dateModified\":\"2019-06-15T09:53:02+00:00\",\"breadcrumb\":{\"@id\":\"https:\\\/\\\/bien-etreiris.ch\\\/de\\\/produktpraesentation\\\/aromatherapie\\\/selbst-herstellen\\\/rohstoffe\\\/tonerde\\\/grune-heilerde\\\/#breadcrumb\"},\"inLanguage\":\"de\",\"potentialAction\":[{\"@type\":\"ReadAction\",\"target\":[\"https:\\\/\\\/bien-etreiris.ch\\\/de\\\/produktpraesentation\\\/aromatherapie\\\/selbst-herstellen\\\/rohstoffe\\\/tonerde\\\/grune-heilerde\\\/\"]}]},{\"@type\":\"ImageObject\",\"inLanguage\":\"de\",\"@id\":\"https:\\\/\\\/bien-etreiris.ch\\\/de\\\/produktpraesentation\\\/aromatherapie\\\/selbst-herstellen\\\/rohstoffe\\\/tonerde\\\/grune-heilerde\\\/#primaryimage\",\"url\":\"https:\\\/\\\/bien-etreiris.ch\\\/wp-content\\\/uploads\\\/2019\\\/06\\\/vert.png\",\"contentUrl\":\"https:\\\/\\\/bien-etreiris.ch\\\/wp-content\\\/uploads\\\/2019\\\/06\\\/vert.png\",\"width\":450,\"height\":337},{\"@type\":\"BreadcrumbList\",\"@id\":\"https:\\\/\\\/bien-etreiris.ch\\\/de\\\/produktpraesentation\\\/aromatherapie\\\/selbst-herstellen\\\/rohstoffe\\\/tonerde\\\/grune-heilerde\\\/#breadcrumb\",\"itemListElement\":[{\"@type\":\"ListItem\",\"position\":1,\"name\":\"Home\",\"item\":\"https:\\\/\\\/bien-etreiris.ch\\\/de\\\/\"},{\"@type\":\"ListItem\",\"position\":2,\"name\":\"PRODUKTPR\u00c4SENTATION\",\"item\":\"https:\\\/\\\/bien-etreiris.ch\\\/de\\\/produktpraesentation\\\/\"},{\"@type\":\"ListItem\",\"position\":3,\"name\":\"AROMATHERAPIE\",\"item\":\"https:\\\/\\\/bien-etreiris.ch\\\/de\\\/produktpraesentation\\\/aromatherapie\\\/\"},{\"@type\":\"ListItem\",\"position\":4,\"name\":\"SELBST HERSTELLEN&#8230;\",\"item\":\"https:\\\/\\\/bien-etreiris.ch\\\/de\\\/produktpraesentation\\\/aromatherapie\\\/selbst-herstellen\\\/\"},{\"@type\":\"ListItem\",\"position\":5,\"name\":\"ROHSTOFFE\",\"item\":\"https:\\\/\\\/bien-etreiris.ch\\\/de\\\/produktpraesentation\\\/aromatherapie\\\/selbst-herstellen\\\/rohstoffe\\\/\"},{\"@type\":\"ListItem\",\"position\":6,\"name\":\"TONERDE\",\"item\":\"https:\\\/\\\/bien-etreiris.ch\\\/de\\\/produktpraesentation\\\/aromatherapie\\\/selbst-herstellen\\\/rohstoffe\\\/tonerde\\\/\"},{\"@type\":\"ListItem\",\"position\":7,\"name\":\"GR\u00dcNE HEILERDE\"}]},{\"@type\":\"WebSite\",\"@id\":\"https:\\\/\\\/bien-etreiris.ch\\\/de\\\/#website\",\"url\":\"https:\\\/\\\/bien-etreiris.ch\\\/de\\\/\",\"name\":\"Bien-\u00eatre Iris\",\"description\":\"IHRE Gesundheit ist uns wichtig\",\"potentialAction\":[{\"@type\":\"SearchAction\",\"target\":{\"@type\":\"EntryPoint\",\"urlTemplate\":\"https:\\\/\\\/bien-etreiris.ch\\\/de\\\/?s={search_term_string}\"},\"query-input\":{\"@type\":\"PropertyValueSpecification\",\"valueRequired\":true,\"valueName\":\"search_term_string\"}}],\"inLanguage\":\"de\"}]}<\/script>\n<!-- \/ Yoast SEO plugin. -->","yoast_head_json":{"title":"GR\u00dcNE HEILERDE - WOHLBEFINDEN","robots":{"index":"index","follow":"follow","max-snippet":"max-snippet:-1","max-image-preview":"max-image-preview:large","max-video-preview":"max-video-preview:-1"},"canonical":"https:\/\/bien-etreiris.ch\/de\/produktpraesentation\/aromatherapie\/selbst-herstellen\/rohstoffe\/tonerde\/grune-heilerde\/","og_locale":"de_DE","og_type":"article","og_title":"GR\u00dcNE HEILERDE - WOHLBEFINDEN","og_description":"In loser Sch\u00fcttung 100 gr. 1.50 L'argile moulue fine est une poudre d'argile brute assez grossi\u00e8re. En cataplasme ou en empl\u00e2tre, l'argile verte moulue fine se pr\u00e9pare rapidement pour vous offrir un v\u00e9ritable confort et soulager efficacement votre corps. L'argile verte ne doit pas \u00eatre appliqu\u00e9e sur des blessures ouvertes. Ingr\u00e9dient: Compos\u00e9 naturel d'illite. Argile verte l00 %, riche en&nbsp;Weiter lesen","og_url":"https:\/\/bien-etreiris.ch\/de\/produktpraesentation\/aromatherapie\/selbst-herstellen\/rohstoffe\/tonerde\/grune-heilerde\/","og_site_name":"WOHLBEFINDEN","article_publisher":"https:\/\/www.facebook.com\/bienetreiris\/","article_modified_time":"2019-06-15T09:53:02+00:00","og_image":[{"width":450,"height":337,"url":"https:\/\/bien-etreiris.ch\/wp-content\/uploads\/2019\/06\/vert.png","type":"image\/png"}],"twitter_misc":{"Gesch\u00e4tzte Lesezeit":"1\u00a0Minute"},"schema":{"@context":"https:\/\/schema.org","@graph":[{"@type":"WebPage","@id":"https:\/\/bien-etreiris.ch\/de\/produktpraesentation\/aromatherapie\/selbst-herstellen\/rohstoffe\/tonerde\/grune-heilerde\/","url":"https:\/\/bien-etreiris.ch\/de\/produktpraesentation\/aromatherapie\/selbst-herstellen\/rohstoffe\/tonerde\/grune-heilerde\/","name":"GR\u00dcNE HEILERDE - WOHLBEFINDEN","isPartOf":{"@id":"https:\/\/bien-etreiris.ch\/de\/#website"},"primaryImageOfPage":{"@id":"https:\/\/bien-etreiris.ch\/de\/produktpraesentation\/aromatherapie\/selbst-herstellen\/rohstoffe\/tonerde\/grune-heilerde\/#primaryimage"},"image":{"@id":"https:\/\/bien-etreiris.ch\/de\/produktpraesentation\/aromatherapie\/selbst-herstellen\/rohstoffe\/tonerde\/grune-heilerde\/#primaryimage"},"thumbnailUrl":"https:\/\/bien-etreiris.ch\/wp-content\/uploads\/2019\/06\/vert.png","datePublished":"2019-06-14T11:32:07+00:00","dateModified":"2019-06-15T09:53:02+00:00","breadcrumb":{"@id":"https:\/\/bien-etreiris.ch\/de\/produktpraesentation\/aromatherapie\/selbst-herstellen\/rohstoffe\/tonerde\/grune-heilerde\/#breadcrumb"},"inLanguage":"de","potentialAction":[{"@type":"ReadAction","target":["https:\/\/bien-etreiris.ch\/de\/produktpraesentation\/aromatherapie\/selbst-herstellen\/rohstoffe\/tonerde\/grune-heilerde\/"]}]},{"@type":"ImageObject","inLanguage":"de","@id":"https:\/\/bien-etreiris.ch\/de\/produktpraesentation\/aromatherapie\/selbst-herstellen\/rohstoffe\/tonerde\/grune-heilerde\/#primaryimage","url":"https:\/\/bien-etreiris.ch\/wp-content\/uploads\/2019\/06\/vert.png","contentUrl":"https:\/\/bien-etreiris.ch\/wp-content\/uploads\/2019\/06\/vert.png","width":450,"height":337},{"@type":"BreadcrumbList","@id":"https:\/\/bien-etreiris.ch\/de\/produktpraesentation\/aromatherapie\/selbst-herstellen\/rohstoffe\/tonerde\/grune-heilerde\/#breadcrumb","itemListElement":[{"@type":"ListItem","position":1,"name":"Home","item":"https:\/\/bien-etreiris.ch\/de\/"},{"@type":"ListItem","position":2,"name":"PRODUKTPR\u00c4SENTATION","item":"https:\/\/bien-etreiris.ch\/de\/produktpraesentation\/"},{"@type":"ListItem","position":3,"name":"AROMATHERAPIE","item":"https:\/\/bien-etreiris.ch\/de\/produktpraesentation\/aromatherapie\/"},{"@type":"ListItem","position":4,"name":"SELBST HERSTELLEN&#8230;","item":"https:\/\/bien-etreiris.ch\/de\/produktpraesentation\/aromatherapie\/selbst-herstellen\/"},{"@type":"ListItem","position":5,"name":"ROHSTOFFE","item":"https:\/\/bien-etreiris.ch\/de\/produktpraesentation\/aromatherapie\/selbst-herstellen\/rohstoffe\/"},{"@type":"ListItem","position":6,"name":"TONERDE","item":"https:\/\/bien-etreiris.ch\/de\/produktpraesentation\/aromatherapie\/selbst-herstellen\/rohstoffe\/tonerde\/"},{"@type":"ListItem","position":7,"name":"GR\u00dcNE HEILERDE"}]},{"@type":"WebSite","@id":"https:\/\/bien-etreiris.ch\/de\/#website","url":"https:\/\/bien-etreiris.ch\/de\/","name":"Bien-\u00eatre Iris","description":"IHRE Gesundheit ist uns wichtig","potentialAction":[{"@type":"SearchAction","target":{"@type":"EntryPoint","urlTemplate":"https:\/\/bien-etreiris.ch\/de\/?s={search_term_string}"},"query-input":{"@type":"PropertyValueSpecification","valueRequired":true,"valueName":"search_term_string"}}],"inLanguage":"de"}]}},"_links":{"self":[{"href":"https:\/\/bien-etreiris.ch\/de\/wp-json\/wp\/v2\/pages\/19563","targetHints":{"allow":["GET"]}}],"collection":[{"href":"https:\/\/bien-etreiris.ch\/de\/wp-json\/wp\/v2\/pages"}],"about":[{"href":"https:\/\/bien-etreiris.ch\/de\/wp-json\/wp\/v2\/types\/page"}],"author":[{"embeddable":true,"href":"https:\/\/bien-etreiris.ch\/de\/wp-json\/wp\/v2\/users\/1"}],"replies":[{"embeddable":true,"href":"https:\/\/bien-etreiris.ch\/de\/wp-json\/wp\/v2\/comments?post=19563"}],"version-history":[{"count":3,"href":"https:\/\/bien-etreiris.ch\/de\/wp-json\/wp\/v2\/pages\/19563\/revisions"}],"predecessor-version":[{"id":19596,"href":"https:\/\/bien-etreiris.ch\/de\/wp-json\/wp\/v2\/pages\/19563\/revisions\/19596"}],"up":[{"embeddable":true,"href":"https:\/\/bien-etreiris.ch\/de\/wp-json\/wp\/v2\/pages\/19496"}],"wp:featuredmedia":[{"embeddable":true,"href":"https:\/\/bien-etreiris.ch\/de\/wp-json\/wp\/v2\/media\/19560"}],"wp:attachment":[{"href":"https:\/\/bien-etreiris.ch\/de\/wp-json\/wp\/v2\/media?parent=19563"}],"curies":[{"name":"wp","href":"https:\/\/api.w.org\/{rel}","templated":true}]}}