{"id":19535,"date":"2019-06-14T11:06:58","date_gmt":"2019-06-14T11:06:58","guid":{"rendered":"https:\/\/bien-etreiris.ch\/?page_id=19535"},"modified":"2019-06-14T16:30:33","modified_gmt":"2019-06-14T16:30:33","slug":"gelbe-heilerde","status":"publish","type":"page","link":"https:\/\/bien-etreiris.ch\/de\/produktpraesentation\/aromatherapie\/selbst-herstellen\/rohstoffe\/tonerde\/gelbe-heilerde\/","title":{"rendered":"GELBE HEILERDE"},"content":{"rendered":"\n<div class=\"wp-block-media-text alignwide\"><figure class=\"wp-block-media-text__media\"><img loading=\"lazy\" decoding=\"async\" width=\"450\" height=\"338\" src=\"https:\/\/decoiris.ch\/wp-content\/uploads\/2019\/06\/jaune-1.png\" alt=\"\" class=\"wp-image-19531\" srcset=\"https:\/\/bien-etreiris.ch\/wp-content\/uploads\/2019\/06\/jaune-1.png 450w, https:\/\/bien-etreiris.ch\/wp-content\/uploads\/2019\/06\/jaune-1-300x225.png 300w, https:\/\/bien-etreiris.ch\/wp-content\/uploads\/2019\/06\/jaune-1-200x150.png 200w\" sizes=\"auto, (max-width: 450px) 100vw, 450px\" \/><\/figure><div class=\"wp-block-media-text__content\">\n<p class=\"has-large-font-size\"><\/p>\n\n\n\n<p>In loser Sch\u00fcttung<\/p>\n\n\n\n<p><strong>100 gr 4.90<\/strong><\/p>\n<\/div><\/div>\n\n\n\n<p>L'argile jaune stimule les \u00e9pidermes fragiles tout en agissant sur vos sens.<br><br>L'argile jaune pour les \u00e9pidermes fragiles \u00e0 tendance grasse qui doivent \u00eatre tonifi\u00e9s.<br><br>L'argile  jaune illite est utilis\u00e9e pour ses propri\u00e9t\u00e9s apaisantes. L'argile  jaune ultra-ventil\u00e9e, source naturelle de min\u00e9raux et d'oligo-\u00e9l\u00e9ments  est une poudre d'argile fine d'environ 20 microns. D'une composition  min\u00e9rale tr\u00e8s proche de l'argile verte, cette argile jaune illite vous  apporte instantan\u00e9ment une rare sensation de s\u00e9r\u00e9nit\u00e9. A la fois  exfoliante et purifiante, elle fait merveille sur tous les \u00e9pidermes et  offre \u00e0 votre peau un grain aussi doux qu'une caresse.<\/p>\n\n\n\n<p><strong>Recommand\u00e9e pour les peaux mixtes.<\/strong><\/p>\n\n\n\n<p><strong>Ingr\u00e9dient:<\/strong><\/p>\n\n\n\n<p>Compos\u00e9 naturel d'illite, argile jaune 100%.&nbsp; Riche en min\u00e9raux et oligo-\u00e9l\u00e9ments<\/p>\n\n\n\n<h4 class=\"wp-block-heading\">Masque douceur \u00e0 l\u2019argile jaune<\/h4>\n\n\n\n<p><strong>Pour un masque, il vous faudra m\u00e9langer :<\/strong><\/p>\n\n\n\n<p>1 - Une cuill\u00e8re \u00e0 caf\u00e9 d\u2019argile jaune<\/p>\n\n\n\n<p>2 - Une demi cuill\u00e8re \u00e0 caf\u00e9 d\u2019huile de jojoba<\/p>\n\n\n\n<p>3 - Une cuill\u00e8re \u00e0 caf\u00e9 de miel<\/p>\n\n\n\n<p>4 - Pour finir, compl\u00e9tez le m\u00e9lange avec de l\u2019eau min\u00e9rale jusqu\u2019\u00e0 obtenir la texture souhait\u00e9e. <strong>Il faudra que celle-ci soit p\u00e2teuse pour bien s\u2019\u00e9taler.<\/strong><\/p>\n\n\n\n<p>Appliquez le m\u00e9lange sur votre visage et &nbsp;<strong>laissez poser pendant 10 minutes<\/strong>&nbsp;,&nbsp;puis rincez \u00e0 l\u2019eau ti\u00e8de et terminez par un dernier rin\u00e7age \u00e0 l\u2019eau tr\u00e8s froide.<\/p>\n\n\n\n<p>En usage externe : dans une coupelle, additionner 2 \u00e0 3 cuiller\u00e9es \u00e0  soupe d\u2019argile jaune avec un peu d\u2019eau min\u00e9rale ou florale. Laisser  reposer quelques instants. Bien m\u00e9langer avec une spatule en bois afin  d\u2019obtenir une p\u00e2te onctueuse et lisse. Visage : Appliquer en couche \u00e9paisse, m\u00eame autour des yeux. Laisser agir  10 min. Ne pas laisser s\u00e9cher. Rincer \u00e0 l\u2019eau ti\u00e8de. S\u00e9cher votre peau.   <\/p>\n\n\n\n<p>Cheveux : R\u00e9partir sur l\u2019ensemble du cuir chevelu. Laisser agir pendant  10 \u00e0 15 min. Rincer, puis appliquer votre shampooing adapt\u00e9 (normaux,  secs ou gras)  <\/p>\n\n\n\n<p>Bain : Diluer  200 g d\u2019argile jaune dans votre bain. Vous  pouvez ajouter quelques gouttes d\u2019huiles essentielles de votre choix.  D\u00e9tendez-vous pendant 20 min. Rincez-vous sous l\u2019eau claire, votre peau  retrouve tonicit\u00e9 et douceur. *Les couches sup\u00e9rieures de l\u2019\u00e9piderme.             <\/p>\n","protected":false},"excerpt":{"rendered":"<p>In loser Sch\u00fcttung 100 gr 4.90 L'argile jaune stimule les \u00e9pidermes fragiles tout en agissant sur vos sens. L'argile jaune pour les \u00e9pidermes fragiles \u00e0 tendance grasse qui doivent \u00eatre tonifi\u00e9s. L'argile jaune illite est utilis\u00e9e pour ses propri\u00e9t\u00e9s apaisantes. L'argile jaune ultra-ventil\u00e9e, source naturelle de min\u00e9raux et d'oligo-\u00e9l\u00e9ments est une poudre d'argile fine d'environ 20 microns. D'une composition min\u00e9rale&nbsp;<a href=\"https:\/\/bien-etreiris.ch\/de\/produktpraesentation\/aromatherapie\/selbst-herstellen\/rohstoffe\/tonerde\/gelbe-heilerde\/\" class=\"read-more\">Weiter lesen<\/a><\/p>\n","protected":false},"author":1,"featured_media":19530,"parent":19496,"menu_order":7564,"comment_status":"closed","ping_status":"closed","template":"","meta":{"_acf_changed":false,"ngg_post_thumbnail":0,"footnotes":""},"class_list":["post-19535","page","type-page","status-publish","has-post-thumbnail","hentry"],"acf":[],"yoast_head":"<!-- This site is optimized with the Yoast SEO plugin v27.6 - https:\/\/yoast.com\/product\/yoast-seo-wordpress\/ -->\n<title>GELBE HEILERDE - WOHLBEFINDEN<\/title>\n<meta name=\"robots\" content=\"index, follow, max-snippet:-1, max-image-preview:large, max-video-preview:-1\" \/>\n<link rel=\"canonical\" href=\"https:\/\/bien-etreiris.ch\/de\/produktpraesentation\/aromatherapie\/selbst-herstellen\/rohstoffe\/tonerde\/gelbe-heilerde\/\" \/>\n<meta property=\"og:locale\" content=\"de_DE\" \/>\n<meta property=\"og:type\" content=\"article\" \/>\n<meta property=\"og:title\" content=\"GELBE HEILERDE - WOHLBEFINDEN\" \/>\n<meta property=\"og:description\" content=\"In loser Sch\u00fcttung 100 gr 4.90 L&#039;argile jaune stimule les \u00e9pidermes fragiles tout en agissant sur vos sens. L&#039;argile jaune pour les \u00e9pidermes fragiles \u00e0 tendance grasse qui doivent \u00eatre tonifi\u00e9s. L&#039;argile jaune illite est utilis\u00e9e pour ses propri\u00e9t\u00e9s apaisantes. L&#039;argile jaune ultra-ventil\u00e9e, source naturelle de min\u00e9raux et d&#039;oligo-\u00e9l\u00e9ments est une poudre d&#039;argile fine d&#039;environ 20 microns. D&#039;une composition min\u00e9rale&nbsp;Weiter lesen\" \/>\n<meta property=\"og:url\" content=\"https:\/\/bien-etreiris.ch\/de\/produktpraesentation\/aromatherapie\/selbst-herstellen\/rohstoffe\/tonerde\/gelbe-heilerde\/\" \/>\n<meta property=\"og:site_name\" content=\"WOHLBEFINDEN\" \/>\n<meta property=\"article:publisher\" content=\"https:\/\/www.facebook.com\/bienetreiris\/\" \/>\n<meta property=\"article:modified_time\" content=\"2019-06-14T16:30:33+00:00\" \/>\n<meta property=\"og:image\" content=\"https:\/\/bien-etreiris.ch\/wp-content\/uploads\/2019\/06\/jaune.png\" \/>\n\t<meta property=\"og:image:width\" content=\"450\" \/>\n\t<meta property=\"og:image:height\" content=\"338\" \/>\n\t<meta property=\"og:image:type\" content=\"image\/png\" \/>\n<meta name=\"twitter:label1\" content=\"Gesch\u00e4tzte Lesezeit\" \/>\n\t<meta name=\"twitter:data1\" content=\"2\u00a0Minuten\" \/>\n<script type=\"application\/ld+json\" class=\"yoast-schema-graph\">{\"@context\":\"https:\\\/\\\/schema.org\",\"@graph\":[{\"@type\":\"WebPage\",\"@id\":\"https:\\\/\\\/bien-etreiris.ch\\\/de\\\/produktpraesentation\\\/aromatherapie\\\/selbst-herstellen\\\/rohstoffe\\\/tonerde\\\/gelbe-heilerde\\\/\",\"url\":\"https:\\\/\\\/bien-etreiris.ch\\\/de\\\/produktpraesentation\\\/aromatherapie\\\/selbst-herstellen\\\/rohstoffe\\\/tonerde\\\/gelbe-heilerde\\\/\",\"name\":\"GELBE HEILERDE - WOHLBEFINDEN\",\"isPartOf\":{\"@id\":\"https:\\\/\\\/bien-etreiris.ch\\\/de\\\/#website\"},\"primaryImageOfPage\":{\"@id\":\"https:\\\/\\\/bien-etreiris.ch\\\/de\\\/produktpraesentation\\\/aromatherapie\\\/selbst-herstellen\\\/rohstoffe\\\/tonerde\\\/gelbe-heilerde\\\/#primaryimage\"},\"image\":{\"@id\":\"https:\\\/\\\/bien-etreiris.ch\\\/de\\\/produktpraesentation\\\/aromatherapie\\\/selbst-herstellen\\\/rohstoffe\\\/tonerde\\\/gelbe-heilerde\\\/#primaryimage\"},\"thumbnailUrl\":\"https:\\\/\\\/bien-etreiris.ch\\\/wp-content\\\/uploads\\\/2019\\\/06\\\/jaune.png\",\"datePublished\":\"2019-06-14T11:06:58+00:00\",\"dateModified\":\"2019-06-14T16:30:33+00:00\",\"breadcrumb\":{\"@id\":\"https:\\\/\\\/bien-etreiris.ch\\\/de\\\/produktpraesentation\\\/aromatherapie\\\/selbst-herstellen\\\/rohstoffe\\\/tonerde\\\/gelbe-heilerde\\\/#breadcrumb\"},\"inLanguage\":\"de\",\"potentialAction\":[{\"@type\":\"ReadAction\",\"target\":[\"https:\\\/\\\/bien-etreiris.ch\\\/de\\\/produktpraesentation\\\/aromatherapie\\\/selbst-herstellen\\\/rohstoffe\\\/tonerde\\\/gelbe-heilerde\\\/\"]}]},{\"@type\":\"ImageObject\",\"inLanguage\":\"de\",\"@id\":\"https:\\\/\\\/bien-etreiris.ch\\\/de\\\/produktpraesentation\\\/aromatherapie\\\/selbst-herstellen\\\/rohstoffe\\\/tonerde\\\/gelbe-heilerde\\\/#primaryimage\",\"url\":\"https:\\\/\\\/bien-etreiris.ch\\\/wp-content\\\/uploads\\\/2019\\\/06\\\/jaune.png\",\"contentUrl\":\"https:\\\/\\\/bien-etreiris.ch\\\/wp-content\\\/uploads\\\/2019\\\/06\\\/jaune.png\",\"width\":450,\"height\":338},{\"@type\":\"BreadcrumbList\",\"@id\":\"https:\\\/\\\/bien-etreiris.ch\\\/de\\\/produktpraesentation\\\/aromatherapie\\\/selbst-herstellen\\\/rohstoffe\\\/tonerde\\\/gelbe-heilerde\\\/#breadcrumb\",\"itemListElement\":[{\"@type\":\"ListItem\",\"position\":1,\"name\":\"Home\",\"item\":\"https:\\\/\\\/bien-etreiris.ch\\\/de\\\/\"},{\"@type\":\"ListItem\",\"position\":2,\"name\":\"PRODUKTPR\u00c4SENTATION\",\"item\":\"https:\\\/\\\/bien-etreiris.ch\\\/de\\\/produktpraesentation\\\/\"},{\"@type\":\"ListItem\",\"position\":3,\"name\":\"AROMATHERAPIE\",\"item\":\"https:\\\/\\\/bien-etreiris.ch\\\/de\\\/produktpraesentation\\\/aromatherapie\\\/\"},{\"@type\":\"ListItem\",\"position\":4,\"name\":\"SELBST HERSTELLEN&#8230;\",\"item\":\"https:\\\/\\\/bien-etreiris.ch\\\/de\\\/produktpraesentation\\\/aromatherapie\\\/selbst-herstellen\\\/\"},{\"@type\":\"ListItem\",\"position\":5,\"name\":\"ROHSTOFFE\",\"item\":\"https:\\\/\\\/bien-etreiris.ch\\\/de\\\/produktpraesentation\\\/aromatherapie\\\/selbst-herstellen\\\/rohstoffe\\\/\"},{\"@type\":\"ListItem\",\"position\":6,\"name\":\"TONERDE\",\"item\":\"https:\\\/\\\/bien-etreiris.ch\\\/de\\\/produktpraesentation\\\/aromatherapie\\\/selbst-herstellen\\\/rohstoffe\\\/tonerde\\\/\"},{\"@type\":\"ListItem\",\"position\":7,\"name\":\"GELBE HEILERDE\"}]},{\"@type\":\"WebSite\",\"@id\":\"https:\\\/\\\/bien-etreiris.ch\\\/de\\\/#website\",\"url\":\"https:\\\/\\\/bien-etreiris.ch\\\/de\\\/\",\"name\":\"Bien-\u00eatre Iris\",\"description\":\"IHRE Gesundheit ist uns wichtig\",\"potentialAction\":[{\"@type\":\"SearchAction\",\"target\":{\"@type\":\"EntryPoint\",\"urlTemplate\":\"https:\\\/\\\/bien-etreiris.ch\\\/de\\\/?s={search_term_string}\"},\"query-input\":{\"@type\":\"PropertyValueSpecification\",\"valueRequired\":true,\"valueName\":\"search_term_string\"}}],\"inLanguage\":\"de\"}]}<\/script>\n<!-- \/ Yoast SEO plugin. -->","yoast_head_json":{"title":"GELBE HEILERDE - WOHLBEFINDEN","robots":{"index":"index","follow":"follow","max-snippet":"max-snippet:-1","max-image-preview":"max-image-preview:large","max-video-preview":"max-video-preview:-1"},"canonical":"https:\/\/bien-etreiris.ch\/de\/produktpraesentation\/aromatherapie\/selbst-herstellen\/rohstoffe\/tonerde\/gelbe-heilerde\/","og_locale":"de_DE","og_type":"article","og_title":"GELBE HEILERDE - WOHLBEFINDEN","og_description":"In loser Sch\u00fcttung 100 gr 4.90 L'argile jaune stimule les \u00e9pidermes fragiles tout en agissant sur vos sens. L'argile jaune pour les \u00e9pidermes fragiles \u00e0 tendance grasse qui doivent \u00eatre tonifi\u00e9s. L'argile jaune illite est utilis\u00e9e pour ses propri\u00e9t\u00e9s apaisantes. L'argile jaune ultra-ventil\u00e9e, source naturelle de min\u00e9raux et d'oligo-\u00e9l\u00e9ments est une poudre d'argile fine d'environ 20 microns. D'une composition min\u00e9rale&nbsp;Weiter lesen","og_url":"https:\/\/bien-etreiris.ch\/de\/produktpraesentation\/aromatherapie\/selbst-herstellen\/rohstoffe\/tonerde\/gelbe-heilerde\/","og_site_name":"WOHLBEFINDEN","article_publisher":"https:\/\/www.facebook.com\/bienetreiris\/","article_modified_time":"2019-06-14T16:30:33+00:00","og_image":[{"width":450,"height":338,"url":"https:\/\/bien-etreiris.ch\/wp-content\/uploads\/2019\/06\/jaune.png","type":"image\/png"}],"twitter_misc":{"Gesch\u00e4tzte Lesezeit":"2\u00a0Minuten"},"schema":{"@context":"https:\/\/schema.org","@graph":[{"@type":"WebPage","@id":"https:\/\/bien-etreiris.ch\/de\/produktpraesentation\/aromatherapie\/selbst-herstellen\/rohstoffe\/tonerde\/gelbe-heilerde\/","url":"https:\/\/bien-etreiris.ch\/de\/produktpraesentation\/aromatherapie\/selbst-herstellen\/rohstoffe\/tonerde\/gelbe-heilerde\/","name":"GELBE HEILERDE - WOHLBEFINDEN","isPartOf":{"@id":"https:\/\/bien-etreiris.ch\/de\/#website"},"primaryImageOfPage":{"@id":"https:\/\/bien-etreiris.ch\/de\/produktpraesentation\/aromatherapie\/selbst-herstellen\/rohstoffe\/tonerde\/gelbe-heilerde\/#primaryimage"},"image":{"@id":"https:\/\/bien-etreiris.ch\/de\/produktpraesentation\/aromatherapie\/selbst-herstellen\/rohstoffe\/tonerde\/gelbe-heilerde\/#primaryimage"},"thumbnailUrl":"https:\/\/bien-etreiris.ch\/wp-content\/uploads\/2019\/06\/jaune.png","datePublished":"2019-06-14T11:06:58+00:00","dateModified":"2019-06-14T16:30:33+00:00","breadcrumb":{"@id":"https:\/\/bien-etreiris.ch\/de\/produktpraesentation\/aromatherapie\/selbst-herstellen\/rohstoffe\/tonerde\/gelbe-heilerde\/#breadcrumb"},"inLanguage":"de","potentialAction":[{"@type":"ReadAction","target":["https:\/\/bien-etreiris.ch\/de\/produktpraesentation\/aromatherapie\/selbst-herstellen\/rohstoffe\/tonerde\/gelbe-heilerde\/"]}]},{"@type":"ImageObject","inLanguage":"de","@id":"https:\/\/bien-etreiris.ch\/de\/produktpraesentation\/aromatherapie\/selbst-herstellen\/rohstoffe\/tonerde\/gelbe-heilerde\/#primaryimage","url":"https:\/\/bien-etreiris.ch\/wp-content\/uploads\/2019\/06\/jaune.png","contentUrl":"https:\/\/bien-etreiris.ch\/wp-content\/uploads\/2019\/06\/jaune.png","width":450,"height":338},{"@type":"BreadcrumbList","@id":"https:\/\/bien-etreiris.ch\/de\/produktpraesentation\/aromatherapie\/selbst-herstellen\/rohstoffe\/tonerde\/gelbe-heilerde\/#breadcrumb","itemListElement":[{"@type":"ListItem","position":1,"name":"Home","item":"https:\/\/bien-etreiris.ch\/de\/"},{"@type":"ListItem","position":2,"name":"PRODUKTPR\u00c4SENTATION","item":"https:\/\/bien-etreiris.ch\/de\/produktpraesentation\/"},{"@type":"ListItem","position":3,"name":"AROMATHERAPIE","item":"https:\/\/bien-etreiris.ch\/de\/produktpraesentation\/aromatherapie\/"},{"@type":"ListItem","position":4,"name":"SELBST HERSTELLEN&#8230;","item":"https:\/\/bien-etreiris.ch\/de\/produktpraesentation\/aromatherapie\/selbst-herstellen\/"},{"@type":"ListItem","position":5,"name":"ROHSTOFFE","item":"https:\/\/bien-etreiris.ch\/de\/produktpraesentation\/aromatherapie\/selbst-herstellen\/rohstoffe\/"},{"@type":"ListItem","position":6,"name":"TONERDE","item":"https:\/\/bien-etreiris.ch\/de\/produktpraesentation\/aromatherapie\/selbst-herstellen\/rohstoffe\/tonerde\/"},{"@type":"ListItem","position":7,"name":"GELBE HEILERDE"}]},{"@type":"WebSite","@id":"https:\/\/bien-etreiris.ch\/de\/#website","url":"https:\/\/bien-etreiris.ch\/de\/","name":"Bien-\u00eatre Iris","description":"IHRE Gesundheit ist uns wichtig","potentialAction":[{"@type":"SearchAction","target":{"@type":"EntryPoint","urlTemplate":"https:\/\/bien-etreiris.ch\/de\/?s={search_term_string}"},"query-input":{"@type":"PropertyValueSpecification","valueRequired":true,"valueName":"search_term_string"}}],"inLanguage":"de"}]}},"_links":{"self":[{"href":"https:\/\/bien-etreiris.ch\/de\/wp-json\/wp\/v2\/pages\/19535","targetHints":{"allow":["GET"]}}],"collection":[{"href":"https:\/\/bien-etreiris.ch\/de\/wp-json\/wp\/v2\/pages"}],"about":[{"href":"https:\/\/bien-etreiris.ch\/de\/wp-json\/wp\/v2\/types\/page"}],"author":[{"embeddable":true,"href":"https:\/\/bien-etreiris.ch\/de\/wp-json\/wp\/v2\/users\/1"}],"replies":[{"embeddable":true,"href":"https:\/\/bien-etreiris.ch\/de\/wp-json\/wp\/v2\/comments?post=19535"}],"version-history":[{"count":4,"href":"https:\/\/bien-etreiris.ch\/de\/wp-json\/wp\/v2\/pages\/19535\/revisions"}],"predecessor-version":[{"id":19586,"href":"https:\/\/bien-etreiris.ch\/de\/wp-json\/wp\/v2\/pages\/19535\/revisions\/19586"}],"up":[{"embeddable":true,"href":"https:\/\/bien-etreiris.ch\/de\/wp-json\/wp\/v2\/pages\/19496"}],"wp:featuredmedia":[{"embeddable":true,"href":"https:\/\/bien-etreiris.ch\/de\/wp-json\/wp\/v2\/media\/19530"}],"wp:attachment":[{"href":"https:\/\/bien-etreiris.ch\/de\/wp-json\/wp\/v2\/media?parent=19535"}],"curies":[{"name":"wp","href":"https:\/\/api.w.org\/{rel}","templated":true}]}}