{"id":19522,"date":"2019-06-14T10:55:05","date_gmt":"2019-06-14T10:55:05","guid":{"rendered":"https:\/\/bien-etreiris.ch\/wohlbefinden\/aetherische-oele\/selbst-herstellen\/rohstoffe\/heilerde\/argile-blanche\/"},"modified":"2019-06-14T16:32:34","modified_gmt":"2019-06-14T16:32:34","slug":"weisse-heilerde","status":"publish","type":"page","link":"https:\/\/bien-etreiris.ch\/de\/produktpraesentation\/aromatherapie\/selbst-herstellen\/rohstoffe\/tonerde\/weisse-heilerde\/","title":{"rendered":"WEISSE HEILERDE"},"content":{"rendered":"\n<div class=\"wp-block-media-text alignwide\"><figure class=\"wp-block-media-text__media\"><img loading=\"lazy\" decoding=\"async\" width=\"450\" height=\"338\" src=\"https:\/\/decoiris.ch\/wp-content\/uploads\/2019\/06\/blanche.png\" alt=\"\" class=\"wp-image-19517\" srcset=\"https:\/\/bien-etreiris.ch\/wp-content\/uploads\/2019\/06\/blanche.png 450w, https:\/\/bien-etreiris.ch\/wp-content\/uploads\/2019\/06\/blanche-300x225.png 300w, https:\/\/bien-etreiris.ch\/wp-content\/uploads\/2019\/06\/blanche-200x150.png 200w\" sizes=\"auto, (max-width: 450px) 100vw, 450px\" \/><\/figure><div class=\"wp-block-media-text__content\">\n<p class=\"has-large-font-size\"><\/p>\n\n\n\n<p>In loser Sch\u00fcttung<\/p>\n\n\n\n<p><strong>100 gr 6.50<\/strong><\/p>\n<\/div><\/div>\n\n\n\n<p>L'argile blanche stimule les \u00e9pidermes fragiles tout en agissant sur vos sens.<br><br>Argile blanche \u00e0 pH neutre recommand\u00e9e pour les \u00e9pidermes hypersensibles et les peaux ternes.<br><br>L'argile  blanche kaolinite est ultra-douce et utilis\u00e9e pour ses propri\u00e9t\u00e9s  d\u00e9congestionnements. L'argile blanche ultra-ventil\u00e9e, source naturelle de  min\u00e9raux est une poudre d'argile fine d'environ 20 microns. Cette  argile blanche kaolinite neutre respecte votre \u00e9piderme, m\u00eame sensible,  tout en lui apportant une douceur infinie.<br><br>Et, gr\u00e2ce \u00e0 son incroyable pouvoir anti grise-mine, elle r\u00e9v\u00e8le instantan\u00e9ment l'\u00e9clat de votre peau.<\/p>\n\n\n\n<p><strong>Ingr\u00e9dient:<\/strong><\/p>\n\n\n\n<p>Compos\u00e9 naturel de Kaolin, argile blanche 100%. Riche en min\u00e9raux et oligo-\u00e9l\u00e9ments.<\/p>\n\n\n\n<h2 class=\"wp-block-heading\"><\/h2>\n\n\n\n<p><strong>Argile blanche : propri\u00e9t\u00e9s et utilisation<\/strong><\/p>\n\n\n\n<h3 class=\"wp-block-heading\"><\/h3>\n\n\n\n<p><strong>Propri\u00e9t\u00e9s de l'argile blanche:<\/strong><\/p>\n\n\n\n<ul class=\"wp-block-list\"><li>- Adoucissant<\/li><li>- Apaisant<\/li><li>- D\u00e9congestionnant<\/li><li>- Anti-\u00e2ge<\/li><li>- H\u00e9mostatique<\/li><li>- Cicatrisant<\/li><li><\/li><\/ul>\n\n\n\n<p><br>L\u2019argile\n blanche, appel\u00e9 \u00ab&nbsp;kaolin&nbsp;\u00bb du nom du premier gisement connu en Chine \u00e0 \nKao-Ling, est particuli\u00e8rement adapt\u00e9 aux peaux sensibles, s\u00e8ches, \nirrit\u00e9es ou matures. Elle est extraite d\u2019une carri\u00e8re et s\u00e9ch\u00e9e au \nsoleil avant d\u2019\u00eatre broy\u00e9e et commercialis\u00e9e. C\u2019est une argile douce et \nremin\u00e9ralisante, qui est \u00e9galement tr\u00e8s puissante contre de nombreuses \npathologies. C\u2019est un v\u00e9ritable soin naturel.<\/p>\n\n\n\n<h3 class=\"wp-block-heading\"><\/h3>\n\n\n\n<p><strong>Recommandations&nbsp;:<\/strong><\/p>\n\n\n\n<p>Afin de maximiser les effets de vos masques \u00e0 l\u2019argile, pensez \u00e0 pratiquer un bain de vapeur avant d\u2019appliquer le masque.<\/p>\n\n\n\n<p>Il\n est d\u00e9conseill\u00e9 d\u2019utiliser des objets m\u00e9talliques avec l\u2019argile pour \n\u00e9viter les transf\u00e8re d'ion, n\u00e9 du m\u00e9lange argile plus eau. N\u00e9anmoins \nceux-ci sont quasi inexistants avec l'inox, qui est par d\u00e9finition \ninoxydable. Il vaut donc mieux \u00e9viter le m\u00e9tal, mais l'inox est un \nalliage un peu \u00e0 part. Il est donc pr\u00e9f\u00e9rable d'utiliser des ustensiles \nen verre ou en bois.<\/p>\n\n\n\n<h3 class=\"wp-block-heading\"><\/h3>\n\n\n\n<p><strong>Usages&nbsp;:<\/strong><\/p>\n\n\n\n<p>L\u2019argile\n blanche est \u00e0 la fois absorbante et r\u00e9paratrice pour la peau. Elle est \nparticuli\u00e8rement recommand\u00e9e les peaux s\u00e8ches et fragiles. Elle adoucit,\n d\u00e9sincruste les pores et embellit le visage sans l\u2019agresser. Les \nimpuret\u00e9s et les substances toxiques sont \u00e9limin\u00e9es.<\/p>\n\n\n\n<p>Elle\n poss\u00e8de \u00e9galement des vertus cicatrisantes, antiseptiques et \nanti-inflammatoires sur les blessures et les irritations. Elle d\u00e9truit \nles germes pathog\u00e8nes sans toucher \u00e0 la flore bact\u00e9rienne bienfaitrice \npour la sant\u00e9.<\/p>\n\n\n\n<p>Elle est souvent utilis\u00e9e en&nbsp;cataplasme&nbsp;et en&nbsp;masque pour le visage, sur le cou et sur les parties sensibles du corps.<\/p>\n\n\n\n<p>Ses\n bienfaits font d\u2019elle un \u00e9l\u00e9ment essentiel dans la fabrication de \nmasques. On la retrouve aussi dans les sels de bains et les produits \ncapillaires, ou elle \u00e9limine les pellicules et r\u00e9gule le cheveu gras \nsans alt\u00e9rer la fibre k\u00e9ratine.<\/p>\n\n\n\n<p>Elle est \u00e9galement employ\u00e9e comme talc pour les b\u00e9b\u00e9s.<\/p>\n","protected":false},"excerpt":{"rendered":"<p>In loser Sch\u00fcttung 100 gr 6.50 L'argile blanche stimule les \u00e9pidermes fragiles tout en agissant sur vos sens. Argile blanche \u00e0 pH neutre recommand\u00e9e pour les \u00e9pidermes hypersensibles et les peaux ternes. L'argile blanche kaolinite est ultra-douce et utilis\u00e9e pour ses propri\u00e9t\u00e9s d\u00e9congestionnements. L'argile blanche ultra-ventil\u00e9e, source naturelle de min\u00e9raux est une poudre d'argile fine d'environ 20 microns. Cette argile&nbsp;<a href=\"https:\/\/bien-etreiris.ch\/de\/produktpraesentation\/aromatherapie\/selbst-herstellen\/rohstoffe\/tonerde\/weisse-heilerde\/\" class=\"read-more\">Weiter lesen<\/a><\/p>\n","protected":false},"author":1,"featured_media":19518,"parent":19496,"menu_order":7567,"comment_status":"closed","ping_status":"closed","template":"page-with-child.php","meta":{"_acf_changed":false,"ngg_post_thumbnail":0,"footnotes":""},"class_list":["post-19522","page","type-page","status-publish","has-post-thumbnail","hentry"],"acf":[],"yoast_head":"<!-- This site is optimized with the Yoast SEO plugin v27.6 - https:\/\/yoast.com\/product\/yoast-seo-wordpress\/ -->\n<title>WEISSE HEILERDE - WOHLBEFINDEN<\/title>\n<meta name=\"robots\" content=\"index, follow, max-snippet:-1, max-image-preview:large, max-video-preview:-1\" \/>\n<link rel=\"canonical\" href=\"https:\/\/bien-etreiris.ch\/de\/produktpraesentation\/aromatherapie\/selbst-herstellen\/rohstoffe\/tonerde\/weisse-heilerde\/\" \/>\n<meta property=\"og:locale\" content=\"de_DE\" \/>\n<meta property=\"og:type\" content=\"article\" \/>\n<meta property=\"og:title\" content=\"WEISSE HEILERDE - WOHLBEFINDEN\" \/>\n<meta property=\"og:description\" content=\"In loser Sch\u00fcttung 100 gr 6.50 L&#039;argile blanche stimule les \u00e9pidermes fragiles tout en agissant sur vos sens. Argile blanche \u00e0 pH neutre recommand\u00e9e pour les \u00e9pidermes hypersensibles et les peaux ternes. L&#039;argile blanche kaolinite est ultra-douce et utilis\u00e9e pour ses propri\u00e9t\u00e9s d\u00e9congestionnements. L&#039;argile blanche ultra-ventil\u00e9e, source naturelle de min\u00e9raux est une poudre d&#039;argile fine d&#039;environ 20 microns. Cette argile&nbsp;Weiter lesen\" \/>\n<meta property=\"og:url\" content=\"https:\/\/bien-etreiris.ch\/de\/produktpraesentation\/aromatherapie\/selbst-herstellen\/rohstoffe\/tonerde\/weisse-heilerde\/\" \/>\n<meta property=\"og:site_name\" content=\"WOHLBEFINDEN\" \/>\n<meta property=\"article:publisher\" content=\"https:\/\/www.facebook.com\/bienetreiris\/\" \/>\n<meta property=\"article:modified_time\" content=\"2019-06-14T16:32:34+00:00\" \/>\n<meta property=\"og:image\" content=\"https:\/\/bien-etreiris.ch\/wp-content\/uploads\/2019\/06\/blanche.png\" \/>\n\t<meta property=\"og:image:width\" content=\"450\" \/>\n\t<meta property=\"og:image:height\" content=\"338\" \/>\n\t<meta property=\"og:image:type\" content=\"image\/png\" \/>\n<meta name=\"twitter:label1\" content=\"Gesch\u00e4tzte Lesezeit\" \/>\n\t<meta name=\"twitter:data1\" content=\"2\u00a0Minuten\" \/>\n<script type=\"application\/ld+json\" class=\"yoast-schema-graph\">{\"@context\":\"https:\\\/\\\/schema.org\",\"@graph\":[{\"@type\":\"WebPage\",\"@id\":\"https:\\\/\\\/bien-etreiris.ch\\\/de\\\/produktpraesentation\\\/aromatherapie\\\/selbst-herstellen\\\/rohstoffe\\\/tonerde\\\/weisse-heilerde\\\/\",\"url\":\"https:\\\/\\\/bien-etreiris.ch\\\/de\\\/produktpraesentation\\\/aromatherapie\\\/selbst-herstellen\\\/rohstoffe\\\/tonerde\\\/weisse-heilerde\\\/\",\"name\":\"WEISSE HEILERDE - WOHLBEFINDEN\",\"isPartOf\":{\"@id\":\"https:\\\/\\\/bien-etreiris.ch\\\/de\\\/#website\"},\"primaryImageOfPage\":{\"@id\":\"https:\\\/\\\/bien-etreiris.ch\\\/de\\\/produktpraesentation\\\/aromatherapie\\\/selbst-herstellen\\\/rohstoffe\\\/tonerde\\\/weisse-heilerde\\\/#primaryimage\"},\"image\":{\"@id\":\"https:\\\/\\\/bien-etreiris.ch\\\/de\\\/produktpraesentation\\\/aromatherapie\\\/selbst-herstellen\\\/rohstoffe\\\/tonerde\\\/weisse-heilerde\\\/#primaryimage\"},\"thumbnailUrl\":\"https:\\\/\\\/bien-etreiris.ch\\\/wp-content\\\/uploads\\\/2019\\\/06\\\/blanche.png\",\"datePublished\":\"2019-06-14T10:55:05+00:00\",\"dateModified\":\"2019-06-14T16:32:34+00:00\",\"breadcrumb\":{\"@id\":\"https:\\\/\\\/bien-etreiris.ch\\\/de\\\/produktpraesentation\\\/aromatherapie\\\/selbst-herstellen\\\/rohstoffe\\\/tonerde\\\/weisse-heilerde\\\/#breadcrumb\"},\"inLanguage\":\"de\",\"potentialAction\":[{\"@type\":\"ReadAction\",\"target\":[\"https:\\\/\\\/bien-etreiris.ch\\\/de\\\/produktpraesentation\\\/aromatherapie\\\/selbst-herstellen\\\/rohstoffe\\\/tonerde\\\/weisse-heilerde\\\/\"]}]},{\"@type\":\"ImageObject\",\"inLanguage\":\"de\",\"@id\":\"https:\\\/\\\/bien-etreiris.ch\\\/de\\\/produktpraesentation\\\/aromatherapie\\\/selbst-herstellen\\\/rohstoffe\\\/tonerde\\\/weisse-heilerde\\\/#primaryimage\",\"url\":\"https:\\\/\\\/bien-etreiris.ch\\\/wp-content\\\/uploads\\\/2019\\\/06\\\/blanche.png\",\"contentUrl\":\"https:\\\/\\\/bien-etreiris.ch\\\/wp-content\\\/uploads\\\/2019\\\/06\\\/blanche.png\",\"width\":450,\"height\":338},{\"@type\":\"BreadcrumbList\",\"@id\":\"https:\\\/\\\/bien-etreiris.ch\\\/de\\\/produktpraesentation\\\/aromatherapie\\\/selbst-herstellen\\\/rohstoffe\\\/tonerde\\\/weisse-heilerde\\\/#breadcrumb\",\"itemListElement\":[{\"@type\":\"ListItem\",\"position\":1,\"name\":\"Home\",\"item\":\"https:\\\/\\\/bien-etreiris.ch\\\/de\\\/\"},{\"@type\":\"ListItem\",\"position\":2,\"name\":\"PRODUKTPR\u00c4SENTATION\",\"item\":\"https:\\\/\\\/bien-etreiris.ch\\\/de\\\/produktpraesentation\\\/\"},{\"@type\":\"ListItem\",\"position\":3,\"name\":\"AROMATHERAPIE\",\"item\":\"https:\\\/\\\/bien-etreiris.ch\\\/de\\\/produktpraesentation\\\/aromatherapie\\\/\"},{\"@type\":\"ListItem\",\"position\":4,\"name\":\"SELBST HERSTELLEN&#8230;\",\"item\":\"https:\\\/\\\/bien-etreiris.ch\\\/de\\\/produktpraesentation\\\/aromatherapie\\\/selbst-herstellen\\\/\"},{\"@type\":\"ListItem\",\"position\":5,\"name\":\"ROHSTOFFE\",\"item\":\"https:\\\/\\\/bien-etreiris.ch\\\/de\\\/produktpraesentation\\\/aromatherapie\\\/selbst-herstellen\\\/rohstoffe\\\/\"},{\"@type\":\"ListItem\",\"position\":6,\"name\":\"TONERDE\",\"item\":\"https:\\\/\\\/bien-etreiris.ch\\\/de\\\/produktpraesentation\\\/aromatherapie\\\/selbst-herstellen\\\/rohstoffe\\\/tonerde\\\/\"},{\"@type\":\"ListItem\",\"position\":7,\"name\":\"WEISSE HEILERDE\"}]},{\"@type\":\"WebSite\",\"@id\":\"https:\\\/\\\/bien-etreiris.ch\\\/de\\\/#website\",\"url\":\"https:\\\/\\\/bien-etreiris.ch\\\/de\\\/\",\"name\":\"Bien-\u00eatre Iris\",\"description\":\"IHRE Gesundheit ist uns wichtig\",\"potentialAction\":[{\"@type\":\"SearchAction\",\"target\":{\"@type\":\"EntryPoint\",\"urlTemplate\":\"https:\\\/\\\/bien-etreiris.ch\\\/de\\\/?s={search_term_string}\"},\"query-input\":{\"@type\":\"PropertyValueSpecification\",\"valueRequired\":true,\"valueName\":\"search_term_string\"}}],\"inLanguage\":\"de\"}]}<\/script>\n<!-- \/ Yoast SEO plugin. -->","yoast_head_json":{"title":"WEISSE HEILERDE - WOHLBEFINDEN","robots":{"index":"index","follow":"follow","max-snippet":"max-snippet:-1","max-image-preview":"max-image-preview:large","max-video-preview":"max-video-preview:-1"},"canonical":"https:\/\/bien-etreiris.ch\/de\/produktpraesentation\/aromatherapie\/selbst-herstellen\/rohstoffe\/tonerde\/weisse-heilerde\/","og_locale":"de_DE","og_type":"article","og_title":"WEISSE HEILERDE - WOHLBEFINDEN","og_description":"In loser Sch\u00fcttung 100 gr 6.50 L'argile blanche stimule les \u00e9pidermes fragiles tout en agissant sur vos sens. Argile blanche \u00e0 pH neutre recommand\u00e9e pour les \u00e9pidermes hypersensibles et les peaux ternes. L'argile blanche kaolinite est ultra-douce et utilis\u00e9e pour ses propri\u00e9t\u00e9s d\u00e9congestionnements. L'argile blanche ultra-ventil\u00e9e, source naturelle de min\u00e9raux est une poudre d'argile fine d'environ 20 microns. Cette argile&nbsp;Weiter lesen","og_url":"https:\/\/bien-etreiris.ch\/de\/produktpraesentation\/aromatherapie\/selbst-herstellen\/rohstoffe\/tonerde\/weisse-heilerde\/","og_site_name":"WOHLBEFINDEN","article_publisher":"https:\/\/www.facebook.com\/bienetreiris\/","article_modified_time":"2019-06-14T16:32:34+00:00","og_image":[{"width":450,"height":338,"url":"https:\/\/bien-etreiris.ch\/wp-content\/uploads\/2019\/06\/blanche.png","type":"image\/png"}],"twitter_misc":{"Gesch\u00e4tzte Lesezeit":"2\u00a0Minuten"},"schema":{"@context":"https:\/\/schema.org","@graph":[{"@type":"WebPage","@id":"https:\/\/bien-etreiris.ch\/de\/produktpraesentation\/aromatherapie\/selbst-herstellen\/rohstoffe\/tonerde\/weisse-heilerde\/","url":"https:\/\/bien-etreiris.ch\/de\/produktpraesentation\/aromatherapie\/selbst-herstellen\/rohstoffe\/tonerde\/weisse-heilerde\/","name":"WEISSE HEILERDE - WOHLBEFINDEN","isPartOf":{"@id":"https:\/\/bien-etreiris.ch\/de\/#website"},"primaryImageOfPage":{"@id":"https:\/\/bien-etreiris.ch\/de\/produktpraesentation\/aromatherapie\/selbst-herstellen\/rohstoffe\/tonerde\/weisse-heilerde\/#primaryimage"},"image":{"@id":"https:\/\/bien-etreiris.ch\/de\/produktpraesentation\/aromatherapie\/selbst-herstellen\/rohstoffe\/tonerde\/weisse-heilerde\/#primaryimage"},"thumbnailUrl":"https:\/\/bien-etreiris.ch\/wp-content\/uploads\/2019\/06\/blanche.png","datePublished":"2019-06-14T10:55:05+00:00","dateModified":"2019-06-14T16:32:34+00:00","breadcrumb":{"@id":"https:\/\/bien-etreiris.ch\/de\/produktpraesentation\/aromatherapie\/selbst-herstellen\/rohstoffe\/tonerde\/weisse-heilerde\/#breadcrumb"},"inLanguage":"de","potentialAction":[{"@type":"ReadAction","target":["https:\/\/bien-etreiris.ch\/de\/produktpraesentation\/aromatherapie\/selbst-herstellen\/rohstoffe\/tonerde\/weisse-heilerde\/"]}]},{"@type":"ImageObject","inLanguage":"de","@id":"https:\/\/bien-etreiris.ch\/de\/produktpraesentation\/aromatherapie\/selbst-herstellen\/rohstoffe\/tonerde\/weisse-heilerde\/#primaryimage","url":"https:\/\/bien-etreiris.ch\/wp-content\/uploads\/2019\/06\/blanche.png","contentUrl":"https:\/\/bien-etreiris.ch\/wp-content\/uploads\/2019\/06\/blanche.png","width":450,"height":338},{"@type":"BreadcrumbList","@id":"https:\/\/bien-etreiris.ch\/de\/produktpraesentation\/aromatherapie\/selbst-herstellen\/rohstoffe\/tonerde\/weisse-heilerde\/#breadcrumb","itemListElement":[{"@type":"ListItem","position":1,"name":"Home","item":"https:\/\/bien-etreiris.ch\/de\/"},{"@type":"ListItem","position":2,"name":"PRODUKTPR\u00c4SENTATION","item":"https:\/\/bien-etreiris.ch\/de\/produktpraesentation\/"},{"@type":"ListItem","position":3,"name":"AROMATHERAPIE","item":"https:\/\/bien-etreiris.ch\/de\/produktpraesentation\/aromatherapie\/"},{"@type":"ListItem","position":4,"name":"SELBST HERSTELLEN&#8230;","item":"https:\/\/bien-etreiris.ch\/de\/produktpraesentation\/aromatherapie\/selbst-herstellen\/"},{"@type":"ListItem","position":5,"name":"ROHSTOFFE","item":"https:\/\/bien-etreiris.ch\/de\/produktpraesentation\/aromatherapie\/selbst-herstellen\/rohstoffe\/"},{"@type":"ListItem","position":6,"name":"TONERDE","item":"https:\/\/bien-etreiris.ch\/de\/produktpraesentation\/aromatherapie\/selbst-herstellen\/rohstoffe\/tonerde\/"},{"@type":"ListItem","position":7,"name":"WEISSE HEILERDE"}]},{"@type":"WebSite","@id":"https:\/\/bien-etreiris.ch\/de\/#website","url":"https:\/\/bien-etreiris.ch\/de\/","name":"Bien-\u00eatre Iris","description":"IHRE Gesundheit ist uns wichtig","potentialAction":[{"@type":"SearchAction","target":{"@type":"EntryPoint","urlTemplate":"https:\/\/bien-etreiris.ch\/de\/?s={search_term_string}"},"query-input":{"@type":"PropertyValueSpecification","valueRequired":true,"valueName":"search_term_string"}}],"inLanguage":"de"}]}},"_links":{"self":[{"href":"https:\/\/bien-etreiris.ch\/de\/wp-json\/wp\/v2\/pages\/19522","targetHints":{"allow":["GET"]}}],"collection":[{"href":"https:\/\/bien-etreiris.ch\/de\/wp-json\/wp\/v2\/pages"}],"about":[{"href":"https:\/\/bien-etreiris.ch\/de\/wp-json\/wp\/v2\/types\/page"}],"author":[{"embeddable":true,"href":"https:\/\/bien-etreiris.ch\/de\/wp-json\/wp\/v2\/users\/1"}],"replies":[{"embeddable":true,"href":"https:\/\/bien-etreiris.ch\/de\/wp-json\/wp\/v2\/comments?post=19522"}],"version-history":[{"count":6,"href":"https:\/\/bien-etreiris.ch\/de\/wp-json\/wp\/v2\/pages\/19522\/revisions"}],"predecessor-version":[{"id":19588,"href":"https:\/\/bien-etreiris.ch\/de\/wp-json\/wp\/v2\/pages\/19522\/revisions\/19588"}],"up":[{"embeddable":true,"href":"https:\/\/bien-etreiris.ch\/de\/wp-json\/wp\/v2\/pages\/19496"}],"wp:featuredmedia":[{"embeddable":true,"href":"https:\/\/bien-etreiris.ch\/de\/wp-json\/wp\/v2\/media\/19518"}],"wp:attachment":[{"href":"https:\/\/bien-etreiris.ch\/de\/wp-json\/wp\/v2\/media?parent=19522"}],"curies":[{"name":"wp","href":"https:\/\/api.w.org\/{rel}","templated":true}]}}