{"id":19505,"date":"2019-05-19T01:43:30","date_gmt":"2019-05-19T01:43:30","guid":{"rendered":"https:\/\/bien-etreiris.ch\/wohlbefinden\/aetherische-oele\/selbst-herstellen\/rohstoffe\/bases-neutres\/"},"modified":"2019-06-13T19:56:12","modified_gmt":"2019-06-13T19:56:12","slug":"neutrale-basis","status":"publish","type":"page","link":"https:\/\/bien-etreiris.ch\/de\/produktpraesentation\/aromatherapie\/selbst-herstellen\/rohstoffe\/neutrale-basis\/","title":{"rendered":"NEUTRALE BASIS"},"content":{"rendered":"\n<h2 class=\"wp-block-heading\">Base Bain<\/h2>\n\n\n\n<div class=\"wp-block-media-text alignwide\" style=\"grid-template-columns:28% auto\"><figure class=\"wp-block-media-text__media\"><img loading=\"lazy\" decoding=\"async\" width=\"800\" height=\"800\" src=\"https:\/\/decoiris.ch\/wp-content\/uploads\/2019\/05\/Cocos-Base-pour-bain-2.png\" alt=\"\" class=\"wp-image-18093\" srcset=\"https:\/\/bien-etreiris.ch\/wp-content\/uploads\/2019\/05\/Cocos-Base-pour-bain-2.png 800w, https:\/\/bien-etreiris.ch\/wp-content\/uploads\/2019\/05\/Cocos-Base-pour-bain-2-150x150.png 150w, https:\/\/bien-etreiris.ch\/wp-content\/uploads\/2019\/05\/Cocos-Base-pour-bain-2-300x300.png 300w, https:\/\/bien-etreiris.ch\/wp-content\/uploads\/2019\/05\/Cocos-Base-pour-bain-2-768x768.png 768w\" sizes=\"auto, (max-width: 800px) 100vw, 800px\" \/><\/figure><div class=\"wp-block-media-text__content\">\n<p class=\"has-large-font-size\"><\/p>\n\n\n\n<p><strong>100 ml en vrac CHF 3.50<\/strong><\/p>\n\n\n\n<p>\nLa base d'un bain moussant cr\u00e9\u00e9 par soi-m\u00eame!\n\n<\/p>\n<\/div><\/div>\n\n\n<p><span class=\"tlid-translation translation\" lang=\"fr\"><span class=\"\" title=\"\">Base en mousse tr\u00e8s douce et sans parfum, fabriqu\u00e9e \u00e0 partir de mati\u00e8res premi\u00e8res v\u00e9g\u00e9tales pures<\/span><\/span><\/p>\n\n\n<hr class=\"wp-block-separator\"\/>\n\n\n\n<h2 class=\"wp-block-heading\">Base douche<\/h2>\n\n\n\n<div class=\"wp-block-media-text alignwide\" style=\"grid-template-columns:29% auto\"><figure class=\"wp-block-media-text__media\"><img loading=\"lazy\" decoding=\"async\" width=\"800\" height=\"800\" src=\"https:\/\/decoiris.ch\/wp-content\/uploads\/2019\/05\/Gel-Douche-2.png\" alt=\"\" class=\"wp-image-18097\" srcset=\"https:\/\/bien-etreiris.ch\/wp-content\/uploads\/2019\/05\/Gel-Douche-2.png 800w, https:\/\/bien-etreiris.ch\/wp-content\/uploads\/2019\/05\/Gel-Douche-2-150x150.png 150w, https:\/\/bien-etreiris.ch\/wp-content\/uploads\/2019\/05\/Gel-Douche-2-300x300.png 300w, https:\/\/bien-etreiris.ch\/wp-content\/uploads\/2019\/05\/Gel-Douche-2-768x768.png 768w\" sizes=\"auto, (max-width: 800px) 100vw, 800px\" \/><\/figure><div class=\"wp-block-media-text__content\">\n<p class=\"has-large-font-size\"><\/p>\n\n\n\n<p><strong>100 ml en vrac CHF 3.50<\/strong><\/p>\n\n\n\n<p>La base d'un gel douche fabriqu\u00e9 par soi-m\u00eame <\/p>\n<\/div><\/div>\n\n\n\n<p> <br>Base en mousse tr\u00e8s douce et sans parfum, fabriqu\u00e9e \u00e0 partir de mati\u00e8res premi\u00e8res v\u00e9g\u00e9tales pures.<\/p>\n\n\n\n<h2 class=\"wp-block-heading\"> <br>Base parfum <\/h2>\n\n\n\n<div class=\"wp-block-media-text alignwide\" style=\"grid-template-columns:23% auto\"><figure class=\"wp-block-media-text__media\"><img loading=\"lazy\" decoding=\"async\" width=\"800\" height=\"800\" src=\"https:\/\/decoiris.ch\/wp-content\/uploads\/2019\/05\/Base-Parfum.png\" alt=\"\" class=\"wp-image-18045\" srcset=\"https:\/\/bien-etreiris.ch\/wp-content\/uploads\/2019\/05\/Base-Parfum.png 800w, https:\/\/bien-etreiris.ch\/wp-content\/uploads\/2019\/05\/Base-Parfum-150x150.png 150w, https:\/\/bien-etreiris.ch\/wp-content\/uploads\/2019\/05\/Base-Parfum-300x300.png 300w, https:\/\/bien-etreiris.ch\/wp-content\/uploads\/2019\/05\/Base-Parfum-768x768.png 768w\" sizes=\"auto, (max-width: 800px) 100vw, 800px\" \/><\/figure><div class=\"wp-block-media-text__content\">\n<h2 class=\"wp-block-heading\"><\/h2>\n\n\n\n<p class=\"has-large-font-size\"><\/p>\n\n\n\n<p><strong>100 ml en vrac CHF 2.50<\/strong><\/p>\n<\/div><\/div>\n\n\n\n<p>A utiliser comme base pour cr\u00e9er un parfum, un spray d\u2019ambiance, un spray aurique, etc. <\/p>\n\n\n\n<hr class=\"wp-block-separator\"\/>\n\n\n\n<h2 class=\"wp-block-heading\">Base  shampoing<\/h2>\n\n\n\n<div class=\"wp-block-media-text alignwide\" style=\"grid-template-columns:26% auto\"><figure class=\"wp-block-media-text__media\"><img loading=\"lazy\" decoding=\"async\" width=\"800\" height=\"800\" src=\"https:\/\/decoiris.ch\/wp-content\/uploads\/2019\/05\/Basis-Shampoo.png\" alt=\"\" class=\"wp-image-18060\" srcset=\"https:\/\/bien-etreiris.ch\/wp-content\/uploads\/2019\/05\/Basis-Shampoo.png 800w, https:\/\/bien-etreiris.ch\/wp-content\/uploads\/2019\/05\/Basis-Shampoo-150x150.png 150w, https:\/\/bien-etreiris.ch\/wp-content\/uploads\/2019\/05\/Basis-Shampoo-300x300.png 300w, https:\/\/bien-etreiris.ch\/wp-content\/uploads\/2019\/05\/Basis-Shampoo-768x768.png 768w\" sizes=\"auto, (max-width: 800px) 100vw, 800px\" \/><\/figure><div class=\"wp-block-media-text__content\">\n<p class=\"has-large-font-size\"><\/p>\n\n\n\n<p><strong>100 ml en vrac CHF 3.50<\/strong><\/p>\n\n\n\n<p>La base d'un shampoing fait maison <\/p>\n<\/div><\/div>\n\n\n\n<p>Base en mousse tr\u00e8s douce et sans parfum, fabriqu\u00e9e \u00e0 partir de mati\u00e8res premi\u00e8res v\u00e9g\u00e9tales  100 % naturelle et pures.<\/p>\n\n\n\n<p> <\/p>\n\n\n\n<p><strong>Tous les base lavante neutre Bio<\/strong><\/p>\n\n\n\n<p>Pour le corps et les cheveux : gel douche, bain, shampoing, savon liquide.<\/p>\n\n\n\n<p>La base lavante neutre&nbsp;est hydratante* et nourrissante. Elle&nbsp;peut \u00eatre utilis\u00e9e pure ou agr\u00e9ment\u00e9e d'actifs  de 0,5 \u00e0 2%  huiles essentielles. Elle convient \u00e0 tous les types de peaux, m\u00eame fragiles et sensibles.<\/p>\n\n\n\n<p>*Les couches sup\u00e9rieures de l'\u00e9piderme<\/p>\n\n\n\n<p>Nettoyante, elle g\u00e9n\u00e8re une mousse fine et&nbsp;douce.&nbsp;<\/p>\n\n\n\n<p>Elle peut \u00eatre utilis\u00e9e en tant que base dans vos pr\u00e9parations de cosm\u00e9tique\nmaison. Elle est adapt\u00e9e \u00e0 la cr\u00e9ation de shampoings ou de savons pour le\ncorps, le visage et les cheveux. Vous pouvez incorporer des huiles essentielles\net eaux florales adapt\u00e9s \u00e0 votre peau et\/ou vos cheveux.<\/p>\n\n\n\n<p>Ce produit est riche en hydrolat de Calendula BIO et Glyc\u00e9rine BIO.<\/p>\n\n\n\n<p>Conseil d\u2019utilisation :<\/p>\n\n\n\n<p>Base pour pr\u00e9parations cosm\u00e9tiques :<\/p>\n\n\n\n<p>- savon pour le corps et le visage ;<\/p>\n\n\n\n<p>- shampoing pour les cheveux<\/p>\n\n\n\n<p>Attention certaines huiles essentielles font perdre leur viscosit\u00e9 \u00e0 la base\nlavante et la rende plus liquide (particuli\u00e8rement les huiles essentielles\nd\u2019agrumes, l\u2019huile essentielle de menthe et de palmarosa). Nous vous\nrecommandons de limiter le dosage \u00e0 0.5% pour ces huiles essentielles.<\/p>\n\n\n\n<p>Usage externe uniquement.<\/p>\n\n\n\n<p>\u00c9vitez le contact avec les yeux.<\/p>\n\n\n\n<p>Composition :<\/p>\n\n\n\n<p>CALENDULA OFFICINALIS FLOWER WATER*, AMMONIUM LAURYL SULFATE, SODIUM LAURYL\nGLUCOSE CARBOXYLATE\/LAURYL GLUCOSIDE, COCAMIDOPROPYL BETAINE, GLYCERIN**,\nBENZYL ALCOHOL\/DEHYDROACETIC ACID\/AQUA<\/p>\n\n\n\n<p>* Ingr\u00e9dients issus de l\u2019agriculture biologique<\/p>\n\n\n\n<p>** Ingr\u00e9dients transform\u00e9s \u00e0 partir d\u2019ingr\u00e9dients biologiques<\/p>\n\n\n\n<p>99 % du total des ingr\u00e9dients sont d\u2019origine naturelle<\/p>\n\n\n\n<p>63 % du total des ingr\u00e9dients sont issus de l\u2019agriculture biologique<\/p>\n\n\n\n<p>Cosm\u00e9tique \u00e9cologique et biologique certifi\u00e9 par Ecocert Green life selon le\nr\u00e9f\u00e9rentiel Ecocert.<\/p>\n","protected":false},"excerpt":{"rendered":"<p>Base Bain 100 ml en vrac CHF 3.50 La base d'un bain moussant cr\u00e9\u00e9 par soi-m\u00eame! Base en mousse tr\u00e8s douce et sans parfum, fabriqu\u00e9e \u00e0 partir de mati\u00e8res premi\u00e8res v\u00e9g\u00e9tales pures Base douche 100 ml en vrac CHF 3.50 La base d'un gel douche fabriqu\u00e9 par soi-m\u00eame Base en mousse tr\u00e8s douce et sans parfum, fabriqu\u00e9e \u00e0 partir de&nbsp;<a href=\"https:\/\/bien-etreiris.ch\/de\/produktpraesentation\/aromatherapie\/selbst-herstellen\/rohstoffe\/neutrale-basis\/\" class=\"read-more\">Weiter lesen<\/a><\/p>\n","protected":false},"author":1,"featured_media":18044,"parent":18130,"menu_order":7604,"comment_status":"closed","ping_status":"closed","template":"page-with-child.php","meta":{"_acf_changed":false,"ngg_post_thumbnail":0,"footnotes":""},"class_list":["post-19505","page","type-page","status-publish","has-post-thumbnail","hentry"],"acf":[],"yoast_head":"<!-- This site is optimized with the Yoast SEO plugin v27.6 - https:\/\/yoast.com\/product\/yoast-seo-wordpress\/ -->\n<title>NEUTRALE BASIS - WOHLBEFINDEN<\/title>\n<meta name=\"robots\" content=\"index, follow, max-snippet:-1, max-image-preview:large, max-video-preview:-1\" \/>\n<link rel=\"canonical\" href=\"https:\/\/bien-etreiris.ch\/de\/produktpraesentation\/aromatherapie\/selbst-herstellen\/rohstoffe\/neutrale-basis\/\" \/>\n<meta property=\"og:locale\" content=\"de_DE\" \/>\n<meta property=\"og:type\" content=\"article\" \/>\n<meta property=\"og:title\" content=\"NEUTRALE BASIS - WOHLBEFINDEN\" \/>\n<meta property=\"og:description\" content=\"Base Bain 100 ml en vrac CHF 3.50 La base d&#039;un bain moussant cr\u00e9\u00e9 par soi-m\u00eame! Base en mousse tr\u00e8s douce et sans parfum, fabriqu\u00e9e \u00e0 partir de mati\u00e8res premi\u00e8res v\u00e9g\u00e9tales pures Base douche 100 ml en vrac CHF 3.50 La base d&#039;un gel douche fabriqu\u00e9 par soi-m\u00eame Base en mousse tr\u00e8s douce et sans parfum, fabriqu\u00e9e \u00e0 partir de&nbsp;Weiter lesen\" \/>\n<meta property=\"og:url\" content=\"https:\/\/bien-etreiris.ch\/de\/produktpraesentation\/aromatherapie\/selbst-herstellen\/rohstoffe\/neutrale-basis\/\" \/>\n<meta property=\"og:site_name\" content=\"WOHLBEFINDEN\" \/>\n<meta property=\"article:publisher\" content=\"https:\/\/www.facebook.com\/bienetreiris\/\" \/>\n<meta property=\"article:modified_time\" content=\"2019-06-13T19:56:12+00:00\" \/>\n<meta property=\"og:image\" content=\"https:\/\/bien-etreiris.ch\/wp-content\/uploads\/2019\/05\/Basis-neutre.jpg\" \/>\n\t<meta property=\"og:image:width\" content=\"500\" \/>\n\t<meta property=\"og:image:height\" content=\"333\" \/>\n\t<meta property=\"og:image:type\" content=\"image\/jpeg\" \/>\n<meta name=\"twitter:label1\" content=\"Gesch\u00e4tzte Lesezeit\" \/>\n\t<meta name=\"twitter:data1\" content=\"2\u00a0Minuten\" \/>\n<script type=\"application\/ld+json\" class=\"yoast-schema-graph\">{\"@context\":\"https:\\\/\\\/schema.org\",\"@graph\":[{\"@type\":\"WebPage\",\"@id\":\"https:\\\/\\\/bien-etreiris.ch\\\/de\\\/produktpraesentation\\\/aromatherapie\\\/selbst-herstellen\\\/rohstoffe\\\/neutrale-basis\\\/\",\"url\":\"https:\\\/\\\/bien-etreiris.ch\\\/de\\\/produktpraesentation\\\/aromatherapie\\\/selbst-herstellen\\\/rohstoffe\\\/neutrale-basis\\\/\",\"name\":\"NEUTRALE BASIS - WOHLBEFINDEN\",\"isPartOf\":{\"@id\":\"https:\\\/\\\/bien-etreiris.ch\\\/de\\\/#website\"},\"primaryImageOfPage\":{\"@id\":\"https:\\\/\\\/bien-etreiris.ch\\\/de\\\/produktpraesentation\\\/aromatherapie\\\/selbst-herstellen\\\/rohstoffe\\\/neutrale-basis\\\/#primaryimage\"},\"image\":{\"@id\":\"https:\\\/\\\/bien-etreiris.ch\\\/de\\\/produktpraesentation\\\/aromatherapie\\\/selbst-herstellen\\\/rohstoffe\\\/neutrale-basis\\\/#primaryimage\"},\"thumbnailUrl\":\"https:\\\/\\\/bien-etreiris.ch\\\/wp-content\\\/uploads\\\/2019\\\/05\\\/Basis-neutre.jpg\",\"datePublished\":\"2019-05-19T01:43:30+00:00\",\"dateModified\":\"2019-06-13T19:56:12+00:00\",\"breadcrumb\":{\"@id\":\"https:\\\/\\\/bien-etreiris.ch\\\/de\\\/produktpraesentation\\\/aromatherapie\\\/selbst-herstellen\\\/rohstoffe\\\/neutrale-basis\\\/#breadcrumb\"},\"inLanguage\":\"de\",\"potentialAction\":[{\"@type\":\"ReadAction\",\"target\":[\"https:\\\/\\\/bien-etreiris.ch\\\/de\\\/produktpraesentation\\\/aromatherapie\\\/selbst-herstellen\\\/rohstoffe\\\/neutrale-basis\\\/\"]}]},{\"@type\":\"ImageObject\",\"inLanguage\":\"de\",\"@id\":\"https:\\\/\\\/bien-etreiris.ch\\\/de\\\/produktpraesentation\\\/aromatherapie\\\/selbst-herstellen\\\/rohstoffe\\\/neutrale-basis\\\/#primaryimage\",\"url\":\"https:\\\/\\\/bien-etreiris.ch\\\/wp-content\\\/uploads\\\/2019\\\/05\\\/Basis-neutre.jpg\",\"contentUrl\":\"https:\\\/\\\/bien-etreiris.ch\\\/wp-content\\\/uploads\\\/2019\\\/05\\\/Basis-neutre.jpg\",\"width\":500,\"height\":333},{\"@type\":\"BreadcrumbList\",\"@id\":\"https:\\\/\\\/bien-etreiris.ch\\\/de\\\/produktpraesentation\\\/aromatherapie\\\/selbst-herstellen\\\/rohstoffe\\\/neutrale-basis\\\/#breadcrumb\",\"itemListElement\":[{\"@type\":\"ListItem\",\"position\":1,\"name\":\"Home\",\"item\":\"https:\\\/\\\/bien-etreiris.ch\\\/de\\\/\"},{\"@type\":\"ListItem\",\"position\":2,\"name\":\"PRODUKTPR\u00c4SENTATION\",\"item\":\"https:\\\/\\\/bien-etreiris.ch\\\/de\\\/produktpraesentation\\\/\"},{\"@type\":\"ListItem\",\"position\":3,\"name\":\"AROMATHERAPIE\",\"item\":\"https:\\\/\\\/bien-etreiris.ch\\\/de\\\/produktpraesentation\\\/aromatherapie\\\/\"},{\"@type\":\"ListItem\",\"position\":4,\"name\":\"SELBST HERSTELLEN&#8230;\",\"item\":\"https:\\\/\\\/bien-etreiris.ch\\\/de\\\/produktpraesentation\\\/aromatherapie\\\/selbst-herstellen\\\/\"},{\"@type\":\"ListItem\",\"position\":5,\"name\":\"ROHSTOFFE\",\"item\":\"https:\\\/\\\/bien-etreiris.ch\\\/de\\\/produktpraesentation\\\/aromatherapie\\\/selbst-herstellen\\\/rohstoffe\\\/\"},{\"@type\":\"ListItem\",\"position\":6,\"name\":\"NEUTRALE BASIS\"}]},{\"@type\":\"WebSite\",\"@id\":\"https:\\\/\\\/bien-etreiris.ch\\\/de\\\/#website\",\"url\":\"https:\\\/\\\/bien-etreiris.ch\\\/de\\\/\",\"name\":\"Bien-\u00eatre Iris\",\"description\":\"IHRE Gesundheit ist uns wichtig\",\"potentialAction\":[{\"@type\":\"SearchAction\",\"target\":{\"@type\":\"EntryPoint\",\"urlTemplate\":\"https:\\\/\\\/bien-etreiris.ch\\\/de\\\/?s={search_term_string}\"},\"query-input\":{\"@type\":\"PropertyValueSpecification\",\"valueRequired\":true,\"valueName\":\"search_term_string\"}}],\"inLanguage\":\"de\"}]}<\/script>\n<!-- \/ Yoast SEO plugin. -->","yoast_head_json":{"title":"NEUTRALE BASIS - WOHLBEFINDEN","robots":{"index":"index","follow":"follow","max-snippet":"max-snippet:-1","max-image-preview":"max-image-preview:large","max-video-preview":"max-video-preview:-1"},"canonical":"https:\/\/bien-etreiris.ch\/de\/produktpraesentation\/aromatherapie\/selbst-herstellen\/rohstoffe\/neutrale-basis\/","og_locale":"de_DE","og_type":"article","og_title":"NEUTRALE BASIS - WOHLBEFINDEN","og_description":"Base Bain 100 ml en vrac CHF 3.50 La base d'un bain moussant cr\u00e9\u00e9 par soi-m\u00eame! Base en mousse tr\u00e8s douce et sans parfum, fabriqu\u00e9e \u00e0 partir de mati\u00e8res premi\u00e8res v\u00e9g\u00e9tales pures Base douche 100 ml en vrac CHF 3.50 La base d'un gel douche fabriqu\u00e9 par soi-m\u00eame Base en mousse tr\u00e8s douce et sans parfum, fabriqu\u00e9e \u00e0 partir de&nbsp;Weiter lesen","og_url":"https:\/\/bien-etreiris.ch\/de\/produktpraesentation\/aromatherapie\/selbst-herstellen\/rohstoffe\/neutrale-basis\/","og_site_name":"WOHLBEFINDEN","article_publisher":"https:\/\/www.facebook.com\/bienetreiris\/","article_modified_time":"2019-06-13T19:56:12+00:00","og_image":[{"width":500,"height":333,"url":"https:\/\/bien-etreiris.ch\/wp-content\/uploads\/2019\/05\/Basis-neutre.jpg","type":"image\/jpeg"}],"twitter_misc":{"Gesch\u00e4tzte Lesezeit":"2\u00a0Minuten"},"schema":{"@context":"https:\/\/schema.org","@graph":[{"@type":"WebPage","@id":"https:\/\/bien-etreiris.ch\/de\/produktpraesentation\/aromatherapie\/selbst-herstellen\/rohstoffe\/neutrale-basis\/","url":"https:\/\/bien-etreiris.ch\/de\/produktpraesentation\/aromatherapie\/selbst-herstellen\/rohstoffe\/neutrale-basis\/","name":"NEUTRALE BASIS - WOHLBEFINDEN","isPartOf":{"@id":"https:\/\/bien-etreiris.ch\/de\/#website"},"primaryImageOfPage":{"@id":"https:\/\/bien-etreiris.ch\/de\/produktpraesentation\/aromatherapie\/selbst-herstellen\/rohstoffe\/neutrale-basis\/#primaryimage"},"image":{"@id":"https:\/\/bien-etreiris.ch\/de\/produktpraesentation\/aromatherapie\/selbst-herstellen\/rohstoffe\/neutrale-basis\/#primaryimage"},"thumbnailUrl":"https:\/\/bien-etreiris.ch\/wp-content\/uploads\/2019\/05\/Basis-neutre.jpg","datePublished":"2019-05-19T01:43:30+00:00","dateModified":"2019-06-13T19:56:12+00:00","breadcrumb":{"@id":"https:\/\/bien-etreiris.ch\/de\/produktpraesentation\/aromatherapie\/selbst-herstellen\/rohstoffe\/neutrale-basis\/#breadcrumb"},"inLanguage":"de","potentialAction":[{"@type":"ReadAction","target":["https:\/\/bien-etreiris.ch\/de\/produktpraesentation\/aromatherapie\/selbst-herstellen\/rohstoffe\/neutrale-basis\/"]}]},{"@type":"ImageObject","inLanguage":"de","@id":"https:\/\/bien-etreiris.ch\/de\/produktpraesentation\/aromatherapie\/selbst-herstellen\/rohstoffe\/neutrale-basis\/#primaryimage","url":"https:\/\/bien-etreiris.ch\/wp-content\/uploads\/2019\/05\/Basis-neutre.jpg","contentUrl":"https:\/\/bien-etreiris.ch\/wp-content\/uploads\/2019\/05\/Basis-neutre.jpg","width":500,"height":333},{"@type":"BreadcrumbList","@id":"https:\/\/bien-etreiris.ch\/de\/produktpraesentation\/aromatherapie\/selbst-herstellen\/rohstoffe\/neutrale-basis\/#breadcrumb","itemListElement":[{"@type":"ListItem","position":1,"name":"Home","item":"https:\/\/bien-etreiris.ch\/de\/"},{"@type":"ListItem","position":2,"name":"PRODUKTPR\u00c4SENTATION","item":"https:\/\/bien-etreiris.ch\/de\/produktpraesentation\/"},{"@type":"ListItem","position":3,"name":"AROMATHERAPIE","item":"https:\/\/bien-etreiris.ch\/de\/produktpraesentation\/aromatherapie\/"},{"@type":"ListItem","position":4,"name":"SELBST HERSTELLEN&#8230;","item":"https:\/\/bien-etreiris.ch\/de\/produktpraesentation\/aromatherapie\/selbst-herstellen\/"},{"@type":"ListItem","position":5,"name":"ROHSTOFFE","item":"https:\/\/bien-etreiris.ch\/de\/produktpraesentation\/aromatherapie\/selbst-herstellen\/rohstoffe\/"},{"@type":"ListItem","position":6,"name":"NEUTRALE BASIS"}]},{"@type":"WebSite","@id":"https:\/\/bien-etreiris.ch\/de\/#website","url":"https:\/\/bien-etreiris.ch\/de\/","name":"Bien-\u00eatre Iris","description":"IHRE Gesundheit ist uns wichtig","potentialAction":[{"@type":"SearchAction","target":{"@type":"EntryPoint","urlTemplate":"https:\/\/bien-etreiris.ch\/de\/?s={search_term_string}"},"query-input":{"@type":"PropertyValueSpecification","valueRequired":true,"valueName":"search_term_string"}}],"inLanguage":"de"}]}},"_links":{"self":[{"href":"https:\/\/bien-etreiris.ch\/de\/wp-json\/wp\/v2\/pages\/19505","targetHints":{"allow":["GET"]}}],"collection":[{"href":"https:\/\/bien-etreiris.ch\/de\/wp-json\/wp\/v2\/pages"}],"about":[{"href":"https:\/\/bien-etreiris.ch\/de\/wp-json\/wp\/v2\/types\/page"}],"author":[{"embeddable":true,"href":"https:\/\/bien-etreiris.ch\/de\/wp-json\/wp\/v2\/users\/1"}],"replies":[{"embeddable":true,"href":"https:\/\/bien-etreiris.ch\/de\/wp-json\/wp\/v2\/comments?post=19505"}],"version-history":[{"count":2,"href":"https:\/\/bien-etreiris.ch\/de\/wp-json\/wp\/v2\/pages\/19505\/revisions"}],"predecessor-version":[{"id":19508,"href":"https:\/\/bien-etreiris.ch\/de\/wp-json\/wp\/v2\/pages\/19505\/revisions\/19508"}],"up":[{"embeddable":true,"href":"https:\/\/bien-etreiris.ch\/de\/wp-json\/wp\/v2\/pages\/18130"}],"wp:featuredmedia":[{"embeddable":true,"href":"https:\/\/bien-etreiris.ch\/de\/wp-json\/wp\/v2\/media\/18044"}],"wp:attachment":[{"href":"https:\/\/bien-etreiris.ch\/de\/wp-json\/wp\/v2\/media?parent=19505"}],"curies":[{"name":"wp","href":"https:\/\/api.w.org\/{rel}","templated":true}]}}