{"id":17944,"date":"2019-05-18T14:33:57","date_gmt":"2019-05-18T14:33:57","guid":{"rendered":"https:\/\/bien-etreiris.ch\/diffuseur-d-encens\/"},"modified":"2021-06-02T09:39:37","modified_gmt":"2021-06-02T07:39:37","slug":"weihrauchzerstaeuber","status":"publish","type":"page","link":"https:\/\/bien-etreiris.ch\/de\/produktpraesentation\/aromatherapie\/raumbeduftung\/weihrauchzerstaeuber\/","title":{"rendered":"WEIHRAUCHZERST\u00c4UBER"},"content":{"rendered":"\n<h2 class=\"wp-block-heading\">BOL RUSTIQUE<\/h2>\n\n\n\n<p>Pour br\u00fbler l'encens <\/p>\n\n\n\n<div class=\"wp-block-media-text alignwide is-stacked-on-mobile\" style=\"grid-template-columns:67% auto\"><figure class=\"wp-block-media-text__media\"><img loading=\"lazy\" decoding=\"async\" width=\"636\" height=\"407\" src=\"https:\/\/decoiris.ch\/wp-content\/uploads\/2019\/05\/Bol-\u00e0-encens-rustique-4.jpg\" alt=\"\" class=\"wp-image-17938 size-full\" srcset=\"https:\/\/bien-etreiris.ch\/wp-content\/uploads\/2019\/05\/Bol-\u00e0-encens-rustique-4.jpg 636w, https:\/\/bien-etreiris.ch\/wp-content\/uploads\/2019\/05\/Bol-\u00e0-encens-rustique-4-300x192.jpg 300w\" sizes=\"auto, (max-width: 636px) 100vw, 636px\" \/><\/figure><div class=\"wp-block-media-text__content\">\n<p class=\"has-large-font-size\"><\/p>\n\n\n\n<p><strong>1 pi\u00e8ce CHF 35.00<\/strong><\/p>\n\n\n\n<p> hauteur env. 5 cm<\/p>\n\n\n\n<p> diam\u00e8tre env. 10cm <\/p>\n<\/div><\/div>\n\n\n\n<hr class=\"wp-block-separator\"\/>\n\n\n\n<h2 class=\"wp-block-heading\">LUCERNA<\/h2>\n\n\n<p><a href=\"https:\/\/decoiris.ch\/wp-content\/uploads\/2019\/12\/Lucerna.jpg\"><img loading=\"lazy\" decoding=\"async\" class=\"size-medium wp-image-30065 alignleft\" src=\"https:\/\/decoiris.ch\/wp-content\/uploads\/2019\/12\/Lucerna-300x195.jpg\" alt=\"\" width=\"300\" height=\"195\" srcset=\"https:\/\/bien-etreiris.ch\/wp-content\/uploads\/2019\/12\/Lucerna-300x195.jpg 300w, https:\/\/bien-etreiris.ch\/wp-content\/uploads\/2019\/12\/Lucerna.jpg 600w\" sizes=\"auto, (max-width: 300px) 100vw, 300px\" \/><\/a><\/p>\n<p>&nbsp;<\/p>\n<p>&nbsp;<\/p>\n<p>&nbsp;<\/p>\n<p>1 pi\u00e8ce <strong>CHF 39.00<\/strong><\/p>\n<p>Combinaison de br\u00fbleur d'encens et de lampe \u00e0 ar\u00f4me<\/p>\n\n\n<p>  <\/p>\n\n\n<p>&nbsp;<\/p>\n<p>&nbsp;<\/p>\n<p>Le verre satin\u00e9 souffl\u00e9 \u00e0 la bouche est pos\u00e9 sur un support en fr\u00eane non trait\u00e9 et fa\u00e7onn\u00e9 manuellement<\/p>\n<p>L\u2019harmonie de ce diffuseur \u00e9l\u00e9gant se r\u00e9v\u00e8le une fois la bougie allum\u00e9e. Cette combinaison unique et g\u00e9niale de diffuseur \u00e0 la fois d\u2019ar\u00f4mes offre diff\u00e9rentes possibilit\u00e9s d\u2019utilisation.<\/p>\n<p>La coupelle (avec la Fleur de Vie) en verre thermor\u00e9sistant accueille les m\u00e9langes d\u2019encens et diffuse des parfums agr\u00e9ables tant \u00e0 l\u2019int\u00e9rieur qu\u2019\u00e0 l\u2019ext\u00e9rieur.<\/p>\n\n\n<p><a href=\"\/?page_id=30731\" target=\"_blank\" rel=\"noreferrer noopener\" aria-label=\" (opens in a new tab)\">Encens pour Lucerna<\/a><\/p>\n\n\n\n<p><br><\/p>\n\n\n\n<p> <\/p>\n\n\n\n<p><br><\/p>\n\n\n\n<hr class=\"wp-block-separator\"\/>\n\n\n\n<h2 class=\"wp-block-heading\">Charbon pour br\u00fbler l'encens<\/h2>\n\n\n\n<div class=\"wp-block-media-text alignwide is-stacked-on-mobile\"><figure class=\"wp-block-media-text__media\"><img loading=\"lazy\" decoding=\"async\" width=\"800\" height=\"800\" src=\"https:\/\/decoiris.ch\/wp-content\/uploads\/2019\/05\/Charbon-pour-br\u00fbler-lencens.png\" alt=\"\" class=\"wp-image-17930 size-full\" srcset=\"https:\/\/bien-etreiris.ch\/wp-content\/uploads\/2019\/05\/Charbon-pour-br\u00fbler-lencens.png 800w, https:\/\/bien-etreiris.ch\/wp-content\/uploads\/2019\/05\/Charbon-pour-br\u00fbler-lencens-150x150.png 150w, https:\/\/bien-etreiris.ch\/wp-content\/uploads\/2019\/05\/Charbon-pour-br\u00fbler-lencens-300x300.png 300w, https:\/\/bien-etreiris.ch\/wp-content\/uploads\/2019\/05\/Charbon-pour-br\u00fbler-lencens-768x768.png 768w\" sizes=\"auto, (max-width: 800px) 100vw, 800px\" \/><\/figure><div class=\"wp-block-media-text__content\">\n<p class=\"has-large-font-size\"><\/p>\n\n\n\n<p>diam\u00e8tre 33 mm                                                                                                                                                                                                                                                                  1 rouleaux   CHF 3.50<\/p>\n\n\n\n<p>diam\u00e8tre 40 mm                                                                                                                                                                                                                                                1 rouleaux CHF 4.20<\/p>\n\n\n\n<p><\/p>\n<\/div><\/div>\n","protected":false},"excerpt":{"rendered":"<p>BOL RUSTIQUE Pour br\u00fbler l'encens 1 pi\u00e8ce CHF 35.00 hauteur env. 5 cm diam\u00e8tre env. 10cm LUCERNA &nbsp; &nbsp; &nbsp; 1 pi\u00e8ce CHF 39.00 Combinaison de br\u00fbleur d'encens et de lampe \u00e0 ar\u00f4me &nbsp; &nbsp; Le verre satin\u00e9 souffl\u00e9 \u00e0 la bouche est pos\u00e9 sur un support en fr\u00eane non trait\u00e9 et fa\u00e7onn\u00e9 manuellement L\u2019harmonie de ce diffuseur \u00e9l\u00e9gant se&nbsp;<a href=\"https:\/\/bien-etreiris.ch\/de\/produktpraesentation\/aromatherapie\/raumbeduftung\/weihrauchzerstaeuber\/\" class=\"read-more\">Weiter lesen<\/a><\/p>\n","protected":false},"author":1,"featured_media":97730,"parent":19409,"menu_order":7612,"comment_status":"closed","ping_status":"closed","template":"","meta":{"_acf_changed":false,"ngg_post_thumbnail":0,"footnotes":""},"class_list":["post-17944","page","type-page","status-publish","has-post-thumbnail","hentry"],"acf":[],"yoast_head":"<!-- This site is optimized with the Yoast SEO plugin v27.4 - https:\/\/yoast.com\/product\/yoast-seo-wordpress\/ -->\n<title>WEIHRAUCHZERST\u00c4UBER - WOHLBEFINDEN<\/title>\n<meta name=\"robots\" content=\"index, follow, max-snippet:-1, max-image-preview:large, max-video-preview:-1\" \/>\n<link rel=\"canonical\" href=\"https:\/\/bien-etreiris.ch\/de\/produktpraesentation\/aromatherapie\/raumbeduftung\/weihrauchzerstaeuber\/\" \/>\n<meta property=\"og:locale\" content=\"de_DE\" \/>\n<meta property=\"og:type\" content=\"article\" \/>\n<meta property=\"og:title\" content=\"WEIHRAUCHZERST\u00c4UBER - WOHLBEFINDEN\" \/>\n<meta property=\"og:description\" content=\"BOL RUSTIQUE Pour br\u00fbler l&#039;encens 1 pi\u00e8ce CHF 35.00 hauteur env. 5 cm diam\u00e8tre env. 10cm LUCERNA &nbsp; &nbsp; &nbsp; 1 pi\u00e8ce CHF 39.00 Combinaison de br\u00fbleur d&#039;encens et de lampe \u00e0 ar\u00f4me &nbsp; &nbsp; Le verre satin\u00e9 souffl\u00e9 \u00e0 la bouche est pos\u00e9 sur un support en fr\u00eane non trait\u00e9 et fa\u00e7onn\u00e9 manuellement L\u2019harmonie de ce diffuseur \u00e9l\u00e9gant se&nbsp;Weiter lesen\" \/>\n<meta property=\"og:url\" content=\"https:\/\/bien-etreiris.ch\/de\/produktpraesentation\/aromatherapie\/raumbeduftung\/weihrauchzerstaeuber\/\" \/>\n<meta property=\"og:site_name\" content=\"WOHLBEFINDEN\" \/>\n<meta property=\"article:publisher\" content=\"https:\/\/www.facebook.com\/bienetreiris\/\" \/>\n<meta property=\"article:modified_time\" content=\"2021-06-02T07:39:37+00:00\" \/>\n<meta property=\"og:image\" content=\"https:\/\/bien-etreiris.ch\/wp-content\/uploads\/2019\/05\/Bol-\u00e0-encens-rustique-4.jpg\" \/>\n\t<meta property=\"og:image:width\" content=\"636\" \/>\n\t<meta property=\"og:image:height\" content=\"407\" \/>\n\t<meta property=\"og:image:type\" content=\"image\/jpeg\" \/>\n<meta name=\"twitter:label1\" content=\"Gesch\u00e4tzte Lesezeit\" \/>\n\t<meta name=\"twitter:data1\" content=\"2\u00a0Minuten\" \/>\n<script type=\"application\/ld+json\" class=\"yoast-schema-graph\">{\"@context\":\"https:\\\/\\\/schema.org\",\"@graph\":[{\"@type\":\"WebPage\",\"@id\":\"https:\\\/\\\/bien-etreiris.ch\\\/de\\\/produktpraesentation\\\/aromatherapie\\\/raumbeduftung\\\/weihrauchzerstaeuber\\\/\",\"url\":\"https:\\\/\\\/bien-etreiris.ch\\\/de\\\/produktpraesentation\\\/aromatherapie\\\/raumbeduftung\\\/weihrauchzerstaeuber\\\/\",\"name\":\"WEIHRAUCHZERST\u00c4UBER - WOHLBEFINDEN\",\"isPartOf\":{\"@id\":\"https:\\\/\\\/bien-etreiris.ch\\\/de\\\/#website\"},\"primaryImageOfPage\":{\"@id\":\"https:\\\/\\\/bien-etreiris.ch\\\/de\\\/produktpraesentation\\\/aromatherapie\\\/raumbeduftung\\\/weihrauchzerstaeuber\\\/#primaryimage\"},\"image\":{\"@id\":\"https:\\\/\\\/bien-etreiris.ch\\\/de\\\/produktpraesentation\\\/aromatherapie\\\/raumbeduftung\\\/weihrauchzerstaeuber\\\/#primaryimage\"},\"thumbnailUrl\":\"https:\\\/\\\/bien-etreiris.ch\\\/wp-content\\\/uploads\\\/2026\\\/02\\\/bol-dencens.png\",\"datePublished\":\"2019-05-18T14:33:57+00:00\",\"dateModified\":\"2021-06-02T07:39:37+00:00\",\"breadcrumb\":{\"@id\":\"https:\\\/\\\/bien-etreiris.ch\\\/de\\\/produktpraesentation\\\/aromatherapie\\\/raumbeduftung\\\/weihrauchzerstaeuber\\\/#breadcrumb\"},\"inLanguage\":\"de\",\"potentialAction\":[{\"@type\":\"ReadAction\",\"target\":[\"https:\\\/\\\/bien-etreiris.ch\\\/de\\\/produktpraesentation\\\/aromatherapie\\\/raumbeduftung\\\/weihrauchzerstaeuber\\\/\"]}]},{\"@type\":\"ImageObject\",\"inLanguage\":\"de\",\"@id\":\"https:\\\/\\\/bien-etreiris.ch\\\/de\\\/produktpraesentation\\\/aromatherapie\\\/raumbeduftung\\\/weihrauchzerstaeuber\\\/#primaryimage\",\"url\":\"https:\\\/\\\/bien-etreiris.ch\\\/wp-content\\\/uploads\\\/2026\\\/02\\\/bol-dencens.png\",\"contentUrl\":\"https:\\\/\\\/bien-etreiris.ch\\\/wp-content\\\/uploads\\\/2026\\\/02\\\/bol-dencens.png\",\"width\":370,\"height\":226},{\"@type\":\"BreadcrumbList\",\"@id\":\"https:\\\/\\\/bien-etreiris.ch\\\/de\\\/produktpraesentation\\\/aromatherapie\\\/raumbeduftung\\\/weihrauchzerstaeuber\\\/#breadcrumb\",\"itemListElement\":[{\"@type\":\"ListItem\",\"position\":1,\"name\":\"Home\",\"item\":\"https:\\\/\\\/bien-etreiris.ch\\\/de\\\/\"},{\"@type\":\"ListItem\",\"position\":2,\"name\":\"PRODUKTPR\u00c4SENTATION\",\"item\":\"https:\\\/\\\/bien-etreiris.ch\\\/de\\\/produktpraesentation\\\/\"},{\"@type\":\"ListItem\",\"position\":3,\"name\":\"AROMATHERAPIE\",\"item\":\"https:\\\/\\\/bien-etreiris.ch\\\/de\\\/produktpraesentation\\\/aromatherapie\\\/\"},{\"@type\":\"ListItem\",\"position\":4,\"name\":\"RAUMBEDUFTUNG\",\"item\":\"https:\\\/\\\/bien-etreiris.ch\\\/de\\\/produktpraesentation\\\/aromatherapie\\\/raumbeduftung\\\/\"},{\"@type\":\"ListItem\",\"position\":5,\"name\":\"WEIHRAUCHZERST\u00c4UBER\"}]},{\"@type\":\"WebSite\",\"@id\":\"https:\\\/\\\/bien-etreiris.ch\\\/de\\\/#website\",\"url\":\"https:\\\/\\\/bien-etreiris.ch\\\/de\\\/\",\"name\":\"Bien-\u00eatre Iris\",\"description\":\"IHRE Gesundheit ist uns wichtig\",\"potentialAction\":[{\"@type\":\"SearchAction\",\"target\":{\"@type\":\"EntryPoint\",\"urlTemplate\":\"https:\\\/\\\/bien-etreiris.ch\\\/de\\\/?s={search_term_string}\"},\"query-input\":{\"@type\":\"PropertyValueSpecification\",\"valueRequired\":true,\"valueName\":\"search_term_string\"}}],\"inLanguage\":\"de\"}]}<\/script>\n<!-- \/ Yoast SEO plugin. -->","yoast_head_json":{"title":"WEIHRAUCHZERST\u00c4UBER - WOHLBEFINDEN","robots":{"index":"index","follow":"follow","max-snippet":"max-snippet:-1","max-image-preview":"max-image-preview:large","max-video-preview":"max-video-preview:-1"},"canonical":"https:\/\/bien-etreiris.ch\/de\/produktpraesentation\/aromatherapie\/raumbeduftung\/weihrauchzerstaeuber\/","og_locale":"de_DE","og_type":"article","og_title":"WEIHRAUCHZERST\u00c4UBER - WOHLBEFINDEN","og_description":"BOL RUSTIQUE Pour br\u00fbler l'encens 1 pi\u00e8ce CHF 35.00 hauteur env. 5 cm diam\u00e8tre env. 10cm LUCERNA &nbsp; &nbsp; &nbsp; 1 pi\u00e8ce CHF 39.00 Combinaison de br\u00fbleur d'encens et de lampe \u00e0 ar\u00f4me &nbsp; &nbsp; Le verre satin\u00e9 souffl\u00e9 \u00e0 la bouche est pos\u00e9 sur un support en fr\u00eane non trait\u00e9 et fa\u00e7onn\u00e9 manuellement L\u2019harmonie de ce diffuseur \u00e9l\u00e9gant se&nbsp;Weiter lesen","og_url":"https:\/\/bien-etreiris.ch\/de\/produktpraesentation\/aromatherapie\/raumbeduftung\/weihrauchzerstaeuber\/","og_site_name":"WOHLBEFINDEN","article_publisher":"https:\/\/www.facebook.com\/bienetreiris\/","article_modified_time":"2021-06-02T07:39:37+00:00","og_image":[{"width":636,"height":407,"url":"https:\/\/bien-etreiris.ch\/wp-content\/uploads\/2019\/05\/Bol-\u00e0-encens-rustique-4.jpg","type":"image\/jpeg"}],"twitter_misc":{"Gesch\u00e4tzte Lesezeit":"2\u00a0Minuten"},"schema":{"@context":"https:\/\/schema.org","@graph":[{"@type":"WebPage","@id":"https:\/\/bien-etreiris.ch\/de\/produktpraesentation\/aromatherapie\/raumbeduftung\/weihrauchzerstaeuber\/","url":"https:\/\/bien-etreiris.ch\/de\/produktpraesentation\/aromatherapie\/raumbeduftung\/weihrauchzerstaeuber\/","name":"WEIHRAUCHZERST\u00c4UBER - WOHLBEFINDEN","isPartOf":{"@id":"https:\/\/bien-etreiris.ch\/de\/#website"},"primaryImageOfPage":{"@id":"https:\/\/bien-etreiris.ch\/de\/produktpraesentation\/aromatherapie\/raumbeduftung\/weihrauchzerstaeuber\/#primaryimage"},"image":{"@id":"https:\/\/bien-etreiris.ch\/de\/produktpraesentation\/aromatherapie\/raumbeduftung\/weihrauchzerstaeuber\/#primaryimage"},"thumbnailUrl":"https:\/\/bien-etreiris.ch\/wp-content\/uploads\/2026\/02\/bol-dencens.png","datePublished":"2019-05-18T14:33:57+00:00","dateModified":"2021-06-02T07:39:37+00:00","breadcrumb":{"@id":"https:\/\/bien-etreiris.ch\/de\/produktpraesentation\/aromatherapie\/raumbeduftung\/weihrauchzerstaeuber\/#breadcrumb"},"inLanguage":"de","potentialAction":[{"@type":"ReadAction","target":["https:\/\/bien-etreiris.ch\/de\/produktpraesentation\/aromatherapie\/raumbeduftung\/weihrauchzerstaeuber\/"]}]},{"@type":"ImageObject","inLanguage":"de","@id":"https:\/\/bien-etreiris.ch\/de\/produktpraesentation\/aromatherapie\/raumbeduftung\/weihrauchzerstaeuber\/#primaryimage","url":"https:\/\/bien-etreiris.ch\/wp-content\/uploads\/2026\/02\/bol-dencens.png","contentUrl":"https:\/\/bien-etreiris.ch\/wp-content\/uploads\/2026\/02\/bol-dencens.png","width":370,"height":226},{"@type":"BreadcrumbList","@id":"https:\/\/bien-etreiris.ch\/de\/produktpraesentation\/aromatherapie\/raumbeduftung\/weihrauchzerstaeuber\/#breadcrumb","itemListElement":[{"@type":"ListItem","position":1,"name":"Home","item":"https:\/\/bien-etreiris.ch\/de\/"},{"@type":"ListItem","position":2,"name":"PRODUKTPR\u00c4SENTATION","item":"https:\/\/bien-etreiris.ch\/de\/produktpraesentation\/"},{"@type":"ListItem","position":3,"name":"AROMATHERAPIE","item":"https:\/\/bien-etreiris.ch\/de\/produktpraesentation\/aromatherapie\/"},{"@type":"ListItem","position":4,"name":"RAUMBEDUFTUNG","item":"https:\/\/bien-etreiris.ch\/de\/produktpraesentation\/aromatherapie\/raumbeduftung\/"},{"@type":"ListItem","position":5,"name":"WEIHRAUCHZERST\u00c4UBER"}]},{"@type":"WebSite","@id":"https:\/\/bien-etreiris.ch\/de\/#website","url":"https:\/\/bien-etreiris.ch\/de\/","name":"Bien-\u00eatre Iris","description":"IHRE Gesundheit ist uns wichtig","potentialAction":[{"@type":"SearchAction","target":{"@type":"EntryPoint","urlTemplate":"https:\/\/bien-etreiris.ch\/de\/?s={search_term_string}"},"query-input":{"@type":"PropertyValueSpecification","valueRequired":true,"valueName":"search_term_string"}}],"inLanguage":"de"}]}},"_links":{"self":[{"href":"https:\/\/bien-etreiris.ch\/de\/wp-json\/wp\/v2\/pages\/17944","targetHints":{"allow":["GET"]}}],"collection":[{"href":"https:\/\/bien-etreiris.ch\/de\/wp-json\/wp\/v2\/pages"}],"about":[{"href":"https:\/\/bien-etreiris.ch\/de\/wp-json\/wp\/v2\/types\/page"}],"author":[{"embeddable":true,"href":"https:\/\/bien-etreiris.ch\/de\/wp-json\/wp\/v2\/users\/1"}],"replies":[{"embeddable":true,"href":"https:\/\/bien-etreiris.ch\/de\/wp-json\/wp\/v2\/comments?post=17944"}],"version-history":[{"count":11,"href":"https:\/\/bien-etreiris.ch\/de\/wp-json\/wp\/v2\/pages\/17944\/revisions"}],"predecessor-version":[{"id":48783,"href":"https:\/\/bien-etreiris.ch\/de\/wp-json\/wp\/v2\/pages\/17944\/revisions\/48783"}],"up":[{"embeddable":true,"href":"https:\/\/bien-etreiris.ch\/de\/wp-json\/wp\/v2\/pages\/19409"}],"wp:featuredmedia":[{"embeddable":true,"href":"https:\/\/bien-etreiris.ch\/de\/wp-json\/wp\/v2\/media\/97730"}],"wp:attachment":[{"href":"https:\/\/bien-etreiris.ch\/de\/wp-json\/wp\/v2\/media?parent=17944"}],"curies":[{"name":"wp","href":"https:\/\/api.w.org\/{rel}","templated":true}]}}