{"id":17800,"date":"2019-05-18T09:01:46","date_gmt":"2019-05-18T09:01:46","guid":{"rendered":"https:\/\/bien-etreiris.ch\/diffuseurs\/"},"modified":"2021-06-02T10:10:45","modified_gmt":"2021-06-02T08:10:45","slug":"fuer-mein-auto","status":"publish","type":"page","link":"https:\/\/bien-etreiris.ch\/de\/produktpraesentation\/aromatherapie\/raumbeduftung\/fuer-mein-auto\/","title":{"rendered":"F\u00dcR MEIN AUTO"},"content":{"rendered":"\n<p><strong> <\/strong><\/p>\n\n\n\n<h2 class=\"wp-block-heading\">F\u00fcr mein Auto<\/h2>\n\n\n\n<div class=\"wp-block-media-text alignwide is-stacked-on-mobile\"><figure class=\"wp-block-media-text__media\"><img loading=\"lazy\" decoding=\"async\" width=\"648\" height=\"1024\" src=\"https:\/\/decoiris.ch\/wp-content\/uploads\/2019\/05\/Diffuseur-voiture-648x1024.jpg\" alt=\"\" class=\"wp-image-17698 size-full\" srcset=\"https:\/\/bien-etreiris.ch\/wp-content\/uploads\/2019\/05\/Diffuseur-voiture-648x1024.jpg 648w, https:\/\/bien-etreiris.ch\/wp-content\/uploads\/2019\/05\/Diffuseur-voiture-190x300.jpg 190w, https:\/\/bien-etreiris.ch\/wp-content\/uploads\/2019\/05\/Diffuseur-voiture-768x1213.jpg 768w\" sizes=\"auto, (max-width: 648px) 100vw, 648px\" \/><\/figure><div class=\"wp-block-media-text__content\">\n<p class=\"has-large-font-size\"><\/p>\n\n\n\n<p><strong>1 pi\u00e8ce 35,50 CHF<\/strong><\/p>\n\n\n\n<p>Pour une conduite concentr\u00e9e et attentive. Le dissolvant \u00e9limine les odeurs d\u00e9sagr\u00e9ables dans la voiture. Notre m\u00e9lange d'odeur aux huiles essentielles 100% naturelles garantit un bien-\u00eatre naturel dans la voiture.<\/p>\n<\/div><\/div>\n\n\n<p>Mode d\u2019emploi : Ajouter 5 \u00e0 10 gouttes de m\u00e9lange de parfum au feutre du cylindre \u00e0 parfum. Placez le cylindre n'importe o\u00f9 sur les volets d'a\u00e9ration de votre voiture.<br>Rechargez le m\u00e9lange de parfum lorsque le parfum s'estompe au bout d'un moment. Le feutre doit \u00eatre remplac\u00e9 apr\u00e8s environ 9 mois \u00e0 1 an. Les m\u00e9langes de feutre et de parfum de remplacement sont disponibles aupr\u00e8s de Bien-Iris. Le m\u00e9lange de parfums For My Car est compos\u00e9 d\u2019huiles essentielles 100% naturelles et pures. Plus d'informations peuvent \u00eatre trouv\u00e9es sur l'\u00e9tiquette de la bouteille.<\/p>\n<p>Contenu : cylindre et m\u00e9lange parfum\u00e9s Cascata di Limone 10ml<br>Cylindre \u00e0 parfum disponible en 4 couleurs<\/p>\n<p>M\u00e9lange de parfum 10 ml pour ma voiture :<br>Parfum: frais, clair, tonifiant, favorise la concentration Contient: citron *, pamplemousse *, bergamote *, etc., huiles essentielles 100% naturelles.<br>(* Qualit\u00e9 biologique)<\/p>\n<h3>&nbsp;<\/h3>\n<p>&nbsp;<\/p>\n\n\n<h2 class=\"wp-block-heading\"> <br><strong>Cylindre de parfum pour le remplacement<\/strong><\/h2>\n\n\n\n<p><strong>1 Pi\u00e8ce CHF 23.50<\/strong> <\/p>\n\n\n\n<div class=\"wp-block-media-text alignwide is-stacked-on-mobile\" style=\"grid-template-columns:100% auto\"><figure class=\"wp-block-media-text__media\"><img loading=\"lazy\" decoding=\"async\" width=\"800\" height=\"465\" src=\"https:\/\/decoiris.ch\/wp-content\/uploads\/2019\/05\/Diffuseur-voiture-divers-couleurs-4.png\" alt=\"\" class=\"wp-image-17747 size-full\" srcset=\"https:\/\/bien-etreiris.ch\/wp-content\/uploads\/2019\/05\/Diffuseur-voiture-divers-couleurs-4.png 800w, https:\/\/bien-etreiris.ch\/wp-content\/uploads\/2019\/05\/Diffuseur-voiture-divers-couleurs-4-300x174.png 300w, https:\/\/bien-etreiris.ch\/wp-content\/uploads\/2019\/05\/Diffuseur-voiture-divers-couleurs-4-768x446.png 768w\" sizes=\"auto, (max-width: 800px) 100vw, 800px\" \/><\/figure><div class=\"wp-block-media-text__content\">\n<p class=\"has-large-font-size\"><\/p>\n\n\n\n<p><\/p>\n<\/div><\/div>\n\n\n\n<h2 class=\"wp-block-heading\"> <br>Feutre de rechange (2 unit\u00e9s) <\/h2>\n\n\n\n<div class=\"wp-block-media-text alignwide is-stacked-on-mobile\"><figure class=\"wp-block-media-text__media\"><img loading=\"lazy\" decoding=\"async\" width=\"740\" height=\"336\" src=\"https:\/\/decoiris.ch\/wp-content\/uploads\/2019\/05\/Feutre-de-rechange-2-unit\u00e9s-1.jpg\" alt=\"\" class=\"wp-image-17755 size-full\" srcset=\"https:\/\/bien-etreiris.ch\/wp-content\/uploads\/2019\/05\/Feutre-de-rechange-2-unit\u00e9s-1.jpg 740w, https:\/\/bien-etreiris.ch\/wp-content\/uploads\/2019\/05\/Feutre-de-rechange-2-unit\u00e9s-1-300x136.jpg 300w\" sizes=\"auto, (max-width: 740px) 100vw, 740px\" \/><\/figure><div class=\"wp-block-media-text__content\">\n<p class=\"has-large-font-size\"><\/p>\n\n\n\n<p> Feutre de rechange (2 unit\u00e9s) <\/p>\n\n\n\n<p><strong>CHF 6.00<\/strong><\/p>\n<\/div><\/div>\n\n\n\n<h2 class=\"wp-block-heading\"> <br><strong>M\u00e9lange de parfums pour la voiture<\/strong> <\/h2>\n\n\n\n<div class=\"wp-block-media-text alignwide is-stacked-on-mobile\"><figure class=\"wp-block-media-text__media\"><img loading=\"lazy\" decoding=\"async\" width=\"800\" height=\"800\" src=\"https:\/\/decoiris.ch\/wp-content\/uploads\/2019\/05\/For-My-Car.png\" alt=\"\" class=\"wp-image-17740 size-full\" srcset=\"https:\/\/bien-etreiris.ch\/wp-content\/uploads\/2019\/05\/For-My-Car.png 800w, https:\/\/bien-etreiris.ch\/wp-content\/uploads\/2019\/05\/For-My-Car-150x150.png 150w, https:\/\/bien-etreiris.ch\/wp-content\/uploads\/2019\/05\/For-My-Car-300x300.png 300w, https:\/\/bien-etreiris.ch\/wp-content\/uploads\/2019\/05\/For-My-Car-768x768.png 768w\" sizes=\"auto, (max-width: 800px) 100vw, 800px\" \/><\/figure><div class=\"wp-block-media-text__content\">\n<p class=\"has-large-font-size\"><\/p>\n\n\n\n<p><strong>10 ml 16,50 CHF<\/strong><br>Un m\u00e9lange d\u2019huiles essentielles 100 % naturel<\/p>\n\n\n\n<p><strong>Parfum : <\/strong>frais, clair, tonifiant, favorise la concentration <\/p>\n\n\n\n<p><strong>Contient :<\/strong> citron *, pamplemousse *, bergamote *, etc., huiles essentielles 100% naturelles.<br> (* Qualit\u00e9 biologique)<\/p>\n\n\n\n<p><\/p>\n<\/div><\/div>\n\n\n\n<hr class=\"wp-block-separator\"\/>\n\n\n\n<p><\/p>\n","protected":false},"excerpt":{"rendered":"<p>F\u00fcr mein Auto 1 pi\u00e8ce 35,50 CHF Pour une conduite concentr\u00e9e et attentive. Le dissolvant \u00e9limine les odeurs d\u00e9sagr\u00e9ables dans la voiture. Notre m\u00e9lange d'odeur aux huiles essentielles 100% naturelles garantit un bien-\u00eatre naturel dans la voiture. Mode d\u2019emploi : Ajouter 5 \u00e0 10 gouttes de m\u00e9lange de parfum au feutre du cylindre \u00e0 parfum. Placez le cylindre n'importe o\u00f9&nbsp;<a href=\"https:\/\/bien-etreiris.ch\/de\/produktpraesentation\/aromatherapie\/raumbeduftung\/fuer-mein-auto\/\" class=\"read-more\">Weiter lesen<\/a><\/p>\n","protected":false},"author":1,"featured_media":17872,"parent":19409,"menu_order":7634,"comment_status":"closed","ping_status":"closed","template":"","meta":{"_acf_changed":false,"ngg_post_thumbnail":0,"footnotes":""},"class_list":["post-17800","page","type-page","status-publish","has-post-thumbnail","hentry"],"acf":[],"yoast_head":"<!-- This site is optimized with the Yoast SEO plugin v27.6 - https:\/\/yoast.com\/product\/yoast-seo-wordpress\/ -->\n<title>F\u00dcR MEIN AUTO - WOHLBEFINDEN<\/title>\n<meta name=\"robots\" content=\"index, follow, max-snippet:-1, max-image-preview:large, max-video-preview:-1\" \/>\n<link rel=\"canonical\" href=\"https:\/\/bien-etreiris.ch\/de\/produktpraesentation\/aromatherapie\/raumbeduftung\/fuer-mein-auto\/\" \/>\n<meta property=\"og:locale\" content=\"de_DE\" \/>\n<meta property=\"og:type\" content=\"article\" \/>\n<meta property=\"og:title\" content=\"F\u00dcR MEIN AUTO - WOHLBEFINDEN\" \/>\n<meta property=\"og:description\" content=\"F\u00fcr mein Auto 1 pi\u00e8ce 35,50 CHF Pour une conduite concentr\u00e9e et attentive. Le dissolvant \u00e9limine les odeurs d\u00e9sagr\u00e9ables dans la voiture. Notre m\u00e9lange d&#039;odeur aux huiles essentielles 100% naturelles garantit un bien-\u00eatre naturel dans la voiture. Mode d\u2019emploi : Ajouter 5 \u00e0 10 gouttes de m\u00e9lange de parfum au feutre du cylindre \u00e0 parfum. Placez le cylindre n&#039;importe o\u00f9&nbsp;Weiter lesen\" \/>\n<meta property=\"og:url\" content=\"https:\/\/bien-etreiris.ch\/de\/produktpraesentation\/aromatherapie\/raumbeduftung\/fuer-mein-auto\/\" \/>\n<meta property=\"og:site_name\" content=\"WOHLBEFINDEN\" \/>\n<meta property=\"article:publisher\" content=\"https:\/\/www.facebook.com\/bienetreiris\/\" \/>\n<meta property=\"article:modified_time\" content=\"2021-06-02T08:10:45+00:00\" \/>\n<meta property=\"og:image\" content=\"https:\/\/bien-etreiris.ch\/wp-content\/uploads\/2019\/05\/Pour-ma-voiture.png\" \/>\n\t<meta property=\"og:image:width\" content=\"450\" \/>\n\t<meta property=\"og:image:height\" content=\"389\" \/>\n\t<meta property=\"og:image:type\" content=\"image\/png\" \/>\n<meta name=\"twitter:label1\" content=\"Gesch\u00e4tzte Lesezeit\" \/>\n\t<meta name=\"twitter:data1\" content=\"2\u00a0Minuten\" \/>\n<script type=\"application\/ld+json\" class=\"yoast-schema-graph\">{\"@context\":\"https:\\\/\\\/schema.org\",\"@graph\":[{\"@type\":\"WebPage\",\"@id\":\"https:\\\/\\\/bien-etreiris.ch\\\/de\\\/produktpraesentation\\\/aromatherapie\\\/raumbeduftung\\\/fuer-mein-auto\\\/\",\"url\":\"https:\\\/\\\/bien-etreiris.ch\\\/de\\\/produktpraesentation\\\/aromatherapie\\\/raumbeduftung\\\/fuer-mein-auto\\\/\",\"name\":\"F\u00dcR MEIN AUTO - WOHLBEFINDEN\",\"isPartOf\":{\"@id\":\"https:\\\/\\\/bien-etreiris.ch\\\/de\\\/#website\"},\"primaryImageOfPage\":{\"@id\":\"https:\\\/\\\/bien-etreiris.ch\\\/de\\\/produktpraesentation\\\/aromatherapie\\\/raumbeduftung\\\/fuer-mein-auto\\\/#primaryimage\"},\"image\":{\"@id\":\"https:\\\/\\\/bien-etreiris.ch\\\/de\\\/produktpraesentation\\\/aromatherapie\\\/raumbeduftung\\\/fuer-mein-auto\\\/#primaryimage\"},\"thumbnailUrl\":\"https:\\\/\\\/bien-etreiris.ch\\\/wp-content\\\/uploads\\\/2019\\\/05\\\/Pour-ma-voiture.png\",\"datePublished\":\"2019-05-18T09:01:46+00:00\",\"dateModified\":\"2021-06-02T08:10:45+00:00\",\"breadcrumb\":{\"@id\":\"https:\\\/\\\/bien-etreiris.ch\\\/de\\\/produktpraesentation\\\/aromatherapie\\\/raumbeduftung\\\/fuer-mein-auto\\\/#breadcrumb\"},\"inLanguage\":\"de\",\"potentialAction\":[{\"@type\":\"ReadAction\",\"target\":[\"https:\\\/\\\/bien-etreiris.ch\\\/de\\\/produktpraesentation\\\/aromatherapie\\\/raumbeduftung\\\/fuer-mein-auto\\\/\"]}]},{\"@type\":\"ImageObject\",\"inLanguage\":\"de\",\"@id\":\"https:\\\/\\\/bien-etreiris.ch\\\/de\\\/produktpraesentation\\\/aromatherapie\\\/raumbeduftung\\\/fuer-mein-auto\\\/#primaryimage\",\"url\":\"https:\\\/\\\/bien-etreiris.ch\\\/wp-content\\\/uploads\\\/2019\\\/05\\\/Pour-ma-voiture.png\",\"contentUrl\":\"https:\\\/\\\/bien-etreiris.ch\\\/wp-content\\\/uploads\\\/2019\\\/05\\\/Pour-ma-voiture.png\",\"width\":450,\"height\":389},{\"@type\":\"BreadcrumbList\",\"@id\":\"https:\\\/\\\/bien-etreiris.ch\\\/de\\\/produktpraesentation\\\/aromatherapie\\\/raumbeduftung\\\/fuer-mein-auto\\\/#breadcrumb\",\"itemListElement\":[{\"@type\":\"ListItem\",\"position\":1,\"name\":\"Home\",\"item\":\"https:\\\/\\\/bien-etreiris.ch\\\/de\\\/\"},{\"@type\":\"ListItem\",\"position\":2,\"name\":\"PRODUKTPR\u00c4SENTATION\",\"item\":\"https:\\\/\\\/bien-etreiris.ch\\\/de\\\/produktpraesentation\\\/\"},{\"@type\":\"ListItem\",\"position\":3,\"name\":\"AROMATHERAPIE\",\"item\":\"https:\\\/\\\/bien-etreiris.ch\\\/de\\\/produktpraesentation\\\/aromatherapie\\\/\"},{\"@type\":\"ListItem\",\"position\":4,\"name\":\"RAUMBEDUFTUNG\",\"item\":\"https:\\\/\\\/bien-etreiris.ch\\\/de\\\/produktpraesentation\\\/aromatherapie\\\/raumbeduftung\\\/\"},{\"@type\":\"ListItem\",\"position\":5,\"name\":\"F\u00dcR MEIN AUTO\"}]},{\"@type\":\"WebSite\",\"@id\":\"https:\\\/\\\/bien-etreiris.ch\\\/de\\\/#website\",\"url\":\"https:\\\/\\\/bien-etreiris.ch\\\/de\\\/\",\"name\":\"Bien-\u00eatre Iris\",\"description\":\"IHRE Gesundheit ist uns wichtig\",\"potentialAction\":[{\"@type\":\"SearchAction\",\"target\":{\"@type\":\"EntryPoint\",\"urlTemplate\":\"https:\\\/\\\/bien-etreiris.ch\\\/de\\\/?s={search_term_string}\"},\"query-input\":{\"@type\":\"PropertyValueSpecification\",\"valueRequired\":true,\"valueName\":\"search_term_string\"}}],\"inLanguage\":\"de\"}]}<\/script>\n<!-- \/ Yoast SEO plugin. -->","yoast_head_json":{"title":"F\u00dcR MEIN AUTO - WOHLBEFINDEN","robots":{"index":"index","follow":"follow","max-snippet":"max-snippet:-1","max-image-preview":"max-image-preview:large","max-video-preview":"max-video-preview:-1"},"canonical":"https:\/\/bien-etreiris.ch\/de\/produktpraesentation\/aromatherapie\/raumbeduftung\/fuer-mein-auto\/","og_locale":"de_DE","og_type":"article","og_title":"F\u00dcR MEIN AUTO - WOHLBEFINDEN","og_description":"F\u00fcr mein Auto 1 pi\u00e8ce 35,50 CHF Pour une conduite concentr\u00e9e et attentive. Le dissolvant \u00e9limine les odeurs d\u00e9sagr\u00e9ables dans la voiture. Notre m\u00e9lange d'odeur aux huiles essentielles 100% naturelles garantit un bien-\u00eatre naturel dans la voiture. Mode d\u2019emploi : Ajouter 5 \u00e0 10 gouttes de m\u00e9lange de parfum au feutre du cylindre \u00e0 parfum. Placez le cylindre n'importe o\u00f9&nbsp;Weiter lesen","og_url":"https:\/\/bien-etreiris.ch\/de\/produktpraesentation\/aromatherapie\/raumbeduftung\/fuer-mein-auto\/","og_site_name":"WOHLBEFINDEN","article_publisher":"https:\/\/www.facebook.com\/bienetreiris\/","article_modified_time":"2021-06-02T08:10:45+00:00","og_image":[{"width":450,"height":389,"url":"https:\/\/bien-etreiris.ch\/wp-content\/uploads\/2019\/05\/Pour-ma-voiture.png","type":"image\/png"}],"twitter_misc":{"Gesch\u00e4tzte Lesezeit":"2\u00a0Minuten"},"schema":{"@context":"https:\/\/schema.org","@graph":[{"@type":"WebPage","@id":"https:\/\/bien-etreiris.ch\/de\/produktpraesentation\/aromatherapie\/raumbeduftung\/fuer-mein-auto\/","url":"https:\/\/bien-etreiris.ch\/de\/produktpraesentation\/aromatherapie\/raumbeduftung\/fuer-mein-auto\/","name":"F\u00dcR MEIN AUTO - WOHLBEFINDEN","isPartOf":{"@id":"https:\/\/bien-etreiris.ch\/de\/#website"},"primaryImageOfPage":{"@id":"https:\/\/bien-etreiris.ch\/de\/produktpraesentation\/aromatherapie\/raumbeduftung\/fuer-mein-auto\/#primaryimage"},"image":{"@id":"https:\/\/bien-etreiris.ch\/de\/produktpraesentation\/aromatherapie\/raumbeduftung\/fuer-mein-auto\/#primaryimage"},"thumbnailUrl":"https:\/\/bien-etreiris.ch\/wp-content\/uploads\/2019\/05\/Pour-ma-voiture.png","datePublished":"2019-05-18T09:01:46+00:00","dateModified":"2021-06-02T08:10:45+00:00","breadcrumb":{"@id":"https:\/\/bien-etreiris.ch\/de\/produktpraesentation\/aromatherapie\/raumbeduftung\/fuer-mein-auto\/#breadcrumb"},"inLanguage":"de","potentialAction":[{"@type":"ReadAction","target":["https:\/\/bien-etreiris.ch\/de\/produktpraesentation\/aromatherapie\/raumbeduftung\/fuer-mein-auto\/"]}]},{"@type":"ImageObject","inLanguage":"de","@id":"https:\/\/bien-etreiris.ch\/de\/produktpraesentation\/aromatherapie\/raumbeduftung\/fuer-mein-auto\/#primaryimage","url":"https:\/\/bien-etreiris.ch\/wp-content\/uploads\/2019\/05\/Pour-ma-voiture.png","contentUrl":"https:\/\/bien-etreiris.ch\/wp-content\/uploads\/2019\/05\/Pour-ma-voiture.png","width":450,"height":389},{"@type":"BreadcrumbList","@id":"https:\/\/bien-etreiris.ch\/de\/produktpraesentation\/aromatherapie\/raumbeduftung\/fuer-mein-auto\/#breadcrumb","itemListElement":[{"@type":"ListItem","position":1,"name":"Home","item":"https:\/\/bien-etreiris.ch\/de\/"},{"@type":"ListItem","position":2,"name":"PRODUKTPR\u00c4SENTATION","item":"https:\/\/bien-etreiris.ch\/de\/produktpraesentation\/"},{"@type":"ListItem","position":3,"name":"AROMATHERAPIE","item":"https:\/\/bien-etreiris.ch\/de\/produktpraesentation\/aromatherapie\/"},{"@type":"ListItem","position":4,"name":"RAUMBEDUFTUNG","item":"https:\/\/bien-etreiris.ch\/de\/produktpraesentation\/aromatherapie\/raumbeduftung\/"},{"@type":"ListItem","position":5,"name":"F\u00dcR MEIN AUTO"}]},{"@type":"WebSite","@id":"https:\/\/bien-etreiris.ch\/de\/#website","url":"https:\/\/bien-etreiris.ch\/de\/","name":"Bien-\u00eatre Iris","description":"IHRE Gesundheit ist uns wichtig","potentialAction":[{"@type":"SearchAction","target":{"@type":"EntryPoint","urlTemplate":"https:\/\/bien-etreiris.ch\/de\/?s={search_term_string}"},"query-input":{"@type":"PropertyValueSpecification","valueRequired":true,"valueName":"search_term_string"}}],"inLanguage":"de"}]}},"_links":{"self":[{"href":"https:\/\/bien-etreiris.ch\/de\/wp-json\/wp\/v2\/pages\/17800","targetHints":{"allow":["GET"]}}],"collection":[{"href":"https:\/\/bien-etreiris.ch\/de\/wp-json\/wp\/v2\/pages"}],"about":[{"href":"https:\/\/bien-etreiris.ch\/de\/wp-json\/wp\/v2\/types\/page"}],"author":[{"embeddable":true,"href":"https:\/\/bien-etreiris.ch\/de\/wp-json\/wp\/v2\/users\/1"}],"replies":[{"embeddable":true,"href":"https:\/\/bien-etreiris.ch\/de\/wp-json\/wp\/v2\/comments?post=17800"}],"version-history":[{"count":4,"href":"https:\/\/bien-etreiris.ch\/de\/wp-json\/wp\/v2\/pages\/17800\/revisions"}],"predecessor-version":[{"id":48788,"href":"https:\/\/bien-etreiris.ch\/de\/wp-json\/wp\/v2\/pages\/17800\/revisions\/48788"}],"up":[{"embeddable":true,"href":"https:\/\/bien-etreiris.ch\/de\/wp-json\/wp\/v2\/pages\/19409"}],"wp:featuredmedia":[{"embeddable":true,"href":"https:\/\/bien-etreiris.ch\/de\/wp-json\/wp\/v2\/media\/17872"}],"wp:attachment":[{"href":"https:\/\/bien-etreiris.ch\/de\/wp-json\/wp\/v2\/media?parent=17800"}],"curies":[{"name":"wp","href":"https:\/\/api.w.org\/{rel}","templated":true}]}}