{"id":16593,"date":"2019-04-20T16:49:52","date_gmt":"2019-04-20T16:49:52","guid":{"rendered":"https:\/\/bien-etreiris.ch\/wohlbefinden\/ayurvedic\/coussin-pour-les-yeux\/"},"modified":"2021-04-28T23:25:49","modified_gmt":"2021-04-28T21:25:49","slug":"augenkissen","status":"publish","type":"page","link":"https:\/\/bien-etreiris.ch\/de\/produktpraesentation\/entspannen\/wohlfuhlkissen\/verschiedene-formen\/augenkissen\/","title":{"rendered":"AUGENKISSEN"},"content":{"rendered":"<p><strong><span class=\"irc_su\" dir=\"ltr\">Coussinet en pur soie pour les yeux<\/span><\/strong><\/p>\n<p><span class=\"tlid-translation translation\" lang=\"fr\"><span class=\"\" title=\"\">Relaxent, calment, harmonisent - id\u00e9al pour les longs trajets et pour oublier le stress de la vie quotidienne.<\/span> <span class=\"\" title=\"\">Peut \u00eatre utile pour soulager la tension dans les yeux et les sinus et pour d\u00e9tendre les yeux apr\u00e8s une longue p\u00e9riode de travail \u00e0 l'ordinateur.<\/span> <span class=\"\" title=\"\">D\u00e9tendez-vous dans l'agitation de la vie quotidienne \u00e0 travers les effets de graines de s\u00e9same noires, graines de moutarde, graines de lin, fleurs de lavande, fleurs de camomille, fleurs de jasmin, fenugrec, noix de muscade, coriandre, encens.<\/span><\/span><\/p>\n<p>Couleur: bleu<\/p>\n<p>1 pi\u00e8ce prix de vente <strong>CHF 30.00<\/strong><\/p>\n<p>&nbsp;<\/p>\n<p><span style=\"color: #6fe36f;\"><a style=\"color: #6fe36f;\" href=\"https:\/\/decoiris.ch\/de\/wohlbefinden\/gesundheitskissen\/relaxantes\/\"><span class=\"tlid-translation translation\" lang=\"fr\"><span class=\"\" title=\"\"><span style=\"color: #6fe36f;\"><strong><span style=\"font-size: 14pt;\">dans la cat\u00e9gorie relaxantes, nous pr\u00e9sentons notre propre marque de \"coussinet des yeux\"<\/span><\/strong><\/span><\/span><\/span><\/a><\/span><\/p>\n<p>&nbsp;<\/p>\n<p><span style=\"font-size: 14pt;\"><strong>Cette produit pr\u00e9sent\u00e9 est disponibles dans notre boutique \u00e0 Neyruz<\/strong><\/span><\/p>\n","protected":false},"excerpt":{"rendered":"<p>Coussinet en pur soie pour les yeux Relaxent, calment, harmonisent - id\u00e9al pour les longs trajets et pour oublier le stress de la vie quotidienne. Peut \u00eatre utile pour soulager la tension dans les yeux et les sinus et pour d\u00e9tendre les yeux apr\u00e8s une longue p\u00e9riode de travail \u00e0 l'ordinateur. D\u00e9tendez-vous dans l'agitation de la vie quotidienne \u00e0 travers&nbsp;<a href=\"https:\/\/bien-etreiris.ch\/de\/produktpraesentation\/entspannen\/wohlfuhlkissen\/verschiedene-formen\/augenkissen\/\" class=\"read-more\">Weiter lesen<\/a><\/p>\n","protected":false},"author":1,"featured_media":43282,"parent":16604,"menu_order":7655,"comment_status":"closed","ping_status":"closed","template":"page-with-child.php","meta":{"_acf_changed":false,"ngg_post_thumbnail":0,"footnotes":""},"class_list":["post-16593","page","type-page","status-publish","has-post-thumbnail","hentry"],"acf":[],"yoast_head":"<!-- This site is optimized with the Yoast SEO plugin v27.5 - https:\/\/yoast.com\/product\/yoast-seo-wordpress\/ -->\n<title>AUGENKISSEN - WOHLBEFINDEN<\/title>\n<meta name=\"robots\" content=\"index, follow, max-snippet:-1, max-image-preview:large, max-video-preview:-1\" \/>\n<link rel=\"canonical\" href=\"https:\/\/bien-etreiris.ch\/de\/produktpraesentation\/entspannen\/wohlfuhlkissen\/verschiedene-formen\/augenkissen\/\" \/>\n<meta property=\"og:locale\" content=\"de_DE\" \/>\n<meta property=\"og:type\" content=\"article\" \/>\n<meta property=\"og:title\" content=\"AUGENKISSEN - WOHLBEFINDEN\" \/>\n<meta property=\"og:description\" content=\"Coussinet en pur soie pour les yeux Relaxent, calment, harmonisent - id\u00e9al pour les longs trajets et pour oublier le stress de la vie quotidienne. Peut \u00eatre utile pour soulager la tension dans les yeux et les sinus et pour d\u00e9tendre les yeux apr\u00e8s une longue p\u00e9riode de travail \u00e0 l&#039;ordinateur. D\u00e9tendez-vous dans l&#039;agitation de la vie quotidienne \u00e0 travers&nbsp;Weiter lesen\" \/>\n<meta property=\"og:url\" content=\"https:\/\/bien-etreiris.ch\/de\/produktpraesentation\/entspannen\/wohlfuhlkissen\/verschiedene-formen\/augenkissen\/\" \/>\n<meta property=\"og:site_name\" content=\"WOHLBEFINDEN\" \/>\n<meta property=\"article:publisher\" content=\"https:\/\/www.facebook.com\/bienetreiris\/\" \/>\n<meta property=\"article:modified_time\" content=\"2021-04-28T21:25:49+00:00\" \/>\n<meta property=\"og:image\" content=\"https:\/\/bien-etreiris.ch\/wp-content\/uploads\/2019\/04\/coussin-pour-les-yeux.jpg\" \/>\n\t<meta property=\"og:image:width\" content=\"500\" \/>\n\t<meta property=\"og:image:height\" content=\"308\" \/>\n\t<meta property=\"og:image:type\" content=\"image\/jpeg\" \/>\n<meta name=\"twitter:label1\" content=\"Gesch\u00e4tzte Lesezeit\" \/>\n\t<meta name=\"twitter:data1\" content=\"1\u00a0Minute\" \/>\n<script type=\"application\/ld+json\" class=\"yoast-schema-graph\">{\"@context\":\"https:\\\/\\\/schema.org\",\"@graph\":[{\"@type\":\"WebPage\",\"@id\":\"https:\\\/\\\/bien-etreiris.ch\\\/de\\\/produktpraesentation\\\/entspannen\\\/wohlfuhlkissen\\\/verschiedene-formen\\\/augenkissen\\\/\",\"url\":\"https:\\\/\\\/bien-etreiris.ch\\\/de\\\/produktpraesentation\\\/entspannen\\\/wohlfuhlkissen\\\/verschiedene-formen\\\/augenkissen\\\/\",\"name\":\"AUGENKISSEN - WOHLBEFINDEN\",\"isPartOf\":{\"@id\":\"https:\\\/\\\/bien-etreiris.ch\\\/de\\\/#website\"},\"primaryImageOfPage\":{\"@id\":\"https:\\\/\\\/bien-etreiris.ch\\\/de\\\/produktpraesentation\\\/entspannen\\\/wohlfuhlkissen\\\/verschiedene-formen\\\/augenkissen\\\/#primaryimage\"},\"image\":{\"@id\":\"https:\\\/\\\/bien-etreiris.ch\\\/de\\\/produktpraesentation\\\/entspannen\\\/wohlfuhlkissen\\\/verschiedene-formen\\\/augenkissen\\\/#primaryimage\"},\"thumbnailUrl\":\"https:\\\/\\\/bien-etreiris.ch\\\/wp-content\\\/uploads\\\/2019\\\/04\\\/coussin-pour-les-yeux.jpg\",\"datePublished\":\"2019-04-20T16:49:52+00:00\",\"dateModified\":\"2021-04-28T21:25:49+00:00\",\"breadcrumb\":{\"@id\":\"https:\\\/\\\/bien-etreiris.ch\\\/de\\\/produktpraesentation\\\/entspannen\\\/wohlfuhlkissen\\\/verschiedene-formen\\\/augenkissen\\\/#breadcrumb\"},\"inLanguage\":\"de\",\"potentialAction\":[{\"@type\":\"ReadAction\",\"target\":[\"https:\\\/\\\/bien-etreiris.ch\\\/de\\\/produktpraesentation\\\/entspannen\\\/wohlfuhlkissen\\\/verschiedene-formen\\\/augenkissen\\\/\"]}]},{\"@type\":\"ImageObject\",\"inLanguage\":\"de\",\"@id\":\"https:\\\/\\\/bien-etreiris.ch\\\/de\\\/produktpraesentation\\\/entspannen\\\/wohlfuhlkissen\\\/verschiedene-formen\\\/augenkissen\\\/#primaryimage\",\"url\":\"https:\\\/\\\/bien-etreiris.ch\\\/wp-content\\\/uploads\\\/2019\\\/04\\\/coussin-pour-les-yeux.jpg\",\"contentUrl\":\"https:\\\/\\\/bien-etreiris.ch\\\/wp-content\\\/uploads\\\/2019\\\/04\\\/coussin-pour-les-yeux.jpg\",\"width\":500,\"height\":308},{\"@type\":\"BreadcrumbList\",\"@id\":\"https:\\\/\\\/bien-etreiris.ch\\\/de\\\/produktpraesentation\\\/entspannen\\\/wohlfuhlkissen\\\/verschiedene-formen\\\/augenkissen\\\/#breadcrumb\",\"itemListElement\":[{\"@type\":\"ListItem\",\"position\":1,\"name\":\"Home\",\"item\":\"https:\\\/\\\/bien-etreiris.ch\\\/de\\\/\"},{\"@type\":\"ListItem\",\"position\":2,\"name\":\"PRODUKTPR\u00c4SENTATION\",\"item\":\"https:\\\/\\\/bien-etreiris.ch\\\/de\\\/produktpraesentation\\\/\"},{\"@type\":\"ListItem\",\"position\":3,\"name\":\"ENTSPANNEND\",\"item\":\"https:\\\/\\\/bien-etreiris.ch\\\/de\\\/produktpraesentation\\\/entspannen\\\/\"},{\"@type\":\"ListItem\",\"position\":4,\"name\":\"WOHLF\u00dcHLKISSEN\",\"item\":\"https:\\\/\\\/bien-etreiris.ch\\\/de\\\/produktpraesentation\\\/entspannen\\\/wohlfuhlkissen\\\/\"},{\"@type\":\"ListItem\",\"position\":5,\"name\":\"VERSCHIEDENE FORMEN\",\"item\":\"https:\\\/\\\/bien-etreiris.ch\\\/de\\\/produktpraesentation\\\/entspannen\\\/wohlfuhlkissen\\\/verschiedene-formen\\\/\"},{\"@type\":\"ListItem\",\"position\":6,\"name\":\"AUGENKISSEN\"}]},{\"@type\":\"WebSite\",\"@id\":\"https:\\\/\\\/bien-etreiris.ch\\\/de\\\/#website\",\"url\":\"https:\\\/\\\/bien-etreiris.ch\\\/de\\\/\",\"name\":\"Bien-\u00eatre Iris\",\"description\":\"IHRE Gesundheit ist uns wichtig\",\"potentialAction\":[{\"@type\":\"SearchAction\",\"target\":{\"@type\":\"EntryPoint\",\"urlTemplate\":\"https:\\\/\\\/bien-etreiris.ch\\\/de\\\/?s={search_term_string}\"},\"query-input\":{\"@type\":\"PropertyValueSpecification\",\"valueRequired\":true,\"valueName\":\"search_term_string\"}}],\"inLanguage\":\"de\"}]}<\/script>\n<!-- \/ Yoast SEO plugin. -->","yoast_head_json":{"title":"AUGENKISSEN - WOHLBEFINDEN","robots":{"index":"index","follow":"follow","max-snippet":"max-snippet:-1","max-image-preview":"max-image-preview:large","max-video-preview":"max-video-preview:-1"},"canonical":"https:\/\/bien-etreiris.ch\/de\/produktpraesentation\/entspannen\/wohlfuhlkissen\/verschiedene-formen\/augenkissen\/","og_locale":"de_DE","og_type":"article","og_title":"AUGENKISSEN - WOHLBEFINDEN","og_description":"Coussinet en pur soie pour les yeux Relaxent, calment, harmonisent - id\u00e9al pour les longs trajets et pour oublier le stress de la vie quotidienne. Peut \u00eatre utile pour soulager la tension dans les yeux et les sinus et pour d\u00e9tendre les yeux apr\u00e8s une longue p\u00e9riode de travail \u00e0 l'ordinateur. D\u00e9tendez-vous dans l'agitation de la vie quotidienne \u00e0 travers&nbsp;Weiter lesen","og_url":"https:\/\/bien-etreiris.ch\/de\/produktpraesentation\/entspannen\/wohlfuhlkissen\/verschiedene-formen\/augenkissen\/","og_site_name":"WOHLBEFINDEN","article_publisher":"https:\/\/www.facebook.com\/bienetreiris\/","article_modified_time":"2021-04-28T21:25:49+00:00","og_image":[{"width":500,"height":308,"url":"https:\/\/bien-etreiris.ch\/wp-content\/uploads\/2019\/04\/coussin-pour-les-yeux.jpg","type":"image\/jpeg"}],"twitter_misc":{"Gesch\u00e4tzte Lesezeit":"1\u00a0Minute"},"schema":{"@context":"https:\/\/schema.org","@graph":[{"@type":"WebPage","@id":"https:\/\/bien-etreiris.ch\/de\/produktpraesentation\/entspannen\/wohlfuhlkissen\/verschiedene-formen\/augenkissen\/","url":"https:\/\/bien-etreiris.ch\/de\/produktpraesentation\/entspannen\/wohlfuhlkissen\/verschiedene-formen\/augenkissen\/","name":"AUGENKISSEN - WOHLBEFINDEN","isPartOf":{"@id":"https:\/\/bien-etreiris.ch\/de\/#website"},"primaryImageOfPage":{"@id":"https:\/\/bien-etreiris.ch\/de\/produktpraesentation\/entspannen\/wohlfuhlkissen\/verschiedene-formen\/augenkissen\/#primaryimage"},"image":{"@id":"https:\/\/bien-etreiris.ch\/de\/produktpraesentation\/entspannen\/wohlfuhlkissen\/verschiedene-formen\/augenkissen\/#primaryimage"},"thumbnailUrl":"https:\/\/bien-etreiris.ch\/wp-content\/uploads\/2019\/04\/coussin-pour-les-yeux.jpg","datePublished":"2019-04-20T16:49:52+00:00","dateModified":"2021-04-28T21:25:49+00:00","breadcrumb":{"@id":"https:\/\/bien-etreiris.ch\/de\/produktpraesentation\/entspannen\/wohlfuhlkissen\/verschiedene-formen\/augenkissen\/#breadcrumb"},"inLanguage":"de","potentialAction":[{"@type":"ReadAction","target":["https:\/\/bien-etreiris.ch\/de\/produktpraesentation\/entspannen\/wohlfuhlkissen\/verschiedene-formen\/augenkissen\/"]}]},{"@type":"ImageObject","inLanguage":"de","@id":"https:\/\/bien-etreiris.ch\/de\/produktpraesentation\/entspannen\/wohlfuhlkissen\/verschiedene-formen\/augenkissen\/#primaryimage","url":"https:\/\/bien-etreiris.ch\/wp-content\/uploads\/2019\/04\/coussin-pour-les-yeux.jpg","contentUrl":"https:\/\/bien-etreiris.ch\/wp-content\/uploads\/2019\/04\/coussin-pour-les-yeux.jpg","width":500,"height":308},{"@type":"BreadcrumbList","@id":"https:\/\/bien-etreiris.ch\/de\/produktpraesentation\/entspannen\/wohlfuhlkissen\/verschiedene-formen\/augenkissen\/#breadcrumb","itemListElement":[{"@type":"ListItem","position":1,"name":"Home","item":"https:\/\/bien-etreiris.ch\/de\/"},{"@type":"ListItem","position":2,"name":"PRODUKTPR\u00c4SENTATION","item":"https:\/\/bien-etreiris.ch\/de\/produktpraesentation\/"},{"@type":"ListItem","position":3,"name":"ENTSPANNEND","item":"https:\/\/bien-etreiris.ch\/de\/produktpraesentation\/entspannen\/"},{"@type":"ListItem","position":4,"name":"WOHLF\u00dcHLKISSEN","item":"https:\/\/bien-etreiris.ch\/de\/produktpraesentation\/entspannen\/wohlfuhlkissen\/"},{"@type":"ListItem","position":5,"name":"VERSCHIEDENE FORMEN","item":"https:\/\/bien-etreiris.ch\/de\/produktpraesentation\/entspannen\/wohlfuhlkissen\/verschiedene-formen\/"},{"@type":"ListItem","position":6,"name":"AUGENKISSEN"}]},{"@type":"WebSite","@id":"https:\/\/bien-etreiris.ch\/de\/#website","url":"https:\/\/bien-etreiris.ch\/de\/","name":"Bien-\u00eatre Iris","description":"IHRE Gesundheit ist uns wichtig","potentialAction":[{"@type":"SearchAction","target":{"@type":"EntryPoint","urlTemplate":"https:\/\/bien-etreiris.ch\/de\/?s={search_term_string}"},"query-input":{"@type":"PropertyValueSpecification","valueRequired":true,"valueName":"search_term_string"}}],"inLanguage":"de"}]}},"_links":{"self":[{"href":"https:\/\/bien-etreiris.ch\/de\/wp-json\/wp\/v2\/pages\/16593","targetHints":{"allow":["GET"]}}],"collection":[{"href":"https:\/\/bien-etreiris.ch\/de\/wp-json\/wp\/v2\/pages"}],"about":[{"href":"https:\/\/bien-etreiris.ch\/de\/wp-json\/wp\/v2\/types\/page"}],"author":[{"embeddable":true,"href":"https:\/\/bien-etreiris.ch\/de\/wp-json\/wp\/v2\/users\/1"}],"replies":[{"embeddable":true,"href":"https:\/\/bien-etreiris.ch\/de\/wp-json\/wp\/v2\/comments?post=16593"}],"version-history":[{"count":4,"href":"https:\/\/bien-etreiris.ch\/de\/wp-json\/wp\/v2\/pages\/16593\/revisions"}],"predecessor-version":[{"id":16870,"href":"https:\/\/bien-etreiris.ch\/de\/wp-json\/wp\/v2\/pages\/16593\/revisions\/16870"}],"up":[{"embeddable":true,"href":"https:\/\/bien-etreiris.ch\/de\/wp-json\/wp\/v2\/pages\/16604"}],"wp:featuredmedia":[{"embeddable":true,"href":"https:\/\/bien-etreiris.ch\/de\/wp-json\/wp\/v2\/media\/43282"}],"wp:attachment":[{"href":"https:\/\/bien-etreiris.ch\/de\/wp-json\/wp\/v2\/media?parent=16593"}],"curies":[{"name":"wp","href":"https:\/\/api.w.org\/{rel}","templated":true}]}}