{"id":16557,"date":"2019-04-20T16:09:50","date_gmt":"2019-04-20T16:09:50","guid":{"rendered":"https:\/\/bien-etreiris.ch\/wohlbefinden\/ayurvedic\/oreiller-cou\/"},"modified":"2019-04-20T18:31:32","modified_gmt":"2019-04-20T18:31:32","slug":"coussin-de-nuque","status":"publish","type":"page","link":"https:\/\/bien-etreiris.ch\/de\/produktpraesentation\/entspannen\/wohlfuhlkissen\/verschiedene-formen\/coussin-de-nuque\/","title":{"rendered":"NACKENKISSEN"},"content":{"rendered":"<p><strong>SAMDAYA - Coussin de nuque<br \/>\n<\/strong><\/p>\n<p>Samadaya la housse du coussin \u00e0 une fermeture Velcro robuste aux extr\u00e9mit\u00e9s;<\/p>\n<p>La fermeture est fix\u00e9e de mani\u00e8re \u00e0 ce que l'oreiller cervical puisse se d\u00e9placer sur le corps, mais ne s'ouvre que lorsqu'il est soumis \u00e0 de lourdes charges.<\/p>\n<p>Gr\u00e2ce \u00e0 leur rembourrage adaptable, les coussins de cou Samdaya sont particuli\u00e8rement <a href=\"https:\/\/decoiris.ch\/wp-content\/uploads\/2019\/04\/Coussin-cou.png\"><img loading=\"lazy\" decoding=\"async\" class=\"size-medium wp-image-16559 alignright\" src=\"https:\/\/decoiris.ch\/wp-content\/uploads\/2019\/04\/Coussin-cou-300x300.png\" alt=\"\" width=\"300\" height=\"300\" srcset=\"https:\/\/bien-etreiris.ch\/wp-content\/uploads\/2019\/04\/Coussin-cou-300x300.png 300w, https:\/\/bien-etreiris.ch\/wp-content\/uploads\/2019\/04\/Coussin-cou-150x150.png 150w, https:\/\/bien-etreiris.ch\/wp-content\/uploads\/2019\/04\/Coussin-cou.png 400w\" sizes=\"auto, (max-width: 300px) 100vw, 300px\" \/><\/a>bien adapt\u00e9s \u00e0 une utilisation pendant le sommeil. Dans l'avion, ils gardent \u00e9galement la zone sensible du cou au chaud. Le rembourrage de millet <span class=\"tlid-translation translation\" lang=\"fr\"><span class=\"\" title=\"\">avec une remplissage \u00e0 base de plantes ayurv\u00e9dique, qui<\/span><\/span> peut facilement \u00eatre remplac\u00e9e, r\u00e9duite ou compl\u00e9t\u00e9e et le coussin peut \u00eatre ajust\u00e9 \u00e0 vos besoins.<\/p>\n<p>Couleur: argent ou bleu<\/p>\n<p>Housse: 100 % soie<\/p>\n<p>1 pi\u00e8ce prix de vente <strong>CHF 70.00<\/strong><\/p>\n<p>&nbsp;<\/p>\n<p><span style=\"font-size: 14pt;\"><strong><span style=\"color: #47d653;\"><a style=\"color: #47d653;\" href=\"https:\/\/decoiris.ch\/de\/wohlbefinden\/gesundheitskissen\/sommeil-equilibre\/\"><span class=\"tlid-translation translation\" lang=\"fr\"><span class=\"\" title=\"\">Dans la cat\u00e9gorie du sommeil \u00e9quilibr\u00e9, nous pr\u00e9sentons notre propre marque de \"oreillers cervicaux\"<\/span><\/span><\/a><\/span><\/strong><\/span><\/p>\n<p>&nbsp;<\/p>\n<p><span style=\"font-size: 14pt;\"><strong>Ce produit pr\u00e9sent\u00e9 est disponibles dans notre boutique \u00e0 Neyruz<\/strong><\/span><\/p>\n","protected":false},"excerpt":{"rendered":"<p>SAMDAYA - Coussin de nuque Samadaya la housse du coussin \u00e0 une fermeture Velcro robuste aux extr\u00e9mit\u00e9s; La fermeture est fix\u00e9e de mani\u00e8re \u00e0 ce que l'oreiller cervical puisse se d\u00e9placer sur le corps, mais ne s'ouvre que lorsqu'il est soumis \u00e0 de lourdes charges. Gr\u00e2ce \u00e0 leur rembourrage adaptable, les coussins de cou Samdaya sont particuli\u00e8rement bien adapt\u00e9s \u00e0&nbsp;<a href=\"https:\/\/bien-etreiris.ch\/de\/produktpraesentation\/entspannen\/wohlfuhlkissen\/verschiedene-formen\/coussin-de-nuque\/\" class=\"read-more\">Weiter lesen<\/a><\/p>\n","protected":false},"author":1,"featured_media":16554,"parent":16604,"menu_order":7658,"comment_status":"closed","ping_status":"closed","template":"page-with-child.php","meta":{"_acf_changed":false,"ngg_post_thumbnail":0,"footnotes":""},"class_list":["post-16557","page","type-page","status-publish","has-post-thumbnail","hentry"],"acf":[],"yoast_head":"<!-- This site is optimized with the Yoast SEO plugin v27.5 - https:\/\/yoast.com\/product\/yoast-seo-wordpress\/ -->\n<title>NACKENKISSEN - WOHLBEFINDEN<\/title>\n<meta name=\"robots\" content=\"index, follow, max-snippet:-1, max-image-preview:large, max-video-preview:-1\" \/>\n<link rel=\"canonical\" href=\"https:\/\/bien-etreiris.ch\/de\/produktpraesentation\/entspannen\/wohlfuhlkissen\/verschiedene-formen\/coussin-de-nuque\/\" \/>\n<meta property=\"og:locale\" content=\"de_DE\" \/>\n<meta property=\"og:type\" content=\"article\" \/>\n<meta property=\"og:title\" content=\"NACKENKISSEN - WOHLBEFINDEN\" \/>\n<meta property=\"og:description\" content=\"SAMDAYA - Coussin de nuque Samadaya la housse du coussin \u00e0 une fermeture Velcro robuste aux extr\u00e9mit\u00e9s; La fermeture est fix\u00e9e de mani\u00e8re \u00e0 ce que l&#039;oreiller cervical puisse se d\u00e9placer sur le corps, mais ne s&#039;ouvre que lorsqu&#039;il est soumis \u00e0 de lourdes charges. Gr\u00e2ce \u00e0 leur rembourrage adaptable, les coussins de cou Samdaya sont particuli\u00e8rement bien adapt\u00e9s \u00e0&nbsp;Weiter lesen\" \/>\n<meta property=\"og:url\" content=\"https:\/\/bien-etreiris.ch\/de\/produktpraesentation\/entspannen\/wohlfuhlkissen\/verschiedene-formen\/coussin-de-nuque\/\" \/>\n<meta property=\"og:site_name\" content=\"WOHLBEFINDEN\" \/>\n<meta property=\"article:publisher\" content=\"https:\/\/www.facebook.com\/bienetreiris\/\" \/>\n<meta property=\"article:modified_time\" content=\"2019-04-20T18:31:32+00:00\" \/>\n<meta property=\"og:image\" content=\"https:\/\/bien-etreiris.ch\/wp-content\/uploads\/2019\/04\/Titel-Coussin-cou.jpg\" \/>\n\t<meta property=\"og:image:width\" content=\"500\" \/>\n\t<meta property=\"og:image:height\" content=\"334\" \/>\n\t<meta property=\"og:image:type\" content=\"image\/jpeg\" \/>\n<meta name=\"twitter:label1\" content=\"Gesch\u00e4tzte Lesezeit\" \/>\n\t<meta name=\"twitter:data1\" content=\"1\u00a0Minute\" \/>\n<script type=\"application\/ld+json\" class=\"yoast-schema-graph\">{\"@context\":\"https:\\\/\\\/schema.org\",\"@graph\":[{\"@type\":\"WebPage\",\"@id\":\"https:\\\/\\\/bien-etreiris.ch\\\/de\\\/produktpraesentation\\\/entspannen\\\/wohlfuhlkissen\\\/verschiedene-formen\\\/coussin-de-nuque\\\/\",\"url\":\"https:\\\/\\\/bien-etreiris.ch\\\/de\\\/produktpraesentation\\\/entspannen\\\/wohlfuhlkissen\\\/verschiedene-formen\\\/coussin-de-nuque\\\/\",\"name\":\"NACKENKISSEN - WOHLBEFINDEN\",\"isPartOf\":{\"@id\":\"https:\\\/\\\/bien-etreiris.ch\\\/de\\\/#website\"},\"primaryImageOfPage\":{\"@id\":\"https:\\\/\\\/bien-etreiris.ch\\\/de\\\/produktpraesentation\\\/entspannen\\\/wohlfuhlkissen\\\/verschiedene-formen\\\/coussin-de-nuque\\\/#primaryimage\"},\"image\":{\"@id\":\"https:\\\/\\\/bien-etreiris.ch\\\/de\\\/produktpraesentation\\\/entspannen\\\/wohlfuhlkissen\\\/verschiedene-formen\\\/coussin-de-nuque\\\/#primaryimage\"},\"thumbnailUrl\":\"https:\\\/\\\/bien-etreiris.ch\\\/wp-content\\\/uploads\\\/2019\\\/04\\\/Titel-Coussin-cou.jpg\",\"datePublished\":\"2019-04-20T16:09:50+00:00\",\"dateModified\":\"2019-04-20T18:31:32+00:00\",\"breadcrumb\":{\"@id\":\"https:\\\/\\\/bien-etreiris.ch\\\/de\\\/produktpraesentation\\\/entspannen\\\/wohlfuhlkissen\\\/verschiedene-formen\\\/coussin-de-nuque\\\/#breadcrumb\"},\"inLanguage\":\"de\",\"potentialAction\":[{\"@type\":\"ReadAction\",\"target\":[\"https:\\\/\\\/bien-etreiris.ch\\\/de\\\/produktpraesentation\\\/entspannen\\\/wohlfuhlkissen\\\/verschiedene-formen\\\/coussin-de-nuque\\\/\"]}]},{\"@type\":\"ImageObject\",\"inLanguage\":\"de\",\"@id\":\"https:\\\/\\\/bien-etreiris.ch\\\/de\\\/produktpraesentation\\\/entspannen\\\/wohlfuhlkissen\\\/verschiedene-formen\\\/coussin-de-nuque\\\/#primaryimage\",\"url\":\"https:\\\/\\\/bien-etreiris.ch\\\/wp-content\\\/uploads\\\/2019\\\/04\\\/Titel-Coussin-cou.jpg\",\"contentUrl\":\"https:\\\/\\\/bien-etreiris.ch\\\/wp-content\\\/uploads\\\/2019\\\/04\\\/Titel-Coussin-cou.jpg\",\"width\":500,\"height\":334},{\"@type\":\"BreadcrumbList\",\"@id\":\"https:\\\/\\\/bien-etreiris.ch\\\/de\\\/produktpraesentation\\\/entspannen\\\/wohlfuhlkissen\\\/verschiedene-formen\\\/coussin-de-nuque\\\/#breadcrumb\",\"itemListElement\":[{\"@type\":\"ListItem\",\"position\":1,\"name\":\"Home\",\"item\":\"https:\\\/\\\/bien-etreiris.ch\\\/de\\\/\"},{\"@type\":\"ListItem\",\"position\":2,\"name\":\"PRODUKTPR\u00c4SENTATION\",\"item\":\"https:\\\/\\\/bien-etreiris.ch\\\/de\\\/produktpraesentation\\\/\"},{\"@type\":\"ListItem\",\"position\":3,\"name\":\"ENTSPANNEND\",\"item\":\"https:\\\/\\\/bien-etreiris.ch\\\/de\\\/produktpraesentation\\\/entspannen\\\/\"},{\"@type\":\"ListItem\",\"position\":4,\"name\":\"WOHLF\u00dcHLKISSEN\",\"item\":\"https:\\\/\\\/bien-etreiris.ch\\\/de\\\/produktpraesentation\\\/entspannen\\\/wohlfuhlkissen\\\/\"},{\"@type\":\"ListItem\",\"position\":5,\"name\":\"VERSCHIEDENE FORMEN\",\"item\":\"https:\\\/\\\/bien-etreiris.ch\\\/de\\\/produktpraesentation\\\/entspannen\\\/wohlfuhlkissen\\\/verschiedene-formen\\\/\"},{\"@type\":\"ListItem\",\"position\":6,\"name\":\"NACKENKISSEN\"}]},{\"@type\":\"WebSite\",\"@id\":\"https:\\\/\\\/bien-etreiris.ch\\\/de\\\/#website\",\"url\":\"https:\\\/\\\/bien-etreiris.ch\\\/de\\\/\",\"name\":\"Bien-\u00eatre Iris\",\"description\":\"IHRE Gesundheit ist uns wichtig\",\"potentialAction\":[{\"@type\":\"SearchAction\",\"target\":{\"@type\":\"EntryPoint\",\"urlTemplate\":\"https:\\\/\\\/bien-etreiris.ch\\\/de\\\/?s={search_term_string}\"},\"query-input\":{\"@type\":\"PropertyValueSpecification\",\"valueRequired\":true,\"valueName\":\"search_term_string\"}}],\"inLanguage\":\"de\"}]}<\/script>\n<!-- \/ Yoast SEO plugin. -->","yoast_head_json":{"title":"NACKENKISSEN - WOHLBEFINDEN","robots":{"index":"index","follow":"follow","max-snippet":"max-snippet:-1","max-image-preview":"max-image-preview:large","max-video-preview":"max-video-preview:-1"},"canonical":"https:\/\/bien-etreiris.ch\/de\/produktpraesentation\/entspannen\/wohlfuhlkissen\/verschiedene-formen\/coussin-de-nuque\/","og_locale":"de_DE","og_type":"article","og_title":"NACKENKISSEN - WOHLBEFINDEN","og_description":"SAMDAYA - Coussin de nuque Samadaya la housse du coussin \u00e0 une fermeture Velcro robuste aux extr\u00e9mit\u00e9s; La fermeture est fix\u00e9e de mani\u00e8re \u00e0 ce que l'oreiller cervical puisse se d\u00e9placer sur le corps, mais ne s'ouvre que lorsqu'il est soumis \u00e0 de lourdes charges. Gr\u00e2ce \u00e0 leur rembourrage adaptable, les coussins de cou Samdaya sont particuli\u00e8rement bien adapt\u00e9s \u00e0&nbsp;Weiter lesen","og_url":"https:\/\/bien-etreiris.ch\/de\/produktpraesentation\/entspannen\/wohlfuhlkissen\/verschiedene-formen\/coussin-de-nuque\/","og_site_name":"WOHLBEFINDEN","article_publisher":"https:\/\/www.facebook.com\/bienetreiris\/","article_modified_time":"2019-04-20T18:31:32+00:00","og_image":[{"width":500,"height":334,"url":"https:\/\/bien-etreiris.ch\/wp-content\/uploads\/2019\/04\/Titel-Coussin-cou.jpg","type":"image\/jpeg"}],"twitter_misc":{"Gesch\u00e4tzte Lesezeit":"1\u00a0Minute"},"schema":{"@context":"https:\/\/schema.org","@graph":[{"@type":"WebPage","@id":"https:\/\/bien-etreiris.ch\/de\/produktpraesentation\/entspannen\/wohlfuhlkissen\/verschiedene-formen\/coussin-de-nuque\/","url":"https:\/\/bien-etreiris.ch\/de\/produktpraesentation\/entspannen\/wohlfuhlkissen\/verschiedene-formen\/coussin-de-nuque\/","name":"NACKENKISSEN - WOHLBEFINDEN","isPartOf":{"@id":"https:\/\/bien-etreiris.ch\/de\/#website"},"primaryImageOfPage":{"@id":"https:\/\/bien-etreiris.ch\/de\/produktpraesentation\/entspannen\/wohlfuhlkissen\/verschiedene-formen\/coussin-de-nuque\/#primaryimage"},"image":{"@id":"https:\/\/bien-etreiris.ch\/de\/produktpraesentation\/entspannen\/wohlfuhlkissen\/verschiedene-formen\/coussin-de-nuque\/#primaryimage"},"thumbnailUrl":"https:\/\/bien-etreiris.ch\/wp-content\/uploads\/2019\/04\/Titel-Coussin-cou.jpg","datePublished":"2019-04-20T16:09:50+00:00","dateModified":"2019-04-20T18:31:32+00:00","breadcrumb":{"@id":"https:\/\/bien-etreiris.ch\/de\/produktpraesentation\/entspannen\/wohlfuhlkissen\/verschiedene-formen\/coussin-de-nuque\/#breadcrumb"},"inLanguage":"de","potentialAction":[{"@type":"ReadAction","target":["https:\/\/bien-etreiris.ch\/de\/produktpraesentation\/entspannen\/wohlfuhlkissen\/verschiedene-formen\/coussin-de-nuque\/"]}]},{"@type":"ImageObject","inLanguage":"de","@id":"https:\/\/bien-etreiris.ch\/de\/produktpraesentation\/entspannen\/wohlfuhlkissen\/verschiedene-formen\/coussin-de-nuque\/#primaryimage","url":"https:\/\/bien-etreiris.ch\/wp-content\/uploads\/2019\/04\/Titel-Coussin-cou.jpg","contentUrl":"https:\/\/bien-etreiris.ch\/wp-content\/uploads\/2019\/04\/Titel-Coussin-cou.jpg","width":500,"height":334},{"@type":"BreadcrumbList","@id":"https:\/\/bien-etreiris.ch\/de\/produktpraesentation\/entspannen\/wohlfuhlkissen\/verschiedene-formen\/coussin-de-nuque\/#breadcrumb","itemListElement":[{"@type":"ListItem","position":1,"name":"Home","item":"https:\/\/bien-etreiris.ch\/de\/"},{"@type":"ListItem","position":2,"name":"PRODUKTPR\u00c4SENTATION","item":"https:\/\/bien-etreiris.ch\/de\/produktpraesentation\/"},{"@type":"ListItem","position":3,"name":"ENTSPANNEND","item":"https:\/\/bien-etreiris.ch\/de\/produktpraesentation\/entspannen\/"},{"@type":"ListItem","position":4,"name":"WOHLF\u00dcHLKISSEN","item":"https:\/\/bien-etreiris.ch\/de\/produktpraesentation\/entspannen\/wohlfuhlkissen\/"},{"@type":"ListItem","position":5,"name":"VERSCHIEDENE FORMEN","item":"https:\/\/bien-etreiris.ch\/de\/produktpraesentation\/entspannen\/wohlfuhlkissen\/verschiedene-formen\/"},{"@type":"ListItem","position":6,"name":"NACKENKISSEN"}]},{"@type":"WebSite","@id":"https:\/\/bien-etreiris.ch\/de\/#website","url":"https:\/\/bien-etreiris.ch\/de\/","name":"Bien-\u00eatre Iris","description":"IHRE Gesundheit ist uns wichtig","potentialAction":[{"@type":"SearchAction","target":{"@type":"EntryPoint","urlTemplate":"https:\/\/bien-etreiris.ch\/de\/?s={search_term_string}"},"query-input":{"@type":"PropertyValueSpecification","valueRequired":true,"valueName":"search_term_string"}}],"inLanguage":"de"}]}},"_links":{"self":[{"href":"https:\/\/bien-etreiris.ch\/de\/wp-json\/wp\/v2\/pages\/16557","targetHints":{"allow":["GET"]}}],"collection":[{"href":"https:\/\/bien-etreiris.ch\/de\/wp-json\/wp\/v2\/pages"}],"about":[{"href":"https:\/\/bien-etreiris.ch\/de\/wp-json\/wp\/v2\/types\/page"}],"author":[{"embeddable":true,"href":"https:\/\/bien-etreiris.ch\/de\/wp-json\/wp\/v2\/users\/1"}],"replies":[{"embeddable":true,"href":"https:\/\/bien-etreiris.ch\/de\/wp-json\/wp\/v2\/comments?post=16557"}],"version-history":[{"count":9,"href":"https:\/\/bien-etreiris.ch\/de\/wp-json\/wp\/v2\/pages\/16557\/revisions"}],"predecessor-version":[{"id":16618,"href":"https:\/\/bien-etreiris.ch\/de\/wp-json\/wp\/v2\/pages\/16557\/revisions\/16618"}],"up":[{"embeddable":true,"href":"https:\/\/bien-etreiris.ch\/de\/wp-json\/wp\/v2\/pages\/16604"}],"wp:featuredmedia":[{"embeddable":true,"href":"https:\/\/bien-etreiris.ch\/de\/wp-json\/wp\/v2\/media\/16554"}],"wp:attachment":[{"href":"https:\/\/bien-etreiris.ch\/de\/wp-json\/wp\/v2\/media?parent=16557"}],"curies":[{"name":"wp","href":"https:\/\/api.w.org\/{rel}","templated":true}]}}