{"id":16448,"date":"2019-04-20T09:02:54","date_gmt":"2019-04-20T09:02:54","guid":{"rendered":"https:\/\/bien-etreiris.ch\/wohlbefinden\/gesundheitskissen\/a-plantes\/"},"modified":"2021-05-30T22:59:15","modified_gmt":"2021-05-30T20:59:15","slug":"kraeuterkissen","status":"publish","type":"page","link":"https:\/\/bien-etreiris.ch\/de\/produktpraesentation\/entspannen\/wohlfuhlkissen\/kraeuterkissen\/","title":{"rendered":"KR\u00c4UTERKISSEN&#8230;"},"content":{"rendered":"<p><strong><span style=\"font-size: 18pt;\">Kr\u00e4uterkissen alles Herz der Liebe<\/span><\/strong><\/p>\n<p><a href=\"https:\/\/decoiris.ch\/wp-content\/uploads\/2019\/04\/Coussin-\u00e0-plantes-2-1.png\"><img loading=\"lazy\" decoding=\"async\" class=\" wp-image-16459 alignright\" src=\"https:\/\/decoiris.ch\/wp-content\/uploads\/2019\/04\/Coussin-\u00e0-plantes-2-1.png\" alt=\"\" width=\"311\" height=\"266\"><\/a><span class=\"tlid-translation translation\" lang=\"fr\"><strong><span title=\"\">Parfum et bonne nuit de sommeil<\/span><\/strong><\/span><\/p>\n<p><span title=\"\">Avec cet oreiller \u00e0 base de plantes copieux tout simplement, car il \u00e9voque un parfum merveilleux dans la chambre \u00e0 coucher.<\/span> <span title=\"\">Bien s\u00fbr, il peut \u00e9galement \u00eatre utilis\u00e9 de mani\u00e8re cr\u00e9ative: pour la garde-robe, l'appartement ou l'entra\u00eeneur.<\/span> <span title=\"\">Pour intensifier le parfum, il suffit de p\u00e9trir un peu.<\/span> <span title=\"\">En cassant les herbes, les huiles essentielles peuvent mieux se d\u00e9velopper.<\/span> <span class=\"\" title=\"\">Avec boucle pour accrocher.<\/span><\/p>\n<p><span class=\"\" title=\"\">Ingr\u00e9dients: feuilles de chanvre *, sarriette *, p\u00e9tales de rose *, cannelle Ceylan *, coriandre *<\/span><br \/>\n<span class=\"\" title=\"\">* issu de l'agriculture biologique certifi\u00e9e<\/span><\/p>\n<p><span class=\"\" title=\"\">Informations sur les allerg\u00e8nes: Ce produit ne contient aucune substance allerg\u00e8ne soumise \u00e0 l'\u00e9tiquetage.<\/span><\/p>\n<p><span class=\"\" title=\"\">Taille: 13,5 x 14,5 cm Coussinet aux herbes en forme de c\u0153ur avec boucle<\/span><\/p>\n<p>1 pi\u00e8ce <strong>CHF 12.00<\/strong><\/p>\n<p>&nbsp;<\/p>\n<hr>\n<p>&nbsp;<\/p>\n<p><span class=\"tlid-translation translation\" lang=\"fr\"><span style=\"font-size: 18pt;\"><strong><span class=\"\" title=\"\">Coussinet Valence bleu \/ vert<\/span><\/strong><\/span><\/span><\/p>\n<p><span class=\"\" title=\"\">Nuit tranquille - Jour vital<\/span>&nbsp;&nbsp;&nbsp; <a href=\"https:\/\/decoiris.ch\/wp-content\/uploads\/2019\/04\/darolle.png\"><img loading=\"lazy\" decoding=\"async\" class=\"size-medium wp-image-16515 alignright\" src=\"https:\/\/decoiris.ch\/wp-content\/uploads\/2019\/04\/darolle-300x300.png\" alt=\"\" width=\"300\" height=\"300\" srcset=\"https:\/\/bien-etreiris.ch\/wp-content\/uploads\/2019\/04\/darolle-300x300.png 300w, https:\/\/bien-etreiris.ch\/wp-content\/uploads\/2019\/04\/darolle-150x150.png 150w, https:\/\/bien-etreiris.ch\/wp-content\/uploads\/2019\/04\/darolle.png 400w\" sizes=\"auto, (max-width: 300px) 100vw, 300px\" \/><\/a><\/p>\n<p><span class=\"\" title=\"\">Coussinet avec dos en fourrure&nbsp; remplissage avec 100% de copeaux d'arolle<\/span><\/p>\n<p><span class=\"\" title=\"\">Faits int\u00e9ressants sur ce parfum unique: Parfum d'arolle est une combinaison complexe de plus de 100 ingr\u00e9dients.<\/span> <span title=\"\">Stock\u00e9s dans les cellules du bois, ils d\u00e9gagent une odeur fra\u00eeche et balsamique depuis des si\u00e8cles.<\/span> <span title=\"\">L'huile essentielle calme et dynamise pendant l'\u00e9puisement physique et mental.<\/span> <span title=\"\">Cela renforce l'\u00e9quilibre mental.<\/span><\/p>\n<p><span title=\"\">Conseil d'utilisation<\/span><span title=\"\">:<\/span><br \/>\n<span title=\"\">Placez les coussins \u00e0 c\u00f4t\u00e9 des coussins ou comme \u00e9l\u00e9ment d\u00e9coratif dans le salon ou la chambre.<\/span> <span class=\"\" title=\"\">Si le parfum dispara\u00eet: le coussin peut \u00eatre tr\u00e8s bien vaporis\u00e9 avec le vaporisateur d\u2019ambiance d'arolle, ou ajoutez 1-2 gouttes d\u2019huile de pin directement sur le coussinet.<\/span> <span class=\"\" title=\"\">Il n'y a pas de r\u00e9sidus ou de taches.<\/span><\/p>\n<p><span class=\"\" title=\"\">Taille: 30 x 20 cm<\/span><\/p>\n<p>1 pi\u00e8ce&nbsp; prix de vente <strong>CHF 27.00<\/strong><\/p>\n<p>&nbsp;<\/p>\n<hr>\n<p>&nbsp;<\/p>\n<p>&nbsp;<\/p>\n<p>&nbsp;<\/p>\n<p><span style=\"font-size: 14pt;\"><strong>Tous les produits pr\u00e9sent\u00e9s sont disponibles dans notre boutique \u00e0 Neyruz<\/strong><\/span><\/p>\n","protected":false},"excerpt":{"rendered":"<p>Kr\u00e4uterkissen alles Herz der Liebe Parfum et bonne nuit de sommeil Avec cet oreiller \u00e0 base de plantes copieux tout simplement, car il \u00e9voque un parfum merveilleux dans la chambre \u00e0 coucher. Bien s\u00fbr, il peut \u00e9galement \u00eatre utilis\u00e9 de mani\u00e8re cr\u00e9ative: pour la garde-robe, l'appartement ou l'entra\u00eeneur. Pour intensifier le parfum, il suffit de p\u00e9trir un peu. En cassant&nbsp;<a href=\"https:\/\/bien-etreiris.ch\/de\/produktpraesentation\/entspannen\/wohlfuhlkissen\/kraeuterkissen\/\" class=\"read-more\">Weiter lesen<\/a><\/p>\n","protected":false},"author":1,"featured_media":16441,"parent":15875,"menu_order":7660,"comment_status":"closed","ping_status":"closed","template":"","meta":{"_acf_changed":false,"ngg_post_thumbnail":0,"footnotes":""},"class_list":["post-16448","page","type-page","status-publish","has-post-thumbnail","hentry"],"acf":[],"yoast_head":"<!-- This site is optimized with the Yoast SEO plugin v27.4 - https:\/\/yoast.com\/product\/yoast-seo-wordpress\/ -->\n<title>KR\u00c4UTERKISSEN... - WOHLBEFINDEN<\/title>\n<meta name=\"robots\" content=\"index, follow, max-snippet:-1, max-image-preview:large, max-video-preview:-1\" \/>\n<link rel=\"canonical\" href=\"https:\/\/bien-etreiris.ch\/de\/produktpraesentation\/entspannen\/wohlfuhlkissen\/kraeuterkissen\/\" \/>\n<meta property=\"og:locale\" content=\"de_DE\" \/>\n<meta property=\"og:type\" content=\"article\" \/>\n<meta property=\"og:title\" content=\"KR\u00c4UTERKISSEN... - WOHLBEFINDEN\" \/>\n<meta property=\"og:description\" content=\"Kr\u00e4uterkissen alles Herz der Liebe Parfum et bonne nuit de sommeil Avec cet oreiller \u00e0 base de plantes copieux tout simplement, car il \u00e9voque un parfum merveilleux dans la chambre \u00e0 coucher. Bien s\u00fbr, il peut \u00e9galement \u00eatre utilis\u00e9 de mani\u00e8re cr\u00e9ative: pour la garde-robe, l&#039;appartement ou l&#039;entra\u00eeneur. Pour intensifier le parfum, il suffit de p\u00e9trir un peu. En cassant&nbsp;Weiter lesen\" \/>\n<meta property=\"og:url\" content=\"https:\/\/bien-etreiris.ch\/de\/produktpraesentation\/entspannen\/wohlfuhlkissen\/kraeuterkissen\/\" \/>\n<meta property=\"og:site_name\" content=\"WOHLBEFINDEN\" \/>\n<meta property=\"article:publisher\" content=\"https:\/\/www.facebook.com\/bienetreiris\/\" \/>\n<meta property=\"article:modified_time\" content=\"2021-05-30T20:59:15+00:00\" \/>\n<meta property=\"og:image\" content=\"https:\/\/bien-etreiris.ch\/wp-content\/uploads\/2019\/04\/Coussin-\u00e0-plantes.jpg\" \/>\n\t<meta property=\"og:image:width\" content=\"500\" \/>\n\t<meta property=\"og:image:height\" content=\"333\" \/>\n\t<meta property=\"og:image:type\" content=\"image\/jpeg\" \/>\n<meta name=\"twitter:label1\" content=\"Gesch\u00e4tzte Lesezeit\" \/>\n\t<meta name=\"twitter:data1\" content=\"2\u00a0Minuten\" \/>\n<script type=\"application\/ld+json\" class=\"yoast-schema-graph\">{\"@context\":\"https:\\\/\\\/schema.org\",\"@graph\":[{\"@type\":\"WebPage\",\"@id\":\"https:\\\/\\\/bien-etreiris.ch\\\/de\\\/produktpraesentation\\\/entspannen\\\/wohlfuhlkissen\\\/kraeuterkissen\\\/\",\"url\":\"https:\\\/\\\/bien-etreiris.ch\\\/de\\\/produktpraesentation\\\/entspannen\\\/wohlfuhlkissen\\\/kraeuterkissen\\\/\",\"name\":\"KR\u00c4UTERKISSEN... - WOHLBEFINDEN\",\"isPartOf\":{\"@id\":\"https:\\\/\\\/bien-etreiris.ch\\\/de\\\/#website\"},\"primaryImageOfPage\":{\"@id\":\"https:\\\/\\\/bien-etreiris.ch\\\/de\\\/produktpraesentation\\\/entspannen\\\/wohlfuhlkissen\\\/kraeuterkissen\\\/#primaryimage\"},\"image\":{\"@id\":\"https:\\\/\\\/bien-etreiris.ch\\\/de\\\/produktpraesentation\\\/entspannen\\\/wohlfuhlkissen\\\/kraeuterkissen\\\/#primaryimage\"},\"thumbnailUrl\":\"https:\\\/\\\/bien-etreiris.ch\\\/wp-content\\\/uploads\\\/2019\\\/04\\\/Coussin-\u00e0-plantes.jpg\",\"datePublished\":\"2019-04-20T09:02:54+00:00\",\"dateModified\":\"2021-05-30T20:59:15+00:00\",\"breadcrumb\":{\"@id\":\"https:\\\/\\\/bien-etreiris.ch\\\/de\\\/produktpraesentation\\\/entspannen\\\/wohlfuhlkissen\\\/kraeuterkissen\\\/#breadcrumb\"},\"inLanguage\":\"de\",\"potentialAction\":[{\"@type\":\"ReadAction\",\"target\":[\"https:\\\/\\\/bien-etreiris.ch\\\/de\\\/produktpraesentation\\\/entspannen\\\/wohlfuhlkissen\\\/kraeuterkissen\\\/\"]}]},{\"@type\":\"ImageObject\",\"inLanguage\":\"de\",\"@id\":\"https:\\\/\\\/bien-etreiris.ch\\\/de\\\/produktpraesentation\\\/entspannen\\\/wohlfuhlkissen\\\/kraeuterkissen\\\/#primaryimage\",\"url\":\"https:\\\/\\\/bien-etreiris.ch\\\/wp-content\\\/uploads\\\/2019\\\/04\\\/Coussin-\u00e0-plantes.jpg\",\"contentUrl\":\"https:\\\/\\\/bien-etreiris.ch\\\/wp-content\\\/uploads\\\/2019\\\/04\\\/Coussin-\u00e0-plantes.jpg\",\"width\":500,\"height\":333},{\"@type\":\"BreadcrumbList\",\"@id\":\"https:\\\/\\\/bien-etreiris.ch\\\/de\\\/produktpraesentation\\\/entspannen\\\/wohlfuhlkissen\\\/kraeuterkissen\\\/#breadcrumb\",\"itemListElement\":[{\"@type\":\"ListItem\",\"position\":1,\"name\":\"Home\",\"item\":\"https:\\\/\\\/bien-etreiris.ch\\\/de\\\/\"},{\"@type\":\"ListItem\",\"position\":2,\"name\":\"PRODUKTPR\u00c4SENTATION\",\"item\":\"https:\\\/\\\/bien-etreiris.ch\\\/de\\\/produktpraesentation\\\/\"},{\"@type\":\"ListItem\",\"position\":3,\"name\":\"ENTSPANNEND\",\"item\":\"https:\\\/\\\/bien-etreiris.ch\\\/de\\\/produktpraesentation\\\/entspannen\\\/\"},{\"@type\":\"ListItem\",\"position\":4,\"name\":\"WOHLF\u00dcHLKISSEN\",\"item\":\"https:\\\/\\\/bien-etreiris.ch\\\/de\\\/produktpraesentation\\\/entspannen\\\/wohlfuhlkissen\\\/\"},{\"@type\":\"ListItem\",\"position\":5,\"name\":\"KR\u00c4UTERKISSEN&#8230;\"}]},{\"@type\":\"WebSite\",\"@id\":\"https:\\\/\\\/bien-etreiris.ch\\\/de\\\/#website\",\"url\":\"https:\\\/\\\/bien-etreiris.ch\\\/de\\\/\",\"name\":\"Bien-\u00eatre Iris\",\"description\":\"IHRE Gesundheit ist uns wichtig\",\"potentialAction\":[{\"@type\":\"SearchAction\",\"target\":{\"@type\":\"EntryPoint\",\"urlTemplate\":\"https:\\\/\\\/bien-etreiris.ch\\\/de\\\/?s={search_term_string}\"},\"query-input\":{\"@type\":\"PropertyValueSpecification\",\"valueRequired\":true,\"valueName\":\"search_term_string\"}}],\"inLanguage\":\"de\"}]}<\/script>\n<!-- \/ Yoast SEO plugin. -->","yoast_head_json":{"title":"KR\u00c4UTERKISSEN... - WOHLBEFINDEN","robots":{"index":"index","follow":"follow","max-snippet":"max-snippet:-1","max-image-preview":"max-image-preview:large","max-video-preview":"max-video-preview:-1"},"canonical":"https:\/\/bien-etreiris.ch\/de\/produktpraesentation\/entspannen\/wohlfuhlkissen\/kraeuterkissen\/","og_locale":"de_DE","og_type":"article","og_title":"KR\u00c4UTERKISSEN... - WOHLBEFINDEN","og_description":"Kr\u00e4uterkissen alles Herz der Liebe Parfum et bonne nuit de sommeil Avec cet oreiller \u00e0 base de plantes copieux tout simplement, car il \u00e9voque un parfum merveilleux dans la chambre \u00e0 coucher. Bien s\u00fbr, il peut \u00e9galement \u00eatre utilis\u00e9 de mani\u00e8re cr\u00e9ative: pour la garde-robe, l'appartement ou l'entra\u00eeneur. Pour intensifier le parfum, il suffit de p\u00e9trir un peu. En cassant&nbsp;Weiter lesen","og_url":"https:\/\/bien-etreiris.ch\/de\/produktpraesentation\/entspannen\/wohlfuhlkissen\/kraeuterkissen\/","og_site_name":"WOHLBEFINDEN","article_publisher":"https:\/\/www.facebook.com\/bienetreiris\/","article_modified_time":"2021-05-30T20:59:15+00:00","og_image":[{"width":500,"height":333,"url":"https:\/\/bien-etreiris.ch\/wp-content\/uploads\/2019\/04\/Coussin-\u00e0-plantes.jpg","type":"image\/jpeg"}],"twitter_misc":{"Gesch\u00e4tzte Lesezeit":"2\u00a0Minuten"},"schema":{"@context":"https:\/\/schema.org","@graph":[{"@type":"WebPage","@id":"https:\/\/bien-etreiris.ch\/de\/produktpraesentation\/entspannen\/wohlfuhlkissen\/kraeuterkissen\/","url":"https:\/\/bien-etreiris.ch\/de\/produktpraesentation\/entspannen\/wohlfuhlkissen\/kraeuterkissen\/","name":"KR\u00c4UTERKISSEN... - WOHLBEFINDEN","isPartOf":{"@id":"https:\/\/bien-etreiris.ch\/de\/#website"},"primaryImageOfPage":{"@id":"https:\/\/bien-etreiris.ch\/de\/produktpraesentation\/entspannen\/wohlfuhlkissen\/kraeuterkissen\/#primaryimage"},"image":{"@id":"https:\/\/bien-etreiris.ch\/de\/produktpraesentation\/entspannen\/wohlfuhlkissen\/kraeuterkissen\/#primaryimage"},"thumbnailUrl":"https:\/\/bien-etreiris.ch\/wp-content\/uploads\/2019\/04\/Coussin-\u00e0-plantes.jpg","datePublished":"2019-04-20T09:02:54+00:00","dateModified":"2021-05-30T20:59:15+00:00","breadcrumb":{"@id":"https:\/\/bien-etreiris.ch\/de\/produktpraesentation\/entspannen\/wohlfuhlkissen\/kraeuterkissen\/#breadcrumb"},"inLanguage":"de","potentialAction":[{"@type":"ReadAction","target":["https:\/\/bien-etreiris.ch\/de\/produktpraesentation\/entspannen\/wohlfuhlkissen\/kraeuterkissen\/"]}]},{"@type":"ImageObject","inLanguage":"de","@id":"https:\/\/bien-etreiris.ch\/de\/produktpraesentation\/entspannen\/wohlfuhlkissen\/kraeuterkissen\/#primaryimage","url":"https:\/\/bien-etreiris.ch\/wp-content\/uploads\/2019\/04\/Coussin-\u00e0-plantes.jpg","contentUrl":"https:\/\/bien-etreiris.ch\/wp-content\/uploads\/2019\/04\/Coussin-\u00e0-plantes.jpg","width":500,"height":333},{"@type":"BreadcrumbList","@id":"https:\/\/bien-etreiris.ch\/de\/produktpraesentation\/entspannen\/wohlfuhlkissen\/kraeuterkissen\/#breadcrumb","itemListElement":[{"@type":"ListItem","position":1,"name":"Home","item":"https:\/\/bien-etreiris.ch\/de\/"},{"@type":"ListItem","position":2,"name":"PRODUKTPR\u00c4SENTATION","item":"https:\/\/bien-etreiris.ch\/de\/produktpraesentation\/"},{"@type":"ListItem","position":3,"name":"ENTSPANNEND","item":"https:\/\/bien-etreiris.ch\/de\/produktpraesentation\/entspannen\/"},{"@type":"ListItem","position":4,"name":"WOHLF\u00dcHLKISSEN","item":"https:\/\/bien-etreiris.ch\/de\/produktpraesentation\/entspannen\/wohlfuhlkissen\/"},{"@type":"ListItem","position":5,"name":"KR\u00c4UTERKISSEN&#8230;"}]},{"@type":"WebSite","@id":"https:\/\/bien-etreiris.ch\/de\/#website","url":"https:\/\/bien-etreiris.ch\/de\/","name":"Bien-\u00eatre Iris","description":"IHRE Gesundheit ist uns wichtig","potentialAction":[{"@type":"SearchAction","target":{"@type":"EntryPoint","urlTemplate":"https:\/\/bien-etreiris.ch\/de\/?s={search_term_string}"},"query-input":{"@type":"PropertyValueSpecification","valueRequired":true,"valueName":"search_term_string"}}],"inLanguage":"de"}]}},"_links":{"self":[{"href":"https:\/\/bien-etreiris.ch\/de\/wp-json\/wp\/v2\/pages\/16448","targetHints":{"allow":["GET"]}}],"collection":[{"href":"https:\/\/bien-etreiris.ch\/de\/wp-json\/wp\/v2\/pages"}],"about":[{"href":"https:\/\/bien-etreiris.ch\/de\/wp-json\/wp\/v2\/types\/page"}],"author":[{"embeddable":true,"href":"https:\/\/bien-etreiris.ch\/de\/wp-json\/wp\/v2\/users\/1"}],"replies":[{"embeddable":true,"href":"https:\/\/bien-etreiris.ch\/de\/wp-json\/wp\/v2\/comments?post=16448"}],"version-history":[{"count":8,"href":"https:\/\/bien-etreiris.ch\/de\/wp-json\/wp\/v2\/pages\/16448\/revisions"}],"predecessor-version":[{"id":48487,"href":"https:\/\/bien-etreiris.ch\/de\/wp-json\/wp\/v2\/pages\/16448\/revisions\/48487"}],"up":[{"embeddable":true,"href":"https:\/\/bien-etreiris.ch\/de\/wp-json\/wp\/v2\/pages\/15875"}],"wp:featuredmedia":[{"embeddable":true,"href":"https:\/\/bien-etreiris.ch\/de\/wp-json\/wp\/v2\/media\/16441"}],"wp:attachment":[{"href":"https:\/\/bien-etreiris.ch\/de\/wp-json\/wp\/v2\/media?parent=16448"}],"curies":[{"name":"wp","href":"https:\/\/api.w.org\/{rel}","templated":true}]}}