{"id":16425,"date":"2019-04-20T07:57:55","date_gmt":"2019-04-20T07:57:55","guid":{"rendered":"https:\/\/bien-etreiris.ch\/wohlbefinden\/gesundheitskissen\/sommeil-equilibre\/"},"modified":"2025-05-19T00:17:52","modified_gmt":"2025-05-18T22:17:52","slug":"schlafbalance","status":"publish","type":"page","link":"https:\/\/bien-etreiris.ch\/de\/produktpraesentation\/entspannen\/wohlfuhlkissen\/schlafbalance\/","title":{"rendered":"SCHLAFBALANCE"},"content":{"rendered":"<p><span style=\"font-size: 18pt;\"><strong>Empfohlen bei Nackenschmerzen und Schnarchen<\/strong><\/span><\/p>\n<p>&nbsp;<\/p>\n<p><a href=\"https:\/\/decoiris.ch\/wp-content\/uploads\/2019\/01\/Coussin-Headrest.jpg\"><img loading=\"lazy\" decoding=\"async\" class=\"alignnone size-medium wp-image-14679\" src=\"https:\/\/decoiris.ch\/wp-content\/uploads\/2019\/01\/Coussin-Headrest-300x248.jpg\" alt=\"\" width=\"300\" height=\"248\"><\/a><\/p>\n<p><strong>COUSSIN HEADREST<\/strong><\/p>\n<p>Une ergoth\u00e9rapeute souffrant de trois hernies discale confirme:<\/p>\n<p>\"Soulagement \" important et r\u00e9duction des douleurs d\u00e8s la premier nuit.<\/p>\n<p><strong>Enveloppe :<\/strong><\/p>\n<ul>\n<li>Housse double en coton avec 25 % PES avec fermeture \u00e0 glissi\u00e8re<\/li>\n<\/ul>\n<p><strong>Enveloppe int\u00e9rieur:<\/strong><\/p>\n<ul>\n<li>Percale de 100 % coton avec fermeture \u00e0 glissi\u00e8re<\/li>\n<\/ul>\n<p><strong>Garnissage:<\/strong><\/p>\n<ul>\n<li>100% balles de millet enrichies de copeaux d'arolle<\/li>\n<\/ul>\n<p><span class=\"\">L'odeur des copeaux d'arolle facilite d'endormissement et procure des phases de sommeil plus longues .<\/span><\/p>\n<p><strong>Dimension :<\/strong><\/p>\n<p>40 cm x&nbsp; &nbsp;60 cm &nbsp;&nbsp; <strong>CHF <span style=\"font-size: 14pt;\">112.00<\/span><\/strong><\/p>\n<p>&nbsp;<\/p>\n<hr>\n<p><strong><span class=\"\" lang=\"fr\"><span class=\"\">COUSSIN M<\/span><\/span>\u00dcSTAIR<\/strong><span id=\"result_box\" class=\"\" lang=\"fr\"><\/span><\/p>\n<p>&nbsp;<\/p>\n<p><a href=\"https:\/\/decoiris.ch\/wp-content\/uploads\/2018\/12\/coussin-M\u00fcnster.jpg\"><img loading=\"lazy\" decoding=\"async\" class=\"alignnone size-medium wp-image-13566\" src=\"https:\/\/decoiris.ch\/wp-content\/uploads\/2018\/12\/coussin-M\u00fcnster-300x144.jpg\" alt=\"\" width=\"300\" height=\"144\" srcset=\"https:\/\/bien-etreiris.ch\/wp-content\/uploads\/2018\/12\/coussin-M\u00fcnster-300x144.jpg 300w, https:\/\/bien-etreiris.ch\/wp-content\/uploads\/2018\/12\/coussin-M\u00fcnster.jpg 700w\" sizes=\"auto, (max-width: 300px) 100vw, 300px\" \/><\/a><\/p>\n<p><span id=\"result_box\" class=\"\" lang=\"fr\"><span class=\"\">Des phases de sommeil plus longues gr\u00e2ce aux copeaux d'arolle &nbsp; &nbsp; &nbsp; &nbsp;<\/span> <a href=\"https:\/\/decoiris.ch\/wp-content\/uploads\/2018\/11\/Arvensp\u00e4ne.jpg\"><img loading=\"lazy\" decoding=\"async\" class=\"alignnone size-full wp-image-13401\" src=\"https:\/\/decoiris.ch\/wp-content\/uploads\/2018\/11\/Arvensp\u00e4ne.jpg\" alt=\"\" width=\"150\" height=\"106\"><\/a><br \/>\nLes copeaux d'arolle <span class=\"\">d\u00e9gagent un agr\u00e9able parfum \u00e9th\u00e9rique, qui a un effet tr\u00e8s apaisant.<\/span> <span class=\"\">Vous vous endormez donc plus rapidement, le premier cycle de sommeil est plus profond, la tendance au ronflement est diminu\u00e9e et la sensibilit\u00e9 aux conditions m\u00e9t\u00e9orologiques et \u00e0 la lune peut \u00e9galement \u00eatre r\u00e9duite.<\/span> <\/span><\/p>\n<p><span id=\"result_box\" class=\"\" lang=\"fr\"><span class=\"\">L'arolle (Pinus cembra),&nbsp; appel\u00e9 aussi pin cembro, est une v\u00e9g\u00e9tal de la famille des (pinaceae).<\/span> <span class=\"\">Elle est originaire des Alpes et des Carpates.<\/span> C<span class=\"\">es conif\u00e8res peuvent atteindre une hauteur de 25 m\u00e8tres&nbsp; et l'\u00e2ge de 1000 ans.<\/span><\/span><\/p>\n<p><span class=\"\">L'odeur des copeaux d'arolle facilite d'endormissement et procure des phases de sommeil plus longues .<\/span><\/p>\n<p><strong>Enveloppe:<\/strong><\/p>\n<ul>\n<li>percale 100% pur coton \u00e0 l'\u00e9tat naturel matelass\u00e9e avec de la fibre de coton et du jersey de coton avec fermeture \u00e0 glissi\u00e8re, lavable 60\u00b0<\/li>\n<\/ul>\n<p>&nbsp;<\/p>\n<p><strong>Enveloppe int\u00e9rieur:<\/strong><\/p>\n<ul>\n<li>percale de coton \u00e0 l'\u00e9tat naturel 100% coton avec fermeture \u00e0 glissi\u00e8re<\/li>\n<\/ul>\n<p>&nbsp;<\/p>\n<p><strong>Garnissage:<\/strong><\/p>\n<ul>\n<li>65% de laine des Alpes avec 35 % de copeaux d'arolle<\/li>\n<\/ul>\n<p>&nbsp;<\/p>\n<p><strong>Divers Dimension :<\/strong><\/p>\n<p>40 cm x &nbsp;&nbsp;40 cm = CHF &nbsp;&nbsp;65.00<\/p>\n<p>40 cm x&nbsp; &nbsp;60 cm = CHF&nbsp; &nbsp;85.00<\/p>\n<p>40 cm x &nbsp;&nbsp;80 cm = CHF 110.00<\/p>\n<p>60 cm x &nbsp;&nbsp;60 cm = CHF 120.00<\/p>\n<p>50 cm x &nbsp;&nbsp;70 cm = CHF 120.00<\/p>\n<p>65 cm x&nbsp; &nbsp;65 cm = CHF 135.00<\/p>\n<p>60 cm x &nbsp;&nbsp;90 cm = CHF 175.00<\/p>\n<p>&nbsp;<\/p>\n<p><span style=\"font-size: 14pt;\"><strong>Tous les produits pr\u00e9sente sont disponibles dans notre boutique \u00e0 Neyruz<\/strong><\/span><\/p>\n","protected":false},"excerpt":{"rendered":"<p>Empfohlen bei Nackenschmerzen und Schnarchen &nbsp; COUSSIN HEADREST Une ergoth\u00e9rapeute souffrant de trois hernies discale confirme: \"Soulagement \" important et r\u00e9duction des douleurs d\u00e8s la premier nuit. Enveloppe : Housse double en coton avec 25 % PES avec fermeture \u00e0 glissi\u00e8re Enveloppe int\u00e9rieur: Percale de 100 % coton avec fermeture \u00e0 glissi\u00e8re Garnissage: 100% balles de millet enrichies de copeaux&nbsp;<a href=\"https:\/\/bien-etreiris.ch\/de\/produktpraesentation\/entspannen\/wohlfuhlkissen\/schlafbalance\/\" class=\"read-more\">Weiter lesen<\/a><\/p>\n","protected":false},"author":1,"featured_media":96545,"parent":15875,"menu_order":7663,"comment_status":"closed","ping_status":"closed","template":"","meta":{"_acf_changed":false,"ngg_post_thumbnail":0,"footnotes":""},"class_list":["post-16425","page","type-page","status-publish","has-post-thumbnail","hentry"],"acf":[],"yoast_head":"<!-- This site is optimized with the Yoast SEO plugin v27.4 - https:\/\/yoast.com\/product\/yoast-seo-wordpress\/ -->\n<title>SCHLAFBALANCE - WOHLBEFINDEN<\/title>\n<meta name=\"robots\" content=\"index, follow, max-snippet:-1, max-image-preview:large, max-video-preview:-1\" \/>\n<link rel=\"canonical\" href=\"https:\/\/bien-etreiris.ch\/de\/produktpraesentation\/entspannen\/wohlfuhlkissen\/schlafbalance\/\" \/>\n<meta property=\"og:locale\" content=\"de_DE\" \/>\n<meta property=\"og:type\" content=\"article\" \/>\n<meta property=\"og:title\" content=\"SCHLAFBALANCE - WOHLBEFINDEN\" \/>\n<meta property=\"og:description\" content=\"Empfohlen bei Nackenschmerzen und Schnarchen &nbsp; COUSSIN HEADREST Une ergoth\u00e9rapeute souffrant de trois hernies discale confirme: &quot;Soulagement &quot; important et r\u00e9duction des douleurs d\u00e8s la premier nuit. Enveloppe : Housse double en coton avec 25 % PES avec fermeture \u00e0 glissi\u00e8re Enveloppe int\u00e9rieur: Percale de 100 % coton avec fermeture \u00e0 glissi\u00e8re Garnissage: 100% balles de millet enrichies de copeaux&nbsp;Weiter lesen\" \/>\n<meta property=\"og:url\" content=\"https:\/\/bien-etreiris.ch\/de\/produktpraesentation\/entspannen\/wohlfuhlkissen\/schlafbalance\/\" \/>\n<meta property=\"og:site_name\" content=\"WOHLBEFINDEN\" \/>\n<meta property=\"article:publisher\" content=\"https:\/\/www.facebook.com\/bienetreiris\/\" \/>\n<meta property=\"article:modified_time\" content=\"2025-05-18T22:17:52+00:00\" \/>\n<meta property=\"og:image\" content=\"https:\/\/bien-etreiris.ch\/wp-content\/uploads\/2025\/05\/Balance2.jpg\" \/>\n\t<meta property=\"og:image:width\" content=\"500\" \/>\n\t<meta property=\"og:image:height\" content=\"333\" \/>\n\t<meta property=\"og:image:type\" content=\"image\/jpeg\" \/>\n<meta name=\"twitter:label1\" content=\"Gesch\u00e4tzte Lesezeit\" \/>\n\t<meta name=\"twitter:data1\" content=\"3\u00a0Minuten\" \/>\n<script type=\"application\/ld+json\" class=\"yoast-schema-graph\">{\"@context\":\"https:\\\/\\\/schema.org\",\"@graph\":[{\"@type\":\"WebPage\",\"@id\":\"https:\\\/\\\/bien-etreiris.ch\\\/de\\\/produktpraesentation\\\/entspannen\\\/wohlfuhlkissen\\\/schlafbalance\\\/\",\"url\":\"https:\\\/\\\/bien-etreiris.ch\\\/de\\\/produktpraesentation\\\/entspannen\\\/wohlfuhlkissen\\\/schlafbalance\\\/\",\"name\":\"SCHLAFBALANCE - WOHLBEFINDEN\",\"isPartOf\":{\"@id\":\"https:\\\/\\\/bien-etreiris.ch\\\/de\\\/#website\"},\"primaryImageOfPage\":{\"@id\":\"https:\\\/\\\/bien-etreiris.ch\\\/de\\\/produktpraesentation\\\/entspannen\\\/wohlfuhlkissen\\\/schlafbalance\\\/#primaryimage\"},\"image\":{\"@id\":\"https:\\\/\\\/bien-etreiris.ch\\\/de\\\/produktpraesentation\\\/entspannen\\\/wohlfuhlkissen\\\/schlafbalance\\\/#primaryimage\"},\"thumbnailUrl\":\"https:\\\/\\\/bien-etreiris.ch\\\/wp-content\\\/uploads\\\/2025\\\/05\\\/Balance2.jpg\",\"datePublished\":\"2019-04-20T07:57:55+00:00\",\"dateModified\":\"2025-05-18T22:17:52+00:00\",\"breadcrumb\":{\"@id\":\"https:\\\/\\\/bien-etreiris.ch\\\/de\\\/produktpraesentation\\\/entspannen\\\/wohlfuhlkissen\\\/schlafbalance\\\/#breadcrumb\"},\"inLanguage\":\"de\",\"potentialAction\":[{\"@type\":\"ReadAction\",\"target\":[\"https:\\\/\\\/bien-etreiris.ch\\\/de\\\/produktpraesentation\\\/entspannen\\\/wohlfuhlkissen\\\/schlafbalance\\\/\"]}]},{\"@type\":\"ImageObject\",\"inLanguage\":\"de\",\"@id\":\"https:\\\/\\\/bien-etreiris.ch\\\/de\\\/produktpraesentation\\\/entspannen\\\/wohlfuhlkissen\\\/schlafbalance\\\/#primaryimage\",\"url\":\"https:\\\/\\\/bien-etreiris.ch\\\/wp-content\\\/uploads\\\/2025\\\/05\\\/Balance2.jpg\",\"contentUrl\":\"https:\\\/\\\/bien-etreiris.ch\\\/wp-content\\\/uploads\\\/2025\\\/05\\\/Balance2.jpg\",\"width\":500,\"height\":333},{\"@type\":\"BreadcrumbList\",\"@id\":\"https:\\\/\\\/bien-etreiris.ch\\\/de\\\/produktpraesentation\\\/entspannen\\\/wohlfuhlkissen\\\/schlafbalance\\\/#breadcrumb\",\"itemListElement\":[{\"@type\":\"ListItem\",\"position\":1,\"name\":\"Home\",\"item\":\"https:\\\/\\\/bien-etreiris.ch\\\/de\\\/\"},{\"@type\":\"ListItem\",\"position\":2,\"name\":\"PRODUKTPR\u00c4SENTATION\",\"item\":\"https:\\\/\\\/bien-etreiris.ch\\\/de\\\/produktpraesentation\\\/\"},{\"@type\":\"ListItem\",\"position\":3,\"name\":\"ENTSPANNEND\",\"item\":\"https:\\\/\\\/bien-etreiris.ch\\\/de\\\/produktpraesentation\\\/entspannen\\\/\"},{\"@type\":\"ListItem\",\"position\":4,\"name\":\"WOHLF\u00dcHLKISSEN\",\"item\":\"https:\\\/\\\/bien-etreiris.ch\\\/de\\\/produktpraesentation\\\/entspannen\\\/wohlfuhlkissen\\\/\"},{\"@type\":\"ListItem\",\"position\":5,\"name\":\"SCHLAFBALANCE\"}]},{\"@type\":\"WebSite\",\"@id\":\"https:\\\/\\\/bien-etreiris.ch\\\/de\\\/#website\",\"url\":\"https:\\\/\\\/bien-etreiris.ch\\\/de\\\/\",\"name\":\"Bien-\u00eatre Iris\",\"description\":\"IHRE Gesundheit ist uns wichtig\",\"potentialAction\":[{\"@type\":\"SearchAction\",\"target\":{\"@type\":\"EntryPoint\",\"urlTemplate\":\"https:\\\/\\\/bien-etreiris.ch\\\/de\\\/?s={search_term_string}\"},\"query-input\":{\"@type\":\"PropertyValueSpecification\",\"valueRequired\":true,\"valueName\":\"search_term_string\"}}],\"inLanguage\":\"de\"}]}<\/script>\n<!-- \/ Yoast SEO plugin. -->","yoast_head_json":{"title":"SCHLAFBALANCE - WOHLBEFINDEN","robots":{"index":"index","follow":"follow","max-snippet":"max-snippet:-1","max-image-preview":"max-image-preview:large","max-video-preview":"max-video-preview:-1"},"canonical":"https:\/\/bien-etreiris.ch\/de\/produktpraesentation\/entspannen\/wohlfuhlkissen\/schlafbalance\/","og_locale":"de_DE","og_type":"article","og_title":"SCHLAFBALANCE - WOHLBEFINDEN","og_description":"Empfohlen bei Nackenschmerzen und Schnarchen &nbsp; COUSSIN HEADREST Une ergoth\u00e9rapeute souffrant de trois hernies discale confirme: \"Soulagement \" important et r\u00e9duction des douleurs d\u00e8s la premier nuit. Enveloppe : Housse double en coton avec 25 % PES avec fermeture \u00e0 glissi\u00e8re Enveloppe int\u00e9rieur: Percale de 100 % coton avec fermeture \u00e0 glissi\u00e8re Garnissage: 100% balles de millet enrichies de copeaux&nbsp;Weiter lesen","og_url":"https:\/\/bien-etreiris.ch\/de\/produktpraesentation\/entspannen\/wohlfuhlkissen\/schlafbalance\/","og_site_name":"WOHLBEFINDEN","article_publisher":"https:\/\/www.facebook.com\/bienetreiris\/","article_modified_time":"2025-05-18T22:17:52+00:00","og_image":[{"width":500,"height":333,"url":"https:\/\/bien-etreiris.ch\/wp-content\/uploads\/2025\/05\/Balance2.jpg","type":"image\/jpeg"}],"twitter_misc":{"Gesch\u00e4tzte Lesezeit":"3\u00a0Minuten"},"schema":{"@context":"https:\/\/schema.org","@graph":[{"@type":"WebPage","@id":"https:\/\/bien-etreiris.ch\/de\/produktpraesentation\/entspannen\/wohlfuhlkissen\/schlafbalance\/","url":"https:\/\/bien-etreiris.ch\/de\/produktpraesentation\/entspannen\/wohlfuhlkissen\/schlafbalance\/","name":"SCHLAFBALANCE - WOHLBEFINDEN","isPartOf":{"@id":"https:\/\/bien-etreiris.ch\/de\/#website"},"primaryImageOfPage":{"@id":"https:\/\/bien-etreiris.ch\/de\/produktpraesentation\/entspannen\/wohlfuhlkissen\/schlafbalance\/#primaryimage"},"image":{"@id":"https:\/\/bien-etreiris.ch\/de\/produktpraesentation\/entspannen\/wohlfuhlkissen\/schlafbalance\/#primaryimage"},"thumbnailUrl":"https:\/\/bien-etreiris.ch\/wp-content\/uploads\/2025\/05\/Balance2.jpg","datePublished":"2019-04-20T07:57:55+00:00","dateModified":"2025-05-18T22:17:52+00:00","breadcrumb":{"@id":"https:\/\/bien-etreiris.ch\/de\/produktpraesentation\/entspannen\/wohlfuhlkissen\/schlafbalance\/#breadcrumb"},"inLanguage":"de","potentialAction":[{"@type":"ReadAction","target":["https:\/\/bien-etreiris.ch\/de\/produktpraesentation\/entspannen\/wohlfuhlkissen\/schlafbalance\/"]}]},{"@type":"ImageObject","inLanguage":"de","@id":"https:\/\/bien-etreiris.ch\/de\/produktpraesentation\/entspannen\/wohlfuhlkissen\/schlafbalance\/#primaryimage","url":"https:\/\/bien-etreiris.ch\/wp-content\/uploads\/2025\/05\/Balance2.jpg","contentUrl":"https:\/\/bien-etreiris.ch\/wp-content\/uploads\/2025\/05\/Balance2.jpg","width":500,"height":333},{"@type":"BreadcrumbList","@id":"https:\/\/bien-etreiris.ch\/de\/produktpraesentation\/entspannen\/wohlfuhlkissen\/schlafbalance\/#breadcrumb","itemListElement":[{"@type":"ListItem","position":1,"name":"Home","item":"https:\/\/bien-etreiris.ch\/de\/"},{"@type":"ListItem","position":2,"name":"PRODUKTPR\u00c4SENTATION","item":"https:\/\/bien-etreiris.ch\/de\/produktpraesentation\/"},{"@type":"ListItem","position":3,"name":"ENTSPANNEND","item":"https:\/\/bien-etreiris.ch\/de\/produktpraesentation\/entspannen\/"},{"@type":"ListItem","position":4,"name":"WOHLF\u00dcHLKISSEN","item":"https:\/\/bien-etreiris.ch\/de\/produktpraesentation\/entspannen\/wohlfuhlkissen\/"},{"@type":"ListItem","position":5,"name":"SCHLAFBALANCE"}]},{"@type":"WebSite","@id":"https:\/\/bien-etreiris.ch\/de\/#website","url":"https:\/\/bien-etreiris.ch\/de\/","name":"Bien-\u00eatre Iris","description":"IHRE Gesundheit ist uns wichtig","potentialAction":[{"@type":"SearchAction","target":{"@type":"EntryPoint","urlTemplate":"https:\/\/bien-etreiris.ch\/de\/?s={search_term_string}"},"query-input":{"@type":"PropertyValueSpecification","valueRequired":true,"valueName":"search_term_string"}}],"inLanguage":"de"}]}},"_links":{"self":[{"href":"https:\/\/bien-etreiris.ch\/de\/wp-json\/wp\/v2\/pages\/16425","targetHints":{"allow":["GET"]}}],"collection":[{"href":"https:\/\/bien-etreiris.ch\/de\/wp-json\/wp\/v2\/pages"}],"about":[{"href":"https:\/\/bien-etreiris.ch\/de\/wp-json\/wp\/v2\/types\/page"}],"author":[{"embeddable":true,"href":"https:\/\/bien-etreiris.ch\/de\/wp-json\/wp\/v2\/users\/1"}],"replies":[{"embeddable":true,"href":"https:\/\/bien-etreiris.ch\/de\/wp-json\/wp\/v2\/comments?post=16425"}],"version-history":[{"count":5,"href":"https:\/\/bien-etreiris.ch\/de\/wp-json\/wp\/v2\/pages\/16425\/revisions"}],"predecessor-version":[{"id":48492,"href":"https:\/\/bien-etreiris.ch\/de\/wp-json\/wp\/v2\/pages\/16425\/revisions\/48492"}],"up":[{"embeddable":true,"href":"https:\/\/bien-etreiris.ch\/de\/wp-json\/wp\/v2\/pages\/15875"}],"wp:featuredmedia":[{"embeddable":true,"href":"https:\/\/bien-etreiris.ch\/de\/wp-json\/wp\/v2\/media\/96545"}],"wp:attachment":[{"href":"https:\/\/bien-etreiris.ch\/de\/wp-json\/wp\/v2\/media?parent=16425"}],"curies":[{"name":"wp","href":"https:\/\/api.w.org\/{rel}","templated":true}]}}