{"id":16315,"date":"2019-04-02T16:30:39","date_gmt":"2019-04-02T16:30:39","guid":{"rendered":"https:\/\/bien-etreiris.ch\/wohlbefinden\/relaxant\/"},"modified":"2024-08-08T04:41:20","modified_gmt":"2024-08-08T02:41:20","slug":"entspannen","status":"publish","type":"page","link":"https:\/\/bien-etreiris.ch\/de\/produktpraesentation\/entspannen\/","title":{"rendered":"ENTSPANNEND"},"content":{"rendered":"\n<h2>Entspannend<\/h2>\n<p>Wer es schafft, seinen K\u00f6rper zu entspannen, kann auch mit mentalem Stress besser umgehen. Dies ist mit traditionellen Methoden m\u00f6glich, aber auch mit neueren Methoden, deren Wirksamkeit wissenschaftlich nachgewiesen wurde. In der Rubrik <a href=\"https:\/\/bien-etreiris.ch\/de\/produktpraesentation\/entspannen\/schluessel-zur-selbsthilfe\/\" target=\"_blank\" rel=\"noopener\"><span style=\"color: #99cc00;\">SELBSTH<\/span><span style=\"color: #99cc00;\">ILFE <\/span><\/a>geben wir einige Anregungen, wie Sie Ihren K\u00f6rper entspannen und zum Wohle Ihrer Gesundheit richtig atmen k\u00f6nnen.<\/p>\n<p>Gleichzeitig stellen wir Ihnen einige Artikel vor, mit denen Sie Ihre Entspannungs\u00fcbungen erleichtern k\u00f6nnen, sowie einige Produkte zur Verringerung k\u00f6rperlicher Schmerzen, damit Sie Ihren K\u00f6rper entspannen und sich erholen k\u00f6nnen.<\/p>\n<p>Ausserdem finden Sie einige sch\u00f6ne Geschenkideen f\u00fcr Frauen und M\u00e4nner, \u00fcber die sich der Beschenkte allein oder gemeinsam mit Ihnen freuen kann.<\/p>\n<p>&nbsp;<\/p>\n","protected":false},"excerpt":{"rendered":"<p>Entspannend Wer es schafft, seinen K\u00f6rper zu entspannen, kann auch mit mentalem Stress besser umgehen. Dies ist mit traditionellen Methoden m\u00f6glich, aber auch mit neueren Methoden, deren Wirksamkeit wissenschaftlich nachgewiesen wurde. In der Rubrik SELBSTHILFE geben wir einige Anregungen, wie Sie Ihren K\u00f6rper entspannen und zum Wohle Ihrer Gesundheit richtig atmen k\u00f6nnen. Gleichzeitig stellen wir Ihnen einige Artikel vor, mit&nbsp;<a href=\"https:\/\/bien-etreiris.ch\/de\/produktpraesentation\/entspannen\/\" class=\"read-more\">Weiter lesen<\/a><\/p>\n","protected":false},"author":1,"featured_media":43230,"parent":13332,"menu_order":7676,"comment_status":"closed","ping_status":"closed","template":"page-with-child.php","meta":{"_acf_changed":false,"ngg_post_thumbnail":0,"footnotes":""},"class_list":["post-16315","page","type-page","status-publish","has-post-thumbnail","hentry"],"acf":[],"yoast_head":"<!-- This site is optimized with the Yoast SEO plugin v27.5 - https:\/\/yoast.com\/product\/yoast-seo-wordpress\/ -->\n<title>ENTSPANNEND - WOHLBEFINDEN<\/title>\n<meta name=\"robots\" content=\"index, follow, max-snippet:-1, max-image-preview:large, max-video-preview:-1\" \/>\n<link rel=\"canonical\" href=\"https:\/\/bien-etreiris.ch\/de\/produktpraesentation\/entspannen\/\" \/>\n<meta property=\"og:locale\" content=\"de_DE\" \/>\n<meta property=\"og:type\" content=\"article\" \/>\n<meta property=\"og:title\" content=\"ENTSPANNEND - WOHLBEFINDEN\" \/>\n<meta property=\"og:description\" content=\"Entspannend Wer es schafft, seinen K\u00f6rper zu entspannen, kann auch mit mentalem Stress besser umgehen. Dies ist mit traditionellen Methoden m\u00f6glich, aber auch mit neueren Methoden, deren Wirksamkeit wissenschaftlich nachgewiesen wurde. In der Rubrik SELBSTHILFE geben wir einige Anregungen, wie Sie Ihren K\u00f6rper entspannen und zum Wohle Ihrer Gesundheit richtig atmen k\u00f6nnen. Gleichzeitig stellen wir Ihnen einige Artikel vor, mit&nbsp;Weiter lesen\" \/>\n<meta property=\"og:url\" content=\"https:\/\/bien-etreiris.ch\/de\/produktpraesentation\/entspannen\/\" \/>\n<meta property=\"og:site_name\" content=\"WOHLBEFINDEN\" \/>\n<meta property=\"article:publisher\" content=\"https:\/\/www.facebook.com\/bienetreiris\/\" \/>\n<meta property=\"article:modified_time\" content=\"2024-08-08T02:41:20+00:00\" \/>\n<meta property=\"og:image\" content=\"https:\/\/bien-etreiris.ch\/wp-content\/uploads\/2021\/04\/Titel-3.jpg\" \/>\n\t<meta property=\"og:image:width\" content=\"500\" \/>\n\t<meta property=\"og:image:height\" content=\"356\" \/>\n\t<meta property=\"og:image:type\" content=\"image\/jpeg\" \/>\n<meta name=\"twitter:label1\" content=\"Gesch\u00e4tzte Lesezeit\" \/>\n\t<meta name=\"twitter:data1\" content=\"1\u00a0Minute\" \/>\n<script type=\"application\/ld+json\" class=\"yoast-schema-graph\">{\"@context\":\"https:\\\/\\\/schema.org\",\"@graph\":[{\"@type\":\"WebPage\",\"@id\":\"https:\\\/\\\/bien-etreiris.ch\\\/de\\\/produktpraesentation\\\/entspannen\\\/\",\"url\":\"https:\\\/\\\/bien-etreiris.ch\\\/de\\\/produktpraesentation\\\/entspannen\\\/\",\"name\":\"ENTSPANNEND - WOHLBEFINDEN\",\"isPartOf\":{\"@id\":\"https:\\\/\\\/bien-etreiris.ch\\\/de\\\/#website\"},\"primaryImageOfPage\":{\"@id\":\"https:\\\/\\\/bien-etreiris.ch\\\/de\\\/produktpraesentation\\\/entspannen\\\/#primaryimage\"},\"image\":{\"@id\":\"https:\\\/\\\/bien-etreiris.ch\\\/de\\\/produktpraesentation\\\/entspannen\\\/#primaryimage\"},\"thumbnailUrl\":\"https:\\\/\\\/bien-etreiris.ch\\\/wp-content\\\/uploads\\\/2021\\\/04\\\/Titel-3.jpg\",\"datePublished\":\"2019-04-02T16:30:39+00:00\",\"dateModified\":\"2024-08-08T02:41:20+00:00\",\"breadcrumb\":{\"@id\":\"https:\\\/\\\/bien-etreiris.ch\\\/de\\\/produktpraesentation\\\/entspannen\\\/#breadcrumb\"},\"inLanguage\":\"de\",\"potentialAction\":[{\"@type\":\"ReadAction\",\"target\":[\"https:\\\/\\\/bien-etreiris.ch\\\/de\\\/produktpraesentation\\\/entspannen\\\/\"]}]},{\"@type\":\"ImageObject\",\"inLanguage\":\"de\",\"@id\":\"https:\\\/\\\/bien-etreiris.ch\\\/de\\\/produktpraesentation\\\/entspannen\\\/#primaryimage\",\"url\":\"https:\\\/\\\/bien-etreiris.ch\\\/wp-content\\\/uploads\\\/2021\\\/04\\\/Titel-3.jpg\",\"contentUrl\":\"https:\\\/\\\/bien-etreiris.ch\\\/wp-content\\\/uploads\\\/2021\\\/04\\\/Titel-3.jpg\",\"width\":500,\"height\":356},{\"@type\":\"BreadcrumbList\",\"@id\":\"https:\\\/\\\/bien-etreiris.ch\\\/de\\\/produktpraesentation\\\/entspannen\\\/#breadcrumb\",\"itemListElement\":[{\"@type\":\"ListItem\",\"position\":1,\"name\":\"Home\",\"item\":\"https:\\\/\\\/bien-etreiris.ch\\\/de\\\/\"},{\"@type\":\"ListItem\",\"position\":2,\"name\":\"PRODUKTPR\u00c4SENTATION\",\"item\":\"https:\\\/\\\/bien-etreiris.ch\\\/de\\\/produktpraesentation\\\/\"},{\"@type\":\"ListItem\",\"position\":3,\"name\":\"ENTSPANNEND\"}]},{\"@type\":\"WebSite\",\"@id\":\"https:\\\/\\\/bien-etreiris.ch\\\/de\\\/#website\",\"url\":\"https:\\\/\\\/bien-etreiris.ch\\\/de\\\/\",\"name\":\"Bien-\u00eatre Iris\",\"description\":\"IHRE Gesundheit ist uns wichtig\",\"potentialAction\":[{\"@type\":\"SearchAction\",\"target\":{\"@type\":\"EntryPoint\",\"urlTemplate\":\"https:\\\/\\\/bien-etreiris.ch\\\/de\\\/?s={search_term_string}\"},\"query-input\":{\"@type\":\"PropertyValueSpecification\",\"valueRequired\":true,\"valueName\":\"search_term_string\"}}],\"inLanguage\":\"de\"}]}<\/script>\n<!-- \/ Yoast SEO plugin. -->","yoast_head_json":{"title":"ENTSPANNEND - WOHLBEFINDEN","robots":{"index":"index","follow":"follow","max-snippet":"max-snippet:-1","max-image-preview":"max-image-preview:large","max-video-preview":"max-video-preview:-1"},"canonical":"https:\/\/bien-etreiris.ch\/de\/produktpraesentation\/entspannen\/","og_locale":"de_DE","og_type":"article","og_title":"ENTSPANNEND - WOHLBEFINDEN","og_description":"Entspannend Wer es schafft, seinen K\u00f6rper zu entspannen, kann auch mit mentalem Stress besser umgehen. Dies ist mit traditionellen Methoden m\u00f6glich, aber auch mit neueren Methoden, deren Wirksamkeit wissenschaftlich nachgewiesen wurde. In der Rubrik SELBSTHILFE geben wir einige Anregungen, wie Sie Ihren K\u00f6rper entspannen und zum Wohle Ihrer Gesundheit richtig atmen k\u00f6nnen. Gleichzeitig stellen wir Ihnen einige Artikel vor, mit&nbsp;Weiter lesen","og_url":"https:\/\/bien-etreiris.ch\/de\/produktpraesentation\/entspannen\/","og_site_name":"WOHLBEFINDEN","article_publisher":"https:\/\/www.facebook.com\/bienetreiris\/","article_modified_time":"2024-08-08T02:41:20+00:00","og_image":[{"width":500,"height":356,"url":"https:\/\/bien-etreiris.ch\/wp-content\/uploads\/2021\/04\/Titel-3.jpg","type":"image\/jpeg"}],"twitter_misc":{"Gesch\u00e4tzte Lesezeit":"1\u00a0Minute"},"schema":{"@context":"https:\/\/schema.org","@graph":[{"@type":"WebPage","@id":"https:\/\/bien-etreiris.ch\/de\/produktpraesentation\/entspannen\/","url":"https:\/\/bien-etreiris.ch\/de\/produktpraesentation\/entspannen\/","name":"ENTSPANNEND - WOHLBEFINDEN","isPartOf":{"@id":"https:\/\/bien-etreiris.ch\/de\/#website"},"primaryImageOfPage":{"@id":"https:\/\/bien-etreiris.ch\/de\/produktpraesentation\/entspannen\/#primaryimage"},"image":{"@id":"https:\/\/bien-etreiris.ch\/de\/produktpraesentation\/entspannen\/#primaryimage"},"thumbnailUrl":"https:\/\/bien-etreiris.ch\/wp-content\/uploads\/2021\/04\/Titel-3.jpg","datePublished":"2019-04-02T16:30:39+00:00","dateModified":"2024-08-08T02:41:20+00:00","breadcrumb":{"@id":"https:\/\/bien-etreiris.ch\/de\/produktpraesentation\/entspannen\/#breadcrumb"},"inLanguage":"de","potentialAction":[{"@type":"ReadAction","target":["https:\/\/bien-etreiris.ch\/de\/produktpraesentation\/entspannen\/"]}]},{"@type":"ImageObject","inLanguage":"de","@id":"https:\/\/bien-etreiris.ch\/de\/produktpraesentation\/entspannen\/#primaryimage","url":"https:\/\/bien-etreiris.ch\/wp-content\/uploads\/2021\/04\/Titel-3.jpg","contentUrl":"https:\/\/bien-etreiris.ch\/wp-content\/uploads\/2021\/04\/Titel-3.jpg","width":500,"height":356},{"@type":"BreadcrumbList","@id":"https:\/\/bien-etreiris.ch\/de\/produktpraesentation\/entspannen\/#breadcrumb","itemListElement":[{"@type":"ListItem","position":1,"name":"Home","item":"https:\/\/bien-etreiris.ch\/de\/"},{"@type":"ListItem","position":2,"name":"PRODUKTPR\u00c4SENTATION","item":"https:\/\/bien-etreiris.ch\/de\/produktpraesentation\/"},{"@type":"ListItem","position":3,"name":"ENTSPANNEND"}]},{"@type":"WebSite","@id":"https:\/\/bien-etreiris.ch\/de\/#website","url":"https:\/\/bien-etreiris.ch\/de\/","name":"Bien-\u00eatre Iris","description":"IHRE Gesundheit ist uns wichtig","potentialAction":[{"@type":"SearchAction","target":{"@type":"EntryPoint","urlTemplate":"https:\/\/bien-etreiris.ch\/de\/?s={search_term_string}"},"query-input":{"@type":"PropertyValueSpecification","valueRequired":true,"valueName":"search_term_string"}}],"inLanguage":"de"}]}},"_links":{"self":[{"href":"https:\/\/bien-etreiris.ch\/de\/wp-json\/wp\/v2\/pages\/16315","targetHints":{"allow":["GET"]}}],"collection":[{"href":"https:\/\/bien-etreiris.ch\/de\/wp-json\/wp\/v2\/pages"}],"about":[{"href":"https:\/\/bien-etreiris.ch\/de\/wp-json\/wp\/v2\/types\/page"}],"author":[{"embeddable":true,"href":"https:\/\/bien-etreiris.ch\/de\/wp-json\/wp\/v2\/users\/1"}],"replies":[{"embeddable":true,"href":"https:\/\/bien-etreiris.ch\/de\/wp-json\/wp\/v2\/comments?post=16315"}],"version-history":[{"count":8,"href":"https:\/\/bien-etreiris.ch\/de\/wp-json\/wp\/v2\/pages\/16315\/revisions"}],"predecessor-version":[{"id":86832,"href":"https:\/\/bien-etreiris.ch\/de\/wp-json\/wp\/v2\/pages\/16315\/revisions\/86832"}],"up":[{"embeddable":true,"href":"https:\/\/bien-etreiris.ch\/de\/wp-json\/wp\/v2\/pages\/13332"}],"wp:featuredmedia":[{"embeddable":true,"href":"https:\/\/bien-etreiris.ch\/de\/wp-json\/wp\/v2\/media\/43230"}],"wp:attachment":[{"href":"https:\/\/bien-etreiris.ch\/de\/wp-json\/wp\/v2\/media?parent=16315"}],"curies":[{"name":"wp","href":"https:\/\/api.w.org\/{rel}","templated":true}]}}