{"id":15891,"date":"2019-04-02T16:32:19","date_gmt":"2019-04-02T16:32:19","guid":{"rendered":"https:\/\/bien-etreiris.ch\/wohlbefinden\/ayurvedic\/"},"modified":"2021-04-28T23:23:08","modified_gmt":"2021-04-28T21:23:08","slug":"ayurveda","status":"publish","type":"page","link":"https:\/\/bien-etreiris.ch\/de\/produktpraesentation\/natuerliche-heilmittel\/ayurveda\/","title":{"rendered":"AYURVEDA"},"content":{"rendered":"<p><strong><span style=\"font-size: 12pt;\">Das Beste aus der Natur f\u00fcr Gesundheit &amp; Wohlbefinden<\/span><\/strong><\/p>\n<p><span style=\"font-size: 18pt;\"><strong>Samdaya - Ayurvedische Begleiter f\u00fcr jeden Tag<\/strong><\/span><\/p>\n<p><strong>Ayurveda Mischungen f\u00fcr Ihre Gesundheit und Ihr Wohlbefinden<\/strong><\/p>\n<p>Ayurveda bedeutet \u00abdas Wissen vom Leben\u201d und bezeichnet eine traditionelle, jahrtausendalte indische Heilkunst, die ihren Ursprung in der vedischen Hochkultur hat. Das Bestreben, die Harmonie in K\u00f6rper und Geist zu erhalten oder wiederherzustellen, steht im Zentrum des Ayurveda. Beste Voraussetzungen, um den verbreiteten, durch unsere moderne Lebensweise verursachten Stress und Erm\u00fcdungserscheinungen entgegenzuwirken. Die Samdaya-Produkte schaffen Abhilfe. Sie lindern die Folgen k\u00f6rperlicher sowie geistiger \u00dcberanstrengungen, f\u00f6rdern auf sanfte Weise die nat\u00fcrliche Regeneration und bringen uns wieder in Balance.<\/p>\n<p>Die Samdaya Wellness-\/Gesundheitsprodukte wurden in langj\u00e4hriger, enger Zusammenarbeit mit ayurvedischen \u00c4rzten und Heilpraktikern aus Indien, Nepal und Tibet entwickelt. Die verwendeten ayurvedischen Kr\u00e4utermischungen sind optimal abgestimmt auf die Herausforderungen des modernen Alltags. Sie wirken reinigend auf K\u00f6rper, Geist und Seele und inspirieren unsere Sinne. S\u00e4mtliche Kr\u00e4uter, Bl\u00fcten und H\u00f6lzer stammen aus kontrollierten Wildsammlungen in den W\u00e4ldern des Himalayas und organisch biologischen Landbetrieben in Nepal. Die Kr\u00e4uter werden von Hand gesammelt und schonend weiterverarbeitet. Die Herstellung der Samdaya -Produkte erfolgt mit grosser Sorgfalt in kleinen Betrieben in Nepal von Exil-Tibeterinnen und Nepali-Frauen. Wir achten streng darauf, dass die gesamte Produktion ohne Kinderarbeit und unter Ber\u00fccksichtigung der Fairtrade-Richtlinien erfolgt. Alle Zutaten sind weder chemisch behandelt noch bestrahlt.<\/p>\n<p>&nbsp;<\/p>\n","protected":false},"excerpt":{"rendered":"<p>Das Beste aus der Natur f\u00fcr Gesundheit &amp; Wohlbefinden Samdaya - Ayurvedische Begleiter f\u00fcr jeden Tag Ayurveda Mischungen f\u00fcr Ihre Gesundheit und Ihr Wohlbefinden Ayurveda bedeutet \u00abdas Wissen vom Leben\u201d und bezeichnet eine traditionelle, jahrtausendalte indische Heilkunst, die ihren Ursprung in der vedischen Hochkultur hat. Das Bestreben, die Harmonie in K\u00f6rper und Geist zu erhalten oder wiederherzustellen, steht im Zentrum&nbsp;<a href=\"https:\/\/bien-etreiris.ch\/de\/produktpraesentation\/natuerliche-heilmittel\/ayurveda\/\" class=\"read-more\">Weiter lesen<\/a><\/p>\n","protected":false},"author":1,"featured_media":42446,"parent":30344,"menu_order":7673,"comment_status":"closed","ping_status":"closed","template":"page-with-child.php","meta":{"_acf_changed":false,"ngg_post_thumbnail":0,"footnotes":""},"class_list":["post-15891","page","type-page","status-publish","has-post-thumbnail","hentry"],"acf":[],"yoast_head":"<!-- This site is optimized with the Yoast SEO plugin v27.5 - https:\/\/yoast.com\/product\/yoast-seo-wordpress\/ -->\n<title>AYURVEDA - WOHLBEFINDEN<\/title>\n<meta name=\"robots\" content=\"index, follow, max-snippet:-1, max-image-preview:large, max-video-preview:-1\" \/>\n<link rel=\"canonical\" href=\"https:\/\/bien-etreiris.ch\/de\/produktpraesentation\/natuerliche-heilmittel\/ayurveda\/\" \/>\n<meta property=\"og:locale\" content=\"de_DE\" \/>\n<meta property=\"og:type\" content=\"article\" \/>\n<meta property=\"og:title\" content=\"AYURVEDA - WOHLBEFINDEN\" \/>\n<meta property=\"og:description\" content=\"Das Beste aus der Natur f\u00fcr Gesundheit &amp; Wohlbefinden Samdaya - Ayurvedische Begleiter f\u00fcr jeden Tag Ayurveda Mischungen f\u00fcr Ihre Gesundheit und Ihr Wohlbefinden Ayurveda bedeutet \u00abdas Wissen vom Leben\u201d und bezeichnet eine traditionelle, jahrtausendalte indische Heilkunst, die ihren Ursprung in der vedischen Hochkultur hat. Das Bestreben, die Harmonie in K\u00f6rper und Geist zu erhalten oder wiederherzustellen, steht im Zentrum&nbsp;Weiter lesen\" \/>\n<meta property=\"og:url\" content=\"https:\/\/bien-etreiris.ch\/de\/produktpraesentation\/natuerliche-heilmittel\/ayurveda\/\" \/>\n<meta property=\"og:site_name\" content=\"WOHLBEFINDEN\" \/>\n<meta property=\"article:publisher\" content=\"https:\/\/www.facebook.com\/bienetreiris\/\" \/>\n<meta property=\"article:modified_time\" content=\"2021-04-28T21:23:08+00:00\" \/>\n<meta property=\"og:image\" content=\"https:\/\/bien-etreiris.ch\/wp-content\/uploads\/2021\/04\/acceuil-ayurvedique.jpg\" \/>\n\t<meta property=\"og:image:width\" content=\"500\" \/>\n\t<meta property=\"og:image:height\" content=\"375\" \/>\n\t<meta property=\"og:image:type\" content=\"image\/jpeg\" \/>\n<meta name=\"twitter:label1\" content=\"Gesch\u00e4tzte Lesezeit\" \/>\n\t<meta name=\"twitter:data1\" content=\"1\u00a0Minute\" \/>\n<script type=\"application\/ld+json\" class=\"yoast-schema-graph\">{\"@context\":\"https:\\\/\\\/schema.org\",\"@graph\":[{\"@type\":\"WebPage\",\"@id\":\"https:\\\/\\\/bien-etreiris.ch\\\/de\\\/produktpraesentation\\\/natuerliche-heilmittel\\\/ayurveda\\\/\",\"url\":\"https:\\\/\\\/bien-etreiris.ch\\\/de\\\/produktpraesentation\\\/natuerliche-heilmittel\\\/ayurveda\\\/\",\"name\":\"AYURVEDA - WOHLBEFINDEN\",\"isPartOf\":{\"@id\":\"https:\\\/\\\/bien-etreiris.ch\\\/de\\\/#website\"},\"primaryImageOfPage\":{\"@id\":\"https:\\\/\\\/bien-etreiris.ch\\\/de\\\/produktpraesentation\\\/natuerliche-heilmittel\\\/ayurveda\\\/#primaryimage\"},\"image\":{\"@id\":\"https:\\\/\\\/bien-etreiris.ch\\\/de\\\/produktpraesentation\\\/natuerliche-heilmittel\\\/ayurveda\\\/#primaryimage\"},\"thumbnailUrl\":\"https:\\\/\\\/bien-etreiris.ch\\\/wp-content\\\/uploads\\\/2021\\\/04\\\/acceuil-ayurvedique.jpg\",\"datePublished\":\"2019-04-02T16:32:19+00:00\",\"dateModified\":\"2021-04-28T21:23:08+00:00\",\"breadcrumb\":{\"@id\":\"https:\\\/\\\/bien-etreiris.ch\\\/de\\\/produktpraesentation\\\/natuerliche-heilmittel\\\/ayurveda\\\/#breadcrumb\"},\"inLanguage\":\"de\",\"potentialAction\":[{\"@type\":\"ReadAction\",\"target\":[\"https:\\\/\\\/bien-etreiris.ch\\\/de\\\/produktpraesentation\\\/natuerliche-heilmittel\\\/ayurveda\\\/\"]}]},{\"@type\":\"ImageObject\",\"inLanguage\":\"de\",\"@id\":\"https:\\\/\\\/bien-etreiris.ch\\\/de\\\/produktpraesentation\\\/natuerliche-heilmittel\\\/ayurveda\\\/#primaryimage\",\"url\":\"https:\\\/\\\/bien-etreiris.ch\\\/wp-content\\\/uploads\\\/2021\\\/04\\\/acceuil-ayurvedique.jpg\",\"contentUrl\":\"https:\\\/\\\/bien-etreiris.ch\\\/wp-content\\\/uploads\\\/2021\\\/04\\\/acceuil-ayurvedique.jpg\",\"width\":500,\"height\":375},{\"@type\":\"BreadcrumbList\",\"@id\":\"https:\\\/\\\/bien-etreiris.ch\\\/de\\\/produktpraesentation\\\/natuerliche-heilmittel\\\/ayurveda\\\/#breadcrumb\",\"itemListElement\":[{\"@type\":\"ListItem\",\"position\":1,\"name\":\"Home\",\"item\":\"https:\\\/\\\/bien-etreiris.ch\\\/de\\\/\"},{\"@type\":\"ListItem\",\"position\":2,\"name\":\"PRODUKTPR\u00c4SENTATION\",\"item\":\"https:\\\/\\\/bien-etreiris.ch\\\/de\\\/produktpraesentation\\\/\"},{\"@type\":\"ListItem\",\"position\":3,\"name\":\"NAT\u00dcRLICHE HEILMITTEL\",\"item\":\"https:\\\/\\\/bien-etreiris.ch\\\/de\\\/produktpraesentation\\\/natuerliche-heilmittel\\\/\"},{\"@type\":\"ListItem\",\"position\":4,\"name\":\"AYURVEDA\"}]},{\"@type\":\"WebSite\",\"@id\":\"https:\\\/\\\/bien-etreiris.ch\\\/de\\\/#website\",\"url\":\"https:\\\/\\\/bien-etreiris.ch\\\/de\\\/\",\"name\":\"Bien-\u00eatre Iris\",\"description\":\"IHRE Gesundheit ist uns wichtig\",\"potentialAction\":[{\"@type\":\"SearchAction\",\"target\":{\"@type\":\"EntryPoint\",\"urlTemplate\":\"https:\\\/\\\/bien-etreiris.ch\\\/de\\\/?s={search_term_string}\"},\"query-input\":{\"@type\":\"PropertyValueSpecification\",\"valueRequired\":true,\"valueName\":\"search_term_string\"}}],\"inLanguage\":\"de\"}]}<\/script>\n<!-- \/ Yoast SEO plugin. -->","yoast_head_json":{"title":"AYURVEDA - WOHLBEFINDEN","robots":{"index":"index","follow":"follow","max-snippet":"max-snippet:-1","max-image-preview":"max-image-preview:large","max-video-preview":"max-video-preview:-1"},"canonical":"https:\/\/bien-etreiris.ch\/de\/produktpraesentation\/natuerliche-heilmittel\/ayurveda\/","og_locale":"de_DE","og_type":"article","og_title":"AYURVEDA - WOHLBEFINDEN","og_description":"Das Beste aus der Natur f\u00fcr Gesundheit &amp; Wohlbefinden Samdaya - Ayurvedische Begleiter f\u00fcr jeden Tag Ayurveda Mischungen f\u00fcr Ihre Gesundheit und Ihr Wohlbefinden Ayurveda bedeutet \u00abdas Wissen vom Leben\u201d und bezeichnet eine traditionelle, jahrtausendalte indische Heilkunst, die ihren Ursprung in der vedischen Hochkultur hat. Das Bestreben, die Harmonie in K\u00f6rper und Geist zu erhalten oder wiederherzustellen, steht im Zentrum&nbsp;Weiter lesen","og_url":"https:\/\/bien-etreiris.ch\/de\/produktpraesentation\/natuerliche-heilmittel\/ayurveda\/","og_site_name":"WOHLBEFINDEN","article_publisher":"https:\/\/www.facebook.com\/bienetreiris\/","article_modified_time":"2021-04-28T21:23:08+00:00","og_image":[{"width":500,"height":375,"url":"https:\/\/bien-etreiris.ch\/wp-content\/uploads\/2021\/04\/acceuil-ayurvedique.jpg","type":"image\/jpeg"}],"twitter_misc":{"Gesch\u00e4tzte Lesezeit":"1\u00a0Minute"},"schema":{"@context":"https:\/\/schema.org","@graph":[{"@type":"WebPage","@id":"https:\/\/bien-etreiris.ch\/de\/produktpraesentation\/natuerliche-heilmittel\/ayurveda\/","url":"https:\/\/bien-etreiris.ch\/de\/produktpraesentation\/natuerliche-heilmittel\/ayurveda\/","name":"AYURVEDA - WOHLBEFINDEN","isPartOf":{"@id":"https:\/\/bien-etreiris.ch\/de\/#website"},"primaryImageOfPage":{"@id":"https:\/\/bien-etreiris.ch\/de\/produktpraesentation\/natuerliche-heilmittel\/ayurveda\/#primaryimage"},"image":{"@id":"https:\/\/bien-etreiris.ch\/de\/produktpraesentation\/natuerliche-heilmittel\/ayurveda\/#primaryimage"},"thumbnailUrl":"https:\/\/bien-etreiris.ch\/wp-content\/uploads\/2021\/04\/acceuil-ayurvedique.jpg","datePublished":"2019-04-02T16:32:19+00:00","dateModified":"2021-04-28T21:23:08+00:00","breadcrumb":{"@id":"https:\/\/bien-etreiris.ch\/de\/produktpraesentation\/natuerliche-heilmittel\/ayurveda\/#breadcrumb"},"inLanguage":"de","potentialAction":[{"@type":"ReadAction","target":["https:\/\/bien-etreiris.ch\/de\/produktpraesentation\/natuerliche-heilmittel\/ayurveda\/"]}]},{"@type":"ImageObject","inLanguage":"de","@id":"https:\/\/bien-etreiris.ch\/de\/produktpraesentation\/natuerliche-heilmittel\/ayurveda\/#primaryimage","url":"https:\/\/bien-etreiris.ch\/wp-content\/uploads\/2021\/04\/acceuil-ayurvedique.jpg","contentUrl":"https:\/\/bien-etreiris.ch\/wp-content\/uploads\/2021\/04\/acceuil-ayurvedique.jpg","width":500,"height":375},{"@type":"BreadcrumbList","@id":"https:\/\/bien-etreiris.ch\/de\/produktpraesentation\/natuerliche-heilmittel\/ayurveda\/#breadcrumb","itemListElement":[{"@type":"ListItem","position":1,"name":"Home","item":"https:\/\/bien-etreiris.ch\/de\/"},{"@type":"ListItem","position":2,"name":"PRODUKTPR\u00c4SENTATION","item":"https:\/\/bien-etreiris.ch\/de\/produktpraesentation\/"},{"@type":"ListItem","position":3,"name":"NAT\u00dcRLICHE HEILMITTEL","item":"https:\/\/bien-etreiris.ch\/de\/produktpraesentation\/natuerliche-heilmittel\/"},{"@type":"ListItem","position":4,"name":"AYURVEDA"}]},{"@type":"WebSite","@id":"https:\/\/bien-etreiris.ch\/de\/#website","url":"https:\/\/bien-etreiris.ch\/de\/","name":"Bien-\u00eatre Iris","description":"IHRE Gesundheit ist uns wichtig","potentialAction":[{"@type":"SearchAction","target":{"@type":"EntryPoint","urlTemplate":"https:\/\/bien-etreiris.ch\/de\/?s={search_term_string}"},"query-input":{"@type":"PropertyValueSpecification","valueRequired":true,"valueName":"search_term_string"}}],"inLanguage":"de"}]}},"_links":{"self":[{"href":"https:\/\/bien-etreiris.ch\/de\/wp-json\/wp\/v2\/pages\/15891","targetHints":{"allow":["GET"]}}],"collection":[{"href":"https:\/\/bien-etreiris.ch\/de\/wp-json\/wp\/v2\/pages"}],"about":[{"href":"https:\/\/bien-etreiris.ch\/de\/wp-json\/wp\/v2\/types\/page"}],"author":[{"embeddable":true,"href":"https:\/\/bien-etreiris.ch\/de\/wp-json\/wp\/v2\/users\/1"}],"replies":[{"embeddable":true,"href":"https:\/\/bien-etreiris.ch\/de\/wp-json\/wp\/v2\/comments?post=15891"}],"version-history":[{"count":9,"href":"https:\/\/bien-etreiris.ch\/de\/wp-json\/wp\/v2\/pages\/15891\/revisions"}],"predecessor-version":[{"id":21699,"href":"https:\/\/bien-etreiris.ch\/de\/wp-json\/wp\/v2\/pages\/15891\/revisions\/21699"}],"up":[{"embeddable":true,"href":"https:\/\/bien-etreiris.ch\/de\/wp-json\/wp\/v2\/pages\/30344"}],"wp:featuredmedia":[{"embeddable":true,"href":"https:\/\/bien-etreiris.ch\/de\/wp-json\/wp\/v2\/media\/42446"}],"wp:attachment":[{"href":"https:\/\/bien-etreiris.ch\/de\/wp-json\/wp\/v2\/media?parent=15891"}],"curies":[{"name":"wp","href":"https:\/\/api.w.org\/{rel}","templated":true}]}}