{"id":15237,"date":"2019-03-31T16:03:05","date_gmt":"2019-03-31T16:03:05","guid":{"rendered":"https:\/\/bien-etreiris.ch\/wohlbefinden\/samdaya\/"},"modified":"2019-07-07T08:06:49","modified_gmt":"2019-07-07T08:06:49","slug":"zimtsohlen","status":"publish","type":"page","link":"https:\/\/bien-etreiris.ch\/de\/produktpraesentation\/hygiene\/koerperpflege\/zubehoer-fuer-die-koerperpflege\/zubehoer-fuer-die-fusspflege\/zimtsohlen\/","title":{"rendered":"ZIMTSOHLEN"},"content":{"rendered":"<p><a href=\"https:\/\/decoiris.ch\/wp-content\/uploads\/2019\/03\/Sans-titre-1.png\"><img loading=\"lazy\" decoding=\"async\" class=\"alignnone size-medium wp-image-15260\" src=\"https:\/\/decoiris.ch\/wp-content\/uploads\/2019\/03\/Sans-titre-1-300x96.png\" alt=\"\" width=\"300\" height=\"96\" srcset=\"https:\/\/bien-etreiris.ch\/wp-content\/uploads\/2019\/03\/Sans-titre-1-300x96.png 300w, https:\/\/bien-etreiris.ch\/wp-content\/uploads\/2019\/03\/Sans-titre-1.png 406w\" sizes=\"auto, (max-width: 300px) 100vw, 300px\" \/><\/a><a href=\"https:\/\/decoiris.ch\/wp-content\/uploads\/2019\/03\/gauche.png\"><img loading=\"lazy\" decoding=\"async\" class=\"alignnone size-medium wp-image-15266\" src=\"https:\/\/decoiris.ch\/wp-content\/uploads\/2019\/03\/gauche-300x96.png\" alt=\"\" width=\"300\" height=\"96\" srcset=\"https:\/\/bien-etreiris.ch\/wp-content\/uploads\/2019\/03\/gauche-300x96.png 300w, https:\/\/bien-etreiris.ch\/wp-content\/uploads\/2019\/03\/gauche.png 406w\" sizes=\"auto, (max-width: 300px) 100vw, 300px\" \/><\/a><\/p>\n<p><strong>SCHUHEINLAGE ZIMT <br><\/strong><\/p>\n<p><strong>Ayurveda Mischungen f\u00fcr Ihre Gesundheit und Ihr Wohlbefinden<\/strong><\/p>\n<p>Vitalisierend, regulierend. Hilft bei kalten und schwitzenden F\u00fcssen<\/p>\n<p>Anregend, vitalisierend, ausgleichend, regulierend - empfehlenswert sowohl bei kalten wie auch bei heissen, schwitzenden F\u00fcssen. Durch die Regulierung der Blutzirkulation werden \u00fcberm\u00e4ssige Schweissabsonderung und unangenehme Geruchsbildung der F\u00fcsse reduziert, kalte F\u00fcsse werden wohlig warm. Vermindert Hornhaut, Risse und Schrunden, kann bei Fusspilz hilfreich sein. Regt den Stoffwechsel und die Organdurchblutung an, kann die k\u00f6rpereigene Abwehr steigern. Sanfte Massage und gesundes Fussklima durch die Wirkung von Zimtrinde.<\/p>\n<p>Die verwendete Zimtrinde stammt aus kontrolliert biologischem Anbau oder Wildsammlung, aus Sri Lanka und Indien.<\/p>\n<p>Reine Natur f\u00fcr Ihre F\u00fcsse!<\/p>\n<ul>\n<li>Stabile, handgewobene Baumwolle bildet die unterste Lage.<\/li>\n<li>Darauf verleiht maschinengewobene, nat\u00fcrlich gest\u00e4rkte Baumwolle den n\u00e4chsten Lagen die n\u00f6tige Festigkeit.<\/li>\n<li>Die dritte und vierte Lage - aus d\u00fcnnem, handgesch\u00f6pftem Papier aus der Rinde der Loktapflanze umh\u00fcllt die ayurvedische Kr\u00e4utermischung.<\/li>\n<li>Die oberste Lage, die Ihre F\u00fcsse ber\u00fchrt, besteht aus reiner Seide und ist nach ayurvedischen Gesichtspunkten der Kr\u00e4utermischung entsprechend mit nat\u00fcrlichen Farben eingef\u00e4rbt.<\/li>\n<\/ul>\n<p><strong>&nbsp;&nbsp;&nbsp; <\/strong><strong>&nbsp;&nbsp;&nbsp;&nbsp;<a href=\"https:\/\/decoiris.ch\/wp-content\/uploads\/2019\/03\/Attention.jpg\"><img loading=\"lazy\" decoding=\"async\" class=\"alignnone wp-image-15228\" src=\"https:\/\/decoiris.ch\/wp-content\/uploads\/2019\/03\/Attention.jpg\" alt=\"\" width=\"45\" height=\"45\"><\/a> &nbsp;&nbsp;&nbsp;&nbsp;&nbsp;&nbsp;Vorsicht: nicht w\u00e4hrend der Schwangerschaft tragen!<\/strong><\/p>\n<p><strong>&nbsp;<\/strong><\/p>\n<p><span class=\"tlid-translation translation\" lang=\"de\"><span class=\"\" title=\"\">Schuhgr\u00f6sse<\/span> = L\u00e4nge der Sohlen<br><br><span class=\"\" title=\"\">Gr\u00f6\u00dfe 36 = ca. 235 mm<\/span><br><br><span class=\"\" title=\"\">Gr\u00f6\u00dfe 37 = ca. 240 mm<\/span><br><br><span class=\"\" title=\"\">Gr\u00f6\u00dfe 38 = ca. 245 mm<\/span><br><br><span title=\"\">Gr\u00f6\u00dfe 39 = ca. 250 mm<\/span><br><br><span class=\"\" title=\"\">Gr\u00f6\u00dfe 40 = ca. 255 mm<\/span><br><br><span title=\"\">Gr\u00f6\u00dfe 41 = ca. 265 mm<\/span><br><br><span class=\"\" title=\"\">Gr\u00f6\u00dfe 42 = ca. 275 mm<\/span><br><br><span title=\"\">Gr\u00f6\u00dfe 44 = ca. 285 mm<\/span><br><br><span title=\"\">Gr\u00f6\u00dfe 45 = ca. 290 mm<\/span><br><br><span title=\"\">Gr\u00f6\u00dfe 46 = ca. 300 mm<\/span><br><br><span class=\"\" title=\"\">Ayurveda-Schuheinlage \"Zimt\"<\/span> <br><span class=\"\" title=\"\">Ein ausgleichender Vorteil f\u00fcr den ganzen K\u00f6rper<\/span><br><br><span title=\"\">das Paar f\u00fcr CHF 15.00<\/span><br><br><\/span><\/p>\n\n\n<p><strong>BIO Ayurveda Mischungen f\u00fcr Ihre Gesundheit und Ihr Wohlbefinden<\/strong><\/p>\n","protected":false},"excerpt":{"rendered":"<p>SCHUHEINLAGE ZIMT Ayurveda Mischungen f\u00fcr Ihre Gesundheit und Ihr Wohlbefinden Vitalisierend, regulierend. Hilft bei kalten und schwitzenden F\u00fcssen Anregend, vitalisierend, ausgleichend, regulierend - empfehlenswert sowohl bei kalten wie auch bei heissen, schwitzenden F\u00fcssen. Durch die Regulierung der Blutzirkulation werden \u00fcberm\u00e4ssige Schweissabsonderung und unangenehme Geruchsbildung der F\u00fcsse reduziert, kalte F\u00fcsse werden wohlig warm. Vermindert Hornhaut, Risse und Schrunden, kann bei Fusspilz&nbsp;<a href=\"https:\/\/bien-etreiris.ch\/de\/produktpraesentation\/hygiene\/koerperpflege\/zubehoer-fuer-die-koerperpflege\/zubehoer-fuer-die-fusspflege\/zimtsohlen\/\" class=\"read-more\">Weiter lesen<\/a><\/p>\n","protected":false},"author":1,"featured_media":15233,"parent":35774,"menu_order":7713,"comment_status":"closed","ping_status":"closed","template":"page-with-child.php","meta":{"_acf_changed":false,"ngg_post_thumbnail":0,"footnotes":""},"class_list":["post-15237","page","type-page","status-publish","has-post-thumbnail","hentry"],"acf":[],"yoast_head":"<!-- This site is optimized with the Yoast SEO plugin v27.5 - https:\/\/yoast.com\/product\/yoast-seo-wordpress\/ -->\n<title>ZIMTSOHLEN - WOHLBEFINDEN<\/title>\n<meta name=\"robots\" content=\"index, follow, max-snippet:-1, max-image-preview:large, max-video-preview:-1\" \/>\n<link rel=\"canonical\" href=\"https:\/\/bien-etreiris.ch\/de\/produktpraesentation\/natuerliche-heilmittel\/ayurveda\/zimtsohlen\/\" \/>\n<meta property=\"og:locale\" content=\"de_DE\" \/>\n<meta property=\"og:type\" content=\"article\" \/>\n<meta property=\"og:title\" content=\"ZIMTSOHLEN - WOHLBEFINDEN\" \/>\n<meta property=\"og:description\" content=\"SCHUHEINLAGE ZIMT Ayurveda Mischungen f\u00fcr Ihre Gesundheit und Ihr Wohlbefinden Vitalisierend, regulierend. Hilft bei kalten und schwitzenden F\u00fcssen Anregend, vitalisierend, ausgleichend, regulierend - empfehlenswert sowohl bei kalten wie auch bei heissen, schwitzenden F\u00fcssen. Durch die Regulierung der Blutzirkulation werden \u00fcberm\u00e4ssige Schweissabsonderung und unangenehme Geruchsbildung der F\u00fcsse reduziert, kalte F\u00fcsse werden wohlig warm. Vermindert Hornhaut, Risse und Schrunden, kann bei Fusspilz&nbsp;Weiter lesen\" \/>\n<meta property=\"og:url\" content=\"https:\/\/bien-etreiris.ch\/de\/produktpraesentation\/natuerliche-heilmittel\/ayurveda\/zimtsohlen\/\" \/>\n<meta property=\"og:site_name\" content=\"WOHLBEFINDEN\" \/>\n<meta property=\"article:publisher\" content=\"https:\/\/www.facebook.com\/bienetreiris\/\" \/>\n<meta property=\"article:modified_time\" content=\"2019-07-07T08:06:49+00:00\" \/>\n<meta property=\"og:image\" content=\"https:\/\/bien-etreiris.ch\/wp-content\/uploads\/2019\/03\/semelles.jpg\" \/>\n\t<meta property=\"og:image:width\" content=\"500\" \/>\n\t<meta property=\"og:image:height\" content=\"331\" \/>\n\t<meta property=\"og:image:type\" content=\"image\/jpeg\" \/>\n<meta name=\"twitter:label1\" content=\"Gesch\u00e4tzte Lesezeit\" \/>\n\t<meta name=\"twitter:data1\" content=\"1\u00a0Minute\" \/>\n<script type=\"application\/ld+json\" class=\"yoast-schema-graph\">{\"@context\":\"https:\\\/\\\/schema.org\",\"@graph\":[{\"@type\":\"WebPage\",\"@id\":\"https:\\\/\\\/bien-etreiris.ch\\\/de\\\/produktpraesentation\\\/natuerliche-heilmittel\\\/ayurveda\\\/zimtsohlen\\\/\",\"url\":\"https:\\\/\\\/bien-etreiris.ch\\\/de\\\/produktpraesentation\\\/natuerliche-heilmittel\\\/ayurveda\\\/zimtsohlen\\\/\",\"name\":\"ZIMTSOHLEN - WOHLBEFINDEN\",\"isPartOf\":{\"@id\":\"https:\\\/\\\/bien-etreiris.ch\\\/de\\\/#website\"},\"primaryImageOfPage\":{\"@id\":\"https:\\\/\\\/bien-etreiris.ch\\\/de\\\/produktpraesentation\\\/natuerliche-heilmittel\\\/ayurveda\\\/zimtsohlen\\\/#primaryimage\"},\"image\":{\"@id\":\"https:\\\/\\\/bien-etreiris.ch\\\/de\\\/produktpraesentation\\\/natuerliche-heilmittel\\\/ayurveda\\\/zimtsohlen\\\/#primaryimage\"},\"thumbnailUrl\":\"https:\\\/\\\/bien-etreiris.ch\\\/wp-content\\\/uploads\\\/2019\\\/03\\\/semelles.jpg\",\"datePublished\":\"2019-03-31T16:03:05+00:00\",\"dateModified\":\"2019-07-07T08:06:49+00:00\",\"breadcrumb\":{\"@id\":\"https:\\\/\\\/bien-etreiris.ch\\\/de\\\/produktpraesentation\\\/natuerliche-heilmittel\\\/ayurveda\\\/zimtsohlen\\\/#breadcrumb\"},\"inLanguage\":\"de\",\"potentialAction\":[{\"@type\":\"ReadAction\",\"target\":[\"https:\\\/\\\/bien-etreiris.ch\\\/de\\\/produktpraesentation\\\/natuerliche-heilmittel\\\/ayurveda\\\/zimtsohlen\\\/\"]}]},{\"@type\":\"ImageObject\",\"inLanguage\":\"de\",\"@id\":\"https:\\\/\\\/bien-etreiris.ch\\\/de\\\/produktpraesentation\\\/natuerliche-heilmittel\\\/ayurveda\\\/zimtsohlen\\\/#primaryimage\",\"url\":\"https:\\\/\\\/bien-etreiris.ch\\\/wp-content\\\/uploads\\\/2019\\\/03\\\/semelles.jpg\",\"contentUrl\":\"https:\\\/\\\/bien-etreiris.ch\\\/wp-content\\\/uploads\\\/2019\\\/03\\\/semelles.jpg\",\"width\":500,\"height\":331},{\"@type\":\"BreadcrumbList\",\"@id\":\"https:\\\/\\\/bien-etreiris.ch\\\/de\\\/produktpraesentation\\\/natuerliche-heilmittel\\\/ayurveda\\\/zimtsohlen\\\/#breadcrumb\",\"itemListElement\":[{\"@type\":\"ListItem\",\"position\":1,\"name\":\"Home\",\"item\":\"https:\\\/\\\/bien-etreiris.ch\\\/de\\\/\"},{\"@type\":\"ListItem\",\"position\":2,\"name\":\"PRODUKTPR\u00c4SENTATION\",\"item\":\"https:\\\/\\\/bien-etreiris.ch\\\/de\\\/produktpraesentation\\\/\"},{\"@type\":\"ListItem\",\"position\":3,\"name\":\"NAT\u00dcRLICHE HEILMITTEL\",\"item\":\"https:\\\/\\\/bien-etreiris.ch\\\/de\\\/produktpraesentation\\\/natuerliche-heilmittel\\\/\"},{\"@type\":\"ListItem\",\"position\":4,\"name\":\"AYURVEDA\",\"item\":\"https:\\\/\\\/bien-etreiris.ch\\\/de\\\/produktpraesentation\\\/natuerliche-heilmittel\\\/ayurveda\\\/\"},{\"@type\":\"ListItem\",\"position\":5,\"name\":\"ZIMTSOHLEN\"}]},{\"@type\":\"WebSite\",\"@id\":\"https:\\\/\\\/bien-etreiris.ch\\\/de\\\/#website\",\"url\":\"https:\\\/\\\/bien-etreiris.ch\\\/de\\\/\",\"name\":\"Bien-\u00eatre Iris\",\"description\":\"IHRE Gesundheit ist uns wichtig\",\"potentialAction\":[{\"@type\":\"SearchAction\",\"target\":{\"@type\":\"EntryPoint\",\"urlTemplate\":\"https:\\\/\\\/bien-etreiris.ch\\\/de\\\/?s={search_term_string}\"},\"query-input\":{\"@type\":\"PropertyValueSpecification\",\"valueRequired\":true,\"valueName\":\"search_term_string\"}}],\"inLanguage\":\"de\"}]}<\/script>\n<!-- \/ Yoast SEO plugin. -->","yoast_head_json":{"title":"ZIMTSOHLEN - WOHLBEFINDEN","robots":{"index":"index","follow":"follow","max-snippet":"max-snippet:-1","max-image-preview":"max-image-preview:large","max-video-preview":"max-video-preview:-1"},"canonical":"https:\/\/bien-etreiris.ch\/de\/produktpraesentation\/natuerliche-heilmittel\/ayurveda\/zimtsohlen\/","og_locale":"de_DE","og_type":"article","og_title":"ZIMTSOHLEN - WOHLBEFINDEN","og_description":"SCHUHEINLAGE ZIMT Ayurveda Mischungen f\u00fcr Ihre Gesundheit und Ihr Wohlbefinden Vitalisierend, regulierend. Hilft bei kalten und schwitzenden F\u00fcssen Anregend, vitalisierend, ausgleichend, regulierend - empfehlenswert sowohl bei kalten wie auch bei heissen, schwitzenden F\u00fcssen. Durch die Regulierung der Blutzirkulation werden \u00fcberm\u00e4ssige Schweissabsonderung und unangenehme Geruchsbildung der F\u00fcsse reduziert, kalte F\u00fcsse werden wohlig warm. Vermindert Hornhaut, Risse und Schrunden, kann bei Fusspilz&nbsp;Weiter lesen","og_url":"https:\/\/bien-etreiris.ch\/de\/produktpraesentation\/natuerliche-heilmittel\/ayurveda\/zimtsohlen\/","og_site_name":"WOHLBEFINDEN","article_publisher":"https:\/\/www.facebook.com\/bienetreiris\/","article_modified_time":"2019-07-07T08:06:49+00:00","og_image":[{"width":500,"height":331,"url":"https:\/\/bien-etreiris.ch\/wp-content\/uploads\/2019\/03\/semelles.jpg","type":"image\/jpeg"}],"twitter_misc":{"Gesch\u00e4tzte Lesezeit":"1\u00a0Minute"},"schema":{"@context":"https:\/\/schema.org","@graph":[{"@type":"WebPage","@id":"https:\/\/bien-etreiris.ch\/de\/produktpraesentation\/natuerliche-heilmittel\/ayurveda\/zimtsohlen\/","url":"https:\/\/bien-etreiris.ch\/de\/produktpraesentation\/natuerliche-heilmittel\/ayurveda\/zimtsohlen\/","name":"ZIMTSOHLEN - WOHLBEFINDEN","isPartOf":{"@id":"https:\/\/bien-etreiris.ch\/de\/#website"},"primaryImageOfPage":{"@id":"https:\/\/bien-etreiris.ch\/de\/produktpraesentation\/natuerliche-heilmittel\/ayurveda\/zimtsohlen\/#primaryimage"},"image":{"@id":"https:\/\/bien-etreiris.ch\/de\/produktpraesentation\/natuerliche-heilmittel\/ayurveda\/zimtsohlen\/#primaryimage"},"thumbnailUrl":"https:\/\/bien-etreiris.ch\/wp-content\/uploads\/2019\/03\/semelles.jpg","datePublished":"2019-03-31T16:03:05+00:00","dateModified":"2019-07-07T08:06:49+00:00","breadcrumb":{"@id":"https:\/\/bien-etreiris.ch\/de\/produktpraesentation\/natuerliche-heilmittel\/ayurveda\/zimtsohlen\/#breadcrumb"},"inLanguage":"de","potentialAction":[{"@type":"ReadAction","target":["https:\/\/bien-etreiris.ch\/de\/produktpraesentation\/natuerliche-heilmittel\/ayurveda\/zimtsohlen\/"]}]},{"@type":"ImageObject","inLanguage":"de","@id":"https:\/\/bien-etreiris.ch\/de\/produktpraesentation\/natuerliche-heilmittel\/ayurveda\/zimtsohlen\/#primaryimage","url":"https:\/\/bien-etreiris.ch\/wp-content\/uploads\/2019\/03\/semelles.jpg","contentUrl":"https:\/\/bien-etreiris.ch\/wp-content\/uploads\/2019\/03\/semelles.jpg","width":500,"height":331},{"@type":"BreadcrumbList","@id":"https:\/\/bien-etreiris.ch\/de\/produktpraesentation\/natuerliche-heilmittel\/ayurveda\/zimtsohlen\/#breadcrumb","itemListElement":[{"@type":"ListItem","position":1,"name":"Home","item":"https:\/\/bien-etreiris.ch\/de\/"},{"@type":"ListItem","position":2,"name":"PRODUKTPR\u00c4SENTATION","item":"https:\/\/bien-etreiris.ch\/de\/produktpraesentation\/"},{"@type":"ListItem","position":3,"name":"NAT\u00dcRLICHE HEILMITTEL","item":"https:\/\/bien-etreiris.ch\/de\/produktpraesentation\/natuerliche-heilmittel\/"},{"@type":"ListItem","position":4,"name":"AYURVEDA","item":"https:\/\/bien-etreiris.ch\/de\/produktpraesentation\/natuerliche-heilmittel\/ayurveda\/"},{"@type":"ListItem","position":5,"name":"ZIMTSOHLEN"}]},{"@type":"WebSite","@id":"https:\/\/bien-etreiris.ch\/de\/#website","url":"https:\/\/bien-etreiris.ch\/de\/","name":"Bien-\u00eatre Iris","description":"IHRE Gesundheit ist uns wichtig","potentialAction":[{"@type":"SearchAction","target":{"@type":"EntryPoint","urlTemplate":"https:\/\/bien-etreiris.ch\/de\/?s={search_term_string}"},"query-input":{"@type":"PropertyValueSpecification","valueRequired":true,"valueName":"search_term_string"}}],"inLanguage":"de"}]}},"_links":{"self":[{"href":"https:\/\/bien-etreiris.ch\/de\/wp-json\/wp\/v2\/pages\/15237","targetHints":{"allow":["GET"]}}],"collection":[{"href":"https:\/\/bien-etreiris.ch\/de\/wp-json\/wp\/v2\/pages"}],"about":[{"href":"https:\/\/bien-etreiris.ch\/de\/wp-json\/wp\/v2\/types\/page"}],"author":[{"embeddable":true,"href":"https:\/\/bien-etreiris.ch\/de\/wp-json\/wp\/v2\/users\/1"}],"replies":[{"embeddable":true,"href":"https:\/\/bien-etreiris.ch\/de\/wp-json\/wp\/v2\/comments?post=15237"}],"version-history":[{"count":14,"href":"https:\/\/bien-etreiris.ch\/de\/wp-json\/wp\/v2\/pages\/15237\/revisions"}],"predecessor-version":[{"id":21697,"href":"https:\/\/bien-etreiris.ch\/de\/wp-json\/wp\/v2\/pages\/15237\/revisions\/21697"}],"up":[{"embeddable":true,"href":"https:\/\/bien-etreiris.ch\/de\/wp-json\/wp\/v2\/pages\/35774"}],"wp:featuredmedia":[{"embeddable":true,"href":"https:\/\/bien-etreiris.ch\/de\/wp-json\/wp\/v2\/media\/15233"}],"wp:attachment":[{"href":"https:\/\/bien-etreiris.ch\/de\/wp-json\/wp\/v2\/media?parent=15237"}],"curies":[{"name":"wp","href":"https:\/\/api.w.org\/{rel}","templated":true}]}}