{"id":14290,"date":"2019-01-02T20:06:38","date_gmt":"2019-01-02T20:06:38","guid":{"rendered":"https:\/\/bien-etreiris.ch\/wohlbefinden\/damascena\/hydrolates-eau\/"},"modified":"2021-07-04T23:52:48","modified_gmt":"2021-07-04T21:52:48","slug":"alles-uber","status":"publish","type":"page","link":"https:\/\/bien-etreiris.ch\/de\/produktpraesentation\/aromatherapie\/pflanzenwaesser\/alles-uber\/","title":{"rendered":"ALLES \u00dcBER &#8230;"},"content":{"rendered":"<p><a href=\"https:\/\/decoiris.ch\/de\/wohlbefinden\/pflanzenwasser\/\"><img loading=\"lazy\" decoding=\"async\" class=\"size-medium wp-image-14162 alignleft\" src=\"https:\/\/decoiris.ch\/wp-content\/uploads\/2019\/01\/remplissage-de-Rosenhydrolat-par-Mr.-Marcel-1-300x271.jpg\" alt=\"\" width=\"300\" height=\"271\" srcset=\"https:\/\/bien-etreiris.ch\/wp-content\/uploads\/2019\/01\/remplissage-de-Rosenhydrolat-par-Mr.-Marcel-1-300x271.jpg 300w, https:\/\/bien-etreiris.ch\/wp-content\/uploads\/2019\/01\/remplissage-de-Rosenhydrolat-par-Mr.-Marcel-1-768x693.jpg 768w, https:\/\/bien-etreiris.ch\/wp-content\/uploads\/2019\/01\/remplissage-de-Rosenhydrolat-par-Mr.-Marcel-1.jpg 1012w\" sizes=\"auto, (max-width: 300px) 100vw, 300px\" \/><\/a><\/p>\n<p>&nbsp;<\/p>\n<p><a href=\"https:\/\/bien-etreiris.ch\/de\/produktpraesentation\/aromatherapie\/pflanzenwaesser\/\" target=\"_blank\" rel=\"noopener\"><span class=\"tlid-translation translation\"><span class=\"\" title=\"\"><span style=\"font-size: 18pt;\"><strong><span style=\"color: #6fe36f;\">\u25c4zu den passenden Pflanzenw\u00e4sser<\/span><\/strong><\/span><\/span><\/span><\/a><\/p>\n<p>&nbsp;<\/p>\n<p>&nbsp;<\/p>\n<p>&nbsp;<\/p>\n<p>&nbsp;<\/p>\n<h4>&nbsp;<\/h4>\n<h4>Sanfte Erfrischung<\/h4>\n<p><strong>Hydrolate-Sprays \/ Pflanzenw\u00e4sser \/ Bl\u00fctenwasser<br \/>\n<\/strong><\/p>\n<p>Hydrolate sind hochwirksame Pflanzenw\u00e4sser, die bei der Wasserdampf-Destillation von Bl\u00fcten, Bl\u00e4ttern, Samen oder Wurzeln entstehen. Unsere Hydrolate-Sprays sind die Aromatherapie zum Aufspr\u00fchen, ebenso komfortabel wie einfach in der Handhabung. Sie reinigen und pflegen Ihre Haut gleich\u00adzeitig sanft und erfrischend. Deshalb sind sie vor allem im Sommer dank ihrer leicht k\u00fchlenden Wirkung als Gesichts und Rasierwasser, K\u00f6rperspray oder Alternative zu Bodylotions beliebt. Auch empfindliche Menschen wie z.B. Babys, Kleinkinder und \u00e4ltere Personen, die auf reine \u00e4therische \u00d6le zu stark reagieren, profitieren von dieser traditionell sanften Art der Aromatherapie und ihrer pflegenden Wirkung. Hydrolate sind vielseitig und auch als Zutat in der K\u00fcche beliebt. Dort verfeinern sie mit ihren zarten Aromen beispielsweise Ge\u00adtr\u00e4nke und Geb\u00e4ck.<\/p>\n<p>Auch angewendet in der Tierpflege \u00fcberzeugen die Pflanzenw\u00e4sser. Das Tier mit seiner empfindlichen Nase vertr\u00e4gt den milden Duft sehr gut.<\/p>\n<p>Die Damascena Hydrolate-Sprays geh\u00f6ren zum Kern ihres Angebots und werden in einem eigens von Ihnen entwickelten Veredelungsverfahren hergestellt. Daf\u00fcr wird das bei der Erstdestillation gewonnene Bl\u00fctenwasser mittels eines aus\u00adschliesslich zur Hydrolategewinnung eingesetzten Destillier\u00adapparats nochmals kondensiert. F\u00fcr die Herstellung Ihres Rosenhydrolates beispielsweise kommen 1000 kg Bl\u00fcten auf 1000 kg Wasser, das speziell destilliert wird, bis Rosen\u00f6l und Wasser gut durchmischt sind. 200 kg Wasser gehen durch Verdampfung verloren. Es bleiben 800 kg kondensiertes, reines Rosenwasser mit ca. 0,02% \u00d6l-Anteil.<\/p>\n<p><span style=\"color: #6fe36f;\">Mit dieser f\u00fcr Hydrolate hohen Konzentration \u00fcbertreffen die Damascena Produkte deutlich die Qualit\u00e4t der Pflanzenw\u00e4sser, die im herk\u00f6mmlichen Verfahren als Nebenprodukt der Wasserdampf-Destillation entstehen und nur noch leicht essenzhaltig sind.<\/span><\/p>\n<p>Unser Sortiment an Hydrolaten umfasst bewusst nur eine kleine Selektion, um Ihnen jederzeit Frische zu gew\u00e4hrleisten!<\/p>\n<p><span style=\"color: #6fe36f;\">Die Damascena Pflanzenw\u00e4sser sind 100% naturrein, aus kontrolliert biologischem Anbau und ohne Beigabe von Zusatzstoffen wie beispielsweise Konservierungsstoffen oder Alkohol.<\/span><\/p>\n<p>&nbsp;<\/p>\n<h4><strong>Qualit\u00e4t-Naturrein <\/strong><\/h4>\n<p>Bei der Herstellung von Pflanzenwassers (Hydrolaten) steht nicht der Ertrag vom \u00e4therischen \u00d6l der Pflanze im Vordergrund. Ein hochwertiges und wirkungsvolles Pflanzenwasser als Gewinn ist das Ziel.<\/p>\n<p>Damit ein qualitativ hochwertiges Hydrolat gesichert ist, wird das Verfahren der Mehrfachdestillation, bis zu siebenmal und eine keimfreie Filtration, genutzt.<\/p>\n<h4><strong>Haltbarkeit<\/strong><\/h4>\n<p>Die Zeit der Haltbarkeit ist begrenzt, das Ablaufdatum muss beachtet werden.<\/p>\n<p>Tipp: Nach dem Ablaufdatum muss das Pflanzenwasser nicht zwingend weggeworfen werden. Die duftenden W\u00e4sser eignen sich auch nach dem Ablaufdatum hervorragend als Waschmittel oder Putzmittel.<\/p>\n<h4><strong>Anwendungshinweise<\/strong><\/h4>\n<p>Wir empfehlen, die mit Spr\u00fchkopf luftdicht verschlossene Flasche nicht durch abschrauben zu \u00f6ffnen und wenn m\u00f6glich das Pflanzenwasser im K\u00fchlschrank zu lagern.<\/p>\n<p>Unsere Hydrolate k\u00f6nnen unverd\u00fcnnt angewendet werden.<\/p>\n<p><a href=\"https:\/\/decoiris.ch\/wp-content\/uploads\/2019\/07\/fachm\u00e4nner-am-Werk-2.png\"><img loading=\"lazy\" decoding=\"async\" class=\"alignnone size-medium wp-image-21760\" src=\"https:\/\/decoiris.ch\/wp-content\/uploads\/2019\/07\/fachm\u00e4nner-am-Werk-2-298x300.png\" alt=\"\" width=\"298\" height=\"300\" srcset=\"https:\/\/bien-etreiris.ch\/wp-content\/uploads\/2019\/07\/fachm\u00e4nner-am-Werk-2-298x300.png 298w, https:\/\/bien-etreiris.ch\/wp-content\/uploads\/2019\/07\/fachm\u00e4nner-am-Werk-2-150x150.png 150w, https:\/\/bien-etreiris.ch\/wp-content\/uploads\/2019\/07\/fachm\u00e4nner-am-Werk-2.png 763w\" sizes=\"auto, (max-width: 298px) 100vw, 298px\" \/><\/a><\/p>\n<h4><strong>Fachm\u00e4nner am Werk <\/strong><\/h4>\n<p>Die Veredelung - das Damascena Verfahren Marcel Kocamann schw\u00f6rt auf sein reines Rosenbl\u00fctenwasser. Der spezielle Destillierapparat dient hier nicht der \u00d6lgewinnung, sondern der Verede\u00adlung des Hydrolats. Auf 1000 kg Bl\u00fcten kommen 1000 lt. Wasser, das bis zu siebenmal destilliert wird, bis Rosen\u00f6l und Wasser gut durchmischt sind. 200 lt. gehen durch den Dampf verloren. Es bleiben 800 lt. kondensiertes, reines Rosenwasser mit ca. 0, 1 % Rosen\u00f6l.<\/p>\n<h4><strong>Die Qualit\u00e4t dieses Hydrolats \u00fcbertrifft deutlich jene, die als Neben\u00adprodukt der Destillation entsteht.<\/strong><\/h4>\n<p>&nbsp;<\/p>\n<p>&nbsp;<\/p>\n<p>&nbsp;<\/p>\n","protected":false},"excerpt":{"rendered":"<p>&nbsp; \u25c4zu den passenden Pflanzenw\u00e4sser &nbsp; &nbsp; &nbsp; &nbsp; &nbsp; Sanfte Erfrischung Hydrolate-Sprays \/ Pflanzenw\u00e4sser \/ Bl\u00fctenwasser Hydrolate sind hochwirksame Pflanzenw\u00e4sser, die bei der Wasserdampf-Destillation von Bl\u00fcten, Bl\u00e4ttern, Samen oder Wurzeln entstehen. Unsere Hydrolate-Sprays sind die Aromatherapie zum Aufspr\u00fchen, ebenso komfortabel wie einfach in der Handhabung. Sie reinigen und pflegen Ihre Haut gleich\u00adzeitig sanft und erfrischend. Deshalb sind sie vor&nbsp;<a href=\"https:\/\/bien-etreiris.ch\/de\/produktpraesentation\/aromatherapie\/pflanzenwaesser\/alles-uber\/\" class=\"read-more\">Weiter lesen<\/a><\/p>\n","protected":false},"author":1,"featured_media":51723,"parent":40767,"menu_order":7745,"comment_status":"closed","ping_status":"closed","template":"page-with-child.php","meta":{"_acf_changed":false,"ngg_post_thumbnail":0,"footnotes":""},"class_list":["post-14290","page","type-page","status-publish","has-post-thumbnail","hentry"],"acf":[],"yoast_head":"<!-- This site is optimized with the Yoast SEO plugin v27.4 - https:\/\/yoast.com\/product\/yoast-seo-wordpress\/ -->\n<title>ALLES \u00dcBER ... - WOHLBEFINDEN<\/title>\n<meta name=\"robots\" content=\"index, follow, max-snippet:-1, max-image-preview:large, max-video-preview:-1\" \/>\n<link rel=\"canonical\" href=\"https:\/\/bien-etreiris.ch\/de\/produktpraesentation\/aromatherapie\/pflanzenwaesser\/alles-uber\/\" \/>\n<meta property=\"og:locale\" content=\"de_DE\" \/>\n<meta property=\"og:type\" content=\"article\" \/>\n<meta property=\"og:title\" content=\"ALLES \u00dcBER ... - WOHLBEFINDEN\" \/>\n<meta property=\"og:description\" content=\"&nbsp; \u25c4zu den passenden Pflanzenw\u00e4sser &nbsp; &nbsp; &nbsp; &nbsp; &nbsp; Sanfte Erfrischung Hydrolate-Sprays \/ Pflanzenw\u00e4sser \/ Bl\u00fctenwasser Hydrolate sind hochwirksame Pflanzenw\u00e4sser, die bei der Wasserdampf-Destillation von Bl\u00fcten, Bl\u00e4ttern, Samen oder Wurzeln entstehen. Unsere Hydrolate-Sprays sind die Aromatherapie zum Aufspr\u00fchen, ebenso komfortabel wie einfach in der Handhabung. Sie reinigen und pflegen Ihre Haut gleich\u00adzeitig sanft und erfrischend. Deshalb sind sie vor&nbsp;Weiter lesen\" \/>\n<meta property=\"og:url\" content=\"https:\/\/bien-etreiris.ch\/de\/produktpraesentation\/aromatherapie\/pflanzenwaesser\/alles-uber\/\" \/>\n<meta property=\"og:site_name\" content=\"WOHLBEFINDEN\" \/>\n<meta property=\"article:publisher\" content=\"https:\/\/www.facebook.com\/bienetreiris\/\" \/>\n<meta property=\"article:modified_time\" content=\"2021-07-04T21:52:48+00:00\" \/>\n<meta property=\"og:image\" content=\"https:\/\/bien-etreiris.ch\/wp-content\/uploads\/2021\/06\/Acceuil-a-propos-et-application.png\" \/>\n\t<meta property=\"og:image:width\" content=\"484\" \/>\n\t<meta property=\"og:image:height\" content=\"300\" \/>\n\t<meta property=\"og:image:type\" content=\"image\/png\" \/>\n<meta name=\"twitter:label1\" content=\"Gesch\u00e4tzte Lesezeit\" \/>\n\t<meta name=\"twitter:data1\" content=\"3\u00a0Minuten\" \/>\n<script type=\"application\/ld+json\" class=\"yoast-schema-graph\">{\"@context\":\"https:\\\/\\\/schema.org\",\"@graph\":[{\"@type\":\"WebPage\",\"@id\":\"https:\\\/\\\/bien-etreiris.ch\\\/de\\\/produktpraesentation\\\/aromatherapie\\\/pflanzenwaesser\\\/alles-uber\\\/\",\"url\":\"https:\\\/\\\/bien-etreiris.ch\\\/de\\\/produktpraesentation\\\/aromatherapie\\\/pflanzenwaesser\\\/alles-uber\\\/\",\"name\":\"ALLES \u00dcBER ... - WOHLBEFINDEN\",\"isPartOf\":{\"@id\":\"https:\\\/\\\/bien-etreiris.ch\\\/de\\\/#website\"},\"primaryImageOfPage\":{\"@id\":\"https:\\\/\\\/bien-etreiris.ch\\\/de\\\/produktpraesentation\\\/aromatherapie\\\/pflanzenwaesser\\\/alles-uber\\\/#primaryimage\"},\"image\":{\"@id\":\"https:\\\/\\\/bien-etreiris.ch\\\/de\\\/produktpraesentation\\\/aromatherapie\\\/pflanzenwaesser\\\/alles-uber\\\/#primaryimage\"},\"thumbnailUrl\":\"https:\\\/\\\/bien-etreiris.ch\\\/wp-content\\\/uploads\\\/2021\\\/06\\\/Acceuil-a-propos-et-application.png\",\"datePublished\":\"2019-01-02T20:06:38+00:00\",\"dateModified\":\"2021-07-04T21:52:48+00:00\",\"breadcrumb\":{\"@id\":\"https:\\\/\\\/bien-etreiris.ch\\\/de\\\/produktpraesentation\\\/aromatherapie\\\/pflanzenwaesser\\\/alles-uber\\\/#breadcrumb\"},\"inLanguage\":\"de\",\"potentialAction\":[{\"@type\":\"ReadAction\",\"target\":[\"https:\\\/\\\/bien-etreiris.ch\\\/de\\\/produktpraesentation\\\/aromatherapie\\\/pflanzenwaesser\\\/alles-uber\\\/\"]}]},{\"@type\":\"ImageObject\",\"inLanguage\":\"de\",\"@id\":\"https:\\\/\\\/bien-etreiris.ch\\\/de\\\/produktpraesentation\\\/aromatherapie\\\/pflanzenwaesser\\\/alles-uber\\\/#primaryimage\",\"url\":\"https:\\\/\\\/bien-etreiris.ch\\\/wp-content\\\/uploads\\\/2021\\\/06\\\/Acceuil-a-propos-et-application.png\",\"contentUrl\":\"https:\\\/\\\/bien-etreiris.ch\\\/wp-content\\\/uploads\\\/2021\\\/06\\\/Acceuil-a-propos-et-application.png\",\"width\":484,\"height\":300},{\"@type\":\"BreadcrumbList\",\"@id\":\"https:\\\/\\\/bien-etreiris.ch\\\/de\\\/produktpraesentation\\\/aromatherapie\\\/pflanzenwaesser\\\/alles-uber\\\/#breadcrumb\",\"itemListElement\":[{\"@type\":\"ListItem\",\"position\":1,\"name\":\"Home\",\"item\":\"https:\\\/\\\/bien-etreiris.ch\\\/de\\\/\"},{\"@type\":\"ListItem\",\"position\":2,\"name\":\"PRODUKTPR\u00c4SENTATION\",\"item\":\"https:\\\/\\\/bien-etreiris.ch\\\/de\\\/produktpraesentation\\\/\"},{\"@type\":\"ListItem\",\"position\":3,\"name\":\"AROMATHERAPIE\",\"item\":\"https:\\\/\\\/bien-etreiris.ch\\\/de\\\/produktpraesentation\\\/aromatherapie\\\/\"},{\"@type\":\"ListItem\",\"position\":4,\"name\":\"PFLANZENW\u00c4SSER\",\"item\":\"https:\\\/\\\/bien-etreiris.ch\\\/de\\\/produktpraesentation\\\/aromatherapie\\\/pflanzenwaesser\\\/\"},{\"@type\":\"ListItem\",\"position\":5,\"name\":\"ALLES \u00dcBER &#8230;\"}]},{\"@type\":\"WebSite\",\"@id\":\"https:\\\/\\\/bien-etreiris.ch\\\/de\\\/#website\",\"url\":\"https:\\\/\\\/bien-etreiris.ch\\\/de\\\/\",\"name\":\"Bien-\u00eatre Iris\",\"description\":\"IHRE Gesundheit ist uns wichtig\",\"potentialAction\":[{\"@type\":\"SearchAction\",\"target\":{\"@type\":\"EntryPoint\",\"urlTemplate\":\"https:\\\/\\\/bien-etreiris.ch\\\/de\\\/?s={search_term_string}\"},\"query-input\":{\"@type\":\"PropertyValueSpecification\",\"valueRequired\":true,\"valueName\":\"search_term_string\"}}],\"inLanguage\":\"de\"}]}<\/script>\n<!-- \/ Yoast SEO plugin. -->","yoast_head_json":{"title":"ALLES \u00dcBER ... - WOHLBEFINDEN","robots":{"index":"index","follow":"follow","max-snippet":"max-snippet:-1","max-image-preview":"max-image-preview:large","max-video-preview":"max-video-preview:-1"},"canonical":"https:\/\/bien-etreiris.ch\/de\/produktpraesentation\/aromatherapie\/pflanzenwaesser\/alles-uber\/","og_locale":"de_DE","og_type":"article","og_title":"ALLES \u00dcBER ... - WOHLBEFINDEN","og_description":"&nbsp; \u25c4zu den passenden Pflanzenw\u00e4sser &nbsp; &nbsp; &nbsp; &nbsp; &nbsp; Sanfte Erfrischung Hydrolate-Sprays \/ Pflanzenw\u00e4sser \/ Bl\u00fctenwasser Hydrolate sind hochwirksame Pflanzenw\u00e4sser, die bei der Wasserdampf-Destillation von Bl\u00fcten, Bl\u00e4ttern, Samen oder Wurzeln entstehen. Unsere Hydrolate-Sprays sind die Aromatherapie zum Aufspr\u00fchen, ebenso komfortabel wie einfach in der Handhabung. Sie reinigen und pflegen Ihre Haut gleich\u00adzeitig sanft und erfrischend. Deshalb sind sie vor&nbsp;Weiter lesen","og_url":"https:\/\/bien-etreiris.ch\/de\/produktpraesentation\/aromatherapie\/pflanzenwaesser\/alles-uber\/","og_site_name":"WOHLBEFINDEN","article_publisher":"https:\/\/www.facebook.com\/bienetreiris\/","article_modified_time":"2021-07-04T21:52:48+00:00","og_image":[{"width":484,"height":300,"url":"https:\/\/bien-etreiris.ch\/wp-content\/uploads\/2021\/06\/Acceuil-a-propos-et-application.png","type":"image\/png"}],"twitter_misc":{"Gesch\u00e4tzte Lesezeit":"3\u00a0Minuten"},"schema":{"@context":"https:\/\/schema.org","@graph":[{"@type":"WebPage","@id":"https:\/\/bien-etreiris.ch\/de\/produktpraesentation\/aromatherapie\/pflanzenwaesser\/alles-uber\/","url":"https:\/\/bien-etreiris.ch\/de\/produktpraesentation\/aromatherapie\/pflanzenwaesser\/alles-uber\/","name":"ALLES \u00dcBER ... - WOHLBEFINDEN","isPartOf":{"@id":"https:\/\/bien-etreiris.ch\/de\/#website"},"primaryImageOfPage":{"@id":"https:\/\/bien-etreiris.ch\/de\/produktpraesentation\/aromatherapie\/pflanzenwaesser\/alles-uber\/#primaryimage"},"image":{"@id":"https:\/\/bien-etreiris.ch\/de\/produktpraesentation\/aromatherapie\/pflanzenwaesser\/alles-uber\/#primaryimage"},"thumbnailUrl":"https:\/\/bien-etreiris.ch\/wp-content\/uploads\/2021\/06\/Acceuil-a-propos-et-application.png","datePublished":"2019-01-02T20:06:38+00:00","dateModified":"2021-07-04T21:52:48+00:00","breadcrumb":{"@id":"https:\/\/bien-etreiris.ch\/de\/produktpraesentation\/aromatherapie\/pflanzenwaesser\/alles-uber\/#breadcrumb"},"inLanguage":"de","potentialAction":[{"@type":"ReadAction","target":["https:\/\/bien-etreiris.ch\/de\/produktpraesentation\/aromatherapie\/pflanzenwaesser\/alles-uber\/"]}]},{"@type":"ImageObject","inLanguage":"de","@id":"https:\/\/bien-etreiris.ch\/de\/produktpraesentation\/aromatherapie\/pflanzenwaesser\/alles-uber\/#primaryimage","url":"https:\/\/bien-etreiris.ch\/wp-content\/uploads\/2021\/06\/Acceuil-a-propos-et-application.png","contentUrl":"https:\/\/bien-etreiris.ch\/wp-content\/uploads\/2021\/06\/Acceuil-a-propos-et-application.png","width":484,"height":300},{"@type":"BreadcrumbList","@id":"https:\/\/bien-etreiris.ch\/de\/produktpraesentation\/aromatherapie\/pflanzenwaesser\/alles-uber\/#breadcrumb","itemListElement":[{"@type":"ListItem","position":1,"name":"Home","item":"https:\/\/bien-etreiris.ch\/de\/"},{"@type":"ListItem","position":2,"name":"PRODUKTPR\u00c4SENTATION","item":"https:\/\/bien-etreiris.ch\/de\/produktpraesentation\/"},{"@type":"ListItem","position":3,"name":"AROMATHERAPIE","item":"https:\/\/bien-etreiris.ch\/de\/produktpraesentation\/aromatherapie\/"},{"@type":"ListItem","position":4,"name":"PFLANZENW\u00c4SSER","item":"https:\/\/bien-etreiris.ch\/de\/produktpraesentation\/aromatherapie\/pflanzenwaesser\/"},{"@type":"ListItem","position":5,"name":"ALLES \u00dcBER &#8230;"}]},{"@type":"WebSite","@id":"https:\/\/bien-etreiris.ch\/de\/#website","url":"https:\/\/bien-etreiris.ch\/de\/","name":"Bien-\u00eatre Iris","description":"IHRE Gesundheit ist uns wichtig","potentialAction":[{"@type":"SearchAction","target":{"@type":"EntryPoint","urlTemplate":"https:\/\/bien-etreiris.ch\/de\/?s={search_term_string}"},"query-input":{"@type":"PropertyValueSpecification","valueRequired":true,"valueName":"search_term_string"}}],"inLanguage":"de"}]}},"_links":{"self":[{"href":"https:\/\/bien-etreiris.ch\/de\/wp-json\/wp\/v2\/pages\/14290","targetHints":{"allow":["GET"]}}],"collection":[{"href":"https:\/\/bien-etreiris.ch\/de\/wp-json\/wp\/v2\/pages"}],"about":[{"href":"https:\/\/bien-etreiris.ch\/de\/wp-json\/wp\/v2\/types\/page"}],"author":[{"embeddable":true,"href":"https:\/\/bien-etreiris.ch\/de\/wp-json\/wp\/v2\/users\/1"}],"replies":[{"embeddable":true,"href":"https:\/\/bien-etreiris.ch\/de\/wp-json\/wp\/v2\/comments?post=14290"}],"version-history":[{"count":35,"href":"https:\/\/bien-etreiris.ch\/de\/wp-json\/wp\/v2\/pages\/14290\/revisions"}],"predecessor-version":[{"id":51732,"href":"https:\/\/bien-etreiris.ch\/de\/wp-json\/wp\/v2\/pages\/14290\/revisions\/51732"}],"up":[{"embeddable":true,"href":"https:\/\/bien-etreiris.ch\/de\/wp-json\/wp\/v2\/pages\/40767"}],"wp:featuredmedia":[{"embeddable":true,"href":"https:\/\/bien-etreiris.ch\/de\/wp-json\/wp\/v2\/media\/51723"}],"wp:attachment":[{"href":"https:\/\/bien-etreiris.ch\/de\/wp-json\/wp\/v2\/media?parent=14290"}],"curies":[{"name":"wp","href":"https:\/\/api.w.org\/{rel}","templated":true}]}}