{"id":13882,"date":"2018-12-29T21:39:31","date_gmt":"2018-12-29T21:39:31","guid":{"rendered":"https:\/\/bien-etreiris.ch\/notre-histore-de-lavande\/"},"modified":"2021-06-22T16:17:08","modified_gmt":"2021-06-22T14:17:08","slug":"geschichte-vom-lavendel","status":"publish","type":"page","link":"https:\/\/bien-etreiris.ch\/de\/ratgeber-klarheit-beratung\/natuerliche-heilmittel\/pflanzenheilkunde\/aetherische-oele\/anwendungsleitfaden-fuer-aetherische-oele\/arten-von-lavendeloel\/geschichte-vom-lavendel\/","title":{"rendered":"GESCHICHTE VOM LAVENDEL"},"content":{"rendered":"<p><a href=\"https:\/\/decoiris.ch\/wp-content\/uploads\/2018\/12\/Lavandle-acceuil-1.jpg\"><img loading=\"lazy\" decoding=\"async\" class=\"alignnone wp-image-13890\" src=\"https:\/\/decoiris.ch\/wp-content\/uploads\/2018\/12\/Lavandle-acceuil-1-300x197.jpg\" alt=\"\" width=\"282\" height=\"185\" srcset=\"https:\/\/bien-etreiris.ch\/wp-content\/uploads\/2018\/12\/Lavandle-acceuil-1-300x197.jpg 300w, https:\/\/bien-etreiris.ch\/wp-content\/uploads\/2018\/12\/Lavandle-acceuil-1.jpg 465w\" sizes=\"auto, (max-width: 282px) 100vw, 282px\" \/><\/a><\/p>\n<p>Eine kurze Geschichte vom Lavendel<\/p>\n<p>Die Geschichte vom Lavendel ist so interessant und komplex, dass es sich lohnt, f\u00fcr einen Moment inne zuhalten und seine Geschichte von der Vergangenheit bis zur Gegenwart Revue passieren zu lassen.<\/p>\n<p>Die ersten duftenden Lavendel \u00f6le wurden in den 3.000 Jahre alten Gr\u00e4bern der Pharaonen gefunden. Im alten Griechenland sch\u00e4tzte man die Heilkraft des Lavendel und im alten Rom gedufteten die Menschen in Friedenszeiten ihre H\u00e4user und heilten in Kriegszeiten ihre Verwundeten. Die reinigende Wirkung des Lavendels gab ihm auch seinen Namen. Lavendel leitet sich vom lateinischen Wort \"lavera\" ab, was \"waschen\" bedeutet.<\/p>\n<p>Die relativ einfache Herstellung von Lavendel\u00f6l durch Wasserdampfdestillation trug sicherlich zu seiner weiten Verbreitung in Europa bei. Aufgrund der hohen Nachfrage nach der Marseiller Seife und der Parf\u00fcmerie Grasser wurde der Lavendel auf fast allen Gebirgsz\u00fcgen n\u00f6rdlich von Grasse und Marseille in einer H\u00f6he von 600 bis 1300 Metern angebaut. F\u00fcr die noch relativ arme Landbev\u00f6lkerung, die sich damals weitgehend selbst mit der Landwirtschaft versorgte, hatte sich eine neue Einkommensquelle aufgetan. Jeder konnte in jedem Dorf wilden Lavendel schneiden und sammeln. In den 1980er Jahren traf ich selbst \u00e4ltere M\u00e4nner, die sich damit r\u00fchmten, die gr\u00f6\u00dften Lavendelb\u00fcndel auf den Schultern den Berg hinunter zu tragen, oder die stolz davon erz\u00e4hlten, in der Nacht zuvor bei Vollmond Lavendel geschnitten zu haben.<\/p>\n<p>In den 1920er Jahren wurde Lavendel auch in den T\u00e4lern in grossem Umfang angebaut. Das Ereignis der Industrialisierung hatte es m\u00f6glich gemacht, die Weiden als \"Produktionsgebiet\" f\u00fcr Lavendel zu nutzen. Die Pfl\u00fcge wurden durch moderne Traktoren ersetzt. Lavendel war aus den Bergen auf die Felder gewandert und zu einer \"Kulturpflanze\" geworden. Die Produktion war enorm gestiegen und es gab bereits eine erste Krise. Die Preise fielen und erreichten nie wieder das alte Niveau. In dieser Zeit waren Handelsh\u00e4user entstanden, die Vork\u00e4ufer aus Marseille oder Grasse, die sich mit noch gr\u00f6sseren Anlagen ausgestattet hatten und den Schnittern das Lavendelstroh abkauften. Die erste Krise war nur der Anfang, die Preise waren gefallen und der Markt teilte die Produktion noch in billigere Lavandin,<\/p>\n<p>&nbsp;<\/p>\n<p><a href=\"https:\/\/decoiris.ch\/wp-content\/uploads\/2018\/12\/auf-Lavendelplantage.jpg\"><img loading=\"lazy\" decoding=\"async\" class=\"alignnone wp-image-13939\" src=\"https:\/\/decoiris.ch\/wp-content\/uploads\/2018\/12\/auf-Lavendelplantage-300x198.jpg\" alt=\"\" width=\"632\" height=\"417\" srcset=\"https:\/\/bien-etreiris.ch\/wp-content\/uploads\/2018\/12\/auf-Lavendelplantage-300x198.jpg 300w, https:\/\/bien-etreiris.ch\/wp-content\/uploads\/2018\/12\/auf-Lavendelplantage-768x506.jpg 768w, https:\/\/bien-etreiris.ch\/wp-content\/uploads\/2018\/12\/auf-Lavendelplantage-1024x674.jpg 1024w, https:\/\/bien-etreiris.ch\/wp-content\/uploads\/2018\/12\/auf-Lavendelplantage.jpg 1063w\" sizes=\"auto, (max-width: 632px) 100vw, 632px\" \/><\/a><\/p>\n<p>eine nat\u00fcrliche Mischung aus Lavendula vera und Lavendula spicata, die immer noch in Seifen und Waschmitteln verwendet wird, sowie \"echter\" Lavendel f\u00fcr die Parf\u00fcmindustrie. Die Preise hatten geschwankt und neue Lieferanten waren in Italien, Bulgarien, Moldawien und auf der Krim aufgetaucht. Der Lavendelmarkt war zu einem globalen Markt geworden und ist es bis heute geblieben.<\/p>\n<p>In den 40er Jahren des letzten Jahrhunderts gab es auch eine Ver\u00e4nderung, die die Pflanzen selbst betraf, die alten Pflanzen brachten weniger Ertrag, die jungen Pflanzen wuchsen weniger. Wie eine Explosion schlug in den 1990er Jahren eine zun\u00e4chst unbekannte Lavendelkrankheit auf den Feldern zu. Die hohe Spezialisierung und der Klimawandel wirkten sich negativ aus.<\/p>\n<p>Der Lavendelanbau war reif f\u00fcr eine nachhaltige Betrachtung. Die \"alten\" Sorten wurden nach strengen Bio-Richtlinien angebaut. Der wilde Berghammer hat eine Renaissance erlebt.<\/p>\n<p>Lavendel gedeiht auf kargen, kalkhaltigen B\u00f6den und liebt die Sommersonne wie ein durstiger Tourist. Sie entsteht in einer H\u00f6he von 800 bis 1500 m. Erst im 3. Jahr sind die Lavendelpflanzen so gro\u00df, dass sie das Unkraut verdr\u00e4ngen. Bis dahin bedeutet das unerm\u00fcdliches J\u00e4ten und Hacken. Diese Arbeit erfordert Ausdauer und Geduld und ist im \u00f6kologischen Landbau unverzichtbar, da wir hier keine Herbizide einsetzen. In der Ebene und im H\u00fcgelland kann maschinell mit speziellen Kleintraktoren geerntet werden.<\/p>\n<p>Der wilde Berghammer in den Bergen der Haute Provence hingegen erfordert m\u00fchsame Handarbeit - die Ernte mit der Sichel.<\/p>\n<p>DAMASCENA Lavendel wird bis zu 90 Minuten lang destilliert. Denn erst nach etwa 45 Minuten l\u00f6st sich das Cumarin, ein Inhaltsstoff, der zur ausgleichenden und entspannenden Wirkung des Lavendels beitr\u00e4gt, auf. Wir arbeiten eng mit einem Landwirt in Frankreich zusammen. Unser Partner und Freund baut feinen Lavendel, wilden Berglavendel (Wildsammlung) und Super-Lavandin in bester und kontrollierter Bio-Qualit\u00e4t an. Im Schwei\u00dfe seines Angesichts pflanzt, s\u00e4t und erntet er den Lavendel. Er zieht seine Jungpflanzen selbst und hegt und pflegt sie, bis sie zu kr\u00e4ftigen Pflanzen werden. Diese kr\u00e4ftigen und widerstandsf\u00e4higen Lavendelpflanzen liefern ein hochwertiges und wertvolles \u00d6l, das vor Ort in traditionellen Herstellungsverfahren gewonnen wird. Unser Partner produziert exklusiv f\u00fcr uns und unsere Partnerfirmen. Die Menge an Lavendel der besten Qualit\u00e4t ist nur etwa.<\/p>\n<p>Bien \u00eatre Iris freut sich, seinen Kunden diese nat\u00fcrlichen organischen \u00e4therischen \u00d6le in reiner Form, als reines Hydrolat oder als Mischung in unseren verschiedenen Produkten anbieten zu k\u00f6nnen.<\/p>\n<p>&nbsp;<\/p>\n<p>&nbsp;<\/p>\n\n","protected":false},"excerpt":{"rendered":"<p>Eine kurze Geschichte vom Lavendel Die Geschichte vom Lavendel ist so interessant und komplex, dass es sich lohnt, f\u00fcr einen Moment inne zuhalten und seine Geschichte von der Vergangenheit bis zur Gegenwart Revue passieren zu lassen. Die ersten duftenden Lavendel \u00f6le wurden in den 3.000 Jahre alten Gr\u00e4bern der Pharaonen gefunden. Im alten Griechenland sch\u00e4tzte man die Heilkraft des Lavendel&nbsp;<a href=\"https:\/\/bien-etreiris.ch\/de\/ratgeber-klarheit-beratung\/natuerliche-heilmittel\/pflanzenheilkunde\/aetherische-oele\/anwendungsleitfaden-fuer-aetherische-oele\/arten-von-lavendeloel\/geschichte-vom-lavendel\/\" class=\"read-more\">Weiter lesen<\/a><\/p>\n","protected":false},"author":1,"featured_media":55728,"parent":80069,"menu_order":7761,"comment_status":"closed","ping_status":"closed","template":"page-with-child.php","meta":{"_acf_changed":false,"ngg_post_thumbnail":0,"footnotes":""},"class_list":["post-13882","page","type-page","status-publish","has-post-thumbnail","hentry"],"acf":[],"yoast_head":"<!-- This site is optimized with the Yoast SEO plugin v27.5 - https:\/\/yoast.com\/product\/yoast-seo-wordpress\/ -->\n<title>GESCHICHTE VOM LAVENDEL - WOHLBEFINDEN<\/title>\n<meta name=\"robots\" content=\"index, follow, max-snippet:-1, max-image-preview:large, max-video-preview:-1\" \/>\n<link rel=\"canonical\" href=\"https:\/\/bien-etreiris.ch\/de\/ratgeber-klarheit-beratung\/pflanzenheilkunde\/aetherische-oele\/geschichte-vom-lavendel\/\" \/>\n<meta property=\"og:locale\" content=\"de_DE\" \/>\n<meta property=\"og:type\" content=\"article\" \/>\n<meta property=\"og:title\" content=\"GESCHICHTE VOM LAVENDEL - WOHLBEFINDEN\" \/>\n<meta property=\"og:description\" content=\"Eine kurze Geschichte vom Lavendel Die Geschichte vom Lavendel ist so interessant und komplex, dass es sich lohnt, f\u00fcr einen Moment inne zuhalten und seine Geschichte von der Vergangenheit bis zur Gegenwart Revue passieren zu lassen. Die ersten duftenden Lavendel \u00f6le wurden in den 3.000 Jahre alten Gr\u00e4bern der Pharaonen gefunden. Im alten Griechenland sch\u00e4tzte man die Heilkraft des Lavendel&nbsp;Weiter lesen\" \/>\n<meta property=\"og:url\" content=\"https:\/\/bien-etreiris.ch\/de\/ratgeber-klarheit-beratung\/pflanzenheilkunde\/aetherische-oele\/geschichte-vom-lavendel\/\" \/>\n<meta property=\"og:site_name\" content=\"WOHLBEFINDEN\" \/>\n<meta property=\"article:publisher\" content=\"https:\/\/www.facebook.com\/bienetreiris\/\" \/>\n<meta property=\"article:modified_time\" content=\"2021-06-22T14:17:08+00:00\" \/>\n<meta property=\"og:image\" content=\"https:\/\/bien-etreiris.ch\/wp-content\/uploads\/2018\/12\/Lavandle-acceuil-1.jpg\" \/>\n\t<meta property=\"og:image:width\" content=\"465\" \/>\n\t<meta property=\"og:image:height\" content=\"306\" \/>\n\t<meta property=\"og:image:type\" content=\"image\/jpeg\" \/>\n<meta name=\"twitter:label1\" content=\"Gesch\u00e4tzte Lesezeit\" \/>\n\t<meta name=\"twitter:data1\" content=\"4\u00a0Minuten\" \/>\n<script type=\"application\/ld+json\" class=\"yoast-schema-graph\">{\"@context\":\"https:\\\/\\\/schema.org\",\"@graph\":[{\"@type\":\"WebPage\",\"@id\":\"https:\\\/\\\/bien-etreiris.ch\\\/de\\\/ratgeber-klarheit-beratung\\\/pflanzenheilkunde\\\/aetherische-oele\\\/geschichte-vom-lavendel\\\/\",\"url\":\"https:\\\/\\\/bien-etreiris.ch\\\/de\\\/ratgeber-klarheit-beratung\\\/pflanzenheilkunde\\\/aetherische-oele\\\/geschichte-vom-lavendel\\\/\",\"name\":\"GESCHICHTE VOM LAVENDEL - WOHLBEFINDEN\",\"isPartOf\":{\"@id\":\"https:\\\/\\\/bien-etreiris.ch\\\/de\\\/#website\"},\"primaryImageOfPage\":{\"@id\":\"https:\\\/\\\/bien-etreiris.ch\\\/de\\\/ratgeber-klarheit-beratung\\\/pflanzenheilkunde\\\/aetherische-oele\\\/geschichte-vom-lavendel\\\/#primaryimage\"},\"image\":{\"@id\":\"https:\\\/\\\/bien-etreiris.ch\\\/de\\\/ratgeber-klarheit-beratung\\\/pflanzenheilkunde\\\/aetherische-oele\\\/geschichte-vom-lavendel\\\/#primaryimage\"},\"thumbnailUrl\":\"https:\\\/\\\/bien-etreiris.ch\\\/wp-content\\\/uploads\\\/2022\\\/05\\\/Acceuil.jpg\",\"datePublished\":\"2018-12-29T21:39:31+00:00\",\"dateModified\":\"2021-06-22T14:17:08+00:00\",\"breadcrumb\":{\"@id\":\"https:\\\/\\\/bien-etreiris.ch\\\/de\\\/ratgeber-klarheit-beratung\\\/pflanzenheilkunde\\\/aetherische-oele\\\/geschichte-vom-lavendel\\\/#breadcrumb\"},\"inLanguage\":\"de\",\"potentialAction\":[{\"@type\":\"ReadAction\",\"target\":[\"https:\\\/\\\/bien-etreiris.ch\\\/de\\\/ratgeber-klarheit-beratung\\\/pflanzenheilkunde\\\/aetherische-oele\\\/geschichte-vom-lavendel\\\/\"]}]},{\"@type\":\"ImageObject\",\"inLanguage\":\"de\",\"@id\":\"https:\\\/\\\/bien-etreiris.ch\\\/de\\\/ratgeber-klarheit-beratung\\\/pflanzenheilkunde\\\/aetherische-oele\\\/geschichte-vom-lavendel\\\/#primaryimage\",\"url\":\"https:\\\/\\\/bien-etreiris.ch\\\/wp-content\\\/uploads\\\/2022\\\/05\\\/Acceuil.jpg\",\"contentUrl\":\"https:\\\/\\\/bien-etreiris.ch\\\/wp-content\\\/uploads\\\/2022\\\/05\\\/Acceuil.jpg\",\"width\":500,\"height\":332},{\"@type\":\"BreadcrumbList\",\"@id\":\"https:\\\/\\\/bien-etreiris.ch\\\/de\\\/ratgeber-klarheit-beratung\\\/pflanzenheilkunde\\\/aetherische-oele\\\/geschichte-vom-lavendel\\\/#breadcrumb\",\"itemListElement\":[{\"@type\":\"ListItem\",\"position\":1,\"name\":\"Home\",\"item\":\"https:\\\/\\\/bien-etreiris.ch\\\/de\\\/\"},{\"@type\":\"ListItem\",\"position\":2,\"name\":\"RATGEBER &#038; KLARHEIT\",\"item\":\"https:\\\/\\\/bien-etreiris.ch\\\/de\\\/ratgeber-klarheit-beratung\\\/\"},{\"@type\":\"ListItem\",\"position\":3,\"name\":\"PFLANZENHEILKUNDE\",\"item\":\"https:\\\/\\\/bien-etreiris.ch\\\/de\\\/ratgeber-klarheit-beratung\\\/pflanzenheilkunde\\\/\"},{\"@type\":\"ListItem\",\"position\":4,\"name\":\"\u00c4THERISCHE \u00d6LE\",\"item\":\"https:\\\/\\\/bien-etreiris.ch\\\/de\\\/ratgeber-klarheit-beratung\\\/pflanzenheilkunde\\\/aetherische-oele\\\/\"},{\"@type\":\"ListItem\",\"position\":5,\"name\":\"GESCHICHTE VOM LAVENDEL\"}]},{\"@type\":\"WebSite\",\"@id\":\"https:\\\/\\\/bien-etreiris.ch\\\/de\\\/#website\",\"url\":\"https:\\\/\\\/bien-etreiris.ch\\\/de\\\/\",\"name\":\"Bien-\u00eatre Iris\",\"description\":\"IHRE Gesundheit ist uns wichtig\",\"potentialAction\":[{\"@type\":\"SearchAction\",\"target\":{\"@type\":\"EntryPoint\",\"urlTemplate\":\"https:\\\/\\\/bien-etreiris.ch\\\/de\\\/?s={search_term_string}\"},\"query-input\":{\"@type\":\"PropertyValueSpecification\",\"valueRequired\":true,\"valueName\":\"search_term_string\"}}],\"inLanguage\":\"de\"}]}<\/script>\n<!-- \/ Yoast SEO plugin. -->","yoast_head_json":{"title":"GESCHICHTE VOM LAVENDEL - WOHLBEFINDEN","robots":{"index":"index","follow":"follow","max-snippet":"max-snippet:-1","max-image-preview":"max-image-preview:large","max-video-preview":"max-video-preview:-1"},"canonical":"https:\/\/bien-etreiris.ch\/de\/ratgeber-klarheit-beratung\/pflanzenheilkunde\/aetherische-oele\/geschichte-vom-lavendel\/","og_locale":"de_DE","og_type":"article","og_title":"GESCHICHTE VOM LAVENDEL - WOHLBEFINDEN","og_description":"Eine kurze Geschichte vom Lavendel Die Geschichte vom Lavendel ist so interessant und komplex, dass es sich lohnt, f\u00fcr einen Moment inne zuhalten und seine Geschichte von der Vergangenheit bis zur Gegenwart Revue passieren zu lassen. Die ersten duftenden Lavendel \u00f6le wurden in den 3.000 Jahre alten Gr\u00e4bern der Pharaonen gefunden. Im alten Griechenland sch\u00e4tzte man die Heilkraft des Lavendel&nbsp;Weiter lesen","og_url":"https:\/\/bien-etreiris.ch\/de\/ratgeber-klarheit-beratung\/pflanzenheilkunde\/aetherische-oele\/geschichte-vom-lavendel\/","og_site_name":"WOHLBEFINDEN","article_publisher":"https:\/\/www.facebook.com\/bienetreiris\/","article_modified_time":"2021-06-22T14:17:08+00:00","og_image":[{"width":465,"height":306,"url":"https:\/\/bien-etreiris.ch\/wp-content\/uploads\/2018\/12\/Lavandle-acceuil-1.jpg","type":"image\/jpeg"}],"twitter_misc":{"Gesch\u00e4tzte Lesezeit":"4\u00a0Minuten"},"schema":{"@context":"https:\/\/schema.org","@graph":[{"@type":"WebPage","@id":"https:\/\/bien-etreiris.ch\/de\/ratgeber-klarheit-beratung\/pflanzenheilkunde\/aetherische-oele\/geschichte-vom-lavendel\/","url":"https:\/\/bien-etreiris.ch\/de\/ratgeber-klarheit-beratung\/pflanzenheilkunde\/aetherische-oele\/geschichte-vom-lavendel\/","name":"GESCHICHTE VOM LAVENDEL - WOHLBEFINDEN","isPartOf":{"@id":"https:\/\/bien-etreiris.ch\/de\/#website"},"primaryImageOfPage":{"@id":"https:\/\/bien-etreiris.ch\/de\/ratgeber-klarheit-beratung\/pflanzenheilkunde\/aetherische-oele\/geschichte-vom-lavendel\/#primaryimage"},"image":{"@id":"https:\/\/bien-etreiris.ch\/de\/ratgeber-klarheit-beratung\/pflanzenheilkunde\/aetherische-oele\/geschichte-vom-lavendel\/#primaryimage"},"thumbnailUrl":"https:\/\/bien-etreiris.ch\/wp-content\/uploads\/2022\/05\/Acceuil.jpg","datePublished":"2018-12-29T21:39:31+00:00","dateModified":"2021-06-22T14:17:08+00:00","breadcrumb":{"@id":"https:\/\/bien-etreiris.ch\/de\/ratgeber-klarheit-beratung\/pflanzenheilkunde\/aetherische-oele\/geschichte-vom-lavendel\/#breadcrumb"},"inLanguage":"de","potentialAction":[{"@type":"ReadAction","target":["https:\/\/bien-etreiris.ch\/de\/ratgeber-klarheit-beratung\/pflanzenheilkunde\/aetherische-oele\/geschichte-vom-lavendel\/"]}]},{"@type":"ImageObject","inLanguage":"de","@id":"https:\/\/bien-etreiris.ch\/de\/ratgeber-klarheit-beratung\/pflanzenheilkunde\/aetherische-oele\/geschichte-vom-lavendel\/#primaryimage","url":"https:\/\/bien-etreiris.ch\/wp-content\/uploads\/2022\/05\/Acceuil.jpg","contentUrl":"https:\/\/bien-etreiris.ch\/wp-content\/uploads\/2022\/05\/Acceuil.jpg","width":500,"height":332},{"@type":"BreadcrumbList","@id":"https:\/\/bien-etreiris.ch\/de\/ratgeber-klarheit-beratung\/pflanzenheilkunde\/aetherische-oele\/geschichte-vom-lavendel\/#breadcrumb","itemListElement":[{"@type":"ListItem","position":1,"name":"Home","item":"https:\/\/bien-etreiris.ch\/de\/"},{"@type":"ListItem","position":2,"name":"RATGEBER &#038; KLARHEIT","item":"https:\/\/bien-etreiris.ch\/de\/ratgeber-klarheit-beratung\/"},{"@type":"ListItem","position":3,"name":"PFLANZENHEILKUNDE","item":"https:\/\/bien-etreiris.ch\/de\/ratgeber-klarheit-beratung\/pflanzenheilkunde\/"},{"@type":"ListItem","position":4,"name":"\u00c4THERISCHE \u00d6LE","item":"https:\/\/bien-etreiris.ch\/de\/ratgeber-klarheit-beratung\/pflanzenheilkunde\/aetherische-oele\/"},{"@type":"ListItem","position":5,"name":"GESCHICHTE VOM LAVENDEL"}]},{"@type":"WebSite","@id":"https:\/\/bien-etreiris.ch\/de\/#website","url":"https:\/\/bien-etreiris.ch\/de\/","name":"Bien-\u00eatre Iris","description":"IHRE Gesundheit ist uns wichtig","potentialAction":[{"@type":"SearchAction","target":{"@type":"EntryPoint","urlTemplate":"https:\/\/bien-etreiris.ch\/de\/?s={search_term_string}"},"query-input":{"@type":"PropertyValueSpecification","valueRequired":true,"valueName":"search_term_string"}}],"inLanguage":"de"}]}},"_links":{"self":[{"href":"https:\/\/bien-etreiris.ch\/de\/wp-json\/wp\/v2\/pages\/13882","targetHints":{"allow":["GET"]}}],"collection":[{"href":"https:\/\/bien-etreiris.ch\/de\/wp-json\/wp\/v2\/pages"}],"about":[{"href":"https:\/\/bien-etreiris.ch\/de\/wp-json\/wp\/v2\/types\/page"}],"author":[{"embeddable":true,"href":"https:\/\/bien-etreiris.ch\/de\/wp-json\/wp\/v2\/users\/1"}],"replies":[{"embeddable":true,"href":"https:\/\/bien-etreiris.ch\/de\/wp-json\/wp\/v2\/comments?post=13882"}],"version-history":[{"count":10,"href":"https:\/\/bien-etreiris.ch\/de\/wp-json\/wp\/v2\/pages\/13882\/revisions"}],"predecessor-version":[{"id":51226,"href":"https:\/\/bien-etreiris.ch\/de\/wp-json\/wp\/v2\/pages\/13882\/revisions\/51226"}],"up":[{"embeddable":true,"href":"https:\/\/bien-etreiris.ch\/de\/wp-json\/wp\/v2\/pages\/80069"}],"wp:featuredmedia":[{"embeddable":true,"href":"https:\/\/bien-etreiris.ch\/de\/wp-json\/wp\/v2\/media\/55728"}],"wp:attachment":[{"href":"https:\/\/bien-etreiris.ch\/de\/wp-json\/wp\/v2\/media?parent=13882"}],"curies":[{"name":"wp","href":"https:\/\/api.w.org\/{rel}","templated":true}]}}