{"id":13795,"date":"2018-12-16T21:51:02","date_gmt":"2018-12-16T21:51:02","guid":{"rendered":"https:\/\/bien-etreiris.ch\/wohlbefinden\/p-jentschura\/13789-2\/"},"modified":"2019-09-08T15:19:47","modified_gmt":"2019-09-08T15:19:47","slug":"7-x-7-kraeuter-tee","status":"publish","type":"page","link":"https:\/\/bien-etreiris.ch\/de\/produktpraesentation\/natuerliche-heilmittel\/saeure-basen-haushalt\/7-x-7-kraeuter-tee\/","title":{"rendered":"7 x 7 KR\u00c4UTER TEE"},"content":{"rendered":"<h2 class=\"subheadline\" data-sr-id=\"0\">Der 49-Kr\u00e4uter Basentee f\u00fcr eine bewusste Balance<\/h2>\n<div class=\"product-teaser\">\n<div>\n<ul class=\"list-with-checkmark\" style=\"list-style-type: disc;\">\n<li style=\"list-style-type: none;\"><a href=\"https:\/\/decoiris.ch\/wp-content\/uploads\/2019\/09\/complet-7x7.png\"><img loading=\"lazy\" decoding=\"async\" class=\" wp-image-28412 alignleft\" src=\"https:\/\/decoiris.ch\/wp-content\/uploads\/2019\/09\/complet-7x7.png\" alt=\"\" width=\"375\" height=\"260\"><\/a><\/li>\n<\/ul>\n<\/div>\n<\/div>\n<p>&nbsp;<\/p>\n<p>&nbsp;<\/p>\n<p>&nbsp;<\/p>\n<p>&nbsp;<\/p>\n<div class=\"product-body\">\n<ul class=\"list-with-checkmark\">\n<li style=\"list-style-type: none;\">\n<ul class=\"list-with-checkmark\" style=\"list-style-type: disc;\">\n<li data-sr-id=\"12\">einzigartige Rezeptur mit 49 Kr\u00e4utern<\/li>\n<\/ul>\n<\/li>\n<\/ul>\n<ul class=\"list-with-checkmark\" style=\"list-style-type: disc;\">\n<li style=\"list-style-type: none;\">\n<ul class=\"list-with-checkmark\" style=\"list-style-type: disc;\">\n<li data-sr-id=\"13\">f\u00fcr die S\u00e4ure-Basen-Balance<\/li>\n<\/ul>\n<\/li>\n<\/ul>\n<ul class=\"list-with-checkmark\" style=\"list-style-type: disc;\">\n<li style=\"list-style-type: none;\">\n<ul class=\"list-with-checkmark\" style=\"list-style-type: disc;\">\n<li data-sr-id=\"14\">bew\u00e4hrter Begleiter bei Fasten- und Wohlf\u00fchlkuren<\/li>\n<\/ul>\n<\/li>\n<\/ul>\n<ul class=\"list-with-checkmark\" style=\"list-style-type: disc;\">\n<li data-sr-id=\"15\">aus kontrolliert \u00f6kologischem Anbau<\/li>\n<\/ul>\n<\/div>\n<p>&nbsp;<\/p>\n<div class=\"product-body\">\n<div class=\"product-body\">\n<p>&nbsp;&nbsp;&nbsp;&nbsp;&nbsp;&nbsp;&nbsp;&nbsp; 100 gr. <strong>CHF 13.00<\/strong><\/p>\n<p>&nbsp;&nbsp;&nbsp;&nbsp;&nbsp;&nbsp;&nbsp;&nbsp; 250 gr. <strong>CHF 29.00<\/strong><\/p>\n<p>&nbsp;&nbsp;&nbsp;&nbsp; &nbsp; &nbsp; 500 gr. <strong>CHF 17.50<\/strong><\/p>\n<\/div>\n<p>&nbsp;&nbsp;&nbsp;&nbsp;&nbsp;&nbsp;&nbsp; en vrac <strong>CHF 10.00<\/strong><\/p>\n<p>&nbsp; 50 sachets <strong>CHF 17.50<\/strong><\/p>\n<p>100 sachets <strong>CHF 31.50<\/strong><\/p>\n<p>&nbsp;<\/p>\n<div class=\"product-body\">\n<p>Im Volksmund hei\u00dft es \u201egegen alles ist ein Kraut gewachsen\u201c \u2013 zu Recht, denn das Wissen rund um Teekr\u00e4uter und deren Wirkungen ist seit Jahrhunderten bew\u00e4hrt und wird in der naturheilkundlichen Medizin und selbst in der modernen Pharmazie erfolgreich genutzt.<\/p>\n<p>Unsere fein harmonische Auswahl von 49 Zutaten des 7x7 Kr\u00e4uterTees ist nicht nur mild und bek\u00f6mmlich, sondern leistet auch effektiv einen wertvollen Beitrag zur Unterst\u00fctzung eines gesunden S\u00e4ure-Basen-Haushaltes.<\/p>\n<p>Der Tee mit seiner einzigartigen Rezeptur aus ausgew\u00e4hlten Kr\u00e4utern, Samen, Gew\u00fcrzen, Wurzeln und Bl\u00fcten ist ein bew\u00e4hrter Begleiter im Alltag und schafft au\u00dfergew\u00f6hnliche Genussmomente. Mit dem 7x7 Kr\u00e4uterTee nutzen wir das gesamte \u201eOrchester\u201c der Pflanzenstoffe mit all seinen Geheimnissen und seiner Energie f\u00fcr Ihr dauerhaftes Wohlbefinden.<\/p>\n<p>Hei\u00df aufgebr\u00fcht im Winter, als erfrischender Durstl\u00f6scher mit Minze oder Limette im Sommer, aber auch als Fruchtschorle, kann der 7x7 Kr\u00e4uterTee ganz individuell zubereitet werden. Damit wird unser Tee zu jeder Jahreszeit zum wohlschmeckenden, erfrischenden und st\u00e4rkenden Genuss. Entdecken, erleben und genie\u00dfen Sie mit dem 7x7 Kr\u00e4uterTee die Welt der Kr\u00e4uter.<\/p>\n<\/div>\n<\/div>\n<p><a href=\"https:\/\/decoiris.ch\/wp-content\/uploads\/2019\/09\/alle-Zutatten.jpg\"><img loading=\"lazy\" decoding=\"async\" class=\"alignnone wp-image-28990 size-full\" src=\"https:\/\/decoiris.ch\/wp-content\/uploads\/2019\/09\/alle-Zutatten.jpg\" alt=\"\" width=\"1888\" height=\"1251\" srcset=\"https:\/\/bien-etreiris.ch\/wp-content\/uploads\/2019\/09\/alle-Zutatten.jpg 1888w, https:\/\/bien-etreiris.ch\/wp-content\/uploads\/2019\/09\/alle-Zutatten-300x199.jpg 300w, https:\/\/bien-etreiris.ch\/wp-content\/uploads\/2019\/09\/alle-Zutatten-768x509.jpg 768w, https:\/\/bien-etreiris.ch\/wp-content\/uploads\/2019\/09\/alle-Zutatten-1024x679.jpg 1024w\" sizes=\"auto, (max-width: 1888px) 100vw, 1888px\" \/><\/a><\/p>\n<h2 class=\"word-wrap \" data-sr-id=\"3\">Zubereitung<\/h2>\n<p><a href=\"https:\/\/decoiris.ch\/wp-content\/uploads\/2019\/09\/preparation.png\"><img loading=\"lazy\" decoding=\"async\" class=\"alignnone wp-image-28285 size-large\" src=\"https:\/\/decoiris.ch\/wp-content\/uploads\/2019\/09\/preparation-1024x341.png\" alt=\"\" width=\"604\" height=\"201\" srcset=\"https:\/\/bien-etreiris.ch\/wp-content\/uploads\/2019\/09\/preparation-1024x341.png 1024w, https:\/\/bien-etreiris.ch\/wp-content\/uploads\/2019\/09\/preparation-300x100.png 300w, https:\/\/bien-etreiris.ch\/wp-content\/uploads\/2019\/09\/preparation-768x256.png 768w, https:\/\/bien-etreiris.ch\/wp-content\/uploads\/2019\/09\/preparation.png 1025w\" sizes=\"auto, (max-width: 604px) 100vw, 604px\" \/><\/a><\/p>\n<p>Auf 1 Liter Wasser nimmt man 1 Essl\u00f6ffel 7x7 Kr\u00e4uter oder 2 Filterbeutel und auf 1 Tasse 1 Teel\u00f6ffel 7x7 Kr\u00e4uter oder 1 Filterbeutel. Dann mit kochendem Wasser \u00fcberbr\u00fchen. Das Wasser sollte nicht in der Mikrowelle erw\u00e4rmt werden.<\/p>\n<p>&nbsp;<\/p>\n<p>&nbsp;<\/p>\n<div class=\"container section-header\">\n<h2 data-sr-id=\"5\">Kreative Rezepte <span class=\"subheadline\">mit 7x7 Kr\u00e4uterTee<\/span><\/h2>\n<p>Vielseitig einsetzbar. Im Sommer als k\u00fchler Durstl\u00f6scher, im Winter als warmer Haustee. Belebend, erfrischend oder fruchtig \u2013 seien sie kreativ.<\/p>\n<\/div>\n","protected":false},"excerpt":{"rendered":"<p>Der 49-Kr\u00e4uter Basentee f\u00fcr eine bewusste Balance &nbsp; &nbsp; &nbsp; &nbsp; einzigartige Rezeptur mit 49 Kr\u00e4utern f\u00fcr die S\u00e4ure-Basen-Balance bew\u00e4hrter Begleiter bei Fasten- und Wohlf\u00fchlkuren aus kontrolliert \u00f6kologischem Anbau &nbsp; &nbsp;&nbsp;&nbsp;&nbsp;&nbsp;&nbsp;&nbsp;&nbsp; 100 gr. CHF 13.00 &nbsp;&nbsp;&nbsp;&nbsp;&nbsp;&nbsp;&nbsp;&nbsp; 250 gr. CHF 29.00 &nbsp;&nbsp;&nbsp;&nbsp; &nbsp; &nbsp; 500 gr. CHF 17.50 &nbsp;&nbsp;&nbsp;&nbsp;&nbsp;&nbsp;&nbsp; en vrac CHF 10.00 &nbsp; 50 sachets CHF 17.50 100 sachets CHF&nbsp;<a href=\"https:\/\/bien-etreiris.ch\/de\/produktpraesentation\/natuerliche-heilmittel\/saeure-basen-haushalt\/7-x-7-kraeuter-tee\/\" class=\"read-more\">Weiter lesen<\/a><\/p>\n","protected":false},"author":1,"featured_media":19429,"parent":13611,"menu_order":7771,"comment_status":"closed","ping_status":"closed","template":"page-with-child.php","meta":{"_acf_changed":false,"ngg_post_thumbnail":0,"footnotes":""},"class_list":["post-13795","page","type-page","status-publish","has-post-thumbnail","hentry"],"acf":[],"yoast_head":"<!-- This site is optimized with the Yoast SEO plugin v27.5 - https:\/\/yoast.com\/product\/yoast-seo-wordpress\/ -->\n<title>7 x 7 KR\u00c4UTER TEE - WOHLBEFINDEN<\/title>\n<meta name=\"robots\" content=\"index, follow, max-snippet:-1, max-image-preview:large, max-video-preview:-1\" \/>\n<link rel=\"canonical\" href=\"https:\/\/bien-etreiris.ch\/de\/produktpraesentation\/natuerliche-heilmittel\/saeure-basen-haushalt\/7-x-7-kraeuter-tee\/\" \/>\n<meta property=\"og:locale\" content=\"de_DE\" \/>\n<meta property=\"og:type\" content=\"article\" \/>\n<meta property=\"og:title\" content=\"7 x 7 KR\u00c4UTER TEE - WOHLBEFINDEN\" \/>\n<meta property=\"og:description\" content=\"Der 49-Kr\u00e4uter Basentee f\u00fcr eine bewusste Balance &nbsp; &nbsp; &nbsp; &nbsp; einzigartige Rezeptur mit 49 Kr\u00e4utern f\u00fcr die S\u00e4ure-Basen-Balance bew\u00e4hrter Begleiter bei Fasten- und Wohlf\u00fchlkuren aus kontrolliert \u00f6kologischem Anbau &nbsp; &nbsp;&nbsp;&nbsp;&nbsp;&nbsp;&nbsp;&nbsp;&nbsp; 100 gr. CHF 13.00 &nbsp;&nbsp;&nbsp;&nbsp;&nbsp;&nbsp;&nbsp;&nbsp; 250 gr. CHF 29.00 &nbsp;&nbsp;&nbsp;&nbsp; &nbsp; &nbsp; 500 gr. CHF 17.50 &nbsp;&nbsp;&nbsp;&nbsp;&nbsp;&nbsp;&nbsp; en vrac CHF 10.00 &nbsp; 50 sachets CHF 17.50 100 sachets CHF&nbsp;Weiter lesen\" \/>\n<meta property=\"og:url\" content=\"https:\/\/bien-etreiris.ch\/de\/produktpraesentation\/natuerliche-heilmittel\/saeure-basen-haushalt\/7-x-7-kraeuter-tee\/\" \/>\n<meta property=\"og:site_name\" content=\"WOHLBEFINDEN\" \/>\n<meta property=\"article:publisher\" content=\"https:\/\/www.facebook.com\/bienetreiris\/\" \/>\n<meta property=\"article:modified_time\" content=\"2019-09-08T15:19:47+00:00\" \/>\n<meta property=\"og:image\" content=\"https:\/\/bien-etreiris.ch\/wp-content\/uploads\/2019\/06\/titel-7-x7-alca-plantes.jpg\" \/>\n\t<meta property=\"og:image:width\" content=\"450\" \/>\n\t<meta property=\"og:image:height\" content=\"301\" \/>\n\t<meta property=\"og:image:type\" content=\"image\/jpeg\" \/>\n<meta name=\"twitter:label1\" content=\"Gesch\u00e4tzte Lesezeit\" \/>\n\t<meta name=\"twitter:data1\" content=\"2\u00a0Minuten\" \/>\n<script type=\"application\/ld+json\" class=\"yoast-schema-graph\">{\"@context\":\"https:\\\/\\\/schema.org\",\"@graph\":[{\"@type\":\"WebPage\",\"@id\":\"https:\\\/\\\/bien-etreiris.ch\\\/de\\\/produktpraesentation\\\/natuerliche-heilmittel\\\/saeure-basen-haushalt\\\/7-x-7-kraeuter-tee\\\/\",\"url\":\"https:\\\/\\\/bien-etreiris.ch\\\/de\\\/produktpraesentation\\\/natuerliche-heilmittel\\\/saeure-basen-haushalt\\\/7-x-7-kraeuter-tee\\\/\",\"name\":\"7 x 7 KR\u00c4UTER TEE - WOHLBEFINDEN\",\"isPartOf\":{\"@id\":\"https:\\\/\\\/bien-etreiris.ch\\\/de\\\/#website\"},\"primaryImageOfPage\":{\"@id\":\"https:\\\/\\\/bien-etreiris.ch\\\/de\\\/produktpraesentation\\\/natuerliche-heilmittel\\\/saeure-basen-haushalt\\\/7-x-7-kraeuter-tee\\\/#primaryimage\"},\"image\":{\"@id\":\"https:\\\/\\\/bien-etreiris.ch\\\/de\\\/produktpraesentation\\\/natuerliche-heilmittel\\\/saeure-basen-haushalt\\\/7-x-7-kraeuter-tee\\\/#primaryimage\"},\"thumbnailUrl\":\"https:\\\/\\\/bien-etreiris.ch\\\/wp-content\\\/uploads\\\/2019\\\/06\\\/titel-7-x7-alca-plantes.jpg\",\"datePublished\":\"2018-12-16T21:51:02+00:00\",\"dateModified\":\"2019-09-08T15:19:47+00:00\",\"breadcrumb\":{\"@id\":\"https:\\\/\\\/bien-etreiris.ch\\\/de\\\/produktpraesentation\\\/natuerliche-heilmittel\\\/saeure-basen-haushalt\\\/7-x-7-kraeuter-tee\\\/#breadcrumb\"},\"inLanguage\":\"de\",\"potentialAction\":[{\"@type\":\"ReadAction\",\"target\":[\"https:\\\/\\\/bien-etreiris.ch\\\/de\\\/produktpraesentation\\\/natuerliche-heilmittel\\\/saeure-basen-haushalt\\\/7-x-7-kraeuter-tee\\\/\"]}]},{\"@type\":\"ImageObject\",\"inLanguage\":\"de\",\"@id\":\"https:\\\/\\\/bien-etreiris.ch\\\/de\\\/produktpraesentation\\\/natuerliche-heilmittel\\\/saeure-basen-haushalt\\\/7-x-7-kraeuter-tee\\\/#primaryimage\",\"url\":\"https:\\\/\\\/bien-etreiris.ch\\\/wp-content\\\/uploads\\\/2019\\\/06\\\/titel-7-x7-alca-plantes.jpg\",\"contentUrl\":\"https:\\\/\\\/bien-etreiris.ch\\\/wp-content\\\/uploads\\\/2019\\\/06\\\/titel-7-x7-alca-plantes.jpg\",\"width\":450,\"height\":301},{\"@type\":\"BreadcrumbList\",\"@id\":\"https:\\\/\\\/bien-etreiris.ch\\\/de\\\/produktpraesentation\\\/natuerliche-heilmittel\\\/saeure-basen-haushalt\\\/7-x-7-kraeuter-tee\\\/#breadcrumb\",\"itemListElement\":[{\"@type\":\"ListItem\",\"position\":1,\"name\":\"Home\",\"item\":\"https:\\\/\\\/bien-etreiris.ch\\\/de\\\/\"},{\"@type\":\"ListItem\",\"position\":2,\"name\":\"PRODUKTPR\u00c4SENTATION\",\"item\":\"https:\\\/\\\/bien-etreiris.ch\\\/de\\\/produktpraesentation\\\/\"},{\"@type\":\"ListItem\",\"position\":3,\"name\":\"NAT\u00dcRLICHE HEILMITTEL\",\"item\":\"https:\\\/\\\/bien-etreiris.ch\\\/de\\\/produktpraesentation\\\/natuerliche-heilmittel\\\/\"},{\"@type\":\"ListItem\",\"position\":4,\"name\":\"S\u00c4URE-BASEN-HAUSHALT\",\"item\":\"https:\\\/\\\/bien-etreiris.ch\\\/de\\\/produktpraesentation\\\/natuerliche-heilmittel\\\/saeure-basen-haushalt\\\/\"},{\"@type\":\"ListItem\",\"position\":5,\"name\":\"7 x 7 KR\u00c4UTER TEE\"}]},{\"@type\":\"WebSite\",\"@id\":\"https:\\\/\\\/bien-etreiris.ch\\\/de\\\/#website\",\"url\":\"https:\\\/\\\/bien-etreiris.ch\\\/de\\\/\",\"name\":\"Bien-\u00eatre Iris\",\"description\":\"IHRE Gesundheit ist uns wichtig\",\"potentialAction\":[{\"@type\":\"SearchAction\",\"target\":{\"@type\":\"EntryPoint\",\"urlTemplate\":\"https:\\\/\\\/bien-etreiris.ch\\\/de\\\/?s={search_term_string}\"},\"query-input\":{\"@type\":\"PropertyValueSpecification\",\"valueRequired\":true,\"valueName\":\"search_term_string\"}}],\"inLanguage\":\"de\"}]}<\/script>\n<!-- \/ Yoast SEO plugin. -->","yoast_head_json":{"title":"7 x 7 KR\u00c4UTER TEE - WOHLBEFINDEN","robots":{"index":"index","follow":"follow","max-snippet":"max-snippet:-1","max-image-preview":"max-image-preview:large","max-video-preview":"max-video-preview:-1"},"canonical":"https:\/\/bien-etreiris.ch\/de\/produktpraesentation\/natuerliche-heilmittel\/saeure-basen-haushalt\/7-x-7-kraeuter-tee\/","og_locale":"de_DE","og_type":"article","og_title":"7 x 7 KR\u00c4UTER TEE - WOHLBEFINDEN","og_description":"Der 49-Kr\u00e4uter Basentee f\u00fcr eine bewusste Balance &nbsp; &nbsp; &nbsp; &nbsp; einzigartige Rezeptur mit 49 Kr\u00e4utern f\u00fcr die S\u00e4ure-Basen-Balance bew\u00e4hrter Begleiter bei Fasten- und Wohlf\u00fchlkuren aus kontrolliert \u00f6kologischem Anbau &nbsp; &nbsp;&nbsp;&nbsp;&nbsp;&nbsp;&nbsp;&nbsp;&nbsp; 100 gr. CHF 13.00 &nbsp;&nbsp;&nbsp;&nbsp;&nbsp;&nbsp;&nbsp;&nbsp; 250 gr. CHF 29.00 &nbsp;&nbsp;&nbsp;&nbsp; &nbsp; &nbsp; 500 gr. CHF 17.50 &nbsp;&nbsp;&nbsp;&nbsp;&nbsp;&nbsp;&nbsp; en vrac CHF 10.00 &nbsp; 50 sachets CHF 17.50 100 sachets CHF&nbsp;Weiter lesen","og_url":"https:\/\/bien-etreiris.ch\/de\/produktpraesentation\/natuerliche-heilmittel\/saeure-basen-haushalt\/7-x-7-kraeuter-tee\/","og_site_name":"WOHLBEFINDEN","article_publisher":"https:\/\/www.facebook.com\/bienetreiris\/","article_modified_time":"2019-09-08T15:19:47+00:00","og_image":[{"width":450,"height":301,"url":"https:\/\/bien-etreiris.ch\/wp-content\/uploads\/2019\/06\/titel-7-x7-alca-plantes.jpg","type":"image\/jpeg"}],"twitter_misc":{"Gesch\u00e4tzte Lesezeit":"2\u00a0Minuten"},"schema":{"@context":"https:\/\/schema.org","@graph":[{"@type":"WebPage","@id":"https:\/\/bien-etreiris.ch\/de\/produktpraesentation\/natuerliche-heilmittel\/saeure-basen-haushalt\/7-x-7-kraeuter-tee\/","url":"https:\/\/bien-etreiris.ch\/de\/produktpraesentation\/natuerliche-heilmittel\/saeure-basen-haushalt\/7-x-7-kraeuter-tee\/","name":"7 x 7 KR\u00c4UTER TEE - WOHLBEFINDEN","isPartOf":{"@id":"https:\/\/bien-etreiris.ch\/de\/#website"},"primaryImageOfPage":{"@id":"https:\/\/bien-etreiris.ch\/de\/produktpraesentation\/natuerliche-heilmittel\/saeure-basen-haushalt\/7-x-7-kraeuter-tee\/#primaryimage"},"image":{"@id":"https:\/\/bien-etreiris.ch\/de\/produktpraesentation\/natuerliche-heilmittel\/saeure-basen-haushalt\/7-x-7-kraeuter-tee\/#primaryimage"},"thumbnailUrl":"https:\/\/bien-etreiris.ch\/wp-content\/uploads\/2019\/06\/titel-7-x7-alca-plantes.jpg","datePublished":"2018-12-16T21:51:02+00:00","dateModified":"2019-09-08T15:19:47+00:00","breadcrumb":{"@id":"https:\/\/bien-etreiris.ch\/de\/produktpraesentation\/natuerliche-heilmittel\/saeure-basen-haushalt\/7-x-7-kraeuter-tee\/#breadcrumb"},"inLanguage":"de","potentialAction":[{"@type":"ReadAction","target":["https:\/\/bien-etreiris.ch\/de\/produktpraesentation\/natuerliche-heilmittel\/saeure-basen-haushalt\/7-x-7-kraeuter-tee\/"]}]},{"@type":"ImageObject","inLanguage":"de","@id":"https:\/\/bien-etreiris.ch\/de\/produktpraesentation\/natuerliche-heilmittel\/saeure-basen-haushalt\/7-x-7-kraeuter-tee\/#primaryimage","url":"https:\/\/bien-etreiris.ch\/wp-content\/uploads\/2019\/06\/titel-7-x7-alca-plantes.jpg","contentUrl":"https:\/\/bien-etreiris.ch\/wp-content\/uploads\/2019\/06\/titel-7-x7-alca-plantes.jpg","width":450,"height":301},{"@type":"BreadcrumbList","@id":"https:\/\/bien-etreiris.ch\/de\/produktpraesentation\/natuerliche-heilmittel\/saeure-basen-haushalt\/7-x-7-kraeuter-tee\/#breadcrumb","itemListElement":[{"@type":"ListItem","position":1,"name":"Home","item":"https:\/\/bien-etreiris.ch\/de\/"},{"@type":"ListItem","position":2,"name":"PRODUKTPR\u00c4SENTATION","item":"https:\/\/bien-etreiris.ch\/de\/produktpraesentation\/"},{"@type":"ListItem","position":3,"name":"NAT\u00dcRLICHE HEILMITTEL","item":"https:\/\/bien-etreiris.ch\/de\/produktpraesentation\/natuerliche-heilmittel\/"},{"@type":"ListItem","position":4,"name":"S\u00c4URE-BASEN-HAUSHALT","item":"https:\/\/bien-etreiris.ch\/de\/produktpraesentation\/natuerliche-heilmittel\/saeure-basen-haushalt\/"},{"@type":"ListItem","position":5,"name":"7 x 7 KR\u00c4UTER TEE"}]},{"@type":"WebSite","@id":"https:\/\/bien-etreiris.ch\/de\/#website","url":"https:\/\/bien-etreiris.ch\/de\/","name":"Bien-\u00eatre Iris","description":"IHRE Gesundheit ist uns wichtig","potentialAction":[{"@type":"SearchAction","target":{"@type":"EntryPoint","urlTemplate":"https:\/\/bien-etreiris.ch\/de\/?s={search_term_string}"},"query-input":{"@type":"PropertyValueSpecification","valueRequired":true,"valueName":"search_term_string"}}],"inLanguage":"de"}]}},"_links":{"self":[{"href":"https:\/\/bien-etreiris.ch\/de\/wp-json\/wp\/v2\/pages\/13795","targetHints":{"allow":["GET"]}}],"collection":[{"href":"https:\/\/bien-etreiris.ch\/de\/wp-json\/wp\/v2\/pages"}],"about":[{"href":"https:\/\/bien-etreiris.ch\/de\/wp-json\/wp\/v2\/types\/page"}],"author":[{"embeddable":true,"href":"https:\/\/bien-etreiris.ch\/de\/wp-json\/wp\/v2\/users\/1"}],"replies":[{"embeddable":true,"href":"https:\/\/bien-etreiris.ch\/de\/wp-json\/wp\/v2\/comments?post=13795"}],"version-history":[{"count":14,"href":"https:\/\/bien-etreiris.ch\/de\/wp-json\/wp\/v2\/pages\/13795\/revisions"}],"predecessor-version":[{"id":28993,"href":"https:\/\/bien-etreiris.ch\/de\/wp-json\/wp\/v2\/pages\/13795\/revisions\/28993"}],"up":[{"embeddable":true,"href":"https:\/\/bien-etreiris.ch\/de\/wp-json\/wp\/v2\/pages\/13611"}],"wp:featuredmedia":[{"embeddable":true,"href":"https:\/\/bien-etreiris.ch\/de\/wp-json\/wp\/v2\/media\/19429"}],"wp:attachment":[{"href":"https:\/\/bien-etreiris.ch\/de\/wp-json\/wp\/v2\/media?parent=13795"}],"curies":[{"name":"wp","href":"https:\/\/api.w.org\/{rel}","templated":true}]}}