{"id":13781,"date":"2018-12-16T19:44:26","date_gmt":"2018-12-16T19:44:26","guid":{"rendered":"https:\/\/bien-etreiris.ch\/wohlbefinden\/p-jentschura\/alca-matin\/idees-de-recettes\/muffins-aux-myrtilles\/"},"modified":"2019-09-07T16:51:42","modified_gmt":"2019-09-07T16:51:42","slug":"morgenstund-heidelbeer-muffins","status":"publish","type":"page","link":"https:\/\/bien-etreiris.ch\/de\/produktpraesentation\/natuerliche-heilmittel\/saeure-basen-haushalt\/morgen-stund\/morgenstund-heidelbeer-muffins\/","title":{"rendered":"HEIDELBEER-MUFFINS"},"content":{"rendered":"<h4 class=\"hyphenate\">MorgenStund' Heidelbeer-Muffins<\/h4>\n<p class=\"hyphenate\"><strong><span style=\"font-size: 18pt;\">&nbsp;<\/span><\/strong><\/p>\n<p><a href=\"https:\/\/decoiris.ch\/wp-content\/uploads\/2019\/09\/Muffins-AlcaMatin-aux-myrtilles-innen.jpg\"><img loading=\"lazy\" decoding=\"async\" class=\"alignnone wp-image-28631 size-full\" src=\"https:\/\/decoiris.ch\/wp-content\/uploads\/2019\/09\/Muffins-AlcaMatin-aux-myrtilles-innen.jpg\" alt=\"\" width=\"820\" height=\"687\" srcset=\"https:\/\/bien-etreiris.ch\/wp-content\/uploads\/2019\/09\/Muffins-AlcaMatin-aux-myrtilles-innen.jpg 820w, https:\/\/bien-etreiris.ch\/wp-content\/uploads\/2019\/09\/Muffins-AlcaMatin-aux-myrtilles-innen-300x251.jpg 300w, https:\/\/bien-etreiris.ch\/wp-content\/uploads\/2019\/09\/Muffins-AlcaMatin-aux-myrtilles-innen-768x643.jpg 768w\" sizes=\"auto, (max-width: 820px) 100vw, 820px\" \/><\/a><\/p>\n<div class=\"flex-container\">\n<div class=\"recipe-ingredients\">\n<h4 class=\"headline\"><strong>Zutaten f\u00fcr 12 St\u00fcck<\/strong><\/h4>\n<table class=\"tablesaw tablesaw-stack table-recipe\" data-tablesaw-mode=\"stack\">\n<tbody>\n<tr>\n<td class=\"value\">80 g<\/td>\n<td class=\"ingredient\" data-sr-id=\"1\">MorgenStund'<\/td>\n<\/tr>\n<tr>\n<td class=\"value\">180 g<\/td>\n<td class=\"ingredient\" data-sr-id=\"3\">Dinkelvollkornmehl (Typ 1050)<\/td>\n<\/tr>\n<tr>\n<td class=\"value\">200 g<\/td>\n<td class=\"ingredient\" data-sr-id=\"4\">Heidelbeeren, frisch oder tiefgek\u00fchlt (nicht auftauen lassen)<\/td>\n<\/tr>\n<tr>\n<td class=\"value\">1<\/td>\n<td class=\"ingredient\" data-sr-id=\"5\">reife Banane<\/td>\n<\/tr>\n<tr>\n<td class=\"value\">3 EL (40 ml)<\/td>\n<td class=\"ingredient\" data-sr-id=\"6\">Agavendicksaft<\/td>\n<\/tr>\n<tr>\n<td class=\"value\">150 g<\/td>\n<td class=\"ingredient\" data-sr-id=\"7\">weiche Butter<\/td>\n<\/tr>\n<tr>\n<td class=\"value\">2<\/td>\n<td class=\"ingredient\" data-sr-id=\"8\">Eier<\/td>\n<\/tr>\n<tr>\n<td class=\"value\">100 ml<\/td>\n<td class=\"ingredient\" data-sr-id=\"9\">Haferdrink<\/td>\n<\/tr>\n<tr>\n<td class=\"value\">1 P\u00e4ckchen<\/td>\n<td class=\"ingredient\" data-sr-id=\"10\">Bourbon-Vanille<\/td>\n<\/tr>\n<tr>\n<td class=\"value\">\u00bd P\u00e4ckchen<\/td>\n<td class=\"ingredient\" data-sr-id=\"11\">Weinsteinbackpulver<\/td>\n<\/tr>\n<tr>\n<td class=\"value\">12<\/td>\n<td class=\"ingredient\" data-sr-id=\"12\">Walnussh\u00e4lften<\/td>\n<\/tr>\n<tr>\n<td class=\"value\">12<\/td>\n<td class=\"ingredient\" data-sr-id=\"13\">Papier-Backf\u00f6rmchen<\/td>\n<\/tr>\n<\/tbody>\n<\/table>\n<\/div>\n<div class=\"recipe-preparation\">\n<div>&nbsp;<\/div>\n<div class=\"recipe-preparation\">\n<h4>&nbsp;<\/h4>\n<h4 class=\"headline\">Zubereitung<\/h4>\n<p>Die 12 Papierf\u00f6rmchen in die Vertiefungen des Muffinblechs stecken. Den Backofen vorheizen. Die Banane in einem tiefen Teller mit einer Gabel zerdr\u00fccken.<\/p>\n<p>Alle Zutaten bis auf die Heidelbeeren in eine R\u00fchrsch\u00fcssel geben und mit einem Mixer zu einem Teig verr\u00fchren. Evtl. noch etwas Mehl nachgeben. Die Heidelbeeren anschlie\u00dfend unterheben.<\/p>\n<p>Mit einem L\u00f6ffel den Teig auf die F\u00f6rmchen verteilen. Je eine Walnussh\u00e4lfte obendrauf setzen.<\/p>\n<p>Im vorgeheizten Ofen bei 160 \u00b0C 20 \u2013 25 Minuten goldbraun backen.<\/p>\n<\/div>\n<\/div>\n<\/div>\n","protected":false},"excerpt":{"rendered":"<p>MorgenStund' Heidelbeer-Muffins &nbsp; Zutaten f\u00fcr 12 St\u00fcck 80 g MorgenStund' 180 g Dinkelvollkornmehl (Typ 1050) 200 g Heidelbeeren, frisch oder tiefgek\u00fchlt (nicht auftauen lassen) 1 reife Banane 3 EL (40 ml) Agavendicksaft 150 g weiche Butter 2 Eier 100 ml Haferdrink 1 P\u00e4ckchen Bourbon-Vanille \u00bd P\u00e4ckchen Weinsteinbackpulver 12 Walnussh\u00e4lften 12 Papier-Backf\u00f6rmchen &nbsp; &nbsp; Zubereitung Die 12 Papierf\u00f6rmchen in die Vertiefungen&nbsp;<a href=\"https:\/\/bien-etreiris.ch\/de\/produktpraesentation\/natuerliche-heilmittel\/saeure-basen-haushalt\/morgen-stund\/morgenstund-heidelbeer-muffins\/\" class=\"read-more\">Weiter lesen<\/a><\/p>\n","protected":false},"author":1,"featured_media":13778,"parent":13696,"menu_order":7774,"comment_status":"closed","ping_status":"closed","template":"page-with-child.php","meta":{"_acf_changed":false,"ngg_post_thumbnail":0,"footnotes":""},"class_list":["post-13781","page","type-page","status-publish","has-post-thumbnail","hentry"],"acf":[],"yoast_head":"<!-- This site is optimized with the Yoast SEO plugin v27.5 - https:\/\/yoast.com\/product\/yoast-seo-wordpress\/ -->\n<title>HEIDELBEER-MUFFINS - WOHLBEFINDEN<\/title>\n<meta name=\"robots\" content=\"index, follow, max-snippet:-1, max-image-preview:large, max-video-preview:-1\" \/>\n<link rel=\"canonical\" href=\"https:\/\/bien-etreiris.ch\/de\/produktpraesentation\/natuerliche-heilmittel\/saeure-basen-haushalt\/morgen-stund\/morgenstund-heidelbeer-muffins\/\" \/>\n<meta property=\"og:locale\" content=\"de_DE\" \/>\n<meta property=\"og:type\" content=\"article\" \/>\n<meta property=\"og:title\" content=\"HEIDELBEER-MUFFINS - WOHLBEFINDEN\" \/>\n<meta property=\"og:description\" content=\"MorgenStund&#039; Heidelbeer-Muffins &nbsp; Zutaten f\u00fcr 12 St\u00fcck 80 g MorgenStund&#039; 180 g Dinkelvollkornmehl (Typ 1050) 200 g Heidelbeeren, frisch oder tiefgek\u00fchlt (nicht auftauen lassen) 1 reife Banane 3 EL (40 ml) Agavendicksaft 150 g weiche Butter 2 Eier 100 ml Haferdrink 1 P\u00e4ckchen Bourbon-Vanille \u00bd P\u00e4ckchen Weinsteinbackpulver 12 Walnussh\u00e4lften 12 Papier-Backf\u00f6rmchen &nbsp; &nbsp; Zubereitung Die 12 Papierf\u00f6rmchen in die Vertiefungen&nbsp;Weiter lesen\" \/>\n<meta property=\"og:url\" content=\"https:\/\/bien-etreiris.ch\/de\/produktpraesentation\/natuerliche-heilmittel\/saeure-basen-haushalt\/morgen-stund\/morgenstund-heidelbeer-muffins\/\" \/>\n<meta property=\"og:site_name\" content=\"WOHLBEFINDEN\" \/>\n<meta property=\"article:publisher\" content=\"https:\/\/www.facebook.com\/bienetreiris\/\" \/>\n<meta property=\"article:modified_time\" content=\"2019-09-07T16:51:42+00:00\" \/>\n<meta property=\"og:image\" content=\"https:\/\/bien-etreiris.ch\/wp-content\/uploads\/2018\/12\/Muffins-AlcaMatin-aux-myrtilles.jpg\" \/>\n\t<meta property=\"og:image:width\" content=\"398\" \/>\n\t<meta property=\"og:image:height\" content=\"265\" \/>\n\t<meta property=\"og:image:type\" content=\"image\/jpeg\" \/>\n<meta name=\"twitter:label1\" content=\"Gesch\u00e4tzte Lesezeit\" \/>\n\t<meta name=\"twitter:data1\" content=\"1\u00a0Minute\" \/>\n<script type=\"application\/ld+json\" class=\"yoast-schema-graph\">{\"@context\":\"https:\\\/\\\/schema.org\",\"@graph\":[{\"@type\":\"WebPage\",\"@id\":\"https:\\\/\\\/bien-etreiris.ch\\\/de\\\/produktpraesentation\\\/natuerliche-heilmittel\\\/saeure-basen-haushalt\\\/morgen-stund\\\/morgenstund-heidelbeer-muffins\\\/\",\"url\":\"https:\\\/\\\/bien-etreiris.ch\\\/de\\\/produktpraesentation\\\/natuerliche-heilmittel\\\/saeure-basen-haushalt\\\/morgen-stund\\\/morgenstund-heidelbeer-muffins\\\/\",\"name\":\"HEIDELBEER-MUFFINS - WOHLBEFINDEN\",\"isPartOf\":{\"@id\":\"https:\\\/\\\/bien-etreiris.ch\\\/de\\\/#website\"},\"primaryImageOfPage\":{\"@id\":\"https:\\\/\\\/bien-etreiris.ch\\\/de\\\/produktpraesentation\\\/natuerliche-heilmittel\\\/saeure-basen-haushalt\\\/morgen-stund\\\/morgenstund-heidelbeer-muffins\\\/#primaryimage\"},\"image\":{\"@id\":\"https:\\\/\\\/bien-etreiris.ch\\\/de\\\/produktpraesentation\\\/natuerliche-heilmittel\\\/saeure-basen-haushalt\\\/morgen-stund\\\/morgenstund-heidelbeer-muffins\\\/#primaryimage\"},\"thumbnailUrl\":\"https:\\\/\\\/bien-etreiris.ch\\\/wp-content\\\/uploads\\\/2018\\\/12\\\/Muffins-AlcaMatin-aux-myrtilles.jpg\",\"datePublished\":\"2018-12-16T19:44:26+00:00\",\"dateModified\":\"2019-09-07T16:51:42+00:00\",\"breadcrumb\":{\"@id\":\"https:\\\/\\\/bien-etreiris.ch\\\/de\\\/produktpraesentation\\\/natuerliche-heilmittel\\\/saeure-basen-haushalt\\\/morgen-stund\\\/morgenstund-heidelbeer-muffins\\\/#breadcrumb\"},\"inLanguage\":\"de\",\"potentialAction\":[{\"@type\":\"ReadAction\",\"target\":[\"https:\\\/\\\/bien-etreiris.ch\\\/de\\\/produktpraesentation\\\/natuerliche-heilmittel\\\/saeure-basen-haushalt\\\/morgen-stund\\\/morgenstund-heidelbeer-muffins\\\/\"]}]},{\"@type\":\"ImageObject\",\"inLanguage\":\"de\",\"@id\":\"https:\\\/\\\/bien-etreiris.ch\\\/de\\\/produktpraesentation\\\/natuerliche-heilmittel\\\/saeure-basen-haushalt\\\/morgen-stund\\\/morgenstund-heidelbeer-muffins\\\/#primaryimage\",\"url\":\"https:\\\/\\\/bien-etreiris.ch\\\/wp-content\\\/uploads\\\/2018\\\/12\\\/Muffins-AlcaMatin-aux-myrtilles.jpg\",\"contentUrl\":\"https:\\\/\\\/bien-etreiris.ch\\\/wp-content\\\/uploads\\\/2018\\\/12\\\/Muffins-AlcaMatin-aux-myrtilles.jpg\",\"width\":398,\"height\":265},{\"@type\":\"BreadcrumbList\",\"@id\":\"https:\\\/\\\/bien-etreiris.ch\\\/de\\\/produktpraesentation\\\/natuerliche-heilmittel\\\/saeure-basen-haushalt\\\/morgen-stund\\\/morgenstund-heidelbeer-muffins\\\/#breadcrumb\",\"itemListElement\":[{\"@type\":\"ListItem\",\"position\":1,\"name\":\"Home\",\"item\":\"https:\\\/\\\/bien-etreiris.ch\\\/de\\\/\"},{\"@type\":\"ListItem\",\"position\":2,\"name\":\"PRODUKTPR\u00c4SENTATION\",\"item\":\"https:\\\/\\\/bien-etreiris.ch\\\/de\\\/produktpraesentation\\\/\"},{\"@type\":\"ListItem\",\"position\":3,\"name\":\"NAT\u00dcRLICHE HEILMITTEL\",\"item\":\"https:\\\/\\\/bien-etreiris.ch\\\/de\\\/produktpraesentation\\\/natuerliche-heilmittel\\\/\"},{\"@type\":\"ListItem\",\"position\":4,\"name\":\"S\u00c4URE-BASEN-HAUSHALT\",\"item\":\"https:\\\/\\\/bien-etreiris.ch\\\/de\\\/produktpraesentation\\\/natuerliche-heilmittel\\\/saeure-basen-haushalt\\\/\"},{\"@type\":\"ListItem\",\"position\":5,\"name\":\"MORGEN STUND\",\"item\":\"https:\\\/\\\/bien-etreiris.ch\\\/de\\\/produktpraesentation\\\/natuerliche-heilmittel\\\/saeure-basen-haushalt\\\/morgen-stund\\\/\"},{\"@type\":\"ListItem\",\"position\":6,\"name\":\"HEIDELBEER-MUFFINS\"}]},{\"@type\":\"WebSite\",\"@id\":\"https:\\\/\\\/bien-etreiris.ch\\\/de\\\/#website\",\"url\":\"https:\\\/\\\/bien-etreiris.ch\\\/de\\\/\",\"name\":\"Bien-\u00eatre Iris\",\"description\":\"IHRE Gesundheit ist uns wichtig\",\"potentialAction\":[{\"@type\":\"SearchAction\",\"target\":{\"@type\":\"EntryPoint\",\"urlTemplate\":\"https:\\\/\\\/bien-etreiris.ch\\\/de\\\/?s={search_term_string}\"},\"query-input\":{\"@type\":\"PropertyValueSpecification\",\"valueRequired\":true,\"valueName\":\"search_term_string\"}}],\"inLanguage\":\"de\"}]}<\/script>\n<!-- \/ Yoast SEO plugin. -->","yoast_head_json":{"title":"HEIDELBEER-MUFFINS - WOHLBEFINDEN","robots":{"index":"index","follow":"follow","max-snippet":"max-snippet:-1","max-image-preview":"max-image-preview:large","max-video-preview":"max-video-preview:-1"},"canonical":"https:\/\/bien-etreiris.ch\/de\/produktpraesentation\/natuerliche-heilmittel\/saeure-basen-haushalt\/morgen-stund\/morgenstund-heidelbeer-muffins\/","og_locale":"de_DE","og_type":"article","og_title":"HEIDELBEER-MUFFINS - WOHLBEFINDEN","og_description":"MorgenStund' Heidelbeer-Muffins &nbsp; Zutaten f\u00fcr 12 St\u00fcck 80 g MorgenStund' 180 g Dinkelvollkornmehl (Typ 1050) 200 g Heidelbeeren, frisch oder tiefgek\u00fchlt (nicht auftauen lassen) 1 reife Banane 3 EL (40 ml) Agavendicksaft 150 g weiche Butter 2 Eier 100 ml Haferdrink 1 P\u00e4ckchen Bourbon-Vanille \u00bd P\u00e4ckchen Weinsteinbackpulver 12 Walnussh\u00e4lften 12 Papier-Backf\u00f6rmchen &nbsp; &nbsp; Zubereitung Die 12 Papierf\u00f6rmchen in die Vertiefungen&nbsp;Weiter lesen","og_url":"https:\/\/bien-etreiris.ch\/de\/produktpraesentation\/natuerliche-heilmittel\/saeure-basen-haushalt\/morgen-stund\/morgenstund-heidelbeer-muffins\/","og_site_name":"WOHLBEFINDEN","article_publisher":"https:\/\/www.facebook.com\/bienetreiris\/","article_modified_time":"2019-09-07T16:51:42+00:00","og_image":[{"width":398,"height":265,"url":"https:\/\/bien-etreiris.ch\/wp-content\/uploads\/2018\/12\/Muffins-AlcaMatin-aux-myrtilles.jpg","type":"image\/jpeg"}],"twitter_misc":{"Gesch\u00e4tzte Lesezeit":"1\u00a0Minute"},"schema":{"@context":"https:\/\/schema.org","@graph":[{"@type":"WebPage","@id":"https:\/\/bien-etreiris.ch\/de\/produktpraesentation\/natuerliche-heilmittel\/saeure-basen-haushalt\/morgen-stund\/morgenstund-heidelbeer-muffins\/","url":"https:\/\/bien-etreiris.ch\/de\/produktpraesentation\/natuerliche-heilmittel\/saeure-basen-haushalt\/morgen-stund\/morgenstund-heidelbeer-muffins\/","name":"HEIDELBEER-MUFFINS - WOHLBEFINDEN","isPartOf":{"@id":"https:\/\/bien-etreiris.ch\/de\/#website"},"primaryImageOfPage":{"@id":"https:\/\/bien-etreiris.ch\/de\/produktpraesentation\/natuerliche-heilmittel\/saeure-basen-haushalt\/morgen-stund\/morgenstund-heidelbeer-muffins\/#primaryimage"},"image":{"@id":"https:\/\/bien-etreiris.ch\/de\/produktpraesentation\/natuerliche-heilmittel\/saeure-basen-haushalt\/morgen-stund\/morgenstund-heidelbeer-muffins\/#primaryimage"},"thumbnailUrl":"https:\/\/bien-etreiris.ch\/wp-content\/uploads\/2018\/12\/Muffins-AlcaMatin-aux-myrtilles.jpg","datePublished":"2018-12-16T19:44:26+00:00","dateModified":"2019-09-07T16:51:42+00:00","breadcrumb":{"@id":"https:\/\/bien-etreiris.ch\/de\/produktpraesentation\/natuerliche-heilmittel\/saeure-basen-haushalt\/morgen-stund\/morgenstund-heidelbeer-muffins\/#breadcrumb"},"inLanguage":"de","potentialAction":[{"@type":"ReadAction","target":["https:\/\/bien-etreiris.ch\/de\/produktpraesentation\/natuerliche-heilmittel\/saeure-basen-haushalt\/morgen-stund\/morgenstund-heidelbeer-muffins\/"]}]},{"@type":"ImageObject","inLanguage":"de","@id":"https:\/\/bien-etreiris.ch\/de\/produktpraesentation\/natuerliche-heilmittel\/saeure-basen-haushalt\/morgen-stund\/morgenstund-heidelbeer-muffins\/#primaryimage","url":"https:\/\/bien-etreiris.ch\/wp-content\/uploads\/2018\/12\/Muffins-AlcaMatin-aux-myrtilles.jpg","contentUrl":"https:\/\/bien-etreiris.ch\/wp-content\/uploads\/2018\/12\/Muffins-AlcaMatin-aux-myrtilles.jpg","width":398,"height":265},{"@type":"BreadcrumbList","@id":"https:\/\/bien-etreiris.ch\/de\/produktpraesentation\/natuerliche-heilmittel\/saeure-basen-haushalt\/morgen-stund\/morgenstund-heidelbeer-muffins\/#breadcrumb","itemListElement":[{"@type":"ListItem","position":1,"name":"Home","item":"https:\/\/bien-etreiris.ch\/de\/"},{"@type":"ListItem","position":2,"name":"PRODUKTPR\u00c4SENTATION","item":"https:\/\/bien-etreiris.ch\/de\/produktpraesentation\/"},{"@type":"ListItem","position":3,"name":"NAT\u00dcRLICHE HEILMITTEL","item":"https:\/\/bien-etreiris.ch\/de\/produktpraesentation\/natuerliche-heilmittel\/"},{"@type":"ListItem","position":4,"name":"S\u00c4URE-BASEN-HAUSHALT","item":"https:\/\/bien-etreiris.ch\/de\/produktpraesentation\/natuerliche-heilmittel\/saeure-basen-haushalt\/"},{"@type":"ListItem","position":5,"name":"MORGEN STUND","item":"https:\/\/bien-etreiris.ch\/de\/produktpraesentation\/natuerliche-heilmittel\/saeure-basen-haushalt\/morgen-stund\/"},{"@type":"ListItem","position":6,"name":"HEIDELBEER-MUFFINS"}]},{"@type":"WebSite","@id":"https:\/\/bien-etreiris.ch\/de\/#website","url":"https:\/\/bien-etreiris.ch\/de\/","name":"Bien-\u00eatre Iris","description":"IHRE Gesundheit ist uns wichtig","potentialAction":[{"@type":"SearchAction","target":{"@type":"EntryPoint","urlTemplate":"https:\/\/bien-etreiris.ch\/de\/?s={search_term_string}"},"query-input":{"@type":"PropertyValueSpecification","valueRequired":true,"valueName":"search_term_string"}}],"inLanguage":"de"}]}},"_links":{"self":[{"href":"https:\/\/bien-etreiris.ch\/de\/wp-json\/wp\/v2\/pages\/13781","targetHints":{"allow":["GET"]}}],"collection":[{"href":"https:\/\/bien-etreiris.ch\/de\/wp-json\/wp\/v2\/pages"}],"about":[{"href":"https:\/\/bien-etreiris.ch\/de\/wp-json\/wp\/v2\/types\/page"}],"author":[{"embeddable":true,"href":"https:\/\/bien-etreiris.ch\/de\/wp-json\/wp\/v2\/users\/1"}],"replies":[{"embeddable":true,"href":"https:\/\/bien-etreiris.ch\/de\/wp-json\/wp\/v2\/comments?post=13781"}],"version-history":[{"count":8,"href":"https:\/\/bien-etreiris.ch\/de\/wp-json\/wp\/v2\/pages\/13781\/revisions"}],"predecessor-version":[{"id":28641,"href":"https:\/\/bien-etreiris.ch\/de\/wp-json\/wp\/v2\/pages\/13781\/revisions\/28641"}],"up":[{"embeddable":true,"href":"https:\/\/bien-etreiris.ch\/de\/wp-json\/wp\/v2\/pages\/13696"}],"wp:featuredmedia":[{"embeddable":true,"href":"https:\/\/bien-etreiris.ch\/de\/wp-json\/wp\/v2\/media\/13778"}],"wp:attachment":[{"href":"https:\/\/bien-etreiris.ch\/de\/wp-json\/wp\/v2\/media?parent=13781"}],"curies":[{"name":"wp","href":"https:\/\/api.w.org\/{rel}","templated":true}]}}