{"id":13765,"date":"2018-12-16T19:26:23","date_gmt":"2018-12-16T19:26:23","guid":{"rendered":"https:\/\/bien-etreiris.ch\/wohlbefinden\/p-jentschura\/alca-matin\/idees-de-recettes\/13755-2\/"},"modified":"2019-09-07T14:42:01","modified_gmt":"2019-09-07T14:42:01","slug":"morgenstund-lebkuchen","status":"publish","type":"page","link":"https:\/\/bien-etreiris.ch\/de\/produktpraesentation\/natuerliche-heilmittel\/saeure-basen-haushalt\/morgen-stund\/morgenstund-lebkuchen\/","title":{"rendered":"LEBKUCHEN"},"content":{"rendered":"\n<h2 class=\"wp-block-heading\"> <br>MorgenStund' Lebkuchen <\/h2>\n\n\n<p class=\"hyphenate\">&nbsp;<\/p>\n<p><a href=\"https:\/\/decoiris.ch\/wp-content\/uploads\/2019\/09\/Galettes-AlcaMatin-aux-\u00e9pices-innen.jpg\"><img loading=\"lazy\" decoding=\"async\" class=\"alignnone wp-image-28552 size-full\" src=\"https:\/\/decoiris.ch\/wp-content\/uploads\/2019\/09\/Galettes-AlcaMatin-aux-\u00e9pices-innen.jpg\" alt=\"\" width=\"820\" height=\"688\" srcset=\"https:\/\/bien-etreiris.ch\/wp-content\/uploads\/2019\/09\/Galettes-AlcaMatin-aux-\u00e9pices-innen.jpg 820w, https:\/\/bien-etreiris.ch\/wp-content\/uploads\/2019\/09\/Galettes-AlcaMatin-aux-\u00e9pices-innen-300x252.jpg 300w, https:\/\/bien-etreiris.ch\/wp-content\/uploads\/2019\/09\/Galettes-AlcaMatin-aux-\u00e9pices-innen-768x644.jpg 768w\" sizes=\"auto, (max-width: 820px) 100vw, 820px\" \/><\/a><\/p>\n<div class=\"flex-container\">\n<div class=\"recipe-ingredients\">\n<h4 class=\"headline\"><strong>Zutaten f\u00fcr 20 Oblaten<\/strong><\/h4>\n<table class=\"tablesaw tablesaw-stack table-recipe\" data-tablesaw-mode=\"stack\">\n<tbody>\n<tr>\n<td class=\"value\">100 g<\/td>\n<td class=\"ingredient\" data-sr-id=\"1\">MorgenStund'<\/td>\n<\/tr>\n<tr>\n<td class=\"value\">200 g<\/td>\n<td class=\"ingredient\" data-sr-id=\"3\">gemahlene Mandeln<\/td>\n<\/tr>\n<tr>\n<td class=\"value\">150 g<\/td>\n<td class=\"ingredient\" data-sr-id=\"4\">Rohrohrzucker<\/td>\n<\/tr>\n<tr>\n<td class=\"value\">2<\/td>\n<td class=\"ingredient\" data-sr-id=\"5\">Eier<\/td>\n<\/tr>\n<tr>\n<td class=\"value\">3 TL<\/td>\n<td class=\"ingredient\" data-sr-id=\"6\">Lebkuchengewu\u0308rz<\/td>\n<\/tr>\n<tr>\n<td class=\"value\">1 Msp.<\/td>\n<td class=\"ingredient\" data-sr-id=\"7\">Weinsteinbackpulver<\/td>\n<\/tr>\n<tr>\n<td class=\"value\">1 Prise<\/td>\n<td class=\"ingredient\" data-sr-id=\"8\">Salz<\/td>\n<\/tr>\n<tr>\n<td class=\"value\">&nbsp;<\/td>\n<td class=\"ingredient\" data-sr-id=\"9\">Saft einer Orange (ca. 4 EL)<\/td>\n<\/tr>\n<tr>\n<td class=\"value\">&nbsp;<\/td>\n<td class=\"ingredient\" data-sr-id=\"10\">Abrieb einer halben Bio-Zitrone<\/td>\n<\/tr>\n<tr>\n<td class=\"value\">&nbsp;<\/td>\n<td class=\"ingredient\" data-sr-id=\"11\">Oblaten (6 cm)<\/td>\n<\/tr>\n<\/tbody>\n<\/table>\n<\/div>\n<div class=\"recipe-preparation\">\n<div>&nbsp;<\/div>\n<div class=\"recipe-preparation\">\n<h4 class=\"headline\"><strong>Zubereitung<\/strong><\/h4>\n<p>MorgenStund\u2018, Lebkuchengewu\u00fcrz, Mandeln und Backpulver in einer Sch\u00fcssel vermischen. Die Eier zusammen mit Zucker und Salz in einer weiteren Sch\u00fcssel schaumig schlagen. Den Abrieb der Zitronenschale, den Orangensaft sowie die MorgenStund\u2018 Mischung dazugeben und mischen. Ein Backblech mit Backpapier auslegen und die Oblaten darauf verteilen. Nun 1 \u2013 2 gut gef\u00fcllte Teel\u00f6ffel von der Morgen- Stund\u2018 Masse auf die Oblaten h\u00e4ufen. Mit den Fingern zu runden, glatten Lebkuchen formen. Darauf achten, dass rundherum ein kleiner Rand freigelassen wird.<\/p>\n<p>Die MorgenStund\u2018 Lebkuchen vor dem Backen ca. 1 Stunde ruhen und nach dem Backen ausk\u00fchlen lassen.<\/p>\n<p>Die Backzeit betr\u00e4gt 20 Minuten im vorgeheizten Ofen bei 150 \u00b0C.<\/p>\n<p>Die Menge reicht fu\u0308r ca. 20 Oblaten.<\/p>\n<\/div>\n<\/div>\n<\/div>","protected":false},"excerpt":{"rendered":"<p>MorgenStund' Lebkuchen &nbsp; Zutaten f\u00fcr 20 Oblaten 100 g MorgenStund' 200 g gemahlene Mandeln 150 g Rohrohrzucker 2 Eier 3 TL Lebkuchengewu\u0308rz 1 Msp. Weinsteinbackpulver 1 Prise Salz &nbsp; Saft einer Orange (ca. 4 EL) &nbsp; Abrieb einer halben Bio-Zitrone &nbsp; Oblaten (6 cm) &nbsp; Zubereitung MorgenStund\u2018, Lebkuchengewu\u00fcrz, Mandeln und Backpulver in einer Sch\u00fcssel vermischen. Die Eier zusammen mit Zucker&nbsp;<a href=\"https:\/\/bien-etreiris.ch\/de\/produktpraesentation\/natuerliche-heilmittel\/saeure-basen-haushalt\/morgen-stund\/morgenstund-lebkuchen\/\" class=\"read-more\">Weiter lesen<\/a><\/p>\n","protected":false},"author":1,"featured_media":13758,"parent":13696,"menu_order":7777,"comment_status":"closed","ping_status":"closed","template":"page-with-child.php","meta":{"_acf_changed":false,"ngg_post_thumbnail":0,"footnotes":""},"class_list":["post-13765","page","type-page","status-publish","has-post-thumbnail","hentry"],"acf":[],"yoast_head":"<!-- This site is optimized with the Yoast SEO plugin v27.5 - https:\/\/yoast.com\/product\/yoast-seo-wordpress\/ -->\n<title>LEBKUCHEN - WOHLBEFINDEN<\/title>\n<meta name=\"robots\" content=\"index, follow, max-snippet:-1, max-image-preview:large, max-video-preview:-1\" \/>\n<link rel=\"canonical\" href=\"https:\/\/bien-etreiris.ch\/de\/produktpraesentation\/natuerliche-heilmittel\/saeure-basen-haushalt\/morgen-stund\/morgenstund-lebkuchen\/\" \/>\n<meta property=\"og:locale\" content=\"de_DE\" \/>\n<meta property=\"og:type\" content=\"article\" \/>\n<meta property=\"og:title\" content=\"LEBKUCHEN - WOHLBEFINDEN\" \/>\n<meta property=\"og:description\" content=\"MorgenStund&#039; Lebkuchen &nbsp; Zutaten f\u00fcr 20 Oblaten 100 g MorgenStund&#039; 200 g gemahlene Mandeln 150 g Rohrohrzucker 2 Eier 3 TL Lebkuchengewu\u0308rz 1 Msp. Weinsteinbackpulver 1 Prise Salz &nbsp; Saft einer Orange (ca. 4 EL) &nbsp; Abrieb einer halben Bio-Zitrone &nbsp; Oblaten (6 cm) &nbsp; Zubereitung MorgenStund\u2018, Lebkuchengewu\u00fcrz, Mandeln und Backpulver in einer Sch\u00fcssel vermischen. Die Eier zusammen mit Zucker&nbsp;Weiter lesen\" \/>\n<meta property=\"og:url\" content=\"https:\/\/bien-etreiris.ch\/de\/produktpraesentation\/natuerliche-heilmittel\/saeure-basen-haushalt\/morgen-stund\/morgenstund-lebkuchen\/\" \/>\n<meta property=\"og:site_name\" content=\"WOHLBEFINDEN\" \/>\n<meta property=\"article:publisher\" content=\"https:\/\/www.facebook.com\/bienetreiris\/\" \/>\n<meta property=\"article:modified_time\" content=\"2019-09-07T14:42:01+00:00\" \/>\n<meta property=\"og:image\" content=\"https:\/\/bien-etreiris.ch\/wp-content\/uploads\/2018\/12\/Galettes-AlcaMatin-aux-\u00e9pices.jpg\" \/>\n\t<meta property=\"og:image:width\" content=\"398\" \/>\n\t<meta property=\"og:image:height\" content=\"265\" \/>\n\t<meta property=\"og:image:type\" content=\"image\/jpeg\" \/>\n<meta name=\"twitter:label1\" content=\"Gesch\u00e4tzte Lesezeit\" \/>\n\t<meta name=\"twitter:data1\" content=\"1\u00a0Minute\" \/>\n<script type=\"application\/ld+json\" class=\"yoast-schema-graph\">{\"@context\":\"https:\\\/\\\/schema.org\",\"@graph\":[{\"@type\":\"WebPage\",\"@id\":\"https:\\\/\\\/bien-etreiris.ch\\\/de\\\/produktpraesentation\\\/natuerliche-heilmittel\\\/saeure-basen-haushalt\\\/morgen-stund\\\/morgenstund-lebkuchen\\\/\",\"url\":\"https:\\\/\\\/bien-etreiris.ch\\\/de\\\/produktpraesentation\\\/natuerliche-heilmittel\\\/saeure-basen-haushalt\\\/morgen-stund\\\/morgenstund-lebkuchen\\\/\",\"name\":\"LEBKUCHEN - WOHLBEFINDEN\",\"isPartOf\":{\"@id\":\"https:\\\/\\\/bien-etreiris.ch\\\/de\\\/#website\"},\"primaryImageOfPage\":{\"@id\":\"https:\\\/\\\/bien-etreiris.ch\\\/de\\\/produktpraesentation\\\/natuerliche-heilmittel\\\/saeure-basen-haushalt\\\/morgen-stund\\\/morgenstund-lebkuchen\\\/#primaryimage\"},\"image\":{\"@id\":\"https:\\\/\\\/bien-etreiris.ch\\\/de\\\/produktpraesentation\\\/natuerliche-heilmittel\\\/saeure-basen-haushalt\\\/morgen-stund\\\/morgenstund-lebkuchen\\\/#primaryimage\"},\"thumbnailUrl\":\"https:\\\/\\\/bien-etreiris.ch\\\/wp-content\\\/uploads\\\/2018\\\/12\\\/Galettes-AlcaMatin-aux-\u00e9pices.jpg\",\"datePublished\":\"2018-12-16T19:26:23+00:00\",\"dateModified\":\"2019-09-07T14:42:01+00:00\",\"breadcrumb\":{\"@id\":\"https:\\\/\\\/bien-etreiris.ch\\\/de\\\/produktpraesentation\\\/natuerliche-heilmittel\\\/saeure-basen-haushalt\\\/morgen-stund\\\/morgenstund-lebkuchen\\\/#breadcrumb\"},\"inLanguage\":\"de\",\"potentialAction\":[{\"@type\":\"ReadAction\",\"target\":[\"https:\\\/\\\/bien-etreiris.ch\\\/de\\\/produktpraesentation\\\/natuerliche-heilmittel\\\/saeure-basen-haushalt\\\/morgen-stund\\\/morgenstund-lebkuchen\\\/\"]}]},{\"@type\":\"ImageObject\",\"inLanguage\":\"de\",\"@id\":\"https:\\\/\\\/bien-etreiris.ch\\\/de\\\/produktpraesentation\\\/natuerliche-heilmittel\\\/saeure-basen-haushalt\\\/morgen-stund\\\/morgenstund-lebkuchen\\\/#primaryimage\",\"url\":\"https:\\\/\\\/bien-etreiris.ch\\\/wp-content\\\/uploads\\\/2018\\\/12\\\/Galettes-AlcaMatin-aux-\u00e9pices.jpg\",\"contentUrl\":\"https:\\\/\\\/bien-etreiris.ch\\\/wp-content\\\/uploads\\\/2018\\\/12\\\/Galettes-AlcaMatin-aux-\u00e9pices.jpg\",\"width\":398,\"height\":265,\"caption\":\"AlcaMatin aux \u00e9pices\"},{\"@type\":\"BreadcrumbList\",\"@id\":\"https:\\\/\\\/bien-etreiris.ch\\\/de\\\/produktpraesentation\\\/natuerliche-heilmittel\\\/saeure-basen-haushalt\\\/morgen-stund\\\/morgenstund-lebkuchen\\\/#breadcrumb\",\"itemListElement\":[{\"@type\":\"ListItem\",\"position\":1,\"name\":\"Home\",\"item\":\"https:\\\/\\\/bien-etreiris.ch\\\/de\\\/\"},{\"@type\":\"ListItem\",\"position\":2,\"name\":\"PRODUKTPR\u00c4SENTATION\",\"item\":\"https:\\\/\\\/bien-etreiris.ch\\\/de\\\/produktpraesentation\\\/\"},{\"@type\":\"ListItem\",\"position\":3,\"name\":\"NAT\u00dcRLICHE HEILMITTEL\",\"item\":\"https:\\\/\\\/bien-etreiris.ch\\\/de\\\/produktpraesentation\\\/natuerliche-heilmittel\\\/\"},{\"@type\":\"ListItem\",\"position\":4,\"name\":\"S\u00c4URE-BASEN-HAUSHALT\",\"item\":\"https:\\\/\\\/bien-etreiris.ch\\\/de\\\/produktpraesentation\\\/natuerliche-heilmittel\\\/saeure-basen-haushalt\\\/\"},{\"@type\":\"ListItem\",\"position\":5,\"name\":\"MORGEN STUND\",\"item\":\"https:\\\/\\\/bien-etreiris.ch\\\/de\\\/produktpraesentation\\\/natuerliche-heilmittel\\\/saeure-basen-haushalt\\\/morgen-stund\\\/\"},{\"@type\":\"ListItem\",\"position\":6,\"name\":\"LEBKUCHEN\"}]},{\"@type\":\"WebSite\",\"@id\":\"https:\\\/\\\/bien-etreiris.ch\\\/de\\\/#website\",\"url\":\"https:\\\/\\\/bien-etreiris.ch\\\/de\\\/\",\"name\":\"Bien-\u00eatre Iris\",\"description\":\"IHRE Gesundheit ist uns wichtig\",\"potentialAction\":[{\"@type\":\"SearchAction\",\"target\":{\"@type\":\"EntryPoint\",\"urlTemplate\":\"https:\\\/\\\/bien-etreiris.ch\\\/de\\\/?s={search_term_string}\"},\"query-input\":{\"@type\":\"PropertyValueSpecification\",\"valueRequired\":true,\"valueName\":\"search_term_string\"}}],\"inLanguage\":\"de\"}]}<\/script>\n<!-- \/ Yoast SEO plugin. -->","yoast_head_json":{"title":"LEBKUCHEN - WOHLBEFINDEN","robots":{"index":"index","follow":"follow","max-snippet":"max-snippet:-1","max-image-preview":"max-image-preview:large","max-video-preview":"max-video-preview:-1"},"canonical":"https:\/\/bien-etreiris.ch\/de\/produktpraesentation\/natuerliche-heilmittel\/saeure-basen-haushalt\/morgen-stund\/morgenstund-lebkuchen\/","og_locale":"de_DE","og_type":"article","og_title":"LEBKUCHEN - WOHLBEFINDEN","og_description":"MorgenStund' Lebkuchen &nbsp; Zutaten f\u00fcr 20 Oblaten 100 g MorgenStund' 200 g gemahlene Mandeln 150 g Rohrohrzucker 2 Eier 3 TL Lebkuchengewu\u0308rz 1 Msp. Weinsteinbackpulver 1 Prise Salz &nbsp; Saft einer Orange (ca. 4 EL) &nbsp; Abrieb einer halben Bio-Zitrone &nbsp; Oblaten (6 cm) &nbsp; Zubereitung MorgenStund\u2018, Lebkuchengewu\u00fcrz, Mandeln und Backpulver in einer Sch\u00fcssel vermischen. Die Eier zusammen mit Zucker&nbsp;Weiter lesen","og_url":"https:\/\/bien-etreiris.ch\/de\/produktpraesentation\/natuerliche-heilmittel\/saeure-basen-haushalt\/morgen-stund\/morgenstund-lebkuchen\/","og_site_name":"WOHLBEFINDEN","article_publisher":"https:\/\/www.facebook.com\/bienetreiris\/","article_modified_time":"2019-09-07T14:42:01+00:00","og_image":[{"width":398,"height":265,"url":"https:\/\/bien-etreiris.ch\/wp-content\/uploads\/2018\/12\/Galettes-AlcaMatin-aux-\u00e9pices.jpg","type":"image\/jpeg"}],"twitter_misc":{"Gesch\u00e4tzte Lesezeit":"1\u00a0Minute"},"schema":{"@context":"https:\/\/schema.org","@graph":[{"@type":"WebPage","@id":"https:\/\/bien-etreiris.ch\/de\/produktpraesentation\/natuerliche-heilmittel\/saeure-basen-haushalt\/morgen-stund\/morgenstund-lebkuchen\/","url":"https:\/\/bien-etreiris.ch\/de\/produktpraesentation\/natuerliche-heilmittel\/saeure-basen-haushalt\/morgen-stund\/morgenstund-lebkuchen\/","name":"LEBKUCHEN - WOHLBEFINDEN","isPartOf":{"@id":"https:\/\/bien-etreiris.ch\/de\/#website"},"primaryImageOfPage":{"@id":"https:\/\/bien-etreiris.ch\/de\/produktpraesentation\/natuerliche-heilmittel\/saeure-basen-haushalt\/morgen-stund\/morgenstund-lebkuchen\/#primaryimage"},"image":{"@id":"https:\/\/bien-etreiris.ch\/de\/produktpraesentation\/natuerliche-heilmittel\/saeure-basen-haushalt\/morgen-stund\/morgenstund-lebkuchen\/#primaryimage"},"thumbnailUrl":"https:\/\/bien-etreiris.ch\/wp-content\/uploads\/2018\/12\/Galettes-AlcaMatin-aux-\u00e9pices.jpg","datePublished":"2018-12-16T19:26:23+00:00","dateModified":"2019-09-07T14:42:01+00:00","breadcrumb":{"@id":"https:\/\/bien-etreiris.ch\/de\/produktpraesentation\/natuerliche-heilmittel\/saeure-basen-haushalt\/morgen-stund\/morgenstund-lebkuchen\/#breadcrumb"},"inLanguage":"de","potentialAction":[{"@type":"ReadAction","target":["https:\/\/bien-etreiris.ch\/de\/produktpraesentation\/natuerliche-heilmittel\/saeure-basen-haushalt\/morgen-stund\/morgenstund-lebkuchen\/"]}]},{"@type":"ImageObject","inLanguage":"de","@id":"https:\/\/bien-etreiris.ch\/de\/produktpraesentation\/natuerliche-heilmittel\/saeure-basen-haushalt\/morgen-stund\/morgenstund-lebkuchen\/#primaryimage","url":"https:\/\/bien-etreiris.ch\/wp-content\/uploads\/2018\/12\/Galettes-AlcaMatin-aux-\u00e9pices.jpg","contentUrl":"https:\/\/bien-etreiris.ch\/wp-content\/uploads\/2018\/12\/Galettes-AlcaMatin-aux-\u00e9pices.jpg","width":398,"height":265,"caption":"AlcaMatin aux \u00e9pices"},{"@type":"BreadcrumbList","@id":"https:\/\/bien-etreiris.ch\/de\/produktpraesentation\/natuerliche-heilmittel\/saeure-basen-haushalt\/morgen-stund\/morgenstund-lebkuchen\/#breadcrumb","itemListElement":[{"@type":"ListItem","position":1,"name":"Home","item":"https:\/\/bien-etreiris.ch\/de\/"},{"@type":"ListItem","position":2,"name":"PRODUKTPR\u00c4SENTATION","item":"https:\/\/bien-etreiris.ch\/de\/produktpraesentation\/"},{"@type":"ListItem","position":3,"name":"NAT\u00dcRLICHE HEILMITTEL","item":"https:\/\/bien-etreiris.ch\/de\/produktpraesentation\/natuerliche-heilmittel\/"},{"@type":"ListItem","position":4,"name":"S\u00c4URE-BASEN-HAUSHALT","item":"https:\/\/bien-etreiris.ch\/de\/produktpraesentation\/natuerliche-heilmittel\/saeure-basen-haushalt\/"},{"@type":"ListItem","position":5,"name":"MORGEN STUND","item":"https:\/\/bien-etreiris.ch\/de\/produktpraesentation\/natuerliche-heilmittel\/saeure-basen-haushalt\/morgen-stund\/"},{"@type":"ListItem","position":6,"name":"LEBKUCHEN"}]},{"@type":"WebSite","@id":"https:\/\/bien-etreiris.ch\/de\/#website","url":"https:\/\/bien-etreiris.ch\/de\/","name":"Bien-\u00eatre Iris","description":"IHRE Gesundheit ist uns wichtig","potentialAction":[{"@type":"SearchAction","target":{"@type":"EntryPoint","urlTemplate":"https:\/\/bien-etreiris.ch\/de\/?s={search_term_string}"},"query-input":{"@type":"PropertyValueSpecification","valueRequired":true,"valueName":"search_term_string"}}],"inLanguage":"de"}]}},"_links":{"self":[{"href":"https:\/\/bien-etreiris.ch\/de\/wp-json\/wp\/v2\/pages\/13765","targetHints":{"allow":["GET"]}}],"collection":[{"href":"https:\/\/bien-etreiris.ch\/de\/wp-json\/wp\/v2\/pages"}],"about":[{"href":"https:\/\/bien-etreiris.ch\/de\/wp-json\/wp\/v2\/types\/page"}],"author":[{"embeddable":true,"href":"https:\/\/bien-etreiris.ch\/de\/wp-json\/wp\/v2\/users\/1"}],"replies":[{"embeddable":true,"href":"https:\/\/bien-etreiris.ch\/de\/wp-json\/wp\/v2\/comments?post=13765"}],"version-history":[{"count":8,"href":"https:\/\/bien-etreiris.ch\/de\/wp-json\/wp\/v2\/pages\/13765\/revisions"}],"predecessor-version":[{"id":28555,"href":"https:\/\/bien-etreiris.ch\/de\/wp-json\/wp\/v2\/pages\/13765\/revisions\/28555"}],"up":[{"embeddable":true,"href":"https:\/\/bien-etreiris.ch\/de\/wp-json\/wp\/v2\/pages\/13696"}],"wp:featuredmedia":[{"embeddable":true,"href":"https:\/\/bien-etreiris.ch\/de\/wp-json\/wp\/v2\/media\/13758"}],"wp:attachment":[{"href":"https:\/\/bien-etreiris.ch\/de\/wp-json\/wp\/v2\/media?parent=13765"}],"curies":[{"name":"wp","href":"https:\/\/api.w.org\/{rel}","templated":true}]}}