{"id":13752,"date":"2018-12-16T19:17:43","date_gmt":"2018-12-16T19:17:43","guid":{"rendered":"https:\/\/bien-etreiris.ch\/wohlbefinden\/p-jentschura\/alca-matin\/idees-de-recettes\/coupe-hivernale\/"},"modified":"2019-09-07T14:38:28","modified_gmt":"2019-09-07T14:38:28","slug":"morgenstund-winterlich","status":"publish","type":"page","link":"https:\/\/bien-etreiris.ch\/de\/produktpraesentation\/natuerliche-heilmittel\/saeure-basen-haushalt\/morgen-stund\/morgenstund-winterlich\/","title":{"rendered":"MORGENSTUND&#8217; WINTERLICH"},"content":{"rendered":"\n<h2 class=\"wp-block-heading\"> <br>MorgenStund' winterlich <\/h2>\n\n\n<p class=\"hyphenate\"><span style=\"font-size: 18pt;\"><strong>&nbsp;<\/strong><\/span><\/p>\n<p><a href=\"https:\/\/decoiris.ch\/wp-content\/uploads\/2019\/09\/Coupe-hivernale-AlcaMatin-innen.jpg\"><img loading=\"lazy\" decoding=\"async\" class=\"alignnone wp-image-28539 size-full\" src=\"https:\/\/decoiris.ch\/wp-content\/uploads\/2019\/09\/Coupe-hivernale-AlcaMatin-innen.jpg\" alt=\"\" width=\"820\" height=\"688\" srcset=\"https:\/\/bien-etreiris.ch\/wp-content\/uploads\/2019\/09\/Coupe-hivernale-AlcaMatin-innen.jpg 820w, https:\/\/bien-etreiris.ch\/wp-content\/uploads\/2019\/09\/Coupe-hivernale-AlcaMatin-innen-300x252.jpg 300w, https:\/\/bien-etreiris.ch\/wp-content\/uploads\/2019\/09\/Coupe-hivernale-AlcaMatin-innen-768x644.jpg 768w\" sizes=\"auto, (max-width: 820px) 100vw, 820px\" \/><\/a><\/p>\n<div class=\"flex-container\">\n<div class=\"recipe-ingredients\">\n<h4 class=\"headline\"><strong>Zutaten f\u00fcr 1 Portion<\/strong><\/h4>\n<table class=\"tablesaw tablesaw-stack table-recipe\" data-tablesaw-mode=\"stack\">\n<tbody>\n<tr>\n<td class=\"value\">3 EL<\/td>\n<td class=\"ingredient\" data-sr-id=\"1\">MorgenStund' (ca. 35g)<\/td>\n<\/tr>\n<tr>\n<td class=\"value\">160 ml<\/td>\n<td class=\"ingredient\" data-sr-id=\"3\">Wasser oder Haferdrink<\/td>\n<\/tr>\n<tr>\n<td class=\"value\">2 EL<\/td>\n<td class=\"ingredient\" data-sr-id=\"4\">Mandelbl\u00e4ttchen, anger\u00f6stet<\/td>\n<\/tr>\n<tr>\n<td class=\"value\">1 EL<\/td>\n<td class=\"ingredient\" data-sr-id=\"5\">gehobelte Haselnu\u0308sse<\/td>\n<\/tr>\n<tr>\n<td class=\"value\">1 EL<\/td>\n<td class=\"ingredient\" data-sr-id=\"6\">getrocknete Datteln<\/td>\n<\/tr>\n<tr>\n<td class=\"value\">2 TL<\/td>\n<td class=\"ingredient\" data-sr-id=\"7\">Pflaumenmus<\/td>\n<\/tr>\n<tr>\n<td class=\"value\">\u00bd<\/td>\n<td class=\"ingredient\" data-sr-id=\"8\">Apfel<\/td>\n<\/tr>\n<tr>\n<td class=\"value\">\u00bd<\/td>\n<td class=\"ingredient\" data-sr-id=\"9\">Orange<\/td>\n<\/tr>\n<tr>\n<td class=\"value\">&nbsp;<\/td>\n<td class=\"ingredient\" data-sr-id=\"10\">Zimt<\/td>\n<\/tr>\n<\/tbody>\n<\/table>\n<\/div>\n<div class=\"recipe-preparation\">\n<div>&nbsp;<\/div>\n<div class=\"recipe-preparation\">\n<div>&nbsp;<\/div>\n<h4 class=\"headline\"><strong>Zubereitung<\/strong><\/h4>\n<p>MorgenStund' mit dem Haferdrink oder dem Wasser unter Ru\u0308hren aufkochen und bei geringer Hitze 1 \u2013 2 Minuten k\u00f6cheln lassen. Dann vom Herd nehmen und abku\u0308hlen lassen. Mandelbl\u00e4ttchen kurz in einer Pfanne anr\u00f6sten. Apfel, Orange und Datteln klein schneiden und in einer Schu\u0308ssel mit den Nu\u0308ssen und Mandeln sowie dem Zimt vermischen.<\/p>\n<p>Die Zutaten werden folgenderma\u00dfen geschichtet: Zuerst 1 TL Pflaumenmus, dann die eine H\u00e4lfte von MorgenStund\u2018, dann wieder 1 TL Pflaumenmus und daru\u0308ber die andere H\u00e4lfte MorgenStund\u2018. Obendrauf wird das Obst- Mandel-Nuss-Gemisch geschichtet und mit Zimt und WurzelKraft garniert.<\/p>\n<\/div>\n<\/div>\n<\/div>","protected":false},"excerpt":{"rendered":"<p>MorgenStund' winterlich &nbsp; Zutaten f\u00fcr 1 Portion 3 EL MorgenStund' (ca. 35g) 160 ml Wasser oder Haferdrink 2 EL Mandelbl\u00e4ttchen, anger\u00f6stet 1 EL gehobelte Haselnu\u0308sse 1 EL getrocknete Datteln 2 TL Pflaumenmus \u00bd Apfel \u00bd Orange &nbsp; Zimt &nbsp; &nbsp; Zubereitung MorgenStund' mit dem Haferdrink oder dem Wasser unter Ru\u0308hren aufkochen und bei geringer Hitze 1 \u2013 2 Minuten k\u00f6cheln&nbsp;<a href=\"https:\/\/bien-etreiris.ch\/de\/produktpraesentation\/natuerliche-heilmittel\/saeure-basen-haushalt\/morgen-stund\/morgenstund-winterlich\/\" class=\"read-more\">Weiter lesen<\/a><\/p>\n","protected":false},"author":1,"featured_media":13731,"parent":13696,"menu_order":7780,"comment_status":"closed","ping_status":"closed","template":"page-with-child.php","meta":{"_acf_changed":false,"ngg_post_thumbnail":0,"footnotes":""},"class_list":["post-13752","page","type-page","status-publish","has-post-thumbnail","hentry"],"acf":[],"yoast_head":"<!-- This site is optimized with the Yoast SEO plugin v27.5 - https:\/\/yoast.com\/product\/yoast-seo-wordpress\/ -->\n<title>MORGENSTUND&#039; WINTERLICH - WOHLBEFINDEN<\/title>\n<meta name=\"robots\" content=\"index, follow, max-snippet:-1, max-image-preview:large, max-video-preview:-1\" \/>\n<link rel=\"canonical\" href=\"https:\/\/bien-etreiris.ch\/de\/produktpraesentation\/natuerliche-heilmittel\/saeure-basen-haushalt\/morgen-stund\/morgenstund-winterlich\/\" \/>\n<meta property=\"og:locale\" content=\"de_DE\" \/>\n<meta property=\"og:type\" content=\"article\" \/>\n<meta property=\"og:title\" content=\"MORGENSTUND&#039; WINTERLICH - WOHLBEFINDEN\" \/>\n<meta property=\"og:description\" content=\"MorgenStund&#039; winterlich &nbsp; Zutaten f\u00fcr 1 Portion 3 EL MorgenStund&#039; (ca. 35g) 160 ml Wasser oder Haferdrink 2 EL Mandelbl\u00e4ttchen, anger\u00f6stet 1 EL gehobelte Haselnu\u0308sse 1 EL getrocknete Datteln 2 TL Pflaumenmus \u00bd Apfel \u00bd Orange &nbsp; Zimt &nbsp; &nbsp; Zubereitung MorgenStund&#039; mit dem Haferdrink oder dem Wasser unter Ru\u0308hren aufkochen und bei geringer Hitze 1 \u2013 2 Minuten k\u00f6cheln&nbsp;Weiter lesen\" \/>\n<meta property=\"og:url\" content=\"https:\/\/bien-etreiris.ch\/de\/produktpraesentation\/natuerliche-heilmittel\/saeure-basen-haushalt\/morgen-stund\/morgenstund-winterlich\/\" \/>\n<meta property=\"og:site_name\" content=\"WOHLBEFINDEN\" \/>\n<meta property=\"article:publisher\" content=\"https:\/\/www.facebook.com\/bienetreiris\/\" \/>\n<meta property=\"article:modified_time\" content=\"2019-09-07T14:38:28+00:00\" \/>\n<meta property=\"og:image\" content=\"https:\/\/bien-etreiris.ch\/wp-content\/uploads\/2018\/12\/Coupe-hivernale-AlcaMatin.jpg\" \/>\n\t<meta property=\"og:image:width\" content=\"398\" \/>\n\t<meta property=\"og:image:height\" content=\"265\" \/>\n\t<meta property=\"og:image:type\" content=\"image\/jpeg\" \/>\n<meta name=\"twitter:label1\" content=\"Gesch\u00e4tzte Lesezeit\" \/>\n\t<meta name=\"twitter:data1\" content=\"1\u00a0Minute\" \/>\n<script type=\"application\/ld+json\" class=\"yoast-schema-graph\">{\"@context\":\"https:\\\/\\\/schema.org\",\"@graph\":[{\"@type\":\"WebPage\",\"@id\":\"https:\\\/\\\/bien-etreiris.ch\\\/de\\\/produktpraesentation\\\/natuerliche-heilmittel\\\/saeure-basen-haushalt\\\/morgen-stund\\\/morgenstund-winterlich\\\/\",\"url\":\"https:\\\/\\\/bien-etreiris.ch\\\/de\\\/produktpraesentation\\\/natuerliche-heilmittel\\\/saeure-basen-haushalt\\\/morgen-stund\\\/morgenstund-winterlich\\\/\",\"name\":\"MORGENSTUND' WINTERLICH - WOHLBEFINDEN\",\"isPartOf\":{\"@id\":\"https:\\\/\\\/bien-etreiris.ch\\\/de\\\/#website\"},\"primaryImageOfPage\":{\"@id\":\"https:\\\/\\\/bien-etreiris.ch\\\/de\\\/produktpraesentation\\\/natuerliche-heilmittel\\\/saeure-basen-haushalt\\\/morgen-stund\\\/morgenstund-winterlich\\\/#primaryimage\"},\"image\":{\"@id\":\"https:\\\/\\\/bien-etreiris.ch\\\/de\\\/produktpraesentation\\\/natuerliche-heilmittel\\\/saeure-basen-haushalt\\\/morgen-stund\\\/morgenstund-winterlich\\\/#primaryimage\"},\"thumbnailUrl\":\"https:\\\/\\\/bien-etreiris.ch\\\/wp-content\\\/uploads\\\/2018\\\/12\\\/Coupe-hivernale-AlcaMatin.jpg\",\"datePublished\":\"2018-12-16T19:17:43+00:00\",\"dateModified\":\"2019-09-07T14:38:28+00:00\",\"breadcrumb\":{\"@id\":\"https:\\\/\\\/bien-etreiris.ch\\\/de\\\/produktpraesentation\\\/natuerliche-heilmittel\\\/saeure-basen-haushalt\\\/morgen-stund\\\/morgenstund-winterlich\\\/#breadcrumb\"},\"inLanguage\":\"de\",\"potentialAction\":[{\"@type\":\"ReadAction\",\"target\":[\"https:\\\/\\\/bien-etreiris.ch\\\/de\\\/produktpraesentation\\\/natuerliche-heilmittel\\\/saeure-basen-haushalt\\\/morgen-stund\\\/morgenstund-winterlich\\\/\"]}]},{\"@type\":\"ImageObject\",\"inLanguage\":\"de\",\"@id\":\"https:\\\/\\\/bien-etreiris.ch\\\/de\\\/produktpraesentation\\\/natuerliche-heilmittel\\\/saeure-basen-haushalt\\\/morgen-stund\\\/morgenstund-winterlich\\\/#primaryimage\",\"url\":\"https:\\\/\\\/bien-etreiris.ch\\\/wp-content\\\/uploads\\\/2018\\\/12\\\/Coupe-hivernale-AlcaMatin.jpg\",\"contentUrl\":\"https:\\\/\\\/bien-etreiris.ch\\\/wp-content\\\/uploads\\\/2018\\\/12\\\/Coupe-hivernale-AlcaMatin.jpg\",\"width\":398,\"height\":265,\"caption\":\"Coupe hivernale AlcaMatin\"},{\"@type\":\"BreadcrumbList\",\"@id\":\"https:\\\/\\\/bien-etreiris.ch\\\/de\\\/produktpraesentation\\\/natuerliche-heilmittel\\\/saeure-basen-haushalt\\\/morgen-stund\\\/morgenstund-winterlich\\\/#breadcrumb\",\"itemListElement\":[{\"@type\":\"ListItem\",\"position\":1,\"name\":\"Home\",\"item\":\"https:\\\/\\\/bien-etreiris.ch\\\/de\\\/\"},{\"@type\":\"ListItem\",\"position\":2,\"name\":\"PRODUKTPR\u00c4SENTATION\",\"item\":\"https:\\\/\\\/bien-etreiris.ch\\\/de\\\/produktpraesentation\\\/\"},{\"@type\":\"ListItem\",\"position\":3,\"name\":\"NAT\u00dcRLICHE HEILMITTEL\",\"item\":\"https:\\\/\\\/bien-etreiris.ch\\\/de\\\/produktpraesentation\\\/natuerliche-heilmittel\\\/\"},{\"@type\":\"ListItem\",\"position\":4,\"name\":\"S\u00c4URE-BASEN-HAUSHALT\",\"item\":\"https:\\\/\\\/bien-etreiris.ch\\\/de\\\/produktpraesentation\\\/natuerliche-heilmittel\\\/saeure-basen-haushalt\\\/\"},{\"@type\":\"ListItem\",\"position\":5,\"name\":\"MORGEN STUND\",\"item\":\"https:\\\/\\\/bien-etreiris.ch\\\/de\\\/produktpraesentation\\\/natuerliche-heilmittel\\\/saeure-basen-haushalt\\\/morgen-stund\\\/\"},{\"@type\":\"ListItem\",\"position\":6,\"name\":\"MORGENSTUND&#8217; WINTERLICH\"}]},{\"@type\":\"WebSite\",\"@id\":\"https:\\\/\\\/bien-etreiris.ch\\\/de\\\/#website\",\"url\":\"https:\\\/\\\/bien-etreiris.ch\\\/de\\\/\",\"name\":\"Bien-\u00eatre Iris\",\"description\":\"IHRE Gesundheit ist uns wichtig\",\"potentialAction\":[{\"@type\":\"SearchAction\",\"target\":{\"@type\":\"EntryPoint\",\"urlTemplate\":\"https:\\\/\\\/bien-etreiris.ch\\\/de\\\/?s={search_term_string}\"},\"query-input\":{\"@type\":\"PropertyValueSpecification\",\"valueRequired\":true,\"valueName\":\"search_term_string\"}}],\"inLanguage\":\"de\"}]}<\/script>\n<!-- \/ Yoast SEO plugin. -->","yoast_head_json":{"title":"MORGENSTUND' WINTERLICH - WOHLBEFINDEN","robots":{"index":"index","follow":"follow","max-snippet":"max-snippet:-1","max-image-preview":"max-image-preview:large","max-video-preview":"max-video-preview:-1"},"canonical":"https:\/\/bien-etreiris.ch\/de\/produktpraesentation\/natuerliche-heilmittel\/saeure-basen-haushalt\/morgen-stund\/morgenstund-winterlich\/","og_locale":"de_DE","og_type":"article","og_title":"MORGENSTUND' WINTERLICH - WOHLBEFINDEN","og_description":"MorgenStund' winterlich &nbsp; Zutaten f\u00fcr 1 Portion 3 EL MorgenStund' (ca. 35g) 160 ml Wasser oder Haferdrink 2 EL Mandelbl\u00e4ttchen, anger\u00f6stet 1 EL gehobelte Haselnu\u0308sse 1 EL getrocknete Datteln 2 TL Pflaumenmus \u00bd Apfel \u00bd Orange &nbsp; Zimt &nbsp; &nbsp; Zubereitung MorgenStund' mit dem Haferdrink oder dem Wasser unter Ru\u0308hren aufkochen und bei geringer Hitze 1 \u2013 2 Minuten k\u00f6cheln&nbsp;Weiter lesen","og_url":"https:\/\/bien-etreiris.ch\/de\/produktpraesentation\/natuerliche-heilmittel\/saeure-basen-haushalt\/morgen-stund\/morgenstund-winterlich\/","og_site_name":"WOHLBEFINDEN","article_publisher":"https:\/\/www.facebook.com\/bienetreiris\/","article_modified_time":"2019-09-07T14:38:28+00:00","og_image":[{"width":398,"height":265,"url":"https:\/\/bien-etreiris.ch\/wp-content\/uploads\/2018\/12\/Coupe-hivernale-AlcaMatin.jpg","type":"image\/jpeg"}],"twitter_misc":{"Gesch\u00e4tzte Lesezeit":"1\u00a0Minute"},"schema":{"@context":"https:\/\/schema.org","@graph":[{"@type":"WebPage","@id":"https:\/\/bien-etreiris.ch\/de\/produktpraesentation\/natuerliche-heilmittel\/saeure-basen-haushalt\/morgen-stund\/morgenstund-winterlich\/","url":"https:\/\/bien-etreiris.ch\/de\/produktpraesentation\/natuerliche-heilmittel\/saeure-basen-haushalt\/morgen-stund\/morgenstund-winterlich\/","name":"MORGENSTUND' WINTERLICH - WOHLBEFINDEN","isPartOf":{"@id":"https:\/\/bien-etreiris.ch\/de\/#website"},"primaryImageOfPage":{"@id":"https:\/\/bien-etreiris.ch\/de\/produktpraesentation\/natuerliche-heilmittel\/saeure-basen-haushalt\/morgen-stund\/morgenstund-winterlich\/#primaryimage"},"image":{"@id":"https:\/\/bien-etreiris.ch\/de\/produktpraesentation\/natuerliche-heilmittel\/saeure-basen-haushalt\/morgen-stund\/morgenstund-winterlich\/#primaryimage"},"thumbnailUrl":"https:\/\/bien-etreiris.ch\/wp-content\/uploads\/2018\/12\/Coupe-hivernale-AlcaMatin.jpg","datePublished":"2018-12-16T19:17:43+00:00","dateModified":"2019-09-07T14:38:28+00:00","breadcrumb":{"@id":"https:\/\/bien-etreiris.ch\/de\/produktpraesentation\/natuerliche-heilmittel\/saeure-basen-haushalt\/morgen-stund\/morgenstund-winterlich\/#breadcrumb"},"inLanguage":"de","potentialAction":[{"@type":"ReadAction","target":["https:\/\/bien-etreiris.ch\/de\/produktpraesentation\/natuerliche-heilmittel\/saeure-basen-haushalt\/morgen-stund\/morgenstund-winterlich\/"]}]},{"@type":"ImageObject","inLanguage":"de","@id":"https:\/\/bien-etreiris.ch\/de\/produktpraesentation\/natuerliche-heilmittel\/saeure-basen-haushalt\/morgen-stund\/morgenstund-winterlich\/#primaryimage","url":"https:\/\/bien-etreiris.ch\/wp-content\/uploads\/2018\/12\/Coupe-hivernale-AlcaMatin.jpg","contentUrl":"https:\/\/bien-etreiris.ch\/wp-content\/uploads\/2018\/12\/Coupe-hivernale-AlcaMatin.jpg","width":398,"height":265,"caption":"Coupe hivernale AlcaMatin"},{"@type":"BreadcrumbList","@id":"https:\/\/bien-etreiris.ch\/de\/produktpraesentation\/natuerliche-heilmittel\/saeure-basen-haushalt\/morgen-stund\/morgenstund-winterlich\/#breadcrumb","itemListElement":[{"@type":"ListItem","position":1,"name":"Home","item":"https:\/\/bien-etreiris.ch\/de\/"},{"@type":"ListItem","position":2,"name":"PRODUKTPR\u00c4SENTATION","item":"https:\/\/bien-etreiris.ch\/de\/produktpraesentation\/"},{"@type":"ListItem","position":3,"name":"NAT\u00dcRLICHE HEILMITTEL","item":"https:\/\/bien-etreiris.ch\/de\/produktpraesentation\/natuerliche-heilmittel\/"},{"@type":"ListItem","position":4,"name":"S\u00c4URE-BASEN-HAUSHALT","item":"https:\/\/bien-etreiris.ch\/de\/produktpraesentation\/natuerliche-heilmittel\/saeure-basen-haushalt\/"},{"@type":"ListItem","position":5,"name":"MORGEN STUND","item":"https:\/\/bien-etreiris.ch\/de\/produktpraesentation\/natuerliche-heilmittel\/saeure-basen-haushalt\/morgen-stund\/"},{"@type":"ListItem","position":6,"name":"MORGENSTUND&#8217; WINTERLICH"}]},{"@type":"WebSite","@id":"https:\/\/bien-etreiris.ch\/de\/#website","url":"https:\/\/bien-etreiris.ch\/de\/","name":"Bien-\u00eatre Iris","description":"IHRE Gesundheit ist uns wichtig","potentialAction":[{"@type":"SearchAction","target":{"@type":"EntryPoint","urlTemplate":"https:\/\/bien-etreiris.ch\/de\/?s={search_term_string}"},"query-input":{"@type":"PropertyValueSpecification","valueRequired":true,"valueName":"search_term_string"}}],"inLanguage":"de"}]}},"_links":{"self":[{"href":"https:\/\/bien-etreiris.ch\/de\/wp-json\/wp\/v2\/pages\/13752","targetHints":{"allow":["GET"]}}],"collection":[{"href":"https:\/\/bien-etreiris.ch\/de\/wp-json\/wp\/v2\/pages"}],"about":[{"href":"https:\/\/bien-etreiris.ch\/de\/wp-json\/wp\/v2\/types\/page"}],"author":[{"embeddable":true,"href":"https:\/\/bien-etreiris.ch\/de\/wp-json\/wp\/v2\/users\/1"}],"replies":[{"embeddable":true,"href":"https:\/\/bien-etreiris.ch\/de\/wp-json\/wp\/v2\/comments?post=13752"}],"version-history":[{"count":5,"href":"https:\/\/bien-etreiris.ch\/de\/wp-json\/wp\/v2\/pages\/13752\/revisions"}],"predecessor-version":[{"id":28550,"href":"https:\/\/bien-etreiris.ch\/de\/wp-json\/wp\/v2\/pages\/13752\/revisions\/28550"}],"up":[{"embeddable":true,"href":"https:\/\/bien-etreiris.ch\/de\/wp-json\/wp\/v2\/pages\/13696"}],"wp:featuredmedia":[{"embeddable":true,"href":"https:\/\/bien-etreiris.ch\/de\/wp-json\/wp\/v2\/media\/13731"}],"wp:attachment":[{"href":"https:\/\/bien-etreiris.ch\/de\/wp-json\/wp\/v2\/media?parent=13752"}],"curies":[{"name":"wp","href":"https:\/\/api.w.org\/{rel}","templated":true}]}}