{"id":13722,"date":"2018-12-16T17:51:11","date_gmt":"2018-12-16T17:51:11","guid":{"rendered":"https:\/\/bien-etreiris.ch\/wohlbefinden\/p-jentschura\/alca-menu\/"},"modified":"2019-09-07T19:00:38","modified_gmt":"2019-09-07T19:00:38","slug":"tischleindeckdich","status":"publish","type":"page","link":"https:\/\/bien-etreiris.ch\/de\/produktpraesentation\/natuerliche-heilmittel\/saeure-basen-haushalt\/tischleindeckdich\/","title":{"rendered":"TISCHLEINDECKDICH"},"content":{"rendered":"<h2 class=\"subheadline\" data-sr-id=\"0\">Quinoa-Hirse-Mahlzeit mit Gem\u00fcse<\/h2>\n<p class=\"subheadline\"><span style=\"font-size: 18pt;\"><strong>&nbsp;<\/strong><\/span><\/p>\n<p><a href=\"https:\/\/decoiris.ch\/wp-content\/uploads\/2019\/09\/Alca-menu-3.jpg\"><img loading=\"lazy\" decoding=\"async\" class=\"wp-image-28683 size-medium alignleft\" src=\"https:\/\/decoiris.ch\/wp-content\/uploads\/2019\/09\/Alca-menu-3-238x300.jpg\" alt=\"\" width=\"238\" height=\"300\" srcset=\"https:\/\/bien-etreiris.ch\/wp-content\/uploads\/2019\/09\/Alca-menu-3-238x300.jpg 238w, https:\/\/bien-etreiris.ch\/wp-content\/uploads\/2019\/09\/Alca-menu-3.jpg 380w\" sizes=\"auto, (max-width: 238px) 100vw, 238px\" \/><\/a><\/p>\n<ul class=\"list-with-checkmark\" style=\"list-style-type: disc;\">\n<li data-sr-id=\"11\">Ballaststoffquelle<\/li>\n<li data-sr-id=\"12\">Proteinquelle<\/li>\n<li data-sr-id=\"13\">gluten- und laktosefrei<\/li>\n<li data-sr-id=\"14\">vegan<\/li>\n<li data-sr-id=\"15\">leicht bek\u00f6mmlich<\/li>\n<li data-sr-id=\"16\">ohne Zuckerzusatz<\/li>\n<\/ul>\n<div class=\"product-body\">\n<div class=\"product-teaser\">\n<div>\n<p>&nbsp;<\/p>\n<p>&nbsp;<\/p>\n<p>400 gr. <strong>CHF 14.00<\/strong><\/p>\n<p>800 gr. <strong>CHF 25.00<\/strong><\/p>\n<\/div>\n<\/div>\n<\/div>\n<p>&nbsp;<\/p>\n<p>&nbsp;<\/p>\n<p>&nbsp;<\/p>\n<div class=\"product-body\">\n<p>TischleinDeckDich ist die m\u00e4rchenhaft leckere Quinoa-Hirse-Mahlzeit, abgerundet mit einer F\u00fclle aromatischer Gem\u00fcse und Kr\u00e4uter. Durch kurzes Aufkochen werden die wertvollen Inhaltsstoffe optimal aufgeschlossen, sodass sie f\u00fcr den Organismus bestens verwertbar sind. Die hochwertigen Kohlenhydrate sorgen zudem f\u00fcr eine langanhaltende und gleichm\u00e4\u00dfige Bereitstellung der Energie \u2013 f\u00fcr die Extraportion Schwung im Alltag.<\/p>\n<p>Einfach, schnell und ganz individuell zubereitet: TischleinDeckDich ist ganz im Sinne der S\u00e4ure-Basen-Balance, das abwechslungsreiche und nat\u00fcrliche Mittagessen f\u00fcr zu Hause und im B\u00fcro, die perfekte Zwischenmahlzeit oder der leichte Snack am Abend<\/p>\n<p>&nbsp;<\/p>\n<p><a href=\"https:\/\/decoiris.ch\/wp-content\/uploads\/2019\/09\/Zutaten.jpg\"><img loading=\"lazy\" decoding=\"async\" class=\"alignnone wp-image-28687 size-full\" src=\"https:\/\/decoiris.ch\/wp-content\/uploads\/2019\/09\/Zutaten.jpg\" alt=\"\" width=\"1898\" height=\"869\" srcset=\"https:\/\/bien-etreiris.ch\/wp-content\/uploads\/2019\/09\/Zutaten.jpg 1898w, https:\/\/bien-etreiris.ch\/wp-content\/uploads\/2019\/09\/Zutaten-300x137.jpg 300w, https:\/\/bien-etreiris.ch\/wp-content\/uploads\/2019\/09\/Zutaten-768x352.jpg 768w, https:\/\/bien-etreiris.ch\/wp-content\/uploads\/2019\/09\/Zutaten-1024x469.jpg 1024w\" sizes=\"auto, (max-width: 1898px) 100vw, 1898px\" \/><\/a><\/p>\n<\/div>\n\n\n<h2 class=\"wp-block-heading\"> <br>Zubereitung  <\/h2>\n\n\n<h2 class=\"word-wrap \" data-sr-id=\"3\"><span class=\"subheadline\">Grundrezept TischleinDeckDich (1 Person)<\/span><\/h2>\n<h4 class=\"word-wrap \" data-sr-id=\"3\"><strong><span class=\"subheadline\">&nbsp;<\/span><\/strong><\/h4>\n<p><a href=\"https:\/\/decoiris.ch\/wp-content\/uploads\/2019\/09\/assiette.png\"><img loading=\"lazy\" decoding=\"async\" class=\"alignnone size-medium wp-image-27726\" src=\"https:\/\/decoiris.ch\/wp-content\/uploads\/2019\/09\/assiette-300x175.png\" alt=\"\" width=\"300\" height=\"175\" srcset=\"https:\/\/bien-etreiris.ch\/wp-content\/uploads\/2019\/09\/assiette-300x175.png 300w, https:\/\/bien-etreiris.ch\/wp-content\/uploads\/2019\/09\/assiette-768x449.png 768w, https:\/\/bien-etreiris.ch\/wp-content\/uploads\/2019\/09\/assiette.png 820w\" sizes=\"auto, (max-width: 300px) 100vw, 300px\" \/><\/a><\/p>\n<p><a href=\"https:\/\/decoiris.ch\/wp-content\/uploads\/2019\/08\/kochtopf.png\"><img loading=\"lazy\" decoding=\"async\" class=\"size-full wp-image-27330 alignleft\" src=\"https:\/\/decoiris.ch\/wp-content\/uploads\/2019\/08\/kochtopf.png\" alt=\"\" width=\"151\" height=\"187\"><\/a><\/p>\n<p class=\"text-center-at-medium\"><strong>Im Kochtopf:<\/strong><\/p>\n<p>8 EL (ca. 80 g) TischleinDeckDich in ca. 320 ml Wasser\/ Br\u00fche einr\u00fchren und unter gelegentlichem R\u00fchren zum Kochen bringen. Auf niedriger Stufe ca. 4 \u2013 5 Minuten k\u00f6cheln lassen. Zwischendurch umr\u00fchren.<\/p>\n<p>&nbsp;<\/p>\n<p>&nbsp;<\/p>\n<p>&nbsp;<\/p>\n<p>&nbsp;<\/p>\n<p><a href=\"https:\/\/decoiris.ch\/wp-content\/uploads\/2019\/08\/wasserkocher.png\"><img loading=\"lazy\" decoding=\"async\" class=\"size-full wp-image-27327 alignleft\" src=\"https:\/\/decoiris.ch\/wp-content\/uploads\/2019\/08\/wasserkocher.png\" alt=\"\" width=\"259\" height=\"187\"><\/a><\/p>\n<p class=\"text-center-at-medium\"><strong>Schnelle Variante per Wasserkocher:<\/strong><\/p>\n<p>8 EL (ca. 80 g) TischleinDeckDich in eine Schale geben, mit ca. 270 ml kochendem Wasser \u00fcbergie\u00dfen, umr\u00fchren und 5 Minuten abgedeckt quellen lassen. Nach Belieben verfeinern.<\/p>\n<p>&nbsp;<\/p>\n<p>&nbsp;<\/p>\n<p>&nbsp;<\/p>\n<p>&nbsp;<\/p>\n<h2 data-sr-id=\"5\">&nbsp;<\/h2>\n<div class=\"container section-header\">\n<h2 data-sr-id=\"5\">Kreative Rezepte <span class=\"subheadline\">mit TischleinDeckDich<\/span><\/h2>\n<p>W\u00fcrzen Sie es je nach Belieben mit Pesto, Frischk\u00e4se, Sojasauce, Pflanzen\u00f6l (z. B. Lein\u00f6l nach Abk\u00fchlung zugeben), Balsamico-Creme, vegetarischem Aufstrich, Tomatenmark, Sahne, Gew\u00fcrzen wie Curry, Paprika, Knoblauch, Kr\u00e4utern der Provence oder Kr\u00e4utersalz.<\/p>\n<\/div>","protected":false},"excerpt":{"rendered":"<p>Quinoa-Hirse-Mahlzeit mit Gem\u00fcse &nbsp; Ballaststoffquelle Proteinquelle gluten- und laktosefrei vegan leicht bek\u00f6mmlich ohne Zuckerzusatz &nbsp; &nbsp; 400 gr. CHF 14.00 800 gr. CHF 25.00 &nbsp; &nbsp; &nbsp; TischleinDeckDich ist die m\u00e4rchenhaft leckere Quinoa-Hirse-Mahlzeit, abgerundet mit einer F\u00fclle aromatischer Gem\u00fcse und Kr\u00e4uter. Durch kurzes Aufkochen werden die wertvollen Inhaltsstoffe optimal aufgeschlossen, sodass sie f\u00fcr den Organismus bestens verwertbar sind. Die hochwertigen&nbsp;<a href=\"https:\/\/bien-etreiris.ch\/de\/produktpraesentation\/natuerliche-heilmittel\/saeure-basen-haushalt\/tischleindeckdich\/\" class=\"read-more\">Weiter lesen<\/a><\/p>\n","protected":false},"author":1,"featured_media":19469,"parent":13611,"menu_order":7789,"comment_status":"closed","ping_status":"closed","template":"page-with-child.php","meta":{"_acf_changed":false,"ngg_post_thumbnail":0,"footnotes":""},"class_list":["post-13722","page","type-page","status-publish","has-post-thumbnail","hentry"],"acf":[],"yoast_head":"<!-- This site is optimized with the Yoast SEO plugin v27.5 - https:\/\/yoast.com\/product\/yoast-seo-wordpress\/ -->\n<title>TISCHLEINDECKDICH - WOHLBEFINDEN<\/title>\n<meta name=\"robots\" content=\"index, follow, max-snippet:-1, max-image-preview:large, max-video-preview:-1\" \/>\n<link rel=\"canonical\" href=\"https:\/\/bien-etreiris.ch\/de\/produktpraesentation\/natuerliche-heilmittel\/saeure-basen-haushalt\/tischleindeckdich\/\" \/>\n<meta property=\"og:locale\" content=\"de_DE\" \/>\n<meta property=\"og:type\" content=\"article\" \/>\n<meta property=\"og:title\" content=\"TISCHLEINDECKDICH - WOHLBEFINDEN\" \/>\n<meta property=\"og:description\" content=\"Quinoa-Hirse-Mahlzeit mit Gem\u00fcse &nbsp; Ballaststoffquelle Proteinquelle gluten- und laktosefrei vegan leicht bek\u00f6mmlich ohne Zuckerzusatz &nbsp; &nbsp; 400 gr. CHF 14.00 800 gr. CHF 25.00 &nbsp; &nbsp; &nbsp; TischleinDeckDich ist die m\u00e4rchenhaft leckere Quinoa-Hirse-Mahlzeit, abgerundet mit einer F\u00fclle aromatischer Gem\u00fcse und Kr\u00e4uter. Durch kurzes Aufkochen werden die wertvollen Inhaltsstoffe optimal aufgeschlossen, sodass sie f\u00fcr den Organismus bestens verwertbar sind. Die hochwertigen&nbsp;Weiter lesen\" \/>\n<meta property=\"og:url\" content=\"https:\/\/bien-etreiris.ch\/de\/produktpraesentation\/natuerliche-heilmittel\/saeure-basen-haushalt\/tischleindeckdich\/\" \/>\n<meta property=\"og:site_name\" content=\"WOHLBEFINDEN\" \/>\n<meta property=\"article:publisher\" content=\"https:\/\/www.facebook.com\/bienetreiris\/\" \/>\n<meta property=\"article:modified_time\" content=\"2019-09-07T19:00:38+00:00\" \/>\n<meta property=\"og:image\" content=\"https:\/\/bien-etreiris.ch\/wp-content\/uploads\/2019\/06\/titel-alca-menu.jpg\" \/>\n\t<meta property=\"og:image:width\" content=\"1600\" \/>\n\t<meta property=\"og:image:height\" content=\"1200\" \/>\n\t<meta property=\"og:image:type\" content=\"image\/jpeg\" \/>\n<meta name=\"twitter:label1\" content=\"Gesch\u00e4tzte Lesezeit\" \/>\n\t<meta name=\"twitter:data1\" content=\"1\u00a0Minute\" \/>\n<script type=\"application\/ld+json\" class=\"yoast-schema-graph\">{\"@context\":\"https:\\\/\\\/schema.org\",\"@graph\":[{\"@type\":\"WebPage\",\"@id\":\"https:\\\/\\\/bien-etreiris.ch\\\/de\\\/produktpraesentation\\\/natuerliche-heilmittel\\\/saeure-basen-haushalt\\\/tischleindeckdich\\\/\",\"url\":\"https:\\\/\\\/bien-etreiris.ch\\\/de\\\/produktpraesentation\\\/natuerliche-heilmittel\\\/saeure-basen-haushalt\\\/tischleindeckdich\\\/\",\"name\":\"TISCHLEINDECKDICH - WOHLBEFINDEN\",\"isPartOf\":{\"@id\":\"https:\\\/\\\/bien-etreiris.ch\\\/de\\\/#website\"},\"primaryImageOfPage\":{\"@id\":\"https:\\\/\\\/bien-etreiris.ch\\\/de\\\/produktpraesentation\\\/natuerliche-heilmittel\\\/saeure-basen-haushalt\\\/tischleindeckdich\\\/#primaryimage\"},\"image\":{\"@id\":\"https:\\\/\\\/bien-etreiris.ch\\\/de\\\/produktpraesentation\\\/natuerliche-heilmittel\\\/saeure-basen-haushalt\\\/tischleindeckdich\\\/#primaryimage\"},\"thumbnailUrl\":\"https:\\\/\\\/bien-etreiris.ch\\\/wp-content\\\/uploads\\\/2019\\\/06\\\/titel-alca-menu.jpg\",\"datePublished\":\"2018-12-16T17:51:11+00:00\",\"dateModified\":\"2019-09-07T19:00:38+00:00\",\"breadcrumb\":{\"@id\":\"https:\\\/\\\/bien-etreiris.ch\\\/de\\\/produktpraesentation\\\/natuerliche-heilmittel\\\/saeure-basen-haushalt\\\/tischleindeckdich\\\/#breadcrumb\"},\"inLanguage\":\"de\",\"potentialAction\":[{\"@type\":\"ReadAction\",\"target\":[\"https:\\\/\\\/bien-etreiris.ch\\\/de\\\/produktpraesentation\\\/natuerliche-heilmittel\\\/saeure-basen-haushalt\\\/tischleindeckdich\\\/\"]}]},{\"@type\":\"ImageObject\",\"inLanguage\":\"de\",\"@id\":\"https:\\\/\\\/bien-etreiris.ch\\\/de\\\/produktpraesentation\\\/natuerliche-heilmittel\\\/saeure-basen-haushalt\\\/tischleindeckdich\\\/#primaryimage\",\"url\":\"https:\\\/\\\/bien-etreiris.ch\\\/wp-content\\\/uploads\\\/2019\\\/06\\\/titel-alca-menu.jpg\",\"contentUrl\":\"https:\\\/\\\/bien-etreiris.ch\\\/wp-content\\\/uploads\\\/2019\\\/06\\\/titel-alca-menu.jpg\",\"width\":1600,\"height\":1200},{\"@type\":\"BreadcrumbList\",\"@id\":\"https:\\\/\\\/bien-etreiris.ch\\\/de\\\/produktpraesentation\\\/natuerliche-heilmittel\\\/saeure-basen-haushalt\\\/tischleindeckdich\\\/#breadcrumb\",\"itemListElement\":[{\"@type\":\"ListItem\",\"position\":1,\"name\":\"Home\",\"item\":\"https:\\\/\\\/bien-etreiris.ch\\\/de\\\/\"},{\"@type\":\"ListItem\",\"position\":2,\"name\":\"PRODUKTPR\u00c4SENTATION\",\"item\":\"https:\\\/\\\/bien-etreiris.ch\\\/de\\\/produktpraesentation\\\/\"},{\"@type\":\"ListItem\",\"position\":3,\"name\":\"NAT\u00dcRLICHE HEILMITTEL\",\"item\":\"https:\\\/\\\/bien-etreiris.ch\\\/de\\\/produktpraesentation\\\/natuerliche-heilmittel\\\/\"},{\"@type\":\"ListItem\",\"position\":4,\"name\":\"S\u00c4URE-BASEN-HAUSHALT\",\"item\":\"https:\\\/\\\/bien-etreiris.ch\\\/de\\\/produktpraesentation\\\/natuerliche-heilmittel\\\/saeure-basen-haushalt\\\/\"},{\"@type\":\"ListItem\",\"position\":5,\"name\":\"TISCHLEINDECKDICH\"}]},{\"@type\":\"WebSite\",\"@id\":\"https:\\\/\\\/bien-etreiris.ch\\\/de\\\/#website\",\"url\":\"https:\\\/\\\/bien-etreiris.ch\\\/de\\\/\",\"name\":\"Bien-\u00eatre Iris\",\"description\":\"IHRE Gesundheit ist uns wichtig\",\"potentialAction\":[{\"@type\":\"SearchAction\",\"target\":{\"@type\":\"EntryPoint\",\"urlTemplate\":\"https:\\\/\\\/bien-etreiris.ch\\\/de\\\/?s={search_term_string}\"},\"query-input\":{\"@type\":\"PropertyValueSpecification\",\"valueRequired\":true,\"valueName\":\"search_term_string\"}}],\"inLanguage\":\"de\"}]}<\/script>\n<!-- \/ Yoast SEO plugin. -->","yoast_head_json":{"title":"TISCHLEINDECKDICH - WOHLBEFINDEN","robots":{"index":"index","follow":"follow","max-snippet":"max-snippet:-1","max-image-preview":"max-image-preview:large","max-video-preview":"max-video-preview:-1"},"canonical":"https:\/\/bien-etreiris.ch\/de\/produktpraesentation\/natuerliche-heilmittel\/saeure-basen-haushalt\/tischleindeckdich\/","og_locale":"de_DE","og_type":"article","og_title":"TISCHLEINDECKDICH - WOHLBEFINDEN","og_description":"Quinoa-Hirse-Mahlzeit mit Gem\u00fcse &nbsp; Ballaststoffquelle Proteinquelle gluten- und laktosefrei vegan leicht bek\u00f6mmlich ohne Zuckerzusatz &nbsp; &nbsp; 400 gr. CHF 14.00 800 gr. CHF 25.00 &nbsp; &nbsp; &nbsp; TischleinDeckDich ist die m\u00e4rchenhaft leckere Quinoa-Hirse-Mahlzeit, abgerundet mit einer F\u00fclle aromatischer Gem\u00fcse und Kr\u00e4uter. Durch kurzes Aufkochen werden die wertvollen Inhaltsstoffe optimal aufgeschlossen, sodass sie f\u00fcr den Organismus bestens verwertbar sind. Die hochwertigen&nbsp;Weiter lesen","og_url":"https:\/\/bien-etreiris.ch\/de\/produktpraesentation\/natuerliche-heilmittel\/saeure-basen-haushalt\/tischleindeckdich\/","og_site_name":"WOHLBEFINDEN","article_publisher":"https:\/\/www.facebook.com\/bienetreiris\/","article_modified_time":"2019-09-07T19:00:38+00:00","og_image":[{"width":1600,"height":1200,"url":"https:\/\/bien-etreiris.ch\/wp-content\/uploads\/2019\/06\/titel-alca-menu.jpg","type":"image\/jpeg"}],"twitter_misc":{"Gesch\u00e4tzte Lesezeit":"1\u00a0Minute"},"schema":{"@context":"https:\/\/schema.org","@graph":[{"@type":"WebPage","@id":"https:\/\/bien-etreiris.ch\/de\/produktpraesentation\/natuerliche-heilmittel\/saeure-basen-haushalt\/tischleindeckdich\/","url":"https:\/\/bien-etreiris.ch\/de\/produktpraesentation\/natuerliche-heilmittel\/saeure-basen-haushalt\/tischleindeckdich\/","name":"TISCHLEINDECKDICH - WOHLBEFINDEN","isPartOf":{"@id":"https:\/\/bien-etreiris.ch\/de\/#website"},"primaryImageOfPage":{"@id":"https:\/\/bien-etreiris.ch\/de\/produktpraesentation\/natuerliche-heilmittel\/saeure-basen-haushalt\/tischleindeckdich\/#primaryimage"},"image":{"@id":"https:\/\/bien-etreiris.ch\/de\/produktpraesentation\/natuerliche-heilmittel\/saeure-basen-haushalt\/tischleindeckdich\/#primaryimage"},"thumbnailUrl":"https:\/\/bien-etreiris.ch\/wp-content\/uploads\/2019\/06\/titel-alca-menu.jpg","datePublished":"2018-12-16T17:51:11+00:00","dateModified":"2019-09-07T19:00:38+00:00","breadcrumb":{"@id":"https:\/\/bien-etreiris.ch\/de\/produktpraesentation\/natuerliche-heilmittel\/saeure-basen-haushalt\/tischleindeckdich\/#breadcrumb"},"inLanguage":"de","potentialAction":[{"@type":"ReadAction","target":["https:\/\/bien-etreiris.ch\/de\/produktpraesentation\/natuerliche-heilmittel\/saeure-basen-haushalt\/tischleindeckdich\/"]}]},{"@type":"ImageObject","inLanguage":"de","@id":"https:\/\/bien-etreiris.ch\/de\/produktpraesentation\/natuerliche-heilmittel\/saeure-basen-haushalt\/tischleindeckdich\/#primaryimage","url":"https:\/\/bien-etreiris.ch\/wp-content\/uploads\/2019\/06\/titel-alca-menu.jpg","contentUrl":"https:\/\/bien-etreiris.ch\/wp-content\/uploads\/2019\/06\/titel-alca-menu.jpg","width":1600,"height":1200},{"@type":"BreadcrumbList","@id":"https:\/\/bien-etreiris.ch\/de\/produktpraesentation\/natuerliche-heilmittel\/saeure-basen-haushalt\/tischleindeckdich\/#breadcrumb","itemListElement":[{"@type":"ListItem","position":1,"name":"Home","item":"https:\/\/bien-etreiris.ch\/de\/"},{"@type":"ListItem","position":2,"name":"PRODUKTPR\u00c4SENTATION","item":"https:\/\/bien-etreiris.ch\/de\/produktpraesentation\/"},{"@type":"ListItem","position":3,"name":"NAT\u00dcRLICHE HEILMITTEL","item":"https:\/\/bien-etreiris.ch\/de\/produktpraesentation\/natuerliche-heilmittel\/"},{"@type":"ListItem","position":4,"name":"S\u00c4URE-BASEN-HAUSHALT","item":"https:\/\/bien-etreiris.ch\/de\/produktpraesentation\/natuerliche-heilmittel\/saeure-basen-haushalt\/"},{"@type":"ListItem","position":5,"name":"TISCHLEINDECKDICH"}]},{"@type":"WebSite","@id":"https:\/\/bien-etreiris.ch\/de\/#website","url":"https:\/\/bien-etreiris.ch\/de\/","name":"Bien-\u00eatre Iris","description":"IHRE Gesundheit ist uns wichtig","potentialAction":[{"@type":"SearchAction","target":{"@type":"EntryPoint","urlTemplate":"https:\/\/bien-etreiris.ch\/de\/?s={search_term_string}"},"query-input":{"@type":"PropertyValueSpecification","valueRequired":true,"valueName":"search_term_string"}}],"inLanguage":"de"}]}},"_links":{"self":[{"href":"https:\/\/bien-etreiris.ch\/de\/wp-json\/wp\/v2\/pages\/13722","targetHints":{"allow":["GET"]}}],"collection":[{"href":"https:\/\/bien-etreiris.ch\/de\/wp-json\/wp\/v2\/pages"}],"about":[{"href":"https:\/\/bien-etreiris.ch\/de\/wp-json\/wp\/v2\/types\/page"}],"author":[{"embeddable":true,"href":"https:\/\/bien-etreiris.ch\/de\/wp-json\/wp\/v2\/users\/1"}],"replies":[{"embeddable":true,"href":"https:\/\/bien-etreiris.ch\/de\/wp-json\/wp\/v2\/comments?post=13722"}],"version-history":[{"count":6,"href":"https:\/\/bien-etreiris.ch\/de\/wp-json\/wp\/v2\/pages\/13722\/revisions"}],"predecessor-version":[{"id":28692,"href":"https:\/\/bien-etreiris.ch\/de\/wp-json\/wp\/v2\/pages\/13722\/revisions\/28692"}],"up":[{"embeddable":true,"href":"https:\/\/bien-etreiris.ch\/de\/wp-json\/wp\/v2\/pages\/13611"}],"wp:featuredmedia":[{"embeddable":true,"href":"https:\/\/bien-etreiris.ch\/de\/wp-json\/wp\/v2\/media\/19469"}],"wp:attachment":[{"href":"https:\/\/bien-etreiris.ch\/de\/wp-json\/wp\/v2\/media?parent=13722"}],"curies":[{"name":"wp","href":"https:\/\/api.w.org\/{rel}","templated":true}]}}